{"id":98,"date":"2018-08-09T15:17:32","date_gmt":"2018-08-09T12:17:32","guid":{"rendered":"https:\/\/rotary.fi\/klubi2\/?page_id=98"},"modified":"2025-06-13T18:07:29","modified_gmt":"2025-06-13T15:07:29","slug":"yhteystiedot","status":"publish","type":"page","link":"https:\/\/rotary.fi\/ylojarvi\/yhteystiedot\/","title":{"rendered":"Yhteystiedot"},"content":{"rendered":"<p>[et_pb_section fb_built=&#8221;1&#8243; module_class=&#8221;jumbotron-page&#8221; _builder_version=&#8221;4.16&#8243; background_image=&#8221;https:\/\/rotary.fi\/ylojarvi\/wp-content\/uploads\/sites\/164\/2020\/01\/pelto3.jpg&#8221; global_colors_info=&#8221;{}&#8221;][et_pb_row _builder_version=&#8221;4.16&#8243; background_size=&#8221;initial&#8221; background_position=&#8221;top_left&#8221; background_repeat=&#8221;repeat&#8221; global_colors_info=&#8221;{}&#8221;][et_pb_column type=&#8221;4_4&#8243; _builder_version=&#8221;4.16&#8243; custom_padding=&#8221;|||&#8221; global_colors_info=&#8221;{}&#8221; custom_padding__hover=&#8221;|||&#8221;][et_pb_text admin_label=&#8221;P\u00e4\u00e4otsikko&#8221; _builder_version=&#8221;4.16&#8243; text_orientation=&#8221;center&#8221; background_layout=&#8221;dark&#8221; global_colors_info=&#8221;{}&#8221;]<\/p>\n<h1>Yhteystiedot<\/h1>\n<p>[\/et_pb_text][\/et_pb_column][\/et_pb_row][\/et_pb_section][et_pb_section fb_built=&#8221;1&#8243; specialty=&#8221;on&#8221; module_class_2=&#8221;sivupalkki&#8221; _builder_version=&#8221;4.16&#8243; global_colors_info=&#8221;{}&#8221;][et_pb_column type=&#8221;2_3&#8243; specialty_columns=&#8221;2&#8243; _builder_version=&#8221;4.16&#8243; custom_padding=&#8221;|||&#8221; global_colors_info=&#8221;{}&#8221; custom_padding__hover=&#8221;|||&#8221;][et_pb_row_inner admin_label=&#8221;Rivi&#8221; _builder_version=&#8221;4.16&#8243; global_colors_info=&#8221;{}&#8221;][et_pb_column_inner saved_specialty_column_type=&#8221;2_3&#8243; _builder_version=&#8221;4.16&#8243; custom_padding=&#8221;|||&#8221; global_colors_info=&#8221;{}&#8221; custom_padding__hover=&#8221;|||&#8221;][et_pb_text admin_label=&#8221;Otsikko ennen teksti\u00e4 &#8211; Yhteystiedot&#8221; _builder_version=&#8221;4.16&#8243; text_orientation=&#8221;center&#8221; global_colors_info=&#8221;{}&#8221;]<\/p>\n<h1>Yhteystiedot<\/h1>\n<p>[\/et_pb_text][et_pb_text _builder_version=&#8221;4.16&#8243; global_colors_info=&#8221;{}&#8221;][\/et_pb_text][\/et_pb_column_inner][\/et_pb_row_inner][et_pb_row_inner column_structure=&#8221;1_2,1_2&#8243; admin_label=&#8221;Rivi&#8221; _builder_version=&#8221;4.16&#8243; min_height=&#8221;399px&#8221; custom_margin=&#8221;||-115px|||&#8221; custom_padding=&#8221;||20px|&#8221; border_width_bottom=&#8221;1px&#8221; border_color_bottom=&#8221;#d8d8d8&#8243; global_colors_info=&#8221;{}&#8221;][et_pb_column_inner type=&#8221;1_2&#8243; saved_specialty_column_type=&#8221;2_3&#8243; _builder_version=&#8221;4.16&#8243; custom_padding=&#8221;||20px|&#8221; global_colors_info=&#8221;{}&#8221; custom_padding__hover=&#8221;|||&#8221;][et_pb_text admin_label=&#8221;Kokoontumispaikka&#8221; _builder_version=&#8221;4.16&#8243; global_colors_info=&#8221;{}&#8221;]<\/p>\n<p><strong>Kokoontumispaikka:<\/strong><\/p>\n<p><strong>Ravintola Keidas<\/strong><\/p>\n<p><strong>Asemantie 4<\/strong><\/p>\n<p><strong>33470 Yl\u00f6j\u00e4rvi<\/strong><\/p>\n<p><strong>Kokoontumisaika:<\/strong><\/p>\n<p>Keskiviikkoisin klo 12-13<\/p>\n<p>[\/et_pb_text][\/et_pb_column_inner][et_pb_column_inner type=&#8221;1_2&#8243; saved_specialty_column_type=&#8221;2_3&#8243; _builder_version=&#8221;4.16&#8243; custom_padding=&#8221;||20px|&#8221; global_colors_info=&#8221;{}&#8221; custom_padding__hover=&#8221;|||&#8221;][et_pb_map address=&#8221;Asemantie 4, 33470 Yl\u00f6j\u00e4rvi, Suomi&#8221; zoom_level=&#8221;16&#8243; address_lat=&#8221;61.5559978&#8243; address_lng=&#8221;23.593531&#8243; admin_label=&#8221;Kokoontumispaikka &#8211; Kartta&#8221; _builder_version=&#8221;4.21.2&#8243; min_height=&#8221;278px&#8221; custom_padding=&#8221;||0px|||&#8221; global_colors_info=&#8221;{}&#8221;][et_pb_map_pin title=&#8221;Ravintola Keidas&#8221; pin_address=&#8221;Asemantie 4, 33470 Yl\u00f6j\u00e4rvi, Suomi&#8221; pin_address_lat=&#8221;61.5559761&#8243; pin_address_lng=&#8221;23.5939136&#8243; _builder_version=&#8221;4.1&#8243; global_colors_info=&#8221;{}&#8221;][\/et_pb_map_pin][\/et_pb_map][\/et_pb_column_inner][\/et_pb_row_inner][et_pb_row_inner column_structure=&#8221;1_2,1_2&#8243; admin_label=&#8221;Rivi&#8221; _builder_version=&#8221;4.16&#8243; min_height=&#8221;62px&#8221; custom_margin=&#8221;20px||20px|&#8221; custom_padding=&#8221;20px||0px|||&#8221; global_colors_info=&#8221;{}&#8221;][et_pb_column_inner type=&#8221;1_2&#8243; saved_specialty_column_type=&#8221;2_3&#8243; _builder_version=&#8221;4.16&#8243; custom_padding=&#8221;||20px|&#8221; global_colors_info=&#8221;{}&#8221; custom_padding__hover=&#8221;|||&#8221;][et_pb_text admin_label=&#8221;Presidentti&#8221; _builder_version=&#8221;4.21.2&#8243; global_colors_info=&#8221;{}&#8221;]<\/p>\n<h3>Presidentti<\/h3>\n<h3>Timo Siren<\/h3>\n<h4><span style=\"color: #263b4c\">050 330 2188<\/span><\/h4>\n<h4><span style=\"color: #263b4c\"><a style=\"font-size: 18px;color: #263b4c\" href=\"mailto:ismo.meuronen@meuro-tech.fi\">timo.siren.rotary@gmail.com<\/a><\/span><\/h4>\n<p>&nbsp;<\/p>\n<p>[\/et_pb_text][\/et_pb_column_inner][et_pb_column_inner type=&#8221;1_2&#8243; saved_specialty_column_type=&#8221;2_3&#8243; _builder_version=&#8221;4.16&#8243; custom_padding=&#8221;||20px|&#8221; global_colors_info=&#8221;{}&#8221; custom_padding__hover=&#8221;|||&#8221;][et_pb_text admin_label=&#8221;Sihteeri&#8221; _builder_version=&#8221;4.21.2&#8243; min_height=&#8221;74px&#8221; global_colors_info=&#8221;{}&#8221;]<\/p>\n<h3>Sihteeri<\/h3>\n<h3><strong>Raimo Kivioja<\/strong><\/h3>\n<p>&nbsp;<\/p>\n<p>[\/et_pb_text][\/et_pb_column_inner][\/et_pb_row_inner][et_pb_row_inner admin_label=&#8221;Rivi&#8221; _builder_version=&#8221;4.16&#8243; global_colors_info=&#8221;{}&#8221;][et_pb_column_inner saved_specialty_column_type=&#8221;2_3&#8243; _builder_version=&#8221;4.16&#8243; custom_padding=&#8221;|||&#8221; global_colors_info=&#8221;{}&#8221; custom_padding__hover=&#8221;|||&#8221;][et_pb_text admin_label=&#8221;Muut t\u00e4rke\u00e4t yhteyshenkil\u00f6t&#8221; _builder_version=&#8221;4.16&#8243; min_height=&#8221;191px&#8221; custom_margin=&#8221;20px|||&#8221; custom_padding=&#8221;0px|||||&#8221; global_colors_info=&#8221;{}&#8221;]<\/p>\n<h4><\/h4>\n<h4><span style=\"font-size: large\">\u00a0Muut t\u00e4rke\u00e4t yhteyshenkil\u00f6t<\/span><\/h4>\n<p>Rotary-s\u00e4\u00e4ti\u00f6asiat Tapio M\u00e4kel\u00e4<\/p>\n<p>Rahastonhoitaja Ville Paulaniemi<\/p>\n<p>&nbsp;<\/p>\n<p><span style=\"font-size: large;color: #019fcb;font-family: 'Roboto Slab', Georgia, 'Times New Roman', serif\">Nuorisovaihtoasiat<\/span><\/p>\n<p>Tiedustele Ismo Meuronen<\/p>\n<p>&nbsp;<\/p>\n<p>[\/et_pb_text][\/et_pb_column_inner][\/et_pb_row_inner][\/et_pb_column][et_pb_column type=&#8221;1_3&#8243; _builder_version=&#8221;4.16&#8243; custom_padding=&#8221;|||&#8221; global_colors_info=&#8221;{}&#8221; custom_padding__hover=&#8221;|||&#8221;][et_pb_sidebar area=&#8221;sidebar-1&#8243; _builder_version=&#8221;4.27.4&#8243; global_colors_info=&#8221;{}&#8221;]<\/p>\n<p>&nbsp;<\/p>\n<p>[\/et_pb_sidebar][\/et_pb_column][\/et_pb_section]<\/p>\n","protected":false},"excerpt":{"rendered":"<p>Yhteystiedot Yhteystiedot Kokoontumispaikka: Ravintola Keidas Asemantie 4 33470 Yl\u00f6j\u00e4rvi Kokoontumisaika: Keskiviikkoisin klo 12-13 Presidentti Timo Siren 050 330 2188 timo.siren.rotary@gmail.com &nbsp; Sihteeri Raimo Kivioja &nbsp; \u00a0Muut t\u00e4rke\u00e4t yhteyshenkil\u00f6t Rotary-s\u00e4\u00e4ti\u00f6asiat Tapio M\u00e4kel\u00e4 Rahastonhoitaja Ville Paulaniemi &nbsp; Nuorisovaihtoasiat Tiedustele Ismo Meuronen &nbsp; &nbsp;<\/p>\n","protected":false},"author":1,"featured_media":0,"parent":0,"menu_order":0,"comment_status":"closed","ping_status":"closed","template":"","meta":{"_acf_changed":false,"_et_pb_use_builder":"on","_et_pb_old_content":"","_et_gb_content_width":"","footnotes":""},"class_list":["post-98","page","type-page","status-publish","hentry"],"acf":[],"yoast_head":"<!-- This site is optimized with the Yoast SEO plugin v27.0 - https:\/\/yoast.com\/product\/yoast-seo-wordpress\/ -->\n<title>Yhteystiedot - Yl\u00f6j\u00e4rven Rotaryklubi<\/title>\n<meta name=\"robots\" content=\"index, follow, max-snippet:-1, max-image-preview:large, max-video-preview:-1\" \/>\n<link rel=\"canonical\" href=\"https:\/\/rotary.fi\/ylojarvi\/yhteystiedot\/\" \/>\n<meta property=\"og:locale\" content=\"fi_FI\" \/>\n<meta property=\"og:type\" content=\"article\" \/>\n<meta property=\"og:title\" content=\"Yhteystiedot - Yl\u00f6j\u00e4rven Rotaryklubi\" \/>\n<meta property=\"og:description\" content=\"Yhteystiedot Yhteystiedot Kokoontumispaikka: Ravintola Keidas Asemantie 4 33470 Yl\u00f6j\u00e4rvi Kokoontumisaika: Keskiviikkoisin klo 12-13 Presidentti Timo Siren 050 330 2188 timo.siren.rotary@gmail.com &nbsp; Sihteeri Raimo Kivioja &nbsp; \u00a0Muut t\u00e4rke\u00e4t yhteyshenkil\u00f6t Rotary-s\u00e4\u00e4ti\u00f6asiat Tapio M\u00e4kel\u00e4 Rahastonhoitaja Ville Paulaniemi &nbsp; Nuorisovaihtoasiat Tiedustele Ismo Meuronen &nbsp; &nbsp;\" \/>\n<meta property=\"og:url\" content=\"https:\/\/rotary.fi\/ylojarvi\/yhteystiedot\/\" \/>\n<meta property=\"og:site_name\" content=\"Yl\u00f6j\u00e4rven Rotaryklubi\" \/>\n<meta property=\"article:modified_time\" content=\"2025-06-13T15:07:29+00:00\" \/>\n<meta name=\"twitter:card\" content=\"summary_large_image\" \/>\n<meta name=\"twitter:label1\" content=\"Arvioitu lukuaika\" \/>\n\t<meta name=\"twitter:data1\" content=\"2 minuuttia\" \/>\n<script type=\"application\/ld+json\" class=\"yoast-schema-graph\">{\"@context\":\"https:\/\/schema.org\",\"@graph\":[{\"@type\":\"WebPage\",\"@id\":\"https:\/\/rotary.fi\/ylojarvi\/yhteystiedot\/\",\"url\":\"https:\/\/rotary.fi\/ylojarvi\/yhteystiedot\/\",\"name\":\"Yhteystiedot - Yl\u00f6j\u00e4rven Rotaryklubi\",\"isPartOf\":{\"@id\":\"https:\/\/rotary.fi\/ylojarvi\/#website\"},\"datePublished\":\"2018-08-09T12:17:32+00:00\",\"dateModified\":\"2025-06-13T15:07:29+00:00\",\"breadcrumb\":{\"@id\":\"https:\/\/rotary.fi\/ylojarvi\/yhteystiedot\/#breadcrumb\"},\"inLanguage\":\"fi\",\"potentialAction\":[{\"@type\":\"ReadAction\",\"target\":[\"https:\/\/rotary.fi\/ylojarvi\/yhteystiedot\/\"]}]},{\"@type\":\"BreadcrumbList\",\"@id\":\"https:\/\/rotary.fi\/ylojarvi\/yhteystiedot\/#breadcrumb\",\"itemListElement\":[{\"@type\":\"ListItem\",\"position\":1,\"name\":\"Home\",\"item\":\"https:\/\/rotary.fi\/ylojarvi\/\"},{\"@type\":\"ListItem\",\"position\":2,\"name\":\"Yhteystiedot\"}]},{\"@type\":\"WebSite\",\"@id\":\"https:\/\/rotary.fi\/ylojarvi\/#website\",\"url\":\"https:\/\/rotary.fi\/ylojarvi\/\",\"name\":\"Yl\u00f6j\u00e4rven Rotaryklubi\",\"description\":\"Uusi Rotary klubisivusto\",\"potentialAction\":[{\"@type\":\"SearchAction\",\"target\":{\"@type\":\"EntryPoint\",\"urlTemplate\":\"https:\/\/rotary.fi\/ylojarvi\/?s={search_term_string}\"},\"query-input\":{\"@type\":\"PropertyValueSpecification\",\"valueRequired\":true,\"valueName\":\"search_term_string\"}}],\"inLanguage\":\"fi\"}]}<\/script>\n<!-- \/ Yoast SEO plugin. -->","yoast_head_json":{"title":"Yhteystiedot - Yl\u00f6j\u00e4rven Rotaryklubi","robots":{"index":"index","follow":"follow","max-snippet":"max-snippet:-1","max-image-preview":"max-image-preview:large","max-video-preview":"max-video-preview:-1"},"canonical":"https:\/\/rotary.fi\/ylojarvi\/yhteystiedot\/","og_locale":"fi_FI","og_type":"article","og_title":"Yhteystiedot - Yl\u00f6j\u00e4rven Rotaryklubi","og_description":"Yhteystiedot Yhteystiedot Kokoontumispaikka: Ravintola Keidas Asemantie 4 33470 Yl\u00f6j\u00e4rvi Kokoontumisaika: Keskiviikkoisin klo 12-13 Presidentti Timo Siren 050 330 2188 timo.siren.rotary@gmail.com &nbsp; Sihteeri Raimo Kivioja &nbsp; \u00a0Muut t\u00e4rke\u00e4t yhteyshenkil\u00f6t Rotary-s\u00e4\u00e4ti\u00f6asiat Tapio M\u00e4kel\u00e4 Rahastonhoitaja Ville Paulaniemi &nbsp; Nuorisovaihtoasiat Tiedustele Ismo Meuronen &nbsp; &nbsp;","og_url":"https:\/\/rotary.fi\/ylojarvi\/yhteystiedot\/","og_site_name":"Yl\u00f6j\u00e4rven Rotaryklubi","article_modified_time":"2025-06-13T15:07:29+00:00","twitter_card":"summary_large_image","twitter_misc":{"Arvioitu lukuaika":"2 minuuttia"},"schema":{"@context":"https:\/\/schema.org","@graph":[{"@type":"WebPage","@id":"https:\/\/rotary.fi\/ylojarvi\/yhteystiedot\/","url":"https:\/\/rotary.fi\/ylojarvi\/yhteystiedot\/","name":"Yhteystiedot - Yl\u00f6j\u00e4rven Rotaryklubi","isPartOf":{"@id":"https:\/\/rotary.fi\/ylojarvi\/#website"},"datePublished":"2018-08-09T12:17:32+00:00","dateModified":"2025-06-13T15:07:29+00:00","breadcrumb":{"@id":"https:\/\/rotary.fi\/ylojarvi\/yhteystiedot\/#breadcrumb"},"inLanguage":"fi","potentialAction":[{"@type":"ReadAction","target":["https:\/\/rotary.fi\/ylojarvi\/yhteystiedot\/"]}]},{"@type":"BreadcrumbList","@id":"https:\/\/rotary.fi\/ylojarvi\/yhteystiedot\/#breadcrumb","itemListElement":[{"@type":"ListItem","position":1,"name":"Home","item":"https:\/\/rotary.fi\/ylojarvi\/"},{"@type":"ListItem","position":2,"name":"Yhteystiedot"}]},{"@type":"WebSite","@id":"https:\/\/rotary.fi\/ylojarvi\/#website","url":"https:\/\/rotary.fi\/ylojarvi\/","name":"Yl\u00f6j\u00e4rven Rotaryklubi","description":"Uusi Rotary klubisivusto","potentialAction":[{"@type":"SearchAction","target":{"@type":"EntryPoint","urlTemplate":"https:\/\/rotary.fi\/ylojarvi\/?s={search_term_string}"},"query-input":{"@type":"PropertyValueSpecification","valueRequired":true,"valueName":"search_term_string"}}],"inLanguage":"fi"}]}},"lang":"fi","translations":{"fi":98},"pll_sync_post":[],"_links":{"self":[{"href":"https:\/\/rotary.fi\/ylojarvi\/wp-json\/wp\/v2\/pages\/98","targetHints":{"allow":["GET"]}}],"collection":[{"href":"https:\/\/rotary.fi\/ylojarvi\/wp-json\/wp\/v2\/pages"}],"about":[{"href":"https:\/\/rotary.fi\/ylojarvi\/wp-json\/wp\/v2\/types\/page"}],"author":[{"embeddable":true,"href":"https:\/\/rotary.fi\/ylojarvi\/wp-json\/wp\/v2\/users\/1"}],"replies":[{"embeddable":true,"href":"https:\/\/rotary.fi\/ylojarvi\/wp-json\/wp\/v2\/comments?post=98"}],"version-history":[{"count":11,"href":"https:\/\/rotary.fi\/ylojarvi\/wp-json\/wp\/v2\/pages\/98\/revisions"}],"predecessor-version":[{"id":2814,"href":"https:\/\/rotary.fi\/ylojarvi\/wp-json\/wp\/v2\/pages\/98\/revisions\/2814"}],"wp:attachment":[{"href":"https:\/\/rotary.fi\/ylojarvi\/wp-json\/wp\/v2\/media?parent=98"}],"curies":[{"name":"wp","href":"https:\/\/api.w.org\/{rel}","templated":true}]}}