{"id":2616,"date":"2025-05-15T12:10:49","date_gmt":"2025-05-15T09:10:49","guid":{"rendered":"https:\/\/rotary.fi\/ylojarvi\/?page_id=2616"},"modified":"2025-05-15T22:03:35","modified_gmt":"2025-05-15T19:03:35","slug":"hallitus-ja-toimihenkilot-2","status":"publish","type":"page","link":"https:\/\/rotary.fi\/ylojarvi\/keita-olemme\/hallitus-ja-toimihenkilot-2\/","title":{"rendered":"Hallitus ja toimihenkil\u00f6t"},"content":{"rendered":"<p>[et_pb_section fb_built=&#8221;1&#8243; module_class=&#8221;jumbotron-page&#8221; _builder_version=&#8221;4.27.4&#8243; background_image=&#8221;https:\/\/rotary.fi\/ylojarvi\/wp-content\/uploads\/sites\/164\/2018\/10\/rotary_klubit_alasivu_paakuva_13-e1747323158990.jpg&#8221; min_height=&#8221;641px&#8221; custom_padding=&#8221;0px|||||&#8221; hover_enabled=&#8221;0&#8243; global_colors_info=&#8221;{}&#8221; title_text=&#8221;rotary_klubit_rajattu_25&#8243; sticky_enabled=&#8221;0&#8243;][et_pb_row _builder_version=&#8221;4.16&#8243; background_size=&#8221;initial&#8221; background_position=&#8221;top_left&#8221; background_repeat=&#8221;repeat&#8221; min_height=&#8221;115px&#8221; custom_padding=&#8221;101px|||||&#8221; global_colors_info=&#8221;{}&#8221;][et_pb_column type=&#8221;4_4&#8243; _builder_version=&#8221;4.16&#8243; custom_padding=&#8221;|||&#8221; global_colors_info=&#8221;{}&#8221; custom_padding__hover=&#8221;|||&#8221;][et_pb_text admin_label=&#8221;P\u00e4\u00e4otsikko&#8221; _builder_version=&#8221;4.16&#8243; text_orientation=&#8221;center&#8221; background_layout=&#8221;dark&#8221; min_height=&#8221;88px&#8221; global_colors_info=&#8221;{}&#8221;]<\/p>\n<h1>Hallitus ja toimihenkil\u00f6t<\/h1>\n<p>[\/et_pb_text][\/et_pb_column][\/et_pb_row][\/et_pb_section][et_pb_section fb_built=&#8221;1&#8243; specialty=&#8221;on&#8221; module_class_2=&#8221;sivupalkki&#8221; _builder_version=&#8221;4.16&#8243; min_height=&#8221;771px&#8221; global_colors_info=&#8221;{}&#8221;][et_pb_column type=&#8221;2_3&#8243; specialty_columns=&#8221;2&#8243; _builder_version=&#8221;4.16&#8243; custom_padding=&#8221;|||&#8221; global_colors_info=&#8221;{}&#8221; parallax__hover=&#8221;off&#8221; parallax_method__hover=&#8221;on&#8221; custom_padding__hover=&#8221;|||&#8221;][et_pb_row_inner admin_label=&#8221;Rivi&#8221; _builder_version=&#8221;4.16&#8243; global_colors_info=&#8221;{}&#8221;][et_pb_column_inner saved_specialty_column_type=&#8221;2_3&#8243; _builder_version=&#8221;4.16&#8243; custom_padding=&#8221;|||&#8221; global_colors_info=&#8221;{}&#8221; parallax__hover=&#8221;off&#8221; parallax_method__hover=&#8221;on&#8221; custom_padding__hover=&#8221;|||&#8221;][et_pb_text admin_label=&#8221;Otsikko&#8221; _builder_version=&#8221;4.16&#8243; text_orientation=&#8221;center&#8221; global_colors_info=&#8221;{}&#8221;]<\/p>\n<h1>Hallitus ja toimihenkil\u00f6t<\/h1>\n<p>[\/et_pb_text][\/et_pb_column_inner][\/et_pb_row_inner][et_pb_row_inner column_structure=&#8221;1_2,1_2&#8243; admin_label=&#8221;Rivi&#8221; _builder_version=&#8221;4.17.4&#8243; global_colors_info=&#8221;{}&#8221;][et_pb_column_inner type=&#8221;1_2&#8243; saved_specialty_column_type=&#8221;2_3&#8243; _builder_version=&#8221;4.17.4&#8243; _module_preset=&#8221;default&#8221; global_colors_info=&#8221;{}&#8221;][\/et_pb_column_inner][et_pb_column_inner type=&#8221;1_2&#8243; saved_specialty_column_type=&#8221;2_3&#8243; _builder_version=&#8221;4.16&#8243; custom_padding=&#8221;|||&#8221; global_colors_info=&#8221;{}&#8221; parallax__hover=&#8221;off&#8221; parallax_method__hover=&#8221;on&#8221; custom_padding__hover=&#8221;|||&#8221;][et_pb_text _builder_version=&#8221;4.16&#8243; width=&#8221;100%&#8221; custom_margin=&#8221;|||-47px||&#8221; global_colors_info=&#8221;{}&#8221;]<\/p>\n<h2><\/h2>\n<h2>2025-26 Hallitus<\/h2>\n<p><strong>Presidentti Timo Siren \u00a0 \u00a0 \u00a0 \u00a0 \u00a0 \u00a0\u00a0\u00a0\u00a0 <\/strong><strong>\u00a0 \u00a0 <\/strong><strong>\u00a0\u00a0 <\/strong><strong><\/strong><\/p>\n<p><strong>Sihteeri Raimo Kivioja<\/strong>\u00a0 \u00a0 \u00a0 \u00a0 \u00a0 \u00a0<br \/><strong><\/strong><\/p>\n<p><strong>Rahastonhoitaja Ville Paulaniemi<\/strong><\/p>\n<p><strong>S\u00e4\u00e4ti\u00f6asiamies Tapio M\u00e4kel\u00e4<\/strong><\/p>\n<p><strong>Klubimestari Ismo Meuronen<\/strong><\/p>\n<p><strong>IT-vastaava<\/strong> Jukka Toivonen<\/p>\n<p><strong><\/strong><\/p>\n<h2 style=\"background-attachment: scroll;background-color: transparent;background-image: none;background-size: auto;color: #019fcb;cursor: text;quot;quot;quot;quot;,serif;font-size: 23px;font-style: normal;font-variant: normal;font-weight: 500;letter-spacing: normal;line-height: 1em;text-align: left;text-decoration: none;text-indent: 0px;text-transform: none;vertical-align: baseline;padding: 0px 0px 10px 0px;margin: 0px;border: 0px none currentColor\">J\u00e4senyystoimikunta<\/h2>\n<p>&nbsp;<\/p>\n<h2>Palvelutoimikunta<\/h2>\n<p>&nbsp;<\/p>\n<h2>Rotarys\u00e4\u00e4ti\u00f6toimikunta<\/h2>\n<p>[\/et_pb_text][\/et_pb_column_inner][\/et_pb_row_inner][\/et_pb_column][et_pb_column type=&#8221;1_3&#8243; module_class=&#8221;sivupalkki&#8221; _builder_version=&#8221;4.16&#8243; custom_padding=&#8221;|||&#8221; global_colors_info=&#8221;{}&#8221; parallax__hover=&#8221;off&#8221; parallax_method__hover=&#8221;on&#8221; module_class__hover=&#8221;sivupalkki&#8221; custom_padding__hover=&#8221;|||&#8221;][et_pb_sidebar area=&#8221;sidebar-1&#8243; module_class=&#8221;sivupalkki_sisalto&#8221; _builder_version=&#8221;4.16&#8243; locked=&#8221;on&#8221; global_colors_info=&#8221;{}&#8221;]<\/p>\n<p>[\/et_pb_sidebar][\/et_pb_column][\/et_pb_section]<\/p>\n","protected":false},"excerpt":{"rendered":"<p>Hallitus ja toimihenkil\u00f6t Hallitus ja toimihenkil\u00f6t 2025-26 Hallitus Presidentti Timo Siren \u00a0 \u00a0 \u00a0 \u00a0 \u00a0 \u00a0\u00a0\u00a0\u00a0 \u00a0 \u00a0 \u00a0\u00a0 Sihteeri Raimo Kivioja\u00a0 \u00a0 \u00a0 \u00a0 \u00a0 \u00a0 Rahastonhoitaja Ville Paulaniemi S\u00e4\u00e4ti\u00f6asiamies Tapio M\u00e4kel\u00e4 Klubimestari Ismo Meuronen IT-vastaava Jukka Toivonen J\u00e4senyystoimikunta &nbsp; Palvelutoimikunta &nbsp; Rotarys\u00e4\u00e4ti\u00f6toimikunta<\/p>\n","protected":false},"author":386,"featured_media":1974,"parent":129,"menu_order":0,"comment_status":"closed","ping_status":"closed","template":"","meta":{"_acf_changed":false,"_et_pb_use_builder":"on","_et_pb_old_content":"","_et_gb_content_width":"","footnotes":""},"class_list":["post-2616","page","type-page","status-publish","has-post-thumbnail","hentry"],"acf":[],"yoast_head":"<!-- This site is optimized with the Yoast SEO plugin v27.0 - https:\/\/yoast.com\/product\/yoast-seo-wordpress\/ -->\n<title>Hallitus ja toimihenkil\u00f6t - Yl\u00f6j\u00e4rven Rotaryklubi<\/title>\n<meta name=\"robots\" content=\"index, follow, max-snippet:-1, max-image-preview:large, max-video-preview:-1\" \/>\n<link rel=\"canonical\" href=\"https:\/\/rotary.fi\/ylojarvi\/keita-olemme\/hallitus-ja-toimihenkilot-2\/\" \/>\n<meta property=\"og:locale\" content=\"fi_FI\" \/>\n<meta property=\"og:type\" content=\"article\" \/>\n<meta property=\"og:title\" content=\"Hallitus ja toimihenkil\u00f6t - Yl\u00f6j\u00e4rven Rotaryklubi\" \/>\n<meta property=\"og:description\" content=\"Hallitus ja toimihenkil\u00f6t Hallitus ja toimihenkil\u00f6t 2025-26 Hallitus Presidentti Timo Siren \u00a0 \u00a0 \u00a0 \u00a0 \u00a0 \u00a0\u00a0\u00a0\u00a0 \u00a0 \u00a0 \u00a0\u00a0 Sihteeri Raimo Kivioja\u00a0 \u00a0 \u00a0 \u00a0 \u00a0 \u00a0 Rahastonhoitaja Ville Paulaniemi S\u00e4\u00e4ti\u00f6asiamies Tapio M\u00e4kel\u00e4 Klubimestari Ismo Meuronen IT-vastaava Jukka Toivonen J\u00e4senyystoimikunta &nbsp; Palvelutoimikunta &nbsp; Rotarys\u00e4\u00e4ti\u00f6toimikunta\" \/>\n<meta property=\"og:url\" content=\"https:\/\/rotary.fi\/ylojarvi\/keita-olemme\/hallitus-ja-toimihenkilot-2\/\" \/>\n<meta property=\"og:site_name\" content=\"Yl\u00f6j\u00e4rven Rotaryklubi\" \/>\n<meta property=\"article:modified_time\" content=\"2025-05-15T19:03:35+00:00\" \/>\n<meta property=\"og:image\" content=\"https:\/\/rotary.fi\/ylojarvi\/wp-content\/uploads\/sites\/164\/2020\/08\/timo-siren-kuva.jpg\" \/>\n\t<meta property=\"og:image:width\" content=\"366\" \/>\n\t<meta property=\"og:image:height\" content=\"550\" \/>\n\t<meta property=\"og:image:type\" content=\"image\/jpeg\" \/>\n<meta name=\"twitter:card\" content=\"summary_large_image\" \/>\n<meta name=\"twitter:label1\" content=\"Arvioitu lukuaika\" \/>\n\t<meta name=\"twitter:data1\" content=\"1 minuutti\" \/>\n<script type=\"application\/ld+json\" class=\"yoast-schema-graph\">{\"@context\":\"https:\/\/schema.org\",\"@graph\":[{\"@type\":\"WebPage\",\"@id\":\"https:\/\/rotary.fi\/ylojarvi\/keita-olemme\/hallitus-ja-toimihenkilot-2\/\",\"url\":\"https:\/\/rotary.fi\/ylojarvi\/keita-olemme\/hallitus-ja-toimihenkilot-2\/\",\"name\":\"Hallitus ja toimihenkil\u00f6t - Yl\u00f6j\u00e4rven Rotaryklubi\",\"isPartOf\":{\"@id\":\"https:\/\/rotary.fi\/ylojarvi\/#website\"},\"primaryImageOfPage\":{\"@id\":\"https:\/\/rotary.fi\/ylojarvi\/keita-olemme\/hallitus-ja-toimihenkilot-2\/#primaryimage\"},\"image\":{\"@id\":\"https:\/\/rotary.fi\/ylojarvi\/keita-olemme\/hallitus-ja-toimihenkilot-2\/#primaryimage\"},\"thumbnailUrl\":\"https:\/\/rotary.fi\/ylojarvi\/wp-content\/uploads\/sites\/164\/2020\/08\/timo-siren-kuva.jpg\",\"datePublished\":\"2025-05-15T09:10:49+00:00\",\"dateModified\":\"2025-05-15T19:03:35+00:00\",\"breadcrumb\":{\"@id\":\"https:\/\/rotary.fi\/ylojarvi\/keita-olemme\/hallitus-ja-toimihenkilot-2\/#breadcrumb\"},\"inLanguage\":\"fi\",\"potentialAction\":[{\"@type\":\"ReadAction\",\"target\":[\"https:\/\/rotary.fi\/ylojarvi\/keita-olemme\/hallitus-ja-toimihenkilot-2\/\"]}]},{\"@type\":\"ImageObject\",\"inLanguage\":\"fi\",\"@id\":\"https:\/\/rotary.fi\/ylojarvi\/keita-olemme\/hallitus-ja-toimihenkilot-2\/#primaryimage\",\"url\":\"https:\/\/rotary.fi\/ylojarvi\/wp-content\/uploads\/sites\/164\/2020\/08\/timo-siren-kuva.jpg\",\"contentUrl\":\"https:\/\/rotary.fi\/ylojarvi\/wp-content\/uploads\/sites\/164\/2020\/08\/timo-siren-kuva.jpg\",\"width\":366,\"height\":550},{\"@type\":\"BreadcrumbList\",\"@id\":\"https:\/\/rotary.fi\/ylojarvi\/keita-olemme\/hallitus-ja-toimihenkilot-2\/#breadcrumb\",\"itemListElement\":[{\"@type\":\"ListItem\",\"position\":1,\"name\":\"Home\",\"item\":\"https:\/\/rotary.fi\/ylojarvi\/\"},{\"@type\":\"ListItem\",\"position\":2,\"name\":\"Keit\u00e4 olemme\",\"item\":\"https:\/\/rotary.fi\/ylojarvi\/keita-olemme\/\"},{\"@type\":\"ListItem\",\"position\":3,\"name\":\"Hallitus ja toimihenkil\u00f6t\"}]},{\"@type\":\"WebSite\",\"@id\":\"https:\/\/rotary.fi\/ylojarvi\/#website\",\"url\":\"https:\/\/rotary.fi\/ylojarvi\/\",\"name\":\"Yl\u00f6j\u00e4rven Rotaryklubi\",\"description\":\"Uusi Rotary klubisivusto\",\"potentialAction\":[{\"@type\":\"SearchAction\",\"target\":{\"@type\":\"EntryPoint\",\"urlTemplate\":\"https:\/\/rotary.fi\/ylojarvi\/?s={search_term_string}\"},\"query-input\":{\"@type\":\"PropertyValueSpecification\",\"valueRequired\":true,\"valueName\":\"search_term_string\"}}],\"inLanguage\":\"fi\"}]}<\/script>\n<!-- \/ Yoast SEO plugin. -->","yoast_head_json":{"title":"Hallitus ja toimihenkil\u00f6t - Yl\u00f6j\u00e4rven Rotaryklubi","robots":{"index":"index","follow":"follow","max-snippet":"max-snippet:-1","max-image-preview":"max-image-preview:large","max-video-preview":"max-video-preview:-1"},"canonical":"https:\/\/rotary.fi\/ylojarvi\/keita-olemme\/hallitus-ja-toimihenkilot-2\/","og_locale":"fi_FI","og_type":"article","og_title":"Hallitus ja toimihenkil\u00f6t - Yl\u00f6j\u00e4rven Rotaryklubi","og_description":"Hallitus ja toimihenkil\u00f6t Hallitus ja toimihenkil\u00f6t 2025-26 Hallitus Presidentti Timo Siren \u00a0 \u00a0 \u00a0 \u00a0 \u00a0 \u00a0\u00a0\u00a0\u00a0 \u00a0 \u00a0 \u00a0\u00a0 Sihteeri Raimo Kivioja\u00a0 \u00a0 \u00a0 \u00a0 \u00a0 \u00a0 Rahastonhoitaja Ville Paulaniemi S\u00e4\u00e4ti\u00f6asiamies Tapio M\u00e4kel\u00e4 Klubimestari Ismo Meuronen IT-vastaava Jukka Toivonen J\u00e4senyystoimikunta &nbsp; Palvelutoimikunta &nbsp; Rotarys\u00e4\u00e4ti\u00f6toimikunta","og_url":"https:\/\/rotary.fi\/ylojarvi\/keita-olemme\/hallitus-ja-toimihenkilot-2\/","og_site_name":"Yl\u00f6j\u00e4rven Rotaryklubi","article_modified_time":"2025-05-15T19:03:35+00:00","og_image":[{"width":366,"height":550,"url":"https:\/\/rotary.fi\/ylojarvi\/wp-content\/uploads\/sites\/164\/2020\/08\/timo-siren-kuva.jpg","type":"image\/jpeg"}],"twitter_card":"summary_large_image","twitter_misc":{"Arvioitu lukuaika":"1 minuutti"},"schema":{"@context":"https:\/\/schema.org","@graph":[{"@type":"WebPage","@id":"https:\/\/rotary.fi\/ylojarvi\/keita-olemme\/hallitus-ja-toimihenkilot-2\/","url":"https:\/\/rotary.fi\/ylojarvi\/keita-olemme\/hallitus-ja-toimihenkilot-2\/","name":"Hallitus ja toimihenkil\u00f6t - Yl\u00f6j\u00e4rven Rotaryklubi","isPartOf":{"@id":"https:\/\/rotary.fi\/ylojarvi\/#website"},"primaryImageOfPage":{"@id":"https:\/\/rotary.fi\/ylojarvi\/keita-olemme\/hallitus-ja-toimihenkilot-2\/#primaryimage"},"image":{"@id":"https:\/\/rotary.fi\/ylojarvi\/keita-olemme\/hallitus-ja-toimihenkilot-2\/#primaryimage"},"thumbnailUrl":"https:\/\/rotary.fi\/ylojarvi\/wp-content\/uploads\/sites\/164\/2020\/08\/timo-siren-kuva.jpg","datePublished":"2025-05-15T09:10:49+00:00","dateModified":"2025-05-15T19:03:35+00:00","breadcrumb":{"@id":"https:\/\/rotary.fi\/ylojarvi\/keita-olemme\/hallitus-ja-toimihenkilot-2\/#breadcrumb"},"inLanguage":"fi","potentialAction":[{"@type":"ReadAction","target":["https:\/\/rotary.fi\/ylojarvi\/keita-olemme\/hallitus-ja-toimihenkilot-2\/"]}]},{"@type":"ImageObject","inLanguage":"fi","@id":"https:\/\/rotary.fi\/ylojarvi\/keita-olemme\/hallitus-ja-toimihenkilot-2\/#primaryimage","url":"https:\/\/rotary.fi\/ylojarvi\/wp-content\/uploads\/sites\/164\/2020\/08\/timo-siren-kuva.jpg","contentUrl":"https:\/\/rotary.fi\/ylojarvi\/wp-content\/uploads\/sites\/164\/2020\/08\/timo-siren-kuva.jpg","width":366,"height":550},{"@type":"BreadcrumbList","@id":"https:\/\/rotary.fi\/ylojarvi\/keita-olemme\/hallitus-ja-toimihenkilot-2\/#breadcrumb","itemListElement":[{"@type":"ListItem","position":1,"name":"Home","item":"https:\/\/rotary.fi\/ylojarvi\/"},{"@type":"ListItem","position":2,"name":"Keit\u00e4 olemme","item":"https:\/\/rotary.fi\/ylojarvi\/keita-olemme\/"},{"@type":"ListItem","position":3,"name":"Hallitus ja toimihenkil\u00f6t"}]},{"@type":"WebSite","@id":"https:\/\/rotary.fi\/ylojarvi\/#website","url":"https:\/\/rotary.fi\/ylojarvi\/","name":"Yl\u00f6j\u00e4rven Rotaryklubi","description":"Uusi Rotary klubisivusto","potentialAction":[{"@type":"SearchAction","target":{"@type":"EntryPoint","urlTemplate":"https:\/\/rotary.fi\/ylojarvi\/?s={search_term_string}"},"query-input":{"@type":"PropertyValueSpecification","valueRequired":true,"valueName":"search_term_string"}}],"inLanguage":"fi"}]}},"lang":"fi","translations":{"fi":2616},"pll_sync_post":[],"_links":{"self":[{"href":"https:\/\/rotary.fi\/ylojarvi\/wp-json\/wp\/v2\/pages\/2616","targetHints":{"allow":["GET"]}}],"collection":[{"href":"https:\/\/rotary.fi\/ylojarvi\/wp-json\/wp\/v2\/pages"}],"about":[{"href":"https:\/\/rotary.fi\/ylojarvi\/wp-json\/wp\/v2\/types\/page"}],"author":[{"embeddable":true,"href":"https:\/\/rotary.fi\/ylojarvi\/wp-json\/wp\/v2\/users\/386"}],"replies":[{"embeddable":true,"href":"https:\/\/rotary.fi\/ylojarvi\/wp-json\/wp\/v2\/comments?post=2616"}],"version-history":[{"count":10,"href":"https:\/\/rotary.fi\/ylojarvi\/wp-json\/wp\/v2\/pages\/2616\/revisions"}],"predecessor-version":[{"id":2769,"href":"https:\/\/rotary.fi\/ylojarvi\/wp-json\/wp\/v2\/pages\/2616\/revisions\/2769"}],"up":[{"embeddable":true,"href":"https:\/\/rotary.fi\/ylojarvi\/wp-json\/wp\/v2\/pages\/129"}],"wp:featuredmedia":[{"embeddable":true,"href":"https:\/\/rotary.fi\/ylojarvi\/wp-json\/wp\/v2\/media\/1974"}],"wp:attachment":[{"href":"https:\/\/rotary.fi\/ylojarvi\/wp-json\/wp\/v2\/media?parent=2616"}],"curies":[{"name":"wp","href":"https:\/\/api.w.org\/{rel}","templated":true}]}}