{"id":158,"date":"2018-08-13T09:47:58","date_gmt":"2018-08-13T06:47:58","guid":{"rendered":"https:\/\/rotary.fi\/ylojarvi\/?page_id=158"},"modified":"2020-03-02T21:49:55","modified_gmt":"2020-03-02T19:49:55","slug":"varainhankinta-ja-lahjoitukset","status":"publish","type":"page","link":"https:\/\/rotary.fi\/ylojarvi\/mita-teemme\/varainhankinta-ja-lahjoitukset\/","title":{"rendered":"Varainhankinta ja lahjoitukset"},"content":{"rendered":"<p>[et_pb_section fb_built=&#8221;1&#8243; module_class=&#8221;jumbotron-page&#8221; _builder_version=&#8221;4.1&#8243; background_image=&#8221;https:\/\/rotary.fi\/ylojarvi\/wp-content\/uploads\/sites\/164\/2020\/02\/viirit.jpg&#8221;][et_pb_row _builder_version=&#8221;3.25&#8243; background_size=&#8221;initial&#8221; background_position=&#8221;top_left&#8221; background_repeat=&#8221;repeat&#8221;][et_pb_column type=&#8221;4_4&#8243; _builder_version=&#8221;3.25&#8243; custom_padding=&#8221;|||&#8221; custom_padding__hover=&#8221;|||&#8221;][et_pb_text admin_label=&#8221;P\u00e4\u00e4otsikko&#8221; _builder_version=&#8221;3.27.4&#8243; text_orientation=&#8221;center&#8221; background_layout=&#8221;dark&#8221;]<\/p>\n<h1>Varainhankinta ja lahjoitukset<\/h1>\n<p>[\/et_pb_text][\/et_pb_column][\/et_pb_row][\/et_pb_section][et_pb_section fb_built=&#8221;1&#8243; specialty=&#8221;on&#8221; module_class_2=&#8221;sivupalkki&#8221; _builder_version=&#8221;3.22&#8243;][et_pb_column type=&#8221;2_3&#8243; specialty_columns=&#8221;2&#8243; _builder_version=&#8221;3.25&#8243; custom_padding=&#8221;|||&#8221; custom_padding__hover=&#8221;|||&#8221;][et_pb_row_inner admin_label=&#8221;Rivi&#8221; _builder_version=&#8221;3.25&#8243;][et_pb_column_inner saved_specialty_column_type=&#8221;2_3&#8243; _builder_version=&#8221;3.25&#8243; custom_padding=&#8221;|||&#8221; custom_padding__hover=&#8221;|||&#8221;][et_pb_text admin_label=&#8221;Varainhankinta ja lahjoitukset &#8211; Otsikko&#8221; _builder_version=&#8221;3.27.4&#8243; text_orientation=&#8221;center&#8221;]<\/p>\n<h1>Varainhankinta ja lahjoitukset<\/h1>\n<p>[\/et_pb_text][et_pb_text _builder_version=&#8221;4.1&#8243; min_height=&#8221;683px&#8221; hover_enabled=&#8221;0&#8243;]<\/p>\n<p><img loading=\"lazy\" decoding=\"async\" width=\"300\" height=\"188\" class=\"wp-image-1943 aligncenter size-medium\" style=\"float: left\" alt=\"\" src=\"https:\/\/rotary.fi\/ylojarvi\/wp-content\/uploads\/sites\/164\/2020\/03\/pontto-6-5-300x188.jpg\" \/><img loading=\"lazy\" decoding=\"async\" width=\"317\" height=\"187\" class=\"wp-image-1936 aligncenter size-medium\" style=\"float: right\" alt=\"\" src=\"https:\/\/rotary.fi\/ylojarvi\/wp-content\/uploads\/sites\/164\/2020\/03\/pontto-7-300x177.jpg\" \/><\/p>\n<p>&nbsp;<\/p>\n<p>&nbsp;<\/p>\n<p>&nbsp;<\/p>\n<p>&nbsp;<\/p>\n<p>&nbsp;<\/p>\n<p>\u00a0Yl\u00f6j\u00e4rven Rotaryklubi on mukana sek\u00e4 paikallisessa ett\u00e4 maailmanlaajuisessa palveluty\u00f6ss\u00e4 monin eri tavoin. Otamme osaa rotareiden nuorisovaihtoty\u00f6h\u00f6n ja t\u00e4m\u00e4n rahoittamiseksi ker\u00e4\u00e4mme varoja. Osallistumme my\u00f6s paikkakunnallamme erilaisiin tapahtumiin.<\/p>\n<p>Pitk\u00e4aikaisin projektimme on saanut nimen &#8221;Helppo nakki&#8221;. Yl\u00f6j\u00e4rven seurakuntatalon pihalla vuosittain j\u00e4rjestett\u00e4v\u00e4ss\u00e4 laskiaistempauksessa klubimme j\u00e4senet paistavat ja myyv\u00e4t makkaraa. Tuotto on\u00a0ollut noin EUR 1000 kerrallaan. Se on luovutettu seurakunnan l\u00e4hetysty\u00f6n k\u00e4ytt\u00f6\u00f6n.<\/p>\n<p>Toinen n\u00e4kyv\u00e4 projektimme on &#8221;Yksi\u00f6it\u00e4 kodittomille linnuille&#8221;. Kuvat yll\u00e4.<\/p>\n<p>Olemme klubilaisten voimin rakennelleet linnunp\u00f6ntt\u00f6j\u00e4 muutamalle sadalle kodittomalle. Tuotto on k\u00e4ytetty paikallisiin tarkoituksiin tai lahjoitettu Rotarys\u00e4\u00e4ti\u00f6lle.<\/p>\n<p>Rotarys\u00e4\u00e4ti\u00f6 tukee lukuisten projektien avulla \u00e4itien ja lasten terveyden kohentamista ja sairauksien ehk\u00e4isy\u00e4 ja hoitoa. S\u00e4\u00e4ti\u00f6 edist\u00e4\u00e4 koulutusta ja lukutaitoa, vahvistaa rauhanty\u00f6t\u00e4 sek\u00e4 kasvattaa paikallistalouksia ja yhteis\u00f6j\u00e4. Rotarys\u00e4\u00e4ti\u00f6 edist\u00e4\u00e4 puhtaan veden saantia ja hygieniaosaamista siell\u00e4 miss\u00e4 t\u00e4lle on tarvetta.<\/p>\n<p>Klubimme osallistuu my\u00f6s rotareiden aloitteesta k\u00e4ynnistyneeseen ty\u00f6h\u00f6n polion poistamiseksi maailmasta henkil\u00f6kohtaisin lahjoituksin ja projektien avulla. Rotarit ovat tehneet ty\u00f6t\u00e4 villin polioviruksen poistamiseksi jo kolmenkymmenen vuoden ajan. Nyky\u00e4\u00e4n villin polioviruksen vuoksi sairastuu vuosittain en\u00e4\u00e4 muutamia kymmeni\u00e4 lapsia; kun projektin alkuvaiheessa jopa 350 000 lasta sairastui vuosittain. T\u00e4n\u00e4 p\u00e4iv\u00e4n\u00e4 t\u00e4h\u00e4n kotoper\u00e4iseen polioon sairastuneet lapset asuvat yleens\u00e4 vaikeakulkuisilla seuduilla mm. Afganistanissa ja Pakistanissa. Rotarit ovat antaneet lupauksensa saattaa projekti p\u00e4\u00e4t\u00f6kseen, joten my\u00f6s meid\u00e4n klubimme osallistuu omalla panoksellaan t\u00e4h\u00e4n ty\u00f6h\u00f6n niin kauan, kun t\u00e4m\u00e4 rotareiden antama lupaus on t\u00e4ytetty.<\/p>\n<p>Kaksi klubimme j\u00e4sent\u00e4 ovat henkil\u00f6kohtaisesti lahjoittaneet USD 10 000 Rotarys\u00e4\u00e4ti\u00f6llemme.<\/p>\n<p>[\/et_pb_text][\/et_pb_column_inner][\/et_pb_row_inner][\/et_pb_column][et_pb_column type=&#8221;1_3&#8243; _builder_version=&#8221;3.25&#8243; custom_padding=&#8221;|||&#8221; custom_padding__hover=&#8221;|||&#8221;][et_pb_sidebar area=&#8221;sidebar-1&#8243; module_class=&#8221;sivupalkki_sisalto&#8221; _builder_version=&#8221;3.4.1&#8243; locked=&#8221;on&#8221;]<br \/>\n[\/et_pb_sidebar][\/et_pb_column][\/et_pb_section]<\/p>\n","protected":false},"excerpt":{"rendered":"<p>Varainhankinta ja lahjoitukset Varainhankinta ja lahjoitukset &nbsp; &nbsp; &nbsp; &nbsp; &nbsp; \u00a0Yl\u00f6j\u00e4rven Rotaryklubi on mukana sek\u00e4 paikallisessa ett\u00e4 maailmanlaajuisessa palveluty\u00f6ss\u00e4 monin eri tavoin. Otamme osaa rotareiden nuorisovaihtoty\u00f6h\u00f6n ja t\u00e4m\u00e4n rahoittamiseksi ker\u00e4\u00e4mme varoja. Osallistumme my\u00f6s paikkakunnallamme erilaisiin tapahtumiin. Pitk\u00e4aikaisin projektimme on saanut nimen &#8221;Helppo nakki&#8221;. Yl\u00f6j\u00e4rven seurakuntatalon pihalla vuosittain j\u00e4rjestett\u00e4v\u00e4ss\u00e4 laskiaistempauksessa klubimme j\u00e4senet paistavat ja myyv\u00e4t [&hellip;]<\/p>\n","protected":false},"author":1,"featured_media":0,"parent":77,"menu_order":0,"comment_status":"closed","ping_status":"closed","template":"","meta":{"_acf_changed":false,"_et_pb_use_builder":"on","_et_pb_old_content":"","_et_gb_content_width":"","footnotes":""},"class_list":["post-158","page","type-page","status-publish","hentry"],"acf":[],"yoast_head":"<!-- This site is optimized with the Yoast SEO plugin v27.0 - https:\/\/yoast.com\/product\/yoast-seo-wordpress\/ -->\n<title>Varainhankinta ja lahjoitukset - Yl\u00f6j\u00e4rven Rotaryklubi<\/title>\n<meta name=\"robots\" content=\"index, follow, max-snippet:-1, max-image-preview:large, max-video-preview:-1\" \/>\n<link rel=\"canonical\" href=\"https:\/\/rotary.fi\/ylojarvi\/mita-teemme\/varainhankinta-ja-lahjoitukset\/\" \/>\n<meta property=\"og:locale\" content=\"fi_FI\" \/>\n<meta property=\"og:type\" content=\"article\" \/>\n<meta property=\"og:title\" content=\"Varainhankinta ja lahjoitukset - Yl\u00f6j\u00e4rven Rotaryklubi\" \/>\n<meta property=\"og:description\" content=\"Varainhankinta ja lahjoitukset Varainhankinta ja lahjoitukset &nbsp; &nbsp; &nbsp; &nbsp; &nbsp; \u00a0Yl\u00f6j\u00e4rven Rotaryklubi on mukana sek\u00e4 paikallisessa ett\u00e4 maailmanlaajuisessa palveluty\u00f6ss\u00e4 monin eri tavoin. Otamme osaa rotareiden nuorisovaihtoty\u00f6h\u00f6n ja t\u00e4m\u00e4n rahoittamiseksi ker\u00e4\u00e4mme varoja. Osallistumme my\u00f6s paikkakunnallamme erilaisiin tapahtumiin. Pitk\u00e4aikaisin projektimme on saanut nimen &quot;Helppo nakki&quot;. Yl\u00f6j\u00e4rven seurakuntatalon pihalla vuosittain j\u00e4rjestett\u00e4v\u00e4ss\u00e4 laskiaistempauksessa klubimme j\u00e4senet paistavat ja myyv\u00e4t [&hellip;]\" \/>\n<meta property=\"og:url\" content=\"https:\/\/rotary.fi\/ylojarvi\/mita-teemme\/varainhankinta-ja-lahjoitukset\/\" \/>\n<meta property=\"og:site_name\" content=\"Yl\u00f6j\u00e4rven Rotaryklubi\" \/>\n<meta property=\"article:modified_time\" content=\"2020-03-02T19:49:55+00:00\" \/>\n<meta property=\"og:image\" content=\"https:\/\/rotary.fi\/ylojarvi\/wp-content\/uploads\/sites\/164\/2020\/03\/pontto-6-5-300x188.jpg\" \/>\n<meta name=\"twitter:card\" content=\"summary_large_image\" \/>\n<meta name=\"twitter:label1\" content=\"Arvioitu lukuaika\" \/>\n\t<meta name=\"twitter:data1\" content=\"2 minuuttia\" \/>\n<script type=\"application\/ld+json\" class=\"yoast-schema-graph\">{\"@context\":\"https:\/\/schema.org\",\"@graph\":[{\"@type\":\"WebPage\",\"@id\":\"https:\/\/rotary.fi\/ylojarvi\/mita-teemme\/varainhankinta-ja-lahjoitukset\/\",\"url\":\"https:\/\/rotary.fi\/ylojarvi\/mita-teemme\/varainhankinta-ja-lahjoitukset\/\",\"name\":\"Varainhankinta ja lahjoitukset - Yl\u00f6j\u00e4rven Rotaryklubi\",\"isPartOf\":{\"@id\":\"https:\/\/rotary.fi\/ylojarvi\/#website\"},\"primaryImageOfPage\":{\"@id\":\"https:\/\/rotary.fi\/ylojarvi\/mita-teemme\/varainhankinta-ja-lahjoitukset\/#primaryimage\"},\"image\":{\"@id\":\"https:\/\/rotary.fi\/ylojarvi\/mita-teemme\/varainhankinta-ja-lahjoitukset\/#primaryimage\"},\"thumbnailUrl\":\"https:\/\/rotary.fi\/ylojarvi\/wp-content\/uploads\/sites\/164\/2020\/03\/pontto-6-5-300x188.jpg\",\"datePublished\":\"2018-08-13T06:47:58+00:00\",\"dateModified\":\"2020-03-02T19:49:55+00:00\",\"breadcrumb\":{\"@id\":\"https:\/\/rotary.fi\/ylojarvi\/mita-teemme\/varainhankinta-ja-lahjoitukset\/#breadcrumb\"},\"inLanguage\":\"fi\",\"potentialAction\":[{\"@type\":\"ReadAction\",\"target\":[\"https:\/\/rotary.fi\/ylojarvi\/mita-teemme\/varainhankinta-ja-lahjoitukset\/\"]}]},{\"@type\":\"ImageObject\",\"inLanguage\":\"fi\",\"@id\":\"https:\/\/rotary.fi\/ylojarvi\/mita-teemme\/varainhankinta-ja-lahjoitukset\/#primaryimage\",\"url\":\"https:\/\/rotary.fi\/ylojarvi\/wp-content\/uploads\/sites\/164\/2020\/03\/pontto-6-5.jpg\",\"contentUrl\":\"https:\/\/rotary.fi\/ylojarvi\/wp-content\/uploads\/sites\/164\/2020\/03\/pontto-6-5.jpg\",\"width\":2048,\"height\":1280},{\"@type\":\"BreadcrumbList\",\"@id\":\"https:\/\/rotary.fi\/ylojarvi\/mita-teemme\/varainhankinta-ja-lahjoitukset\/#breadcrumb\",\"itemListElement\":[{\"@type\":\"ListItem\",\"position\":1,\"name\":\"Home\",\"item\":\"https:\/\/rotary.fi\/ylojarvi\/\"},{\"@type\":\"ListItem\",\"position\":2,\"name\":\"Mit\u00e4 teemme\",\"item\":\"https:\/\/rotary.fi\/ylojarvi\/mita-teemme\/\"},{\"@type\":\"ListItem\",\"position\":3,\"name\":\"Varainhankinta ja lahjoitukset\"}]},{\"@type\":\"WebSite\",\"@id\":\"https:\/\/rotary.fi\/ylojarvi\/#website\",\"url\":\"https:\/\/rotary.fi\/ylojarvi\/\",\"name\":\"Yl\u00f6j\u00e4rven Rotaryklubi\",\"description\":\"Uusi Rotary klubisivusto\",\"potentialAction\":[{\"@type\":\"SearchAction\",\"target\":{\"@type\":\"EntryPoint\",\"urlTemplate\":\"https:\/\/rotary.fi\/ylojarvi\/?s={search_term_string}\"},\"query-input\":{\"@type\":\"PropertyValueSpecification\",\"valueRequired\":true,\"valueName\":\"search_term_string\"}}],\"inLanguage\":\"fi\"}]}<\/script>\n<!-- \/ Yoast SEO plugin. -->","yoast_head_json":{"title":"Varainhankinta ja lahjoitukset - Yl\u00f6j\u00e4rven Rotaryklubi","robots":{"index":"index","follow":"follow","max-snippet":"max-snippet:-1","max-image-preview":"max-image-preview:large","max-video-preview":"max-video-preview:-1"},"canonical":"https:\/\/rotary.fi\/ylojarvi\/mita-teemme\/varainhankinta-ja-lahjoitukset\/","og_locale":"fi_FI","og_type":"article","og_title":"Varainhankinta ja lahjoitukset - Yl\u00f6j\u00e4rven Rotaryklubi","og_description":"Varainhankinta ja lahjoitukset Varainhankinta ja lahjoitukset &nbsp; &nbsp; &nbsp; &nbsp; &nbsp; \u00a0Yl\u00f6j\u00e4rven Rotaryklubi on mukana sek\u00e4 paikallisessa ett\u00e4 maailmanlaajuisessa palveluty\u00f6ss\u00e4 monin eri tavoin. Otamme osaa rotareiden nuorisovaihtoty\u00f6h\u00f6n ja t\u00e4m\u00e4n rahoittamiseksi ker\u00e4\u00e4mme varoja. Osallistumme my\u00f6s paikkakunnallamme erilaisiin tapahtumiin. Pitk\u00e4aikaisin projektimme on saanut nimen \"Helppo nakki\". Yl\u00f6j\u00e4rven seurakuntatalon pihalla vuosittain j\u00e4rjestett\u00e4v\u00e4ss\u00e4 laskiaistempauksessa klubimme j\u00e4senet paistavat ja myyv\u00e4t [&hellip;]","og_url":"https:\/\/rotary.fi\/ylojarvi\/mita-teemme\/varainhankinta-ja-lahjoitukset\/","og_site_name":"Yl\u00f6j\u00e4rven Rotaryklubi","article_modified_time":"2020-03-02T19:49:55+00:00","og_image":[{"url":"https:\/\/rotary.fi\/ylojarvi\/wp-content\/uploads\/sites\/164\/2020\/03\/pontto-6-5-300x188.jpg","type":"","width":"","height":""}],"twitter_card":"summary_large_image","twitter_misc":{"Arvioitu lukuaika":"2 minuuttia"},"schema":{"@context":"https:\/\/schema.org","@graph":[{"@type":"WebPage","@id":"https:\/\/rotary.fi\/ylojarvi\/mita-teemme\/varainhankinta-ja-lahjoitukset\/","url":"https:\/\/rotary.fi\/ylojarvi\/mita-teemme\/varainhankinta-ja-lahjoitukset\/","name":"Varainhankinta ja lahjoitukset - Yl\u00f6j\u00e4rven Rotaryklubi","isPartOf":{"@id":"https:\/\/rotary.fi\/ylojarvi\/#website"},"primaryImageOfPage":{"@id":"https:\/\/rotary.fi\/ylojarvi\/mita-teemme\/varainhankinta-ja-lahjoitukset\/#primaryimage"},"image":{"@id":"https:\/\/rotary.fi\/ylojarvi\/mita-teemme\/varainhankinta-ja-lahjoitukset\/#primaryimage"},"thumbnailUrl":"https:\/\/rotary.fi\/ylojarvi\/wp-content\/uploads\/sites\/164\/2020\/03\/pontto-6-5-300x188.jpg","datePublished":"2018-08-13T06:47:58+00:00","dateModified":"2020-03-02T19:49:55+00:00","breadcrumb":{"@id":"https:\/\/rotary.fi\/ylojarvi\/mita-teemme\/varainhankinta-ja-lahjoitukset\/#breadcrumb"},"inLanguage":"fi","potentialAction":[{"@type":"ReadAction","target":["https:\/\/rotary.fi\/ylojarvi\/mita-teemme\/varainhankinta-ja-lahjoitukset\/"]}]},{"@type":"ImageObject","inLanguage":"fi","@id":"https:\/\/rotary.fi\/ylojarvi\/mita-teemme\/varainhankinta-ja-lahjoitukset\/#primaryimage","url":"https:\/\/rotary.fi\/ylojarvi\/wp-content\/uploads\/sites\/164\/2020\/03\/pontto-6-5.jpg","contentUrl":"https:\/\/rotary.fi\/ylojarvi\/wp-content\/uploads\/sites\/164\/2020\/03\/pontto-6-5.jpg","width":2048,"height":1280},{"@type":"BreadcrumbList","@id":"https:\/\/rotary.fi\/ylojarvi\/mita-teemme\/varainhankinta-ja-lahjoitukset\/#breadcrumb","itemListElement":[{"@type":"ListItem","position":1,"name":"Home","item":"https:\/\/rotary.fi\/ylojarvi\/"},{"@type":"ListItem","position":2,"name":"Mit\u00e4 teemme","item":"https:\/\/rotary.fi\/ylojarvi\/mita-teemme\/"},{"@type":"ListItem","position":3,"name":"Varainhankinta ja lahjoitukset"}]},{"@type":"WebSite","@id":"https:\/\/rotary.fi\/ylojarvi\/#website","url":"https:\/\/rotary.fi\/ylojarvi\/","name":"Yl\u00f6j\u00e4rven Rotaryklubi","description":"Uusi Rotary klubisivusto","potentialAction":[{"@type":"SearchAction","target":{"@type":"EntryPoint","urlTemplate":"https:\/\/rotary.fi\/ylojarvi\/?s={search_term_string}"},"query-input":{"@type":"PropertyValueSpecification","valueRequired":true,"valueName":"search_term_string"}}],"inLanguage":"fi"}]}},"lang":"fi","translations":{"fi":158},"pll_sync_post":[],"_links":{"self":[{"href":"https:\/\/rotary.fi\/ylojarvi\/wp-json\/wp\/v2\/pages\/158","targetHints":{"allow":["GET"]}}],"collection":[{"href":"https:\/\/rotary.fi\/ylojarvi\/wp-json\/wp\/v2\/pages"}],"about":[{"href":"https:\/\/rotary.fi\/ylojarvi\/wp-json\/wp\/v2\/types\/page"}],"author":[{"embeddable":true,"href":"https:\/\/rotary.fi\/ylojarvi\/wp-json\/wp\/v2\/users\/1"}],"replies":[{"embeddable":true,"href":"https:\/\/rotary.fi\/ylojarvi\/wp-json\/wp\/v2\/comments?post=158"}],"version-history":[{"count":13,"href":"https:\/\/rotary.fi\/ylojarvi\/wp-json\/wp\/v2\/pages\/158\/revisions"}],"predecessor-version":[{"id":1947,"href":"https:\/\/rotary.fi\/ylojarvi\/wp-json\/wp\/v2\/pages\/158\/revisions\/1947"}],"up":[{"embeddable":true,"href":"https:\/\/rotary.fi\/ylojarvi\/wp-json\/wp\/v2\/pages\/77"}],"wp:attachment":[{"href":"https:\/\/rotary.fi\/ylojarvi\/wp-json\/wp\/v2\/media?parent=158"}],"curies":[{"name":"wp","href":"https:\/\/api.w.org\/{rel}","templated":true}]}}