{"id":156,"date":"2018-08-13T09:46:59","date_gmt":"2018-08-13T06:46:59","guid":{"rendered":"https:\/\/rotary.fi\/ylojarvi\/?page_id=156"},"modified":"2020-02-18T21:30:36","modified_gmt":"2020-02-18T19:30:36","slug":"projektit","status":"publish","type":"page","link":"https:\/\/rotary.fi\/ylojarvi\/mita-teemme\/projektit\/","title":{"rendered":"Projektit"},"content":{"rendered":"<p>[et_pb_section fb_built=&#8221;1&#8243; module_class=&#8221;jumbotron-page&#8221; _builder_version=&#8221;4.1&#8243; background_image=&#8221;https:\/\/rotary.fi\/ylojarvi\/wp-content\/uploads\/sites\/164\/2020\/02\/kokit-komeat_2.jpg&#8221; hover_enabled=&#8221;0&#8243;][et_pb_row _builder_version=&#8221;3.25&#8243; background_size=&#8221;initial&#8221; background_position=&#8221;top_left&#8221; background_repeat=&#8221;repeat&#8221;][et_pb_column type=&#8221;4_4&#8243; _builder_version=&#8221;3.25&#8243; custom_padding=&#8221;|||&#8221; custom_padding__hover=&#8221;|||&#8221;][et_pb_text admin_label=&#8221;P\u00e4\u00e4otsikko&#8221; _builder_version=&#8221;3.27.4&#8243; text_orientation=&#8221;center&#8221; background_layout=&#8221;dark&#8221;]<\/p>\n<h1>Projektit<\/h1>\n<p>[\/et_pb_text][\/et_pb_column][\/et_pb_row][\/et_pb_section][et_pb_section fb_built=&#8221;1&#8243; specialty=&#8221;on&#8221; module_class_2=&#8221;sivupalkki&#8221; _builder_version=&#8221;3.22&#8243;][et_pb_column type=&#8221;2_3&#8243; specialty_columns=&#8221;2&#8243; _builder_version=&#8221;3.25&#8243; custom_padding=&#8221;|||&#8221; parallax__hover=&#8221;off&#8221; parallax_method__hover=&#8221;on&#8221; custom_padding__hover=&#8221;|||&#8221;][et_pb_row_inner column_structure=&#8221;1_2,1_2&#8243; admin_label=&#8221;Rivi&#8221; _builder_version=&#8221;3.25&#8243;][et_pb_column_inner type=&#8221;1_2&#8243; saved_specialty_column_type=&#8221;2_3&#8243; _builder_version=&#8221;3.25&#8243; custom_padding=&#8221;|||&#8221; parallax__hover=&#8221;off&#8221; parallax_method__hover=&#8221;on&#8221; custom_padding__hover=&#8221;|||&#8221;][et_pb_text admin_label=&#8221;Projektit &#8211; Otsikko&#8221; _builder_version=&#8221;3.27.4&#8243; text_orientation=&#8221;center&#8221;]<\/p>\n<h1>Projektit<\/h1>\n<p>[\/et_pb_text][et_pb_text _builder_version=&#8221;4.1&#8243; width=&#8221;198.3%&#8221; custom_margin=&#8221;|-63px||||&#8221; custom_padding=&#8221;|0px|31px|||&#8221;]<\/p>\n<p>Rotary on palveluj\u00e4rjest\u00f6. Toimimme tunnuslauseemme <em>Palvelu itsekkyyden edelle<\/em> (<span style=\"color: #0c71c3\">Service above self<\/span>) mukaisesti paikallisesti ja maailmanlaajuisesti. Kansainv\u00e4linen humanit\u00e4\u00e4rinen palvelumme toteutuu Rotarys\u00e4\u00e4ti\u00f6mme koordinoimana ja hyv\u00e4ksyttyjen kumppaneiden kanssa.<\/p>\n<p><span style=\"color: #0c71c3\"><strong>Esimerkkej\u00e4 klubimme projekteista<\/strong><\/span><\/p>\n<p><strong>Tsholofelong, Botswana<\/strong>: Syrj\u00e4ytymisvaarassa olevien lasten ja nuorten tukiohjelma\u00a0<\/p>\n<p><strong>Hankkeen kuvaus: <\/strong>Toivon Paikka- ohjelma tukee syrj\u00e4ytymisvaarassa olevia tai orpoja lapsia ja nuoria. I\u00e4lt\u00e4\u00e4n he ovat 2 \u00bd ik\u00e4vuodesta aina aikuisuuteen saakka. Ohjelmassa on mukana 69 kouluik\u00e4ist\u00e4 (alakoulusta lukioon) , 30 p\u00e4iv\u00e4koti-ik\u00e4ist\u00e4 lasta ja yhdeks\u00e4n (9) jo ammattikoulutuksessa opiskelevaa nuorta. Heid\u00e4n vanhem-pansa, jotka ovat enimm\u00e4kseen yksinhuoltaja\u00e4itej\u00e4, saavat ohjelman kautta tukea lasten kasvatukseen ja eteenp\u00e4in viemiseen. Kahdeksan perhett\u00e4 on saanut sosiaa-lista apua ja erityisseurantaa my\u00f6s perheen\u00e4. Luvut ovat viimeisimm\u00e4st\u00e4 raportista. Yl\u00f6j\u00e4rven Rotaryklubin tuki hankkeelle USD 2000.<\/p>\n<p><span style=\"color: #0c71c3\"><strong><\/strong><\/span><\/p>\n<p><strong>Afganistan<\/strong>:\u00a0 Lukutaitoluokkien perustaminen ja yll\u00e4pito<\/p>\n<p>Yl\u00f6j\u00e4rven Rotaryklubin tuki hankkeelle USD 2000.<\/p>\n<p>&nbsp;<\/p>\n<p>&nbsp;<\/p>\n<table width=\"639\">\n<tbody>\n<tr>\n<td style=\"width: 634.19px\"><\/td>\n<\/tr>\n<tr>\n<td style=\"width: 634.19px\"><\/td>\n<\/tr>\n<\/tbody>\n<\/table>\n<p>&nbsp;<\/p>\n<p>[\/et_pb_text][\/et_pb_column_inner][et_pb_column_inner type=&#8221;1_2&#8243; saved_specialty_column_type=&#8221;2_3&#8243; _builder_version=&#8221;4.1&#8243;][\/et_pb_column_inner][\/et_pb_row_inner][\/et_pb_column][et_pb_column type=&#8221;1_3&#8243; module_class=&#8221;sivupalkki&#8221; _builder_version=&#8221;3.25&#8243; custom_padding=&#8221;|||&#8221; parallax__hover=&#8221;off&#8221; parallax_method__hover=&#8221;on&#8221; module_class__hover=&#8221;sivupalkki&#8221; custom_padding__hover=&#8221;|||&#8221;][et_pb_sidebar area=&#8221;sidebar-1&#8243; module_class=&#8221;sivupalkki_sisalto&#8221; _builder_version=&#8221;3.4.1&#8243; locked=&#8221;on&#8221;][\/et_pb_sidebar][\/et_pb_column][\/et_pb_section]<\/p>\n","protected":false},"excerpt":{"rendered":"<p>Projektit Projektit Rotary on palveluj\u00e4rjest\u00f6. Toimimme tunnuslauseemme Palvelu itsekkyyden edelle (Service above self) mukaisesti paikallisesti ja maailmanlaajuisesti. Kansainv\u00e4linen humanit\u00e4\u00e4rinen palvelumme toteutuu Rotarys\u00e4\u00e4ti\u00f6mme koordinoimana ja hyv\u00e4ksyttyjen kumppaneiden kanssa. Esimerkkej\u00e4 klubimme projekteista Tsholofelong, Botswana: Syrj\u00e4ytymisvaarassa olevien lasten ja nuorten tukiohjelma\u00a0 Hankkeen kuvaus: Toivon Paikka- ohjelma tukee syrj\u00e4ytymisvaarassa olevia tai orpoja lapsia ja nuoria. I\u00e4lt\u00e4\u00e4n he ovat 2 [&hellip;]<\/p>\n","protected":false},"author":1,"featured_media":0,"parent":77,"menu_order":0,"comment_status":"closed","ping_status":"closed","template":"","meta":{"_acf_changed":false,"_et_pb_use_builder":"on","_et_pb_old_content":"","_et_gb_content_width":"","footnotes":""},"class_list":["post-156","page","type-page","status-publish","hentry"],"acf":[],"yoast_head":"<!-- This site is optimized with the Yoast SEO plugin v27.0 - https:\/\/yoast.com\/product\/yoast-seo-wordpress\/ -->\n<title>Projektit - Yl\u00f6j\u00e4rven Rotaryklubi<\/title>\n<meta name=\"robots\" content=\"index, follow, max-snippet:-1, max-image-preview:large, max-video-preview:-1\" \/>\n<link rel=\"canonical\" href=\"https:\/\/rotary.fi\/ylojarvi\/mita-teemme\/projektit\/\" \/>\n<meta property=\"og:locale\" content=\"fi_FI\" \/>\n<meta property=\"og:type\" content=\"article\" \/>\n<meta property=\"og:title\" content=\"Projektit - Yl\u00f6j\u00e4rven Rotaryklubi\" \/>\n<meta property=\"og:description\" content=\"Projektit Projektit Rotary on palveluj\u00e4rjest\u00f6. Toimimme tunnuslauseemme Palvelu itsekkyyden edelle (Service above self) mukaisesti paikallisesti ja maailmanlaajuisesti. Kansainv\u00e4linen humanit\u00e4\u00e4rinen palvelumme toteutuu Rotarys\u00e4\u00e4ti\u00f6mme koordinoimana ja hyv\u00e4ksyttyjen kumppaneiden kanssa. Esimerkkej\u00e4 klubimme projekteista Tsholofelong, Botswana: Syrj\u00e4ytymisvaarassa olevien lasten ja nuorten tukiohjelma\u00a0 Hankkeen kuvaus: Toivon Paikka- ohjelma tukee syrj\u00e4ytymisvaarassa olevia tai orpoja lapsia ja nuoria. I\u00e4lt\u00e4\u00e4n he ovat 2 [&hellip;]\" \/>\n<meta property=\"og:url\" content=\"https:\/\/rotary.fi\/ylojarvi\/mita-teemme\/projektit\/\" \/>\n<meta property=\"og:site_name\" content=\"Yl\u00f6j\u00e4rven Rotaryklubi\" \/>\n<meta property=\"article:modified_time\" content=\"2020-02-18T19:30:36+00:00\" \/>\n<meta name=\"twitter:card\" content=\"summary_large_image\" \/>\n<meta name=\"twitter:label1\" content=\"Arvioitu lukuaika\" \/>\n\t<meta name=\"twitter:data1\" content=\"2 minuuttia\" \/>\n<script type=\"application\/ld+json\" class=\"yoast-schema-graph\">{\"@context\":\"https:\/\/schema.org\",\"@graph\":[{\"@type\":\"WebPage\",\"@id\":\"https:\/\/rotary.fi\/ylojarvi\/mita-teemme\/projektit\/\",\"url\":\"https:\/\/rotary.fi\/ylojarvi\/mita-teemme\/projektit\/\",\"name\":\"Projektit - Yl\u00f6j\u00e4rven Rotaryklubi\",\"isPartOf\":{\"@id\":\"https:\/\/rotary.fi\/ylojarvi\/#website\"},\"datePublished\":\"2018-08-13T06:46:59+00:00\",\"dateModified\":\"2020-02-18T19:30:36+00:00\",\"breadcrumb\":{\"@id\":\"https:\/\/rotary.fi\/ylojarvi\/mita-teemme\/projektit\/#breadcrumb\"},\"inLanguage\":\"fi\",\"potentialAction\":[{\"@type\":\"ReadAction\",\"target\":[\"https:\/\/rotary.fi\/ylojarvi\/mita-teemme\/projektit\/\"]}]},{\"@type\":\"BreadcrumbList\",\"@id\":\"https:\/\/rotary.fi\/ylojarvi\/mita-teemme\/projektit\/#breadcrumb\",\"itemListElement\":[{\"@type\":\"ListItem\",\"position\":1,\"name\":\"Home\",\"item\":\"https:\/\/rotary.fi\/ylojarvi\/\"},{\"@type\":\"ListItem\",\"position\":2,\"name\":\"Mit\u00e4 teemme\",\"item\":\"https:\/\/rotary.fi\/ylojarvi\/mita-teemme\/\"},{\"@type\":\"ListItem\",\"position\":3,\"name\":\"Projektit\"}]},{\"@type\":\"WebSite\",\"@id\":\"https:\/\/rotary.fi\/ylojarvi\/#website\",\"url\":\"https:\/\/rotary.fi\/ylojarvi\/\",\"name\":\"Yl\u00f6j\u00e4rven Rotaryklubi\",\"description\":\"Uusi Rotary klubisivusto\",\"potentialAction\":[{\"@type\":\"SearchAction\",\"target\":{\"@type\":\"EntryPoint\",\"urlTemplate\":\"https:\/\/rotary.fi\/ylojarvi\/?s={search_term_string}\"},\"query-input\":{\"@type\":\"PropertyValueSpecification\",\"valueRequired\":true,\"valueName\":\"search_term_string\"}}],\"inLanguage\":\"fi\"}]}<\/script>\n<!-- \/ Yoast SEO plugin. -->","yoast_head_json":{"title":"Projektit - Yl\u00f6j\u00e4rven Rotaryklubi","robots":{"index":"index","follow":"follow","max-snippet":"max-snippet:-1","max-image-preview":"max-image-preview:large","max-video-preview":"max-video-preview:-1"},"canonical":"https:\/\/rotary.fi\/ylojarvi\/mita-teemme\/projektit\/","og_locale":"fi_FI","og_type":"article","og_title":"Projektit - Yl\u00f6j\u00e4rven Rotaryklubi","og_description":"Projektit Projektit Rotary on palveluj\u00e4rjest\u00f6. Toimimme tunnuslauseemme Palvelu itsekkyyden edelle (Service above self) mukaisesti paikallisesti ja maailmanlaajuisesti. Kansainv\u00e4linen humanit\u00e4\u00e4rinen palvelumme toteutuu Rotarys\u00e4\u00e4ti\u00f6mme koordinoimana ja hyv\u00e4ksyttyjen kumppaneiden kanssa. Esimerkkej\u00e4 klubimme projekteista Tsholofelong, Botswana: Syrj\u00e4ytymisvaarassa olevien lasten ja nuorten tukiohjelma\u00a0 Hankkeen kuvaus: Toivon Paikka- ohjelma tukee syrj\u00e4ytymisvaarassa olevia tai orpoja lapsia ja nuoria. I\u00e4lt\u00e4\u00e4n he ovat 2 [&hellip;]","og_url":"https:\/\/rotary.fi\/ylojarvi\/mita-teemme\/projektit\/","og_site_name":"Yl\u00f6j\u00e4rven Rotaryklubi","article_modified_time":"2020-02-18T19:30:36+00:00","twitter_card":"summary_large_image","twitter_misc":{"Arvioitu lukuaika":"2 minuuttia"},"schema":{"@context":"https:\/\/schema.org","@graph":[{"@type":"WebPage","@id":"https:\/\/rotary.fi\/ylojarvi\/mita-teemme\/projektit\/","url":"https:\/\/rotary.fi\/ylojarvi\/mita-teemme\/projektit\/","name":"Projektit - Yl\u00f6j\u00e4rven Rotaryklubi","isPartOf":{"@id":"https:\/\/rotary.fi\/ylojarvi\/#website"},"datePublished":"2018-08-13T06:46:59+00:00","dateModified":"2020-02-18T19:30:36+00:00","breadcrumb":{"@id":"https:\/\/rotary.fi\/ylojarvi\/mita-teemme\/projektit\/#breadcrumb"},"inLanguage":"fi","potentialAction":[{"@type":"ReadAction","target":["https:\/\/rotary.fi\/ylojarvi\/mita-teemme\/projektit\/"]}]},{"@type":"BreadcrumbList","@id":"https:\/\/rotary.fi\/ylojarvi\/mita-teemme\/projektit\/#breadcrumb","itemListElement":[{"@type":"ListItem","position":1,"name":"Home","item":"https:\/\/rotary.fi\/ylojarvi\/"},{"@type":"ListItem","position":2,"name":"Mit\u00e4 teemme","item":"https:\/\/rotary.fi\/ylojarvi\/mita-teemme\/"},{"@type":"ListItem","position":3,"name":"Projektit"}]},{"@type":"WebSite","@id":"https:\/\/rotary.fi\/ylojarvi\/#website","url":"https:\/\/rotary.fi\/ylojarvi\/","name":"Yl\u00f6j\u00e4rven Rotaryklubi","description":"Uusi Rotary klubisivusto","potentialAction":[{"@type":"SearchAction","target":{"@type":"EntryPoint","urlTemplate":"https:\/\/rotary.fi\/ylojarvi\/?s={search_term_string}"},"query-input":{"@type":"PropertyValueSpecification","valueRequired":true,"valueName":"search_term_string"}}],"inLanguage":"fi"}]}},"lang":"fi","translations":{"fi":156},"pll_sync_post":[],"_links":{"self":[{"href":"https:\/\/rotary.fi\/ylojarvi\/wp-json\/wp\/v2\/pages\/156","targetHints":{"allow":["GET"]}}],"collection":[{"href":"https:\/\/rotary.fi\/ylojarvi\/wp-json\/wp\/v2\/pages"}],"about":[{"href":"https:\/\/rotary.fi\/ylojarvi\/wp-json\/wp\/v2\/types\/page"}],"author":[{"embeddable":true,"href":"https:\/\/rotary.fi\/ylojarvi\/wp-json\/wp\/v2\/users\/1"}],"replies":[{"embeddable":true,"href":"https:\/\/rotary.fi\/ylojarvi\/wp-json\/wp\/v2\/comments?post=156"}],"version-history":[{"count":10,"href":"https:\/\/rotary.fi\/ylojarvi\/wp-json\/wp\/v2\/pages\/156\/revisions"}],"predecessor-version":[{"id":1834,"href":"https:\/\/rotary.fi\/ylojarvi\/wp-json\/wp\/v2\/pages\/156\/revisions\/1834"}],"up":[{"embeddable":true,"href":"https:\/\/rotary.fi\/ylojarvi\/wp-json\/wp\/v2\/pages\/77"}],"wp:attachment":[{"href":"https:\/\/rotary.fi\/ylojarvi\/wp-json\/wp\/v2\/media?parent=156"}],"curies":[{"name":"wp","href":"https:\/\/api.w.org\/{rel}","templated":true}]}}