{"id":138,"date":"2018-08-10T14:01:44","date_gmt":"2018-08-10T11:01:44","guid":{"rendered":"https:\/\/rotary.fi\/klubi2\/?page_id=138"},"modified":"2022-07-26T21:20:42","modified_gmt":"2022-07-26T18:20:42","slug":"vuositeema","status":"publish","type":"page","link":"https:\/\/rotary.fi\/ylojarvi\/keita-olemme\/vuositeema\/","title":{"rendered":"Vuositeema"},"content":{"rendered":"<p>[et_pb_section fb_built=&#8221;1&#8243; module_class=&#8221;jumbotron-page&#8221; _builder_version=&#8221;4.16&#8243; background_image=&#8221;https:\/\/rotary.fi\/ylojarvi\/wp-content\/uploads\/sites\/164\/2021\/07\/shekhar-mehta-2.png&#8221; width=&#8221;100%&#8221; min_height=&#8221;545px&#8221; custom_margin=&#8221;|-133px|265px|||&#8221; custom_padding=&#8221;0px||99px|||&#8221; global_colors_info=&#8221;{}&#8221;][\/et_pb_section][et_pb_section fb_built=&#8221;1&#8243; specialty=&#8221;on&#8221; module_class_2=&#8221;sivupalkki&#8221; _builder_version=&#8221;4.16&#8243; min_height=&#8221;1399.1px&#8221; custom_margin=&#8221;-268px|||||&#8221; global_colors_info=&#8221;{}&#8221;][et_pb_column type=&#8221;2_3&#8243; specialty_columns=&#8221;2&#8243; _builder_version=&#8221;4.16&#8243; custom_padding=&#8221;|||&#8221; global_colors_info=&#8221;{}&#8221; custom_padding__hover=&#8221;|||&#8221;][et_pb_row_inner admin_label=&#8221;Rivi&#8221; _builder_version=&#8221;4.16&#8243; background_enable_image=&#8221;off&#8221; background_blend=&#8221;lighten&#8221; min_height=&#8221;839.9px&#8221; global_colors_info=&#8221;{}&#8221;][et_pb_column_inner saved_specialty_column_type=&#8221;2_3&#8243; _builder_version=&#8221;4.16&#8243; custom_padding=&#8221;|||&#8221; global_colors_info=&#8221;{}&#8221; custom_padding__hover=&#8221;|||&#8221;][et_pb_text admin_label=&#8221;Rotary Internationalin vuositeema &#8211; Otsikko&#8221; _builder_version=&#8221;4.16&#8243; text_orientation=&#8221;center&#8221; global_colors_info=&#8221;{}&#8221;]<\/p>\n<h1>Rotary Internationalin vuositeema<\/h1>\n<p>[\/et_pb_text][et_pb_text _builder_version=&#8221;4.16&#8243; global_colors_info=&#8221;{}&#8221;]<\/p>\n<h3>2022-23: Imagine Rotary<\/h3>\n<div class=\"ds-1col node node-image portrait view-mode-nodia clearfix\">\n<div class=\"field rotary-responsive-image\"><img decoding=\"async\" class=\"adaptive-image border\" data-adaptive-image-breakpoint=\"960\" src=\"https:\/\/my-cms.rotary.org\/sites\/default\/files\/styles\/rotary_responsive_280\/public\/Theme-2022-2023-en_0.png?itok=H5deJd7V\" alt=\"2022-2023 Theme logo - EN\" \/><\/div>\n<div class=\"field rotary-responsive-image\"><\/div>\n<div class=\"field rotary-responsive-image\"><\/div>\n<\/div>\n<p>RI President-elect Jennifer Jones imagines a Rotary where members act to make their dreams become reality and they make the most of their club experiences. She urges members to engage more with each other and use these connections to build partnerships that change the world.<\/p>\n<p>&nbsp;<\/p>\n<p><strong><\/strong><\/p>\n<p>[\/et_pb_text][\/et_pb_column_inner][\/et_pb_row_inner][et_pb_row_inner admin_label=&#8221;Rivi&#8221; _builder_version=&#8221;4.16&#8243; min_height=&#8221;328.2px&#8221; global_colors_info=&#8221;{}&#8221;][et_pb_column_inner saved_specialty_column_type=&#8221;2_3&#8243; _builder_version=&#8221;4.16&#8243; custom_padding=&#8221;|||&#8221; global_colors_info=&#8221;{}&#8221; custom_padding__hover=&#8221;|||&#8221;][et_pb_text admin_label=&#8221;Klubin vuositeema &#8211; Otsikko&#8221; _builder_version=&#8221;4.16&#8243; text_orientation=&#8221;center&#8221; global_colors_info=&#8221;{}&#8221;]<\/p>\n<h4>Yl\u00f6j\u00e4rven Rotaryklubin vuositeema\u00a0<\/h4>\n<p>[\/et_pb_text][et_pb_text _builder_version=&#8221;4.16&#8243; custom_padding=&#8221;0px|||||&#8221; global_colors_info=&#8221;{}&#8221;]<\/p>\n<p class=\"p1\"><span class=\"s1\">Oma klubimme teema on <em>Ihmisten orkesteri<\/em>. Rotaryvuonna 2121-22 pyrimme monipuolistamaan ja nuorentamaan j\u00e4senkuntaamme. Tarvitsemme joukkoomme uusia idearikkaita ihmisi\u00e4. Joukossamme tarvitaan syd\u00e4nt\u00e4 ja huumorintajua. Rotarius on sis\u00e4isen kasvun tarina. Arvojemme mukana ja keskell\u00e4 el\u00e4mist\u00e4. Erilaisten ihmisten kohtaamista. Vuorovaikutuksesta oppimista. Kaikki n\u00e4m\u00e4 ovat ulottuvillamme. Olemalla mukana. Toisista v\u00e4litt\u00e4m\u00e4ll\u00e4.\u00a0<\/span><\/p>\n<p>[\/et_pb_text][\/et_pb_column_inner][\/et_pb_row_inner][\/et_pb_column][et_pb_column type=&#8221;1_3&#8243; _builder_version=&#8221;4.16&#8243; custom_padding=&#8221;|||&#8221; global_colors_info=&#8221;{}&#8221; custom_padding__hover=&#8221;|||&#8221;][et_pb_sidebar area=&#8221;sidebar-1&#8243; module_class=&#8221;sivupalkki_sisalto&#8221; _builder_version=&#8221;4.16&#8243; locked=&#8221;on&#8221; global_colors_info=&#8221;{}&#8221;][\/et_pb_sidebar][\/et_pb_column][\/et_pb_section]<\/p>\n","protected":false},"excerpt":{"rendered":"<p>Rotary Internationalin vuositeema 2022-23: Imagine Rotary RI President-elect Jennifer Jones imagines a Rotary where members act to make their dreams become reality and they make the most of their club experiences. She urges members to engage more with each other and use these connections to build partnerships that change the world. &nbsp; Yl\u00f6j\u00e4rven Rotaryklubin vuositeema\u00a0Oma [&hellip;]<\/p>\n","protected":false},"author":1,"featured_media":0,"parent":129,"menu_order":0,"comment_status":"closed","ping_status":"closed","template":"","meta":{"_acf_changed":false,"_et_pb_use_builder":"on","_et_pb_old_content":"","_et_gb_content_width":"","footnotes":""},"class_list":["post-138","page","type-page","status-publish","hentry"],"acf":[],"yoast_head":"<!-- This site is optimized with the Yoast SEO plugin v27.0 - https:\/\/yoast.com\/product\/yoast-seo-wordpress\/ -->\n<title>Vuositeema - Yl\u00f6j\u00e4rven Rotaryklubi<\/title>\n<meta name=\"robots\" content=\"index, follow, max-snippet:-1, max-image-preview:large, max-video-preview:-1\" \/>\n<link rel=\"canonical\" href=\"https:\/\/rotary.fi\/ylojarvi\/keita-olemme\/vuositeema\/\" \/>\n<meta property=\"og:locale\" content=\"fi_FI\" \/>\n<meta property=\"og:type\" content=\"article\" \/>\n<meta property=\"og:title\" content=\"Vuositeema - Yl\u00f6j\u00e4rven Rotaryklubi\" \/>\n<meta property=\"og:description\" content=\"Rotary Internationalin vuositeema 2022-23: Imagine Rotary RI President-elect Jennifer Jones imagines a Rotary where members act to make their dreams become reality and they make the most of their club experiences. She urges members to engage more with each other and use these connections to build partnerships that change the world. &nbsp; Yl\u00f6j\u00e4rven Rotaryklubin vuositeema\u00a0Oma [&hellip;]\" \/>\n<meta property=\"og:url\" content=\"https:\/\/rotary.fi\/ylojarvi\/keita-olemme\/vuositeema\/\" \/>\n<meta property=\"og:site_name\" content=\"Yl\u00f6j\u00e4rven Rotaryklubi\" \/>\n<meta property=\"article:modified_time\" content=\"2022-07-26T18:20:42+00:00\" \/>\n<meta property=\"og:image\" content=\"https:\/\/my-cms.rotary.org\/sites\/default\/files\/styles\/rotary_responsive_280\/public\/Theme-2022-2023-en_0.png?itok=H5deJd7V\" \/>\n<meta name=\"twitter:card\" content=\"summary_large_image\" \/>\n<meta name=\"twitter:label1\" content=\"Arvioitu lukuaika\" \/>\n\t<meta name=\"twitter:data1\" content=\"2 minuuttia\" \/>\n<script type=\"application\/ld+json\" class=\"yoast-schema-graph\">{\"@context\":\"https:\/\/schema.org\",\"@graph\":[{\"@type\":\"WebPage\",\"@id\":\"https:\/\/rotary.fi\/ylojarvi\/keita-olemme\/vuositeema\/\",\"url\":\"https:\/\/rotary.fi\/ylojarvi\/keita-olemme\/vuositeema\/\",\"name\":\"Vuositeema - Yl\u00f6j\u00e4rven Rotaryklubi\",\"isPartOf\":{\"@id\":\"https:\/\/rotary.fi\/ylojarvi\/#website\"},\"primaryImageOfPage\":{\"@id\":\"https:\/\/rotary.fi\/ylojarvi\/keita-olemme\/vuositeema\/#primaryimage\"},\"image\":{\"@id\":\"https:\/\/rotary.fi\/ylojarvi\/keita-olemme\/vuositeema\/#primaryimage\"},\"thumbnailUrl\":\"https:\/\/my-cms.rotary.org\/sites\/default\/files\/styles\/rotary_responsive_280\/public\/Theme-2022-2023-en_0.png?itok=H5deJd7V\",\"datePublished\":\"2018-08-10T11:01:44+00:00\",\"dateModified\":\"2022-07-26T18:20:42+00:00\",\"breadcrumb\":{\"@id\":\"https:\/\/rotary.fi\/ylojarvi\/keita-olemme\/vuositeema\/#breadcrumb\"},\"inLanguage\":\"fi\",\"potentialAction\":[{\"@type\":\"ReadAction\",\"target\":[\"https:\/\/rotary.fi\/ylojarvi\/keita-olemme\/vuositeema\/\"]}]},{\"@type\":\"ImageObject\",\"inLanguage\":\"fi\",\"@id\":\"https:\/\/rotary.fi\/ylojarvi\/keita-olemme\/vuositeema\/#primaryimage\",\"url\":\"https:\/\/my-cms.rotary.org\/sites\/default\/files\/styles\/rotary_responsive_280\/public\/Theme-2022-2023-en_0.png?itok=H5deJd7V\",\"contentUrl\":\"https:\/\/my-cms.rotary.org\/sites\/default\/files\/styles\/rotary_responsive_280\/public\/Theme-2022-2023-en_0.png?itok=H5deJd7V\"},{\"@type\":\"BreadcrumbList\",\"@id\":\"https:\/\/rotary.fi\/ylojarvi\/keita-olemme\/vuositeema\/#breadcrumb\",\"itemListElement\":[{\"@type\":\"ListItem\",\"position\":1,\"name\":\"Home\",\"item\":\"https:\/\/rotary.fi\/ylojarvi\/\"},{\"@type\":\"ListItem\",\"position\":2,\"name\":\"Keit\u00e4 olemme\",\"item\":\"https:\/\/rotary.fi\/ylojarvi\/keita-olemme\/\"},{\"@type\":\"ListItem\",\"position\":3,\"name\":\"Vuositeema\"}]},{\"@type\":\"WebSite\",\"@id\":\"https:\/\/rotary.fi\/ylojarvi\/#website\",\"url\":\"https:\/\/rotary.fi\/ylojarvi\/\",\"name\":\"Yl\u00f6j\u00e4rven Rotaryklubi\",\"description\":\"Uusi Rotary klubisivusto\",\"potentialAction\":[{\"@type\":\"SearchAction\",\"target\":{\"@type\":\"EntryPoint\",\"urlTemplate\":\"https:\/\/rotary.fi\/ylojarvi\/?s={search_term_string}\"},\"query-input\":{\"@type\":\"PropertyValueSpecification\",\"valueRequired\":true,\"valueName\":\"search_term_string\"}}],\"inLanguage\":\"fi\"}]}<\/script>\n<!-- \/ Yoast SEO plugin. -->","yoast_head_json":{"title":"Vuositeema - Yl\u00f6j\u00e4rven Rotaryklubi","robots":{"index":"index","follow":"follow","max-snippet":"max-snippet:-1","max-image-preview":"max-image-preview:large","max-video-preview":"max-video-preview:-1"},"canonical":"https:\/\/rotary.fi\/ylojarvi\/keita-olemme\/vuositeema\/","og_locale":"fi_FI","og_type":"article","og_title":"Vuositeema - Yl\u00f6j\u00e4rven Rotaryklubi","og_description":"Rotary Internationalin vuositeema 2022-23: Imagine Rotary RI President-elect Jennifer Jones imagines a Rotary where members act to make their dreams become reality and they make the most of their club experiences. She urges members to engage more with each other and use these connections to build partnerships that change the world. &nbsp; Yl\u00f6j\u00e4rven Rotaryklubin vuositeema\u00a0Oma [&hellip;]","og_url":"https:\/\/rotary.fi\/ylojarvi\/keita-olemme\/vuositeema\/","og_site_name":"Yl\u00f6j\u00e4rven Rotaryklubi","article_modified_time":"2022-07-26T18:20:42+00:00","og_image":[{"url":"https:\/\/my-cms.rotary.org\/sites\/default\/files\/styles\/rotary_responsive_280\/public\/Theme-2022-2023-en_0.png?itok=H5deJd7V","type":"","width":"","height":""}],"twitter_card":"summary_large_image","twitter_misc":{"Arvioitu lukuaika":"2 minuuttia"},"schema":{"@context":"https:\/\/schema.org","@graph":[{"@type":"WebPage","@id":"https:\/\/rotary.fi\/ylojarvi\/keita-olemme\/vuositeema\/","url":"https:\/\/rotary.fi\/ylojarvi\/keita-olemme\/vuositeema\/","name":"Vuositeema - Yl\u00f6j\u00e4rven Rotaryklubi","isPartOf":{"@id":"https:\/\/rotary.fi\/ylojarvi\/#website"},"primaryImageOfPage":{"@id":"https:\/\/rotary.fi\/ylojarvi\/keita-olemme\/vuositeema\/#primaryimage"},"image":{"@id":"https:\/\/rotary.fi\/ylojarvi\/keita-olemme\/vuositeema\/#primaryimage"},"thumbnailUrl":"https:\/\/my-cms.rotary.org\/sites\/default\/files\/styles\/rotary_responsive_280\/public\/Theme-2022-2023-en_0.png?itok=H5deJd7V","datePublished":"2018-08-10T11:01:44+00:00","dateModified":"2022-07-26T18:20:42+00:00","breadcrumb":{"@id":"https:\/\/rotary.fi\/ylojarvi\/keita-olemme\/vuositeema\/#breadcrumb"},"inLanguage":"fi","potentialAction":[{"@type":"ReadAction","target":["https:\/\/rotary.fi\/ylojarvi\/keita-olemme\/vuositeema\/"]}]},{"@type":"ImageObject","inLanguage":"fi","@id":"https:\/\/rotary.fi\/ylojarvi\/keita-olemme\/vuositeema\/#primaryimage","url":"https:\/\/my-cms.rotary.org\/sites\/default\/files\/styles\/rotary_responsive_280\/public\/Theme-2022-2023-en_0.png?itok=H5deJd7V","contentUrl":"https:\/\/my-cms.rotary.org\/sites\/default\/files\/styles\/rotary_responsive_280\/public\/Theme-2022-2023-en_0.png?itok=H5deJd7V"},{"@type":"BreadcrumbList","@id":"https:\/\/rotary.fi\/ylojarvi\/keita-olemme\/vuositeema\/#breadcrumb","itemListElement":[{"@type":"ListItem","position":1,"name":"Home","item":"https:\/\/rotary.fi\/ylojarvi\/"},{"@type":"ListItem","position":2,"name":"Keit\u00e4 olemme","item":"https:\/\/rotary.fi\/ylojarvi\/keita-olemme\/"},{"@type":"ListItem","position":3,"name":"Vuositeema"}]},{"@type":"WebSite","@id":"https:\/\/rotary.fi\/ylojarvi\/#website","url":"https:\/\/rotary.fi\/ylojarvi\/","name":"Yl\u00f6j\u00e4rven Rotaryklubi","description":"Uusi Rotary klubisivusto","potentialAction":[{"@type":"SearchAction","target":{"@type":"EntryPoint","urlTemplate":"https:\/\/rotary.fi\/ylojarvi\/?s={search_term_string}"},"query-input":{"@type":"PropertyValueSpecification","valueRequired":true,"valueName":"search_term_string"}}],"inLanguage":"fi"}]}},"lang":"fi","translations":{"fi":138},"pll_sync_post":[],"_links":{"self":[{"href":"https:\/\/rotary.fi\/ylojarvi\/wp-json\/wp\/v2\/pages\/138","targetHints":{"allow":["GET"]}}],"collection":[{"href":"https:\/\/rotary.fi\/ylojarvi\/wp-json\/wp\/v2\/pages"}],"about":[{"href":"https:\/\/rotary.fi\/ylojarvi\/wp-json\/wp\/v2\/types\/page"}],"author":[{"embeddable":true,"href":"https:\/\/rotary.fi\/ylojarvi\/wp-json\/wp\/v2\/users\/1"}],"replies":[{"embeddable":true,"href":"https:\/\/rotary.fi\/ylojarvi\/wp-json\/wp\/v2\/comments?post=138"}],"version-history":[{"count":10,"href":"https:\/\/rotary.fi\/ylojarvi\/wp-json\/wp\/v2\/pages\/138\/revisions"}],"predecessor-version":[{"id":2513,"href":"https:\/\/rotary.fi\/ylojarvi\/wp-json\/wp\/v2\/pages\/138\/revisions\/2513"}],"up":[{"embeddable":true,"href":"https:\/\/rotary.fi\/ylojarvi\/wp-json\/wp\/v2\/pages\/129"}],"wp:attachment":[{"href":"https:\/\/rotary.fi\/ylojarvi\/wp-json\/wp\/v2\/media?parent=138"}],"curies":[{"name":"wp","href":"https:\/\/api.w.org\/{rel}","templated":true}]}}