{"id":129,"date":"2018-08-10T13:41:39","date_gmt":"2018-08-10T10:41:39","guid":{"rendered":"https:\/\/rotary.fi\/klubi2\/?page_id=129"},"modified":"2021-08-07T20:25:11","modified_gmt":"2021-08-07T17:25:11","slug":"keita-olemme","status":"publish","type":"page","link":"https:\/\/rotary.fi\/ylojarvi\/keita-olemme\/","title":{"rendered":"Keit\u00e4 olemme"},"content":{"rendered":"<p>[et_pb_section fb_built=&#8221;1&#8243; module_class=&#8221;jumbotron-page&#8221; _builder_version=&#8221;4.9.4&#8243; background_image=&#8221;https:\/\/rotary.fi\/ylojarvi\/wp-content\/uploads\/sites\/164\/2021\/07\/ryhma-2e.jpg&#8221; custom_margin=&#8221;||37px|||&#8221; custom_padding=&#8221;||30px|||&#8221;][et_pb_row _builder_version=&#8221;3.25&#8243; background_size=&#8221;initial&#8221; background_position=&#8221;top_left&#8221; background_repeat=&#8221;repeat&#8221; min_height=&#8221;143.8px&#8221;][et_pb_column type=&#8221;4_4&#8243; _builder_version=&#8221;3.25&#8243; custom_padding=&#8221;|||&#8221; custom_padding__hover=&#8221;|||&#8221;][et_pb_text admin_label=&#8221;P\u00e4\u00e4otsikko&#8221; _builder_version=&#8221;4.9.4&#8243; text_orientation=&#8221;center&#8221; background_layout=&#8221;dark&#8221; min_height=&#8221;163.8px&#8221; custom_margin=&#8221;-100px|||||&#8221; custom_padding=&#8221;0px|||386px||&#8221;]<\/p>\n<h3><\/h3>\n<p>[\/et_pb_text][\/et_pb_column][\/et_pb_row][\/et_pb_section][et_pb_section fb_built=&#8221;1&#8243; specialty=&#8221;on&#8221; module_class_2=&#8221;sivupalkki&#8221; _builder_version=&#8221;3.22&#8243;][et_pb_column type=&#8221;2_3&#8243; specialty_columns=&#8221;2&#8243; _builder_version=&#8221;3.25&#8243; custom_padding=&#8221;|||&#8221; custom_padding__hover=&#8221;|||&#8221;][et_pb_row_inner admin_label=&#8221;Rivi&#8221; _builder_version=&#8221;3.25&#8243; custom_padding=&#8221;0px|||||&#8221;][et_pb_column_inner saved_specialty_column_type=&#8221;2_3&#8243; _builder_version=&#8221;3.25&#8243; custom_padding=&#8221;|||&#8221; custom_padding__hover=&#8221;|||&#8221;][et_pb_text admin_label=&#8221;Otsikko&#8221; _builder_version=&#8221;3.27.4&#8243; text_orientation=&#8221;center&#8221;]<\/p>\n<h1>Keit\u00e4 olemme<\/h1>\n<p>[\/et_pb_text][et_pb_text _builder_version=&#8221;4.1&#8243;]<\/p>\n<p>\u00a0Usein kysyt\u00e4\u00e4n, mik\u00e4 se Rotary oikein on? Rotary itse m\u00e4\u00e4rittelee sen n\u00e4in:<\/p>\n<p><strong>Yhdess\u00e4 n\u00e4emme maailman, jossa ihmiset yhteisty\u00f6ss\u00e4 <\/strong><strong style=\"font-size: 16px\">tekev\u00e4t kest\u00e4v\u00e4n muutoksen &#8211; maailmanlaajuisesti, <\/strong><strong>yhteis\u00f6iss\u00e4mme ja\u00a0<\/strong><strong>itsess\u00e4mme.<\/strong><\/p>\n<p>Yl\u00f6j\u00e4rven Rotaryklubi toteuttaa t\u00e4t\u00e4 toiminta-ajatusta Yl\u00f6j\u00e4rven talousalueella. Tapaamme toisiamme, kuulemme kiinnostavia esitelmi\u00e4 ja edist\u00e4mme hyv\u00e4\u00e4 omalla paikkakunnallamme. K\u00e4ymme my\u00f6s vierailemassa erilaisissa kohteissa. Tuemme kansainv\u00e4lisen Rotaryn humanitaarisia projekteja, osallistumme nuorisovaihtoon ja edist\u00e4mme l\u00e4hiseudun hyvinvointia.<\/p>\n<p>Klubimme on perustettu 7.11.1997. Kummiklubimme on Pirkkalan Rotaryklubi. Klubissamme on 29 j\u00e4sent\u00e4. Olemme osa piiri\u00e4 <a href=\"https:\/\/rotary.fi\/d1390\/\">1390<\/a>.\u00a0<\/p>\n<p>&nbsp;<\/p>\n<h4>Rotary on el\u00e4m\u00e4ntapa. Rotary on el\u00e4m\u00e4nasenne.<\/h4>\n<p>&nbsp;<\/p>\n<p>Monien rotaryklubien tapaan my\u00f6s Yl\u00f6j\u00e4rven Rotaryklubi on mukana Rotarynuorisovaihdon tukemisessa. Klubimme on l\u00e4hett\u00e4nyt nuoria sek\u00e4 vuosi- ett\u00e4 kes\u00e4vaihtoon. Meid\u00e4n mielest\u00e4mme nuorisovaihto on mit\u00e4 parhainta ruohonjuuritason kansainv\u00e4listymis- ja rauhankasvatusta. Jokainen vaihdosta palannut nuori tulee kotiin t\u00e4ynn\u00e4 itsevarmuutta, esiintymiskykyisen\u00e4 ja kielitaidostaan iloisena. &#8221;El\u00e4m\u00e4ni paras vuosi&#8221; tulee kuin yhdest\u00e4 suusta.<\/p>\n<p>Klubissamme pid\u00e4mme my\u00f6s arvossa kansainv\u00e4lisen Rotary Internationalin ponnisteluja paremman el\u00e4m\u00e4n puolesta muun muassa polion h\u00e4vitt\u00e4miseksi maapallolta. Pelk\u00e4st\u00e4\u00e4n t\u00e4h\u00e4n ty\u00f6h\u00f6n Rotary on suunnannut runsaasti vapaaehtoisty\u00f6voimaa sek\u00e4 yli 1,2 miljardia US-dollaria.<\/p>\n<p><strong>Rotarius on sis\u00e4isen kasvun tarina. Arvojemme mukana ja keskell\u00e4 el\u00e4mist\u00e4. Erilaisten ihmisten kohtaamista. Vuorovaikutuksesta oppimista. N\u00e4m\u00e4 kaikki ovat ulottuvillamme. Olemalla mukana. Oivaltamalla. Syd\u00e4mell\u00e4 ja huumorintajulla. Toisista v\u00e4litt\u00e4m\u00e4ll\u00e4. Toinen toistamme tukien.<\/strong><\/p>\n<p><strong><\/strong><\/p>\n<h4>Vaikuttava kansainv\u00e4linen verkosto<\/h4>\n<p>Rotary on Chicagossa 23.2.1905 perustettu kansainv\u00e4linen palvelu- ja hyv\u00e4ntekev\u00e4isyysorganisaatio. Tunnuslauseemme on <em>Palvelu itsekkyyden edelle<\/em> (<span style=\"color: #0c71c3\">Service Above Self<\/span>).<\/p>\n<p>Rotaryyn kuuluu 1,2 miljoona j\u00e4sent\u00e4 35 000 klubissa yli 200 maassa. Rotary on merkitt\u00e4v\u00e4 kansainv\u00e4linen palvelu- ja hyv\u00e4ntekev\u00e4isyysj\u00e4rjest\u00f6. Suomi on jaettu kuuteen rotarypiiriin, joista yhteen kuuluvat my\u00f6s Viron klubit. Suomessa ja Virossa on yhteens\u00e4 300 klubia, joissa runsaat 10\u00a0000 rotaria.<\/p>\n<p>[\/et_pb_text][\/et_pb_column_inner][\/et_pb_row_inner][\/et_pb_column][et_pb_column type=&#8221;1_3&#8243; _builder_version=&#8221;3.25&#8243; custom_padding=&#8221;|||&#8221; custom_padding__hover=&#8221;|||&#8221;][et_pb_sidebar area=&#8221;sidebar-1&#8243; module_class=&#8221;sivupalkki_sisalto&#8221; _builder_version=&#8221;3.4.1&#8243; locked=&#8221;on&#8221;]<\/p>\n<p>[\/et_pb_sidebar][\/et_pb_column][\/et_pb_section]<\/p>\n","protected":false},"excerpt":{"rendered":"<p>Keit\u00e4 olemme \u00a0Usein kysyt\u00e4\u00e4n, mik\u00e4 se Rotary oikein on? Rotary itse m\u00e4\u00e4rittelee sen n\u00e4in: Yhdess\u00e4 n\u00e4emme maailman, jossa ihmiset yhteisty\u00f6ss\u00e4 tekev\u00e4t kest\u00e4v\u00e4n muutoksen &#8211; maailmanlaajuisesti, yhteis\u00f6iss\u00e4mme ja\u00a0itsess\u00e4mme. Yl\u00f6j\u00e4rven Rotaryklubi toteuttaa t\u00e4t\u00e4 toiminta-ajatusta Yl\u00f6j\u00e4rven talousalueella. Tapaamme toisiamme, kuulemme kiinnostavia esitelmi\u00e4 ja edist\u00e4mme hyv\u00e4\u00e4 omalla paikkakunnallamme. K\u00e4ymme my\u00f6s vierailemassa erilaisissa kohteissa. Tuemme kansainv\u00e4lisen Rotaryn humanitaarisia projekteja, osallistumme [&hellip;]<\/p>\n","protected":false},"author":1,"featured_media":0,"parent":0,"menu_order":0,"comment_status":"closed","ping_status":"closed","template":"","meta":{"_acf_changed":false,"_et_pb_use_builder":"on","_et_pb_old_content":"","_et_gb_content_width":"","footnotes":""},"class_list":["post-129","page","type-page","status-publish","hentry"],"acf":[],"yoast_head":"<!-- This site is optimized with the Yoast SEO plugin v27.0 - https:\/\/yoast.com\/product\/yoast-seo-wordpress\/ -->\n<title>Keit\u00e4 olemme - Yl\u00f6j\u00e4rven Rotaryklubi<\/title>\n<meta name=\"description\" content=\"Usein kysyt\u00e4\u00e4n, mik\u00e4 se Rotary oikein on? Rotary itse m\u00e4\u00e4rittelee sen n\u00e4in: Yhdess\u00e4 n\u00e4emme maailman, jossa ihmiset yhteisty\u00f6ss\u00e4 tekev\u00e4t kest\u00e4v\u00e4n muutoksen \u2013 maailmanlaajuisesti, yhteis\u00f6iss\u00e4mme ja itsess\u00e4mme. Yl\u00f6j\u00e4rven Rotaryklubi toteuttaa t\u00e4t\u00e4 toiminta-ajatusta Yl\u00f6j\u00e4rven talousalueella. Tapaamme toisiamme, kuulemme kiinnostavia esitelmi\u00e4 ja edist\u00e4mme hyv\u00e4\u00e4 omalla paikkakunnallamme. K\u00e4ymme my\u00f6s vierailemassa erilaisissa kohteissa. Tuemme kansainv\u00e4lisen Rotaryn humanitaarisia projekteja, osallistumme nuorisovaihtoon ja edist\u00e4mme l\u00e4hiseudun hyvinvointia.\" \/>\n<meta name=\"robots\" content=\"index, follow, max-snippet:-1, max-image-preview:large, max-video-preview:-1\" \/>\n<link rel=\"canonical\" href=\"https:\/\/rotary.fi\/ylojarvi\/keita-olemme\/\" \/>\n<meta property=\"og:locale\" content=\"fi_FI\" \/>\n<meta property=\"og:type\" content=\"article\" \/>\n<meta property=\"og:title\" content=\"Keit\u00e4 olemme - Yl\u00f6j\u00e4rven Rotaryklubi\" \/>\n<meta property=\"og:description\" content=\"Usein kysyt\u00e4\u00e4n, mik\u00e4 se Rotary oikein on? Rotary itse m\u00e4\u00e4rittelee sen n\u00e4in: Yhdess\u00e4 n\u00e4emme maailman, jossa ihmiset yhteisty\u00f6ss\u00e4 tekev\u00e4t kest\u00e4v\u00e4n muutoksen \u2013 maailmanlaajuisesti, yhteis\u00f6iss\u00e4mme ja itsess\u00e4mme. Yl\u00f6j\u00e4rven Rotaryklubi toteuttaa t\u00e4t\u00e4 toiminta-ajatusta Yl\u00f6j\u00e4rven talousalueella. Tapaamme toisiamme, kuulemme kiinnostavia esitelmi\u00e4 ja edist\u00e4mme hyv\u00e4\u00e4 omalla paikkakunnallamme. K\u00e4ymme my\u00f6s vierailemassa erilaisissa kohteissa. Tuemme kansainv\u00e4lisen Rotaryn humanitaarisia projekteja, osallistumme nuorisovaihtoon ja edist\u00e4mme l\u00e4hiseudun hyvinvointia.\" \/>\n<meta property=\"og:url\" content=\"https:\/\/rotary.fi\/ylojarvi\/keita-olemme\/\" \/>\n<meta property=\"og:site_name\" content=\"Yl\u00f6j\u00e4rven Rotaryklubi\" \/>\n<meta property=\"article:modified_time\" content=\"2021-08-07T17:25:11+00:00\" \/>\n<meta name=\"twitter:card\" content=\"summary_large_image\" \/>\n<meta name=\"twitter:label1\" content=\"Arvioitu lukuaika\" \/>\n\t<meta name=\"twitter:data1\" content=\"2 minuuttia\" \/>\n<script type=\"application\/ld+json\" class=\"yoast-schema-graph\">{\"@context\":\"https:\/\/schema.org\",\"@graph\":[{\"@type\":\"WebPage\",\"@id\":\"https:\/\/rotary.fi\/ylojarvi\/keita-olemme\/\",\"url\":\"https:\/\/rotary.fi\/ylojarvi\/keita-olemme\/\",\"name\":\"Keit\u00e4 olemme - Yl\u00f6j\u00e4rven Rotaryklubi\",\"isPartOf\":{\"@id\":\"https:\/\/rotary.fi\/ylojarvi\/#website\"},\"datePublished\":\"2018-08-10T10:41:39+00:00\",\"dateModified\":\"2021-08-07T17:25:11+00:00\",\"description\":\"Usein kysyt\u00e4\u00e4n, mik\u00e4 se Rotary oikein on? Rotary itse m\u00e4\u00e4rittelee sen n\u00e4in: Yhdess\u00e4 n\u00e4emme maailman, jossa ihmiset yhteisty\u00f6ss\u00e4 tekev\u00e4t kest\u00e4v\u00e4n muutoksen \u2013 maailmanlaajuisesti, yhteis\u00f6iss\u00e4mme ja itsess\u00e4mme. Yl\u00f6j\u00e4rven Rotaryklubi toteuttaa t\u00e4t\u00e4 toiminta-ajatusta Yl\u00f6j\u00e4rven talousalueella. Tapaamme toisiamme, kuulemme kiinnostavia esitelmi\u00e4 ja edist\u00e4mme hyv\u00e4\u00e4 omalla paikkakunnallamme. K\u00e4ymme my\u00f6s vierailemassa erilaisissa kohteissa. Tuemme kansainv\u00e4lisen Rotaryn humanitaarisia projekteja, osallistumme nuorisovaihtoon ja edist\u00e4mme l\u00e4hiseudun hyvinvointia.\",\"breadcrumb\":{\"@id\":\"https:\/\/rotary.fi\/ylojarvi\/keita-olemme\/#breadcrumb\"},\"inLanguage\":\"fi\",\"potentialAction\":[{\"@type\":\"ReadAction\",\"target\":[\"https:\/\/rotary.fi\/ylojarvi\/keita-olemme\/\"]}]},{\"@type\":\"BreadcrumbList\",\"@id\":\"https:\/\/rotary.fi\/ylojarvi\/keita-olemme\/#breadcrumb\",\"itemListElement\":[{\"@type\":\"ListItem\",\"position\":1,\"name\":\"Home\",\"item\":\"https:\/\/rotary.fi\/ylojarvi\/\"},{\"@type\":\"ListItem\",\"position\":2,\"name\":\"Keit\u00e4 olemme\"}]},{\"@type\":\"WebSite\",\"@id\":\"https:\/\/rotary.fi\/ylojarvi\/#website\",\"url\":\"https:\/\/rotary.fi\/ylojarvi\/\",\"name\":\"Yl\u00f6j\u00e4rven Rotaryklubi\",\"description\":\"Uusi Rotary klubisivusto\",\"potentialAction\":[{\"@type\":\"SearchAction\",\"target\":{\"@type\":\"EntryPoint\",\"urlTemplate\":\"https:\/\/rotary.fi\/ylojarvi\/?s={search_term_string}\"},\"query-input\":{\"@type\":\"PropertyValueSpecification\",\"valueRequired\":true,\"valueName\":\"search_term_string\"}}],\"inLanguage\":\"fi\"}]}<\/script>\n<!-- \/ Yoast SEO plugin. -->","yoast_head_json":{"title":"Keit\u00e4 olemme - Yl\u00f6j\u00e4rven Rotaryklubi","description":"Usein kysyt\u00e4\u00e4n, mik\u00e4 se Rotary oikein on? Rotary itse m\u00e4\u00e4rittelee sen n\u00e4in: Yhdess\u00e4 n\u00e4emme maailman, jossa ihmiset yhteisty\u00f6ss\u00e4 tekev\u00e4t kest\u00e4v\u00e4n muutoksen \u2013 maailmanlaajuisesti, yhteis\u00f6iss\u00e4mme ja itsess\u00e4mme. Yl\u00f6j\u00e4rven Rotaryklubi toteuttaa t\u00e4t\u00e4 toiminta-ajatusta Yl\u00f6j\u00e4rven talousalueella. Tapaamme toisiamme, kuulemme kiinnostavia esitelmi\u00e4 ja edist\u00e4mme hyv\u00e4\u00e4 omalla paikkakunnallamme. K\u00e4ymme my\u00f6s vierailemassa erilaisissa kohteissa. Tuemme kansainv\u00e4lisen Rotaryn humanitaarisia projekteja, osallistumme nuorisovaihtoon ja edist\u00e4mme l\u00e4hiseudun hyvinvointia.","robots":{"index":"index","follow":"follow","max-snippet":"max-snippet:-1","max-image-preview":"max-image-preview:large","max-video-preview":"max-video-preview:-1"},"canonical":"https:\/\/rotary.fi\/ylojarvi\/keita-olemme\/","og_locale":"fi_FI","og_type":"article","og_title":"Keit\u00e4 olemme - Yl\u00f6j\u00e4rven Rotaryklubi","og_description":"Usein kysyt\u00e4\u00e4n, mik\u00e4 se Rotary oikein on? Rotary itse m\u00e4\u00e4rittelee sen n\u00e4in: Yhdess\u00e4 n\u00e4emme maailman, jossa ihmiset yhteisty\u00f6ss\u00e4 tekev\u00e4t kest\u00e4v\u00e4n muutoksen \u2013 maailmanlaajuisesti, yhteis\u00f6iss\u00e4mme ja itsess\u00e4mme. Yl\u00f6j\u00e4rven Rotaryklubi toteuttaa t\u00e4t\u00e4 toiminta-ajatusta Yl\u00f6j\u00e4rven talousalueella. Tapaamme toisiamme, kuulemme kiinnostavia esitelmi\u00e4 ja edist\u00e4mme hyv\u00e4\u00e4 omalla paikkakunnallamme. K\u00e4ymme my\u00f6s vierailemassa erilaisissa kohteissa. Tuemme kansainv\u00e4lisen Rotaryn humanitaarisia projekteja, osallistumme nuorisovaihtoon ja edist\u00e4mme l\u00e4hiseudun hyvinvointia.","og_url":"https:\/\/rotary.fi\/ylojarvi\/keita-olemme\/","og_site_name":"Yl\u00f6j\u00e4rven Rotaryklubi","article_modified_time":"2021-08-07T17:25:11+00:00","twitter_card":"summary_large_image","twitter_misc":{"Arvioitu lukuaika":"2 minuuttia"},"schema":{"@context":"https:\/\/schema.org","@graph":[{"@type":"WebPage","@id":"https:\/\/rotary.fi\/ylojarvi\/keita-olemme\/","url":"https:\/\/rotary.fi\/ylojarvi\/keita-olemme\/","name":"Keit\u00e4 olemme - Yl\u00f6j\u00e4rven Rotaryklubi","isPartOf":{"@id":"https:\/\/rotary.fi\/ylojarvi\/#website"},"datePublished":"2018-08-10T10:41:39+00:00","dateModified":"2021-08-07T17:25:11+00:00","description":"Usein kysyt\u00e4\u00e4n, mik\u00e4 se Rotary oikein on? Rotary itse m\u00e4\u00e4rittelee sen n\u00e4in: Yhdess\u00e4 n\u00e4emme maailman, jossa ihmiset yhteisty\u00f6ss\u00e4 tekev\u00e4t kest\u00e4v\u00e4n muutoksen \u2013 maailmanlaajuisesti, yhteis\u00f6iss\u00e4mme ja itsess\u00e4mme. Yl\u00f6j\u00e4rven Rotaryklubi toteuttaa t\u00e4t\u00e4 toiminta-ajatusta Yl\u00f6j\u00e4rven talousalueella. Tapaamme toisiamme, kuulemme kiinnostavia esitelmi\u00e4 ja edist\u00e4mme hyv\u00e4\u00e4 omalla paikkakunnallamme. K\u00e4ymme my\u00f6s vierailemassa erilaisissa kohteissa. Tuemme kansainv\u00e4lisen Rotaryn humanitaarisia projekteja, osallistumme nuorisovaihtoon ja edist\u00e4mme l\u00e4hiseudun hyvinvointia.","breadcrumb":{"@id":"https:\/\/rotary.fi\/ylojarvi\/keita-olemme\/#breadcrumb"},"inLanguage":"fi","potentialAction":[{"@type":"ReadAction","target":["https:\/\/rotary.fi\/ylojarvi\/keita-olemme\/"]}]},{"@type":"BreadcrumbList","@id":"https:\/\/rotary.fi\/ylojarvi\/keita-olemme\/#breadcrumb","itemListElement":[{"@type":"ListItem","position":1,"name":"Home","item":"https:\/\/rotary.fi\/ylojarvi\/"},{"@type":"ListItem","position":2,"name":"Keit\u00e4 olemme"}]},{"@type":"WebSite","@id":"https:\/\/rotary.fi\/ylojarvi\/#website","url":"https:\/\/rotary.fi\/ylojarvi\/","name":"Yl\u00f6j\u00e4rven Rotaryklubi","description":"Uusi Rotary klubisivusto","potentialAction":[{"@type":"SearchAction","target":{"@type":"EntryPoint","urlTemplate":"https:\/\/rotary.fi\/ylojarvi\/?s={search_term_string}"},"query-input":{"@type":"PropertyValueSpecification","valueRequired":true,"valueName":"search_term_string"}}],"inLanguage":"fi"}]}},"lang":"fi","translations":{"fi":129},"pll_sync_post":[],"_links":{"self":[{"href":"https:\/\/rotary.fi\/ylojarvi\/wp-json\/wp\/v2\/pages\/129","targetHints":{"allow":["GET"]}}],"collection":[{"href":"https:\/\/rotary.fi\/ylojarvi\/wp-json\/wp\/v2\/pages"}],"about":[{"href":"https:\/\/rotary.fi\/ylojarvi\/wp-json\/wp\/v2\/types\/page"}],"author":[{"embeddable":true,"href":"https:\/\/rotary.fi\/ylojarvi\/wp-json\/wp\/v2\/users\/1"}],"replies":[{"embeddable":true,"href":"https:\/\/rotary.fi\/ylojarvi\/wp-json\/wp\/v2\/comments?post=129"}],"version-history":[{"count":29,"href":"https:\/\/rotary.fi\/ylojarvi\/wp-json\/wp\/v2\/pages\/129\/revisions"}],"predecessor-version":[{"id":2311,"href":"https:\/\/rotary.fi\/ylojarvi\/wp-json\/wp\/v2\/pages\/129\/revisions\/2311"}],"wp:attachment":[{"href":"https:\/\/rotary.fi\/ylojarvi\/wp-json\/wp\/v2\/media?parent=129"}],"curies":[{"name":"wp","href":"https:\/\/api.w.org\/{rel}","templated":true}]}}