{"id":276,"date":"2018-10-24T11:36:06","date_gmt":"2018-10-24T08:36:06","guid":{"rendered":"https:\/\/rotary.fi\/ylivieskajokivarsi\/?page_id=276"},"modified":"2025-10-25T14:57:46","modified_gmt":"2025-10-25T11:57:46","slug":"rotary-international","status":"publish","type":"page","link":"https:\/\/rotary.fi\/ylivieskajokivarsi\/keita-olemme\/rotary-international\/","title":{"rendered":"Rotary International"},"content":{"rendered":"<p>[et_pb_section fb_built=&#8221;1&#8243; module_class=&#8221;jumbotron-page&#8221; _builder_version=&#8221;4.27.4&#8243; background_image=&#8221;https:\/\/rotary.fi\/ylivieskajokivarsi\/wp-content\/uploads\/sites\/39\/2025\/08\/ylivieska-6.jpg&#8221; height=&#8221;500px&#8221; global_colors_info=&#8221;{}&#8221;][et_pb_row _builder_version=&#8221;4.16&#8243; background_size=&#8221;initial&#8221; background_position=&#8221;top_left&#8221; background_repeat=&#8221;repeat&#8221; global_colors_info=&#8221;{}&#8221;][et_pb_column type=&#8221;4_4&#8243; _builder_version=&#8221;4.16&#8243; custom_padding=&#8221;|||&#8221; global_colors_info=&#8221;{}&#8221; custom_padding__hover=&#8221;|||&#8221;][et_pb_text admin_label=&#8221;P\u00e4\u00e4otsikko&#8221; _builder_version=&#8221;4.27.4&#8243; text_orientation=&#8221;center&#8221; background_layout=&#8221;dark&#8221; hover_enabled=&#8221;0&#8243; global_colors_info=&#8221;{}&#8221; sticky_enabled=&#8221;0&#8243; header_font_size_last_edited=&#8221;on|desktop&#8221; header_font_size_tablet=&#8221;34px&#8221; header_font_size_phone=&#8221;34px&#8221;]<\/p>\n<h1>Olemme osa kansainv\u00e4list\u00e4 Rotarya<\/h1>\n<p>[\/et_pb_text][\/et_pb_column][\/et_pb_row][\/et_pb_section][et_pb_section fb_built=&#8221;1&#8243; specialty=&#8221;on&#8221; module_class_2=&#8221;sivupalkki&#8221; _builder_version=&#8221;4.16&#8243; global_colors_info=&#8221;{}&#8221;][et_pb_column type=&#8221;2_3&#8243; specialty_columns=&#8221;2&#8243; _builder_version=&#8221;4.16&#8243; custom_padding=&#8221;|||&#8221; global_colors_info=&#8221;{}&#8221; parallax__hover=&#8221;off&#8221; parallax_method__hover=&#8221;on&#8221; custom_padding__hover=&#8221;|||&#8221;][et_pb_row_inner admin_label=&#8221;Rivi&#8221; _builder_version=&#8221;4.16&#8243; global_colors_info=&#8221;{}&#8221;][et_pb_column_inner saved_specialty_column_type=&#8221;2_3&#8243; _builder_version=&#8221;4.16&#8243; custom_padding=&#8221;|||&#8221; global_colors_info=&#8221;{}&#8221; parallax__hover=&#8221;off&#8221; parallax_method__hover=&#8221;on&#8221; custom_padding__hover=&#8221;|||&#8221;][et_pb_text admin_label=&#8221;Rotary International &#8211; Otsikko&#8221; _builder_version=&#8221;4.27.4&#8243; header_text_align=&#8221;left&#8221; text_orientation=&#8221;center&#8221; global_colors_info=&#8221;{}&#8221;]<\/p>\n<h1>Rotary International<\/h1>\n<p>[\/et_pb_text][et_pb_text _builder_version=&#8221;4.27.4&#8243; global_colors_info=&#8221;{}&#8221;]<\/p>\n<p>Rotary International tukee ja ohjaa rotareita ja klubeja Rotaryn tavoitteiden toteuttamisessa. Rotary Internationalin ylin p\u00e4\u00e4tt\u00e4v\u00e4 elin on vuosikokous, jonne jokaisella klubilla on oikeus l\u00e4hett\u00e4\u00e4 virallinen edustaja ja jonne jokaisella rotarilla on oikeus osallistua.<\/p>\n<p>Rotary Internationalin keulahahmo on vuosittain vaihtuva presidentti. Rotaryvuonna 2025-2026 RI:n presidenttin\u00e4 <strong>M\u00e1rio C\u00e9sar Martins de Camargo<\/strong>.<\/p>\n<p>Rotary Internationalin p\u00e4\u00e4konttori on Evanstonissa Illinoisissa l\u00e4hell\u00e4 Chicagoa. P\u00e4\u00e4konttorissa ty\u00f6skentelee p\u00e4\u00e4sihteerin johdolla noin 530 henkil\u00f6\u00e4. P\u00e4\u00e4konttorin lis\u00e4ksi Rotary Internationalilla on seitsem\u00e4n aluetoimistoa eri puolilla maapalloa. Z\u00fcrichiss\u00e4 oleva Euroopan ja Afrikan toimisto (EAO) palvelee suomalaisia rotareita.<\/p>\n<p>[\/et_pb_text][et_pb_button button_url=&#8221;https:\/\/www.rotary.org\/&#8221; url_new_window=&#8221;on&#8221; button_text=&#8221;Rotary Internationalin sivuille&#8221; _builder_version=&#8221;4.16&#8243; global_colors_info=&#8221;{}&#8221;][\/et_pb_button][\/et_pb_column_inner][\/et_pb_row_inner][et_pb_row_inner _builder_version=&#8221;4.27.4&#8243; _module_preset=&#8221;default&#8221; global_colors_info=&#8221;{}&#8221;][et_pb_column_inner saved_specialty_column_type=&#8221;2_3&#8243; _builder_version=&#8221;4.27.4&#8243; _module_preset=&#8221;default&#8221; global_colors_info=&#8221;{}&#8221;][et_pb_image src=&#8221;https:\/\/rotary.fi\/ylivieskajokivarsi\/wp-content\/uploads\/sites\/39\/2025\/08\/ylivieska-29.jpg&#8221; title_text=&#8221;ylivieska-29&#8243; _builder_version=&#8221;4.27.4&#8243; _module_preset=&#8221;default&#8221; global_colors_info=&#8221;{}&#8221;][\/et_pb_image][\/et_pb_column_inner][\/et_pb_row_inner][\/et_pb_column][et_pb_column type=&#8221;1_3&#8243; module_class=&#8221;sivupalkki&#8221; _builder_version=&#8221;4.16&#8243; custom_padding=&#8221;|||&#8221; global_colors_info=&#8221;{}&#8221; parallax__hover=&#8221;off&#8221; parallax_method__hover=&#8221;on&#8221; module_class__hover=&#8221;sivupalkki&#8221; custom_padding__hover=&#8221;|||&#8221;][et_pb_sidebar area=&#8221;sidebar-1&#8243; module_class=&#8221;sivupalkki_sisalto&#8221; _builder_version=&#8221;4.16&#8243; locked=&#8221;on&#8221; global_colors_info=&#8221;{}&#8221;][\/et_pb_sidebar][\/et_pb_column][\/et_pb_section]<\/p>\n","protected":false},"excerpt":{"rendered":"<p>Olemme osa kansainv\u00e4list\u00e4 RotaryaRotary InternationalRotary International tukee ja ohjaa rotareita ja klubeja Rotaryn tavoitteiden toteuttamisessa. Rotary Internationalin ylin p\u00e4\u00e4tt\u00e4v\u00e4 elin on vuosikokous, jonne jokaisella klubilla on oikeus l\u00e4hett\u00e4\u00e4 virallinen edustaja ja jonne jokaisella rotarilla on oikeus osallistua. Rotary Internationalin keulahahmo on vuosittain vaihtuva presidentti. Rotaryvuonna 2025-2026 RI:n presidenttin\u00e4 M\u00e1rio C\u00e9sar Martins de Camargo. Rotary Internationalin [&hellip;]<\/p>\n","protected":false},"author":1,"featured_media":0,"parent":129,"menu_order":30,"comment_status":"closed","ping_status":"closed","template":"","meta":{"_acf_changed":false,"_et_pb_use_builder":"on","_et_pb_old_content":"","_et_gb_content_width":"","footnotes":""},"class_list":["post-276","page","type-page","status-publish","hentry"],"acf":[],"yoast_head":"<!-- This site is optimized with the Yoast SEO plugin v27.4 - https:\/\/yoast.com\/product\/yoast-seo-wordpress\/ -->\n<title>Rotary International - Ylivieska-Jokivarsi Rotaryklubi<\/title>\n<meta name=\"robots\" content=\"index, follow, max-snippet:-1, max-image-preview:large, max-video-preview:-1\" \/>\n<link rel=\"canonical\" href=\"https:\/\/rotary.fi\/ylivieskajokivarsi\/keita-olemme\/rotary-international\/\" \/>\n<meta property=\"og:locale\" content=\"fi_FI\" \/>\n<meta property=\"og:type\" content=\"article\" \/>\n<meta property=\"og:title\" content=\"Rotary International - Ylivieska-Jokivarsi Rotaryklubi\" \/>\n<meta property=\"og:description\" content=\"Olemme osa kansainv\u00e4list\u00e4 RotaryaRotary InternationalRotary International tukee ja ohjaa rotareita ja klubeja Rotaryn tavoitteiden toteuttamisessa. Rotary Internationalin ylin p\u00e4\u00e4tt\u00e4v\u00e4 elin on vuosikokous, jonne jokaisella klubilla on oikeus l\u00e4hett\u00e4\u00e4 virallinen edustaja ja jonne jokaisella rotarilla on oikeus osallistua. Rotary Internationalin keulahahmo on vuosittain vaihtuva presidentti. Rotaryvuonna 2025-2026 RI:n presidenttin\u00e4 M\u00e1rio C\u00e9sar Martins de Camargo. Rotary Internationalin [&hellip;]\" \/>\n<meta property=\"og:url\" content=\"https:\/\/rotary.fi\/ylivieskajokivarsi\/keita-olemme\/rotary-international\/\" \/>\n<meta property=\"og:site_name\" content=\"Ylivieska-Jokivarsi Rotaryklubi\" \/>\n<meta property=\"article:modified_time\" content=\"2025-10-25T11:57:46+00:00\" \/>\n<meta name=\"twitter:card\" content=\"summary_large_image\" \/>\n<meta name=\"twitter:label1\" content=\"Arvioitu lukuaika\" \/>\n\t<meta name=\"twitter:data1\" content=\"2 minuuttia\" \/>\n<script type=\"application\/ld+json\" class=\"yoast-schema-graph\">{\"@context\":\"https:\\\/\\\/schema.org\",\"@graph\":[{\"@type\":\"WebPage\",\"@id\":\"https:\\\/\\\/rotary.fi\\\/ylivieskajokivarsi\\\/keita-olemme\\\/rotary-international\\\/\",\"url\":\"https:\\\/\\\/rotary.fi\\\/ylivieskajokivarsi\\\/keita-olemme\\\/rotary-international\\\/\",\"name\":\"Rotary International - Ylivieska-Jokivarsi Rotaryklubi\",\"isPartOf\":{\"@id\":\"https:\\\/\\\/rotary.fi\\\/ylivieskajokivarsi\\\/#website\"},\"datePublished\":\"2018-10-24T08:36:06+00:00\",\"dateModified\":\"2025-10-25T11:57:46+00:00\",\"breadcrumb\":{\"@id\":\"https:\\\/\\\/rotary.fi\\\/ylivieskajokivarsi\\\/keita-olemme\\\/rotary-international\\\/#breadcrumb\"},\"inLanguage\":\"fi\",\"potentialAction\":[{\"@type\":\"ReadAction\",\"target\":[\"https:\\\/\\\/rotary.fi\\\/ylivieskajokivarsi\\\/keita-olemme\\\/rotary-international\\\/\"]}]},{\"@type\":\"BreadcrumbList\",\"@id\":\"https:\\\/\\\/rotary.fi\\\/ylivieskajokivarsi\\\/keita-olemme\\\/rotary-international\\\/#breadcrumb\",\"itemListElement\":[{\"@type\":\"ListItem\",\"position\":1,\"name\":\"Home\",\"item\":\"https:\\\/\\\/rotary.fi\\\/ylivieskajokivarsi\\\/\"},{\"@type\":\"ListItem\",\"position\":2,\"name\":\"Keit\u00e4 olemme\",\"item\":\"https:\\\/\\\/rotary.fi\\\/ylivieskajokivarsi\\\/keita-olemme\\\/\"},{\"@type\":\"ListItem\",\"position\":3,\"name\":\"Rotary International\"}]},{\"@type\":\"WebSite\",\"@id\":\"https:\\\/\\\/rotary.fi\\\/ylivieskajokivarsi\\\/#website\",\"url\":\"https:\\\/\\\/rotary.fi\\\/ylivieskajokivarsi\\\/\",\"name\":\"Ylivieska-Jokivarsi Rotaryklubi\",\"description\":\"Uusi Rotary klubisivusto\",\"potentialAction\":[{\"@type\":\"SearchAction\",\"target\":{\"@type\":\"EntryPoint\",\"urlTemplate\":\"https:\\\/\\\/rotary.fi\\\/ylivieskajokivarsi\\\/?s={search_term_string}\"},\"query-input\":{\"@type\":\"PropertyValueSpecification\",\"valueRequired\":true,\"valueName\":\"search_term_string\"}}],\"inLanguage\":\"fi\"}]}<\/script>\n<!-- \/ Yoast SEO plugin. -->","yoast_head_json":{"title":"Rotary International - Ylivieska-Jokivarsi Rotaryklubi","robots":{"index":"index","follow":"follow","max-snippet":"max-snippet:-1","max-image-preview":"max-image-preview:large","max-video-preview":"max-video-preview:-1"},"canonical":"https:\/\/rotary.fi\/ylivieskajokivarsi\/keita-olemme\/rotary-international\/","og_locale":"fi_FI","og_type":"article","og_title":"Rotary International - Ylivieska-Jokivarsi Rotaryklubi","og_description":"Olemme osa kansainv\u00e4list\u00e4 RotaryaRotary InternationalRotary International tukee ja ohjaa rotareita ja klubeja Rotaryn tavoitteiden toteuttamisessa. Rotary Internationalin ylin p\u00e4\u00e4tt\u00e4v\u00e4 elin on vuosikokous, jonne jokaisella klubilla on oikeus l\u00e4hett\u00e4\u00e4 virallinen edustaja ja jonne jokaisella rotarilla on oikeus osallistua. Rotary Internationalin keulahahmo on vuosittain vaihtuva presidentti. Rotaryvuonna 2025-2026 RI:n presidenttin\u00e4 M\u00e1rio C\u00e9sar Martins de Camargo. Rotary Internationalin [&hellip;]","og_url":"https:\/\/rotary.fi\/ylivieskajokivarsi\/keita-olemme\/rotary-international\/","og_site_name":"Ylivieska-Jokivarsi Rotaryklubi","article_modified_time":"2025-10-25T11:57:46+00:00","twitter_card":"summary_large_image","twitter_misc":{"Arvioitu lukuaika":"2 minuuttia"},"schema":{"@context":"https:\/\/schema.org","@graph":[{"@type":"WebPage","@id":"https:\/\/rotary.fi\/ylivieskajokivarsi\/keita-olemme\/rotary-international\/","url":"https:\/\/rotary.fi\/ylivieskajokivarsi\/keita-olemme\/rotary-international\/","name":"Rotary International - Ylivieska-Jokivarsi Rotaryklubi","isPartOf":{"@id":"https:\/\/rotary.fi\/ylivieskajokivarsi\/#website"},"datePublished":"2018-10-24T08:36:06+00:00","dateModified":"2025-10-25T11:57:46+00:00","breadcrumb":{"@id":"https:\/\/rotary.fi\/ylivieskajokivarsi\/keita-olemme\/rotary-international\/#breadcrumb"},"inLanguage":"fi","potentialAction":[{"@type":"ReadAction","target":["https:\/\/rotary.fi\/ylivieskajokivarsi\/keita-olemme\/rotary-international\/"]}]},{"@type":"BreadcrumbList","@id":"https:\/\/rotary.fi\/ylivieskajokivarsi\/keita-olemme\/rotary-international\/#breadcrumb","itemListElement":[{"@type":"ListItem","position":1,"name":"Home","item":"https:\/\/rotary.fi\/ylivieskajokivarsi\/"},{"@type":"ListItem","position":2,"name":"Keit\u00e4 olemme","item":"https:\/\/rotary.fi\/ylivieskajokivarsi\/keita-olemme\/"},{"@type":"ListItem","position":3,"name":"Rotary International"}]},{"@type":"WebSite","@id":"https:\/\/rotary.fi\/ylivieskajokivarsi\/#website","url":"https:\/\/rotary.fi\/ylivieskajokivarsi\/","name":"Ylivieska-Jokivarsi Rotaryklubi","description":"Uusi Rotary klubisivusto","potentialAction":[{"@type":"SearchAction","target":{"@type":"EntryPoint","urlTemplate":"https:\/\/rotary.fi\/ylivieskajokivarsi\/?s={search_term_string}"},"query-input":{"@type":"PropertyValueSpecification","valueRequired":true,"valueName":"search_term_string"}}],"inLanguage":"fi"}]}},"lang":"fi","translations":{"fi":276},"pll_sync_post":[],"_links":{"self":[{"href":"https:\/\/rotary.fi\/ylivieskajokivarsi\/wp-json\/wp\/v2\/pages\/276","targetHints":{"allow":["GET"]}}],"collection":[{"href":"https:\/\/rotary.fi\/ylivieskajokivarsi\/wp-json\/wp\/v2\/pages"}],"about":[{"href":"https:\/\/rotary.fi\/ylivieskajokivarsi\/wp-json\/wp\/v2\/types\/page"}],"author":[{"embeddable":true,"href":"https:\/\/rotary.fi\/ylivieskajokivarsi\/wp-json\/wp\/v2\/users\/1"}],"replies":[{"embeddable":true,"href":"https:\/\/rotary.fi\/ylivieskajokivarsi\/wp-json\/wp\/v2\/comments?post=276"}],"version-history":[{"count":9,"href":"https:\/\/rotary.fi\/ylivieskajokivarsi\/wp-json\/wp\/v2\/pages\/276\/revisions"}],"predecessor-version":[{"id":1658,"href":"https:\/\/rotary.fi\/ylivieskajokivarsi\/wp-json\/wp\/v2\/pages\/276\/revisions\/1658"}],"up":[{"embeddable":true,"href":"https:\/\/rotary.fi\/ylivieskajokivarsi\/wp-json\/wp\/v2\/pages\/129"}],"wp:attachment":[{"href":"https:\/\/rotary.fi\/ylivieskajokivarsi\/wp-json\/wp\/v2\/media?parent=276"}],"curies":[{"name":"wp","href":"https:\/\/api.w.org\/{rel}","templated":true}]}}