{"id":132,"date":"2018-08-10T13:59:56","date_gmt":"2018-08-10T10:59:56","guid":{"rendered":"https:\/\/rotary.fi\/klubi2\/?page_id=132"},"modified":"2025-08-22T22:51:54","modified_gmt":"2025-08-22T19:51:54","slug":"hallitus-ja-toimihenkilot","status":"publish","type":"page","link":"https:\/\/rotary.fi\/ylivieskajokivarsi\/keita-olemme\/hallitus-ja-toimihenkilot\/","title":{"rendered":"Hallitus ja toimihenkil\u00f6t"},"content":{"rendered":"<p>[et_pb_section fb_built=&#8221;1&#8243; module_class=&#8221;jumbotron-page&#8221; _builder_version=&#8221;4.27.4&#8243; background_image=&#8221;https:\/\/rotary.fi\/ylivieskajokivarsi\/wp-content\/uploads\/sites\/39\/2025\/08\/ylivieska-11.jpg&#8221; min_height=&#8221;500px&#8221; min_height_tablet=&#8221;400px&#8221; min_height_phone=&#8221;400px&#8221; min_height_last_edited=&#8221;on|desktop&#8221; hover_enabled=&#8221;0&#8243; global_colors_info=&#8221;{}&#8221; sticky_enabled=&#8221;0&#8243;][et_pb_row _builder_version=&#8221;4.16&#8243; background_size=&#8221;initial&#8221; background_position=&#8221;top_left&#8221; background_repeat=&#8221;repeat&#8221; global_colors_info=&#8221;{}&#8221;][et_pb_column type=&#8221;4_4&#8243; _builder_version=&#8221;4.16&#8243; custom_padding=&#8221;|||&#8221; global_colors_info=&#8221;{}&#8221; custom_padding__hover=&#8221;|||&#8221;][et_pb_text admin_label=&#8221;P\u00e4\u00e4otsikko&#8221; _builder_version=&#8221;4.16&#8243; text_orientation=&#8221;center&#8221; background_layout=&#8221;dark&#8221; global_colors_info=&#8221;{}&#8221;]<\/p>\n<h1>Hallitus ja toimihenkil\u00f6t<\/h1>\n<p>[\/et_pb_text][\/et_pb_column][\/et_pb_row][\/et_pb_section][et_pb_section fb_built=&#8221;1&#8243; specialty=&#8221;on&#8221; module_class_2=&#8221;sivupalkki&#8221; _builder_version=&#8221;4.16&#8243; global_colors_info=&#8221;{}&#8221;][et_pb_column type=&#8221;2_3&#8243; specialty_columns=&#8221;2&#8243; _builder_version=&#8221;4.16&#8243; custom_padding=&#8221;|||&#8221; global_colors_info=&#8221;{}&#8221; parallax__hover=&#8221;off&#8221; parallax_method__hover=&#8221;on&#8221; custom_padding__hover=&#8221;|||&#8221;][et_pb_row_inner admin_label=&#8221;Rivi&#8221; _builder_version=&#8221;4.16&#8243; global_colors_info=&#8221;{}&#8221;][et_pb_column_inner saved_specialty_column_type=&#8221;2_3&#8243; _builder_version=&#8221;4.16&#8243; custom_padding=&#8221;|||&#8221; global_colors_info=&#8221;{}&#8221; parallax__hover=&#8221;off&#8221; parallax_method__hover=&#8221;on&#8221; custom_padding__hover=&#8221;|||&#8221;][et_pb_text admin_label=&#8221;Otsikko&#8221; _builder_version=&#8221;4.27.4&#8243; header_text_align=&#8221;left&#8221; text_orientation=&#8221;center&#8221; global_colors_info=&#8221;{}&#8221;]<\/p>\n<h1>Hallitus ja toimihenkil\u00f6t<\/h1>\n<p>[\/et_pb_text][\/et_pb_column_inner][\/et_pb_row_inner][et_pb_row_inner admin_label=&#8221;Rivi&#8221; _builder_version=&#8221;4.16&#8243; global_colors_info=&#8221;{}&#8221;][et_pb_column_inner saved_specialty_column_type=&#8221;2_3&#8243; _builder_version=&#8221;4.16&#8243; custom_padding=&#8221;|||&#8221; global_colors_info=&#8221;{}&#8221; parallax__hover=&#8221;off&#8221; parallax_method__hover=&#8221;on&#8221; custom_padding__hover=&#8221;|||&#8221;][et_pb_text _builder_version=&#8221;4.27.4&#8243; ul_line_height=&#8221;1.8em&#8221; global_colors_info=&#8221;{}&#8221;]<\/p>\n<ul>\n<li><strong>Presidentti 2025-2026 <\/strong>Asko M\u00e4nnist\u00f6<\/li>\n<li><strong>Tuleva presidentti<\/strong> Juha M\u00e4nnist\u00f6<\/li>\n<li><strong>Edellinen presidentti<\/strong> Mauri Repo<\/li>\n<li><strong>Sihteeri<\/strong> Asta V\u00e4h\u00e4passi<\/li>\n<li><strong>Rahastonhoitaja<\/strong> Kaisa Toivoniemi<\/li>\n<li><strong>Klubimestari<\/strong> Eljas Rantala<\/li>\n<li><strong>Nuorisovaihtoasiamies<\/strong> Jouni Tervonen<\/li>\n<li><strong>Nuorisovaihtokomitean j\u00e4sen<\/strong> Mari Puhto<\/li>\n<li><strong>Nuorisovaihtokomitean j\u00e4sen<\/strong> Juho Niemel\u00e4<\/li>\n<li><strong>Rotarys\u00e4\u00e4ti\u00f6komitean pj.<\/strong> Kalle Luhtasela<\/li>\n<li><strong>Ohjelmakomitean pj.<\/strong> Olavi Soinio<\/li>\n<li><strong>Ohjelmakomitean j\u00e4sen<\/strong> Hannu Pirkola<\/li>\n<li><strong>J\u00e4senyyskomitean pj.<\/strong> Martti Matikainen<\/li>\n<li><strong>J\u00e4senyyskomitean j\u00e4sen<\/strong> Timo Toivanen<\/li>\n<\/ul>\n<p>[\/et_pb_text][\/et_pb_column_inner][\/et_pb_row_inner][et_pb_row_inner disabled_on=&#8221;on|on|on&#8221; admin_label=&#8221;Rivi&#8221; _builder_version=&#8221;4.27.4&#8243; disabled=&#8221;on&#8221; global_colors_info=&#8221;{}&#8221;][et_pb_column_inner saved_specialty_column_type=&#8221;2_3&#8243; _builder_version=&#8221;4.16&#8243; custom_padding=&#8221;|||&#8221; global_colors_info=&#8221;{}&#8221; parallax__hover=&#8221;off&#8221; parallax_method__hover=&#8221;on&#8221; custom_padding__hover=&#8221;|||&#8221;][et_pb_text _builder_version=&#8221;4.27.4&#8243; ul_line_height=&#8221;1.8em&#8221; header_4_line_height=&#8221;1.8em&#8221; header_4_font_size_tablet=&#8221;&#8221; header_4_font_size_phone=&#8221;24px&#8221; header_4_font_size_last_edited=&#8221;on|phone&#8221; global_colors_info=&#8221;{}&#8221;]<\/p>\n<h4>Ylivieska-Jokivarsi Rotary klubin j\u00e4senet<\/h4>\n<ul>\n<li>Marko Antioja, marko.antinoja@gmail.com, +358408651328<\/li>\n<li>Timo Hiitola, thiitola@gmail.com, +358445420777<\/li>\n<li>Pauli Isokangas, pauli.isokangas@fimnet.fi, +358503555175<\/li>\n<li>Markus Latvala, markus.latvala@feasib.com, +358401497541<\/li>\n<li>Kalle Luhtasela, luhtasela.kalle@gmail.com, +358445481548<\/li>\n<li>Martti Matikainen, martti.matikainen@palvelukoti.com, +358400681854<\/li>\n<li>Asko M\u00e4nnist\u00f6, asko.mannisto@aglo.fi, +358440681385<\/li>\n<li>Juha M\u00e4nnist\u00f6, juha.mannisto@darekon.fi, +358500684467<\/li>\n<li>Juho Niemel\u00e4, juho.m.niemela@gmail.com, +358401866381<\/li>\n<li>Juhani Nevala, juhani.nevala@hotmail.com, +358440424067<\/li>\n<li>Reijo Nurmela, reijo.nurmela@kotinet.com ,+358405220682<\/li>\n<li>Mauri Nurmenniemi, mauri@kotinet.com, +358400582590<\/li>\n<li>Hannu Pirkola, hpirkola@kotinet.com, +358440788991<\/li>\n<li>Mari Puhto, mari.puhto@glail.com, +3584068497774<\/li>\n<li>Aimo Pudas, aimo.pudas@kotinet.com, +358400296497<\/li>\n<li>Eljas Rantala, eljas.rantala@raverakennus.fi, +358400386596<\/li>\n<li>Mauri Repo, mauri.repo@cap.fi, +358400892388<\/li>\n<li>Tarja Repo, rotary.tarja@outlook.com, +359400586826<\/li>\n<li>Olavi Soinio, olavi.soinio@vestia.fi, +358447518670<\/li>\n<li>Kaisa Toivonniemi, kaisatoivoniemi@gmail.com, +358503404704<\/li>\n<li>Timo Toivanen, timo.toivanen5@gmail.com, +358400220846<\/li>\n<li>Jouni Tervonen, jouni.tervonen@kotinet.com, +358505238774<\/li>\n<li>Asta V\u00e4h\u00e4passi, asta.vahapassi@kotinet.com, +358404161141<\/li>\n<\/ul>\n<p>[\/et_pb_text][\/et_pb_column_inner][\/et_pb_row_inner][\/et_pb_column][et_pb_column type=&#8221;1_3&#8243; module_class=&#8221;sivupalkki&#8221; _builder_version=&#8221;4.16&#8243; custom_padding=&#8221;|||&#8221; global_colors_info=&#8221;{}&#8221; parallax__hover=&#8221;off&#8221; parallax_method__hover=&#8221;on&#8221; module_class__hover=&#8221;sivupalkki&#8221; custom_padding__hover=&#8221;|||&#8221;][et_pb_sidebar area=&#8221;sidebar-1&#8243; module_class=&#8221;sivupalkki_sisalto&#8221; _builder_version=&#8221;4.16&#8243; locked=&#8221;on&#8221; global_colors_info=&#8221;{}&#8221;]<\/p>\n<p>[\/et_pb_sidebar][\/et_pb_column][\/et_pb_section]<\/p>\n","protected":false},"excerpt":{"rendered":"<p>Hallitus ja toimihenkil\u00f6t Hallitus ja toimihenkil\u00f6t Presidentti 2025-2026 Asko M\u00e4nnist\u00f6 Tuleva presidentti Juha M\u00e4nnist\u00f6 Edellinen presidentti Mauri Repo Sihteeri Asta V\u00e4h\u00e4passi Rahastonhoitaja Kaisa Toivoniemi Klubimestari Eljas Rantala Nuorisovaihtoasiamies Jouni Tervonen Nuorisovaihtokomitean j\u00e4sen Mari Puhto Nuorisovaihtokomitean j\u00e4sen Juho Niemel\u00e4 Rotarys\u00e4\u00e4ti\u00f6komitean pj. Kalle Luhtasela Ohjelmakomitean pj. Olavi Soinio Ohjelmakomitean j\u00e4sen Hannu Pirkola J\u00e4senyyskomitean pj. Martti Matikainen J\u00e4senyyskomitean [&hellip;]<\/p>\n","protected":false},"author":1,"featured_media":0,"parent":129,"menu_order":10,"comment_status":"closed","ping_status":"closed","template":"","meta":{"_acf_changed":false,"_et_pb_use_builder":"on","_et_pb_old_content":"","_et_gb_content_width":"","footnotes":""},"class_list":["post-132","page","type-page","status-publish","hentry"],"acf":[],"yoast_head":"<!-- This site is optimized with the Yoast SEO plugin v27.4 - https:\/\/yoast.com\/product\/yoast-seo-wordpress\/ -->\n<title>Hallitus ja toimihenkil\u00f6t - Ylivieska-Jokivarsi Rotaryklubi<\/title>\n<meta name=\"robots\" content=\"index, follow, max-snippet:-1, max-image-preview:large, max-video-preview:-1\" \/>\n<link rel=\"canonical\" href=\"https:\/\/rotary.fi\/ylivieskajokivarsi\/keita-olemme\/hallitus-ja-toimihenkilot\/\" \/>\n<meta property=\"og:locale\" content=\"fi_FI\" \/>\n<meta property=\"og:type\" content=\"article\" \/>\n<meta property=\"og:title\" content=\"Hallitus ja toimihenkil\u00f6t - Ylivieska-Jokivarsi Rotaryklubi\" \/>\n<meta property=\"og:description\" content=\"Hallitus ja toimihenkil\u00f6t Hallitus ja toimihenkil\u00f6t Presidentti 2025-2026 Asko M\u00e4nnist\u00f6 Tuleva presidentti Juha M\u00e4nnist\u00f6 Edellinen presidentti Mauri Repo Sihteeri Asta V\u00e4h\u00e4passi Rahastonhoitaja Kaisa Toivoniemi Klubimestari Eljas Rantala Nuorisovaihtoasiamies Jouni Tervonen Nuorisovaihtokomitean j\u00e4sen Mari Puhto Nuorisovaihtokomitean j\u00e4sen Juho Niemel\u00e4 Rotarys\u00e4\u00e4ti\u00f6komitean pj. Kalle Luhtasela Ohjelmakomitean pj. Olavi Soinio Ohjelmakomitean j\u00e4sen Hannu Pirkola J\u00e4senyyskomitean pj. Martti Matikainen J\u00e4senyyskomitean [&hellip;]\" \/>\n<meta property=\"og:url\" content=\"https:\/\/rotary.fi\/ylivieskajokivarsi\/keita-olemme\/hallitus-ja-toimihenkilot\/\" \/>\n<meta property=\"og:site_name\" content=\"Ylivieska-Jokivarsi Rotaryklubi\" \/>\n<meta property=\"article:modified_time\" content=\"2025-08-22T19:51:54+00:00\" \/>\n<meta name=\"twitter:card\" content=\"summary_large_image\" \/>\n<meta name=\"twitter:label1\" content=\"Arvioitu lukuaika\" \/>\n\t<meta name=\"twitter:data1\" content=\"1 minuutti\" \/>\n<script type=\"application\/ld+json\" class=\"yoast-schema-graph\">{\"@context\":\"https:\\\/\\\/schema.org\",\"@graph\":[{\"@type\":\"WebPage\",\"@id\":\"https:\\\/\\\/rotary.fi\\\/ylivieskajokivarsi\\\/keita-olemme\\\/hallitus-ja-toimihenkilot\\\/\",\"url\":\"https:\\\/\\\/rotary.fi\\\/ylivieskajokivarsi\\\/keita-olemme\\\/hallitus-ja-toimihenkilot\\\/\",\"name\":\"Hallitus ja toimihenkil\u00f6t - Ylivieska-Jokivarsi Rotaryklubi\",\"isPartOf\":{\"@id\":\"https:\\\/\\\/rotary.fi\\\/ylivieskajokivarsi\\\/#website\"},\"datePublished\":\"2018-08-10T10:59:56+00:00\",\"dateModified\":\"2025-08-22T19:51:54+00:00\",\"breadcrumb\":{\"@id\":\"https:\\\/\\\/rotary.fi\\\/ylivieskajokivarsi\\\/keita-olemme\\\/hallitus-ja-toimihenkilot\\\/#breadcrumb\"},\"inLanguage\":\"fi\",\"potentialAction\":[{\"@type\":\"ReadAction\",\"target\":[\"https:\\\/\\\/rotary.fi\\\/ylivieskajokivarsi\\\/keita-olemme\\\/hallitus-ja-toimihenkilot\\\/\"]}]},{\"@type\":\"BreadcrumbList\",\"@id\":\"https:\\\/\\\/rotary.fi\\\/ylivieskajokivarsi\\\/keita-olemme\\\/hallitus-ja-toimihenkilot\\\/#breadcrumb\",\"itemListElement\":[{\"@type\":\"ListItem\",\"position\":1,\"name\":\"Home\",\"item\":\"https:\\\/\\\/rotary.fi\\\/ylivieskajokivarsi\\\/\"},{\"@type\":\"ListItem\",\"position\":2,\"name\":\"Keit\u00e4 olemme\",\"item\":\"https:\\\/\\\/rotary.fi\\\/ylivieskajokivarsi\\\/keita-olemme\\\/\"},{\"@type\":\"ListItem\",\"position\":3,\"name\":\"Hallitus ja toimihenkil\u00f6t\"}]},{\"@type\":\"WebSite\",\"@id\":\"https:\\\/\\\/rotary.fi\\\/ylivieskajokivarsi\\\/#website\",\"url\":\"https:\\\/\\\/rotary.fi\\\/ylivieskajokivarsi\\\/\",\"name\":\"Ylivieska-Jokivarsi Rotaryklubi\",\"description\":\"Uusi Rotary klubisivusto\",\"potentialAction\":[{\"@type\":\"SearchAction\",\"target\":{\"@type\":\"EntryPoint\",\"urlTemplate\":\"https:\\\/\\\/rotary.fi\\\/ylivieskajokivarsi\\\/?s={search_term_string}\"},\"query-input\":{\"@type\":\"PropertyValueSpecification\",\"valueRequired\":true,\"valueName\":\"search_term_string\"}}],\"inLanguage\":\"fi\"}]}<\/script>\n<!-- \/ Yoast SEO plugin. -->","yoast_head_json":{"title":"Hallitus ja toimihenkil\u00f6t - Ylivieska-Jokivarsi Rotaryklubi","robots":{"index":"index","follow":"follow","max-snippet":"max-snippet:-1","max-image-preview":"max-image-preview:large","max-video-preview":"max-video-preview:-1"},"canonical":"https:\/\/rotary.fi\/ylivieskajokivarsi\/keita-olemme\/hallitus-ja-toimihenkilot\/","og_locale":"fi_FI","og_type":"article","og_title":"Hallitus ja toimihenkil\u00f6t - Ylivieska-Jokivarsi Rotaryklubi","og_description":"Hallitus ja toimihenkil\u00f6t Hallitus ja toimihenkil\u00f6t Presidentti 2025-2026 Asko M\u00e4nnist\u00f6 Tuleva presidentti Juha M\u00e4nnist\u00f6 Edellinen presidentti Mauri Repo Sihteeri Asta V\u00e4h\u00e4passi Rahastonhoitaja Kaisa Toivoniemi Klubimestari Eljas Rantala Nuorisovaihtoasiamies Jouni Tervonen Nuorisovaihtokomitean j\u00e4sen Mari Puhto Nuorisovaihtokomitean j\u00e4sen Juho Niemel\u00e4 Rotarys\u00e4\u00e4ti\u00f6komitean pj. Kalle Luhtasela Ohjelmakomitean pj. Olavi Soinio Ohjelmakomitean j\u00e4sen Hannu Pirkola J\u00e4senyyskomitean pj. Martti Matikainen J\u00e4senyyskomitean [&hellip;]","og_url":"https:\/\/rotary.fi\/ylivieskajokivarsi\/keita-olemme\/hallitus-ja-toimihenkilot\/","og_site_name":"Ylivieska-Jokivarsi Rotaryklubi","article_modified_time":"2025-08-22T19:51:54+00:00","twitter_card":"summary_large_image","twitter_misc":{"Arvioitu lukuaika":"1 minuutti"},"schema":{"@context":"https:\/\/schema.org","@graph":[{"@type":"WebPage","@id":"https:\/\/rotary.fi\/ylivieskajokivarsi\/keita-olemme\/hallitus-ja-toimihenkilot\/","url":"https:\/\/rotary.fi\/ylivieskajokivarsi\/keita-olemme\/hallitus-ja-toimihenkilot\/","name":"Hallitus ja toimihenkil\u00f6t - Ylivieska-Jokivarsi Rotaryklubi","isPartOf":{"@id":"https:\/\/rotary.fi\/ylivieskajokivarsi\/#website"},"datePublished":"2018-08-10T10:59:56+00:00","dateModified":"2025-08-22T19:51:54+00:00","breadcrumb":{"@id":"https:\/\/rotary.fi\/ylivieskajokivarsi\/keita-olemme\/hallitus-ja-toimihenkilot\/#breadcrumb"},"inLanguage":"fi","potentialAction":[{"@type":"ReadAction","target":["https:\/\/rotary.fi\/ylivieskajokivarsi\/keita-olemme\/hallitus-ja-toimihenkilot\/"]}]},{"@type":"BreadcrumbList","@id":"https:\/\/rotary.fi\/ylivieskajokivarsi\/keita-olemme\/hallitus-ja-toimihenkilot\/#breadcrumb","itemListElement":[{"@type":"ListItem","position":1,"name":"Home","item":"https:\/\/rotary.fi\/ylivieskajokivarsi\/"},{"@type":"ListItem","position":2,"name":"Keit\u00e4 olemme","item":"https:\/\/rotary.fi\/ylivieskajokivarsi\/keita-olemme\/"},{"@type":"ListItem","position":3,"name":"Hallitus ja toimihenkil\u00f6t"}]},{"@type":"WebSite","@id":"https:\/\/rotary.fi\/ylivieskajokivarsi\/#website","url":"https:\/\/rotary.fi\/ylivieskajokivarsi\/","name":"Ylivieska-Jokivarsi Rotaryklubi","description":"Uusi Rotary klubisivusto","potentialAction":[{"@type":"SearchAction","target":{"@type":"EntryPoint","urlTemplate":"https:\/\/rotary.fi\/ylivieskajokivarsi\/?s={search_term_string}"},"query-input":{"@type":"PropertyValueSpecification","valueRequired":true,"valueName":"search_term_string"}}],"inLanguage":"fi"}]}},"lang":"fi","translations":{"fi":132},"pll_sync_post":[],"_links":{"self":[{"href":"https:\/\/rotary.fi\/ylivieskajokivarsi\/wp-json\/wp\/v2\/pages\/132","targetHints":{"allow":["GET"]}}],"collection":[{"href":"https:\/\/rotary.fi\/ylivieskajokivarsi\/wp-json\/wp\/v2\/pages"}],"about":[{"href":"https:\/\/rotary.fi\/ylivieskajokivarsi\/wp-json\/wp\/v2\/types\/page"}],"author":[{"embeddable":true,"href":"https:\/\/rotary.fi\/ylivieskajokivarsi\/wp-json\/wp\/v2\/users\/1"}],"replies":[{"embeddable":true,"href":"https:\/\/rotary.fi\/ylivieskajokivarsi\/wp-json\/wp\/v2\/comments?post=132"}],"version-history":[{"count":10,"href":"https:\/\/rotary.fi\/ylivieskajokivarsi\/wp-json\/wp\/v2\/pages\/132\/revisions"}],"predecessor-version":[{"id":1620,"href":"https:\/\/rotary.fi\/ylivieskajokivarsi\/wp-json\/wp\/v2\/pages\/132\/revisions\/1620"}],"up":[{"embeddable":true,"href":"https:\/\/rotary.fi\/ylivieskajokivarsi\/wp-json\/wp\/v2\/pages\/129"}],"wp:attachment":[{"href":"https:\/\/rotary.fi\/ylivieskajokivarsi\/wp-json\/wp\/v2\/media?parent=132"}],"curies":[{"name":"wp","href":"https:\/\/api.w.org\/{rel}","templated":true}]}}