{"id":129,"date":"2018-08-10T13:41:39","date_gmt":"2018-08-10T10:41:39","guid":{"rendered":"https:\/\/rotary.fi\/klubi2\/?page_id=129"},"modified":"2025-10-25T15:21:50","modified_gmt":"2025-10-25T12:21:50","slug":"keita-olemme","status":"publish","type":"page","link":"https:\/\/rotary.fi\/ylivieskajokivarsi\/keita-olemme\/","title":{"rendered":"Keit\u00e4 olemme"},"content":{"rendered":"<p>[et_pb_section fb_built=&#8221;1&#8243; module_class=&#8221;jumbotron-page&#8221; _builder_version=&#8221;4.27.4&#8243; background_image=&#8221;https:\/\/rotary.fi\/ylivieskajokivarsi\/wp-content\/uploads\/sites\/39\/2025\/08\/ylivieska-5.jpg&#8221; background_position=&#8221;top_center&#8221; min_height=&#8221;500px&#8221; min_height_tablet=&#8221;400px&#8221; min_height_phone=&#8221;400px&#8221; min_height_last_edited=&#8221;on|desktop&#8221; global_colors_info=&#8221;{}&#8221;][et_pb_row _builder_version=&#8221;4.16&#8243; background_size=&#8221;initial&#8221; background_position=&#8221;top_left&#8221; background_repeat=&#8221;repeat&#8221; global_colors_info=&#8221;{}&#8221;][et_pb_column type=&#8221;4_4&#8243; _builder_version=&#8221;4.16&#8243; custom_padding=&#8221;|||&#8221; global_colors_info=&#8221;{}&#8221; custom_padding__hover=&#8221;|||&#8221;][et_pb_text admin_label=&#8221;P\u00e4\u00e4otsikko&#8221; _builder_version=&#8221;4.16&#8243; text_orientation=&#8221;center&#8221; background_layout=&#8221;dark&#8221; global_colors_info=&#8221;{}&#8221;]<\/p>\n<h1>Keit\u00e4 olemme<\/h1>\n<p>[\/et_pb_text][\/et_pb_column][\/et_pb_row][\/et_pb_section][et_pb_section fb_built=&#8221;1&#8243; specialty=&#8221;on&#8221; module_class_2=&#8221;sivupalkki&#8221; _builder_version=&#8221;4.16&#8243; global_colors_info=&#8221;{}&#8221;][et_pb_column type=&#8221;2_3&#8243; specialty_columns=&#8221;2&#8243; _builder_version=&#8221;4.16&#8243; custom_padding=&#8221;|||&#8221; global_colors_info=&#8221;{}&#8221; parallax__hover=&#8221;off&#8221; parallax_method__hover=&#8221;on&#8221; custom_padding__hover=&#8221;|||&#8221;][et_pb_row_inner admin_label=&#8221;Rivi&#8221; _builder_version=&#8221;4.16&#8243; global_colors_info=&#8221;{}&#8221;][et_pb_column_inner saved_specialty_column_type=&#8221;2_3&#8243; _builder_version=&#8221;4.16&#8243; custom_padding=&#8221;|||&#8221; global_colors_info=&#8221;{}&#8221; parallax__hover=&#8221;off&#8221; parallax_method__hover=&#8221;on&#8221; custom_padding__hover=&#8221;|||&#8221;][et_pb_text admin_label=&#8221;Otsikko&#8221; _builder_version=&#8221;4.27.4&#8243; header_text_align=&#8221;left&#8221; header_line_height=&#8221;1.3em&#8221; text_orientation=&#8221;center&#8221; global_colors_info=&#8221;{}&#8221;]<\/p>\n<h1>Keit\u00e4 olemme<\/h1>\n<p>[\/et_pb_text][et_pb_text _builder_version=&#8221;4.27.4&#8243; header_4_text_align=&#8221;left&#8221; header_4_line_height=&#8221;1.4em&#8221; header_4_font_size_tablet=&#8221;&#8221; header_4_font_size_last_edited=&#8221;on|phone&#8221; global_colors_info=&#8221;{}&#8221; hover_enabled=&#8221;0&#8243; sticky_enabled=&#8221;0&#8243; header_4_font_size_phone=&#8221;&#8221;]<\/p>\n<p><strong>Ylivieska- Jokivarsi Rotaryklubi<\/strong> on aktiivinen ja vaikuttava rotaryklubi. Kokoonnumme kokoukseen parin viikon v\u00e4lein maanantaisin tapaamaan toisiamme, kuulemaan kiinnostavia esitelmi\u00e4 ja edist\u00e4m\u00e4\u00e4n hyv\u00e4\u00e4 omalla paikkakunnallamme. Tuemme kansainv\u00e4lisen Rotaryj\u00e4rjest\u00f6n humanitaarisia projekteja, osallistumme nuorisovaihtoon ja edist\u00e4mme l\u00e4hiseudun hyvinvointia.<\/p>\n<h4>Harrastus, jolla on tarkoitus<\/h4>\n<p>Olemme toteuttaneet kansainv\u00e4list\u00e4 nuorisovaihtoa Ylivieskassa yli 50 vuotta. L\u00e4hett\u00e4neet satoja nuoria ymp\u00e4ri maailmaa sek\u00e4 vastaavasti olleet avoin koulutuspaikka kansainv\u00e4lisille nuorille. Meid\u00e4n mielest\u00e4mme nuorisovaihto on mit\u00e4 parhainta ruohonjuuritason kansainv\u00e4listymis- ja rauhankasvatusta.<\/p>\n<p>Pid\u00e4mme arvossa kansainv\u00e4lisen Rotary Internationalin ponnisteluja ja j\u00e4rjest\u00f6n arvokasta ty\u00f6t\u00e4 muun muassa polion h\u00e4vitt\u00e4miseksi maapallolta. Pelk\u00e4st\u00e4\u00e4n t\u00e4h\u00e4n ty\u00f6h\u00f6n Rotary on suunnannut runsaasti vapaaehtoisvoimaa sek\u00e4 yli 1,2 miljardia US-dollaria.<\/p>\n<h4>Vaikuttava kansainv\u00e4linen verkosto<\/h4>\n<p>Rotary on Chicagossa 23.2.1905 perustettu kansainv\u00e4linen palvelu- ja hyv\u00e4ntekev\u00e4isyysorganisaatio. Rotary Internationalin kotipaikka on Evanston, USA:n osavaltiossa Illinoisissa. Tunnuslauseemme on Yhdist\u00e4k\u00e4\u00e4 Hyv\u00e4\u00e4 (Unite for good).<\/p>\n<p>Rotaryyn kuuluu 1,2 miljoona j\u00e4sent\u00e4 35 000 klubissa yli 200 maassa. Rotary on merkitt\u00e4v\u00e4 kansainv\u00e4linen palvelu- ja hyv\u00e4ntekev\u00e4isyysj\u00e4rjest\u00f6. Suomi on jaettu viiteen rotarypiiriin, joista yhteen kuuluvat my\u00f6s Viron klubit. Suomessa ja Virossa on yhteens\u00e4 300 klubia, joissa runsaat 10 000 rotaria<\/p>\n<h4>Rotarypiirit<\/h4>\n<p>Suomessa on viisi rotarypiiri\u00e4, joihin kuuluu Suomen lis\u00e4ksi Viro. Jokaista piiri\u00e4 johtaa piirikuvern\u00f6\u00f6ri.<br \/>Oman piirimme <a href=\"https:\/\/rotary.fi\/d1385\/\" target=\"_blank\" rel=\"noopener\">D1385<\/a> kuvern\u00f6\u00f6ri toimintavuotena 2025\u20132026 on <strong>DG Tarmo Kokkola<\/strong>, Raahesta.<\/p>\n<p>Kuvern\u00f6\u00f6rin tukena toimivat piirineuvosto, komiteat ja toimikunnat sek\u00e4 piirin eri alueiden apulaiskuvern\u00f6\u00f6rit. Klubit tekev\u00e4t ehdotukset kuvern\u00f6\u00f6reist\u00e4, ja piirin nime\u00e4miskomitea valitsee ehdokkaista sopivimmaksi katsomansa kuvern\u00f6\u00f6rin. Tuleva kuvern\u00f6\u00f6ri nimitet\u00e4\u00e4n Rotary Internationalin maailmankonferenssissa.<\/p>\n<p>Piiri j\u00e4rjest\u00e4\u00e4 klubeille useita tapahtumia vuoden aikana. Niist\u00e4 t\u00e4rkein on tulevien klubipresidenttien ja klubivirkailijoiden koulutusseminaari (PETS).<\/p>\n<p>Piirikokous j\u00e4rjestet\u00e4\u00e4n yleens\u00e4 syksyisin ja juhlava piirikonferenssi kev\u00e4isin.<\/p>\n<p>Piirikuvern\u00f6\u00f6ri vierailee kaikissa piirins\u00e4 klubeissa toimivuotensa aikana. Apulaiskuvern\u00f6\u00f6rit vierailevat oman alueensa klubeissa.<\/p>\n<p>[\/et_pb_text][\/et_pb_column_inner][\/et_pb_row_inner][\/et_pb_column][et_pb_column type=&#8221;1_3&#8243; module_class=&#8221;sivupalkki&#8221; _builder_version=&#8221;4.16&#8243; custom_padding=&#8221;|||&#8221; global_colors_info=&#8221;{}&#8221; parallax__hover=&#8221;off&#8221; parallax_method__hover=&#8221;on&#8221; module_class__hover=&#8221;sivupalkki&#8221; custom_padding__hover=&#8221;|||&#8221;][et_pb_sidebar area=&#8221;sidebar-1&#8243; module_class=&#8221;sivupalkki_sisalto&#8221; _builder_version=&#8221;4.16&#8243; locked=&#8221;on&#8221; global_colors_info=&#8221;{}&#8221;][\/et_pb_sidebar][\/et_pb_column][\/et_pb_section]<\/p>\n","protected":false},"excerpt":{"rendered":"<p>Keit\u00e4 olemme Keit\u00e4 olemmeYlivieska- Jokivarsi Rotaryklubi on aktiivinen ja vaikuttava rotaryklubi. Kokoonnumme kokoukseen parin viikon v\u00e4lein maanantaisin tapaamaan toisiamme, kuulemaan kiinnostavia esitelmi\u00e4 ja edist\u00e4m\u00e4\u00e4n hyv\u00e4\u00e4 omalla paikkakunnallamme. Tuemme kansainv\u00e4lisen Rotaryj\u00e4rjest\u00f6n humanitaarisia projekteja, osallistumme nuorisovaihtoon ja edist\u00e4mme l\u00e4hiseudun hyvinvointia. Harrastus, jolla on tarkoitus Olemme toteuttaneet kansainv\u00e4list\u00e4 nuorisovaihtoa Ylivieskassa yli 50 vuotta. L\u00e4hett\u00e4neet satoja nuoria ymp\u00e4ri maailmaa [&hellip;]<\/p>\n","protected":false},"author":1,"featured_media":0,"parent":0,"menu_order":200,"comment_status":"closed","ping_status":"closed","template":"","meta":{"_acf_changed":false,"_et_pb_use_builder":"on","_et_pb_old_content":"","_et_gb_content_width":"","footnotes":""},"class_list":["post-129","page","type-page","status-publish","hentry"],"acf":[],"yoast_head":"<!-- This site is optimized with the Yoast SEO plugin v27.4 - https:\/\/yoast.com\/product\/yoast-seo-wordpress\/ -->\n<title>Keit\u00e4 olemme - Ylivieska-Jokivarsi Rotaryklubi<\/title>\n<meta name=\"description\" content=\"Ylivieska-Jokivarsi Rotaryklubi on vaikuttava ja ajankohtaisiin asioihin tarttuva aktiivinen rotaryklubi. Kokoonnumme kokoukseen joka toinen maanantai hotelli K\u00e4enpes\u00e4n mukavaan seuraan.\" \/>\n<meta name=\"robots\" content=\"index, follow, max-snippet:-1, max-image-preview:large, max-video-preview:-1\" \/>\n<link rel=\"canonical\" href=\"https:\/\/rotary.fi\/ylivieskajokivarsi\/keita-olemme\/\" \/>\n<meta property=\"og:locale\" content=\"fi_FI\" \/>\n<meta property=\"og:type\" content=\"article\" \/>\n<meta property=\"og:title\" content=\"Keit\u00e4 olemme - Ylivieska-Jokivarsi Rotaryklubi\" \/>\n<meta property=\"og:description\" content=\"Ylivieska-Jokivarsi Rotaryklubi on vaikuttava ja ajankohtaisiin asioihin tarttuva aktiivinen rotaryklubi. Kokoonnumme kokoukseen joka toinen maanantai hotelli K\u00e4enpes\u00e4n mukavaan seuraan.\" \/>\n<meta property=\"og:url\" content=\"https:\/\/rotary.fi\/ylivieskajokivarsi\/keita-olemme\/\" \/>\n<meta property=\"og:site_name\" content=\"Ylivieska-Jokivarsi Rotaryklubi\" \/>\n<meta property=\"article:modified_time\" content=\"2025-10-25T12:21:50+00:00\" \/>\n<meta name=\"twitter:card\" content=\"summary_large_image\" \/>\n<meta name=\"twitter:label1\" content=\"Arvioitu lukuaika\" \/>\n\t<meta name=\"twitter:data1\" content=\"3 minuuttia\" \/>\n<script type=\"application\/ld+json\" class=\"yoast-schema-graph\">{\"@context\":\"https:\\\/\\\/schema.org\",\"@graph\":[{\"@type\":\"WebPage\",\"@id\":\"https:\\\/\\\/rotary.fi\\\/ylivieskajokivarsi\\\/keita-olemme\\\/\",\"url\":\"https:\\\/\\\/rotary.fi\\\/ylivieskajokivarsi\\\/keita-olemme\\\/\",\"name\":\"Keit\u00e4 olemme - Ylivieska-Jokivarsi Rotaryklubi\",\"isPartOf\":{\"@id\":\"https:\\\/\\\/rotary.fi\\\/ylivieskajokivarsi\\\/#website\"},\"datePublished\":\"2018-08-10T10:41:39+00:00\",\"dateModified\":\"2025-10-25T12:21:50+00:00\",\"description\":\"Ylivieska-Jokivarsi Rotaryklubi on vaikuttava ja ajankohtaisiin asioihin tarttuva aktiivinen rotaryklubi. Kokoonnumme kokoukseen joka toinen maanantai hotelli K\u00e4enpes\u00e4n mukavaan seuraan.\",\"breadcrumb\":{\"@id\":\"https:\\\/\\\/rotary.fi\\\/ylivieskajokivarsi\\\/keita-olemme\\\/#breadcrumb\"},\"inLanguage\":\"fi\",\"potentialAction\":[{\"@type\":\"ReadAction\",\"target\":[\"https:\\\/\\\/rotary.fi\\\/ylivieskajokivarsi\\\/keita-olemme\\\/\"]}]},{\"@type\":\"BreadcrumbList\",\"@id\":\"https:\\\/\\\/rotary.fi\\\/ylivieskajokivarsi\\\/keita-olemme\\\/#breadcrumb\",\"itemListElement\":[{\"@type\":\"ListItem\",\"position\":1,\"name\":\"Home\",\"item\":\"https:\\\/\\\/rotary.fi\\\/ylivieskajokivarsi\\\/\"},{\"@type\":\"ListItem\",\"position\":2,\"name\":\"Keit\u00e4 olemme\"}]},{\"@type\":\"WebSite\",\"@id\":\"https:\\\/\\\/rotary.fi\\\/ylivieskajokivarsi\\\/#website\",\"url\":\"https:\\\/\\\/rotary.fi\\\/ylivieskajokivarsi\\\/\",\"name\":\"Ylivieska-Jokivarsi Rotaryklubi\",\"description\":\"Uusi Rotary klubisivusto\",\"potentialAction\":[{\"@type\":\"SearchAction\",\"target\":{\"@type\":\"EntryPoint\",\"urlTemplate\":\"https:\\\/\\\/rotary.fi\\\/ylivieskajokivarsi\\\/?s={search_term_string}\"},\"query-input\":{\"@type\":\"PropertyValueSpecification\",\"valueRequired\":true,\"valueName\":\"search_term_string\"}}],\"inLanguage\":\"fi\"}]}<\/script>\n<!-- \/ Yoast SEO plugin. -->","yoast_head_json":{"title":"Keit\u00e4 olemme - Ylivieska-Jokivarsi Rotaryklubi","description":"Ylivieska-Jokivarsi Rotaryklubi on vaikuttava ja ajankohtaisiin asioihin tarttuva aktiivinen rotaryklubi. Kokoonnumme kokoukseen joka toinen maanantai hotelli K\u00e4enpes\u00e4n mukavaan seuraan.","robots":{"index":"index","follow":"follow","max-snippet":"max-snippet:-1","max-image-preview":"max-image-preview:large","max-video-preview":"max-video-preview:-1"},"canonical":"https:\/\/rotary.fi\/ylivieskajokivarsi\/keita-olemme\/","og_locale":"fi_FI","og_type":"article","og_title":"Keit\u00e4 olemme - Ylivieska-Jokivarsi Rotaryklubi","og_description":"Ylivieska-Jokivarsi Rotaryklubi on vaikuttava ja ajankohtaisiin asioihin tarttuva aktiivinen rotaryklubi. Kokoonnumme kokoukseen joka toinen maanantai hotelli K\u00e4enpes\u00e4n mukavaan seuraan.","og_url":"https:\/\/rotary.fi\/ylivieskajokivarsi\/keita-olemme\/","og_site_name":"Ylivieska-Jokivarsi Rotaryklubi","article_modified_time":"2025-10-25T12:21:50+00:00","twitter_card":"summary_large_image","twitter_misc":{"Arvioitu lukuaika":"3 minuuttia"},"schema":{"@context":"https:\/\/schema.org","@graph":[{"@type":"WebPage","@id":"https:\/\/rotary.fi\/ylivieskajokivarsi\/keita-olemme\/","url":"https:\/\/rotary.fi\/ylivieskajokivarsi\/keita-olemme\/","name":"Keit\u00e4 olemme - Ylivieska-Jokivarsi Rotaryklubi","isPartOf":{"@id":"https:\/\/rotary.fi\/ylivieskajokivarsi\/#website"},"datePublished":"2018-08-10T10:41:39+00:00","dateModified":"2025-10-25T12:21:50+00:00","description":"Ylivieska-Jokivarsi Rotaryklubi on vaikuttava ja ajankohtaisiin asioihin tarttuva aktiivinen rotaryklubi. Kokoonnumme kokoukseen joka toinen maanantai hotelli K\u00e4enpes\u00e4n mukavaan seuraan.","breadcrumb":{"@id":"https:\/\/rotary.fi\/ylivieskajokivarsi\/keita-olemme\/#breadcrumb"},"inLanguage":"fi","potentialAction":[{"@type":"ReadAction","target":["https:\/\/rotary.fi\/ylivieskajokivarsi\/keita-olemme\/"]}]},{"@type":"BreadcrumbList","@id":"https:\/\/rotary.fi\/ylivieskajokivarsi\/keita-olemme\/#breadcrumb","itemListElement":[{"@type":"ListItem","position":1,"name":"Home","item":"https:\/\/rotary.fi\/ylivieskajokivarsi\/"},{"@type":"ListItem","position":2,"name":"Keit\u00e4 olemme"}]},{"@type":"WebSite","@id":"https:\/\/rotary.fi\/ylivieskajokivarsi\/#website","url":"https:\/\/rotary.fi\/ylivieskajokivarsi\/","name":"Ylivieska-Jokivarsi Rotaryklubi","description":"Uusi Rotary klubisivusto","potentialAction":[{"@type":"SearchAction","target":{"@type":"EntryPoint","urlTemplate":"https:\/\/rotary.fi\/ylivieskajokivarsi\/?s={search_term_string}"},"query-input":{"@type":"PropertyValueSpecification","valueRequired":true,"valueName":"search_term_string"}}],"inLanguage":"fi"}]}},"lang":"fi","translations":{"fi":129},"pll_sync_post":[],"_links":{"self":[{"href":"https:\/\/rotary.fi\/ylivieskajokivarsi\/wp-json\/wp\/v2\/pages\/129","targetHints":{"allow":["GET"]}}],"collection":[{"href":"https:\/\/rotary.fi\/ylivieskajokivarsi\/wp-json\/wp\/v2\/pages"}],"about":[{"href":"https:\/\/rotary.fi\/ylivieskajokivarsi\/wp-json\/wp\/v2\/types\/page"}],"author":[{"embeddable":true,"href":"https:\/\/rotary.fi\/ylivieskajokivarsi\/wp-json\/wp\/v2\/users\/1"}],"replies":[{"embeddable":true,"href":"https:\/\/rotary.fi\/ylivieskajokivarsi\/wp-json\/wp\/v2\/comments?post=129"}],"version-history":[{"count":9,"href":"https:\/\/rotary.fi\/ylivieskajokivarsi\/wp-json\/wp\/v2\/pages\/129\/revisions"}],"predecessor-version":[{"id":1674,"href":"https:\/\/rotary.fi\/ylivieskajokivarsi\/wp-json\/wp\/v2\/pages\/129\/revisions\/1674"}],"wp:attachment":[{"href":"https:\/\/rotary.fi\/ylivieskajokivarsi\/wp-json\/wp\/v2\/media?parent=129"}],"curies":[{"name":"wp","href":"https:\/\/api.w.org\/{rel}","templated":true}]}}