{"id":295,"date":"2018-10-25T08:25:11","date_gmt":"2018-10-25T05:25:11","guid":{"rendered":"https:\/\/rotary.fi\/ylikerava\/?page_id=295"},"modified":"2018-11-27T09:10:27","modified_gmt":"2018-11-27T07:10:27","slug":"laakaripankki","status":"publish","type":"page","link":"https:\/\/rotary.fi\/ylikerava\/mita-teemme\/laakaripankki\/","title":{"rendered":"L\u00e4\u00e4k\u00e4ripankki"},"content":{"rendered":"<p>[et_pb_section fb_built=&#8221;1&#8243; module_class=&#8221;jumbotron-page&#8221; _builder_version=&#8221;3.17.2&#8243; background_image=&#8221;https:\/\/rotary.fi\/ylikerava\/wp-content\/uploads\/sites\/102\/2018\/10\/rotary_klubit_alasivu_paakuva_14.jpg&#8221;][et_pb_row _builder_version=&#8221;3.0.48&#8243; background_size=&#8221;initial&#8221; background_position=&#8221;top_left&#8221; background_repeat=&#8221;repeat&#8221;][et_pb_column type=&#8221;4_4&#8243; _builder_version=&#8221;3.0.47&#8243; parallax=&#8221;off&#8221; parallax_method=&#8221;on&#8221;][et_pb_text admin_label=&#8221;P\u00e4\u00e4otsikko&#8221; _builder_version=&#8221;3.17&#8243; text_orientation=&#8221;center&#8221; background_layout=&#8221;dark&#8221;]<\/p>\n<h1>L\u00e4\u00e4k\u00e4ripankki<\/h1>\n<p>[\/et_pb_text][\/et_pb_column][\/et_pb_row][\/et_pb_section][et_pb_section fb_built=&#8221;1&#8243; specialty=&#8221;on&#8221; module_class_2=&#8221;sivupalkki&#8221; _builder_version=&#8221;3.4.1&#8243;][et_pb_column type=&#8221;2_3&#8243; specialty_columns=&#8221;2&#8243; _builder_version=&#8221;3.0.47&#8243; parallax=&#8221;off&#8221; parallax__hover=&#8221;off&#8221; parallax_method=&#8221;on&#8221; parallax_method__hover=&#8221;on&#8221;][et_pb_row_inner admin_label=&#8221;Rivi&#8221; _builder_version=&#8221;3.0.47&#8243;][et_pb_column_inner type=&#8221;4_4&#8243; saved_specialty_column_type=&#8221;2_3&#8243; _builder_version=&#8221;3.0.47&#8243; parallax=&#8221;off&#8221; parallax__hover=&#8221;off&#8221; parallax_method=&#8221;on&#8221; parallax_method__hover=&#8221;on&#8221;][et_pb_text admin_label=&#8221;L\u00e4\u00e4k\u00e4ripankki &#8211; Otsikko&#8221; _builder_version=&#8221;3.17&#8243; text_orientation=&#8221;center&#8221;]<\/p>\n<h1>L\u00e4\u00e4k\u00e4ripankki<\/h1>\n<p>[\/et_pb_text][et_pb_text _builder_version=&#8221;3.17.6&#8243;]<\/p>\n<p><span style=\"color: #8300e9;\"><strong>HUOM. Jos klubinne on aktiivinen L\u00e4\u00e4k\u00e4ripankki-toiminnassa, lis\u00e4\u00e4 tietojanne t\u00e4lle sivulle.<\/strong><\/span><\/p>\n<p><strong>Teemme mahdolliseksi l\u00e4\u00e4k\u00e4reiden l\u00e4hett\u00e4misen kehitysmaihin<\/strong><\/p>\n<p><em>Suomen Rotarypalvelu ry:n L\u00e4\u00e4k\u00e4ripankkia (Rotary Doctor Bank of Finland) rahoittavat kaikki suomalaiset rotarit.<\/em><\/p>\n<p>L\u00e4\u00e4k\u00e4ripankki on toiminut Tansaniassa vuodesta 2002 Tansanian evankelisluterilaisen kirkon sairaaloissa. Tansaniaan on l\u00e4hetetty L\u00e4\u00e4k\u00e4ripankin kautta vapaaehtoisia l\u00e4\u00e4k\u00e4reit\u00e4 ja hammasl\u00e4\u00e4k\u00e4reit\u00e4 Suomen Rotarypalvelun ker\u00e4\u00e4m\u00e4n omarahoituksen ja ulkoministeri\u00f6n my\u00f6nt\u00e4m\u00e4n kehitysyhteisty\u00f6n hanketuen avulla.<\/p>\n<p>Vuosittain on Tansaniaan voitu l\u00e4hett\u00e4\u00e4 vapaaehtoisl\u00e4\u00e4k\u00e4reit\u00e4 kuuden tai useamman viikon ajaksi. Ty\u00f6 on palkatonta, mutta l\u00e4\u00e4k\u00e4rit saavat korvauksen matkoista, p\u00e4iv\u00e4rahan ja vakuutuksen. L\u00e4\u00e4k\u00e4rit osallistuvat sairaalan ty\u00f6h\u00f6n k\u00e4ytett\u00e4viss\u00e4 olevilla v\u00e4lineill\u00e4 ja tekev\u00e4t my\u00f6s opetusty\u00f6t\u00e4. Humanitaarisen ty\u00f6n antaman mielihyv\u00e4n lis\u00e4ksi osallistujat ovat kokeneet saaneensa kokemusta, jota ei Suomessa olisi mahdollista saada.<\/p>\n<p>Lue lis\u00e4\u00e4 <a href=\"https:\/\/rotary.fi\/mita-teemme\/laakaripankki\/\" target=\"_blank\" rel=\"noopener\">Suomen Rotarypalvelu ry:n L\u00e4\u00e4k\u00e4ripankista.<\/a><\/p>\n<p>[\/et_pb_text][\/et_pb_column_inner][\/et_pb_row_inner][\/et_pb_column][et_pb_column type=&#8221;1_3&#8243; _builder_version=&#8221;3.0.47&#8243; parallax=&#8221;off&#8221; parallax__hover=&#8221;off&#8221; parallax_method=&#8221;on&#8221; parallax_method__hover=&#8221;on&#8221; module_class=&#8221;sivupalkki&#8221; module_class__hover=&#8221;sivupalkki&#8221;][et_pb_sidebar area=&#8221;sidebar-1&#8243; module_class=&#8221;sivupalkki_sisalto&#8221; _builder_version=&#8221;3.4.1&#8243; locked=&#8221;on&#8221;][\/et_pb_sidebar][\/et_pb_column][\/et_pb_section]<\/p>\n","protected":false},"excerpt":{"rendered":"<p>L\u00e4\u00e4k\u00e4ripankki L\u00e4\u00e4k\u00e4ripankki HUOM. Jos klubinne on aktiivinen L\u00e4\u00e4k\u00e4ripankki-toiminnassa, lis\u00e4\u00e4 tietojanne t\u00e4lle sivulle. Teemme mahdolliseksi l\u00e4\u00e4k\u00e4reiden l\u00e4hett\u00e4misen kehitysmaihin Suomen Rotarypalvelu ry:n L\u00e4\u00e4k\u00e4ripankkia (Rotary Doctor Bank of Finland) rahoittavat kaikki suomalaiset rotarit. L\u00e4\u00e4k\u00e4ripankki on toiminut Tansaniassa vuodesta 2002 Tansanian evankelisluterilaisen kirkon sairaaloissa. Tansaniaan on l\u00e4hetetty L\u00e4\u00e4k\u00e4ripankin kautta vapaaehtoisia l\u00e4\u00e4k\u00e4reit\u00e4 ja hammasl\u00e4\u00e4k\u00e4reit\u00e4 Suomen Rotarypalvelun ker\u00e4\u00e4m\u00e4n omarahoituksen ja ulkoministeri\u00f6n [&hellip;]<\/p>\n","protected":false},"author":1,"featured_media":0,"parent":77,"menu_order":0,"comment_status":"closed","ping_status":"closed","template":"","meta":{"_acf_changed":false,"_et_pb_use_builder":"on","_et_pb_old_content":"","_et_gb_content_width":"","footnotes":""},"class_list":["post-295","page","type-page","status-publish","hentry"],"acf":[],"yoast_head":"<!-- This site is optimized with the Yoast SEO plugin v27.0 - https:\/\/yoast.com\/product\/yoast-seo-wordpress\/ -->\n<title>L\u00e4\u00e4k\u00e4ripankki - Ylikeravan Rotaryklubi<\/title>\n<meta name=\"robots\" content=\"index, follow, max-snippet:-1, max-image-preview:large, max-video-preview:-1\" \/>\n<link rel=\"canonical\" href=\"https:\/\/rotary.fi\/ylikerava\/mita-teemme\/laakaripankki\/\" \/>\n<meta property=\"og:locale\" content=\"fi_FI\" \/>\n<meta property=\"og:type\" content=\"article\" \/>\n<meta property=\"og:title\" content=\"L\u00e4\u00e4k\u00e4ripankki - Ylikeravan Rotaryklubi\" \/>\n<meta property=\"og:description\" content=\"L\u00e4\u00e4k\u00e4ripankki L\u00e4\u00e4k\u00e4ripankki HUOM. Jos klubinne on aktiivinen L\u00e4\u00e4k\u00e4ripankki-toiminnassa, lis\u00e4\u00e4 tietojanne t\u00e4lle sivulle. Teemme mahdolliseksi l\u00e4\u00e4k\u00e4reiden l\u00e4hett\u00e4misen kehitysmaihin Suomen Rotarypalvelu ry:n L\u00e4\u00e4k\u00e4ripankkia (Rotary Doctor Bank of Finland) rahoittavat kaikki suomalaiset rotarit. L\u00e4\u00e4k\u00e4ripankki on toiminut Tansaniassa vuodesta 2002 Tansanian evankelisluterilaisen kirkon sairaaloissa. Tansaniaan on l\u00e4hetetty L\u00e4\u00e4k\u00e4ripankin kautta vapaaehtoisia l\u00e4\u00e4k\u00e4reit\u00e4 ja hammasl\u00e4\u00e4k\u00e4reit\u00e4 Suomen Rotarypalvelun ker\u00e4\u00e4m\u00e4n omarahoituksen ja ulkoministeri\u00f6n [&hellip;]\" \/>\n<meta property=\"og:url\" content=\"https:\/\/rotary.fi\/ylikerava\/mita-teemme\/laakaripankki\/\" \/>\n<meta property=\"og:site_name\" content=\"Ylikeravan Rotaryklubi\" \/>\n<meta property=\"article:modified_time\" content=\"2018-11-27T07:10:27+00:00\" \/>\n<meta name=\"twitter:card\" content=\"summary_large_image\" \/>\n<meta name=\"twitter:label1\" content=\"Arvioitu lukuaika\" \/>\n\t<meta name=\"twitter:data1\" content=\"2 minuuttia\" \/>\n<script type=\"application\/ld+json\" class=\"yoast-schema-graph\">{\"@context\":\"https:\/\/schema.org\",\"@graph\":[{\"@type\":\"WebPage\",\"@id\":\"https:\/\/rotary.fi\/ylikerava\/mita-teemme\/laakaripankki\/\",\"url\":\"https:\/\/rotary.fi\/ylikerava\/mita-teemme\/laakaripankki\/\",\"name\":\"L\u00e4\u00e4k\u00e4ripankki - Ylikeravan Rotaryklubi\",\"isPartOf\":{\"@id\":\"https:\/\/rotary.fi\/ylikerava\/#website\"},\"datePublished\":\"2018-10-25T05:25:11+00:00\",\"dateModified\":\"2018-11-27T07:10:27+00:00\",\"breadcrumb\":{\"@id\":\"https:\/\/rotary.fi\/ylikerava\/mita-teemme\/laakaripankki\/#breadcrumb\"},\"inLanguage\":\"fi\",\"potentialAction\":[{\"@type\":\"ReadAction\",\"target\":[\"https:\/\/rotary.fi\/ylikerava\/mita-teemme\/laakaripankki\/\"]}]},{\"@type\":\"BreadcrumbList\",\"@id\":\"https:\/\/rotary.fi\/ylikerava\/mita-teemme\/laakaripankki\/#breadcrumb\",\"itemListElement\":[{\"@type\":\"ListItem\",\"position\":1,\"name\":\"Home\",\"item\":\"https:\/\/rotary.fi\/ylikerava\/\"},{\"@type\":\"ListItem\",\"position\":2,\"name\":\"Mit\u00e4 teemme\",\"item\":\"https:\/\/rotary.fi\/ylikerava\/mita-teemme\/\"},{\"@type\":\"ListItem\",\"position\":3,\"name\":\"L\u00e4\u00e4k\u00e4ripankki\"}]},{\"@type\":\"WebSite\",\"@id\":\"https:\/\/rotary.fi\/ylikerava\/#website\",\"url\":\"https:\/\/rotary.fi\/ylikerava\/\",\"name\":\"Ylikeravan Rotaryklubi\",\"description\":\"Uusi Rotary klubisivusto\",\"potentialAction\":[{\"@type\":\"SearchAction\",\"target\":{\"@type\":\"EntryPoint\",\"urlTemplate\":\"https:\/\/rotary.fi\/ylikerava\/?s={search_term_string}\"},\"query-input\":{\"@type\":\"PropertyValueSpecification\",\"valueRequired\":true,\"valueName\":\"search_term_string\"}}],\"inLanguage\":\"fi\"}]}<\/script>\n<!-- \/ Yoast SEO plugin. -->","yoast_head_json":{"title":"L\u00e4\u00e4k\u00e4ripankki - Ylikeravan Rotaryklubi","robots":{"index":"index","follow":"follow","max-snippet":"max-snippet:-1","max-image-preview":"max-image-preview:large","max-video-preview":"max-video-preview:-1"},"canonical":"https:\/\/rotary.fi\/ylikerava\/mita-teemme\/laakaripankki\/","og_locale":"fi_FI","og_type":"article","og_title":"L\u00e4\u00e4k\u00e4ripankki - Ylikeravan Rotaryklubi","og_description":"L\u00e4\u00e4k\u00e4ripankki L\u00e4\u00e4k\u00e4ripankki HUOM. Jos klubinne on aktiivinen L\u00e4\u00e4k\u00e4ripankki-toiminnassa, lis\u00e4\u00e4 tietojanne t\u00e4lle sivulle. Teemme mahdolliseksi l\u00e4\u00e4k\u00e4reiden l\u00e4hett\u00e4misen kehitysmaihin Suomen Rotarypalvelu ry:n L\u00e4\u00e4k\u00e4ripankkia (Rotary Doctor Bank of Finland) rahoittavat kaikki suomalaiset rotarit. L\u00e4\u00e4k\u00e4ripankki on toiminut Tansaniassa vuodesta 2002 Tansanian evankelisluterilaisen kirkon sairaaloissa. Tansaniaan on l\u00e4hetetty L\u00e4\u00e4k\u00e4ripankin kautta vapaaehtoisia l\u00e4\u00e4k\u00e4reit\u00e4 ja hammasl\u00e4\u00e4k\u00e4reit\u00e4 Suomen Rotarypalvelun ker\u00e4\u00e4m\u00e4n omarahoituksen ja ulkoministeri\u00f6n [&hellip;]","og_url":"https:\/\/rotary.fi\/ylikerava\/mita-teemme\/laakaripankki\/","og_site_name":"Ylikeravan Rotaryklubi","article_modified_time":"2018-11-27T07:10:27+00:00","twitter_card":"summary_large_image","twitter_misc":{"Arvioitu lukuaika":"2 minuuttia"},"schema":{"@context":"https:\/\/schema.org","@graph":[{"@type":"WebPage","@id":"https:\/\/rotary.fi\/ylikerava\/mita-teemme\/laakaripankki\/","url":"https:\/\/rotary.fi\/ylikerava\/mita-teemme\/laakaripankki\/","name":"L\u00e4\u00e4k\u00e4ripankki - Ylikeravan Rotaryklubi","isPartOf":{"@id":"https:\/\/rotary.fi\/ylikerava\/#website"},"datePublished":"2018-10-25T05:25:11+00:00","dateModified":"2018-11-27T07:10:27+00:00","breadcrumb":{"@id":"https:\/\/rotary.fi\/ylikerava\/mita-teemme\/laakaripankki\/#breadcrumb"},"inLanguage":"fi","potentialAction":[{"@type":"ReadAction","target":["https:\/\/rotary.fi\/ylikerava\/mita-teemme\/laakaripankki\/"]}]},{"@type":"BreadcrumbList","@id":"https:\/\/rotary.fi\/ylikerava\/mita-teemme\/laakaripankki\/#breadcrumb","itemListElement":[{"@type":"ListItem","position":1,"name":"Home","item":"https:\/\/rotary.fi\/ylikerava\/"},{"@type":"ListItem","position":2,"name":"Mit\u00e4 teemme","item":"https:\/\/rotary.fi\/ylikerava\/mita-teemme\/"},{"@type":"ListItem","position":3,"name":"L\u00e4\u00e4k\u00e4ripankki"}]},{"@type":"WebSite","@id":"https:\/\/rotary.fi\/ylikerava\/#website","url":"https:\/\/rotary.fi\/ylikerava\/","name":"Ylikeravan Rotaryklubi","description":"Uusi Rotary klubisivusto","potentialAction":[{"@type":"SearchAction","target":{"@type":"EntryPoint","urlTemplate":"https:\/\/rotary.fi\/ylikerava\/?s={search_term_string}"},"query-input":{"@type":"PropertyValueSpecification","valueRequired":true,"valueName":"search_term_string"}}],"inLanguage":"fi"}]}},"lang":"fi","translations":{"fi":295,"en":1460},"pll_sync_post":[],"_links":{"self":[{"href":"https:\/\/rotary.fi\/ylikerava\/wp-json\/wp\/v2\/pages\/295","targetHints":{"allow":["GET"]}}],"collection":[{"href":"https:\/\/rotary.fi\/ylikerava\/wp-json\/wp\/v2\/pages"}],"about":[{"href":"https:\/\/rotary.fi\/ylikerava\/wp-json\/wp\/v2\/types\/page"}],"author":[{"embeddable":true,"href":"https:\/\/rotary.fi\/ylikerava\/wp-json\/wp\/v2\/users\/1"}],"replies":[{"embeddable":true,"href":"https:\/\/rotary.fi\/ylikerava\/wp-json\/wp\/v2\/comments?post=295"}],"version-history":[{"count":5,"href":"https:\/\/rotary.fi\/ylikerava\/wp-json\/wp\/v2\/pages\/295\/revisions"}],"predecessor-version":[{"id":1320,"href":"https:\/\/rotary.fi\/ylikerava\/wp-json\/wp\/v2\/pages\/295\/revisions\/1320"}],"up":[{"embeddable":true,"href":"https:\/\/rotary.fi\/ylikerava\/wp-json\/wp\/v2\/pages\/77"}],"wp:attachment":[{"href":"https:\/\/rotary.fi\/ylikerava\/wp-json\/wp\/v2\/media?parent=295"}],"curies":[{"name":"wp","href":"https:\/\/api.w.org\/{rel}","templated":true}]}}