{"id":142,"date":"2018-08-10T14:04:45","date_gmt":"2018-08-10T11:04:45","guid":{"rendered":"https:\/\/rotary.fi\/klubi2\/?page_id=142"},"modified":"2018-11-29T10:43:47","modified_gmt":"2018-11-29T08:43:47","slug":"ilo-esitella","status":"publish","type":"page","link":"https:\/\/rotary.fi\/ylikerava\/keita-olemme\/ilo-esitella\/","title":{"rendered":"Ilo esitell\u00e4"},"content":{"rendered":"<p>[et_pb_section fb_built=&#8221;1&#8243; module_class=&#8221;jumbotron-page&#8221; _builder_version=&#8221;3.17.2&#8243; background_image=&#8221;https:\/\/rotary.fi\/ylikerava\/wp-content\/uploads\/sites\/102\/2018\/10\/rotary_klubit_alasivu_paakuva_14.jpg&#8221;][et_pb_row _builder_version=&#8221;3.0.48&#8243; background_size=&#8221;initial&#8221; background_position=&#8221;top_left&#8221; background_repeat=&#8221;repeat&#8221;][et_pb_column type=&#8221;4_4&#8243; _builder_version=&#8221;3.0.47&#8243; parallax=&#8221;off&#8221; parallax_method=&#8221;on&#8221;][et_pb_text admin_label=&#8221;P\u00e4\u00e4otsikko&#8221; _builder_version=&#8221;3.17&#8243; text_orientation=&#8221;center&#8221; background_layout=&#8221;dark&#8221;]<\/p>\n<h1>Ilo esitell\u00e4<\/h1>\n<p>[\/et_pb_text][\/et_pb_column][\/et_pb_row][\/et_pb_section][et_pb_section fb_built=&#8221;1&#8243; specialty=&#8221;on&#8221; module_class_2=&#8221;sivupalkki&#8221; _builder_version=&#8221;3.4.1&#8243;][et_pb_column type=&#8221;2_3&#8243; specialty_columns=&#8221;2&#8243; _builder_version=&#8221;3.0.47&#8243; parallax=&#8221;off&#8221; parallax__hover=&#8221;off&#8221; parallax_method=&#8221;on&#8221; parallax_method__hover=&#8221;on&#8221;][et_pb_row_inner admin_label=&#8221;Rivi&#8221; _builder_version=&#8221;3.0.47&#8243;][et_pb_column_inner type=&#8221;4_4&#8243; saved_specialty_column_type=&#8221;2_3&#8243; _builder_version=&#8221;3.0.47&#8243; parallax=&#8221;off&#8221; parallax__hover=&#8221;off&#8221; parallax_method=&#8221;on&#8221; parallax_method__hover=&#8221;on&#8221;][et_pb_text admin_label=&#8221;Ilo esitell\u00e4 &#8211; Otsikko&#8221; _builder_version=&#8221;3.17&#8243; text_orientation=&#8221;center&#8221;]<\/p>\n<h1>Ilo esitell\u00e4<\/h1>\n<p>[\/et_pb_text][et_pb_text _builder_version=&#8221;3.17&#8243;]<\/p>\n<p><span style=\"color: #8300e9\"><strong>HUOM. T\u00e4lle sivulle jokainen klubi voi nostaa esiin tiiviit\u00e4 j\u00e4sen-, projekti- tai projektiyhteisty\u00f6kumppaneiden esittelyj\u00e4. Esittelyt on mahdollista jakaa henkil\u00f6iden luvalla my\u00f6s sosiaalisessa mediassa, esimerkiksi klubin omalla fb-sivulla. Kannattaa k\u00e4ytt\u00e4\u00e4 kuvia!<\/strong><\/span><\/p>\n<p><span style=\"color: #8300e9\"><strong>Aiheita esimerkiksi<\/strong><\/span><\/p>\n<ul>\n<li><span style=\"color: #8300e9\"><strong>Miksi min\u00e4 olen rotari<\/strong><\/span><\/li>\n<li><span style=\"color: #8300e9\"><strong>Australiassa kaikki oli toisin.\u2028Vaihto-opiskelija Teemu palasi muuttuneena miehen\u00e4<\/strong><\/span><\/li>\n<li><span style=\"color: #8300e9\"><strong>Taru pit\u00e4\u00e4 klubin raha-asiat hanskassa<\/strong><\/span><\/li>\n<li><span style=\"color: #8300e9\"><strong>Uutisaiheen ymp\u00e4rilt\u00e4 kirjoitettu n\u00e4k\u00f6kulma. Teatteri Totti on esimerkkiaihe parin vuoden takaa: hieman toisin painotuksin sopisi my\u00f6s osioon Mit\u00e4 teemme\/Klubin projektit, mutta nyt painotetaan enemm\u00e4n esteett\u00f6myytt\u00e4 edist\u00e4vi\u00e4 tekij\u00f6it\u00e4.<\/strong><\/span><\/li>\n<\/ul>\n<p><span style=\"color: #8300e9\"><strong>Malliteksti:<\/strong><\/span><\/p>\n<h1>Teatteri Totti esiintyy viittomakielell\u00e4<\/h1>\n<h4><\/h4>\n<h4>Murhamysteeri tulkattiin puhekielelle<\/h4>\n<p>Teatteri Totti esitti Sein\u00e4joella keskiviikkona 7.9. viittomakielisen murhamysteerin Rouva Rozenin salaisuus. Esitys tarjosi mielenkiintoisen el\u00e4myksen sek\u00e4 viittomakielisille ett\u00e4 kuuleville, sill\u00e4 viitottu teatteriesitys tulkattiin puhekielelle. Esitys veti t\u00e4yteen koko Eskoon yli 100-paikkaisen monitoimisalin.<\/p>\n<p>Teatteri Totin esitykset ovat p\u00e4\u00e4asiassa esteett\u00f6mi\u00e4. T\u00e4ss\u00e4 tapauksessa esitys tulkattiin puhekielelle. Lavalla n\u00e4yttelij\u00e4t viittoivat, mutta kaikki puhuttiin my\u00f6s \u00e4\u00e4neen. Esitys oli avoin kaikille ihmisille vammaan, sen puutteeseen, ik\u00e4\u00e4n ja sukupuoleen katsomatta.<\/p>\n<h4><\/h4>\n<h4>N\u00e4ytt\u00e4m\u00f6ll\u00e4 pohjalaisv\u00e4ri\u00e4<\/h4>\n<p>Nurmolaissyntyinen Liisa Kauppinen on yksi Teatteri Totin n\u00e4yttelij\u00f6ist\u00e4. <strong>Liisa Kauppinen<\/strong> palkittiin ensimm\u00e4isen\u00e4 suomalaisena YK:n ihmisoikeuspalkinnolla vuonna 2013.<\/p>\n<p>Viittomakieliset n\u00e4kev\u00e4t ja kokevat maailman v\u00e4hemmist\u00f6kielisin\u00e4 eiv\u00e4tk\u00e4 vammaisina. He rinnastavat itsens\u00e4 mieluummin esimerkiksi suomenruotsalaisiin kuin mihink\u00e4\u00e4n vammaryhm\u00e4\u00e4n.<\/p>\n<p>Teatteri Totti saatiin Sein\u00e4joelle Lakeuden Rotaryklubin aloitteesta. Kuurojen Liitto Ry:n aluety\u00f6ntekij\u00e4 <strong>Sirpa Kallio<\/strong> oli tyytyv\u00e4inen esteett\u00f6m\u00e4n esityksen j\u00e4rjest\u00e4misest\u00e4.<\/p>\n<p>\u2013 T\u00e4m\u00e4 oli hieno teko. Viittomakieliset saavat vain ani harvoin nauttia omankielisest\u00e4 kulttuurituotannosta n\u00e4ill\u00e4 lakeuksilla, Kallio hehkuttaa.<\/p>\n<p>Klubimme organisoi teatterivierailun rahoittamiseksi kev\u00e4\u00e4ll\u00e4 hyv\u00e4ntekev\u00e4isyyskonsertin. J\u00e4rjest\u00e4jin\u00e4 toimivat Lakeuden Rotaryklubin lis\u00e4ksi Sein\u00e4joen seurakunta, Kuurojen Liitto, Ilmajoen Musiikkijuhlat, Ilmajoen Rotaryklubi sek\u00e4 Tuki- ja osaamiskeskus Eskoo. Varat lahjoitettiin Sein\u00e4joen seurakunnan diakoniaty\u00f6n kautta edelleen teatteriesityksen tuottamiseen. Syksyn teatteriesityst\u00e4 tukivat lis\u00e4ksi Sein\u00e4joen kaupungin kulttuuritoimi, L\u00e4hiTapiola, Kalevalaisten Naisten Liitto ja S-Market Lehtinen.<\/p>\n<p>[\/et_pb_text][\/et_pb_column_inner][\/et_pb_row_inner][\/et_pb_column][et_pb_column type=&#8221;1_3&#8243; _builder_version=&#8221;3.0.47&#8243; parallax=&#8221;off&#8221; parallax__hover=&#8221;off&#8221; parallax_method=&#8221;on&#8221; parallax_method__hover=&#8221;on&#8221; module_class=&#8221;sivupalkki&#8221; module_class__hover=&#8221;sivupalkki&#8221;][et_pb_sidebar area=&#8221;sidebar-1&#8243; module_class=&#8221;sivupalkki_sisalto&#8221; _builder_version=&#8221;3.4.1&#8243; locked=&#8221;on&#8221;][\/et_pb_sidebar][\/et_pb_column][\/et_pb_section]<\/p>\n","protected":false},"excerpt":{"rendered":"<p>Ilo esitell\u00e4 Ilo esitell\u00e4 HUOM. T\u00e4lle sivulle jokainen klubi voi nostaa esiin tiiviit\u00e4 j\u00e4sen-, projekti- tai projektiyhteisty\u00f6kumppaneiden esittelyj\u00e4. Esittelyt on mahdollista jakaa henkil\u00f6iden luvalla my\u00f6s sosiaalisessa mediassa, esimerkiksi klubin omalla fb-sivulla. Kannattaa k\u00e4ytt\u00e4\u00e4 kuvia! Aiheita esimerkiksi Miksi min\u00e4 olen rotari Australiassa kaikki oli toisin.\u2028Vaihto-opiskelija Teemu palasi muuttuneena miehen\u00e4 Taru pit\u00e4\u00e4 klubin raha-asiat hanskassa Uutisaiheen ymp\u00e4rilt\u00e4 [&hellip;]<\/p>\n","protected":false},"author":1,"featured_media":0,"parent":129,"menu_order":0,"comment_status":"closed","ping_status":"closed","template":"","meta":{"_acf_changed":false,"_et_pb_use_builder":"on","_et_pb_old_content":"","_et_gb_content_width":"","footnotes":""},"class_list":["post-142","page","type-page","status-publish","hentry"],"acf":[],"yoast_head":"<!-- This site is optimized with the Yoast SEO plugin v27.0 - https:\/\/yoast.com\/product\/yoast-seo-wordpress\/ -->\n<title>Ilo esitell\u00e4 - Ylikeravan Rotaryklubi<\/title>\n<meta name=\"robots\" content=\"index, follow, max-snippet:-1, max-image-preview:large, max-video-preview:-1\" \/>\n<link rel=\"canonical\" href=\"https:\/\/rotary.fi\/ylikerava\/keita-olemme\/ilo-esitella\/\" \/>\n<meta property=\"og:locale\" content=\"fi_FI\" \/>\n<meta property=\"og:type\" content=\"article\" \/>\n<meta property=\"og:title\" content=\"Ilo esitell\u00e4 - Ylikeravan Rotaryklubi\" \/>\n<meta property=\"og:description\" content=\"Ilo esitell\u00e4 Ilo esitell\u00e4 HUOM. T\u00e4lle sivulle jokainen klubi voi nostaa esiin tiiviit\u00e4 j\u00e4sen-, projekti- tai projektiyhteisty\u00f6kumppaneiden esittelyj\u00e4. Esittelyt on mahdollista jakaa henkil\u00f6iden luvalla my\u00f6s sosiaalisessa mediassa, esimerkiksi klubin omalla fb-sivulla. Kannattaa k\u00e4ytt\u00e4\u00e4 kuvia! Aiheita esimerkiksi Miksi min\u00e4 olen rotari Australiassa kaikki oli toisin.\u2028Vaihto-opiskelija Teemu palasi muuttuneena miehen\u00e4 Taru pit\u00e4\u00e4 klubin raha-asiat hanskassa Uutisaiheen ymp\u00e4rilt\u00e4 [&hellip;]\" \/>\n<meta property=\"og:url\" content=\"https:\/\/rotary.fi\/ylikerava\/keita-olemme\/ilo-esitella\/\" \/>\n<meta property=\"og:site_name\" content=\"Ylikeravan Rotaryklubi\" \/>\n<meta property=\"article:modified_time\" content=\"2018-11-29T08:43:47+00:00\" \/>\n<meta name=\"twitter:card\" content=\"summary_large_image\" \/>\n<meta name=\"twitter:label1\" content=\"Arvioitu lukuaika\" \/>\n\t<meta name=\"twitter:data1\" content=\"3 minuuttia\" \/>\n<script type=\"application\/ld+json\" class=\"yoast-schema-graph\">{\"@context\":\"https:\/\/schema.org\",\"@graph\":[{\"@type\":\"WebPage\",\"@id\":\"https:\/\/rotary.fi\/ylikerava\/keita-olemme\/ilo-esitella\/\",\"url\":\"https:\/\/rotary.fi\/ylikerava\/keita-olemme\/ilo-esitella\/\",\"name\":\"Ilo esitell\u00e4 - Ylikeravan Rotaryklubi\",\"isPartOf\":{\"@id\":\"https:\/\/rotary.fi\/ylikerava\/#website\"},\"datePublished\":\"2018-08-10T11:04:45+00:00\",\"dateModified\":\"2018-11-29T08:43:47+00:00\",\"breadcrumb\":{\"@id\":\"https:\/\/rotary.fi\/ylikerava\/keita-olemme\/ilo-esitella\/#breadcrumb\"},\"inLanguage\":\"fi\",\"potentialAction\":[{\"@type\":\"ReadAction\",\"target\":[\"https:\/\/rotary.fi\/ylikerava\/keita-olemme\/ilo-esitella\/\"]}]},{\"@type\":\"BreadcrumbList\",\"@id\":\"https:\/\/rotary.fi\/ylikerava\/keita-olemme\/ilo-esitella\/#breadcrumb\",\"itemListElement\":[{\"@type\":\"ListItem\",\"position\":1,\"name\":\"Home\",\"item\":\"https:\/\/rotary.fi\/ylikerava\/\"},{\"@type\":\"ListItem\",\"position\":2,\"name\":\"Keit\u00e4 olemme\",\"item\":\"https:\/\/rotary.fi\/ylikerava\/keita-olemme\/\"},{\"@type\":\"ListItem\",\"position\":3,\"name\":\"Ilo esitell\u00e4\"}]},{\"@type\":\"WebSite\",\"@id\":\"https:\/\/rotary.fi\/ylikerava\/#website\",\"url\":\"https:\/\/rotary.fi\/ylikerava\/\",\"name\":\"Ylikeravan Rotaryklubi\",\"description\":\"Uusi Rotary klubisivusto\",\"potentialAction\":[{\"@type\":\"SearchAction\",\"target\":{\"@type\":\"EntryPoint\",\"urlTemplate\":\"https:\/\/rotary.fi\/ylikerava\/?s={search_term_string}\"},\"query-input\":{\"@type\":\"PropertyValueSpecification\",\"valueRequired\":true,\"valueName\":\"search_term_string\"}}],\"inLanguage\":\"fi\"}]}<\/script>\n<!-- \/ Yoast SEO plugin. -->","yoast_head_json":{"title":"Ilo esitell\u00e4 - Ylikeravan Rotaryklubi","robots":{"index":"index","follow":"follow","max-snippet":"max-snippet:-1","max-image-preview":"max-image-preview:large","max-video-preview":"max-video-preview:-1"},"canonical":"https:\/\/rotary.fi\/ylikerava\/keita-olemme\/ilo-esitella\/","og_locale":"fi_FI","og_type":"article","og_title":"Ilo esitell\u00e4 - Ylikeravan Rotaryklubi","og_description":"Ilo esitell\u00e4 Ilo esitell\u00e4 HUOM. T\u00e4lle sivulle jokainen klubi voi nostaa esiin tiiviit\u00e4 j\u00e4sen-, projekti- tai projektiyhteisty\u00f6kumppaneiden esittelyj\u00e4. Esittelyt on mahdollista jakaa henkil\u00f6iden luvalla my\u00f6s sosiaalisessa mediassa, esimerkiksi klubin omalla fb-sivulla. Kannattaa k\u00e4ytt\u00e4\u00e4 kuvia! Aiheita esimerkiksi Miksi min\u00e4 olen rotari Australiassa kaikki oli toisin.\u2028Vaihto-opiskelija Teemu palasi muuttuneena miehen\u00e4 Taru pit\u00e4\u00e4 klubin raha-asiat hanskassa Uutisaiheen ymp\u00e4rilt\u00e4 [&hellip;]","og_url":"https:\/\/rotary.fi\/ylikerava\/keita-olemme\/ilo-esitella\/","og_site_name":"Ylikeravan Rotaryklubi","article_modified_time":"2018-11-29T08:43:47+00:00","twitter_card":"summary_large_image","twitter_misc":{"Arvioitu lukuaika":"3 minuuttia"},"schema":{"@context":"https:\/\/schema.org","@graph":[{"@type":"WebPage","@id":"https:\/\/rotary.fi\/ylikerava\/keita-olemme\/ilo-esitella\/","url":"https:\/\/rotary.fi\/ylikerava\/keita-olemme\/ilo-esitella\/","name":"Ilo esitell\u00e4 - Ylikeravan Rotaryklubi","isPartOf":{"@id":"https:\/\/rotary.fi\/ylikerava\/#website"},"datePublished":"2018-08-10T11:04:45+00:00","dateModified":"2018-11-29T08:43:47+00:00","breadcrumb":{"@id":"https:\/\/rotary.fi\/ylikerava\/keita-olemme\/ilo-esitella\/#breadcrumb"},"inLanguage":"fi","potentialAction":[{"@type":"ReadAction","target":["https:\/\/rotary.fi\/ylikerava\/keita-olemme\/ilo-esitella\/"]}]},{"@type":"BreadcrumbList","@id":"https:\/\/rotary.fi\/ylikerava\/keita-olemme\/ilo-esitella\/#breadcrumb","itemListElement":[{"@type":"ListItem","position":1,"name":"Home","item":"https:\/\/rotary.fi\/ylikerava\/"},{"@type":"ListItem","position":2,"name":"Keit\u00e4 olemme","item":"https:\/\/rotary.fi\/ylikerava\/keita-olemme\/"},{"@type":"ListItem","position":3,"name":"Ilo esitell\u00e4"}]},{"@type":"WebSite","@id":"https:\/\/rotary.fi\/ylikerava\/#website","url":"https:\/\/rotary.fi\/ylikerava\/","name":"Ylikeravan Rotaryklubi","description":"Uusi Rotary klubisivusto","potentialAction":[{"@type":"SearchAction","target":{"@type":"EntryPoint","urlTemplate":"https:\/\/rotary.fi\/ylikerava\/?s={search_term_string}"},"query-input":{"@type":"PropertyValueSpecification","valueRequired":true,"valueName":"search_term_string"}}],"inLanguage":"fi"}]}},"lang":"fi","translations":{"fi":142,"en":1438},"pll_sync_post":[],"_links":{"self":[{"href":"https:\/\/rotary.fi\/ylikerava\/wp-json\/wp\/v2\/pages\/142","targetHints":{"allow":["GET"]}}],"collection":[{"href":"https:\/\/rotary.fi\/ylikerava\/wp-json\/wp\/v2\/pages"}],"about":[{"href":"https:\/\/rotary.fi\/ylikerava\/wp-json\/wp\/v2\/types\/page"}],"author":[{"embeddable":true,"href":"https:\/\/rotary.fi\/ylikerava\/wp-json\/wp\/v2\/users\/1"}],"replies":[{"embeddable":true,"href":"https:\/\/rotary.fi\/ylikerava\/wp-json\/wp\/v2\/comments?post=142"}],"version-history":[{"count":5,"href":"https:\/\/rotary.fi\/ylikerava\/wp-json\/wp\/v2\/pages\/142\/revisions"}],"predecessor-version":[{"id":1348,"href":"https:\/\/rotary.fi\/ylikerava\/wp-json\/wp\/v2\/pages\/142\/revisions\/1348"}],"up":[{"embeddable":true,"href":"https:\/\/rotary.fi\/ylikerava\/wp-json\/wp\/v2\/pages\/129"}],"wp:attachment":[{"href":"https:\/\/rotary.fi\/ylikerava\/wp-json\/wp\/v2\/media?parent=142"}],"curies":[{"name":"wp","href":"https:\/\/api.w.org\/{rel}","templated":true}]}}