{"id":138,"date":"2018-08-10T14:01:44","date_gmt":"2018-08-10T11:01:44","guid":{"rendered":"https:\/\/rotary.fi\/klubi2\/?page_id=138"},"modified":"2021-08-03T21:21:43","modified_gmt":"2021-08-03T18:21:43","slug":"vuositeema","status":"publish","type":"page","link":"https:\/\/rotary.fi\/ylikerava\/keita-olemme\/vuositeema\/","title":{"rendered":"Vuositeema"},"content":{"rendered":"<p>[et_pb_section fb_built=&#8221;1&#8243; module_class=&#8221;jumbotron-page&#8221; _builder_version=&#8221;3.22&#8243; background_image=&#8221;https:\/\/rotary.fi\/ylikerava\/wp-content\/uploads\/sites\/102\/2018\/08\/rotary_klubit_alasivu_paakuva_7.jpg&#8221;][et_pb_row _builder_version=&#8221;3.25&#8243; background_size=&#8221;initial&#8221; background_position=&#8221;top_left&#8221; background_repeat=&#8221;repeat&#8221;][et_pb_column type=&#8221;4_4&#8243; _builder_version=&#8221;3.25&#8243; custom_padding=&#8221;|||&#8221; custom_padding__hover=&#8221;|||&#8221;][et_pb_text admin_label=&#8221;P\u00e4\u00e4otsikko&#8221; _builder_version=&#8221;3.27.4&#8243; text_orientation=&#8221;center&#8221; background_layout=&#8221;dark&#8221;]<\/p>\n<h1>Vuositeema<\/h1>\n<p>&nbsp;<\/p>\n<p>[\/et_pb_text][\/et_pb_column][\/et_pb_row][\/et_pb_section][et_pb_section fb_built=&#8221;1&#8243; specialty=&#8221;on&#8221; module_class_2=&#8221;sivupalkki&#8221; _builder_version=&#8221;3.22&#8243;][et_pb_column type=&#8221;2_3&#8243; specialty_columns=&#8221;2&#8243; _builder_version=&#8221;3.25&#8243; custom_padding=&#8221;|||&#8221; custom_padding__hover=&#8221;|||&#8221;][et_pb_row_inner admin_label=&#8221;Rivi&#8221; _builder_version=&#8221;3.25&#8243; column_structure=&#8221;1_4,1_4,1_4,1_4&#8243;][et_pb_column_inner type=&#8221;1_4&#8243; saved_specialty_column_type=&#8221;2_3&#8243; _builder_version=&#8221;3.25&#8243; custom_padding=&#8221;|||&#8221; custom_css_main_element=&#8221;width:24%!important;&#8221; custom_padding__hover=&#8221;|||&#8221;][\/et_pb_column_inner][et_pb_column_inner type=&#8221;1_4&#8243; saved_specialty_column_type=&#8221;2_3&#8243; _builder_version=&#8221;3.25&#8243; custom_padding=&#8221;|||&#8221; custom_css_main_element=&#8221;width:24%!important;&#8221; custom_padding__hover=&#8221;|||&#8221;][\/et_pb_column_inner][et_pb_column_inner type=&#8221;1_4&#8243; saved_specialty_column_type=&#8221;2_3&#8243; _builder_version=&#8221;3.25&#8243; custom_padding=&#8221;|||&#8221; custom_css_main_element=&#8221;width:24%!important;&#8221; custom_padding__hover=&#8221;|||&#8221;][\/et_pb_column_inner][et_pb_column_inner type=&#8221;1_4&#8243; saved_specialty_column_type=&#8221;2_3&#8243; _builder_version=&#8221;3.25&#8243; custom_padding=&#8221;|||&#8221; custom_css_main_element=&#8221;display:none;||width:0%!important;&#8221; custom_padding__hover=&#8221;|||&#8221;][\/et_pb_column_inner][\/et_pb_row_inner][et_pb_row_inner admin_label=&#8221;Rivi&#8221; _builder_version=&#8221;3.25&#8243;][et_pb_column_inner saved_specialty_column_type=&#8221;2_3&#8243; _builder_version=&#8221;3.25&#8243; custom_padding=&#8221;|||&#8221; custom_padding__hover=&#8221;|||&#8221;][et_pb_text admin_label=&#8221;Rotary Internationalin vuositeema &#8211; Otsikko&#8221; _builder_version=&#8221;3.27.4&#8243; text_orientation=&#8221;center&#8221;]<\/p>\n<h1>Rotary Internationalin vuositeema<\/h1>\n<p>[\/et_pb_text][et_pb_text _builder_version=&#8221;3.27.4&#8243; hover_enabled=&#8221;0&#8243; sticky_enabled=&#8221;0&#8243;]<\/p>\n<p>Rotary Internationalin presidentti Shekhar Mehta aloitti oman vuotensa 2021 &#8211; 2022 Rotary Internationalin presidenttin\u00e4 hein\u00e4kuun alussa.<strong><\/strong><\/p>\n<blockquote>\n<p>\u00a0SERVE TO CHANGE LIVES &#8211; PALVELE &#8211; MUUTAT MAAILMAA<\/p>\n<\/blockquote>\n<p>Meid\u00e4n rotareiden teht\u00e4v\u00e4n\u00e4 kautta koko yli 100-vuotisen historiamme on todellakin ollut ihmisten el\u00e4m\u00e4n parantaminen lukuisin eri tavoin. Mehta toteaa, ett\u00e4 samalla kun muutamme toisten ihmisten el\u00e4m\u00e4\u00e4, muutamme paremmaksi my\u00f6s itse\u00e4mme ja omaa el\u00e4m\u00e4\u00e4mme.<\/p>\n<p>&nbsp;<\/p>\n<p>OHJENUORANA OIKEUDENMUKAISUUS<\/p>\n<p>&nbsp;<\/p>\n<p>&nbsp;<\/p>\n<p>Presidentti Mehta toivoo rotareiden keskittyv\u00e4n alkavana rotarivuonna voimansa erityisesti tytt\u00f6jen el\u00e4m\u00e4n ja aseman parantamiseen maailmassa. Tyt\u00f6ille tulee tarjota mahdollisuudet koulutukseen, riitt\u00e4viin resursseihin ja palveluihin sek\u00e4 etenemiseen ty\u00f6uralla aina johtajuuteen asti. T\u00e4ss\u00e4 ty\u00f6ss\u00e4 rotareiden arvoja ja ohjenuoria ovat monimuotoisuus, oikeudenmukaisuus ja inhimillinen tarve liitty\u00e4 osaksi erilaisia yhteis\u00f6j\u00e4.<\/p>\n<p>Meit\u00e4 rotareita tarvitaan maailmassa, ja meit\u00e4 tarvitaan lis\u00e4\u00e4, koska meill\u00e4 on niin t\u00e4rkeit\u00e4 teht\u00e4vi\u00e4. Me olemme jo onnistuneet maailmanlaajuisen yhteisty\u00f6n avulla h\u00e4vitt\u00e4m\u00e4\u00e4n polion l\u00e4hes kokonaan. T\u00e4ll\u00e4 hetkell\u00e4 osallistumme COVID-19-viruksen torjuntaan. Palvelemme omia paikallisia yhteis\u00f6j\u00e4mme ja elinymp\u00e4rist\u00f6j\u00e4mme. Uusin k\u00e4rkiteemamme on luonnonymp\u00e4rist\u00f6n suojeleminen.<\/p>\n<p>&#8221;Uskon t\u00e4m\u00e4n kaiken innostavan meit\u00e4. Rotarit rakastavat haasteita&#8221;, Mehta toteaa.<\/p>\n<p>[\/et_pb_text][\/et_pb_column_inner][\/et_pb_row_inner][et_pb_row_inner admin_label=&#8221;Rivi&#8221; _builder_version=&#8221;3.25&#8243;][et_pb_column_inner saved_specialty_column_type=&#8221;2_3&#8243; _builder_version=&#8221;3.25&#8243; custom_padding=&#8221;|||&#8221; custom_padding__hover=&#8221;|||&#8221;][\/et_pb_column_inner][\/et_pb_row_inner][\/et_pb_column][et_pb_column type=&#8221;1_3&#8243; _builder_version=&#8221;3.25&#8243; custom_padding=&#8221;|||&#8221; custom_padding__hover=&#8221;|||&#8221;][et_pb_sidebar area=&#8221;sidebar-1&#8243; module_class=&#8221;sivupalkki_sisalto&#8221; _builder_version=&#8221;3.4.1&#8243; locked=&#8221;on&#8221;][\/et_pb_sidebar][\/et_pb_column][\/et_pb_section]<\/p>\n","protected":false},"excerpt":{"rendered":"<p>Vuositeema &nbsp; Rotary Internationalin vuositeema Rotary Internationalin presidentti Shekhar Mehta aloitti oman vuotensa 2021 &#8211; 2022 Rotary Internationalin presidenttin\u00e4 hein\u00e4kuun alussa. \u00a0SERVE TO CHANGE LIVES &#8211; PALVELE &#8211; MUUTAT MAAILMAA Meid\u00e4n rotareiden teht\u00e4v\u00e4n\u00e4 kautta koko yli 100-vuotisen historiamme on todellakin ollut ihmisten el\u00e4m\u00e4n parantaminen lukuisin eri tavoin. Mehta toteaa, ett\u00e4 samalla kun muutamme toisten ihmisten [&hellip;]<\/p>\n","protected":false},"author":1,"featured_media":0,"parent":129,"menu_order":0,"comment_status":"closed","ping_status":"closed","template":"","meta":{"_acf_changed":false,"_et_pb_use_builder":"on","_et_pb_old_content":"","_et_gb_content_width":"","footnotes":""},"class_list":["post-138","page","type-page","status-publish","hentry"],"acf":[],"yoast_head":"<!-- This site is optimized with the Yoast SEO plugin v27.4 - https:\/\/yoast.com\/product\/yoast-seo-wordpress\/ -->\n<title>Vuositeema - Ylikeravan Rotaryklubi<\/title>\n<meta name=\"robots\" content=\"index, follow, max-snippet:-1, max-image-preview:large, max-video-preview:-1\" \/>\n<link rel=\"canonical\" href=\"https:\/\/rotary.fi\/ylikerava\/keita-olemme\/vuositeema\/\" \/>\n<meta property=\"og:locale\" content=\"fi_FI\" \/>\n<meta property=\"og:type\" content=\"article\" \/>\n<meta property=\"og:title\" content=\"Vuositeema - Ylikeravan Rotaryklubi\" \/>\n<meta property=\"og:description\" content=\"Vuositeema &nbsp; Rotary Internationalin vuositeema Rotary Internationalin presidentti Shekhar Mehta aloitti oman vuotensa 2021 - 2022 Rotary Internationalin presidenttin\u00e4 hein\u00e4kuun alussa. \u00a0SERVE TO CHANGE LIVES - PALVELE - MUUTAT MAAILMAA Meid\u00e4n rotareiden teht\u00e4v\u00e4n\u00e4 kautta koko yli 100-vuotisen historiamme on todellakin ollut ihmisten el\u00e4m\u00e4n parantaminen lukuisin eri tavoin. Mehta toteaa, ett\u00e4 samalla kun muutamme toisten ihmisten [&hellip;]\" \/>\n<meta property=\"og:url\" content=\"https:\/\/rotary.fi\/ylikerava\/keita-olemme\/vuositeema\/\" \/>\n<meta property=\"og:site_name\" content=\"Ylikeravan Rotaryklubi\" \/>\n<meta property=\"article:modified_time\" content=\"2021-08-03T18:21:43+00:00\" \/>\n<meta name=\"twitter:card\" content=\"summary_large_image\" \/>\n<meta name=\"twitter:label1\" content=\"Arvioitu lukuaika\" \/>\n\t<meta name=\"twitter:data1\" content=\"3 minuuttia\" \/>\n<script type=\"application\/ld+json\" class=\"yoast-schema-graph\">{\"@context\":\"https:\\\/\\\/schema.org\",\"@graph\":[{\"@type\":\"WebPage\",\"@id\":\"https:\\\/\\\/rotary.fi\\\/ylikerava\\\/keita-olemme\\\/vuositeema\\\/\",\"url\":\"https:\\\/\\\/rotary.fi\\\/ylikerava\\\/keita-olemme\\\/vuositeema\\\/\",\"name\":\"Vuositeema - Ylikeravan Rotaryklubi\",\"isPartOf\":{\"@id\":\"https:\\\/\\\/rotary.fi\\\/ylikerava\\\/#website\"},\"datePublished\":\"2018-08-10T11:01:44+00:00\",\"dateModified\":\"2021-08-03T18:21:43+00:00\",\"breadcrumb\":{\"@id\":\"https:\\\/\\\/rotary.fi\\\/ylikerava\\\/keita-olemme\\\/vuositeema\\\/#breadcrumb\"},\"inLanguage\":\"fi\",\"potentialAction\":[{\"@type\":\"ReadAction\",\"target\":[\"https:\\\/\\\/rotary.fi\\\/ylikerava\\\/keita-olemme\\\/vuositeema\\\/\"]}]},{\"@type\":\"BreadcrumbList\",\"@id\":\"https:\\\/\\\/rotary.fi\\\/ylikerava\\\/keita-olemme\\\/vuositeema\\\/#breadcrumb\",\"itemListElement\":[{\"@type\":\"ListItem\",\"position\":1,\"name\":\"Home\",\"item\":\"https:\\\/\\\/rotary.fi\\\/ylikerava\\\/\"},{\"@type\":\"ListItem\",\"position\":2,\"name\":\"Keit\u00e4 olemme\",\"item\":\"https:\\\/\\\/rotary.fi\\\/ylikerava\\\/keita-olemme\\\/\"},{\"@type\":\"ListItem\",\"position\":3,\"name\":\"Vuositeema\"}]},{\"@type\":\"WebSite\",\"@id\":\"https:\\\/\\\/rotary.fi\\\/ylikerava\\\/#website\",\"url\":\"https:\\\/\\\/rotary.fi\\\/ylikerava\\\/\",\"name\":\"Ylikeravan Rotaryklubi\",\"description\":\"Uusi Rotary klubisivusto\",\"potentialAction\":[{\"@type\":\"SearchAction\",\"target\":{\"@type\":\"EntryPoint\",\"urlTemplate\":\"https:\\\/\\\/rotary.fi\\\/ylikerava\\\/?s={search_term_string}\"},\"query-input\":{\"@type\":\"PropertyValueSpecification\",\"valueRequired\":true,\"valueName\":\"search_term_string\"}}],\"inLanguage\":\"fi\"}]}<\/script>\n<!-- \/ Yoast SEO plugin. -->","yoast_head_json":{"title":"Vuositeema - Ylikeravan Rotaryklubi","robots":{"index":"index","follow":"follow","max-snippet":"max-snippet:-1","max-image-preview":"max-image-preview:large","max-video-preview":"max-video-preview:-1"},"canonical":"https:\/\/rotary.fi\/ylikerava\/keita-olemme\/vuositeema\/","og_locale":"fi_FI","og_type":"article","og_title":"Vuositeema - Ylikeravan Rotaryklubi","og_description":"Vuositeema &nbsp; Rotary Internationalin vuositeema Rotary Internationalin presidentti Shekhar Mehta aloitti oman vuotensa 2021 - 2022 Rotary Internationalin presidenttin\u00e4 hein\u00e4kuun alussa. \u00a0SERVE TO CHANGE LIVES - PALVELE - MUUTAT MAAILMAA Meid\u00e4n rotareiden teht\u00e4v\u00e4n\u00e4 kautta koko yli 100-vuotisen historiamme on todellakin ollut ihmisten el\u00e4m\u00e4n parantaminen lukuisin eri tavoin. Mehta toteaa, ett\u00e4 samalla kun muutamme toisten ihmisten [&hellip;]","og_url":"https:\/\/rotary.fi\/ylikerava\/keita-olemme\/vuositeema\/","og_site_name":"Ylikeravan Rotaryklubi","article_modified_time":"2021-08-03T18:21:43+00:00","twitter_card":"summary_large_image","twitter_misc":{"Arvioitu lukuaika":"3 minuuttia"},"schema":{"@context":"https:\/\/schema.org","@graph":[{"@type":"WebPage","@id":"https:\/\/rotary.fi\/ylikerava\/keita-olemme\/vuositeema\/","url":"https:\/\/rotary.fi\/ylikerava\/keita-olemme\/vuositeema\/","name":"Vuositeema - Ylikeravan Rotaryklubi","isPartOf":{"@id":"https:\/\/rotary.fi\/ylikerava\/#website"},"datePublished":"2018-08-10T11:01:44+00:00","dateModified":"2021-08-03T18:21:43+00:00","breadcrumb":{"@id":"https:\/\/rotary.fi\/ylikerava\/keita-olemme\/vuositeema\/#breadcrumb"},"inLanguage":"fi","potentialAction":[{"@type":"ReadAction","target":["https:\/\/rotary.fi\/ylikerava\/keita-olemme\/vuositeema\/"]}]},{"@type":"BreadcrumbList","@id":"https:\/\/rotary.fi\/ylikerava\/keita-olemme\/vuositeema\/#breadcrumb","itemListElement":[{"@type":"ListItem","position":1,"name":"Home","item":"https:\/\/rotary.fi\/ylikerava\/"},{"@type":"ListItem","position":2,"name":"Keit\u00e4 olemme","item":"https:\/\/rotary.fi\/ylikerava\/keita-olemme\/"},{"@type":"ListItem","position":3,"name":"Vuositeema"}]},{"@type":"WebSite","@id":"https:\/\/rotary.fi\/ylikerava\/#website","url":"https:\/\/rotary.fi\/ylikerava\/","name":"Ylikeravan Rotaryklubi","description":"Uusi Rotary klubisivusto","potentialAction":[{"@type":"SearchAction","target":{"@type":"EntryPoint","urlTemplate":"https:\/\/rotary.fi\/ylikerava\/?s={search_term_string}"},"query-input":{"@type":"PropertyValueSpecification","valueRequired":true,"valueName":"search_term_string"}}],"inLanguage":"fi"}]}},"lang":"fi","translations":{"fi":138,"en":1430},"pll_sync_post":[],"_links":{"self":[{"href":"https:\/\/rotary.fi\/ylikerava\/wp-json\/wp\/v2\/pages\/138","targetHints":{"allow":["GET"]}}],"collection":[{"href":"https:\/\/rotary.fi\/ylikerava\/wp-json\/wp\/v2\/pages"}],"about":[{"href":"https:\/\/rotary.fi\/ylikerava\/wp-json\/wp\/v2\/types\/page"}],"author":[{"embeddable":true,"href":"https:\/\/rotary.fi\/ylikerava\/wp-json\/wp\/v2\/users\/1"}],"replies":[{"embeddable":true,"href":"https:\/\/rotary.fi\/ylikerava\/wp-json\/wp\/v2\/comments?post=138"}],"version-history":[{"count":11,"href":"https:\/\/rotary.fi\/ylikerava\/wp-json\/wp\/v2\/pages\/138\/revisions"}],"predecessor-version":[{"id":1806,"href":"https:\/\/rotary.fi\/ylikerava\/wp-json\/wp\/v2\/pages\/138\/revisions\/1806"}],"up":[{"embeddable":true,"href":"https:\/\/rotary.fi\/ylikerava\/wp-json\/wp\/v2\/pages\/129"}],"wp:attachment":[{"href":"https:\/\/rotary.fi\/ylikerava\/wp-json\/wp\/v2\/media?parent=138"}],"curies":[{"name":"wp","href":"https:\/\/api.w.org\/{rel}","templated":true}]}}