{"id":77,"date":"2018-08-09T14:01:56","date_gmt":"2018-08-09T11:01:56","guid":{"rendered":"https:\/\/rotary.fi\/klubi2\/?page_id=77"},"modified":"2019-02-19T16:56:10","modified_gmt":"2019-02-19T14:56:10","slug":"mita-teemme","status":"publish","type":"page","link":"https:\/\/rotary.fi\/warkaus\/mita-teemme\/","title":{"rendered":"Mit\u00e4 teemme"},"content":{"rendered":"<p>[et_pb_section bb_built=&#8221;1&#8243; module_class=&#8221;jumbotron-page&#8221; _builder_version=&#8221;3.17.6&#8243; background_image=&#8221;https:\/\/rotary.fi\/warkaus\/wp-content\/uploads\/sites\/48\/2018\/08\/rotary_klubit_alasivu_paakuva_3.jpg&#8221; next_background_color=&#8221;#ffffff&#8221;][et_pb_row _builder_version=&#8221;3.0.48&#8243; background_size=&#8221;initial&#8221; background_position=&#8221;top_left&#8221; background_repeat=&#8221;repeat&#8221;][et_pb_column type=&#8221;4_4&#8243;][et_pb_text admin_label=&#8221;P\u00e4\u00e4otsikko&#8221; _builder_version=&#8221;3.4.1&#8243; text_orientation=&#8221;center&#8221; background_layout=&#8221;dark&#8221;]<\/p>\n<h1>Mit\u00e4 teemme<\/h1>\n<p>[\/et_pb_text][\/et_pb_column][\/et_pb_row][\/et_pb_section][et_pb_section bb_built=&#8221;1&#8243; specialty=&#8221;on&#8221; module_class_2=&#8221;sivupalkki&#8221; _builder_version=&#8221;3.4.1&#8243; prev_background_color=&#8221;#000000&#8243;][et_pb_column type=&#8221;2_3&#8243; specialty_columns=&#8221;2&#8243;][et_pb_row_inner admin_label=&#8221;Rivi&#8221; _builder_version=&#8221;3.0.47&#8243;][et_pb_column_inner type=&#8221;4_4&#8243; saved_specialty_column_type=&#8221;2_3&#8243;][et_pb_text admin_label=&#8221;Otsikko&#8221; _builder_version=&#8221;3.4.1&#8243; text_orientation=&#8221;center&#8221;]<\/p>\n<h1>Mit\u00e4 teemme<\/h1>\n<p>[\/et_pb_text][et_pb_text _builder_version=&#8221;3.19.5&#8243;]<\/p>\n<p>Rotarina sinulla on mahdollisuus toimia, vaikuttaa ja tehd\u00e4 hyv\u00e4\u00e4. Lis\u00e4ksi saat mahtavan sosiaalisen verkoston ja elinik\u00e4isi\u00e4 yst\u00e4vi\u00e4 niin kotipaikkakunnaltasi kuin maailmanlaajuisesti. Voit my\u00f6s verkottua oman harrastuksesi jakavien muiden rotareiden kanssa rotareiden moninaisissa kansainv\u00e4lisiss\u00e4 harrastusryhmiss\u00e4.\u00a0Koulutamme j\u00e4seni\u00e4mme eri teht\u00e4viss\u00e4 toimimisen kautta ja kehit\u00e4mme heid\u00e4n eettist\u00e4 johtajuuttaan.<\/p>\n<p>Klubin perustoimintaa on\u00a0 keskiviikkoisin pidett\u00e4v\u00e4t viikkokokoukset. Niiss\u00e4 tavoitteena on yhdess\u00e4 viihtyminen ja mielenkiintoisten kokousesitelmien kuuleminen.\u00a0Lis\u00e4ksi toteutamme palveluprojekteja ja tuemme humanitaarisia projekteja koordinoivaa Rotarys\u00e4\u00e4ti\u00f6t\u00e4. Niist\u00e4 t\u00e4rkein on ollut Polio -sairauden h\u00e4vitt\u00e4minen maailmasta.\u00a0 Tuemme my\u00f6s ShelterBoxia, joka tarjoaa maailman katastrofeissa kotinsa menett\u00e4neille ensimm\u00e4isen asunnon ja v\u00e4ltt\u00e4m\u00e4tt\u00f6m\u00e4t tarvikkeet el\u00e4m\u00e4n jatkamiseen.\u00a0<\/p>\n<p>Rotarys\u00e4\u00e4ti\u00f6 on valittu usean vuoden ajan maailman tehokkaimmaksi vapaaehtoisuuteen perustuvaksi hyv\u00e4ntekev\u00e4isyysj\u00e4rjest\u00f6ksi. S\u00e4\u00e4ti\u00f6 toimii tehokkaasti ja paikallisesti rotarit tekev\u00e4t paljon vapaaehtoisty\u00f6t\u00e4 projektien toteuttamiseksi.\u00a0<span style=\"font-size: 16px\">Haluamme rotareina vaikuttaa ajankohtaisiin haasteisiin. Tartumme toimeen pysyvien muutosten aikaansaamiseksi \u2013 ymp\u00e4ri maapalloa, yhteis\u00f6iss\u00e4mme ja itsess\u00e4mme.<\/span><\/p>\n<p>\u00a0<\/p>\n<p><span style=\"font-size: 16px\">Rotaryst\u00e4 l\u00f6ytyy my\u00f6s jokaiselle\u00a0 erilaisia mielenkiintoisia kehitt\u00e4vi\u00e4 teht\u00e4vi\u00e4, joiden kautta\u00a0 l\u00f6yd\u00e4t my\u00f6s lis\u00e4\u00e4 yst\u00e4vi\u00e4.<\/span><\/p>\n<p><a href=\"https:\/\/rotary.fi\/warkaus\/wp-content\/uploads\/sites\/48\/2019\/02\/Warkauden-rotaryklubin-ohjelma_kev\u00e4t2019.docx\">Warkauden rotaryklubin ohjelma_kev\u00e4t2019<\/a><\/p>\n<p>[\/et_pb_text][\/et_pb_column_inner][\/et_pb_row_inner][\/et_pb_column][et_pb_column type=&#8221;1_3&#8243;][et_pb_sidebar area=&#8221;sidebar-1&#8243; module_class=&#8221;sivupalkki_sisalto&#8221; _builder_version=&#8221;3.4.1&#8243; locked=&#8221;on&#8221;]<\/p>\n<p><\/p>\n<p>[\/et_pb_sidebar][\/et_pb_column][\/et_pb_section]<\/p>\n","protected":false},"excerpt":{"rendered":"<p>Mit\u00e4 teemme Mit\u00e4 teemme Rotarina sinulla on mahdollisuus toimia, vaikuttaa ja tehd\u00e4 hyv\u00e4\u00e4. Lis\u00e4ksi saat mahtavan sosiaalisen verkoston ja elinik\u00e4isi\u00e4 yst\u00e4vi\u00e4 niin kotipaikkakunnaltasi kuin maailmanlaajuisesti. Voit my\u00f6s verkottua oman harrastuksesi jakavien muiden rotareiden kanssa rotareiden moninaisissa kansainv\u00e4lisiss\u00e4 harrastusryhmiss\u00e4.\u00a0Koulutamme j\u00e4seni\u00e4mme eri teht\u00e4viss\u00e4 toimimisen kautta ja kehit\u00e4mme heid\u00e4n eettist\u00e4 johtajuuttaan.Klubin perustoimintaa on\u00a0 keskiviikkoisin pidett\u00e4v\u00e4t viikkokokoukset. Niiss\u00e4 tavoitteena [&hellip;]<\/p>\n","protected":false},"author":1,"featured_media":0,"parent":0,"menu_order":0,"comment_status":"closed","ping_status":"closed","template":"","meta":{"_acf_changed":false,"_et_pb_use_builder":"on","_et_pb_old_content":"","_et_gb_content_width":"","footnotes":""},"class_list":["post-77","page","type-page","status-publish","hentry"],"acf":[],"yoast_head":"<!-- This site is optimized with the Yoast SEO plugin v27.4 - https:\/\/yoast.com\/product\/yoast-seo-wordpress\/ -->\n<title>Mit\u00e4 teemme - Warkauden Rotaryklubi<\/title>\n<meta name=\"robots\" content=\"index, follow, max-snippet:-1, max-image-preview:large, max-video-preview:-1\" \/>\n<link rel=\"canonical\" href=\"https:\/\/rotary.fi\/warkaus\/mita-teemme\/\" \/>\n<meta property=\"og:locale\" content=\"fi_FI\" \/>\n<meta property=\"og:type\" content=\"article\" \/>\n<meta property=\"og:title\" content=\"Mit\u00e4 teemme - Warkauden Rotaryklubi\" \/>\n<meta property=\"og:description\" content=\"Mit\u00e4 teemme Mit\u00e4 teemme Rotarina sinulla on mahdollisuus toimia, vaikuttaa ja tehd\u00e4 hyv\u00e4\u00e4. Lis\u00e4ksi saat mahtavan sosiaalisen verkoston ja elinik\u00e4isi\u00e4 yst\u00e4vi\u00e4 niin kotipaikkakunnaltasi kuin maailmanlaajuisesti. Voit my\u00f6s verkottua oman harrastuksesi jakavien muiden rotareiden kanssa rotareiden moninaisissa kansainv\u00e4lisiss\u00e4 harrastusryhmiss\u00e4.\u00a0Koulutamme j\u00e4seni\u00e4mme eri teht\u00e4viss\u00e4 toimimisen kautta ja kehit\u00e4mme heid\u00e4n eettist\u00e4 johtajuuttaan.Klubin perustoimintaa on\u00a0 keskiviikkoisin pidett\u00e4v\u00e4t viikkokokoukset. Niiss\u00e4 tavoitteena [&hellip;]\" \/>\n<meta property=\"og:url\" content=\"https:\/\/rotary.fi\/warkaus\/mita-teemme\/\" \/>\n<meta property=\"og:site_name\" content=\"Warkauden Rotaryklubi\" \/>\n<meta property=\"article:modified_time\" content=\"2019-02-19T14:56:10+00:00\" \/>\n<meta name=\"twitter:card\" content=\"summary_large_image\" \/>\n<meta name=\"twitter:label1\" content=\"Arvioitu lukuaika\" \/>\n\t<meta name=\"twitter:data1\" content=\"2 minuuttia\" \/>\n<script type=\"application\/ld+json\" class=\"yoast-schema-graph\">{\"@context\":\"https:\\\/\\\/schema.org\",\"@graph\":[{\"@type\":\"WebPage\",\"@id\":\"https:\\\/\\\/rotary.fi\\\/warkaus\\\/mita-teemme\\\/\",\"url\":\"https:\\\/\\\/rotary.fi\\\/warkaus\\\/mita-teemme\\\/\",\"name\":\"Mit\u00e4 teemme - Warkauden Rotaryklubi\",\"isPartOf\":{\"@id\":\"https:\\\/\\\/rotary.fi\\\/warkaus\\\/#website\"},\"datePublished\":\"2018-08-09T11:01:56+00:00\",\"dateModified\":\"2019-02-19T14:56:10+00:00\",\"breadcrumb\":{\"@id\":\"https:\\\/\\\/rotary.fi\\\/warkaus\\\/mita-teemme\\\/#breadcrumb\"},\"inLanguage\":\"fi\",\"potentialAction\":[{\"@type\":\"ReadAction\",\"target\":[\"https:\\\/\\\/rotary.fi\\\/warkaus\\\/mita-teemme\\\/\"]}]},{\"@type\":\"BreadcrumbList\",\"@id\":\"https:\\\/\\\/rotary.fi\\\/warkaus\\\/mita-teemme\\\/#breadcrumb\",\"itemListElement\":[{\"@type\":\"ListItem\",\"position\":1,\"name\":\"Home\",\"item\":\"https:\\\/\\\/rotary.fi\\\/warkaus\\\/\"},{\"@type\":\"ListItem\",\"position\":2,\"name\":\"Mit\u00e4 teemme\"}]},{\"@type\":\"WebSite\",\"@id\":\"https:\\\/\\\/rotary.fi\\\/warkaus\\\/#website\",\"url\":\"https:\\\/\\\/rotary.fi\\\/warkaus\\\/\",\"name\":\"Warkauden Rotaryklubi\",\"description\":\"Uusi Rotary klubisivusto\",\"potentialAction\":[{\"@type\":\"SearchAction\",\"target\":{\"@type\":\"EntryPoint\",\"urlTemplate\":\"https:\\\/\\\/rotary.fi\\\/warkaus\\\/?s={search_term_string}\"},\"query-input\":{\"@type\":\"PropertyValueSpecification\",\"valueRequired\":true,\"valueName\":\"search_term_string\"}}],\"inLanguage\":\"fi\"}]}<\/script>\n<!-- \/ Yoast SEO plugin. -->","yoast_head_json":{"title":"Mit\u00e4 teemme - Warkauden Rotaryklubi","robots":{"index":"index","follow":"follow","max-snippet":"max-snippet:-1","max-image-preview":"max-image-preview:large","max-video-preview":"max-video-preview:-1"},"canonical":"https:\/\/rotary.fi\/warkaus\/mita-teemme\/","og_locale":"fi_FI","og_type":"article","og_title":"Mit\u00e4 teemme - Warkauden Rotaryklubi","og_description":"Mit\u00e4 teemme Mit\u00e4 teemme Rotarina sinulla on mahdollisuus toimia, vaikuttaa ja tehd\u00e4 hyv\u00e4\u00e4. Lis\u00e4ksi saat mahtavan sosiaalisen verkoston ja elinik\u00e4isi\u00e4 yst\u00e4vi\u00e4 niin kotipaikkakunnaltasi kuin maailmanlaajuisesti. Voit my\u00f6s verkottua oman harrastuksesi jakavien muiden rotareiden kanssa rotareiden moninaisissa kansainv\u00e4lisiss\u00e4 harrastusryhmiss\u00e4.\u00a0Koulutamme j\u00e4seni\u00e4mme eri teht\u00e4viss\u00e4 toimimisen kautta ja kehit\u00e4mme heid\u00e4n eettist\u00e4 johtajuuttaan.Klubin perustoimintaa on\u00a0 keskiviikkoisin pidett\u00e4v\u00e4t viikkokokoukset. Niiss\u00e4 tavoitteena [&hellip;]","og_url":"https:\/\/rotary.fi\/warkaus\/mita-teemme\/","og_site_name":"Warkauden Rotaryklubi","article_modified_time":"2019-02-19T14:56:10+00:00","twitter_card":"summary_large_image","twitter_misc":{"Arvioitu lukuaika":"2 minuuttia"},"schema":{"@context":"https:\/\/schema.org","@graph":[{"@type":"WebPage","@id":"https:\/\/rotary.fi\/warkaus\/mita-teemme\/","url":"https:\/\/rotary.fi\/warkaus\/mita-teemme\/","name":"Mit\u00e4 teemme - Warkauden Rotaryklubi","isPartOf":{"@id":"https:\/\/rotary.fi\/warkaus\/#website"},"datePublished":"2018-08-09T11:01:56+00:00","dateModified":"2019-02-19T14:56:10+00:00","breadcrumb":{"@id":"https:\/\/rotary.fi\/warkaus\/mita-teemme\/#breadcrumb"},"inLanguage":"fi","potentialAction":[{"@type":"ReadAction","target":["https:\/\/rotary.fi\/warkaus\/mita-teemme\/"]}]},{"@type":"BreadcrumbList","@id":"https:\/\/rotary.fi\/warkaus\/mita-teemme\/#breadcrumb","itemListElement":[{"@type":"ListItem","position":1,"name":"Home","item":"https:\/\/rotary.fi\/warkaus\/"},{"@type":"ListItem","position":2,"name":"Mit\u00e4 teemme"}]},{"@type":"WebSite","@id":"https:\/\/rotary.fi\/warkaus\/#website","url":"https:\/\/rotary.fi\/warkaus\/","name":"Warkauden Rotaryklubi","description":"Uusi Rotary klubisivusto","potentialAction":[{"@type":"SearchAction","target":{"@type":"EntryPoint","urlTemplate":"https:\/\/rotary.fi\/warkaus\/?s={search_term_string}"},"query-input":{"@type":"PropertyValueSpecification","valueRequired":true,"valueName":"search_term_string"}}],"inLanguage":"fi"}]}},"lang":"fi","translations":{"fi":77},"pll_sync_post":[],"_links":{"self":[{"href":"https:\/\/rotary.fi\/warkaus\/wp-json\/wp\/v2\/pages\/77","targetHints":{"allow":["GET"]}}],"collection":[{"href":"https:\/\/rotary.fi\/warkaus\/wp-json\/wp\/v2\/pages"}],"about":[{"href":"https:\/\/rotary.fi\/warkaus\/wp-json\/wp\/v2\/types\/page"}],"author":[{"embeddable":true,"href":"https:\/\/rotary.fi\/warkaus\/wp-json\/wp\/v2\/users\/1"}],"replies":[{"embeddable":true,"href":"https:\/\/rotary.fi\/warkaus\/wp-json\/wp\/v2\/comments?post=77"}],"version-history":[{"count":10,"href":"https:\/\/rotary.fi\/warkaus\/wp-json\/wp\/v2\/pages\/77\/revisions"}],"predecessor-version":[{"id":1498,"href":"https:\/\/rotary.fi\/warkaus\/wp-json\/wp\/v2\/pages\/77\/revisions\/1498"}],"wp:attachment":[{"href":"https:\/\/rotary.fi\/warkaus\/wp-json\/wp\/v2\/media?parent=77"}],"curies":[{"name":"wp","href":"https:\/\/api.w.org\/{rel}","templated":true}]}}