{"id":1625,"date":"2019-06-24T18:39:30","date_gmt":"2019-06-24T15:39:30","guid":{"rendered":"https:\/\/rotary.fi\/warkaus\/?page_id=1625"},"modified":"2024-05-05T15:55:46","modified_gmt":"2024-05-05T12:55:46","slug":"kevatkauden-2020-ohjelma","status":"publish","type":"page","link":"https:\/\/rotary.fi\/warkaus\/kevatkauden-2020-ohjelma\/","title":{"rendered":"Kev\u00e4tkauden 2024 ohjelma"},"content":{"rendered":"<p>[et_pb_section fb_built=&#8221;1&#8243; admin_label=&#8221;section&#8221; _builder_version=&#8221;4.16&#8243; global_colors_info=&#8221;{}&#8221;][et_pb_row admin_label=&#8221;row&#8221; _builder_version=&#8221;4.16&#8243; background_size=&#8221;initial&#8221; background_position=&#8221;top_left&#8221; background_repeat=&#8221;repeat&#8221; min_height=&#8221;1172.3px&#8221; custom_margin=&#8221;|951px||auto||&#8221; custom_padding=&#8221;42px|||||&#8221; global_colors_info=&#8221;{}&#8221;][et_pb_column type=&#8221;4_4&#8243; _builder_version=&#8221;4.16&#8243; custom_padding=&#8221;|||&#8221; global_colors_info=&#8221;{}&#8221; custom_padding__hover=&#8221;|||&#8221;][et_pb_text admin_label=&#8221;Text&#8221; _builder_version=&#8221;4.16&#8243; background_size=&#8221;initial&#8221; background_position=&#8221;top_left&#8221; background_repeat=&#8221;repeat&#8221; global_colors_info=&#8221;{}&#8221;]<\/p>\n<p>\u00a0 Ei viikkok\u00a0 Kev\u00e4tkauden 2024 ohjelma:<\/p>\n<p>ke 10.1.2024 Kev\u00e4\u00e4n ohjelman suunnittelua<br \/>ke 17.1.2024 Markku Nikkil\u00e4: Herra Putin \u2013 ei Herra Presidentti<br \/>ke 24.1.2024 Harri Avila: Moottoripy\u00f6r\u00e4ll\u00e4 Vietnamin halki<br \/>ke 31.1.2024 Heikki Rautanen \/ Arnevi Rautanen: Torstilan tilan luomuviljely<br \/>ke 7.2.2024 Markko Rothstr\u00f6m: Turpak\u00e4r\u00e4j\u00e4t Suomen Puolustusvoimien resursseista<br \/>ke 14.2.2024 AG Markku Jokelan vierailu<br \/>ke 21.2.2024 Blini-ilta<br \/>ke 28.2.2024 EI KOKOUSTA<br \/>\uf0f0 la 2.3.2024 Vierailu Pihlas Resortiin (l\u00e4ht\u00f6 Kaks&#8217; Ruususta klo 12)<br \/>ke 6.3.2024 EI KOKOUSTA, hiihtoloma<br \/>ke 13.3.2024 Mikko Onkalo: Aluel\u00e4mp\u00f6<br \/>ke 20.3.2024 EI KOKOUSTA<br \/>\uf0f0 to 21.3.2024 klo 18 Sakari Siltala: Korkea peli, Walter Ahlstr\u00f6min el\u00e4m\u00e4kerta<br \/>ke 27.3.2024 EI KOKOUSTA, p\u00e4\u00e4si\u00e4isviikko<br \/>ke 3.4.2024 Arto Lehtonen<br \/>ke 10.4.2024 Reijo Hujanen: Helene Schjerfbeck<br \/>ke 17.4.2024<br \/>ke 24.4.2024 Mikko Martikainen: Lumikuiskaaja<br \/>ke 1.5.2024 VAPPULOUNAS, ei viikkokokousta<br \/>ke 8.5.2024 Ei viikkokokousta<br \/>ke 15.5.2024 klo 19.00 Varkauden teatterissa &#8221;Saikkua, kiitos! -komedia. Kokoontuminen ja lippujen jako teatterin aulassa klo 18.30.\u00a0<br \/>ke 22.5.2024 V<span>ieraina Ilkka ja Eeva Pehkonen Lepp\u00e4virran Rotaryklubista kertomassa yst\u00e4vyysmatkasta Intiaan<\/span><br \/>ke 29.5.2024 KEV\u00c4TKOKOUS Kaks Ruusussa<br \/>ke 5.6.2024<br \/>ke 12.6.2024<br \/>ke 19.6.2024<br \/>ke 26.6.2024<\/p>\n<p>&nbsp;<\/p>\n<div id=\"main-content\">\n<div class=\"container\">\n<div id=\"content-area\" class=\"clearfix\">\n<div id=\"left-area\">\n<article id=\"post-1718\" class=\"et_pb_post post-1718 event type-event status-publish hentry\">\n<div class=\"et_post_meta_wrapper\">\u00a0<\/div>\n<\/article>\n<\/div>\n<\/div>\n<\/div>\n<\/div>\n<footer id=\"main-footer\">\n<div class=\"container\">\n<div id=\"footer-widgets\" class=\"clearfix\">\n<div class=\"footer-widget\">\u00a0<\/div>\n<div class=\"footer-widget\">\u00a0<\/div>\n<\/div>\n<\/div>\n<\/footer>\n<h1 class=\"entry-title\">\u00a0<\/h1>\n<p style=\"text-align: left\">\n<p>[\/et_pb_text][\/et_pb_column][\/et_pb_row][\/et_pb_section]<\/p>\n","protected":false},"excerpt":{"rendered":"<p>\u00a0 Ei viikkok\u00a0 Kev\u00e4tkauden 2024 ohjelma: ke 10.1.2024 Kev\u00e4\u00e4n ohjelman suunnitteluake 17.1.2024 Markku Nikkil\u00e4: Herra Putin \u2013 ei Herra Presidenttike 24.1.2024 Harri Avila: Moottoripy\u00f6r\u00e4ll\u00e4 Vietnamin halkike 31.1.2024 Heikki Rautanen \/ Arnevi Rautanen: Torstilan tilan luomuviljelyke 7.2.2024 Markko Rothstr\u00f6m: Turpak\u00e4r\u00e4j\u00e4t Suomen Puolustusvoimien resursseistake 14.2.2024 AG Markku Jokelan vierailuke 21.2.2024 Blini-iltake 28.2.2024 EI KOKOUSTA\uf0f0 la 2.3.2024 Vierailu [&hellip;]<\/p>\n","protected":false},"author":106,"featured_media":0,"parent":0,"menu_order":0,"comment_status":"closed","ping_status":"closed","template":"","meta":{"_acf_changed":false,"_et_pb_use_builder":"on","_et_pb_old_content":"Warkauden rotaryklubin kev\u00e4tkauden 2020 viikkokokoukset:","_et_gb_content_width":"","footnotes":""},"class_list":["post-1625","page","type-page","status-publish","hentry"],"acf":[],"yoast_head":"<!-- This site is optimized with the Yoast SEO plugin v27.0 - https:\/\/yoast.com\/product\/yoast-seo-wordpress\/ -->\n<title>Kev\u00e4tkauden 2024 ohjelma - Warkauden Rotaryklubi<\/title>\n<meta name=\"robots\" content=\"index, follow, max-snippet:-1, max-image-preview:large, max-video-preview:-1\" \/>\n<link rel=\"canonical\" href=\"https:\/\/rotary.fi\/warkaus\/kevatkauden-2020-ohjelma\/\" \/>\n<meta property=\"og:locale\" content=\"fi_FI\" \/>\n<meta property=\"og:type\" content=\"article\" \/>\n<meta property=\"og:title\" content=\"Kev\u00e4tkauden 2024 ohjelma - Warkauden Rotaryklubi\" \/>\n<meta property=\"og:description\" content=\"\u00a0 Ei viikkok\u00a0 Kev\u00e4tkauden 2024 ohjelma: ke 10.1.2024 Kev\u00e4\u00e4n ohjelman suunnitteluake 17.1.2024 Markku Nikkil\u00e4: Herra Putin \u2013 ei Herra Presidenttike 24.1.2024 Harri Avila: Moottoripy\u00f6r\u00e4ll\u00e4 Vietnamin halkike 31.1.2024 Heikki Rautanen \/ Arnevi Rautanen: Torstilan tilan luomuviljelyke 7.2.2024 Markko Rothstr\u00f6m: Turpak\u00e4r\u00e4j\u00e4t Suomen Puolustusvoimien resursseistake 14.2.2024 AG Markku Jokelan vierailuke 21.2.2024 Blini-iltake 28.2.2024 EI KOKOUSTA\uf0f0 la 2.3.2024 Vierailu [&hellip;]\" \/>\n<meta property=\"og:url\" content=\"https:\/\/rotary.fi\/warkaus\/kevatkauden-2020-ohjelma\/\" \/>\n<meta property=\"og:site_name\" content=\"Warkauden Rotaryklubi\" \/>\n<meta property=\"article:modified_time\" content=\"2024-05-05T12:55:46+00:00\" \/>\n<meta name=\"twitter:card\" content=\"summary_large_image\" \/>\n<meta name=\"twitter:label1\" content=\"Arvioitu lukuaika\" \/>\n\t<meta name=\"twitter:data1\" content=\"2 minuuttia\" \/>\n<script type=\"application\/ld+json\" class=\"yoast-schema-graph\">{\"@context\":\"https:\/\/schema.org\",\"@graph\":[{\"@type\":\"WebPage\",\"@id\":\"https:\/\/rotary.fi\/warkaus\/kevatkauden-2020-ohjelma\/\",\"url\":\"https:\/\/rotary.fi\/warkaus\/kevatkauden-2020-ohjelma\/\",\"name\":\"Kev\u00e4tkauden 2024 ohjelma - Warkauden Rotaryklubi\",\"isPartOf\":{\"@id\":\"https:\/\/rotary.fi\/warkaus\/#website\"},\"datePublished\":\"2019-06-24T15:39:30+00:00\",\"dateModified\":\"2024-05-05T12:55:46+00:00\",\"breadcrumb\":{\"@id\":\"https:\/\/rotary.fi\/warkaus\/kevatkauden-2020-ohjelma\/#breadcrumb\"},\"inLanguage\":\"fi\",\"potentialAction\":[{\"@type\":\"ReadAction\",\"target\":[\"https:\/\/rotary.fi\/warkaus\/kevatkauden-2020-ohjelma\/\"]}]},{\"@type\":\"BreadcrumbList\",\"@id\":\"https:\/\/rotary.fi\/warkaus\/kevatkauden-2020-ohjelma\/#breadcrumb\",\"itemListElement\":[{\"@type\":\"ListItem\",\"position\":1,\"name\":\"Home\",\"item\":\"https:\/\/rotary.fi\/warkaus\/\"},{\"@type\":\"ListItem\",\"position\":2,\"name\":\"Kev\u00e4tkauden 2024 ohjelma\"}]},{\"@type\":\"WebSite\",\"@id\":\"https:\/\/rotary.fi\/warkaus\/#website\",\"url\":\"https:\/\/rotary.fi\/warkaus\/\",\"name\":\"Warkauden Rotaryklubi\",\"description\":\"Uusi Rotary klubisivusto\",\"potentialAction\":[{\"@type\":\"SearchAction\",\"target\":{\"@type\":\"EntryPoint\",\"urlTemplate\":\"https:\/\/rotary.fi\/warkaus\/?s={search_term_string}\"},\"query-input\":{\"@type\":\"PropertyValueSpecification\",\"valueRequired\":true,\"valueName\":\"search_term_string\"}}],\"inLanguage\":\"fi\"}]}<\/script>\n<!-- \/ Yoast SEO plugin. -->","yoast_head_json":{"title":"Kev\u00e4tkauden 2024 ohjelma - Warkauden Rotaryklubi","robots":{"index":"index","follow":"follow","max-snippet":"max-snippet:-1","max-image-preview":"max-image-preview:large","max-video-preview":"max-video-preview:-1"},"canonical":"https:\/\/rotary.fi\/warkaus\/kevatkauden-2020-ohjelma\/","og_locale":"fi_FI","og_type":"article","og_title":"Kev\u00e4tkauden 2024 ohjelma - Warkauden Rotaryklubi","og_description":"\u00a0 Ei viikkok\u00a0 Kev\u00e4tkauden 2024 ohjelma: ke 10.1.2024 Kev\u00e4\u00e4n ohjelman suunnitteluake 17.1.2024 Markku Nikkil\u00e4: Herra Putin \u2013 ei Herra Presidenttike 24.1.2024 Harri Avila: Moottoripy\u00f6r\u00e4ll\u00e4 Vietnamin halkike 31.1.2024 Heikki Rautanen \/ Arnevi Rautanen: Torstilan tilan luomuviljelyke 7.2.2024 Markko Rothstr\u00f6m: Turpak\u00e4r\u00e4j\u00e4t Suomen Puolustusvoimien resursseistake 14.2.2024 AG Markku Jokelan vierailuke 21.2.2024 Blini-iltake 28.2.2024 EI KOKOUSTA\uf0f0 la 2.3.2024 Vierailu [&hellip;]","og_url":"https:\/\/rotary.fi\/warkaus\/kevatkauden-2020-ohjelma\/","og_site_name":"Warkauden Rotaryklubi","article_modified_time":"2024-05-05T12:55:46+00:00","twitter_card":"summary_large_image","twitter_misc":{"Arvioitu lukuaika":"2 minuuttia"},"schema":{"@context":"https:\/\/schema.org","@graph":[{"@type":"WebPage","@id":"https:\/\/rotary.fi\/warkaus\/kevatkauden-2020-ohjelma\/","url":"https:\/\/rotary.fi\/warkaus\/kevatkauden-2020-ohjelma\/","name":"Kev\u00e4tkauden 2024 ohjelma - Warkauden Rotaryklubi","isPartOf":{"@id":"https:\/\/rotary.fi\/warkaus\/#website"},"datePublished":"2019-06-24T15:39:30+00:00","dateModified":"2024-05-05T12:55:46+00:00","breadcrumb":{"@id":"https:\/\/rotary.fi\/warkaus\/kevatkauden-2020-ohjelma\/#breadcrumb"},"inLanguage":"fi","potentialAction":[{"@type":"ReadAction","target":["https:\/\/rotary.fi\/warkaus\/kevatkauden-2020-ohjelma\/"]}]},{"@type":"BreadcrumbList","@id":"https:\/\/rotary.fi\/warkaus\/kevatkauden-2020-ohjelma\/#breadcrumb","itemListElement":[{"@type":"ListItem","position":1,"name":"Home","item":"https:\/\/rotary.fi\/warkaus\/"},{"@type":"ListItem","position":2,"name":"Kev\u00e4tkauden 2024 ohjelma"}]},{"@type":"WebSite","@id":"https:\/\/rotary.fi\/warkaus\/#website","url":"https:\/\/rotary.fi\/warkaus\/","name":"Warkauden Rotaryklubi","description":"Uusi Rotary klubisivusto","potentialAction":[{"@type":"SearchAction","target":{"@type":"EntryPoint","urlTemplate":"https:\/\/rotary.fi\/warkaus\/?s={search_term_string}"},"query-input":{"@type":"PropertyValueSpecification","valueRequired":true,"valueName":"search_term_string"}}],"inLanguage":"fi"}]}},"lang":"fi","translations":{"fi":1625},"pll_sync_post":[],"_links":{"self":[{"href":"https:\/\/rotary.fi\/warkaus\/wp-json\/wp\/v2\/pages\/1625","targetHints":{"allow":["GET"]}}],"collection":[{"href":"https:\/\/rotary.fi\/warkaus\/wp-json\/wp\/v2\/pages"}],"about":[{"href":"https:\/\/rotary.fi\/warkaus\/wp-json\/wp\/v2\/types\/page"}],"author":[{"embeddable":true,"href":"https:\/\/rotary.fi\/warkaus\/wp-json\/wp\/v2\/users\/106"}],"replies":[{"embeddable":true,"href":"https:\/\/rotary.fi\/warkaus\/wp-json\/wp\/v2\/comments?post=1625"}],"version-history":[{"count":9,"href":"https:\/\/rotary.fi\/warkaus\/wp-json\/wp\/v2\/pages\/1625\/revisions"}],"predecessor-version":[{"id":2082,"href":"https:\/\/rotary.fi\/warkaus\/wp-json\/wp\/v2\/pages\/1625\/revisions\/2082"}],"wp:attachment":[{"href":"https:\/\/rotary.fi\/warkaus\/wp-json\/wp\/v2\/media?parent=1625"}],"curies":[{"name":"wp","href":"https:\/\/api.w.org\/{rel}","templated":true}]}}