{"id":1623,"date":"2019-06-24T18:38:32","date_gmt":"2019-06-24T15:38:32","guid":{"rendered":"https:\/\/rotary.fi\/warkaus\/?page_id=1623"},"modified":"2025-10-07T22:04:17","modified_gmt":"2025-10-07T19:04:17","slug":"syyskauden-2019-ohjelma","status":"publish","type":"page","link":"https:\/\/rotary.fi\/warkaus\/syyskauden-2019-ohjelma\/","title":{"rendered":"Syyskauden 2025 ohjelma"},"content":{"rendered":"<p>[et_pb_section fb_built=&#8221;1&#8243; admin_label=&#8221;section&#8221; _builder_version=&#8221;4.16&#8243; global_colors_info=&#8221;{}&#8221;][et_pb_row admin_label=&#8221;row&#8221; _builder_version=&#8221;4.16&#8243; background_size=&#8221;initial&#8221; background_position=&#8221;top_left&#8221; background_repeat=&#8221;repeat&#8221; global_colors_info=&#8221;{}&#8221;][et_pb_column type=&#8221;4_4&#8243; _builder_version=&#8221;4.16&#8243; custom_padding=&#8221;|||&#8221; global_colors_info=&#8221;{}&#8221; custom_padding__hover=&#8221;|||&#8221;][et_pb_text admin_label=&#8221;Text&#8221; _builder_version=&#8221;4.27.4&#8243; background_size=&#8221;initial&#8221; background_position=&#8221;top_left&#8221; background_repeat=&#8221;repeat&#8221; z_index_tablet=&#8221;500&#8243; text_text_shadow_horizontal_length_tablet=&#8221;0px&#8221; text_text_shadow_vertical_length_tablet=&#8221;0px&#8221; text_text_shadow_blur_strength_tablet=&#8221;1px&#8221; link_text_shadow_horizontal_length_tablet=&#8221;0px&#8221; link_text_shadow_vertical_length_tablet=&#8221;0px&#8221; link_text_shadow_blur_strength_tablet=&#8221;1px&#8221; ul_text_shadow_horizontal_length_tablet=&#8221;0px&#8221; ul_text_shadow_vertical_length_tablet=&#8221;0px&#8221; ul_text_shadow_blur_strength_tablet=&#8221;1px&#8221; ol_text_shadow_horizontal_length_tablet=&#8221;0px&#8221; ol_text_shadow_vertical_length_tablet=&#8221;0px&#8221; ol_text_shadow_blur_strength_tablet=&#8221;1px&#8221; quote_text_shadow_horizontal_length_tablet=&#8221;0px&#8221; quote_text_shadow_vertical_length_tablet=&#8221;0px&#8221; quote_text_shadow_blur_strength_tablet=&#8221;1px&#8221; header_text_shadow_horizontal_length_tablet=&#8221;0px&#8221; header_text_shadow_vertical_length_tablet=&#8221;0px&#8221; header_text_shadow_blur_strength_tablet=&#8221;1px&#8221; header_2_text_shadow_horizontal_length_tablet=&#8221;0px&#8221; header_2_text_shadow_vertical_length_tablet=&#8221;0px&#8221; header_2_text_shadow_blur_strength_tablet=&#8221;1px&#8221; header_3_text_shadow_horizontal_length_tablet=&#8221;0px&#8221; header_3_text_shadow_vertical_length_tablet=&#8221;0px&#8221; header_3_text_shadow_blur_strength_tablet=&#8221;1px&#8221; header_4_text_shadow_horizontal_length_tablet=&#8221;0px&#8221; header_4_text_shadow_vertical_length_tablet=&#8221;0px&#8221; header_4_text_shadow_blur_strength_tablet=&#8221;1px&#8221; header_5_text_shadow_horizontal_length_tablet=&#8221;0px&#8221; header_5_text_shadow_vertical_length_tablet=&#8221;0px&#8221; header_5_text_shadow_blur_strength_tablet=&#8221;1px&#8221; header_6_text_shadow_horizontal_length_tablet=&#8221;0px&#8221; header_6_text_shadow_vertical_length_tablet=&#8221;0px&#8221; header_6_text_shadow_blur_strength_tablet=&#8221;1px&#8221; box_shadow_horizontal_tablet=&#8221;0px&#8221; box_shadow_vertical_tablet=&#8221;0px&#8221; box_shadow_blur_tablet=&#8221;40px&#8221; box_shadow_spread_tablet=&#8221;0px&#8221; global_colors_info=&#8221;{}&#8221;]<\/p>\n<p>Warkauden rotaryklubin syyskauden 2025 viikkokokoukset:<\/p>\n<p>ke 13.8.\u00a0\u00a0\u00a0\u00a0\u00a0\u00a0\u00a0\u00a0\u00a0\u00a0 Kes\u00e4kuulumisia ja syksyn ohjelman ideointia<\/p>\n<p>ke 20.8.\u00a0\u00a0\u00a0\u00a0\u00a0\u00a0\u00a0\u00a0\u00a0\u00a0 Kes\u00e4kuulumisia<\/p>\n<p>ke 27.8.\u00a0\u00a0\u00a0\u00a0\u00a0\u00a0\u00a0\u00a0\u00a0\u00a0 Kes\u00e4kuulumisia ja syksyn ohjelman ideointia<\/p>\n<p>ke 3.9.\u00a0\u00a0\u00a0\u00a0\u00a0\u00a0\u00a0\u00a0\u00a0\u00a0\u00a0\u00a0 EI PALAVERIA<\/p>\n<ul>\n<li>pe 5.9. Musiikki-ilta Kaks Ruusun Soittosalissa, Anne Mattila, Lauluja rakkaudesta<\/li>\n<\/ul>\n<p>ke 10.9.\u00a0\u00a0\u00a0\u00a0\u00a0\u00a0\u00a0\u00a0\u00a0\u00a0 Urheiluilta, Susijengin kannustusta<\/p>\n<p>ke 17.9.\u00a0\u00a0\u00a0\u00a0\u00a0\u00a0\u00a0\u00a0\u00a0\u00a0 Sari Kaurola: Varkauden teatterin kuulumiset ja syksyn ohjelmisto<\/p>\n<p>ke 24.9.\u00a0\u00a0\u00a0\u00a0\u00a0\u00a0\u00a0\u00a0\u00a0\u00a0 Kuvern\u00f6\u00f6ri Atte von Wrightin klubivierailu<\/p>\n<p>ke 1.10.\u00a0\u00a0\u00a0\u00a0\u00a0\u00a0\u00a0\u00a0\u00a0\u00a0<\/p>\n<p>ke 8.10.\u00a0\u00a0\u00a0\u00a0\u00a0\u00a0\u00a0\u00a0\u00a0\u00a0 Klubin syyskokous<\/p>\n<p>ke 15.10.\u00a0\u00a0\u00a0\u00a0\u00a0\u00a0\u00a0\u00a0 SYYSLOMA<\/p>\n<p>ke 22.10.\u00a0\u00a0\u00a0\u00a0\u00a0\u00a0\u00a0\u00a0 EI PALAVERIA<\/p>\n<ul>\n<li>pe 24.10. Musiikki-ilta Kaks Ruusun Soittosalissa, Michael Bleu<\/li>\n<\/ul>\n<p>ke 29.10.\u00a0\u00a0\u00a0\u00a0\u00a0\u00a0\u00a0\u00a0 Janne Kuronen: Riikinvoima<\/p>\n<p>ke 5.11.\u00a0\u00a0\u00a0\u00a0\u00a0\u00a0\u00a0\u00a0\u00a0\u00a0 Hannu Itkonen: Kansankeitti\u00f6n historia -kirja<\/p>\n<p>ke 12.11.\u00a0\u00a0\u00a0\u00a0\u00a0\u00a0\u00a0\u00a0 EI PALAVERIA<\/p>\n<ul>\n<li>pe 14.11. Musiikki-ilta Kaks Ruusun Soittosalissa, Room Full of Hendrix<\/li>\n<\/ul>\n<p>ke 19.11\u00a0\u00a0\u00a0\u00a0\u00a0\u00a0\u00a0\u00a0\u00a0 Kansainv\u00e4linen miesten p\u00e4iv\u00e4<\/p>\n<p>ke 26.11.\u00a0\u00a0\u00a0\u00a0\u00a0\u00a0\u00a0\u00a0 Harri Avila: Moottoripy\u00f6r\u00e4ll\u00e4 Perussa<\/p>\n<p>ke 3.12.\u00a0\u00a0\u00a0\u00a0\u00a0\u00a0\u00a0\u00a0\u00a0\u00a0 Jarko Leskinen: Mets\u00e4n jatkuva kasvatus<\/p>\n<p>ke 10.12.<\/p>\n<p>ke 17.12.\u00a0\u00a0\u00a0\u00a0\u00a0\u00a0\u00a0\u00a0 Jouluateria, Lepp\u00e4virran ja Rantasalmen klubit vieraiksi<\/p>\n<p>ke 31.12.\u00a0\u00a0\u00a0\u00a0\u00a0\u00a0\u00a0\u00a0 Varkauden teatteri: Ruhtinas Ahlstr\u00f6m<\/p>\n<p>&nbsp;<\/p>\n<p>&nbsp;<\/p>\n<p>&nbsp;<\/p>\n<p>&nbsp;<\/p>\n<p>&nbsp;<\/p>\n<p>&nbsp;<\/p>\n<p>&nbsp;<\/p>\n<p>&nbsp;<\/p>\n<p>&nbsp;<\/p>\n<p>&nbsp;<\/p>\n<p>&nbsp;<\/p>\n<p>&nbsp;<\/p>\n<p>&nbsp;<\/p>\n<p>&nbsp;<\/p>\n<p>&nbsp;<\/p>\n<p>&nbsp;<\/p>\n<p>&nbsp;<\/p>\n<p>&nbsp;<\/p>\n<p>&nbsp;<\/p>\n<p>&nbsp;<\/p>\n<p>&nbsp;<\/p>\n<p>&nbsp;<\/p>\n<p>&nbsp;<\/p>\n<p>&nbsp;<\/p>\n<p>&nbsp;<\/p>\n<p>&nbsp;<\/p>\n<p>&nbsp;<\/p>\n<p>&nbsp;<\/p>\n<blockquote>\n<div>\n<blockquote>\n<blockquote>\n<div>\n<div>\n<div>\u00a0<\/div>\n<div>\n<p>&nbsp;<\/p>\n<\/div>\n<\/div>\n<\/div>\n<\/blockquote>\n<\/blockquote>\n<\/div>\n<\/blockquote>\n<p>[\/et_pb_text][\/et_pb_column][\/et_pb_row][\/et_pb_section]<\/p>\n","protected":false},"excerpt":{"rendered":"<p>Warkauden rotaryklubin syyskauden 2025 viikkokokoukset: ke 13.8.\u00a0\u00a0\u00a0\u00a0\u00a0\u00a0\u00a0\u00a0\u00a0\u00a0 Kes\u00e4kuulumisia ja syksyn ohjelman ideointia ke 20.8.\u00a0\u00a0\u00a0\u00a0\u00a0\u00a0\u00a0\u00a0\u00a0\u00a0 Kes\u00e4kuulumisia ke 27.8.\u00a0\u00a0\u00a0\u00a0\u00a0\u00a0\u00a0\u00a0\u00a0\u00a0 Kes\u00e4kuulumisia ja syksyn ohjelman ideointia ke 3.9.\u00a0\u00a0\u00a0\u00a0\u00a0\u00a0\u00a0\u00a0\u00a0\u00a0\u00a0\u00a0 EI PALAVERIA pe 5.9. Musiikki-ilta Kaks Ruusun Soittosalissa, Anne Mattila, Lauluja rakkaudesta ke 10.9.\u00a0\u00a0\u00a0\u00a0\u00a0\u00a0\u00a0\u00a0\u00a0\u00a0 Urheiluilta, Susijengin kannustusta ke 17.9.\u00a0\u00a0\u00a0\u00a0\u00a0\u00a0\u00a0\u00a0\u00a0\u00a0 Sari Kaurola: Varkauden teatterin kuulumiset ja syksyn ohjelmisto ke 24.9.\u00a0\u00a0\u00a0\u00a0\u00a0\u00a0\u00a0\u00a0\u00a0\u00a0 Kuvern\u00f6\u00f6ri Atte [&hellip;]<\/p>\n","protected":false},"author":106,"featured_media":0,"parent":0,"menu_order":0,"comment_status":"closed","ping_status":"closed","template":"","meta":{"_acf_changed":false,"_et_pb_use_builder":"on","_et_pb_old_content":"Warkauden rotaryklubin syyskauden 2019 viikkokokoukset:","_et_gb_content_width":"","footnotes":""},"class_list":["post-1623","page","type-page","status-publish","hentry"],"acf":[],"yoast_head":"<!-- This site is optimized with the Yoast SEO plugin v27.4 - https:\/\/yoast.com\/product\/yoast-seo-wordpress\/ -->\n<title>Syyskauden 2025 ohjelma - Warkauden Rotaryklubi<\/title>\n<meta name=\"robots\" content=\"index, follow, max-snippet:-1, max-image-preview:large, max-video-preview:-1\" \/>\n<link rel=\"canonical\" href=\"https:\/\/rotary.fi\/warkaus\/syyskauden-2019-ohjelma\/\" \/>\n<meta property=\"og:locale\" content=\"fi_FI\" \/>\n<meta property=\"og:type\" content=\"article\" \/>\n<meta property=\"og:title\" content=\"Syyskauden 2025 ohjelma - Warkauden Rotaryklubi\" \/>\n<meta property=\"og:description\" content=\"Warkauden rotaryklubin syyskauden 2025 viikkokokoukset: ke 13.8.\u00a0\u00a0\u00a0\u00a0\u00a0\u00a0\u00a0\u00a0\u00a0\u00a0 Kes\u00e4kuulumisia ja syksyn ohjelman ideointia ke 20.8.\u00a0\u00a0\u00a0\u00a0\u00a0\u00a0\u00a0\u00a0\u00a0\u00a0 Kes\u00e4kuulumisia ke 27.8.\u00a0\u00a0\u00a0\u00a0\u00a0\u00a0\u00a0\u00a0\u00a0\u00a0 Kes\u00e4kuulumisia ja syksyn ohjelman ideointia ke 3.9.\u00a0\u00a0\u00a0\u00a0\u00a0\u00a0\u00a0\u00a0\u00a0\u00a0\u00a0\u00a0 EI PALAVERIA pe 5.9. Musiikki-ilta Kaks Ruusun Soittosalissa, Anne Mattila, Lauluja rakkaudesta ke 10.9.\u00a0\u00a0\u00a0\u00a0\u00a0\u00a0\u00a0\u00a0\u00a0\u00a0 Urheiluilta, Susijengin kannustusta ke 17.9.\u00a0\u00a0\u00a0\u00a0\u00a0\u00a0\u00a0\u00a0\u00a0\u00a0 Sari Kaurola: Varkauden teatterin kuulumiset ja syksyn ohjelmisto ke 24.9.\u00a0\u00a0\u00a0\u00a0\u00a0\u00a0\u00a0\u00a0\u00a0\u00a0 Kuvern\u00f6\u00f6ri Atte [&hellip;]\" \/>\n<meta property=\"og:url\" content=\"https:\/\/rotary.fi\/warkaus\/syyskauden-2019-ohjelma\/\" \/>\n<meta property=\"og:site_name\" content=\"Warkauden Rotaryklubi\" \/>\n<meta property=\"article:modified_time\" content=\"2025-10-07T19:04:17+00:00\" \/>\n<meta name=\"twitter:card\" content=\"summary_large_image\" \/>\n<meta name=\"twitter:label1\" content=\"Arvioitu lukuaika\" \/>\n\t<meta name=\"twitter:data1\" content=\"1 minuutti\" \/>\n<script type=\"application\/ld+json\" class=\"yoast-schema-graph\">{\"@context\":\"https:\\\/\\\/schema.org\",\"@graph\":[{\"@type\":\"WebPage\",\"@id\":\"https:\\\/\\\/rotary.fi\\\/warkaus\\\/syyskauden-2019-ohjelma\\\/\",\"url\":\"https:\\\/\\\/rotary.fi\\\/warkaus\\\/syyskauden-2019-ohjelma\\\/\",\"name\":\"Syyskauden 2025 ohjelma - Warkauden Rotaryklubi\",\"isPartOf\":{\"@id\":\"https:\\\/\\\/rotary.fi\\\/warkaus\\\/#website\"},\"datePublished\":\"2019-06-24T15:38:32+00:00\",\"dateModified\":\"2025-10-07T19:04:17+00:00\",\"breadcrumb\":{\"@id\":\"https:\\\/\\\/rotary.fi\\\/warkaus\\\/syyskauden-2019-ohjelma\\\/#breadcrumb\"},\"inLanguage\":\"fi\",\"potentialAction\":[{\"@type\":\"ReadAction\",\"target\":[\"https:\\\/\\\/rotary.fi\\\/warkaus\\\/syyskauden-2019-ohjelma\\\/\"]}]},{\"@type\":\"BreadcrumbList\",\"@id\":\"https:\\\/\\\/rotary.fi\\\/warkaus\\\/syyskauden-2019-ohjelma\\\/#breadcrumb\",\"itemListElement\":[{\"@type\":\"ListItem\",\"position\":1,\"name\":\"Home\",\"item\":\"https:\\\/\\\/rotary.fi\\\/warkaus\\\/\"},{\"@type\":\"ListItem\",\"position\":2,\"name\":\"Syyskauden 2025 ohjelma\"}]},{\"@type\":\"WebSite\",\"@id\":\"https:\\\/\\\/rotary.fi\\\/warkaus\\\/#website\",\"url\":\"https:\\\/\\\/rotary.fi\\\/warkaus\\\/\",\"name\":\"Warkauden Rotaryklubi\",\"description\":\"Uusi Rotary klubisivusto\",\"potentialAction\":[{\"@type\":\"SearchAction\",\"target\":{\"@type\":\"EntryPoint\",\"urlTemplate\":\"https:\\\/\\\/rotary.fi\\\/warkaus\\\/?s={search_term_string}\"},\"query-input\":{\"@type\":\"PropertyValueSpecification\",\"valueRequired\":true,\"valueName\":\"search_term_string\"}}],\"inLanguage\":\"fi\"}]}<\/script>\n<!-- \/ Yoast SEO plugin. -->","yoast_head_json":{"title":"Syyskauden 2025 ohjelma - Warkauden Rotaryklubi","robots":{"index":"index","follow":"follow","max-snippet":"max-snippet:-1","max-image-preview":"max-image-preview:large","max-video-preview":"max-video-preview:-1"},"canonical":"https:\/\/rotary.fi\/warkaus\/syyskauden-2019-ohjelma\/","og_locale":"fi_FI","og_type":"article","og_title":"Syyskauden 2025 ohjelma - Warkauden Rotaryklubi","og_description":"Warkauden rotaryklubin syyskauden 2025 viikkokokoukset: ke 13.8.\u00a0\u00a0\u00a0\u00a0\u00a0\u00a0\u00a0\u00a0\u00a0\u00a0 Kes\u00e4kuulumisia ja syksyn ohjelman ideointia ke 20.8.\u00a0\u00a0\u00a0\u00a0\u00a0\u00a0\u00a0\u00a0\u00a0\u00a0 Kes\u00e4kuulumisia ke 27.8.\u00a0\u00a0\u00a0\u00a0\u00a0\u00a0\u00a0\u00a0\u00a0\u00a0 Kes\u00e4kuulumisia ja syksyn ohjelman ideointia ke 3.9.\u00a0\u00a0\u00a0\u00a0\u00a0\u00a0\u00a0\u00a0\u00a0\u00a0\u00a0\u00a0 EI PALAVERIA pe 5.9. Musiikki-ilta Kaks Ruusun Soittosalissa, Anne Mattila, Lauluja rakkaudesta ke 10.9.\u00a0\u00a0\u00a0\u00a0\u00a0\u00a0\u00a0\u00a0\u00a0\u00a0 Urheiluilta, Susijengin kannustusta ke 17.9.\u00a0\u00a0\u00a0\u00a0\u00a0\u00a0\u00a0\u00a0\u00a0\u00a0 Sari Kaurola: Varkauden teatterin kuulumiset ja syksyn ohjelmisto ke 24.9.\u00a0\u00a0\u00a0\u00a0\u00a0\u00a0\u00a0\u00a0\u00a0\u00a0 Kuvern\u00f6\u00f6ri Atte [&hellip;]","og_url":"https:\/\/rotary.fi\/warkaus\/syyskauden-2019-ohjelma\/","og_site_name":"Warkauden Rotaryklubi","article_modified_time":"2025-10-07T19:04:17+00:00","twitter_card":"summary_large_image","twitter_misc":{"Arvioitu lukuaika":"1 minuutti"},"schema":{"@context":"https:\/\/schema.org","@graph":[{"@type":"WebPage","@id":"https:\/\/rotary.fi\/warkaus\/syyskauden-2019-ohjelma\/","url":"https:\/\/rotary.fi\/warkaus\/syyskauden-2019-ohjelma\/","name":"Syyskauden 2025 ohjelma - Warkauden Rotaryklubi","isPartOf":{"@id":"https:\/\/rotary.fi\/warkaus\/#website"},"datePublished":"2019-06-24T15:38:32+00:00","dateModified":"2025-10-07T19:04:17+00:00","breadcrumb":{"@id":"https:\/\/rotary.fi\/warkaus\/syyskauden-2019-ohjelma\/#breadcrumb"},"inLanguage":"fi","potentialAction":[{"@type":"ReadAction","target":["https:\/\/rotary.fi\/warkaus\/syyskauden-2019-ohjelma\/"]}]},{"@type":"BreadcrumbList","@id":"https:\/\/rotary.fi\/warkaus\/syyskauden-2019-ohjelma\/#breadcrumb","itemListElement":[{"@type":"ListItem","position":1,"name":"Home","item":"https:\/\/rotary.fi\/warkaus\/"},{"@type":"ListItem","position":2,"name":"Syyskauden 2025 ohjelma"}]},{"@type":"WebSite","@id":"https:\/\/rotary.fi\/warkaus\/#website","url":"https:\/\/rotary.fi\/warkaus\/","name":"Warkauden Rotaryklubi","description":"Uusi Rotary klubisivusto","potentialAction":[{"@type":"SearchAction","target":{"@type":"EntryPoint","urlTemplate":"https:\/\/rotary.fi\/warkaus\/?s={search_term_string}"},"query-input":{"@type":"PropertyValueSpecification","valueRequired":true,"valueName":"search_term_string"}}],"inLanguage":"fi"}]}},"lang":"fi","translations":{"fi":1623},"pll_sync_post":[],"_links":{"self":[{"href":"https:\/\/rotary.fi\/warkaus\/wp-json\/wp\/v2\/pages\/1623","targetHints":{"allow":["GET"]}}],"collection":[{"href":"https:\/\/rotary.fi\/warkaus\/wp-json\/wp\/v2\/pages"}],"about":[{"href":"https:\/\/rotary.fi\/warkaus\/wp-json\/wp\/v2\/types\/page"}],"author":[{"embeddable":true,"href":"https:\/\/rotary.fi\/warkaus\/wp-json\/wp\/v2\/users\/106"}],"replies":[{"embeddable":true,"href":"https:\/\/rotary.fi\/warkaus\/wp-json\/wp\/v2\/comments?post=1623"}],"version-history":[{"count":10,"href":"https:\/\/rotary.fi\/warkaus\/wp-json\/wp\/v2\/pages\/1623\/revisions"}],"predecessor-version":[{"id":2163,"href":"https:\/\/rotary.fi\/warkaus\/wp-json\/wp\/v2\/pages\/1623\/revisions\/2163"}],"wp:attachment":[{"href":"https:\/\/rotary.fi\/warkaus\/wp-json\/wp\/v2\/media?parent=1623"}],"curies":[{"name":"wp","href":"https:\/\/api.w.org\/{rel}","templated":true}]}}