{"id":1524,"date":"2019-03-23T14:28:55","date_gmt":"2019-03-23T12:28:55","guid":{"rendered":"https:\/\/rotary.fi\/warkaus\/?page_id=1524"},"modified":"2020-08-06T20:28:15","modified_gmt":"2020-08-06T17:28:15","slug":"nuorisovaihdon-historiaa","status":"publish","type":"page","link":"https:\/\/rotary.fi\/warkaus\/nuorisovaihdon-historiaa\/","title":{"rendered":"Nuorisovaihdon historiaa"},"content":{"rendered":"<p>[et_pb_section fb_built=&#8221;1&#8243; admin_label=&#8221;section&#8221; _builder_version=&#8221;3.22.3&#8243; custom_padding=&#8221;28.4219px|0px|0|0px|false|false&#8221;][et_pb_row admin_label=&#8221;row&#8221; _builder_version=&#8221;3.25&#8243; background_size=&#8221;initial&#8221; background_position=&#8221;top_left&#8221; background_repeat=&#8221;repeat&#8221; custom_padding=&#8221;27px|0px|512px|0px|false|false&#8221;][et_pb_column type=&#8221;4_4&#8243; _builder_version=&#8221;3.25&#8243; custom_padding=&#8221;|||&#8221; custom_padding__hover=&#8221;|||&#8221;][et_pb_text _builder_version=&#8221;3.27.4&#8243;]<\/p>\n<p><img loading=\"lazy\" decoding=\"async\" src=\"https:\/\/rotary.fi\/warkaus\/wp-content\/uploads\/sites\/48\/2019\/02\/img_20180815_171649_1_resized_20180816_082059249-e1550320716502-300x225.jpg\" width=\"300\" height=\"225\" alt=\"\" class=\"wp-image-1395 alignnone size-medium\" srcset=\"https:\/\/rotary.fi\/warkaus\/wp-content\/uploads\/sites\/48\/2019\/02\/img_20180815_171649_1_resized_20180816_082059249-e1550320716502-300x225.jpg 300w, https:\/\/rotary.fi\/warkaus\/wp-content\/uploads\/sites\/48\/2019\/02\/img_20180815_171649_1_resized_20180816_082059249-e1550320716502-768x576.jpg 768w, https:\/\/rotary.fi\/warkaus\/wp-content\/uploads\/sites\/48\/2019\/02\/img_20180815_171649_1_resized_20180816_082059249-e1550320716502-1024x768.jpg 1024w, https:\/\/rotary.fi\/warkaus\/wp-content\/uploads\/sites\/48\/2019\/02\/img_20180815_171649_1_resized_20180816_082059249-e1550320716502-510x382.jpg 510w, https:\/\/rotary.fi\/warkaus\/wp-content\/uploads\/sites\/48\/2019\/02\/img_20180815_171649_1_resized_20180816_082059249-e1550320716502-1080x810.jpg 1080w, https:\/\/rotary.fi\/warkaus\/wp-content\/uploads\/sites\/48\/2019\/02\/img_20180815_171649_1_resized_20180816_082059249-e1550320716502.jpg 1984w\" sizes=\"(max-width: 300px) 100vw, 300px\" \/><\/p>\n<p>&nbsp;<\/p>\n<h2><big>Nuorisovaihtoa 2010 -2020:<span>\u00a0<\/span><a name=\"alku\"><\/a><br \/><\/big><\/h2>\n<p><span><\/span><\/p>\n<p><big><span>\u2013 Ezequiel D\u00b4Angelo Argentiinasta oli vaihdossa 2019-2020<\/span><\/big><\/p>\n<p><big><span>&#8211; Ronja Ahlfors oli vaihdossa Argentiinassa 2019-2020\u00a0<\/span><\/big><\/p>\n<p><big><span>&#8211; Mila Turunen oli vaihdossa Italiassa 2018-2019<\/span><\/big><\/p>\n<p><big><span>&#8211; Ludovica Greco Italiasta oli vaihdossa 2018-2019<\/span><\/big><\/p>\n<p><big><span>&#8211; Emma Kuusela oli Kanadassa\u00a0 ja palasi vaihdosta kes\u00e4ll\u00e4 2018<\/span><\/big><\/p>\n<p><big><span>&#8211; Essi Valaja on palannut Austraaliasta\u00a0<\/span><\/big><\/p>\n<p><span>\u2013Courtney Platt on palannut Austraaliaan\u00a0<\/span><\/p>\n<p><span>\u2013Anni-Stiina R\u00e4s\u00e4nen on Ranskassa\u00a0<\/span><\/p>\n<p><span>\u2013Florence Donfut Belgiasta l\u00e4hti kotiin<\/span><\/p>\n<p><span>\u2013Anni-Stiina R\u00e4s\u00e4nen on palannut Ranskasta<\/span><\/p>\n<p><span>\u2013Arttu Moisio l\u00e4htee USAan<\/span><\/p>\n<p><span>\u2013Sinttu Kauhanen l\u00e4htee kes\u00e4vaihtoon<\/span><\/p>\n<p><span>\u2013Aurelia Flamond Belgiasta tulee kes\u00e4vaihtoon<\/span><\/p>\n<p>-Arttu Moisio on palannut USAsta<\/p>\n<p><span>\u2013Outi H\u00e4m\u00e4l\u00e4inen l\u00e4hti vuosivaihtoon Austraaliaan hein\u00e4kuussa 2012<\/span><\/p>\n<p><span>-Amy Lorimer Austraaliasta saapui vuosivaihtoon tammikuussa 2013<\/span><\/p>\n<p><big>&#8211;<\/big><big><span>Outi H\u00e4m\u00e4l\u00e4inen palasi Austraaliasta hein\u00e4kuussa 2013<\/span><\/big><big><span>\u00a0<br \/><\/span><\/big><span><\/span><\/p>\n<dl>\n<dt><big>-Emma V\u00e4liaho l\u00e4hti vuosivaihtoon Meksikoon hein\u00e4kuussa 2013<\/big><\/dt>\n<dt><big>\u00a0\u00a0 Emman kuulumisia voi seurata osoitteessa<\/big><\/dt>\n<dt><big><span><\/span><\/big><\/dt>\n<dt><big><span>\u00a0<a href=\"http:\/\/vuosimexicossa.blogspot.fi\/2013\/06\/tasta-lahtee.html\" target=\"_blank\" rel=\"noopener noreferrer\">http:\/\/vuosimexicossa.blogspot.fi\/2013\/06\/tasta-lahtee.html<\/a><\/span><\/big><\/dt>\n<dd><\/dd>\n<dt><big>&#8211;<\/big><big>Erika Gutierrez Gargia Meksiko, saapui vuosivaihtoon elokuussa 2013<\/big><\/dt>\n<dt><span style=\"font-size: 16px\">\u00a0-Erika palasi Meksikoon kes\u00e4kuussa 2014\u00a0 \u00a0 \u00a0\u00a0<\/span><\/dt>\n<\/dl>\n<p><span style=\"font-size: 16px\"><\/span><\/p>\n<h4><span style=\"font-size: medium;color: #000000\"><big><big><small>Saila Alikosken terveisi\u00e4 USAsta t\u00e4ss\u00e4<\/small><small><\/small><\/big><\/big><\/span><\/h4>\n<h4><span style=\"font-size: medium;color: #000000\"><big>Essi Valajan terveisi\u00e4 Austraaliasta\u00a0<a href=\"http:\/\/piirit.rotary.fi\/1430\/warkaus\/nuorisovaihto.html#essiv\" style=\"color: #000000\">t\u00e4ss\u00e4<\/a><\/big><\/span><\/h4>\n<h4><span style=\"font-size: medium;color: #000000\"><big>Anni-Stiina R\u00e4s\u00e4sen terveiset Ranskasta\u00a0<a href=\"http:\/\/piirit.rotary.fi\/1430\/warkaus\/nuorisovaihto.html#annistiina\" style=\"color: #000000\">t\u00e4ss\u00e4<\/a><\/big><\/span><\/h4>\n<h4><span style=\"font-size: medium;color: #000000\"><big>Kes\u00e4vaihtarit Aurelia Flamond ja Sinikka Kauhanen<a href=\"http:\/\/piirit.rotary.fi\/1430\/warkaus\/nuorisovaihto.html#sinttu\" style=\"color: #000000\">\u00a0t\u00e4ss\u00e4<\/a><\/big><\/span><\/h4>\n<h4><span style=\"font-size: medium;color: #000000\"><big>Arttu Moision kuvia USAsta\u00a0<a href=\"http:\/\/piirit.rotary.fi\/1430\/warkaus\/nuorisovaihto.html#arttu\" style=\"color: #000000\">t\u00e4ss\u00e4<\/a><\/big><\/span><\/h4>\n<p>&nbsp;<\/p>\n<p><big><span>Outi H\u00e4m\u00e4l\u00e4isen ensimm\u00e4iset kuvat Perth`st\u00e4 Austraaliasta\u00a0<a href=\"http:\/\/piirit.rotary.fi\/1430\/warkaus\/nuorisovaihto.html#OutiA\">t\u00e4ss\u00e4<\/a><\/span><\/big><\/p>\n<p>Amy Lorimer kertoo vuodestaan\u00a0 Varkaudessa,\u00a0<a href=\"http:\/\/piirit.rotary.fi\/1430\/warkaus\/nuorisovaihto.html#Amy\">kuva<\/a>.<\/p>\n<p><big><\/big><big><span>Emma V\u00e4liaho kertoo vuodestaan\u00a0 Meksikossa,\u00a0<a href=\"http:\/\/piirit.rotary.fi\/1430\/warkaus\/nuorisovaihto.html#Emma\">kuva<\/a>.<\/span><\/big><\/p>\n<p>Emmi Hiltunen esitt\u00e4ytyi Klubille 3.6.2015, h\u00e4n l\u00e4hteen vuosivaihtoon\u00a0<\/p>\n<p>Brasiliaan,\u00a0<a href=\"http:\/\/piirit.rotary.fi\/1430\/warkaus\/nuorisovaihto.html#emmihpp\">kuva<\/a><big><big>.<small><span>\u00a0<\/span><\/small><\/big><big><small><small>Emmin kuulumisia voit lukea osoitteessa<\/small><\/small><\/big><\/big><\/p>\n<p><big><big><small><small><\/small><\/small><\/big><\/big><big><big><big><big><big><big><big><span><a href=\"http:\/\/emmisyear.blogspot.fi\/?m=1\">http:\/\/emmisyear.blogspot.fi\/?m=1<\/a><\/span><\/big><\/big><\/big><\/big><\/big><\/big><\/big><\/p>\n<p><big><big>Guilherme Kravutsche Gomes de Angelo saapui Varkauteen 8.8.2015,<big>\u00a0<\/big><\/big><\/big><a href=\"http:\/\/piirit.rotary.fi\/1430\/warkaus\/nuorisovaihto.html#GH\">kuva<\/a><\/p>\n<p><big><big><big><big><big><big><big><big><span>Guilherme Kravutsche Gomes de Angelo= Gigi piti 6.4.2016 esitelm\u00e4n<br \/>Brasiliasta\u00a0 suomeksi ja vastaili kysymyksiin hyv\u00e4ll\u00e4 suomenkielell\u00e4,\u00a0<\/span><\/big><\/big><\/big><\/big><\/big><\/big><\/big><\/big><big><big><big><big><big><big><big><span><\/span><\/big><\/big><\/big><\/big><\/big><\/big><\/big><a href=\"http:\/\/piirit.rotary.fi\/1430\/warkaus\/nuorisovaihto.html#esitelmaG\">kuva<\/a><br \/><big><big><big><big><big><big><big><big><span><br \/>Guilherme Kravutsche Gomes de Angelo= Gigi piti 25.5.2016 esitelm\u00e4n vuodes-<br \/>taan Suomessa\u00a0 suomeksi ja vastaili kysymyksiin hyv\u00e4ll\u00e4 suomekielell\u00e4,\u00a0<\/span><\/big><\/big><\/big><\/big><\/big><\/big><\/big><\/big><big><big><big><big><big><big><big><big><span><\/span><\/big><\/big><\/big><\/big><\/big><\/big><\/big><\/big><big><big><big><big><big><big><big><span><\/span><\/big><\/big><\/big><\/big><\/big><\/big><\/big><big><big><big><big><big><big><big><big><span><\/span><\/big><\/big><\/big><\/big><\/big><\/big><\/big><\/big><big><a href=\"http:\/\/piirit.rotary.fi\/1430\/warkaus\/nuorisovaihto.html#esitelmaG\">kuva<\/a><br \/><\/big><big><big><big><big><big><big><big><big><span><br \/>Gigi palasi kotiinsa Brasiliaan 6.7.2016<\/span><\/big><\/big><\/big><\/big><\/big><\/big><\/big><\/big><\/p>\n<p><big><big><big>Heidi Lehtonen oli kes\u00e4vaihdossa Sisilian Cataniassa, Maura Patane Cataniasta\u00a0 tuli Varkauteen,<a href=\"http:\/\/piirit.rotary.fi\/1430\/warkaus\/nuorisovaihto.html#H&amp;M\">\u00a0<\/a><\/big><\/big><\/big><big><a href=\"http:\/\/piirit.rotary.fi\/1430\/warkaus\/nuorisovaihto.html#HM\">kuva<\/a><\/big><big><\/big><\/p>\n<p><big><span>Elli V\u00e4liaho oli kes\u00e4vaihdossa Kanadassa, Danielle Hiltz Kanadasta tuli Varkauteen,<\/span><\/big><big><big><big><big><big><big><big><big><span><\/span><\/big><\/big><\/big><\/big><\/big><\/big><\/big><\/big><big><big><big><big><big><big><big><big><span>\u00a0<a href=\"http:\/\/piirit.rotary.fi\/1430\/warkaus\/nuorisovaihto.html#DE\">kuva<\/a><\/span><\/big><\/big><\/big><\/big><\/big><\/big><\/big><\/big><\/p>\n<p>Noora Nurmi oli\u00a0 leirivaihdossa Italiassa Garda-j\u00e4rven l\u00e4hell\u00e4.\u00a0\u00a0<a href=\"http:\/\/piirit.rotary.fi\/1430\/warkaus\/nuorisovaihto.html#NooraNurmi\">kuva<\/a>\u00a0<\/p>\n<p><big><big><big>Emma M\u00e4h\u00f6nen l\u00e4hti 8.8.2016 vuosivaihtoon USAan. Palasi .<\/big><\/big><\/big><a href=\"http:\/\/piirit.rotary.fi\/1430\/warkaus\/nuorisovaihto.html#EmmaM\"><big><big><big><big><big><big><big><big><span>kuva<\/span><\/big><\/big><\/big><\/big><\/big><\/big><\/big><\/big><\/a><br \/><big><big><big><big><big><big><big><big><span><br \/><\/span><\/big><\/big><\/big><\/big><\/big><\/big><\/big><\/big><big><big><big><big><big><big><big><big><span>William &#8221;Billy&#8221; Kroes, Michigan USA, saapui vuosivaihtoon 15.8.2016<br \/>Billy palasi kotiinsa Michiganiin 6.7.2017 .\u00a0\u00a0<a href=\"http:\/\/piirit.rotary.fi\/1430\/warkaus\/nuorisovaihto.html#Billy\">kuva<\/a><\/span><\/big><\/big><\/big><\/big><\/big><\/big><\/big><\/big><\/p>\n<p><big><big><big>Emmi Hiltunen kertoi vuodestaan Brasiliassa 24.8.2016.\u00a0<\/big><\/big><\/big><big><big><big><big><big><big><big><big><span><a href=\"http:\/\/piirit.rotary.fi\/1430\/warkaus\/nuorisovaihto.html#EmmiH\">kuva<\/a><\/span><\/big><\/big><\/big><\/big><\/big><\/big><\/big><\/big><\/p>\n<p>Miranda Jordens, Kanada, saapui Varkauteen\u00a0 12.8.2017.\u00a0 Mranda kertoi vuodestaan Suomessa 30.5.2018\u00a0<a href=\"http:\/\/piirit.rotary.fi\/1430\/warkaus\/nuorisovaihto.html#Miranda\">kuva<\/a><\/p>\n<p>Emma Kuusela, joka l\u00e4htee Kanadaan vuosivaihtoon, esitt\u00e4ytyi Klubilla 16.8.2016.\u00a0<a href=\"http:\/\/piirit.rotary.fi\/1430\/warkaus\/nuorisovaihto.html#EmmaKuu\">kuva<\/a><\/p>\n<p>Mila Turunen l\u00e4htee vuosivaihtoon Italiaan.\u00a0<a href=\"http:\/\/piirit.rotary.fi\/1430\/warkaus\/nuorisovaihto.html#Mila\">kuva<\/a><\/p>\n<p><big><big><big>Ludovica &#8221;Dudu&#8221; Greco saapui vuosivaihtoon 11.8.2018.\u00a0<a href=\"http:\/\/piirit.rotary.fi\/1430\/warkaus\/nuorisovaihto.html#Dudu\">kuva<\/a><\/big><\/big><\/big><\/p>\n<p>&nbsp;<\/p>\n<h4><\/h4>\n<p><big><\/big><\/p>\n<p>&nbsp;<\/p>\n<p>[\/et_pb_text][\/et_pb_column][\/et_pb_row][\/et_pb_section][et_pb_section fb_built=&#8221;1&#8243; _builder_version=&#8221;3.22.3&#8243;][\/et_pb_section][et_pb_section fb_built=&#8221;1&#8243; specialty=&#8221;on&#8221; _builder_version=&#8221;3.22.3&#8243;][\/et_pb_section]<\/p>\n","protected":false},"excerpt":{"rendered":"<p>&nbsp; Nuorisovaihtoa 2010 -2020:\u00a0 \u2013 Ezequiel D\u00b4Angelo Argentiinasta oli vaihdossa 2019-2020 &#8211; Ronja Ahlfors oli vaihdossa Argentiinassa 2019-2020\u00a0 &#8211; Mila Turunen oli vaihdossa Italiassa 2018-2019 &#8211; Ludovica Greco Italiasta oli vaihdossa 2018-2019 &#8211; Emma Kuusela oli Kanadassa\u00a0 ja palasi vaihdosta kes\u00e4ll\u00e4 2018 &#8211; Essi Valaja on palannut Austraaliasta\u00a0 \u2013Courtney Platt on palannut Austraaliaan\u00a0 \u2013Anni-Stiina R\u00e4s\u00e4nen [&hellip;]<\/p>\n","protected":false},"author":106,"featured_media":0,"parent":0,"menu_order":0,"comment_status":"closed","ping_status":"closed","template":"","meta":{"_acf_changed":false,"_et_pb_use_builder":"on","_et_pb_old_content":"","_et_gb_content_width":"","footnotes":""},"class_list":["post-1524","page","type-page","status-publish","hentry"],"acf":[],"yoast_head":"<!-- This site is optimized with the Yoast SEO plugin v27.4 - https:\/\/yoast.com\/product\/yoast-seo-wordpress\/ -->\n<title>Nuorisovaihdon historiaa - Warkauden Rotaryklubi<\/title>\n<meta name=\"robots\" content=\"index, follow, max-snippet:-1, max-image-preview:large, max-video-preview:-1\" \/>\n<link rel=\"canonical\" href=\"https:\/\/rotary.fi\/warkaus\/nuorisovaihdon-historiaa\/\" \/>\n<meta property=\"og:locale\" content=\"fi_FI\" \/>\n<meta property=\"og:type\" content=\"article\" \/>\n<meta property=\"og:title\" content=\"Nuorisovaihdon historiaa - Warkauden Rotaryklubi\" \/>\n<meta property=\"og:description\" content=\"&nbsp; Nuorisovaihtoa 2010 -2020:\u00a0 \u2013 Ezequiel D\u00b4Angelo Argentiinasta oli vaihdossa 2019-2020 - Ronja Ahlfors oli vaihdossa Argentiinassa 2019-2020\u00a0 - Mila Turunen oli vaihdossa Italiassa 2018-2019 - Ludovica Greco Italiasta oli vaihdossa 2018-2019 - Emma Kuusela oli Kanadassa\u00a0 ja palasi vaihdosta kes\u00e4ll\u00e4 2018 - Essi Valaja on palannut Austraaliasta\u00a0 \u2013Courtney Platt on palannut Austraaliaan\u00a0 \u2013Anni-Stiina R\u00e4s\u00e4nen [&hellip;]\" \/>\n<meta property=\"og:url\" content=\"https:\/\/rotary.fi\/warkaus\/nuorisovaihdon-historiaa\/\" \/>\n<meta property=\"og:site_name\" content=\"Warkauden Rotaryklubi\" \/>\n<meta property=\"article:modified_time\" content=\"2020-08-06T17:28:15+00:00\" \/>\n<meta property=\"og:image\" content=\"https:\/\/rotary.fi\/warkaus\/wp-content\/uploads\/sites\/48\/2019\/02\/img_20180815_171649_1_resized_20180816_082059249-e1550320716502-300x225.jpg\" \/>\n<meta name=\"twitter:card\" content=\"summary_large_image\" \/>\n<meta name=\"twitter:label1\" content=\"Arvioitu lukuaika\" \/>\n\t<meta name=\"twitter:data1\" content=\"2 minuuttia\" \/>\n<script type=\"application\/ld+json\" class=\"yoast-schema-graph\">{\"@context\":\"https:\\\/\\\/schema.org\",\"@graph\":[{\"@type\":\"WebPage\",\"@id\":\"https:\\\/\\\/rotary.fi\\\/warkaus\\\/nuorisovaihdon-historiaa\\\/\",\"url\":\"https:\\\/\\\/rotary.fi\\\/warkaus\\\/nuorisovaihdon-historiaa\\\/\",\"name\":\"Nuorisovaihdon historiaa - Warkauden Rotaryklubi\",\"isPartOf\":{\"@id\":\"https:\\\/\\\/rotary.fi\\\/warkaus\\\/#website\"},\"primaryImageOfPage\":{\"@id\":\"https:\\\/\\\/rotary.fi\\\/warkaus\\\/nuorisovaihdon-historiaa\\\/#primaryimage\"},\"image\":{\"@id\":\"https:\\\/\\\/rotary.fi\\\/warkaus\\\/nuorisovaihdon-historiaa\\\/#primaryimage\"},\"thumbnailUrl\":\"https:\\\/\\\/rotary.fi\\\/warkaus\\\/wp-content\\\/uploads\\\/sites\\\/48\\\/2019\\\/02\\\/img_20180815_171649_1_resized_20180816_082059249-e1550320716502-300x225.jpg\",\"datePublished\":\"2019-03-23T12:28:55+00:00\",\"dateModified\":\"2020-08-06T17:28:15+00:00\",\"breadcrumb\":{\"@id\":\"https:\\\/\\\/rotary.fi\\\/warkaus\\\/nuorisovaihdon-historiaa\\\/#breadcrumb\"},\"inLanguage\":\"fi\",\"potentialAction\":[{\"@type\":\"ReadAction\",\"target\":[\"https:\\\/\\\/rotary.fi\\\/warkaus\\\/nuorisovaihdon-historiaa\\\/\"]}]},{\"@type\":\"ImageObject\",\"inLanguage\":\"fi\",\"@id\":\"https:\\\/\\\/rotary.fi\\\/warkaus\\\/nuorisovaihdon-historiaa\\\/#primaryimage\",\"url\":\"https:\\\/\\\/rotary.fi\\\/warkaus\\\/wp-content\\\/uploads\\\/sites\\\/48\\\/2019\\\/02\\\/img_20180815_171649_1_resized_20180816_082059249-e1550320716502.jpg\",\"contentUrl\":\"https:\\\/\\\/rotary.fi\\\/warkaus\\\/wp-content\\\/uploads\\\/sites\\\/48\\\/2019\\\/02\\\/img_20180815_171649_1_resized_20180816_082059249-e1550320716502.jpg\",\"width\":1984,\"height\":1488},{\"@type\":\"BreadcrumbList\",\"@id\":\"https:\\\/\\\/rotary.fi\\\/warkaus\\\/nuorisovaihdon-historiaa\\\/#breadcrumb\",\"itemListElement\":[{\"@type\":\"ListItem\",\"position\":1,\"name\":\"Home\",\"item\":\"https:\\\/\\\/rotary.fi\\\/warkaus\\\/\"},{\"@type\":\"ListItem\",\"position\":2,\"name\":\"Nuorisovaihdon historiaa\"}]},{\"@type\":\"WebSite\",\"@id\":\"https:\\\/\\\/rotary.fi\\\/warkaus\\\/#website\",\"url\":\"https:\\\/\\\/rotary.fi\\\/warkaus\\\/\",\"name\":\"Warkauden Rotaryklubi\",\"description\":\"Uusi Rotary klubisivusto\",\"potentialAction\":[{\"@type\":\"SearchAction\",\"target\":{\"@type\":\"EntryPoint\",\"urlTemplate\":\"https:\\\/\\\/rotary.fi\\\/warkaus\\\/?s={search_term_string}\"},\"query-input\":{\"@type\":\"PropertyValueSpecification\",\"valueRequired\":true,\"valueName\":\"search_term_string\"}}],\"inLanguage\":\"fi\"}]}<\/script>\n<!-- \/ Yoast SEO plugin. -->","yoast_head_json":{"title":"Nuorisovaihdon historiaa - Warkauden Rotaryklubi","robots":{"index":"index","follow":"follow","max-snippet":"max-snippet:-1","max-image-preview":"max-image-preview:large","max-video-preview":"max-video-preview:-1"},"canonical":"https:\/\/rotary.fi\/warkaus\/nuorisovaihdon-historiaa\/","og_locale":"fi_FI","og_type":"article","og_title":"Nuorisovaihdon historiaa - Warkauden Rotaryklubi","og_description":"&nbsp; Nuorisovaihtoa 2010 -2020:\u00a0 \u2013 Ezequiel D\u00b4Angelo Argentiinasta oli vaihdossa 2019-2020 - Ronja Ahlfors oli vaihdossa Argentiinassa 2019-2020\u00a0 - Mila Turunen oli vaihdossa Italiassa 2018-2019 - Ludovica Greco Italiasta oli vaihdossa 2018-2019 - Emma Kuusela oli Kanadassa\u00a0 ja palasi vaihdosta kes\u00e4ll\u00e4 2018 - Essi Valaja on palannut Austraaliasta\u00a0 \u2013Courtney Platt on palannut Austraaliaan\u00a0 \u2013Anni-Stiina R\u00e4s\u00e4nen [&hellip;]","og_url":"https:\/\/rotary.fi\/warkaus\/nuorisovaihdon-historiaa\/","og_site_name":"Warkauden Rotaryklubi","article_modified_time":"2020-08-06T17:28:15+00:00","og_image":[{"url":"https:\/\/rotary.fi\/warkaus\/wp-content\/uploads\/sites\/48\/2019\/02\/img_20180815_171649_1_resized_20180816_082059249-e1550320716502-300x225.jpg","type":"","width":"","height":""}],"twitter_card":"summary_large_image","twitter_misc":{"Arvioitu lukuaika":"2 minuuttia"},"schema":{"@context":"https:\/\/schema.org","@graph":[{"@type":"WebPage","@id":"https:\/\/rotary.fi\/warkaus\/nuorisovaihdon-historiaa\/","url":"https:\/\/rotary.fi\/warkaus\/nuorisovaihdon-historiaa\/","name":"Nuorisovaihdon historiaa - Warkauden Rotaryklubi","isPartOf":{"@id":"https:\/\/rotary.fi\/warkaus\/#website"},"primaryImageOfPage":{"@id":"https:\/\/rotary.fi\/warkaus\/nuorisovaihdon-historiaa\/#primaryimage"},"image":{"@id":"https:\/\/rotary.fi\/warkaus\/nuorisovaihdon-historiaa\/#primaryimage"},"thumbnailUrl":"https:\/\/rotary.fi\/warkaus\/wp-content\/uploads\/sites\/48\/2019\/02\/img_20180815_171649_1_resized_20180816_082059249-e1550320716502-300x225.jpg","datePublished":"2019-03-23T12:28:55+00:00","dateModified":"2020-08-06T17:28:15+00:00","breadcrumb":{"@id":"https:\/\/rotary.fi\/warkaus\/nuorisovaihdon-historiaa\/#breadcrumb"},"inLanguage":"fi","potentialAction":[{"@type":"ReadAction","target":["https:\/\/rotary.fi\/warkaus\/nuorisovaihdon-historiaa\/"]}]},{"@type":"ImageObject","inLanguage":"fi","@id":"https:\/\/rotary.fi\/warkaus\/nuorisovaihdon-historiaa\/#primaryimage","url":"https:\/\/rotary.fi\/warkaus\/wp-content\/uploads\/sites\/48\/2019\/02\/img_20180815_171649_1_resized_20180816_082059249-e1550320716502.jpg","contentUrl":"https:\/\/rotary.fi\/warkaus\/wp-content\/uploads\/sites\/48\/2019\/02\/img_20180815_171649_1_resized_20180816_082059249-e1550320716502.jpg","width":1984,"height":1488},{"@type":"BreadcrumbList","@id":"https:\/\/rotary.fi\/warkaus\/nuorisovaihdon-historiaa\/#breadcrumb","itemListElement":[{"@type":"ListItem","position":1,"name":"Home","item":"https:\/\/rotary.fi\/warkaus\/"},{"@type":"ListItem","position":2,"name":"Nuorisovaihdon historiaa"}]},{"@type":"WebSite","@id":"https:\/\/rotary.fi\/warkaus\/#website","url":"https:\/\/rotary.fi\/warkaus\/","name":"Warkauden Rotaryklubi","description":"Uusi Rotary klubisivusto","potentialAction":[{"@type":"SearchAction","target":{"@type":"EntryPoint","urlTemplate":"https:\/\/rotary.fi\/warkaus\/?s={search_term_string}"},"query-input":{"@type":"PropertyValueSpecification","valueRequired":true,"valueName":"search_term_string"}}],"inLanguage":"fi"}]}},"lang":"fi","translations":{"fi":1524},"pll_sync_post":[],"_links":{"self":[{"href":"https:\/\/rotary.fi\/warkaus\/wp-json\/wp\/v2\/pages\/1524","targetHints":{"allow":["GET"]}}],"collection":[{"href":"https:\/\/rotary.fi\/warkaus\/wp-json\/wp\/v2\/pages"}],"about":[{"href":"https:\/\/rotary.fi\/warkaus\/wp-json\/wp\/v2\/types\/page"}],"author":[{"embeddable":true,"href":"https:\/\/rotary.fi\/warkaus\/wp-json\/wp\/v2\/users\/106"}],"replies":[{"embeddable":true,"href":"https:\/\/rotary.fi\/warkaus\/wp-json\/wp\/v2\/comments?post=1524"}],"version-history":[{"count":13,"href":"https:\/\/rotary.fi\/warkaus\/wp-json\/wp\/v2\/pages\/1524\/revisions"}],"predecessor-version":[{"id":1782,"href":"https:\/\/rotary.fi\/warkaus\/wp-json\/wp\/v2\/pages\/1524\/revisions\/1782"}],"wp:attachment":[{"href":"https:\/\/rotary.fi\/warkaus\/wp-json\/wp\/v2\/media?parent=1524"}],"curies":[{"name":"wp","href":"https:\/\/api.w.org\/{rel}","templated":true}]}}