{"id":142,"date":"2018-08-10T14:04:45","date_gmt":"2018-08-10T11:04:45","guid":{"rendered":"https:\/\/rotary.fi\/klubi2\/?page_id=142"},"modified":"2019-10-21T21:23:12","modified_gmt":"2019-10-21T18:23:12","slug":"ilo-esitella","status":"publish","type":"page","link":"https:\/\/rotary.fi\/warkaus\/keita-olemme\/ilo-esitella\/","title":{"rendered":"Ilo esitell\u00e4"},"content":{"rendered":"<p>[et_pb_section fb_built=&#8221;1&#8243; module_class=&#8221;jumbotron-page&#8221; _builder_version=&#8221;3.22&#8243; background_image=&#8221;https:\/\/rotary.fi\/warkaus\/wp-content\/uploads\/sites\/48\/2018\/10\/rotary_klubit_alasivu_paakuva_14.jpg&#8221; bb_built=&#8221;1&#8243; _i=&#8221;0&#8243; _address=&#8221;0&#8243;][et_pb_row _builder_version=&#8221;3.25&#8243; background_size=&#8221;initial&#8221; background_position=&#8221;top_left&#8221; background_repeat=&#8221;repeat&#8221; _i=&#8221;0&#8243; _address=&#8221;0.0&#8243;][et_pb_column type=&#8221;4_4&#8243; _builder_version=&#8221;3.25&#8243; custom_padding=&#8221;|||&#8221; _i=&#8221;0&#8243; _address=&#8221;0.0.0&#8243; custom_padding__hover=&#8221;|||&#8221;][et_pb_text admin_label=&#8221;P\u00e4\u00e4otsikko&#8221; _builder_version=&#8221;3.27.4&#8243; text_orientation=&#8221;center&#8221; background_layout=&#8221;dark&#8221; _i=&#8221;0&#8243; _address=&#8221;0.0.0.0&#8243;]<\/p>\n<h1>Ilo esitell\u00e4<\/h1>\n<p>[\/et_pb_text][\/et_pb_column][\/et_pb_row][\/et_pb_section][et_pb_section fb_built=&#8221;1&#8243; specialty=&#8221;on&#8221; module_class_2=&#8221;sivupalkki&#8221; _builder_version=&#8221;3.22&#8243; bb_built=&#8221;1&#8243; _i=&#8221;1&#8243; _address=&#8221;1&#8243;][et_pb_column type=&#8221;2_3&#8243; specialty_columns=&#8221;2&#8243; _builder_version=&#8221;3.25&#8243; custom_padding=&#8221;|||&#8221; _i=&#8221;0&#8243; _address=&#8221;1.0&#8243; custom_padding__hover=&#8221;|||&#8221;][et_pb_row_inner admin_label=&#8221;Rivi&#8221; _builder_version=&#8221;3.25&#8243; _i=&#8221;0&#8243; _address=&#8221;1.0.0&#8243;][et_pb_column_inner saved_specialty_column_type=&#8221;2_3&#8243; _builder_version=&#8221;3.25&#8243; custom_padding=&#8221;|||&#8221; _i=&#8221;0&#8243; _address=&#8221;1.0.0.0&#8243; custom_padding__hover=&#8221;|||&#8221;][et_pb_text admin_label=&#8221;Ilo esitell\u00e4 &#8211; Otsikko&#8221; _builder_version=&#8221;3.27.4&#8243; text_orientation=&#8221;center&#8221; _i=&#8221;0&#8243; _address=&#8221;1.0.0.0.0&#8243;]<\/p>\n<h1>Ilo esitell\u00e4<\/h1>\n<p>&nbsp;<\/p>\n<p>&nbsp;<\/p>\n<h1>Erkki Makkonen, rotarytoimintaa puoli vuosisataa 100% aktiivisuudella<\/h1>\n<p>[\/et_pb_text][et_pb_image src=&#8221;https:\/\/rotary.fi\/warkaus\/wp-content\/uploads\/sites\/48\/2019\/10\/erkki_golf.jpg&#8221; align_tablet=&#8221;center&#8221; align_last_edited=&#8221;on|desktop&#8221; _builder_version=&#8221;3.29.3&#8243; hover_enabled=&#8221;0&#8243; _i=&#8221;1&#8243; _address=&#8221;1.0.0.0.1&#8243;][\/et_pb_image][et_pb_text _builder_version=&#8221;3.29.3&#8243; hover_enabled=&#8221;0&#8243;]<\/p>\n<p><b>Erkki Makkonen on ollut esimerkillisen aktiivinen ja tunnollinen rotary. H\u00e4nen osallistumisensa rotary-kokouksiin ylt\u00e4\u00e4 sataan prosenttiin \u2013 jopa ylitt\u00e4\u00e4 sen.\u00a0<\/b><\/p>\n<p><span style=\"font-weight: 400\">Erkki Makkosesta tuli rotary vuonna 1967, silloin h\u00e4nen j\u00e4senyytens\u00e4 Taulum\u00e4en Rotaryklubissa alkoi. Rotaryj\u00e4senyys jatkuu edelleen, nykyisin Warkauden Rotaryklubissa, johon Taulum\u00e4en klubi yhdistettiin vuonna 2005. T\u00e4ll\u00e4 toimintakaudella 2019-2020 h\u00e4n on Warkauden Rotaryklubin presidentti.\u00a0<\/span><\/p>\n<p><span style=\"font-weight: 400\">Tarina kertoo, ett\u00e4 poissaolomerkint\u00e4 on tullut vain kahdesta oman klubin kokouksesta, syyskuussa vuonna 1969. Niit\u00e4k\u00e4\u00e4n ei olisi tullut, jos klubi olisi suostunut siirt\u00e4m\u00e4\u00e4n kokouksensa sairaalan osastolla pidett\u00e4v\u00e4ksi. Sen j\u00e4lkeen Erkki Makkosen osallistuminen klubikokouksiin on ollut yht\u00e4 varmaa kuin auringonnousu aamuisin, 50 vuotta t\u00e4ydet 100%.<\/span><\/p>\n<p><span style=\"font-weight: 400\">Aktiivinenkaan rotary ei kuitenkaan voi olla l\u00e4sn\u00e4 joka ainoassa oman klubin kokouksessa. Matkustaessaan kotimaassa ja ulkomailla Erkki on tunnollisesti k\u00e4ynyt \u201dpaikkaamassa\u201d. H\u00e4n on vieraillut muuan muassa Tokion, Hongkongin, Kuala Lumpurin, Los Angelesin, Wienin ja monien muiden rotaryklubien kokouksissa. Vierailut ovat avartaneet mielikuvaa rotary-toiminnasta muualla ja rakentaneet rotary-yst\u00e4vien verkostoa yli oman maan rajojen. El\u00e4kkeelle j\u00e4\u00e4ty\u00e4\u00e4n Erkki on viett\u00e4nyt monta talvea Thaimaassa rakkaan harrastuksensa golfin parissa ja osallistunut siell\u00e4 rotarykokouksiin.\u00a0<\/span><\/p>\n<p><span style=\"font-weight: 400\">Rotary-golfiin Erkki on ottanut osaa jo 25 vuoden ajan, ura alkoi Kuopiossa vuonna 1993. Taidoista kertoo kisamenestys: yksi maailmanmestaruus, nelj\u00e4 Pohjoismaiden mestaruutta ja yksi Suomen mestaruus, lis\u00e4ksi lukuisia palkintosijoja. Menestyst\u00e4 ja mestaruuksia on tietenkin tullut my\u00f6s pienemmiss\u00e4 kisoissa. Rotarypiirin ja oman klubin kisoja Erkki on ollut my\u00f6s j\u00e4rjest\u00e4m\u00e4ss\u00e4, ja n\u00e4in viel\u00e4 parantanut osallistumisaktiivisuuttaan reilusti yli sadan prosentin. L\u00f6ytyyk\u00f6 Erkin voittanutta?<\/span><\/p>\n<p>&nbsp;<\/p>\n<p>[\/et_pb_text][et_pb_image src=&#8221;https:\/\/rotary.fi\/warkaus\/wp-content\/uploads\/sites\/48\/2019\/02\/img_20180815_171649_1_resized_20180816_082059249-e1550320716502.jpg&#8221; align_tablet=&#8221;center&#8221; align_last_edited=&#8221;on|desktop&#8221; _builder_version=&#8221;3.23&#8243; _i=&#8221;1&#8243; _address=&#8221;1.0.0.0.1&#8243;][\/et_pb_image][et_pb_text _builder_version=&#8221;3.27.4&#8243; _i=&#8221;2&#8243; _address=&#8221;1.0.0.0.2&#8243;]<\/p>\n<p><span style=\"color: #8300e9\"><strong><\/strong><\/span><\/p>\n<h1><strong>Nuoriso<\/strong>vaihtoa 2010-2017<\/h1>\n<p>&nbsp;<\/p>\n<h4><\/h4>\n<p>&nbsp;<\/p>\n<p>&nbsp;<\/p>\n<p><big><span>\u2013Essi Valaja on palannut Austraaliasta\u00a0<\/span><\/big><\/p>\n<p><span>\u2013Courtney Platt on palannut Austraaliaan\u00a0<\/span><\/p>\n<p><span>\u2013Anni-Stiina R\u00e4s\u00e4nen on Ranskassa\u00a0<\/span><\/p>\n<p><span>\u2013Florence Donfut Belgiasta l\u00e4hti kotiin<\/span><\/p>\n<p><span>\u2013Anni-Stiina R\u00e4s\u00e4nen on palannut Ranskasta<\/span><\/p>\n<p><span>\u2013Arttu Moisio l\u00e4htee USAan<\/span><\/p>\n<p><span>\u2013Sinttu Kauhanen l\u00e4htee kes\u00e4vaihtoon<\/span><\/p>\n<p><span>\u2013Aurelia Flamond Belgiasta tulee kes\u00e4vaihtoon<\/span><\/p>\n<p>-Arttu Moisio on palannut USAsta<\/p>\n<p><span>\u2013Outi H\u00e4m\u00e4l\u00e4inen l\u00e4hti vuosivaihtoon Austraaliaan hein\u00e4kuussa 2012<\/span><\/p>\n<p><span>-Amy Lorimer Austraaliasta saapui vuosivaihtoon tammikuussa 2013<\/span><\/p>\n<p><big>&#8211;<\/big><big><span>Outi H\u00e4m\u00e4l\u00e4inen palasi Austraaliasta hein\u00e4kuussa 2013<\/span><\/big><big><span>\u00a0<br \/><\/span><\/big><span><\/span><\/p>\n<dl>\n<dt><big><span>-Emma V\u00e4liaho l\u00e4hti vuosivaihtoon Meksikoon hein\u00e4kuussa 2013<\/span><\/big><\/dt>\n<dt><big><span>\u00a0\u00a0 Emman kuulumisia voi seurata osoitteessa<\/span><\/big><\/dt>\n<dt><big><span><\/span><\/big><\/dt>\n<dt><big><span>\u00a0<a href=\"http:\/\/vuosimexicossa.blogspot.fi\/2013\/06\/tasta-lahtee.html\" target=\"_blank\" rel=\"noopener noreferrer\">http:\/\/vuosimexicossa.blogspot.fi\/2013\/06\/tasta-lahtee.html<\/a><\/span><\/big><\/dt>\n<dd><\/dd>\n<dt><big><span>&#8211;<\/span><\/big><big><span>Erika Gutierrez Gargia Meksiko, saapui vuosivaihtoon elokuussa 2013<\/span><\/big><\/dt>\n<dt><big><big><span>\u00a0\u00a0\u00a0\u00a0\u00a0\u00a0\u00a0\u00a0 -Erika palasi Meksikoon kes\u00e4kuussa 2014\u00a0 \u00a0 \u00a0<\/span><\/big><\/big><\/dt>\n<dt>\n<h4><\/h4>\n<h4><span style=\"font-size: medium;color: #000000\"><big><big><small>Saila Alikosken terveisi\u00e4 USAsta<\/small>\u00a0<small><a href=\"http:\/\/piirit.rotary.fi\/1430\/warkaus\/nuorisovaihto.html#saila\" style=\"color: #000000\">t\u00e4ss\u00e4<\/a><\/small><\/big><\/big><\/span><\/h4>\n<h4><span style=\"font-size: medium;color: #000000\"><big>Essi Valajan terveisi\u00e4 Austraaliasta\u00a0<a href=\"http:\/\/piirit.rotary.fi\/1430\/warkaus\/nuorisovaihto.html#essiv\" style=\"color: #000000\">t\u00e4ss\u00e4<\/a><\/big><\/span><\/h4>\n<h4><span style=\"font-size: medium;color: #000000\"><big>Anni-Stiina R\u00e4s\u00e4sen terveiset Ranskasta\u00a0<a href=\"http:\/\/piirit.rotary.fi\/1430\/warkaus\/nuorisovaihto.html#annistiina\" style=\"color: #000000\">t\u00e4ss\u00e4<\/a><\/big><\/span><\/h4>\n<h4><span style=\"font-size: medium;color: #000000\"><big>Kes\u00e4vaihtarit Aurelia Flamond ja Sinikka Kauhanen<a href=\"http:\/\/piirit.rotary.fi\/1430\/warkaus\/nuorisovaihto.html#sinttu\" style=\"color: #000000\">\u00a0t\u00e4ss\u00e4<\/a><\/big><\/span><\/h4>\n<h4><span style=\"font-size: medium;color: #000000\"><big>Arttu Moision kuvia USAsta\u00a0<a href=\"http:\/\/piirit.rotary.fi\/1430\/warkaus\/nuorisovaihto.html#arttu\" style=\"color: #000000\">t\u00e4ss\u00e4<\/a><\/big><\/span><\/h4>\n<\/dt>\n<\/dl>\n<p><big><span>Outi H\u00e4m\u00e4l\u00e4isen ensimm\u00e4iset kuvat Perth`st\u00e4 Austraaliasta\u00a0<a href=\"http:\/\/piirit.rotary.fi\/1430\/warkaus\/nuorisovaihto.html#OutiA\">t\u00e4ss\u00e4<\/a><\/span><\/big><\/p>\n<p>Amy Lorimer kertoo vuodestaan\u00a0 Varkaudessa,\u00a0<a href=\"http:\/\/piirit.rotary.fi\/1430\/warkaus\/nuorisovaihto.html#Amy\">kuva<\/a>.<\/p>\n<p><big><\/big><big><span>Emma V\u00e4liaho kertoo vuodestaan\u00a0 Meksikossa,\u00a0<a href=\"http:\/\/piirit.rotary.fi\/1430\/warkaus\/nuorisovaihto.html#Emma\">kuva<\/a>.<\/span><\/big><\/p>\n<p>Emmi Hiltunen esitt\u00e4ytyi Klubille 3.6.2015, h\u00e4n l\u00e4hteen vuosivaihtoon\u00a0<\/p>\n<p>Brasiliaan,\u00a0<a href=\"http:\/\/piirit.rotary.fi\/1430\/warkaus\/nuorisovaihto.html#emmihpp\">kuva<\/a><big><big>.<small><span>\u00a0<\/span><\/small><\/big><big><small><small>Emmin kuulumisia voit lukea osoitteessa<\/small><\/small><\/big><\/big><\/p>\n<p><big><big><small><small><\/small><\/small><\/big><\/big><big><big><big><big><big><big><big><span><a href=\"http:\/\/emmisyear.blogspot.fi\/?m=1\">http:\/\/emmisyear.blogspot.fi\/?m=1<\/a><\/span><\/big><\/big><\/big><\/big><\/big><\/big><\/big><\/p>\n<p><big><big>Guilherme Kravutsche Gomes de Angelo saapui Varkauteen 8.8.2015,<big>\u00a0<\/big><\/big><\/big><a href=\"http:\/\/piirit.rotary.fi\/1430\/warkaus\/nuorisovaihto.html#GH\">kuva<\/a><\/p>\n<p><big><big><big><big><big><big><big><big><span>Guilherme Kravutsche Gomes de Angelo= Gigi piti 6.4.2016 esitelm\u00e4n<br \/>Brasiliasta\u00a0 suomeksi ja vastaili kysymyksiin hyv\u00e4ll\u00e4 suomenkielell\u00e4,\u00a0<\/span><\/big><\/big><\/big><\/big><\/big><\/big><\/big><\/big><big><big><big><big><big><big><big><span><\/span><\/big><\/big><\/big><\/big><\/big><\/big><\/big><a href=\"http:\/\/piirit.rotary.fi\/1430\/warkaus\/nuorisovaihto.html#esitelmaG\">kuva<\/a><br \/><big><big><big><big><big><big><big><big><span><br \/>Guilherme Kravutsche Gomes de Angelo= Gigi piti 25.5.2016 esitelm\u00e4n vuodes-<br \/>taan Suomessa\u00a0 suomeksi ja vastaili kysymyksiin hyv\u00e4ll\u00e4 suomekielell\u00e4,\u00a0<\/span><\/big><\/big><\/big><\/big><\/big><\/big><\/big><\/big><big><big><big><big><big><big><big><big><span><\/span><\/big><\/big><\/big><\/big><\/big><\/big><\/big><\/big><big><big><big><big><big><big><big><span><\/span><\/big><\/big><\/big><\/big><\/big><\/big><\/big><big><big><big><big><big><big><big><big><span><\/span><\/big><\/big><\/big><\/big><\/big><\/big><\/big><\/big><big><a href=\"http:\/\/piirit.rotary.fi\/1430\/warkaus\/nuorisovaihto.html#esitelmaG\">kuva<\/a><br \/><\/big><big><big><big><big><big><big><big><big><span><br \/>Gigi palasi kotiinsa Brasiliaan 6.7.2016<\/span><\/big><\/big><\/big><\/big><\/big><\/big><\/big><\/big><\/p>\n<p><big><big><big>Heidi Lehtonen oli kes\u00e4vaihdossa Sisilian Cataniassa, Maura Patane Cataniasta\u00a0 tuli Varkauteen,<a href=\"http:\/\/piirit.rotary.fi\/1430\/warkaus\/nuorisovaihto.html#H&amp;M\">\u00a0<\/a><\/big><\/big><\/big><big><a href=\"http:\/\/piirit.rotary.fi\/1430\/warkaus\/nuorisovaihto.html#HM\">kuva<\/a><\/big><big><\/big><\/p>\n<p><big><span>Elli V\u00e4liaho oli kes\u00e4vaihdossa Kanadassa, Danielle Hiltz Kanadasta tuli Varkauteen,<\/span><\/big><big><big><big><big><big><big><big><big><span><\/span><\/big><\/big><\/big><\/big><\/big><\/big><\/big><\/big><big><big><big><big><big><big><big><big><span>\u00a0<a href=\"http:\/\/piirit.rotary.fi\/1430\/warkaus\/nuorisovaihto.html#DE\">kuva<\/a><\/span><\/big><\/big><\/big><\/big><\/big><\/big><\/big><\/big><\/p>\n<p>Noora Nurmi oli\u00a0 leirivaihdossa Italiassa Garda-j\u00e4rven l\u00e4hell\u00e4.\u00a0\u00a0<a href=\"http:\/\/piirit.rotary.fi\/1430\/warkaus\/nuorisovaihto.html#NooraNurmi\">kuva<\/a>\u00a0<\/p>\n<p><big><big><big>Emma M\u00e4h\u00f6nen l\u00e4hti 8.8.2016 vuosivaihtoon USAan. Palasi .<\/big><\/big><\/big><a href=\"http:\/\/piirit.rotary.fi\/1430\/warkaus\/nuorisovaihto.html#EmmaM\"><big><big><big><big><big><big><big><big><span>kuva<\/span><\/big><\/big><\/big><\/big><\/big><\/big><\/big><\/big><\/a><br \/><big><big><big><big><big><big><big><big><span><br \/><\/span><\/big><\/big><\/big><\/big><\/big><\/big><\/big><\/big><big><big><big><big><big><big><big><big><span>William &#8221;Billy&#8221; Kroes, Michigan USA, saapui vuosivaihtoon 15.8.2016<br \/>Billy palasi kotiinsa Michiganiin 6.7.2017 .\u00a0\u00a0<a href=\"http:\/\/piirit.rotary.fi\/1430\/warkaus\/nuorisovaihto.html#Billy\">kuva<\/a><\/span><\/big><\/big><\/big><\/big><\/big><\/big><\/big><\/big><\/p>\n<p><big><big><big>Emmi Hiltunen kertoi vuodestaan Brasiliassa 24.8.2016.\u00a0<\/big><\/big><\/big><big><big><big><big><big><big><big><big><span><a href=\"http:\/\/piirit.rotary.fi\/1430\/warkaus\/nuorisovaihto.html#EmmiH\">kuva<\/a><\/span><\/big><\/big><\/big><\/big><\/big><\/big><\/big><\/big><\/p>\n<p>Miranda Jordens, Kanada, saapui Varkauteen\u00a0 12.8.2017.\u00a0 Mranda kertoi vuodestaan Suomessa 30.5.2018\u00a0<a href=\"http:\/\/piirit.rotary.fi\/1430\/warkaus\/nuorisovaihto.html#Miranda\">kuva<\/a><\/p>\n<p>Emma Kuusela, joka l\u00e4htee Kanadaan vuosivaihtoon, esitt\u00e4ytyi Klubilla 16.8.2016.\u00a0<a href=\"http:\/\/piirit.rotary.fi\/1430\/warkaus\/nuorisovaihto.html#EmmaKuu\">kuva<\/a><\/p>\n<p>Mila Turunen l\u00e4htee vuosivaihtoon Italiaan.\u00a0<a href=\"http:\/\/piirit.rotary.fi\/1430\/warkaus\/nuorisovaihto.html#Mila\">kuva<\/a><\/p>\n<p><big><big><big>Ludovica &#8221;Dudu&#8221; Greco saapui vuosivaihtoon 11.8.2018.\u00a0<a href=\"http:\/\/piirit.rotary.fi\/1430\/warkaus\/nuorisovaihto.html#Dudu\">kuva<\/a><\/big><\/big><\/big><\/p>\n<dl>\n<dt>\n<h4><\/h4>\n<p>&nbsp;<\/p>\n<\/dt>\n<\/dl>\n<p>[\/et_pb_text][\/et_pb_column_inner][\/et_pb_row_inner][\/et_pb_column][et_pb_column type=&#8221;1_3&#8243; _builder_version=&#8221;3.25&#8243; custom_padding=&#8221;|||&#8221; _i=&#8221;1&#8243; _address=&#8221;1.1&#8243; custom_padding__hover=&#8221;|||&#8221;][et_pb_sidebar area=&#8221;sidebar-1&#8243; module_class=&#8221;sivupalkki_sisalto&#8221; _builder_version=&#8221;3.4.1&#8243; locked=&#8221;on&#8221; _i=&#8221;0&#8243; _address=&#8221;1.1.0&#8243;]<br \/>\n[\/et_pb_sidebar][\/et_pb_column][\/et_pb_section]<\/p>\n","protected":false},"excerpt":{"rendered":"<p>Ilo esitell\u00e4 Ilo esitell\u00e4 &nbsp; &nbsp; Erkki Makkonen, rotarytoimintaa puoli vuosisataa 100% aktiivisuudellaErkki Makkonen on ollut esimerkillisen aktiivinen ja tunnollinen rotary. H\u00e4nen osallistumisensa rotary-kokouksiin ylt\u00e4\u00e4 sataan prosenttiin \u2013 jopa ylitt\u00e4\u00e4 sen.\u00a0 Erkki Makkosesta tuli rotary vuonna 1967, silloin h\u00e4nen j\u00e4senyytens\u00e4 Taulum\u00e4en Rotaryklubissa alkoi. Rotaryj\u00e4senyys jatkuu edelleen, nykyisin Warkauden Rotaryklubissa, johon Taulum\u00e4en klubi yhdistettiin vuonna 2005. [&hellip;]<\/p>\n","protected":false},"author":1,"featured_media":0,"parent":129,"menu_order":0,"comment_status":"closed","ping_status":"closed","template":"","meta":{"_acf_changed":false,"_et_pb_use_builder":"on","_et_pb_old_content":"","_et_gb_content_width":"","footnotes":""},"class_list":["post-142","page","type-page","status-publish","hentry"],"acf":[],"yoast_head":"<!-- This site is optimized with the Yoast SEO plugin v27.4 - https:\/\/yoast.com\/product\/yoast-seo-wordpress\/ -->\n<title>Ilo esitell\u00e4 - Warkauden Rotaryklubi<\/title>\n<meta name=\"robots\" content=\"index, follow, max-snippet:-1, max-image-preview:large, max-video-preview:-1\" \/>\n<link rel=\"canonical\" href=\"https:\/\/rotary.fi\/warkaus\/keita-olemme\/ilo-esitella\/\" \/>\n<meta property=\"og:locale\" content=\"fi_FI\" \/>\n<meta property=\"og:type\" content=\"article\" \/>\n<meta property=\"og:title\" content=\"Ilo esitell\u00e4 - Warkauden Rotaryklubi\" \/>\n<meta property=\"og:description\" content=\"Ilo esitell\u00e4 Ilo esitell\u00e4 &nbsp; &nbsp; Erkki Makkonen, rotarytoimintaa puoli vuosisataa 100% aktiivisuudellaErkki Makkonen on ollut esimerkillisen aktiivinen ja tunnollinen rotary. H\u00e4nen osallistumisensa rotary-kokouksiin ylt\u00e4\u00e4 sataan prosenttiin \u2013 jopa ylitt\u00e4\u00e4 sen.\u00a0 Erkki Makkosesta tuli rotary vuonna 1967, silloin h\u00e4nen j\u00e4senyytens\u00e4 Taulum\u00e4en Rotaryklubissa alkoi. Rotaryj\u00e4senyys jatkuu edelleen, nykyisin Warkauden Rotaryklubissa, johon Taulum\u00e4en klubi yhdistettiin vuonna 2005. [&hellip;]\" \/>\n<meta property=\"og:url\" content=\"https:\/\/rotary.fi\/warkaus\/keita-olemme\/ilo-esitella\/\" \/>\n<meta property=\"og:site_name\" content=\"Warkauden Rotaryklubi\" \/>\n<meta property=\"article:modified_time\" content=\"2019-10-21T18:23:12+00:00\" \/>\n<meta name=\"twitter:card\" content=\"summary_large_image\" \/>\n<meta name=\"twitter:label1\" content=\"Arvioitu lukuaika\" \/>\n\t<meta name=\"twitter:data1\" content=\"4 minuuttia\" \/>\n<script type=\"application\/ld+json\" class=\"yoast-schema-graph\">{\"@context\":\"https:\\\/\\\/schema.org\",\"@graph\":[{\"@type\":\"WebPage\",\"@id\":\"https:\\\/\\\/rotary.fi\\\/warkaus\\\/keita-olemme\\\/ilo-esitella\\\/\",\"url\":\"https:\\\/\\\/rotary.fi\\\/warkaus\\\/keita-olemme\\\/ilo-esitella\\\/\",\"name\":\"Ilo esitell\u00e4 - Warkauden Rotaryklubi\",\"isPartOf\":{\"@id\":\"https:\\\/\\\/rotary.fi\\\/warkaus\\\/#website\"},\"datePublished\":\"2018-08-10T11:04:45+00:00\",\"dateModified\":\"2019-10-21T18:23:12+00:00\",\"breadcrumb\":{\"@id\":\"https:\\\/\\\/rotary.fi\\\/warkaus\\\/keita-olemme\\\/ilo-esitella\\\/#breadcrumb\"},\"inLanguage\":\"fi\",\"potentialAction\":[{\"@type\":\"ReadAction\",\"target\":[\"https:\\\/\\\/rotary.fi\\\/warkaus\\\/keita-olemme\\\/ilo-esitella\\\/\"]}]},{\"@type\":\"BreadcrumbList\",\"@id\":\"https:\\\/\\\/rotary.fi\\\/warkaus\\\/keita-olemme\\\/ilo-esitella\\\/#breadcrumb\",\"itemListElement\":[{\"@type\":\"ListItem\",\"position\":1,\"name\":\"Home\",\"item\":\"https:\\\/\\\/rotary.fi\\\/warkaus\\\/\"},{\"@type\":\"ListItem\",\"position\":2,\"name\":\"Keit\u00e4 olemme\",\"item\":\"https:\\\/\\\/rotary.fi\\\/warkaus\\\/keita-olemme\\\/\"},{\"@type\":\"ListItem\",\"position\":3,\"name\":\"Ilo esitell\u00e4\"}]},{\"@type\":\"WebSite\",\"@id\":\"https:\\\/\\\/rotary.fi\\\/warkaus\\\/#website\",\"url\":\"https:\\\/\\\/rotary.fi\\\/warkaus\\\/\",\"name\":\"Warkauden Rotaryklubi\",\"description\":\"Uusi Rotary klubisivusto\",\"potentialAction\":[{\"@type\":\"SearchAction\",\"target\":{\"@type\":\"EntryPoint\",\"urlTemplate\":\"https:\\\/\\\/rotary.fi\\\/warkaus\\\/?s={search_term_string}\"},\"query-input\":{\"@type\":\"PropertyValueSpecification\",\"valueRequired\":true,\"valueName\":\"search_term_string\"}}],\"inLanguage\":\"fi\"}]}<\/script>\n<!-- \/ Yoast SEO plugin. -->","yoast_head_json":{"title":"Ilo esitell\u00e4 - Warkauden Rotaryklubi","robots":{"index":"index","follow":"follow","max-snippet":"max-snippet:-1","max-image-preview":"max-image-preview:large","max-video-preview":"max-video-preview:-1"},"canonical":"https:\/\/rotary.fi\/warkaus\/keita-olemme\/ilo-esitella\/","og_locale":"fi_FI","og_type":"article","og_title":"Ilo esitell\u00e4 - Warkauden Rotaryklubi","og_description":"Ilo esitell\u00e4 Ilo esitell\u00e4 &nbsp; &nbsp; Erkki Makkonen, rotarytoimintaa puoli vuosisataa 100% aktiivisuudellaErkki Makkonen on ollut esimerkillisen aktiivinen ja tunnollinen rotary. H\u00e4nen osallistumisensa rotary-kokouksiin ylt\u00e4\u00e4 sataan prosenttiin \u2013 jopa ylitt\u00e4\u00e4 sen.\u00a0 Erkki Makkosesta tuli rotary vuonna 1967, silloin h\u00e4nen j\u00e4senyytens\u00e4 Taulum\u00e4en Rotaryklubissa alkoi. Rotaryj\u00e4senyys jatkuu edelleen, nykyisin Warkauden Rotaryklubissa, johon Taulum\u00e4en klubi yhdistettiin vuonna 2005. [&hellip;]","og_url":"https:\/\/rotary.fi\/warkaus\/keita-olemme\/ilo-esitella\/","og_site_name":"Warkauden Rotaryklubi","article_modified_time":"2019-10-21T18:23:12+00:00","twitter_card":"summary_large_image","twitter_misc":{"Arvioitu lukuaika":"4 minuuttia"},"schema":{"@context":"https:\/\/schema.org","@graph":[{"@type":"WebPage","@id":"https:\/\/rotary.fi\/warkaus\/keita-olemme\/ilo-esitella\/","url":"https:\/\/rotary.fi\/warkaus\/keita-olemme\/ilo-esitella\/","name":"Ilo esitell\u00e4 - Warkauden Rotaryklubi","isPartOf":{"@id":"https:\/\/rotary.fi\/warkaus\/#website"},"datePublished":"2018-08-10T11:04:45+00:00","dateModified":"2019-10-21T18:23:12+00:00","breadcrumb":{"@id":"https:\/\/rotary.fi\/warkaus\/keita-olemme\/ilo-esitella\/#breadcrumb"},"inLanguage":"fi","potentialAction":[{"@type":"ReadAction","target":["https:\/\/rotary.fi\/warkaus\/keita-olemme\/ilo-esitella\/"]}]},{"@type":"BreadcrumbList","@id":"https:\/\/rotary.fi\/warkaus\/keita-olemme\/ilo-esitella\/#breadcrumb","itemListElement":[{"@type":"ListItem","position":1,"name":"Home","item":"https:\/\/rotary.fi\/warkaus\/"},{"@type":"ListItem","position":2,"name":"Keit\u00e4 olemme","item":"https:\/\/rotary.fi\/warkaus\/keita-olemme\/"},{"@type":"ListItem","position":3,"name":"Ilo esitell\u00e4"}]},{"@type":"WebSite","@id":"https:\/\/rotary.fi\/warkaus\/#website","url":"https:\/\/rotary.fi\/warkaus\/","name":"Warkauden Rotaryklubi","description":"Uusi Rotary klubisivusto","potentialAction":[{"@type":"SearchAction","target":{"@type":"EntryPoint","urlTemplate":"https:\/\/rotary.fi\/warkaus\/?s={search_term_string}"},"query-input":{"@type":"PropertyValueSpecification","valueRequired":true,"valueName":"search_term_string"}}],"inLanguage":"fi"}]}},"lang":"fi","translations":{"fi":142},"pll_sync_post":[],"_links":{"self":[{"href":"https:\/\/rotary.fi\/warkaus\/wp-json\/wp\/v2\/pages\/142","targetHints":{"allow":["GET"]}}],"collection":[{"href":"https:\/\/rotary.fi\/warkaus\/wp-json\/wp\/v2\/pages"}],"about":[{"href":"https:\/\/rotary.fi\/warkaus\/wp-json\/wp\/v2\/types\/page"}],"author":[{"embeddable":true,"href":"https:\/\/rotary.fi\/warkaus\/wp-json\/wp\/v2\/users\/1"}],"replies":[{"embeddable":true,"href":"https:\/\/rotary.fi\/warkaus\/wp-json\/wp\/v2\/comments?post=142"}],"version-history":[{"count":11,"href":"https:\/\/rotary.fi\/warkaus\/wp-json\/wp\/v2\/pages\/142\/revisions"}],"predecessor-version":[{"id":1699,"href":"https:\/\/rotary.fi\/warkaus\/wp-json\/wp\/v2\/pages\/142\/revisions\/1699"}],"up":[{"embeddable":true,"href":"https:\/\/rotary.fi\/warkaus\/wp-json\/wp\/v2\/pages\/129"}],"wp:attachment":[{"href":"https:\/\/rotary.fi\/warkaus\/wp-json\/wp\/v2\/media?parent=142"}],"curies":[{"name":"wp","href":"https:\/\/api.w.org\/{rel}","templated":true}]}}