{"id":138,"date":"2018-08-10T14:01:44","date_gmt":"2018-08-10T11:01:44","guid":{"rendered":"https:\/\/rotary.fi\/klubi2\/?page_id=138"},"modified":"2025-10-07T22:27:23","modified_gmt":"2025-10-07T19:27:23","slug":"vuositeema","status":"publish","type":"page","link":"https:\/\/rotary.fi\/warkaus\/keita-olemme\/vuositeema\/","title":{"rendered":"Vuositeema"},"content":{"rendered":"<p>[et_pb_section fb_built=&#8221;1&#8243; module_class=&#8221;jumbotron-page&#8221; _builder_version=&#8221;4.16&#8243; background_image=&#8221;https:\/\/rotary.fi\/warkaus\/wp-content\/uploads\/sites\/48\/2018\/08\/rotary_klubit_alasivu_paakuva_7.jpg&#8221; global_colors_info=&#8221;{}&#8221;][et_pb_row _builder_version=&#8221;4.16&#8243; background_size=&#8221;initial&#8221; background_position=&#8221;top_left&#8221; background_repeat=&#8221;repeat&#8221; global_colors_info=&#8221;{}&#8221;][et_pb_column type=&#8221;4_4&#8243; _builder_version=&#8221;4.16&#8243; custom_padding=&#8221;|||&#8221; global_colors_info=&#8221;{}&#8221; custom_padding__hover=&#8221;|||&#8221;][et_pb_text admin_label=&#8221;P\u00e4\u00e4otsikko&#8221; _builder_version=&#8221;4.16&#8243; text_orientation=&#8221;center&#8221; background_layout=&#8221;dark&#8221; global_colors_info=&#8221;{}&#8221;]<\/p>\n<h1>Vuositeema<\/h1>\n<p>&nbsp;<\/p>\n<p>[\/et_pb_text][\/et_pb_column][\/et_pb_row][\/et_pb_section][et_pb_section fb_built=&#8221;1&#8243; specialty=&#8221;on&#8221; module_class_2=&#8221;sivupalkki&#8221; _builder_version=&#8221;4.16&#8243; global_colors_info=&#8221;{}&#8221;][et_pb_column type=&#8221;2_3&#8243; specialty_columns=&#8221;2&#8243; _builder_version=&#8221;4.16&#8243; custom_padding=&#8221;|||&#8221; global_colors_info=&#8221;{}&#8221; parallax__hover=&#8221;off&#8221; parallax_method__hover=&#8221;on&#8221; custom_padding__hover=&#8221;|||&#8221;][et_pb_row_inner column_structure=&#8221;1_4,1_4,1_4,1_4&#8243; admin_label=&#8221;Rivi&#8221; _builder_version=&#8221;4.16&#8243; global_colors_info=&#8221;{}&#8221;][et_pb_column_inner type=&#8221;1_4&#8243; saved_specialty_column_type=&#8221;2_3&#8243; _builder_version=&#8221;4.16&#8243; custom_padding=&#8221;|||&#8221; custom_css_main_element=&#8221;width:24%!important;&#8221; global_colors_info=&#8221;{}&#8221; parallax__hover=&#8221;off&#8221; parallax_method__hover=&#8221;on&#8221; custom_css_main__hover=&#8221;width:24%!important;&#8221; custom_padding__hover=&#8221;|||&#8221;][et_pb_image src=&#8221;https:\/\/rotary.fi\/warkaus\/wp-content\/uploads\/sites\/48\/2025\/10\/pm2526-bc-social-rotary-azure-1080&#215;1080-en-us.png&#8221; title_text=&#8221;PM2526-BC-SOCIAL-ROTARY-AZURE-1080&#215;1080-EN-US&#8221; align_tablet=&#8221;center&#8221; align_phone=&#8221;&#8221; align_last_edited=&#8221;on|desktop&#8221; _builder_version=&#8221;4.27.4&#8243; hover_enabled=&#8221;0&#8243; global_colors_info=&#8221;{}&#8221; sticky_enabled=&#8221;0&#8243;][\/et_pb_image][\/et_pb_column_inner][et_pb_column_inner type=&#8221;1_4&#8243; saved_specialty_column_type=&#8221;2_3&#8243; _builder_version=&#8221;4.16&#8243; custom_padding=&#8221;|||&#8221; custom_css_main_element=&#8221;width:24%!important;&#8221; global_colors_info=&#8221;{}&#8221; parallax__hover=&#8221;off&#8221; parallax_method__hover=&#8221;on&#8221; custom_css_main__hover=&#8221;width:24%!important;&#8221; custom_padding__hover=&#8221;|||&#8221;][et_pb_image src=&#8221;https:\/\/rotary.fi\/warkaus\/wp-content\/uploads\/sites\/48\/2025\/10\/pm2526-bc-social-rotary-azure-1080&#215;1080-en-us.png&#8221; title_text=&#8221;PM2526-BC-SOCIAL-ROTARY-AZURE-1080&#215;1080-EN-US&#8221; align_tablet=&#8221;center&#8221; align_phone=&#8221;&#8221; align_last_edited=&#8221;on|desktop&#8221; _builder_version=&#8221;4.27.4&#8243; hover_enabled=&#8221;0&#8243; global_colors_info=&#8221;{}&#8221; sticky_enabled=&#8221;0&#8243;][\/et_pb_image][\/et_pb_column_inner][et_pb_column_inner type=&#8221;1_4&#8243; saved_specialty_column_type=&#8221;2_3&#8243; _builder_version=&#8221;4.16&#8243; custom_padding=&#8221;|||&#8221; custom_css_main_element=&#8221;width:24%!important;&#8221; global_colors_info=&#8221;{}&#8221; parallax__hover=&#8221;off&#8221; parallax_method__hover=&#8221;on&#8221; custom_css_main__hover=&#8221;width:24%!important;&#8221; custom_padding__hover=&#8221;|||&#8221;][\/et_pb_column_inner][et_pb_column_inner type=&#8221;1_4&#8243; saved_specialty_column_type=&#8221;2_3&#8243; _builder_version=&#8221;4.16&#8243; custom_padding=&#8221;|||&#8221; custom_css_main_element=&#8221;display:none;||width:0%!important;&#8221; global_colors_info=&#8221;{}&#8221; parallax__hover=&#8221;off&#8221; parallax_method__hover=&#8221;on&#8221; custom_css_main__hover=&#8221;display:none;||width:0%!important;&#8221; custom_padding__hover=&#8221;|||&#8221;][\/et_pb_column_inner][\/et_pb_row_inner][et_pb_row_inner admin_label=&#8221;Rivi&#8221; _builder_version=&#8221;4.16&#8243; global_colors_info=&#8221;{}&#8221;][et_pb_column_inner saved_specialty_column_type=&#8221;2_3&#8243; _builder_version=&#8221;4.16&#8243; custom_padding=&#8221;|||&#8221; global_colors_info=&#8221;{}&#8221; parallax__hover=&#8221;off&#8221; parallax_method__hover=&#8221;on&#8221; custom_padding__hover=&#8221;|||&#8221;][et_pb_text admin_label=&#8221;Rotary Internationalin vuositeema &#8211; Otsikko&#8221; _builder_version=&#8221;4.16&#8243; text_orientation=&#8221;center&#8221; global_colors_info=&#8221;{}&#8221;]<\/p>\n<h1>Rotary Internationalin vuositeema<\/h1>\n<p>[\/et_pb_text][et_pb_text _builder_version=&#8221;4.16&#8243; custom_padding=&#8221;||0px|||&#8221; global_colors_info=&#8221;{}&#8221;]<\/p>\n<p><a href=\"https:\/\/my.rotary.org\/en\/news-media\/office-president\/ri-president\" target=\"_blank\" rel=\"noopener noreferrer\">Rotary Internationalin presidentti<\/a><span data-tt=\"{}\">\u00a02025<\/span><span data-tt=\"{}\">\u2013<\/span><span data-tt=\"{}\">2026 Francesco Arezzon Rotary-kauden vuositeema on<\/span><span> \u201dUnite for Good\u201d.\u00a0<\/span><\/p>\n<p><span>Lue lis\u00e4\u00e4 englanniksi:\u00a0<a href=\"https:\/\/www.rotary.org\/en\/francesco-arezzo-of-italy-selected-to-be-2025-26-rotary-international-president\" target=\"_blank\" rel=\"noopener\">https:\/\/www.rotary.org\/en\/francesco-arezzo-of-italy-selected-to-be-2025-26-rotary-international-president<\/a><\/span><\/p>\n<p>Meit\u00e4 rotareita tarvitaan t\u00e4ss\u00e4 maailmassa, ja meit\u00e4 tarvitaan lis\u00e4\u00e4, koska meill\u00e4 on niin t\u00e4rkeit\u00e4 teht\u00e4vi\u00e4. Me olemme jo onnistuneet maailmanlaajuisen yhteisty\u00f6n avulla h\u00e4vitt\u00e4m\u00e4\u00e4n polion l\u00e4hes kokonaan.\u00a0<\/p>\n<p><em>Rotary avaa mahdollisuuksia<\/em><\/p>\n<p>Rotary ei ole vain klubi, mihin ihmiset liittyv\u00e4t, vaan kutsu loputtomiin mahdollisuuksiin. Rotary luo j\u00e4senille kanavia, joiden kautta j\u00e4senet voivat parantaa omaan el\u00e4m\u00e4\u00e4ns\u00e4 ja niiden el\u00e4m\u00e4\u00e4, joita he auttavat palveluprojektien kautta.<\/p>\n<p>Uskomme, ett\u00e4 suuret ja pienet palvelutekomme antavat mahdollisuuksia ihmisille, jotka tarvitsevat apuamme. Rotary tarjoaa mahdollisuuksia johtajuuteen, avaa j\u00e4senille tien toteuttaa palveluideoitaan maailmanlaajuisesti ja luoda elinik\u00e4isi\u00e4 yst\u00e4vyyssuhteita. Kaikki mit\u00e4 teemme avaa uuden mahdollisuuden my\u00f6s jollekin toiselle, jossakin muualla.<\/p>\n<p>Meid\u00e4n on uudistettava Rotary uuden ajan edellytt\u00e4m\u00e4ll\u00e4 tavalla. Nuorilla on ideoita, energiaa ja tahto sitoutua t\u00e4rke\u00e4ksi kokemaansa toimintaan. Meid\u00e4n on t\u00e4ydest\u00e4 syd\u00e4mest\u00e4mme tartuttava t\u00e4h\u00e4n mahdollisuuteen ja tarjottavaa heille toteutumiskanavaa heid\u00e4n idealismilleen. Meid\u00e4n on my\u00f6s muututtava organisaatioksi, joka on t\u00e4ysin nivoutunut digiaikaan, ei vain sellainen, joka etsii s\u00e4hk\u00f6isi\u00e4 tapoja toimia niin kuin aina on ollut tapana toimia.<\/p>\n<p>Maailma muuttuu nopeasti \u2013 muuttui jo ennen t\u00e4t\u00e4 kriisi\u00e4. Ihmiset alkoivat luopua perinteisist\u00e4 lounaskokouksista ja siirty\u00e4 verkkotapaamisiin. Yst\u00e4vyyssuhteita solmittiin ja syvennettiin sosiaalisessa mediassa jo ennen kuin kokouksemme siirtyiv\u00e4t Zoomiin tai Skypeen. Meit\u00e4 nuoremmilla sukupolvilla on voimakas halu tehd\u00e4 palveluty\u00f6t\u00e4. He ovat kyseenalaistaneet voivatko he toimia vaikuttavasti Rotaryn kaltaisessa organisaatiossa, vai saavatko he aikaan enemm\u00e4n luomalla muunlaisia yhteyksi\u00e4. Nyt on aika aloittaa puhtaalta p\u00f6yd\u00e4lt\u00e4, kokeilla uusia l\u00e4hestymistapoja ja valmistella Rotary tulevaisuutta varten.<\/p>\n<p>Samalla kun rohkaisemme Rotaryn j\u00e4seni\u00e4 ottamaan omakseen muutoksen, on hyv\u00e4 huomata, ett\u00e4 aika ei pys\u00e4hdy Rotaryn ymp\u00e4rill\u00e4. Emme anna nopeiden muutosten lannistaa meit\u00e4. Tartumme t\u00e4m\u00e4n hetken tuomaan tilaisuuteen kasvattaa Rotary\u00e4, tehd\u00e4 siit\u00e4 vahvemman, sopeutuvamman ja entist\u00e4 linjakkaammin perusarvojemme mukaan toimivan.<\/p>\n<p>Maailma tarvitsee Rotary\u00e4 nyt enemm\u00e4n kuin koskaan. Meid\u00e4n on varmistettava, ett\u00e4 Rotary avaa mahdollisuuksia tuleville sukupolville.<\/p>\n<p>&nbsp;<\/p>\n<p><a href=\"https:\/\/www.rotary.org\/en\/holger-knaack-sees-opportunities-rotary-change-thrive\">https:\/\/www.rotary.org\/en\/holger-knaack-sees-opportunities-rotary-change-thrive<\/a><\/p>\n<p><a href=\"https:\/\/www.facebook.com\/rotary\/videos\/194418204942847\">https:\/\/www.facebook.com\/rotary\/videos\/194418204942847<\/a><\/p>\n<p>&nbsp;<\/p>\n<blockquote>\n<p>&nbsp;<\/p>\n<\/blockquote>\n<p>&nbsp;<\/p>\n<p>[\/et_pb_text][\/et_pb_column_inner][\/et_pb_row_inner][et_pb_row_inner admin_label=&#8221;Rivi&#8221; _builder_version=&#8221;4.16&#8243; global_colors_info=&#8221;{}&#8221;][et_pb_column_inner saved_specialty_column_type=&#8221;2_3&#8243; _builder_version=&#8221;4.16&#8243; custom_padding=&#8221;|||&#8221; global_colors_info=&#8221;{}&#8221; parallax__hover=&#8221;off&#8221; parallax_method__hover=&#8221;on&#8221; custom_padding__hover=&#8221;|||&#8221;][et_pb_text admin_label=&#8221;Klubin vuositeema &#8211; Otsikko&#8221; _builder_version=&#8221;4.16&#8243; text_orientation=&#8221;center&#8221; global_colors_info=&#8221;{}&#8221;]<\/p>\n<h4>Warkauden Rotaryklubin vuositeema\u00a0<\/h4>\n<p>[\/et_pb_text][et_pb_text _builder_version=&#8221;4.16&#8243; global_colors_info=&#8221;{}&#8221;]<\/p>\n<p class=\"p1\"><span class=\"s1\">Oma klubimme keskittyy j\u00e4senten aktivoimiseen ja klubin julkisuuskuvan kehitt\u00e4miseen. Lis\u00e4\u00e4mme klubin ja Rotaryn\u00a0 tunnettuvuutta ja n\u00e4kyvyytt\u00e4 kertomalla Rotaryn ja klubimme toiminnasta ja saavutuksista.\u00a0 Nuorissa on my\u00f6s Rotaryn tulevaisuus ja toivotamme\u00a0 tervetulleeksi erityisesti\u00a0 uudet nuoret rotarit.\u00a0 Rotary\u00a0 on oiva tapa\u00a0 verkostoitua\u00a0 ja saada yst\u00e4vi\u00e4 ymp\u00e4ri maailman.\u00a0 Se tarjoaa my\u00f6s erilaisissa\u00a0 klubiteht\u00e4viss\u00e4 mielenkiintoisen mahdollisuuden\u00a0 itsens\u00e4 kehitt\u00e4miseen.<\/span><\/p>\n<p class=\"p1\"><span class=\"s1\"><\/span><\/p>\n<p>[\/et_pb_text][\/et_pb_column_inner][\/et_pb_row_inner][\/et_pb_column][et_pb_column type=&#8221;1_3&#8243; module_class=&#8221;sivupalkki&#8221; _builder_version=&#8221;4.16&#8243; custom_padding=&#8221;|||&#8221; global_colors_info=&#8221;{}&#8221; parallax__hover=&#8221;off&#8221; parallax_method__hover=&#8221;on&#8221; module_class__hover=&#8221;sivupalkki&#8221; custom_padding__hover=&#8221;|||&#8221;][et_pb_sidebar area=&#8221;sidebar-1&#8243; module_class=&#8221;sivupalkki_sisalto&#8221; _builder_version=&#8221;4.16&#8243; locked=&#8221;on&#8221; global_colors_info=&#8221;{}&#8221;][\/et_pb_sidebar][\/et_pb_column][\/et_pb_section]<\/p>\n","protected":false},"excerpt":{"rendered":"<p>Vuositeema &nbsp; Rotary Internationalin vuositeema Rotary Internationalin presidentti\u00a02025\u20132026 Francesco Arezzon Rotary-kauden vuositeema on \u201dUnite for Good\u201d.\u00a0 Lue lis\u00e4\u00e4 englanniksi:\u00a0https:\/\/www.rotary.org\/en\/francesco-arezzo-of-italy-selected-to-be-2025-26-rotary-international-president Meit\u00e4 rotareita tarvitaan t\u00e4ss\u00e4 maailmassa, ja meit\u00e4 tarvitaan lis\u00e4\u00e4, koska meill\u00e4 on niin t\u00e4rkeit\u00e4 teht\u00e4vi\u00e4. Me olemme jo onnistuneet maailmanlaajuisen yhteisty\u00f6n avulla h\u00e4vitt\u00e4m\u00e4\u00e4n polion l\u00e4hes kokonaan.\u00a0 Rotary avaa mahdollisuuksia Rotary ei ole vain klubi, mihin ihmiset [&hellip;]<\/p>\n","protected":false},"author":1,"featured_media":0,"parent":129,"menu_order":0,"comment_status":"closed","ping_status":"closed","template":"","meta":{"_acf_changed":false,"_et_pb_use_builder":"on","_et_pb_old_content":"","_et_gb_content_width":"","footnotes":""},"class_list":["post-138","page","type-page","status-publish","hentry"],"acf":[],"yoast_head":"<!-- This site is optimized with the Yoast SEO plugin v27.4 - https:\/\/yoast.com\/product\/yoast-seo-wordpress\/ -->\n<title>Vuositeema - Warkauden Rotaryklubi<\/title>\n<meta name=\"robots\" content=\"index, follow, max-snippet:-1, max-image-preview:large, max-video-preview:-1\" \/>\n<link rel=\"canonical\" href=\"https:\/\/rotary.fi\/warkaus\/keita-olemme\/vuositeema\/\" \/>\n<meta property=\"og:locale\" content=\"fi_FI\" \/>\n<meta property=\"og:type\" content=\"article\" \/>\n<meta property=\"og:title\" content=\"Vuositeema - Warkauden Rotaryklubi\" \/>\n<meta property=\"og:description\" content=\"Vuositeema &nbsp; Rotary Internationalin vuositeema Rotary Internationalin presidentti\u00a02025\u20132026 Francesco Arezzon Rotary-kauden vuositeema on \u201dUnite for Good\u201d.\u00a0 Lue lis\u00e4\u00e4 englanniksi:\u00a0https:\/\/www.rotary.org\/en\/francesco-arezzo-of-italy-selected-to-be-2025-26-rotary-international-president Meit\u00e4 rotareita tarvitaan t\u00e4ss\u00e4 maailmassa, ja meit\u00e4 tarvitaan lis\u00e4\u00e4, koska meill\u00e4 on niin t\u00e4rkeit\u00e4 teht\u00e4vi\u00e4. Me olemme jo onnistuneet maailmanlaajuisen yhteisty\u00f6n avulla h\u00e4vitt\u00e4m\u00e4\u00e4n polion l\u00e4hes kokonaan.\u00a0 Rotary avaa mahdollisuuksia Rotary ei ole vain klubi, mihin ihmiset [&hellip;]\" \/>\n<meta property=\"og:url\" content=\"https:\/\/rotary.fi\/warkaus\/keita-olemme\/vuositeema\/\" \/>\n<meta property=\"og:site_name\" content=\"Warkauden Rotaryklubi\" \/>\n<meta property=\"article:modified_time\" content=\"2025-10-07T19:27:23+00:00\" \/>\n<meta name=\"twitter:card\" content=\"summary_large_image\" \/>\n<meta name=\"twitter:label1\" content=\"Arvioitu lukuaika\" \/>\n\t<meta name=\"twitter:data1\" content=\"5 minuuttia\" \/>\n<script type=\"application\/ld+json\" class=\"yoast-schema-graph\">{\"@context\":\"https:\\\/\\\/schema.org\",\"@graph\":[{\"@type\":\"WebPage\",\"@id\":\"https:\\\/\\\/rotary.fi\\\/warkaus\\\/keita-olemme\\\/vuositeema\\\/\",\"url\":\"https:\\\/\\\/rotary.fi\\\/warkaus\\\/keita-olemme\\\/vuositeema\\\/\",\"name\":\"Vuositeema - Warkauden Rotaryklubi\",\"isPartOf\":{\"@id\":\"https:\\\/\\\/rotary.fi\\\/warkaus\\\/#website\"},\"datePublished\":\"2018-08-10T11:01:44+00:00\",\"dateModified\":\"2025-10-07T19:27:23+00:00\",\"breadcrumb\":{\"@id\":\"https:\\\/\\\/rotary.fi\\\/warkaus\\\/keita-olemme\\\/vuositeema\\\/#breadcrumb\"},\"inLanguage\":\"fi\",\"potentialAction\":[{\"@type\":\"ReadAction\",\"target\":[\"https:\\\/\\\/rotary.fi\\\/warkaus\\\/keita-olemme\\\/vuositeema\\\/\"]}]},{\"@type\":\"BreadcrumbList\",\"@id\":\"https:\\\/\\\/rotary.fi\\\/warkaus\\\/keita-olemme\\\/vuositeema\\\/#breadcrumb\",\"itemListElement\":[{\"@type\":\"ListItem\",\"position\":1,\"name\":\"Home\",\"item\":\"https:\\\/\\\/rotary.fi\\\/warkaus\\\/\"},{\"@type\":\"ListItem\",\"position\":2,\"name\":\"Keit\u00e4 olemme\",\"item\":\"https:\\\/\\\/rotary.fi\\\/warkaus\\\/keita-olemme\\\/\"},{\"@type\":\"ListItem\",\"position\":3,\"name\":\"Vuositeema\"}]},{\"@type\":\"WebSite\",\"@id\":\"https:\\\/\\\/rotary.fi\\\/warkaus\\\/#website\",\"url\":\"https:\\\/\\\/rotary.fi\\\/warkaus\\\/\",\"name\":\"Warkauden Rotaryklubi\",\"description\":\"Uusi Rotary klubisivusto\",\"potentialAction\":[{\"@type\":\"SearchAction\",\"target\":{\"@type\":\"EntryPoint\",\"urlTemplate\":\"https:\\\/\\\/rotary.fi\\\/warkaus\\\/?s={search_term_string}\"},\"query-input\":{\"@type\":\"PropertyValueSpecification\",\"valueRequired\":true,\"valueName\":\"search_term_string\"}}],\"inLanguage\":\"fi\"}]}<\/script>\n<!-- \/ Yoast SEO plugin. -->","yoast_head_json":{"title":"Vuositeema - Warkauden Rotaryklubi","robots":{"index":"index","follow":"follow","max-snippet":"max-snippet:-1","max-image-preview":"max-image-preview:large","max-video-preview":"max-video-preview:-1"},"canonical":"https:\/\/rotary.fi\/warkaus\/keita-olemme\/vuositeema\/","og_locale":"fi_FI","og_type":"article","og_title":"Vuositeema - Warkauden Rotaryklubi","og_description":"Vuositeema &nbsp; Rotary Internationalin vuositeema Rotary Internationalin presidentti\u00a02025\u20132026 Francesco Arezzon Rotary-kauden vuositeema on \u201dUnite for Good\u201d.\u00a0 Lue lis\u00e4\u00e4 englanniksi:\u00a0https:\/\/www.rotary.org\/en\/francesco-arezzo-of-italy-selected-to-be-2025-26-rotary-international-president Meit\u00e4 rotareita tarvitaan t\u00e4ss\u00e4 maailmassa, ja meit\u00e4 tarvitaan lis\u00e4\u00e4, koska meill\u00e4 on niin t\u00e4rkeit\u00e4 teht\u00e4vi\u00e4. Me olemme jo onnistuneet maailmanlaajuisen yhteisty\u00f6n avulla h\u00e4vitt\u00e4m\u00e4\u00e4n polion l\u00e4hes kokonaan.\u00a0 Rotary avaa mahdollisuuksia Rotary ei ole vain klubi, mihin ihmiset [&hellip;]","og_url":"https:\/\/rotary.fi\/warkaus\/keita-olemme\/vuositeema\/","og_site_name":"Warkauden Rotaryklubi","article_modified_time":"2025-10-07T19:27:23+00:00","twitter_card":"summary_large_image","twitter_misc":{"Arvioitu lukuaika":"5 minuuttia"},"schema":{"@context":"https:\/\/schema.org","@graph":[{"@type":"WebPage","@id":"https:\/\/rotary.fi\/warkaus\/keita-olemme\/vuositeema\/","url":"https:\/\/rotary.fi\/warkaus\/keita-olemme\/vuositeema\/","name":"Vuositeema - Warkauden Rotaryklubi","isPartOf":{"@id":"https:\/\/rotary.fi\/warkaus\/#website"},"datePublished":"2018-08-10T11:01:44+00:00","dateModified":"2025-10-07T19:27:23+00:00","breadcrumb":{"@id":"https:\/\/rotary.fi\/warkaus\/keita-olemme\/vuositeema\/#breadcrumb"},"inLanguage":"fi","potentialAction":[{"@type":"ReadAction","target":["https:\/\/rotary.fi\/warkaus\/keita-olemme\/vuositeema\/"]}]},{"@type":"BreadcrumbList","@id":"https:\/\/rotary.fi\/warkaus\/keita-olemme\/vuositeema\/#breadcrumb","itemListElement":[{"@type":"ListItem","position":1,"name":"Home","item":"https:\/\/rotary.fi\/warkaus\/"},{"@type":"ListItem","position":2,"name":"Keit\u00e4 olemme","item":"https:\/\/rotary.fi\/warkaus\/keita-olemme\/"},{"@type":"ListItem","position":3,"name":"Vuositeema"}]},{"@type":"WebSite","@id":"https:\/\/rotary.fi\/warkaus\/#website","url":"https:\/\/rotary.fi\/warkaus\/","name":"Warkauden Rotaryklubi","description":"Uusi Rotary klubisivusto","potentialAction":[{"@type":"SearchAction","target":{"@type":"EntryPoint","urlTemplate":"https:\/\/rotary.fi\/warkaus\/?s={search_term_string}"},"query-input":{"@type":"PropertyValueSpecification","valueRequired":true,"valueName":"search_term_string"}}],"inLanguage":"fi"}]}},"lang":"fi","translations":{"fi":138},"pll_sync_post":[],"_links":{"self":[{"href":"https:\/\/rotary.fi\/warkaus\/wp-json\/wp\/v2\/pages\/138","targetHints":{"allow":["GET"]}}],"collection":[{"href":"https:\/\/rotary.fi\/warkaus\/wp-json\/wp\/v2\/pages"}],"about":[{"href":"https:\/\/rotary.fi\/warkaus\/wp-json\/wp\/v2\/types\/page"}],"author":[{"embeddable":true,"href":"https:\/\/rotary.fi\/warkaus\/wp-json\/wp\/v2\/users\/1"}],"replies":[{"embeddable":true,"href":"https:\/\/rotary.fi\/warkaus\/wp-json\/wp\/v2\/comments?post=138"}],"version-history":[{"count":10,"href":"https:\/\/rotary.fi\/warkaus\/wp-json\/wp\/v2\/pages\/138\/revisions"}],"predecessor-version":[{"id":2175,"href":"https:\/\/rotary.fi\/warkaus\/wp-json\/wp\/v2\/pages\/138\/revisions\/2175"}],"up":[{"embeddable":true,"href":"https:\/\/rotary.fi\/warkaus\/wp-json\/wp\/v2\/pages\/129"}],"wp:attachment":[{"href":"https:\/\/rotary.fi\/warkaus\/wp-json\/wp\/v2\/media?parent=138"}],"curies":[{"name":"wp","href":"https:\/\/api.w.org\/{rel}","templated":true}]}}