{"id":132,"date":"2018-08-10T13:59:56","date_gmt":"2018-08-10T10:59:56","guid":{"rendered":"https:\/\/rotary.fi\/klubi2\/?page_id=132"},"modified":"2025-10-07T21:58:04","modified_gmt":"2025-10-07T18:58:04","slug":"juha-valaja","status":"publish","type":"page","link":"https:\/\/rotary.fi\/warkaus\/keita-olemme\/juha-valaja\/","title":{"rendered":"Hallitus ja toimihenkil\u00f6t"},"content":{"rendered":"<p>[et_pb_section fb_built=&#8221;1&#8243; module_class=&#8221;jumbotron-page&#8221; _builder_version=&#8221;4.16&#8243; background_image=&#8221;https:\/\/rotary.fi\/warkaus\/wp-content\/uploads\/sites\/48\/2018\/10\/rotary_klubit_alasivu_paakuva_12.jpg&#8221; global_colors_info=&#8221;{}&#8221;][et_pb_row _builder_version=&#8221;4.16&#8243; background_size=&#8221;initial&#8221; background_position=&#8221;top_left&#8221; background_repeat=&#8221;repeat&#8221; global_colors_info=&#8221;{}&#8221;][et_pb_column type=&#8221;4_4&#8243; _builder_version=&#8221;4.16&#8243; custom_padding=&#8221;|||&#8221; global_colors_info=&#8221;{}&#8221; custom_padding__hover=&#8221;|||&#8221;][et_pb_text admin_label=&#8221;P\u00e4\u00e4otsikko&#8221; _builder_version=&#8221;4.16&#8243; text_orientation=&#8221;center&#8221; background_layout=&#8221;dark&#8221; global_colors_info=&#8221;{}&#8221;]<\/p>\n<h1>Hallitus ja toimihenkil\u00f6t<\/h1>\n<p>[\/et_pb_text][\/et_pb_column][\/et_pb_row][\/et_pb_section][et_pb_section fb_built=&#8221;1&#8243; specialty=&#8221;on&#8221; module_class_2=&#8221;sivupalkki&#8221; _builder_version=&#8221;4.16&#8243; global_colors_info=&#8221;{}&#8221;][et_pb_column type=&#8221;2_3&#8243; specialty_columns=&#8221;2&#8243; _builder_version=&#8221;4.16&#8243; custom_padding=&#8221;|||&#8221; global_colors_info=&#8221;{}&#8221; parallax__hover=&#8221;off&#8221; parallax_method__hover=&#8221;on&#8221; custom_padding__hover=&#8221;|||&#8221;][et_pb_row_inner admin_label=&#8221;Rivi&#8221; _builder_version=&#8221;4.16&#8243; global_colors_info=&#8221;{}&#8221;][et_pb_column_inner saved_specialty_column_type=&#8221;2_3&#8243; _builder_version=&#8221;4.16&#8243; custom_padding=&#8221;|||&#8221; global_colors_info=&#8221;{}&#8221; parallax__hover=&#8221;off&#8221; parallax_method__hover=&#8221;on&#8221; custom_padding__hover=&#8221;|||&#8221;][et_pb_text admin_label=&#8221;Otsikko&#8221; _builder_version=&#8221;4.16&#8243; text_orientation=&#8221;center&#8221; global_colors_info=&#8221;{}&#8221;]<\/p>\n<h1>Hallitus ja toimihenkil\u00f6t<\/h1>\n<p>[\/et_pb_text][\/et_pb_column_inner][\/et_pb_row_inner][et_pb_row_inner column_structure=&#8221;1_2,1_2&#8243; admin_label=&#8221;Rivi&#8221; _builder_version=&#8221;4.16&#8243; global_colors_info=&#8221;{}&#8221;][et_pb_column_inner type=&#8221;1_2&#8243; saved_specialty_column_type=&#8221;2_3&#8243; _builder_version=&#8221;4.16&#8243; custom_padding=&#8221;|||&#8221; global_colors_info=&#8221;{}&#8221; parallax__hover=&#8221;off&#8221; parallax_method__hover=&#8221;on&#8221; custom_padding__hover=&#8221;|||&#8221;][et_pb_team_member name=&#8221;Jarko Leskinen&#8221; position=&#8221;Presidentti 2025-2026&#8243; image_url=&#8221;https:\/\/rotary.fi\/warkaus\/wp-content\/uploads\/sites\/48\/2025\/10\/leskinen-jarko-no-14.jpg&#8221; admin_label=&#8221;Presidentti&#8221; _builder_version=&#8221;4.27.4&#8243; hover_enabled=&#8221;0&#8243; global_colors_info=&#8221;{}&#8221; title_text=&#8221;Leskinen Jarko no 14&#8243; sticky_enabled=&#8221;0&#8243;]<\/p>\n<p>Warkauden Rotaryklubin presidentti<br \/>p. 045 2570 652<br \/>S\u00e4hk\u00f6posti: jarko.leskinen@kolumbus.fi<\/p>\n<p>[\/et_pb_team_member][\/et_pb_column_inner][et_pb_column_inner type=&#8221;1_2&#8243; saved_specialty_column_type=&#8221;2_3&#8243; _builder_version=&#8221;4.16&#8243; custom_padding=&#8221;|||&#8221; global_colors_info=&#8221;{}&#8221; parallax__hover=&#8221;off&#8221; parallax_method__hover=&#8221;on&#8221; custom_padding__hover=&#8221;|||&#8221;][et_pb_text _builder_version=&#8221;4.16&#8243; global_colors_info=&#8221;{}&#8221;]<\/p>\n<h2>\u00a0Hallitus<\/h2>\n<p><strong>Presidentti 2025-2026 Jarko Leskinen<\/strong><strong><br \/><\/strong><strong>Tuleva presidentti<\/strong> Jarko Leskinen<br \/><strong>Varapresidentti<\/strong> Pekka Kinnunen<br \/><strong>Past presidentti<\/strong> Pekka Kinnunen<br \/><strong>1.sihteeri<\/strong>\u00a0Pirkko Vasko<br \/><strong>2. sihteeri<\/strong> &#8211;<br \/><strong>Klubimestari<\/strong>\u00a0Pekka Kinnunen<br \/><strong>Rahastonhoitaja<\/strong>\u00a0Mervi Markkanen<br \/><strong>S\u00e4\u00e4ti\u00f6asiamies<\/strong> Mika Muurikoski\u00a0 \u00a0 \u00a0 \u00a0 \u00a0 \u00a0 \u00a0 <strong style=\"font-size: 16px\">IT-vastaava<\/strong><span style=\"font-size: 16px\"> Jarko Leskinen<\/span><\/p>\n<p><strong>Muut toimihenkil\u00f6t:<\/strong><strong><\/strong><\/p>\n<p><strong>Nuorisovaihdon vastuuhenkil\u00f6<\/strong>\u00a0Anni Virnes<\/p>\n<p>&nbsp;<\/p>\n<p>&nbsp;<\/p>\n<p><span style=\"font-size: 16px\"><\/span><\/p>\n<p><strong><\/strong><\/p>\n<p>&nbsp;<\/p>\n<p>&nbsp;<\/p>\n<p>[\/et_pb_text][\/et_pb_column_inner][\/et_pb_row_inner][\/et_pb_column][et_pb_column type=&#8221;1_3&#8243; _builder_version=&#8221;4.16&#8243; custom_padding=&#8221;|||&#8221; global_colors_info=&#8221;{}&#8221; parallax__hover=&#8221;off&#8221; parallax_method__hover=&#8221;on&#8221; module_class__hover=&#8221;sivupalkki&#8221; custom_padding__hover=&#8221;|||&#8221;][et_pb_sidebar area=&#8221;sidebar-1&#8243; module_class=&#8221;sivupalkki_sisalto&#8221; _builder_version=&#8221;4.16&#8243; locked=&#8221;on&#8221; global_colors_info=&#8221;{}&#8221;]<br \/>\n[\/et_pb_sidebar][\/et_pb_column][\/et_pb_section]<\/p>\n","protected":false},"excerpt":{"rendered":"<p>Hallitus ja toimihenkil\u00f6t Hallitus ja toimihenkil\u00f6t Warkauden Rotaryklubin presidenttip. 045 2570 652S\u00e4hk\u00f6posti: jarko.leskinen@kolumbus.fi\u00a0Hallitus Presidentti 2025-2026 Jarko LeskinenTuleva presidentti Jarko LeskinenVarapresidentti Pekka KinnunenPast presidentti Pekka Kinnunen1.sihteeri\u00a0Pirkko Vasko2. sihteeri -Klubimestari\u00a0Pekka KinnunenRahastonhoitaja\u00a0Mervi MarkkanenS\u00e4\u00e4ti\u00f6asiamies Mika Muurikoski\u00a0 \u00a0 \u00a0 \u00a0 \u00a0 \u00a0 \u00a0 IT-vastaava Jarko Leskinen Muut toimihenkil\u00f6t: Nuorisovaihdon vastuuhenkil\u00f6\u00a0Anni Virnes &nbsp; &nbsp; &nbsp; &nbsp;<\/p>\n","protected":false},"author":1,"featured_media":1862,"parent":129,"menu_order":0,"comment_status":"closed","ping_status":"closed","template":"","meta":{"_acf_changed":false,"_et_pb_use_builder":"on","_et_pb_old_content":"","_et_gb_content_width":"","footnotes":""},"class_list":["post-132","page","type-page","status-publish","has-post-thumbnail","hentry"],"acf":[],"yoast_head":"<!-- This site is optimized with the Yoast SEO plugin v27.4 - https:\/\/yoast.com\/product\/yoast-seo-wordpress\/ -->\n<title>Hallitus ja toimihenkil\u00f6t - Warkauden Rotaryklubi<\/title>\n<meta name=\"description\" content=\"President Warkauden rotaryklubi 2020-2021\" \/>\n<meta name=\"robots\" content=\"index, follow, max-snippet:-1, max-image-preview:large, max-video-preview:-1\" \/>\n<link rel=\"canonical\" href=\"https:\/\/rotary.fi\/warkaus\/keita-olemme\/juha-valaja\/\" \/>\n<meta property=\"og:locale\" content=\"fi_FI\" \/>\n<meta property=\"og:type\" content=\"article\" \/>\n<meta property=\"og:title\" content=\"Hallitus ja toimihenkil\u00f6t - Warkauden Rotaryklubi\" \/>\n<meta property=\"og:description\" content=\"President Warkauden rotaryklubi 2020-2021\" \/>\n<meta property=\"og:url\" content=\"https:\/\/rotary.fi\/warkaus\/keita-olemme\/juha-valaja\/\" \/>\n<meta property=\"og:site_name\" content=\"Warkauden Rotaryklubi\" \/>\n<meta property=\"article:modified_time\" content=\"2025-10-07T18:58:04+00:00\" \/>\n<meta property=\"og:image\" content=\"https:\/\/rotary.fi\/warkaus\/wp-content\/uploads\/sites\/48\/2021\/10\/markko-rothstrom-1.jpg\" \/>\n\t<meta property=\"og:image:width\" content=\"800\" \/>\n\t<meta property=\"og:image:height\" content=\"1200\" \/>\n\t<meta property=\"og:image:type\" content=\"image\/jpeg\" \/>\n<meta name=\"twitter:card\" content=\"summary_large_image\" \/>\n<meta name=\"twitter:label1\" content=\"Arvioitu lukuaika\" \/>\n\t<meta name=\"twitter:data1\" content=\"2 minuuttia\" \/>\n<script type=\"application\/ld+json\" class=\"yoast-schema-graph\">{\"@context\":\"https:\\\/\\\/schema.org\",\"@graph\":[{\"@type\":\"WebPage\",\"@id\":\"https:\\\/\\\/rotary.fi\\\/warkaus\\\/keita-olemme\\\/juha-valaja\\\/\",\"url\":\"https:\\\/\\\/rotary.fi\\\/warkaus\\\/keita-olemme\\\/juha-valaja\\\/\",\"name\":\"Hallitus ja toimihenkil\u00f6t - Warkauden Rotaryklubi\",\"isPartOf\":{\"@id\":\"https:\\\/\\\/rotary.fi\\\/warkaus\\\/#website\"},\"primaryImageOfPage\":{\"@id\":\"https:\\\/\\\/rotary.fi\\\/warkaus\\\/keita-olemme\\\/juha-valaja\\\/#primaryimage\"},\"image\":{\"@id\":\"https:\\\/\\\/rotary.fi\\\/warkaus\\\/keita-olemme\\\/juha-valaja\\\/#primaryimage\"},\"thumbnailUrl\":\"https:\\\/\\\/rotary.fi\\\/warkaus\\\/wp-content\\\/uploads\\\/sites\\\/48\\\/2021\\\/10\\\/markko-rothstrom-1.jpg\",\"datePublished\":\"2018-08-10T10:59:56+00:00\",\"dateModified\":\"2025-10-07T18:58:04+00:00\",\"description\":\"President Warkauden rotaryklubi 2020-2021\",\"breadcrumb\":{\"@id\":\"https:\\\/\\\/rotary.fi\\\/warkaus\\\/keita-olemme\\\/juha-valaja\\\/#breadcrumb\"},\"inLanguage\":\"fi\",\"potentialAction\":[{\"@type\":\"ReadAction\",\"target\":[\"https:\\\/\\\/rotary.fi\\\/warkaus\\\/keita-olemme\\\/juha-valaja\\\/\"]}]},{\"@type\":\"ImageObject\",\"inLanguage\":\"fi\",\"@id\":\"https:\\\/\\\/rotary.fi\\\/warkaus\\\/keita-olemme\\\/juha-valaja\\\/#primaryimage\",\"url\":\"https:\\\/\\\/rotary.fi\\\/warkaus\\\/wp-content\\\/uploads\\\/sites\\\/48\\\/2021\\\/10\\\/markko-rothstrom-1.jpg\",\"contentUrl\":\"https:\\\/\\\/rotary.fi\\\/warkaus\\\/wp-content\\\/uploads\\\/sites\\\/48\\\/2021\\\/10\\\/markko-rothstrom-1.jpg\",\"width\":800,\"height\":1200},{\"@type\":\"BreadcrumbList\",\"@id\":\"https:\\\/\\\/rotary.fi\\\/warkaus\\\/keita-olemme\\\/juha-valaja\\\/#breadcrumb\",\"itemListElement\":[{\"@type\":\"ListItem\",\"position\":1,\"name\":\"Home\",\"item\":\"https:\\\/\\\/rotary.fi\\\/warkaus\\\/\"},{\"@type\":\"ListItem\",\"position\":2,\"name\":\"Keit\u00e4 olemme\",\"item\":\"https:\\\/\\\/rotary.fi\\\/warkaus\\\/keita-olemme\\\/\"},{\"@type\":\"ListItem\",\"position\":3,\"name\":\"Hallitus ja toimihenkil\u00f6t\"}]},{\"@type\":\"WebSite\",\"@id\":\"https:\\\/\\\/rotary.fi\\\/warkaus\\\/#website\",\"url\":\"https:\\\/\\\/rotary.fi\\\/warkaus\\\/\",\"name\":\"Warkauden Rotaryklubi\",\"description\":\"Uusi Rotary klubisivusto\",\"potentialAction\":[{\"@type\":\"SearchAction\",\"target\":{\"@type\":\"EntryPoint\",\"urlTemplate\":\"https:\\\/\\\/rotary.fi\\\/warkaus\\\/?s={search_term_string}\"},\"query-input\":{\"@type\":\"PropertyValueSpecification\",\"valueRequired\":true,\"valueName\":\"search_term_string\"}}],\"inLanguage\":\"fi\"}]}<\/script>\n<!-- \/ Yoast SEO plugin. -->","yoast_head_json":{"title":"Hallitus ja toimihenkil\u00f6t - Warkauden Rotaryklubi","description":"President Warkauden rotaryklubi 2020-2021","robots":{"index":"index","follow":"follow","max-snippet":"max-snippet:-1","max-image-preview":"max-image-preview:large","max-video-preview":"max-video-preview:-1"},"canonical":"https:\/\/rotary.fi\/warkaus\/keita-olemme\/juha-valaja\/","og_locale":"fi_FI","og_type":"article","og_title":"Hallitus ja toimihenkil\u00f6t - Warkauden Rotaryklubi","og_description":"President Warkauden rotaryklubi 2020-2021","og_url":"https:\/\/rotary.fi\/warkaus\/keita-olemme\/juha-valaja\/","og_site_name":"Warkauden Rotaryklubi","article_modified_time":"2025-10-07T18:58:04+00:00","og_image":[{"width":800,"height":1200,"url":"https:\/\/rotary.fi\/warkaus\/wp-content\/uploads\/sites\/48\/2021\/10\/markko-rothstrom-1.jpg","type":"image\/jpeg"}],"twitter_card":"summary_large_image","twitter_misc":{"Arvioitu lukuaika":"2 minuuttia"},"schema":{"@context":"https:\/\/schema.org","@graph":[{"@type":"WebPage","@id":"https:\/\/rotary.fi\/warkaus\/keita-olemme\/juha-valaja\/","url":"https:\/\/rotary.fi\/warkaus\/keita-olemme\/juha-valaja\/","name":"Hallitus ja toimihenkil\u00f6t - Warkauden Rotaryklubi","isPartOf":{"@id":"https:\/\/rotary.fi\/warkaus\/#website"},"primaryImageOfPage":{"@id":"https:\/\/rotary.fi\/warkaus\/keita-olemme\/juha-valaja\/#primaryimage"},"image":{"@id":"https:\/\/rotary.fi\/warkaus\/keita-olemme\/juha-valaja\/#primaryimage"},"thumbnailUrl":"https:\/\/rotary.fi\/warkaus\/wp-content\/uploads\/sites\/48\/2021\/10\/markko-rothstrom-1.jpg","datePublished":"2018-08-10T10:59:56+00:00","dateModified":"2025-10-07T18:58:04+00:00","description":"President Warkauden rotaryklubi 2020-2021","breadcrumb":{"@id":"https:\/\/rotary.fi\/warkaus\/keita-olemme\/juha-valaja\/#breadcrumb"},"inLanguage":"fi","potentialAction":[{"@type":"ReadAction","target":["https:\/\/rotary.fi\/warkaus\/keita-olemme\/juha-valaja\/"]}]},{"@type":"ImageObject","inLanguage":"fi","@id":"https:\/\/rotary.fi\/warkaus\/keita-olemme\/juha-valaja\/#primaryimage","url":"https:\/\/rotary.fi\/warkaus\/wp-content\/uploads\/sites\/48\/2021\/10\/markko-rothstrom-1.jpg","contentUrl":"https:\/\/rotary.fi\/warkaus\/wp-content\/uploads\/sites\/48\/2021\/10\/markko-rothstrom-1.jpg","width":800,"height":1200},{"@type":"BreadcrumbList","@id":"https:\/\/rotary.fi\/warkaus\/keita-olemme\/juha-valaja\/#breadcrumb","itemListElement":[{"@type":"ListItem","position":1,"name":"Home","item":"https:\/\/rotary.fi\/warkaus\/"},{"@type":"ListItem","position":2,"name":"Keit\u00e4 olemme","item":"https:\/\/rotary.fi\/warkaus\/keita-olemme\/"},{"@type":"ListItem","position":3,"name":"Hallitus ja toimihenkil\u00f6t"}]},{"@type":"WebSite","@id":"https:\/\/rotary.fi\/warkaus\/#website","url":"https:\/\/rotary.fi\/warkaus\/","name":"Warkauden Rotaryklubi","description":"Uusi Rotary klubisivusto","potentialAction":[{"@type":"SearchAction","target":{"@type":"EntryPoint","urlTemplate":"https:\/\/rotary.fi\/warkaus\/?s={search_term_string}"},"query-input":{"@type":"PropertyValueSpecification","valueRequired":true,"valueName":"search_term_string"}}],"inLanguage":"fi"}]}},"lang":"fi","translations":{"fi":132},"pll_sync_post":[],"_links":{"self":[{"href":"https:\/\/rotary.fi\/warkaus\/wp-json\/wp\/v2\/pages\/132","targetHints":{"allow":["GET"]}}],"collection":[{"href":"https:\/\/rotary.fi\/warkaus\/wp-json\/wp\/v2\/pages"}],"about":[{"href":"https:\/\/rotary.fi\/warkaus\/wp-json\/wp\/v2\/types\/page"}],"author":[{"embeddable":true,"href":"https:\/\/rotary.fi\/warkaus\/wp-json\/wp\/v2\/users\/1"}],"replies":[{"embeddable":true,"href":"https:\/\/rotary.fi\/warkaus\/wp-json\/wp\/v2\/comments?post=132"}],"version-history":[{"count":11,"href":"https:\/\/rotary.fi\/warkaus\/wp-json\/wp\/v2\/pages\/132\/revisions"}],"predecessor-version":[{"id":2158,"href":"https:\/\/rotary.fi\/warkaus\/wp-json\/wp\/v2\/pages\/132\/revisions\/2158"}],"up":[{"embeddable":true,"href":"https:\/\/rotary.fi\/warkaus\/wp-json\/wp\/v2\/pages\/129"}],"wp:featuredmedia":[{"embeddable":true,"href":"https:\/\/rotary.fi\/warkaus\/wp-json\/wp\/v2\/media\/1862"}],"wp:attachment":[{"href":"https:\/\/rotary.fi\/warkaus\/wp-json\/wp\/v2\/media?parent=132"}],"curies":[{"name":"wp","href":"https:\/\/api.w.org\/{rel}","templated":true}]}}