{"id":94,"date":"2018-08-09T15:14:30","date_gmt":"2018-08-09T12:14:30","guid":{"rendered":"https:\/\/rotary.fi\/klubi2\/?page_id=94"},"modified":"2018-11-27T10:46:12","modified_gmt":"2018-11-27T08:46:12","slug":"ajankohtaista","status":"publish","type":"page","link":"https:\/\/rotary.fi\/vuosaari\/ajankohtaista\/","title":{"rendered":"Ajankohtaista"},"content":{"rendered":"<p>[et_pb_section bb_built=&#8221;1&#8243; _builder_version=&#8221;3.4.1&#8243; background_image=&#8221;https:\/\/rotary.fi\/wp-content\/uploads\/2018\/02\/paakuva-sisasivu1.jpg&#8221; next_background_color=&#8221;#ffffff&#8221; module_class=&#8221;jumbotron-page&#8221;][et_pb_row][et_pb_column type=&#8221;4_4&#8243;][et_pb_text admin_label=&#8221;P\u00e4\u00e4otsikko&#8221; _builder_version=&#8221;3.4.1&#8243; text_orientation=&#8221;center&#8221; background_layout=&#8221;dark&#8221;]<\/p>\n<h1>Ajankohtaista<\/h1>\n<p>[\/et_pb_text][\/et_pb_column][\/et_pb_row][\/et_pb_section][et_pb_section bb_built=&#8221;1&#8243; specialty=&#8221;on&#8221; prev_background_color=&#8221;#000000&#8243; _builder_version=&#8221;3.4.1&#8243; module_class_2=&#8221;sivupalkki&#8221; locked=&#8221;on&#8221;][et_pb_column type=&#8221;2_3&#8243; specialty_columns=&#8221;2&#8243;][et_pb_row_inner admin_label=&#8221;Rivi&#8221; locked=&#8221;on&#8221; parent_locked=&#8221;on&#8221;][et_pb_column_inner type=&#8221;4_4&#8243; saved_specialty_column_type=&#8221;2_3&#8243;][et_pb_text admin_label=&#8221;Otsikko&#8221; _builder_version=&#8221;3.4.1&#8243; text_orientation=&#8221;center&#8221; parent_locked=&#8221;on&#8221;]<\/p>\n<h1>Ajankohtaista<\/h1>\n<p>[\/et_pb_text][et_pb_code admin_label=&#8221;Ajankohtaisten listaus&#8221; _builder_version=&#8221;3.17.6&#8243; module_class=&#8221;kaikki_ajankohtaiset&#8221; parent_locked=&#8221;on&#8221;]<ul class=\"display-posts-listing\"><li class=\"listing-item\"><a class=\"title\" href=\"https:\/\/rotary.fi\/vuosaari\/ajankohtaiset\/in-memoriam-rauno-heiska\/\">In Memoriam Rauno Heiska<\/a> <span class=\"date\">15.2. 2021<\/span><\/li><li class=\"listing-item\"><a class=\"title\" href=\"https:\/\/rotary.fi\/vuosaari\/ajankohtaiset\/hyvaa-ystavanpaivaa\/\">Hyv\u00e4\u00e4 yst\u00e4v\u00e4np\u00e4iv\u00e4\u00e4!<\/a> <span class=\"date\">14.2. 2021<\/span><\/li><li class=\"listing-item\"><a class=\"title\" href=\"https:\/\/rotary.fi\/vuosaari\/ajankohtaiset\/kenraaliluutnantti-heikki-koskelo-in-memoriam\/\">Kenraaliluutnantti Heikki Koskelo In Memoriam<\/a> <span class=\"date\">19.12. 2020<\/span><\/li><li class=\"listing-item\"><a class=\"title\" href=\"https:\/\/rotary.fi\/vuosaari\/ajankohtaiset\/vuosaaren-rotaryklubi-laski-seppeleen-it-patteri-pommin-muistopaadelle\/\">Vuosaaren Rotaryklubi laski seppeleen it-patteri &#8221;Pommin&#8221; muistopaadelle<\/a> <span class=\"date\">6.12. 2020<\/span><\/li><li class=\"listing-item\"><a class=\"title\" href=\"https:\/\/rotary.fi\/vuosaari\/ajankohtaiset\/vuosaaren-rotary-klubin-uusi-presidentti-on-tuomo-laukkonen\/\">Vuosaaren Rotary-klubin uusi presidentti on Tuomo Laukkonen<\/a> <span class=\"date\">16.9. 2020<\/span><\/li><li class=\"listing-item\"><a class=\"title\" href=\"https:\/\/rotary.fi\/vuosaari\/ajankohtaiset\/tutustumassa-hotel-rantapuiston-uuteen-rantasaunaan\/\">Tutustumassa Hotel Rantapuiston uuteen rantasaunaan<\/a> <span class=\"date\">5.2. 2020<\/span><\/li><li class=\"listing-item\"><a class=\"title\" href=\"https:\/\/rotary.fi\/vuosaari\/ajankohtaiset\/vierailulla-helenin-vuosaaren-voimalassa\/\">Vierailulla Helenin Vuosaaren voimalassa<\/a> <span class=\"date\">30.1. 2020<\/span><\/li><li class=\"listing-item\"><a class=\"title\" href=\"https:\/\/rotary.fi\/vuosaari\/ajankohtaiset\/hyvaa-joulua\/\">Hyv\u00e4\u00e4 ja rauhallista joulua!<\/a> <span class=\"date\">20.12. 2019<\/span><\/li><li class=\"listing-item\"><a class=\"title\" href=\"https:\/\/rotary.fi\/vuosaari\/ajankohtaiset\/hyvaa-itsenaisyyspaivaa-kaikille\/\">Hyv\u00e4\u00e4 itsen\u00e4isyysp\u00e4iv\u00e4\u00e4!<\/a> <span class=\"date\">5.12. 2019<\/span><\/li><li class=\"listing-item\"><a class=\"title\" href=\"https:\/\/rotary.fi\/vuosaari\/ajankohtaiset\/mukana-vuosaaren-joulupoluilla-lauantaina-30-11\/\">Rotarit mukana Vuosaaren Joulupoluilla<\/a> <span class=\"date\">22.11. 2019<\/span><\/li><li class=\"listing-item\"><a class=\"title\" href=\"https:\/\/rotary.fi\/vuosaari\/ajankohtaiset\/lahjoitus-vahavaraisten-lasten-harrastustoiminnan-tukemiseksi\/\">Lahjoitus v\u00e4h\u00e4varaisten lasten ja nuorten harrastustoiminnan tukemiseksi<\/a> <span class=\"date\">31.10. 2019<\/span><\/li><li class=\"listing-item\"><a class=\"title\" href=\"https:\/\/rotary.fi\/vuosaari\/ajankohtaiset\/ita-helsingin-yrittajat-vierailulla\/\">It\u00e4-Helsingin Yritt\u00e4j\u00e4t vierailulla<\/a> <span class=\"date\">10.10. 2019<\/span><\/li><li class=\"listing-item\"><a class=\"title\" href=\"https:\/\/rotary.fi\/vuosaari\/presidentin_uutiset\/hyvaa-rotarysaation-kuukautta\/\">Hyv\u00e4\u00e4 Rotarys\u00e4\u00e4ti\u00f6n kuukautta!<\/a> <span class=\"date\">30.11. 2018<\/span><\/li><li class=\"listing-item\"><a class=\"title\" href=\"https:\/\/rotary.fi\/vuosaari\/presidentin_uutiset\/suomen-rotarypalvelun-tuleva-hallitus-valittu\/\">Suomen Rotarypalvelun tuleva hallitus valittu<\/a> <span class=\"date\">25.11. 2018<\/span><\/li><li class=\"listing-item\"><a class=\"title\" href=\"https:\/\/rotary.fi\/vuosaari\/ajankohtaiset\/ajankohtainen-uutinen-vahan-pidemmalla-otsikolla\/\">Vierailu Oodissa<\/a> <span class=\"date\">25.9. 2018<\/span><\/li><li class=\"listing-item\"><a class=\"title\" href=\"https:\/\/rotary.fi\/vuosaari\/ajankohtaiset\/ja-viela-yksi-ajankohtainen-juttu\/\">Tutustumisreissu Pauligille<\/a> <span class=\"date\">11.9. 2018<\/span><\/li><li class=\"listing-item\"><a class=\"title\" href=\"https:\/\/rotary.fi\/vuosaari\/ajankohtaiset\/testiartikkeli-ajankohtaisiin\/\">Vuoden 2019-2020 teema<\/a> <span class=\"date\">8.8. 2018<\/span><\/li><\/ul>[\/et_pb_code][\/et_pb_column_inner][\/et_pb_row_inner][\/et_pb_column][et_pb_column type=&#8221;1_3&#8243;][et_pb_sidebar _builder_version=&#8221;3.4.1&#8243; area=&#8221;sidebar-1&#8243; module_class=&#8221;sivupalkki_sisalto&#8221; parent_locked=&#8221;on&#8221; \/][\/et_pb_column][\/et_pb_section]<\/p>\n","protected":false},"excerpt":{"rendered":"<p>[et_pb_section bb_built=&#8221;1&#8243; _builder_version=&#8221;3.4.1&#8243; background_image=&#8221;https:\/\/rotary.fi\/wp-content\/uploads\/2018\/02\/paakuva-sisasivu1.jpg&#8221; next_background_color=&#8221;#ffffff&#8221; module_class=&#8221;jumbotron-page&#8221;][et_pb_row][et_pb_column type=&#8221;4_4&#8243;][et_pb_text admin_label=&#8221;P\u00e4\u00e4otsikko&#8221; _builder_version=&#8221;3.4.1&#8243; text_orientation=&#8221;center&#8221; background_layout=&#8221;dark&#8221;] Ajankohtaista [\/et_pb_text][\/et_pb_column][\/et_pb_row][\/et_pb_section][et_pb_section bb_built=&#8221;1&#8243; specialty=&#8221;on&#8221; prev_background_color=&#8221;#000000&#8243; _builder_version=&#8221;3.4.1&#8243; module_class_2=&#8221;sivupalkki&#8221; locked=&#8221;on&#8221;][et_pb_column type=&#8221;2_3&#8243; specialty_columns=&#8221;2&#8243;][et_pb_row_inner admin_label=&#8221;Rivi&#8221; locked=&#8221;on&#8221; parent_locked=&#8221;on&#8221;][et_pb_column_inner type=&#8221;4_4&#8243; saved_specialty_column_type=&#8221;2_3&#8243;][et_pb_text admin_label=&#8221;Otsikko&#8221; _builder_version=&#8221;3.4.1&#8243; text_orientation=&#8221;center&#8221; parent_locked=&#8221;on&#8221;] Ajankohtaista [\/et_pb_text][et_pb_code admin_label=&#8221;Ajankohtaisten listaus&#8221; _builder_version=&#8221;3.17.6&#8243; module_class=&#8221;kaikki_ajankohtaiset&#8221; parent_locked=&#8221;on&#8221;][\/et_pb_code][\/et_pb_column_inner][\/et_pb_row_inner][\/et_pb_column][et_pb_column type=&#8221;1_3&#8243;][et_pb_sidebar _builder_version=&#8221;3.4.1&#8243; area=&#8221;sidebar-1&#8243; module_class=&#8221;sivupalkki_sisalto&#8221; parent_locked=&#8221;on&#8221; \/][\/et_pb_column][\/et_pb_section]<\/p>\n","protected":false},"author":1,"featured_media":0,"parent":0,"menu_order":0,"comment_status":"closed","ping_status":"closed","template":"","meta":{"_acf_changed":false,"_et_pb_use_builder":"on","_et_pb_old_content":"","_et_gb_content_width":"","footnotes":""},"class_list":["post-94","page","type-page","status-publish","hentry"],"acf":[],"yoast_head":"<!-- This site is optimized with the Yoast SEO plugin v27.0 - https:\/\/yoast.com\/product\/yoast-seo-wordpress\/ -->\n<title>Ajankohtaista - Vuosaaren Rotaryklubi ry<\/title>\n<meta name=\"robots\" content=\"index, follow, max-snippet:-1, max-image-preview:large, max-video-preview:-1\" \/>\n<link rel=\"canonical\" href=\"https:\/\/rotary.fi\/vuosaari\/ajankohtaista\/\" \/>\n<meta property=\"og:locale\" content=\"fi_FI\" \/>\n<meta property=\"og:type\" content=\"article\" \/>\n<meta property=\"og:title\" content=\"Ajankohtaista - Vuosaaren Rotaryklubi ry\" \/>\n<meta property=\"og:description\" content=\"[et_pb_section bb_built=&#8221;1&#8243; _builder_version=&#8221;3.4.1&#8243; background_image=&#8221;https:\/\/rotary.fi\/wp-content\/uploads\/2018\/02\/paakuva-sisasivu1.jpg&#8221; next_background_color=&#8221;#ffffff&#8221; module_class=&#8221;jumbotron-page&#8221;][et_pb_row][et_pb_column type=&#8221;4_4&#8243;][et_pb_text admin_label=&#8221;P\u00e4\u00e4otsikko&#8221; _builder_version=&#8221;3.4.1&#8243; text_orientation=&#8221;center&#8221; background_layout=&#8221;dark&#8221;] Ajankohtaista [\/et_pb_text][\/et_pb_column][\/et_pb_row][\/et_pb_section][et_pb_section bb_built=&#8221;1&#8243; specialty=&#8221;on&#8221; prev_background_color=&#8221;#000000&#8243; _builder_version=&#8221;3.4.1&#8243; module_class_2=&#8221;sivupalkki&#8221; locked=&#8221;on&#8221;][et_pb_column type=&#8221;2_3&#8243; specialty_columns=&#8221;2&#8243;][et_pb_row_inner admin_label=&#8221;Rivi&#8221; locked=&#8221;on&#8221; parent_locked=&#8221;on&#8221;][et_pb_column_inner type=&#8221;4_4&#8243; saved_specialty_column_type=&#8221;2_3&#8243;][et_pb_text admin_label=&#8221;Otsikko&#8221; _builder_version=&#8221;3.4.1&#8243; text_orientation=&#8221;center&#8221; parent_locked=&#8221;on&#8221;] Ajankohtaista [\/et_pb_text][et_pb_code admin_label=&#8221;Ajankohtaisten listaus&#8221; _builder_version=&#8221;3.17.6&#8243; module_class=&#8221;kaikki_ajankohtaiset&#8221; parent_locked=&#8221;on&#8221;][\/et_pb_code][\/et_pb_column_inner][\/et_pb_row_inner][\/et_pb_column][et_pb_column type=&#8221;1_3&#8243;][et_pb_sidebar _builder_version=&#8221;3.4.1&#8243; area=&#8221;sidebar-1&#8243; module_class=&#8221;sivupalkki_sisalto&#8221; parent_locked=&#8221;on&#8221; \/][\/et_pb_column][\/et_pb_section]\" \/>\n<meta property=\"og:url\" content=\"https:\/\/rotary.fi\/vuosaari\/ajankohtaista\/\" \/>\n<meta property=\"og:site_name\" content=\"Vuosaaren Rotaryklubi ry\" \/>\n<meta property=\"article:modified_time\" content=\"2018-11-27T08:46:12+00:00\" \/>\n<meta name=\"twitter:card\" content=\"summary_large_image\" \/>\n<meta name=\"twitter:label1\" content=\"Arvioitu lukuaika\" \/>\n\t<meta name=\"twitter:data1\" content=\"1 minuutti\" \/>\n<script type=\"application\/ld+json\" class=\"yoast-schema-graph\">{\"@context\":\"https:\/\/schema.org\",\"@graph\":[{\"@type\":\"WebPage\",\"@id\":\"https:\/\/rotary.fi\/vuosaari\/ajankohtaista\/\",\"url\":\"https:\/\/rotary.fi\/vuosaari\/ajankohtaista\/\",\"name\":\"Ajankohtaista - Vuosaaren Rotaryklubi ry\",\"isPartOf\":{\"@id\":\"https:\/\/rotary.fi\/vuosaari\/#website\"},\"datePublished\":\"2018-08-09T12:14:30+00:00\",\"dateModified\":\"2018-11-27T08:46:12+00:00\",\"breadcrumb\":{\"@id\":\"https:\/\/rotary.fi\/vuosaari\/ajankohtaista\/#breadcrumb\"},\"inLanguage\":\"fi\",\"potentialAction\":[{\"@type\":\"ReadAction\",\"target\":[\"https:\/\/rotary.fi\/vuosaari\/ajankohtaista\/\"]}]},{\"@type\":\"BreadcrumbList\",\"@id\":\"https:\/\/rotary.fi\/vuosaari\/ajankohtaista\/#breadcrumb\",\"itemListElement\":[{\"@type\":\"ListItem\",\"position\":1,\"name\":\"Home\",\"item\":\"https:\/\/rotary.fi\/vuosaari\/\"},{\"@type\":\"ListItem\",\"position\":2,\"name\":\"Ajankohtaista\"}]},{\"@type\":\"WebSite\",\"@id\":\"https:\/\/rotary.fi\/vuosaari\/#website\",\"url\":\"https:\/\/rotary.fi\/vuosaari\/\",\"name\":\"Vuosaaren Rotaryklubi ry\",\"description\":\"Uusi Rotary klubisivusto\",\"potentialAction\":[{\"@type\":\"SearchAction\",\"target\":{\"@type\":\"EntryPoint\",\"urlTemplate\":\"https:\/\/rotary.fi\/vuosaari\/?s={search_term_string}\"},\"query-input\":{\"@type\":\"PropertyValueSpecification\",\"valueRequired\":true,\"valueName\":\"search_term_string\"}}],\"inLanguage\":\"fi\"}]}<\/script>\n<!-- \/ Yoast SEO plugin. -->","yoast_head_json":{"title":"Ajankohtaista - Vuosaaren Rotaryklubi ry","robots":{"index":"index","follow":"follow","max-snippet":"max-snippet:-1","max-image-preview":"max-image-preview:large","max-video-preview":"max-video-preview:-1"},"canonical":"https:\/\/rotary.fi\/vuosaari\/ajankohtaista\/","og_locale":"fi_FI","og_type":"article","og_title":"Ajankohtaista - Vuosaaren Rotaryklubi ry","og_description":"[et_pb_section bb_built=&#8221;1&#8243; _builder_version=&#8221;3.4.1&#8243; background_image=&#8221;https:\/\/rotary.fi\/wp-content\/uploads\/2018\/02\/paakuva-sisasivu1.jpg&#8221; next_background_color=&#8221;#ffffff&#8221; module_class=&#8221;jumbotron-page&#8221;][et_pb_row][et_pb_column type=&#8221;4_4&#8243;][et_pb_text admin_label=&#8221;P\u00e4\u00e4otsikko&#8221; _builder_version=&#8221;3.4.1&#8243; text_orientation=&#8221;center&#8221; background_layout=&#8221;dark&#8221;] Ajankohtaista [\/et_pb_text][\/et_pb_column][\/et_pb_row][\/et_pb_section][et_pb_section bb_built=&#8221;1&#8243; specialty=&#8221;on&#8221; prev_background_color=&#8221;#000000&#8243; _builder_version=&#8221;3.4.1&#8243; module_class_2=&#8221;sivupalkki&#8221; locked=&#8221;on&#8221;][et_pb_column type=&#8221;2_3&#8243; specialty_columns=&#8221;2&#8243;][et_pb_row_inner admin_label=&#8221;Rivi&#8221; locked=&#8221;on&#8221; parent_locked=&#8221;on&#8221;][et_pb_column_inner type=&#8221;4_4&#8243; saved_specialty_column_type=&#8221;2_3&#8243;][et_pb_text admin_label=&#8221;Otsikko&#8221; _builder_version=&#8221;3.4.1&#8243; text_orientation=&#8221;center&#8221; parent_locked=&#8221;on&#8221;] Ajankohtaista [\/et_pb_text][et_pb_code admin_label=&#8221;Ajankohtaisten listaus&#8221; _builder_version=&#8221;3.17.6&#8243; module_class=&#8221;kaikki_ajankohtaiset&#8221; parent_locked=&#8221;on&#8221;][\/et_pb_code][\/et_pb_column_inner][\/et_pb_row_inner][\/et_pb_column][et_pb_column type=&#8221;1_3&#8243;][et_pb_sidebar _builder_version=&#8221;3.4.1&#8243; area=&#8221;sidebar-1&#8243; module_class=&#8221;sivupalkki_sisalto&#8221; parent_locked=&#8221;on&#8221; \/][\/et_pb_column][\/et_pb_section]","og_url":"https:\/\/rotary.fi\/vuosaari\/ajankohtaista\/","og_site_name":"Vuosaaren Rotaryklubi ry","article_modified_time":"2018-11-27T08:46:12+00:00","twitter_card":"summary_large_image","twitter_misc":{"Arvioitu lukuaika":"1 minuutti"},"schema":{"@context":"https:\/\/schema.org","@graph":[{"@type":"WebPage","@id":"https:\/\/rotary.fi\/vuosaari\/ajankohtaista\/","url":"https:\/\/rotary.fi\/vuosaari\/ajankohtaista\/","name":"Ajankohtaista - Vuosaaren Rotaryklubi ry","isPartOf":{"@id":"https:\/\/rotary.fi\/vuosaari\/#website"},"datePublished":"2018-08-09T12:14:30+00:00","dateModified":"2018-11-27T08:46:12+00:00","breadcrumb":{"@id":"https:\/\/rotary.fi\/vuosaari\/ajankohtaista\/#breadcrumb"},"inLanguage":"fi","potentialAction":[{"@type":"ReadAction","target":["https:\/\/rotary.fi\/vuosaari\/ajankohtaista\/"]}]},{"@type":"BreadcrumbList","@id":"https:\/\/rotary.fi\/vuosaari\/ajankohtaista\/#breadcrumb","itemListElement":[{"@type":"ListItem","position":1,"name":"Home","item":"https:\/\/rotary.fi\/vuosaari\/"},{"@type":"ListItem","position":2,"name":"Ajankohtaista"}]},{"@type":"WebSite","@id":"https:\/\/rotary.fi\/vuosaari\/#website","url":"https:\/\/rotary.fi\/vuosaari\/","name":"Vuosaaren Rotaryklubi ry","description":"Uusi Rotary klubisivusto","potentialAction":[{"@type":"SearchAction","target":{"@type":"EntryPoint","urlTemplate":"https:\/\/rotary.fi\/vuosaari\/?s={search_term_string}"},"query-input":{"@type":"PropertyValueSpecification","valueRequired":true,"valueName":"search_term_string"}}],"inLanguage":"fi"}]}},"lang":"fi","translations":{"fi":94},"pll_sync_post":[],"_links":{"self":[{"href":"https:\/\/rotary.fi\/vuosaari\/wp-json\/wp\/v2\/pages\/94","targetHints":{"allow":["GET"]}}],"collection":[{"href":"https:\/\/rotary.fi\/vuosaari\/wp-json\/wp\/v2\/pages"}],"about":[{"href":"https:\/\/rotary.fi\/vuosaari\/wp-json\/wp\/v2\/types\/page"}],"author":[{"embeddable":true,"href":"https:\/\/rotary.fi\/vuosaari\/wp-json\/wp\/v2\/users\/1"}],"replies":[{"embeddable":true,"href":"https:\/\/rotary.fi\/vuosaari\/wp-json\/wp\/v2\/comments?post=94"}],"version-history":[{"count":6,"href":"https:\/\/rotary.fi\/vuosaari\/wp-json\/wp\/v2\/pages\/94\/revisions"}],"predecessor-version":[{"id":1332,"href":"https:\/\/rotary.fi\/vuosaari\/wp-json\/wp\/v2\/pages\/94\/revisions\/1332"}],"wp:attachment":[{"href":"https:\/\/rotary.fi\/vuosaari\/wp-json\/wp\/v2\/media?parent=94"}],"curies":[{"name":"wp","href":"https:\/\/api.w.org\/{rel}","templated":true}]}}