{"id":1647,"date":"2019-03-20T07:40:06","date_gmt":"2019-03-20T05:40:06","guid":{"rendered":"https:\/\/rotary.fi\/vora\/?page_id=1647"},"modified":"2026-03-18T20:50:16","modified_gmt":"2026-03-18T18:50:16","slug":"kontaktuppgifter","status":"publish","type":"page","link":"https:\/\/rotary.fi\/vora\/sv\/kontaktuppgifter\/","title":{"rendered":"Kontaktuppgifter"},"content":{"rendered":"<p>[et_pb_section fb_built=&#8221;1&#8243; module_class=&#8221;jumbotron-page&#8221; _builder_version=&#8221;4.16&#8243; background_image=&#8221;https:\/\/rotary.fi\/vora\/wp-content\/uploads\/sites\/201\/2018\/10\/rotary_klubit_alasivu_paakuva_15.jpg&#8221; global_colors_info=&#8221;{}&#8221;][et_pb_row _builder_version=&#8221;4.16&#8243; background_size=&#8221;initial&#8221; background_position=&#8221;top_left&#8221; background_repeat=&#8221;repeat&#8221; global_colors_info=&#8221;{}&#8221;][et_pb_column type=&#8221;4_4&#8243; _builder_version=&#8221;4.16&#8243; custom_padding=&#8221;|||&#8221; global_colors_info=&#8221;{}&#8221; custom_padding__hover=&#8221;|||&#8221;][et_pb_text admin_label=&#8221;Main \/\/ Kontaktuppgifter&#8221; _builder_version=&#8221;4.16&#8243; text_orientation=&#8221;center&#8221; background_layout=&#8221;dark&#8221; global_colors_info=&#8221;{}&#8221;]<\/p>\n<h1>Kontaktuppgifter<\/h1>\n<p>[\/et_pb_text][\/et_pb_column][\/et_pb_row][\/et_pb_section][et_pb_section fb_built=&#8221;1&#8243; specialty=&#8221;on&#8221; module_class_2=&#8221;sivupalkki&#8221; _builder_version=&#8221;4.16&#8243; global_colors_info=&#8221;{}&#8221;][et_pb_column type=&#8221;2_3&#8243; specialty_columns=&#8221;2&#8243; _builder_version=&#8221;4.16&#8243; custom_padding=&#8221;|||&#8221; global_colors_info=&#8221;{}&#8221; custom_padding__hover=&#8221;|||&#8221;][et_pb_row_inner admin_label=&#8221;Rivi&#8221; _builder_version=&#8221;4.16&#8243; global_colors_info=&#8221;{}&#8221;][et_pb_column_inner saved_specialty_column_type=&#8221;2_3&#8243; _builder_version=&#8221;4.16&#8243; custom_padding=&#8221;|||&#8221; global_colors_info=&#8221;{}&#8221; custom_padding__hover=&#8221;|||&#8221;][et_pb_text admin_label=&#8221;Kontaktuppgifter &#8211; rubrik&#8221; _builder_version=&#8221;4.16&#8243; text_orientation=&#8221;center&#8221; global_colors_info=&#8221;{}&#8221;]<\/p>\n<h1>Kontaktuppgifter<\/h1>\n<p>[\/et_pb_text][et_pb_text admin_label=&#8221;Text: Kontaktuppgifter&#8221; _builder_version=&#8221;4.16&#8243; custom_padding=&#8221;||2px|||&#8221; global_colors_info=&#8221;{}&#8221;][\/et_pb_text][\/et_pb_column_inner][\/et_pb_row_inner][et_pb_row_inner column_structure=&#8221;1_2,1_2&#8243; admin_label=&#8221;Rivi&#8221; _builder_version=&#8221;4.16&#8243; custom_margin=&#8221;||20px|&#8221; custom_padding=&#8221;||20px|&#8221; border_width_bottom=&#8221;1px&#8221; border_color_bottom=&#8221;#d8d8d8&#8243; global_colors_info=&#8221;{}&#8221;][et_pb_column_inner type=&#8221;1_2&#8243; saved_specialty_column_type=&#8221;2_3&#8243; _builder_version=&#8221;4.16&#8243; custom_padding=&#8221;||20px|&#8221; global_colors_info=&#8221;{}&#8221; custom_padding__hover=&#8221;|||&#8221;][et_pb_text admin_label=&#8221;M\u00f6tesplats&#8221; _builder_version=&#8221;4.16&#8243; global_colors_info=&#8221;{}&#8221;]<\/p>\n<p><b>M\u00f6tesplats:<\/b><br \/><em>M\u00e5nadens f\u00f6rsta och tredje tisdag:\u00a0<\/em> \u00a0 \u00a0 \u00a0 \u00a0 &#8211; Maj-Lens kabinett, V\u00f6r\u00e5v\u00e4gen 5, 66600 V\u00f6r\u00e5<br \/><em>M\u00e5nadens \u00f6vriga tisdagar:<\/em><br \/>&#8211; Restaurang Elsas k\u00f6k Norrvalla, V\u00f6r\u00e5v\u00e4gen 305-307, 66600 V\u00f6r\u00e5<\/p>\n<p><b>M\u00f6testidpunkt:<\/b><br \/>Tisdag klo 18:00-19:00 (m\u00e5nadens f\u00f6rsta och tredje tisdag)<br \/>Tisdag klo 12.00-13.00 (m\u00e5nadens \u00f6vriga tisdagar)<\/p>\n<p>&nbsp;<\/p>\n<p>[\/et_pb_text][\/et_pb_column_inner][et_pb_column_inner type=&#8221;1_2&#8243; saved_specialty_column_type=&#8221;2_3&#8243; _builder_version=&#8221;4.16&#8243; custom_padding=&#8221;||20px|&#8221; global_colors_info=&#8221;{}&#8221; custom_padding__hover=&#8221;|||&#8221;][et_pb_map address=&#8221;V\u00f6r\u00e5v\u00e4gen 305, 66600 V\u00f6r\u00e5, Finland&#8221; zoom_level=&#8221;10&#8243; address_lat=&#8221;63.153231&#8243; address_lng=&#8221;22.2651101&#8243; admin_label=&#8221;Identifieringar &#8211; Google Maps&#8221; _builder_version=&#8221;4.19.0&#8243; global_colors_info=&#8221;{}&#8221;][et_pb_map_pin title=&#8221;Elsas K\u00f6k&#8221; pin_address=&#8221;V\u00f6r\u00e5v\u00e4gen 305, 66600 V\u00f6r\u00e5, Finland&#8221; pin_address_lat=&#8221;63.153231&#8243; pin_address_lng=&#8221;22.2651101&#8243; _builder_version=&#8221;4.4.8&#8243; global_colors_info=&#8221;{}&#8221;][\/et_pb_map_pin][\/et_pb_map][\/et_pb_column_inner][\/et_pb_row_inner][et_pb_row_inner column_structure=&#8221;1_2,1_2&#8243; admin_label=&#8221;Rivi&#8221; _builder_version=&#8221;4.16&#8243; custom_margin=&#8221;20px||20px|&#8221; custom_padding=&#8221;20px||20px|&#8221; global_colors_info=&#8221;{}&#8221;][et_pb_column_inner type=&#8221;1_2&#8243; saved_specialty_column_type=&#8221;2_3&#8243; _builder_version=&#8221;4.16&#8243; custom_padding=&#8221;||20px|&#8221; global_colors_info=&#8221;{}&#8221; custom_padding__hover=&#8221;|||&#8221;][et_pb_text admin_label=&#8221;President&#8221; _builder_version=&#8221;4.27.4&#8243; hover_enabled=&#8221;0&#8243; global_colors_info=&#8221;{}&#8221; sticky_enabled=&#8221;0&#8243;]<\/p>\n<h3>President<\/h3>\n<p>Anders Bond\u00e9n<br \/>tel. 050 0268705<br \/>anders.bonden@ecce-re.fi<\/p>\n<p>[\/et_pb_text][\/et_pb_column_inner][et_pb_column_inner type=&#8221;1_2&#8243; saved_specialty_column_type=&#8221;2_3&#8243; _builder_version=&#8221;4.16&#8243; custom_padding=&#8221;||20px|&#8221; global_colors_info=&#8221;{}&#8221; custom_padding__hover=&#8221;|||&#8221;][et_pb_text admin_label=&#8221;Sekreterare&#8221; _builder_version=&#8221;4.16&#8243; global_colors_info=&#8221;{}&#8221;]<\/p>\n<h3>Sekreterare<\/h3>\n<p>Jan Bj\u00f6rklund<br \/>tel. 040 0664937<br \/>jan.bjorklund@netikka.fi<\/p>\n<p>[\/et_pb_text][\/et_pb_column_inner][\/et_pb_row_inner][et_pb_row_inner admin_label=&#8221;Rivi&#8221; _builder_version=&#8221;4.16&#8243; global_colors_info=&#8221;{}&#8221;][et_pb_column_inner saved_specialty_column_type=&#8221;2_3&#8243; _builder_version=&#8221;4.16&#8243; custom_padding=&#8221;|||&#8221; global_colors_info=&#8221;{}&#8221; custom_padding__hover=&#8221;|||&#8221;][et_pb_text admin_label=&#8221;\u00d6vriga viktiga kontaktpersoner&#8221; _builder_version=&#8221;4.16&#8243; custom_margin=&#8221;20px|||&#8221; global_colors_info=&#8221;{}&#8221;]<\/p>\n<h3>\u00d6vriga viktiga kontaktpersoner<\/h3>\n<p><span style=\"font-size: 16px\"><strong>Skattm\u00e4stare:<\/strong><\/span><\/p>\n<p><span style=\"font-size: 16px\">Anders Bond\u00e9n<\/span><\/p>\n<p>tel. 050 026 8705<br \/>anders.bonden@ecce-re.fi<\/p>\n<p>[\/et_pb_text][\/et_pb_column_inner][\/et_pb_row_inner][\/et_pb_column][et_pb_column type=&#8221;1_3&#8243; _builder_version=&#8221;4.16&#8243; custom_padding=&#8221;|||&#8221; global_colors_info=&#8221;{}&#8221; custom_padding__hover=&#8221;|||&#8221;][et_pb_sidebar area=&#8221;sidebar-1&#8243; admin_label=&#8221;Sidebar&#8221; module_class=&#8221;sivupalkki_sisalto&#8221; _builder_version=&#8221;4.16&#8243; locked=&#8221;on&#8221; global_colors_info=&#8221;{}&#8221;]<\/p>\n<p>&nbsp;<\/p>\n<p>[\/et_pb_sidebar][\/et_pb_column][\/et_pb_section]<\/p>\n","protected":false},"excerpt":{"rendered":"<p>Kontaktuppgifter Kontaktuppgifter M\u00f6tesplats:M\u00e5nadens f\u00f6rsta och tredje tisdag:\u00a0 \u00a0 \u00a0 \u00a0 \u00a0 &#8211; Maj-Lens kabinett, V\u00f6r\u00e5v\u00e4gen 5, 66600 V\u00f6r\u00e5M\u00e5nadens \u00f6vriga tisdagar:- Restaurang Elsas k\u00f6k Norrvalla, V\u00f6r\u00e5v\u00e4gen 305-307, 66600 V\u00f6r\u00e5 M\u00f6testidpunkt:Tisdag klo 18:00-19:00 (m\u00e5nadens f\u00f6rsta och tredje tisdag)Tisdag klo 12.00-13.00 (m\u00e5nadens \u00f6vriga tisdagar) &nbsp;President Anders Bond\u00e9ntel. 050 0268705anders.bonden@ecce-re.fiSekreterare Jan Bj\u00f6rklundtel. 040 0664937jan.bjorklund@netikka.fi\u00d6vriga viktiga kontaktpersoner Skattm\u00e4stare: Anders Bond\u00e9n [&hellip;]<\/p>\n","protected":false},"author":1,"featured_media":0,"parent":0,"menu_order":6,"comment_status":"closed","ping_status":"closed","template":"","meta":{"_acf_changed":false,"_et_pb_use_builder":"on","_et_pb_old_content":"","_et_gb_content_width":"","footnotes":""},"class_list":["post-1647","page","type-page","status-publish","hentry"],"acf":[],"yoast_head":"<!-- This site is optimized with the Yoast SEO plugin v27.0 - https:\/\/yoast.com\/product\/yoast-seo-wordpress\/ -->\n<title>Kontaktuppgifter - V\u00f6r\u00e5 Rotaryklubb<\/title>\n<meta name=\"robots\" content=\"index, follow, max-snippet:-1, max-image-preview:large, max-video-preview:-1\" \/>\n<link rel=\"canonical\" href=\"https:\/\/rotary.fi\/vora\/sv\/kontaktuppgifter\/\" \/>\n<meta property=\"og:locale\" content=\"fi_FI\" \/>\n<meta property=\"og:type\" content=\"article\" \/>\n<meta property=\"og:title\" content=\"Kontaktuppgifter - V\u00f6r\u00e5 Rotaryklubb\" \/>\n<meta property=\"og:description\" content=\"Kontaktuppgifter Kontaktuppgifter M\u00f6tesplats:M\u00e5nadens f\u00f6rsta och tredje tisdag:\u00a0 \u00a0 \u00a0 \u00a0 \u00a0 - Maj-Lens kabinett, V\u00f6r\u00e5v\u00e4gen 5, 66600 V\u00f6r\u00e5M\u00e5nadens \u00f6vriga tisdagar:- Restaurang Elsas k\u00f6k Norrvalla, V\u00f6r\u00e5v\u00e4gen 305-307, 66600 V\u00f6r\u00e5 M\u00f6testidpunkt:Tisdag klo 18:00-19:00 (m\u00e5nadens f\u00f6rsta och tredje tisdag)Tisdag klo 12.00-13.00 (m\u00e5nadens \u00f6vriga tisdagar) &nbsp;President Anders Bond\u00e9ntel. 050 0268705anders.bonden@ecce-re.fiSekreterare Jan Bj\u00f6rklundtel. 040 0664937jan.bjorklund@netikka.fi\u00d6vriga viktiga kontaktpersoner Skattm\u00e4stare: Anders Bond\u00e9n [&hellip;]\" \/>\n<meta property=\"og:url\" content=\"https:\/\/rotary.fi\/vora\/sv\/kontaktuppgifter\/\" \/>\n<meta property=\"og:site_name\" content=\"V\u00f6r\u00e5 Rotaryklubb\" \/>\n<meta property=\"article:modified_time\" content=\"2026-03-18T18:50:16+00:00\" \/>\n<meta name=\"twitter:card\" content=\"summary_large_image\" \/>\n<script type=\"application\/ld+json\" class=\"yoast-schema-graph\">{\"@context\":\"https:\/\/schema.org\",\"@graph\":[{\"@type\":\"WebPage\",\"@id\":\"https:\/\/rotary.fi\/vora\/sv\/kontaktuppgifter\/\",\"url\":\"https:\/\/rotary.fi\/vora\/sv\/kontaktuppgifter\/\",\"name\":\"Kontaktuppgifter - V\u00f6r\u00e5 Rotaryklubb\",\"isPartOf\":{\"@id\":\"https:\/\/rotary.fi\/vora\/#website\"},\"datePublished\":\"2019-03-20T05:40:06+00:00\",\"dateModified\":\"2026-03-18T18:50:16+00:00\",\"breadcrumb\":{\"@id\":\"https:\/\/rotary.fi\/vora\/sv\/kontaktuppgifter\/#breadcrumb\"},\"inLanguage\":\"fi\",\"potentialAction\":[{\"@type\":\"ReadAction\",\"target\":[\"https:\/\/rotary.fi\/vora\/sv\/kontaktuppgifter\/\"]}]},{\"@type\":\"BreadcrumbList\",\"@id\":\"https:\/\/rotary.fi\/vora\/sv\/kontaktuppgifter\/#breadcrumb\",\"itemListElement\":[{\"@type\":\"ListItem\",\"position\":1,\"name\":\"Home\",\"item\":\"https:\/\/rotary.fi\/vora\/\"},{\"@type\":\"ListItem\",\"position\":2,\"name\":\"Kontaktuppgifter\"}]},{\"@type\":\"WebSite\",\"@id\":\"https:\/\/rotary.fi\/vora\/#website\",\"url\":\"https:\/\/rotary.fi\/vora\/\",\"name\":\"V\u00f6r\u00e5 Rotaryklubb\",\"description\":\"Uusi Rotary klubisivusto\",\"potentialAction\":[{\"@type\":\"SearchAction\",\"target\":{\"@type\":\"EntryPoint\",\"urlTemplate\":\"https:\/\/rotary.fi\/vora\/?s={search_term_string}\"},\"query-input\":{\"@type\":\"PropertyValueSpecification\",\"valueRequired\":true,\"valueName\":\"search_term_string\"}}],\"inLanguage\":\"fi\"}]}<\/script>\n<!-- \/ Yoast SEO plugin. -->","yoast_head_json":{"title":"Kontaktuppgifter - V\u00f6r\u00e5 Rotaryklubb","robots":{"index":"index","follow":"follow","max-snippet":"max-snippet:-1","max-image-preview":"max-image-preview:large","max-video-preview":"max-video-preview:-1"},"canonical":"https:\/\/rotary.fi\/vora\/sv\/kontaktuppgifter\/","og_locale":"fi_FI","og_type":"article","og_title":"Kontaktuppgifter - V\u00f6r\u00e5 Rotaryklubb","og_description":"Kontaktuppgifter Kontaktuppgifter M\u00f6tesplats:M\u00e5nadens f\u00f6rsta och tredje tisdag:\u00a0 \u00a0 \u00a0 \u00a0 \u00a0 - Maj-Lens kabinett, V\u00f6r\u00e5v\u00e4gen 5, 66600 V\u00f6r\u00e5M\u00e5nadens \u00f6vriga tisdagar:- Restaurang Elsas k\u00f6k Norrvalla, V\u00f6r\u00e5v\u00e4gen 305-307, 66600 V\u00f6r\u00e5 M\u00f6testidpunkt:Tisdag klo 18:00-19:00 (m\u00e5nadens f\u00f6rsta och tredje tisdag)Tisdag klo 12.00-13.00 (m\u00e5nadens \u00f6vriga tisdagar) &nbsp;President Anders Bond\u00e9ntel. 050 0268705anders.bonden@ecce-re.fiSekreterare Jan Bj\u00f6rklundtel. 040 0664937jan.bjorklund@netikka.fi\u00d6vriga viktiga kontaktpersoner Skattm\u00e4stare: Anders Bond\u00e9n [&hellip;]","og_url":"https:\/\/rotary.fi\/vora\/sv\/kontaktuppgifter\/","og_site_name":"V\u00f6r\u00e5 Rotaryklubb","article_modified_time":"2026-03-18T18:50:16+00:00","twitter_card":"summary_large_image","schema":{"@context":"https:\/\/schema.org","@graph":[{"@type":"WebPage","@id":"https:\/\/rotary.fi\/vora\/sv\/kontaktuppgifter\/","url":"https:\/\/rotary.fi\/vora\/sv\/kontaktuppgifter\/","name":"Kontaktuppgifter - V\u00f6r\u00e5 Rotaryklubb","isPartOf":{"@id":"https:\/\/rotary.fi\/vora\/#website"},"datePublished":"2019-03-20T05:40:06+00:00","dateModified":"2026-03-18T18:50:16+00:00","breadcrumb":{"@id":"https:\/\/rotary.fi\/vora\/sv\/kontaktuppgifter\/#breadcrumb"},"inLanguage":"fi","potentialAction":[{"@type":"ReadAction","target":["https:\/\/rotary.fi\/vora\/sv\/kontaktuppgifter\/"]}]},{"@type":"BreadcrumbList","@id":"https:\/\/rotary.fi\/vora\/sv\/kontaktuppgifter\/#breadcrumb","itemListElement":[{"@type":"ListItem","position":1,"name":"Home","item":"https:\/\/rotary.fi\/vora\/"},{"@type":"ListItem","position":2,"name":"Kontaktuppgifter"}]},{"@type":"WebSite","@id":"https:\/\/rotary.fi\/vora\/#website","url":"https:\/\/rotary.fi\/vora\/","name":"V\u00f6r\u00e5 Rotaryklubb","description":"Uusi Rotary klubisivusto","potentialAction":[{"@type":"SearchAction","target":{"@type":"EntryPoint","urlTemplate":"https:\/\/rotary.fi\/vora\/?s={search_term_string}"},"query-input":{"@type":"PropertyValueSpecification","valueRequired":true,"valueName":"search_term_string"}}],"inLanguage":"fi"}]}},"lang":"sv","translations":{"sv":1647,"fi":98},"pll_sync_post":[],"_links":{"self":[{"href":"https:\/\/rotary.fi\/vora\/wp-json\/wp\/v2\/pages\/1647","targetHints":{"allow":["GET"]}}],"collection":[{"href":"https:\/\/rotary.fi\/vora\/wp-json\/wp\/v2\/pages"}],"about":[{"href":"https:\/\/rotary.fi\/vora\/wp-json\/wp\/v2\/types\/page"}],"author":[{"embeddable":true,"href":"https:\/\/rotary.fi\/vora\/wp-json\/wp\/v2\/users\/1"}],"replies":[{"embeddable":true,"href":"https:\/\/rotary.fi\/vora\/wp-json\/wp\/v2\/comments?post=1647"}],"version-history":[{"count":10,"href":"https:\/\/rotary.fi\/vora\/wp-json\/wp\/v2\/pages\/1647\/revisions"}],"predecessor-version":[{"id":2352,"href":"https:\/\/rotary.fi\/vora\/wp-json\/wp\/v2\/pages\/1647\/revisions\/2352"}],"wp:attachment":[{"href":"https:\/\/rotary.fi\/vora\/wp-json\/wp\/v2\/media?parent=1647"}],"curies":[{"name":"wp","href":"https:\/\/api.w.org\/{rel}","templated":true}]}}