{"id":1573,"date":"2019-03-19T14:27:31","date_gmt":"2019-03-19T12:27:31","guid":{"rendered":"https:\/\/rotary.fi\/vora\/?page_id=1573"},"modified":"2025-08-22T16:18:31","modified_gmt":"2025-08-22T13:18:31","slug":"arstema","status":"publish","type":"page","link":"https:\/\/rotary.fi\/vora\/sv\/vem-ar-vi\/arstema\/","title":{"rendered":"\u00c5rstema"},"content":{"rendered":"<p>[et_pb_section fb_built=&#8221;1&#8243; module_class=&#8221;jumbotron-page&#8221; _builder_version=&#8221;4.16&#8243; background_image=&#8221;https:\/\/rotary.fi\/vora\/wp-content\/uploads\/sites\/201\/2018\/08\/rotary_klubit_alasivu_paakuva_7.jpg&#8221; global_colors_info=&#8221;{}&#8221;][et_pb_row _builder_version=&#8221;4.16&#8243; background_size=&#8221;initial&#8221; background_position=&#8221;top_left&#8221; background_repeat=&#8221;repeat&#8221; global_colors_info=&#8221;{}&#8221;][et_pb_column type=&#8221;4_4&#8243; _builder_version=&#8221;4.16&#8243; custom_padding=&#8221;|||&#8221; global_colors_info=&#8221;{}&#8221; custom_padding__hover=&#8221;|||&#8221;][et_pb_text admin_label=&#8221;Main \/\/ \u00c5rstema&#8221; _builder_version=&#8221;4.16&#8243; text_orientation=&#8221;center&#8221; background_layout=&#8221;dark&#8221; global_colors_info=&#8221;{}&#8221;]<\/p>\n<h1>Rotary Internationals \u00e5rstema<\/h1>\n<p>[\/et_pb_text][\/et_pb_column][\/et_pb_row][\/et_pb_section][et_pb_section fb_built=&#8221;1&#8243; specialty=&#8221;on&#8221; module_class_2=&#8221;sivupalkki&#8221; _builder_version=&#8221;4.16&#8243; global_colors_info=&#8221;{}&#8221;][et_pb_column type=&#8221;2_3&#8243; specialty_columns=&#8221;2&#8243; _builder_version=&#8221;4.16&#8243; custom_padding=&#8221;|||&#8221; global_colors_info=&#8221;{}&#8221; custom_padding__hover=&#8221;|||&#8221;][et_pb_row_inner admin_label=&#8221;Rivi&#8221; _builder_version=&#8221;4.16&#8243; global_colors_info=&#8221;{}&#8221;][et_pb_column_inner saved_specialty_column_type=&#8221;2_3&#8243; _builder_version=&#8221;4.16&#8243; custom_padding=&#8221;|||&#8221; global_colors_info=&#8221;{}&#8221; custom_padding__hover=&#8221;|||&#8221;][et_pb_text admin_label=&#8221;Rotary Internationals \u00e5rstema &#8211; rubrik&#8221; _builder_version=&#8221;4.27.4&#8243; text_orientation=&#8221;center&#8221; global_colors_info=&#8221;{}&#8221;]<\/p>\n<h1><\/h1>\n<h1>Rotary Internationals \u00e5rstema<\/h1>\n<h1>&#8221;F\u00f6rena er f\u00f6r det goda&#8221;<\/h1>\n<p>&nbsp;<\/p>\n<p>[\/et_pb_text][et_pb_text admin_label=&#8221;Text: \u00e5rstema&#8221; _builder_version=&#8221;4.22.1&#8243; custom_padding=&#8221;0px|||0px||&#8221; global_colors_info=&#8221;{}&#8221;]<\/p>\n<div class=\"et_post_meta_wrapper\" style=\"text-align: center\"><\/div>\n<div class=\"entry-content\">\n<p style=\"text-align: center\"><strong style=\"font-size: 16px\">Francesco Arezzo,<\/strong><span style=\"font-size: 16px\"> <\/span><span style=\"font-size: 16px\">har valt som sitt presidenttema 2025-2026:<\/span><\/p>\n<p><span style=\"color: #000000;font-size: 16px\">\u00a0 \u00a0 \u00a0 \u00a0 \u00a0 \u00a0 \u00a0 \u00a0 \u00a0 \u00a0 \u00a0 \u00a0 \u00a0 \u00a0 \u00a0 \u00a0 \u00a0 \u00a0 \u00a0 \u00a0 \u00a0 \u00a0 \u00a0 \u00a0 \u00a0 \u00a0 \u00a0 \u00a0<\/span><img loading=\"lazy\" decoding=\"async\" src=\"https:\/\/rotary.fi\/vora\/wp-content\/uploads\/sites\/201\/2025\/08\/theme2526-300x238.png\" width=\"300\" height=\"238\" alt=\"\" class=\"wp-image-2308 alignnone size-medium\" style=\"margin-left: auto;margin-right: auto\" \/><\/p>\n<p>L\u00e4s mer p\u00e5 engelska:<span> <a href=\"https:\/\/my.rotary.org\/en\/news-media\/office-president\/ri-president\" target=\"_blank\" rel=\"noopener noreferrer\">prhttps:\/\/my.rotary.org\/en\/news-media\/office-president\/ri-president<\/a><\/span><\/p>\n<\/div>\n<p>[\/et_pb_text][\/et_pb_column_inner][\/et_pb_row_inner][et_pb_row_inner admin_label=&#8221;Rivi&#8221; _builder_version=&#8221;4.16&#8243; global_colors_info=&#8221;{}&#8221;][et_pb_column_inner saved_specialty_column_type=&#8221;2_3&#8243; _builder_version=&#8221;4.16&#8243; custom_padding=&#8221;|||&#8221; global_colors_info=&#8221;{}&#8221; custom_padding__hover=&#8221;|||&#8221;][et_pb_text admin_label=&#8221;\u00c5rstemat f\u00f6r klubben &#8211; rubrik&#8221; _builder_version=&#8221;4.16&#8243; text_orientation=&#8221;center&#8221; global_colors_info=&#8221;{}&#8221;]<\/p>\n<h4>\u00c5rstemat f\u00f6r V\u00f6r\u00e5 Rotaryklubb<\/h4>\n<p>[\/et_pb_text][et_pb_text admin_label=&#8221;Text: \u00c5rstemat f\u00f6r klubben&#8221; _builder_version=&#8221;4.16&#8243; global_colors_info=&#8221;{}&#8221;]<\/p>\n<p class=\"p1\"><span class=\"s1\">V\u00e5r egen klubb koncentrerar sig p\u00e5 att aktivera medlemmarna och p\u00e5 att utveckla v\u00e5r yttre image. Vi vill g\u00f6ra Rotarys verksamhet mer synlig. Vi riktar allt mera v\u00e5ra aktiviteter mot unga f\u00f6r att st\u00f6da deras personliga utveckling till handlingskraftiga och v\u00e4lm\u00e5ende vuxna.<\/span><\/p>\n<p>[\/et_pb_text][\/et_pb_column_inner][\/et_pb_row_inner][\/et_pb_column][et_pb_column type=&#8221;1_3&#8243; _builder_version=&#8221;4.16&#8243; custom_padding=&#8221;|||&#8221; global_colors_info=&#8221;{}&#8221; custom_padding__hover=&#8221;|||&#8221;][et_pb_sidebar area=&#8221;sidebar-1&#8243; admin_label=&#8221;Sidebar&#8221; module_class=&#8221;sivupalkki_sisalto&#8221; _builder_version=&#8221;4.16&#8243; locked=&#8221;on&#8221; global_colors_info=&#8221;{}&#8221;][\/et_pb_sidebar][\/et_pb_column][\/et_pb_section]<\/p>\n","protected":false},"excerpt":{"rendered":"<p>Rotary Internationals \u00e5rstema Rotary Internationals \u00e5rstema &#8221;F\u00f6rena er f\u00f6r det goda&#8221; &nbsp; Francesco Arezzo, har valt som sitt presidenttema 2025-2026: \u00a0 \u00a0 \u00a0 \u00a0 \u00a0 \u00a0 \u00a0 \u00a0 \u00a0 \u00a0 \u00a0 \u00a0 \u00a0 \u00a0 \u00a0 \u00a0 \u00a0 \u00a0 \u00a0 \u00a0 \u00a0 \u00a0 \u00a0 \u00a0 \u00a0 \u00a0 \u00a0 \u00a0 L\u00e4s mer p\u00e5 engelska: prhttps:\/\/my.rotary.org\/en\/news-media\/office-president\/ri-president \u00c5rstemat f\u00f6r [&hellip;]<\/p>\n","protected":false},"author":1,"featured_media":0,"parent":1565,"menu_order":2,"comment_status":"closed","ping_status":"closed","template":"","meta":{"_acf_changed":false,"_et_pb_use_builder":"on","_et_pb_old_content":"","_et_gb_content_width":"","footnotes":""},"class_list":["post-1573","page","type-page","status-publish","hentry"],"acf":[],"yoast_head":"<!-- This site is optimized with the Yoast SEO plugin v27.0 - https:\/\/yoast.com\/product\/yoast-seo-wordpress\/ -->\n<title>\u00c5rstema - V\u00f6r\u00e5 Rotaryklubb<\/title>\n<meta name=\"robots\" content=\"index, follow, max-snippet:-1, max-image-preview:large, max-video-preview:-1\" \/>\n<link rel=\"canonical\" href=\"https:\/\/rotary.fi\/vora\/sv\/vem-ar-vi\/arstema\/\" \/>\n<meta property=\"og:locale\" content=\"fi_FI\" \/>\n<meta property=\"og:type\" content=\"article\" \/>\n<meta property=\"og:title\" content=\"\u00c5rstema - V\u00f6r\u00e5 Rotaryklubb\" \/>\n<meta property=\"og:description\" content=\"Rotary Internationals \u00e5rstema Rotary Internationals \u00e5rstema &quot;F\u00f6rena er f\u00f6r det goda&quot; &nbsp; Francesco Arezzo, har valt som sitt presidenttema 2025-2026: \u00a0 \u00a0 \u00a0 \u00a0 \u00a0 \u00a0 \u00a0 \u00a0 \u00a0 \u00a0 \u00a0 \u00a0 \u00a0 \u00a0 \u00a0 \u00a0 \u00a0 \u00a0 \u00a0 \u00a0 \u00a0 \u00a0 \u00a0 \u00a0 \u00a0 \u00a0 \u00a0 \u00a0 L\u00e4s mer p\u00e5 engelska: prhttps:\/\/my.rotary.org\/en\/news-media\/office-president\/ri-president \u00c5rstemat f\u00f6r [&hellip;]\" \/>\n<meta property=\"og:url\" content=\"https:\/\/rotary.fi\/vora\/sv\/vem-ar-vi\/arstema\/\" \/>\n<meta property=\"og:site_name\" content=\"V\u00f6r\u00e5 Rotaryklubb\" \/>\n<meta property=\"article:modified_time\" content=\"2025-08-22T13:18:31+00:00\" \/>\n<meta property=\"og:image\" content=\"https:\/\/rotary.fi\/vora\/wp-content\/uploads\/sites\/201\/2025\/08\/theme2526.png\" \/>\n\t<meta property=\"og:image:width\" content=\"506\" \/>\n\t<meta property=\"og:image:height\" content=\"402\" \/>\n\t<meta property=\"og:image:type\" content=\"image\/png\" \/>\n<meta name=\"twitter:card\" content=\"summary_large_image\" \/>\n<meta name=\"twitter:label1\" content=\"Arvioitu lukuaika\" \/>\n\t<meta name=\"twitter:data1\" content=\"2 minuuttia\" \/>\n<script type=\"application\/ld+json\" class=\"yoast-schema-graph\">{\"@context\":\"https:\/\/schema.org\",\"@graph\":[{\"@type\":\"WebPage\",\"@id\":\"https:\/\/rotary.fi\/vora\/sv\/vem-ar-vi\/arstema\/\",\"url\":\"https:\/\/rotary.fi\/vora\/sv\/vem-ar-vi\/arstema\/\",\"name\":\"\u00c5rstema - V\u00f6r\u00e5 Rotaryklubb\",\"isPartOf\":{\"@id\":\"https:\/\/rotary.fi\/vora\/#website\"},\"primaryImageOfPage\":{\"@id\":\"https:\/\/rotary.fi\/vora\/sv\/vem-ar-vi\/arstema\/#primaryimage\"},\"image\":{\"@id\":\"https:\/\/rotary.fi\/vora\/sv\/vem-ar-vi\/arstema\/#primaryimage\"},\"thumbnailUrl\":\"https:\/\/rotary.fi\/vora\/wp-content\/uploads\/sites\/201\/2025\/08\/theme2526-300x238.png\",\"datePublished\":\"2019-03-19T12:27:31+00:00\",\"dateModified\":\"2025-08-22T13:18:31+00:00\",\"breadcrumb\":{\"@id\":\"https:\/\/rotary.fi\/vora\/sv\/vem-ar-vi\/arstema\/#breadcrumb\"},\"inLanguage\":\"fi\",\"potentialAction\":[{\"@type\":\"ReadAction\",\"target\":[\"https:\/\/rotary.fi\/vora\/sv\/vem-ar-vi\/arstema\/\"]}]},{\"@type\":\"ImageObject\",\"inLanguage\":\"fi\",\"@id\":\"https:\/\/rotary.fi\/vora\/sv\/vem-ar-vi\/arstema\/#primaryimage\",\"url\":\"https:\/\/rotary.fi\/vora\/wp-content\/uploads\/sites\/201\/2025\/08\/theme2526.png\",\"contentUrl\":\"https:\/\/rotary.fi\/vora\/wp-content\/uploads\/sites\/201\/2025\/08\/theme2526.png\",\"width\":506,\"height\":402},{\"@type\":\"BreadcrumbList\",\"@id\":\"https:\/\/rotary.fi\/vora\/sv\/vem-ar-vi\/arstema\/#breadcrumb\",\"itemListElement\":[{\"@type\":\"ListItem\",\"position\":1,\"name\":\"Home\",\"item\":\"https:\/\/rotary.fi\/vora\/\"},{\"@type\":\"ListItem\",\"position\":2,\"name\":\"Vem \u00e4r vi\",\"item\":\"https:\/\/rotary.fi\/vora\/sv\/vem-ar-vi\/\"},{\"@type\":\"ListItem\",\"position\":3,\"name\":\"\u00c5rstema\"}]},{\"@type\":\"WebSite\",\"@id\":\"https:\/\/rotary.fi\/vora\/#website\",\"url\":\"https:\/\/rotary.fi\/vora\/\",\"name\":\"V\u00f6r\u00e5 Rotaryklubb\",\"description\":\"Uusi Rotary klubisivusto\",\"potentialAction\":[{\"@type\":\"SearchAction\",\"target\":{\"@type\":\"EntryPoint\",\"urlTemplate\":\"https:\/\/rotary.fi\/vora\/?s={search_term_string}\"},\"query-input\":{\"@type\":\"PropertyValueSpecification\",\"valueRequired\":true,\"valueName\":\"search_term_string\"}}],\"inLanguage\":\"fi\"}]}<\/script>\n<!-- \/ Yoast SEO plugin. -->","yoast_head_json":{"title":"\u00c5rstema - V\u00f6r\u00e5 Rotaryklubb","robots":{"index":"index","follow":"follow","max-snippet":"max-snippet:-1","max-image-preview":"max-image-preview:large","max-video-preview":"max-video-preview:-1"},"canonical":"https:\/\/rotary.fi\/vora\/sv\/vem-ar-vi\/arstema\/","og_locale":"fi_FI","og_type":"article","og_title":"\u00c5rstema - V\u00f6r\u00e5 Rotaryklubb","og_description":"Rotary Internationals \u00e5rstema Rotary Internationals \u00e5rstema \"F\u00f6rena er f\u00f6r det goda\" &nbsp; Francesco Arezzo, har valt som sitt presidenttema 2025-2026: \u00a0 \u00a0 \u00a0 \u00a0 \u00a0 \u00a0 \u00a0 \u00a0 \u00a0 \u00a0 \u00a0 \u00a0 \u00a0 \u00a0 \u00a0 \u00a0 \u00a0 \u00a0 \u00a0 \u00a0 \u00a0 \u00a0 \u00a0 \u00a0 \u00a0 \u00a0 \u00a0 \u00a0 L\u00e4s mer p\u00e5 engelska: prhttps:\/\/my.rotary.org\/en\/news-media\/office-president\/ri-president \u00c5rstemat f\u00f6r [&hellip;]","og_url":"https:\/\/rotary.fi\/vora\/sv\/vem-ar-vi\/arstema\/","og_site_name":"V\u00f6r\u00e5 Rotaryklubb","article_modified_time":"2025-08-22T13:18:31+00:00","og_image":[{"width":506,"height":402,"url":"https:\/\/rotary.fi\/vora\/wp-content\/uploads\/sites\/201\/2025\/08\/theme2526.png","type":"image\/png"}],"twitter_card":"summary_large_image","twitter_misc":{"Arvioitu lukuaika":"2 minuuttia"},"schema":{"@context":"https:\/\/schema.org","@graph":[{"@type":"WebPage","@id":"https:\/\/rotary.fi\/vora\/sv\/vem-ar-vi\/arstema\/","url":"https:\/\/rotary.fi\/vora\/sv\/vem-ar-vi\/arstema\/","name":"\u00c5rstema - V\u00f6r\u00e5 Rotaryklubb","isPartOf":{"@id":"https:\/\/rotary.fi\/vora\/#website"},"primaryImageOfPage":{"@id":"https:\/\/rotary.fi\/vora\/sv\/vem-ar-vi\/arstema\/#primaryimage"},"image":{"@id":"https:\/\/rotary.fi\/vora\/sv\/vem-ar-vi\/arstema\/#primaryimage"},"thumbnailUrl":"https:\/\/rotary.fi\/vora\/wp-content\/uploads\/sites\/201\/2025\/08\/theme2526-300x238.png","datePublished":"2019-03-19T12:27:31+00:00","dateModified":"2025-08-22T13:18:31+00:00","breadcrumb":{"@id":"https:\/\/rotary.fi\/vora\/sv\/vem-ar-vi\/arstema\/#breadcrumb"},"inLanguage":"fi","potentialAction":[{"@type":"ReadAction","target":["https:\/\/rotary.fi\/vora\/sv\/vem-ar-vi\/arstema\/"]}]},{"@type":"ImageObject","inLanguage":"fi","@id":"https:\/\/rotary.fi\/vora\/sv\/vem-ar-vi\/arstema\/#primaryimage","url":"https:\/\/rotary.fi\/vora\/wp-content\/uploads\/sites\/201\/2025\/08\/theme2526.png","contentUrl":"https:\/\/rotary.fi\/vora\/wp-content\/uploads\/sites\/201\/2025\/08\/theme2526.png","width":506,"height":402},{"@type":"BreadcrumbList","@id":"https:\/\/rotary.fi\/vora\/sv\/vem-ar-vi\/arstema\/#breadcrumb","itemListElement":[{"@type":"ListItem","position":1,"name":"Home","item":"https:\/\/rotary.fi\/vora\/"},{"@type":"ListItem","position":2,"name":"Vem \u00e4r vi","item":"https:\/\/rotary.fi\/vora\/sv\/vem-ar-vi\/"},{"@type":"ListItem","position":3,"name":"\u00c5rstema"}]},{"@type":"WebSite","@id":"https:\/\/rotary.fi\/vora\/#website","url":"https:\/\/rotary.fi\/vora\/","name":"V\u00f6r\u00e5 Rotaryklubb","description":"Uusi Rotary klubisivusto","potentialAction":[{"@type":"SearchAction","target":{"@type":"EntryPoint","urlTemplate":"https:\/\/rotary.fi\/vora\/?s={search_term_string}"},"query-input":{"@type":"PropertyValueSpecification","valueRequired":true,"valueName":"search_term_string"}}],"inLanguage":"fi"}]}},"lang":"sv","translations":{"sv":1573,"fi":138},"pll_sync_post":[],"_links":{"self":[{"href":"https:\/\/rotary.fi\/vora\/wp-json\/wp\/v2\/pages\/1573","targetHints":{"allow":["GET"]}}],"collection":[{"href":"https:\/\/rotary.fi\/vora\/wp-json\/wp\/v2\/pages"}],"about":[{"href":"https:\/\/rotary.fi\/vora\/wp-json\/wp\/v2\/types\/page"}],"author":[{"embeddable":true,"href":"https:\/\/rotary.fi\/vora\/wp-json\/wp\/v2\/users\/1"}],"replies":[{"embeddable":true,"href":"https:\/\/rotary.fi\/vora\/wp-json\/wp\/v2\/comments?post=1573"}],"version-history":[{"count":11,"href":"https:\/\/rotary.fi\/vora\/wp-json\/wp\/v2\/pages\/1573\/revisions"}],"predecessor-version":[{"id":2314,"href":"https:\/\/rotary.fi\/vora\/wp-json\/wp\/v2\/pages\/1573\/revisions\/2314"}],"up":[{"embeddable":true,"href":"https:\/\/rotary.fi\/vora\/wp-json\/wp\/v2\/pages\/1565"}],"wp:attachment":[{"href":"https:\/\/rotary.fi\/vora\/wp-json\/wp\/v2\/media?parent=1573"}],"curies":[{"name":"wp","href":"https:\/\/api.w.org\/{rel}","templated":true}]}}