{"id":1565,"date":"2019-03-19T14:04:50","date_gmt":"2019-03-19T12:04:50","guid":{"rendered":"https:\/\/rotary.fi\/vora\/?page_id=1565"},"modified":"2023-04-04T18:33:27","modified_gmt":"2023-04-04T15:33:27","slug":"vem-ar-vi","status":"publish","type":"page","link":"https:\/\/rotary.fi\/vora\/sv\/vem-ar-vi\/","title":{"rendered":"Vem \u00e4r vi"},"content":{"rendered":"<p>[et_pb_section fb_built=&#8221;1&#8243; module_class=&#8221;jumbotron-page&#8221; _builder_version=&#8221;4.16&#8243; background_image=&#8221;https:\/\/rotary.fi\/vora\/wp-content\/uploads\/sites\/201\/2020\/10\/rotary-himmel-hav-2-e1601569302879.jpg&#8221; global_colors_info=&#8221;{}&#8221;][et_pb_row _builder_version=&#8221;4.16&#8243; background_size=&#8221;initial&#8221; background_position=&#8221;top_left&#8221; background_repeat=&#8221;repeat&#8221; global_colors_info=&#8221;{}&#8221;][et_pb_column type=&#8221;4_4&#8243; _builder_version=&#8221;4.16&#8243; custom_padding=&#8221;|||&#8221; global_colors_info=&#8221;{}&#8221; custom_padding__hover=&#8221;|||&#8221;][et_pb_text admin_label=&#8221;Main \/\/ Vem \u00e4r vi&#8221; _builder_version=&#8221;4.16&#8243; text_orientation=&#8221;center&#8221; background_layout=&#8221;dark&#8221; global_colors_info=&#8221;{}&#8221;]<\/p>\n<h1>Vem \u00e4r vi<\/h1>\n<p>[\/et_pb_text][\/et_pb_column][\/et_pb_row][\/et_pb_section][et_pb_section fb_built=&#8221;1&#8243; specialty=&#8221;on&#8221; module_class_2=&#8221;sivupalkki&#8221; _builder_version=&#8221;4.16&#8243; global_colors_info=&#8221;{}&#8221;][et_pb_column type=&#8221;2_3&#8243; specialty_columns=&#8221;2&#8243; _builder_version=&#8221;4.16&#8243; custom_padding=&#8221;|||&#8221; global_colors_info=&#8221;{}&#8221; custom_padding__hover=&#8221;|||&#8221;][et_pb_row_inner admin_label=&#8221;Rivi&#8221; _builder_version=&#8221;4.16&#8243; global_colors_info=&#8221;{}&#8221;][et_pb_column_inner saved_specialty_column_type=&#8221;2_3&#8243; _builder_version=&#8221;4.16&#8243; custom_padding=&#8221;|||&#8221; global_colors_info=&#8221;{}&#8221; custom_padding__hover=&#8221;|||&#8221;][et_pb_text admin_label=&#8221;Vem \u00e4r vi &#8211; rubrik&#8221; _builder_version=&#8221;4.16&#8243; text_orientation=&#8221;center&#8221; global_colors_info=&#8221;{}&#8221;]<\/p>\n<h1>Vem \u00e4r vi<\/h1>\n<p>[\/et_pb_text][et_pb_text admin_label=&#8221;Text: Vem \u00e4r vi&#8221; _builder_version=&#8221;4.16&#8243; global_colors_info=&#8221;{}&#8221;]<\/p>\n<p>1<span style=\"font-size: 16px\"><\/span><\/p>\n<p><span style=\"font-size: 16px\">V\u00f6r\u00e5 Rotaryklubb str\u00e4var till att vara en aktiv rotaryklubb i V\u00f6r\u00e5. Vi sammantr\u00e4der m\u00e5nadens f\u00f6rsta och tredje tisdag till kv\u00e4llsm\u00f6te kl. 18:00 i Maj-Lens kabinett p\u00e5 Norrvalla och \u00f6vriga tisdagar i m\u00e5naden till lunchm\u00f6te kl. 12:00-13:00 p\u00e5 Elsas k\u00f6k i matsalskabinettet f\u00f6r att tr\u00e4ffa varandra, lyssna p\u00e5 intressanta f\u00f6redrag och befr\u00e4mja v\u00e4lm\u00e5endet p\u00e5 v\u00e5r ort. Exkursioner h\u00f6r ocks\u00e5 till v\u00e5rt program. Vi st\u00f6der den internationella Rotaryorganisationens humanit\u00e4ra projekt, deltar i ungdomsutbyte i m\u00e5n av m\u00f6jlighet och befr\u00e4mjar v\u00e4lm\u00e5endet i v\u00e5r n\u00e4romgivning.<\/span><span style=\"font-size: 16px\">\u00a0<\/span><span style=\"font-size: 16px\">\u00a0<\/span><\/p>\n<p><span style=\"font-size: 16px\">V\u00e5r klubb \u00e4r grundad 28.10.1954. V\u00e5r fadderklubb \u00e4r Oravais Rotaryklubb. V\u00e5r klubb har f\u00f6r tillf\u00e4llet endast 9 medlemmar (varav 1 \u00e4r hedersmedlem) och d\u00e4rf\u00f6r s\u00f6ker vi unga aktiva medlemmar f\u00f6r att i framtiden s\u00e4kerst\u00e4lla v\u00e5r viktiga n\u00e4rvaro och funktion p\u00e5 orten. Vi h\u00f6r till distrikt 1385 (L\u00e4nk till <\/span><a href=\"https:\/\/rotary.fi\/d1385\/sv\/framsida\/\" style=\"font-size: 16px\">distriktets<\/a><span style=\"font-size: 16px\">\u00a0sida).<\/span><\/p>\n<p>&nbsp;<\/p>\n<h4>Ett intresse med inneh\u00e5ll\u00a0<\/h4>\n<p>V\u00f6r\u00e5 Rotaryklubb st\u00f6der ungdomar genom att i m\u00e5n av m\u00f6jlighet s\u00e4nda unga ut i v\u00e4rlden via Rotarys internationella ungdomsutbyte. Vi anser att ungdomsutbytet \u00e4r ett utm\u00e4rkt s\u00e4tt att befr\u00e4mja internationellt samf\u00f6rst\u00e5nd och fredsfostran p\u00e5 gr\u00e4srotsniv\u00e5.<\/p>\n<p><span style=\"font-size: 16px\">Vi st\u00f6der g\u00e4rna viktiga kulturella och sociala utvecklingsbehov.<\/span><\/p>\n<p>Vi uppskattar Rotary Internationals str\u00e4vanden och organisationens v\u00e4rdefulla arbete att bland annat utrota polion i v\u00e4rlden. Till enbart detta arbete har Rotary satsat rikligt med frivilligarbete samt \u00f6ver 1,2 miljarder USD.<span style=\"font-size: 16px\"><\/span><\/p>\n<p>\u00a0<span style=\"font-size: 16px\">\u00a0<\/span><\/p>\n<h4>Ett internationellt n\u00e4tverk av betydelse<\/h4>\n<p>Rotary \u00e4r en internationell service- och v\u00e4lg\u00f6renhetsorganisation\u00a0 grundad i Chicago 23.2.1905. Rotary Internationals hemort \u00e4r Evanston, i delstaten Illinois, USA. V\u00e5rt motto \u00e4r <strong>osj\u00e4lviskt tj\u00e4nande<\/strong> (Service Above Self).<\/p>\n<p>Rotary har 1,2 miljoner medlemmar f\u00f6rdelade i 35 000 klubbar i \u00f6ver 200 l\u00e4nder. Finland \u00e4r uppdelat i fem rotarydistrikt. Till ett av distrikten h\u00f6r \u00e4ven klubbarna i Estland. Det finns sammanlagt 300 klubbar med \u00f6ver 10 000 rotarianer i Finland och Estland.<\/p>\n<p>&nbsp;<\/p>\n<p>&nbsp;<\/p>\n<p>[\/et_pb_text][\/et_pb_column_inner][\/et_pb_row_inner][\/et_pb_column][et_pb_column type=&#8221;1_3&#8243; _builder_version=&#8221;4.16&#8243; custom_padding=&#8221;|||&#8221; global_colors_info=&#8221;{}&#8221; custom_padding__hover=&#8221;|||&#8221;][et_pb_sidebar area=&#8221;sidebar-1&#8243; module_class=&#8221;sivupalkki_sisalto&#8221; _builder_version=&#8221;4.16&#8243; locked=&#8221;on&#8221; global_colors_info=&#8221;{}&#8221;]<\/p>\n<p>[\/et_pb_sidebar][\/et_pb_column][\/et_pb_section]<\/p>\n","protected":false},"excerpt":{"rendered":"<p>Vem \u00e4r vi Vem \u00e4r vi 1 V\u00f6r\u00e5 Rotaryklubb str\u00e4var till att vara en aktiv rotaryklubb i V\u00f6r\u00e5. Vi sammantr\u00e4der m\u00e5nadens f\u00f6rsta och tredje tisdag till kv\u00e4llsm\u00f6te kl. 18:00 i Maj-Lens kabinett p\u00e5 Norrvalla och \u00f6vriga tisdagar i m\u00e5naden till lunchm\u00f6te kl. 12:00-13:00 p\u00e5 Elsas k\u00f6k i matsalskabinettet f\u00f6r att tr\u00e4ffa varandra, lyssna p\u00e5 intressanta [&hellip;]<\/p>\n","protected":false},"author":1,"featured_media":0,"parent":0,"menu_order":1,"comment_status":"closed","ping_status":"closed","template":"","meta":{"_acf_changed":false,"_et_pb_use_builder":"on","_et_pb_old_content":"","_et_gb_content_width":"","footnotes":""},"class_list":["post-1565","page","type-page","status-publish","hentry"],"acf":[],"yoast_head":"<!-- This site is optimized with the Yoast SEO plugin v27.0 - https:\/\/yoast.com\/product\/yoast-seo-wordpress\/ -->\n<title>Vem \u00e4r vi - V\u00f6r\u00e5 Rotaryklubb<\/title>\n<meta name=\"robots\" content=\"index, follow, max-snippet:-1, max-image-preview:large, max-video-preview:-1\" \/>\n<link rel=\"canonical\" href=\"https:\/\/rotary.fi\/vora\/sv\/vem-ar-vi\/\" \/>\n<meta property=\"og:locale\" content=\"fi_FI\" \/>\n<meta property=\"og:type\" content=\"article\" \/>\n<meta property=\"og:title\" content=\"Vem \u00e4r vi - V\u00f6r\u00e5 Rotaryklubb\" \/>\n<meta property=\"og:description\" content=\"Vem \u00e4r vi Vem \u00e4r vi 1 V\u00f6r\u00e5 Rotaryklubb str\u00e4var till att vara en aktiv rotaryklubb i V\u00f6r\u00e5. Vi sammantr\u00e4der m\u00e5nadens f\u00f6rsta och tredje tisdag till kv\u00e4llsm\u00f6te kl. 18:00 i Maj-Lens kabinett p\u00e5 Norrvalla och \u00f6vriga tisdagar i m\u00e5naden till lunchm\u00f6te kl. 12:00-13:00 p\u00e5 Elsas k\u00f6k i matsalskabinettet f\u00f6r att tr\u00e4ffa varandra, lyssna p\u00e5 intressanta [&hellip;]\" \/>\n<meta property=\"og:url\" content=\"https:\/\/rotary.fi\/vora\/sv\/vem-ar-vi\/\" \/>\n<meta property=\"og:site_name\" content=\"V\u00f6r\u00e5 Rotaryklubb\" \/>\n<meta property=\"article:modified_time\" content=\"2023-04-04T15:33:27+00:00\" \/>\n<meta name=\"twitter:card\" content=\"summary_large_image\" \/>\n<meta name=\"twitter:label1\" content=\"Arvioitu lukuaika\" \/>\n\t<meta name=\"twitter:data1\" content=\"3 minuuttia\" \/>\n<script type=\"application\/ld+json\" class=\"yoast-schema-graph\">{\"@context\":\"https:\/\/schema.org\",\"@graph\":[{\"@type\":\"WebPage\",\"@id\":\"https:\/\/rotary.fi\/vora\/sv\/vem-ar-vi\/\",\"url\":\"https:\/\/rotary.fi\/vora\/sv\/vem-ar-vi\/\",\"name\":\"Vem \u00e4r vi - V\u00f6r\u00e5 Rotaryklubb\",\"isPartOf\":{\"@id\":\"https:\/\/rotary.fi\/vora\/#website\"},\"datePublished\":\"2019-03-19T12:04:50+00:00\",\"dateModified\":\"2023-04-04T15:33:27+00:00\",\"breadcrumb\":{\"@id\":\"https:\/\/rotary.fi\/vora\/sv\/vem-ar-vi\/#breadcrumb\"},\"inLanguage\":\"fi\",\"potentialAction\":[{\"@type\":\"ReadAction\",\"target\":[\"https:\/\/rotary.fi\/vora\/sv\/vem-ar-vi\/\"]}]},{\"@type\":\"BreadcrumbList\",\"@id\":\"https:\/\/rotary.fi\/vora\/sv\/vem-ar-vi\/#breadcrumb\",\"itemListElement\":[{\"@type\":\"ListItem\",\"position\":1,\"name\":\"Home\",\"item\":\"https:\/\/rotary.fi\/vora\/\"},{\"@type\":\"ListItem\",\"position\":2,\"name\":\"Vem \u00e4r vi\"}]},{\"@type\":\"WebSite\",\"@id\":\"https:\/\/rotary.fi\/vora\/#website\",\"url\":\"https:\/\/rotary.fi\/vora\/\",\"name\":\"V\u00f6r\u00e5 Rotaryklubb\",\"description\":\"Uusi Rotary klubisivusto\",\"potentialAction\":[{\"@type\":\"SearchAction\",\"target\":{\"@type\":\"EntryPoint\",\"urlTemplate\":\"https:\/\/rotary.fi\/vora\/?s={search_term_string}\"},\"query-input\":{\"@type\":\"PropertyValueSpecification\",\"valueRequired\":true,\"valueName\":\"search_term_string\"}}],\"inLanguage\":\"fi\"}]}<\/script>\n<!-- \/ Yoast SEO plugin. -->","yoast_head_json":{"title":"Vem \u00e4r vi - V\u00f6r\u00e5 Rotaryklubb","robots":{"index":"index","follow":"follow","max-snippet":"max-snippet:-1","max-image-preview":"max-image-preview:large","max-video-preview":"max-video-preview:-1"},"canonical":"https:\/\/rotary.fi\/vora\/sv\/vem-ar-vi\/","og_locale":"fi_FI","og_type":"article","og_title":"Vem \u00e4r vi - V\u00f6r\u00e5 Rotaryklubb","og_description":"Vem \u00e4r vi Vem \u00e4r vi 1 V\u00f6r\u00e5 Rotaryklubb str\u00e4var till att vara en aktiv rotaryklubb i V\u00f6r\u00e5. Vi sammantr\u00e4der m\u00e5nadens f\u00f6rsta och tredje tisdag till kv\u00e4llsm\u00f6te kl. 18:00 i Maj-Lens kabinett p\u00e5 Norrvalla och \u00f6vriga tisdagar i m\u00e5naden till lunchm\u00f6te kl. 12:00-13:00 p\u00e5 Elsas k\u00f6k i matsalskabinettet f\u00f6r att tr\u00e4ffa varandra, lyssna p\u00e5 intressanta [&hellip;]","og_url":"https:\/\/rotary.fi\/vora\/sv\/vem-ar-vi\/","og_site_name":"V\u00f6r\u00e5 Rotaryklubb","article_modified_time":"2023-04-04T15:33:27+00:00","twitter_card":"summary_large_image","twitter_misc":{"Arvioitu lukuaika":"3 minuuttia"},"schema":{"@context":"https:\/\/schema.org","@graph":[{"@type":"WebPage","@id":"https:\/\/rotary.fi\/vora\/sv\/vem-ar-vi\/","url":"https:\/\/rotary.fi\/vora\/sv\/vem-ar-vi\/","name":"Vem \u00e4r vi - V\u00f6r\u00e5 Rotaryklubb","isPartOf":{"@id":"https:\/\/rotary.fi\/vora\/#website"},"datePublished":"2019-03-19T12:04:50+00:00","dateModified":"2023-04-04T15:33:27+00:00","breadcrumb":{"@id":"https:\/\/rotary.fi\/vora\/sv\/vem-ar-vi\/#breadcrumb"},"inLanguage":"fi","potentialAction":[{"@type":"ReadAction","target":["https:\/\/rotary.fi\/vora\/sv\/vem-ar-vi\/"]}]},{"@type":"BreadcrumbList","@id":"https:\/\/rotary.fi\/vora\/sv\/vem-ar-vi\/#breadcrumb","itemListElement":[{"@type":"ListItem","position":1,"name":"Home","item":"https:\/\/rotary.fi\/vora\/"},{"@type":"ListItem","position":2,"name":"Vem \u00e4r vi"}]},{"@type":"WebSite","@id":"https:\/\/rotary.fi\/vora\/#website","url":"https:\/\/rotary.fi\/vora\/","name":"V\u00f6r\u00e5 Rotaryklubb","description":"Uusi Rotary klubisivusto","potentialAction":[{"@type":"SearchAction","target":{"@type":"EntryPoint","urlTemplate":"https:\/\/rotary.fi\/vora\/?s={search_term_string}"},"query-input":{"@type":"PropertyValueSpecification","valueRequired":true,"valueName":"search_term_string"}}],"inLanguage":"fi"}]}},"lang":"sv","translations":{"sv":1565,"fi":129},"pll_sync_post":[],"_links":{"self":[{"href":"https:\/\/rotary.fi\/vora\/wp-json\/wp\/v2\/pages\/1565","targetHints":{"allow":["GET"]}}],"collection":[{"href":"https:\/\/rotary.fi\/vora\/wp-json\/wp\/v2\/pages"}],"about":[{"href":"https:\/\/rotary.fi\/vora\/wp-json\/wp\/v2\/types\/page"}],"author":[{"embeddable":true,"href":"https:\/\/rotary.fi\/vora\/wp-json\/wp\/v2\/users\/1"}],"replies":[{"embeddable":true,"href":"https:\/\/rotary.fi\/vora\/wp-json\/wp\/v2\/comments?post=1565"}],"version-history":[{"count":9,"href":"https:\/\/rotary.fi\/vora\/wp-json\/wp\/v2\/pages\/1565\/revisions"}],"predecessor-version":[{"id":2203,"href":"https:\/\/rotary.fi\/vora\/wp-json\/wp\/v2\/pages\/1565\/revisions\/2203"}],"wp:attachment":[{"href":"https:\/\/rotary.fi\/vora\/wp-json\/wp\/v2\/media?parent=1565"}],"curies":[{"name":"wp","href":"https:\/\/api.w.org\/{rel}","templated":true}]}}