{"id":138,"date":"2018-08-10T14:01:44","date_gmt":"2018-08-10T11:01:44","guid":{"rendered":"https:\/\/rotary.fi\/klubi2\/?page_id=138"},"modified":"2025-08-22T17:18:11","modified_gmt":"2025-08-22T14:18:11","slug":"vuositeema","status":"publish","type":"page","link":"https:\/\/rotary.fi\/vora\/keita-olemme\/vuositeema\/","title":{"rendered":"Vuositeema"},"content":{"rendered":"<p>[et_pb_section fb_built=&#8221;1&#8243; module_class=&#8221;jumbotron-page&#8221; _builder_version=&#8221;4.16&#8243; background_image=&#8221;https:\/\/rotary.fi\/vora\/wp-content\/uploads\/sites\/201\/2018\/08\/rotary_klubit_alasivu_paakuva_7.jpg&#8221; global_colors_info=&#8221;{}&#8221;][et_pb_row _builder_version=&#8221;4.16&#8243; background_size=&#8221;initial&#8221; background_position=&#8221;top_left&#8221; background_repeat=&#8221;repeat&#8221; global_colors_info=&#8221;{}&#8221;][et_pb_column type=&#8221;4_4&#8243; _builder_version=&#8221;4.16&#8243; custom_padding=&#8221;|||&#8221; global_colors_info=&#8221;{}&#8221; custom_padding__hover=&#8221;|||&#8221;][et_pb_text admin_label=&#8221;P\u00e4\u00e4otsikko&#8221; _builder_version=&#8221;4.16&#8243; text_orientation=&#8221;center&#8221; background_layout=&#8221;dark&#8221; global_colors_info=&#8221;{}&#8221;]<\/p>\n<h1>Vuositeema<\/h1>\n<p>&nbsp;<\/p>\n<p>[\/et_pb_text][\/et_pb_column][\/et_pb_row][\/et_pb_section][et_pb_section fb_built=&#8221;1&#8243; specialty=&#8221;on&#8221; module_class_2=&#8221;sivupalkki&#8221; _builder_version=&#8221;4.16&#8243; global_colors_info=&#8221;{}&#8221;][et_pb_column type=&#8221;2_3&#8243; specialty_columns=&#8221;2&#8243; _builder_version=&#8221;4.16&#8243; custom_padding=&#8221;|||&#8221; global_colors_info=&#8221;{}&#8221; custom_padding__hover=&#8221;|||&#8221;][et_pb_row_inner admin_label=&#8221;Rivi&#8221; _builder_version=&#8221;4.16&#8243; custom_margin=&#8221;|||60px||&#8221; global_colors_info=&#8221;{}&#8221;][et_pb_column_inner saved_specialty_column_type=&#8221;2_3&#8243; _builder_version=&#8221;4.16&#8243; custom_padding=&#8221;|||&#8221; global_colors_info=&#8221;{}&#8221; custom_padding__hover=&#8221;|||&#8221;][et_pb_text admin_label=&#8221;Rotary Internationalin vuositeema &#8211; Otsikko&#8221; _builder_version=&#8221;4.16&#8243; text_orientation=&#8221;center&#8221; custom_margin=&#8221;|31px||-24px||&#8221; global_colors_info=&#8221;{}&#8221;]<\/p>\n<h1><\/h1>\n<h1>Rotary Internationalin vuositeema<\/h1>\n<h1>&#8221;Yhdistyk\u00e4\u00e4mme hyv\u00e4n puolesta&#8221;<\/h1>\n<p>[\/et_pb_text][et_pb_text _builder_version=&#8221;4.27.4&#8243; width=&#8221;99.7%&#8221; custom_margin=&#8221;|-42px||-28px||&#8221; custom_padding=&#8221;|34px||||&#8221; hover_enabled=&#8221;0&#8243; global_colors_info=&#8221;{}&#8221; sticky_enabled=&#8221;0&#8243;]<\/p>\n<div class=\"et_post_meta_wrapper\">\n<h2 class=\"entry-title\" style=\"text-align: center\"><span style=\"font-size: x-large\"><a href=\"https:\/\/rotary.fi\/blog\/ajankohtaiset\/ri-president-elect-shekhar-mehta-on-julkistanut-vuoden-2021-22-teemansa\/\">RI President Francesco Arezzo on julkistanut vuoden 2025\u20132026 teemansa<\/a><\/span><\/h2>\n<h1><img loading=\"lazy\" decoding=\"async\" src=\"https:\/\/rotary.fi\/vora\/wp-content\/uploads\/sites\/201\/2025\/08\/theme2526-300x238.png\" width=\"300\" height=\"238\" alt=\"\" class=\"wp-image-2308 alignnone size-medium\" style=\"margin-left: auto;margin-right: auto\" \/><span style=\"font-size: x-large;text-align: center\">\u00a0<\/span><\/h1>\n<p>Lue lis\u00e4\u00e4 englanniksi: <span><a href=\"https:\/\/my.rotary.org\/en\/news-media\/office-president\/ri-president\" target=\"_blank\" rel=\"noopener noreferrer\">prhttps:\/\/my.rotary.org\/en\/news-media\/office-president\/ri-\u00a0 \u00a0president<\/a><\/span><span style=\"font-size: x-large\"><\/span><\/p>\n<p><span style=\"font-size: x-large\"><\/span><\/p>\n<\/div>\n<div class=\"entry-content\"><\/div>\n<p>[\/et_pb_text][\/et_pb_column_inner][\/et_pb_row_inner][et_pb_row_inner admin_label=&#8221;Rivi&#8221; _builder_version=&#8221;4.16&#8243; global_colors_info=&#8221;{}&#8221;][et_pb_column_inner saved_specialty_column_type=&#8221;2_3&#8243; _builder_version=&#8221;4.16&#8243; custom_padding=&#8221;|||&#8221; global_colors_info=&#8221;{}&#8221; custom_padding__hover=&#8221;|||&#8221;][et_pb_text admin_label=&#8221;Klubin vuositeema &#8211; Otsikko&#8221; _builder_version=&#8221;4.16&#8243; text_orientation=&#8221;center&#8221; global_colors_info=&#8221;{}&#8221;]<\/p>\n<h4>V\u00f6yrin Rotaryklubin vuositeema<\/h4>\n<p>[\/et_pb_text][et_pb_text _builder_version=&#8221;4.16&#8243; custom_margin=&#8221;|-25px||||&#8221; custom_padding=&#8221;|0px||||&#8221; global_colors_info=&#8221;{}&#8221;]<\/p>\n<p class=\"p1\"><span class=\"s1\">Oma klubimme keskittyy j\u00e4senten aktivoimiseen ja klubin julkisuuskuvan kehitt\u00e4miseen. Tahdomme tehd\u00e4 Rotaryn saavutukset n\u00e4kyv\u00e4mmiksi. Pyrkimyksemme on aktivoitua yh\u00e4 voimakkaammin nuorten ja heid\u00e4n perheidens\u00e4 suuntaan tukeaksemme heid\u00e4n kasvuaan kohti toimintakykyist\u00e4 ja hyvinvoivaa el\u00e4m\u00e4\u00e4.<\/span><\/p>\n<p>[\/et_pb_text][\/et_pb_column_inner][\/et_pb_row_inner][\/et_pb_column][et_pb_column type=&#8221;1_3&#8243; _builder_version=&#8221;4.16&#8243; custom_padding=&#8221;|||&#8221; global_colors_info=&#8221;{}&#8221; custom_padding__hover=&#8221;|||&#8221;][et_pb_sidebar area=&#8221;sidebar-1&#8243; module_class=&#8221;sivupalkki_sisalto&#8221; _builder_version=&#8221;4.16&#8243; locked=&#8221;on&#8221; global_colors_info=&#8221;{}&#8221;][\/et_pb_sidebar][\/et_pb_column][\/et_pb_section]<\/p>\n","protected":false},"excerpt":{"rendered":"<p>Vuositeema &nbsp; Rotary Internationalin vuositeema &#8221;Yhdistyk\u00e4\u00e4mme hyv\u00e4n puolesta&#8221; RI President Francesco Arezzo on julkistanut vuoden 2025\u20132026 teemansa \u00a0 Lue lis\u00e4\u00e4 englanniksi: prhttps:\/\/my.rotary.org\/en\/news-media\/office-president\/ri-\u00a0 \u00a0president V\u00f6yrin Rotaryklubin vuositeemaOma klubimme keskittyy j\u00e4senten aktivoimiseen ja klubin julkisuuskuvan kehitt\u00e4miseen. Tahdomme tehd\u00e4 Rotaryn saavutukset n\u00e4kyv\u00e4mmiksi. Pyrkimyksemme on aktivoitua yh\u00e4 voimakkaammin nuorten ja heid\u00e4n perheidens\u00e4 suuntaan tukeaksemme heid\u00e4n kasvuaan kohti toimintakykyist\u00e4 ja [&hellip;]<\/p>\n","protected":false},"author":1,"featured_media":0,"parent":129,"menu_order":2,"comment_status":"closed","ping_status":"closed","template":"","meta":{"_acf_changed":false,"_et_pb_use_builder":"on","_et_pb_old_content":"","_et_gb_content_width":"","footnotes":""},"class_list":["post-138","page","type-page","status-publish","hentry"],"acf":[],"yoast_head":"<!-- This site is optimized with the Yoast SEO plugin v27.0 - https:\/\/yoast.com\/product\/yoast-seo-wordpress\/ -->\n<title>Vuositeema - V\u00f6r\u00e5 Rotaryklubb<\/title>\n<meta name=\"robots\" content=\"index, follow, max-snippet:-1, max-image-preview:large, max-video-preview:-1\" \/>\n<link rel=\"canonical\" href=\"https:\/\/rotary.fi\/vora\/keita-olemme\/vuositeema\/\" \/>\n<meta property=\"og:locale\" content=\"fi_FI\" \/>\n<meta property=\"og:type\" content=\"article\" \/>\n<meta property=\"og:title\" content=\"Vuositeema - V\u00f6r\u00e5 Rotaryklubb\" \/>\n<meta property=\"og:description\" content=\"Vuositeema &nbsp; Rotary Internationalin vuositeema &quot;Yhdistyk\u00e4\u00e4mme hyv\u00e4n puolesta&quot; RI President Francesco Arezzo on julkistanut vuoden 2025\u20132026 teemansa \u00a0 Lue lis\u00e4\u00e4 englanniksi: prhttps:\/\/my.rotary.org\/en\/news-media\/office-president\/ri-\u00a0 \u00a0president V\u00f6yrin Rotaryklubin vuositeemaOma klubimme keskittyy j\u00e4senten aktivoimiseen ja klubin julkisuuskuvan kehitt\u00e4miseen. Tahdomme tehd\u00e4 Rotaryn saavutukset n\u00e4kyv\u00e4mmiksi. Pyrkimyksemme on aktivoitua yh\u00e4 voimakkaammin nuorten ja heid\u00e4n perheidens\u00e4 suuntaan tukeaksemme heid\u00e4n kasvuaan kohti toimintakykyist\u00e4 ja [&hellip;]\" \/>\n<meta property=\"og:url\" content=\"https:\/\/rotary.fi\/vora\/keita-olemme\/vuositeema\/\" \/>\n<meta property=\"og:site_name\" content=\"V\u00f6r\u00e5 Rotaryklubb\" \/>\n<meta property=\"article:modified_time\" content=\"2025-08-22T14:18:11+00:00\" \/>\n<meta property=\"og:image\" content=\"https:\/\/rotary.fi\/vora\/wp-content\/uploads\/sites\/201\/2025\/08\/theme2526.png\" \/>\n\t<meta property=\"og:image:width\" content=\"506\" \/>\n\t<meta property=\"og:image:height\" content=\"402\" \/>\n\t<meta property=\"og:image:type\" content=\"image\/png\" \/>\n<meta name=\"twitter:card\" content=\"summary_large_image\" \/>\n<meta name=\"twitter:label1\" content=\"Arvioitu lukuaika\" \/>\n\t<meta name=\"twitter:data1\" content=\"2 minuuttia\" \/>\n<script type=\"application\/ld+json\" class=\"yoast-schema-graph\">{\"@context\":\"https:\/\/schema.org\",\"@graph\":[{\"@type\":\"WebPage\",\"@id\":\"https:\/\/rotary.fi\/vora\/keita-olemme\/vuositeema\/\",\"url\":\"https:\/\/rotary.fi\/vora\/keita-olemme\/vuositeema\/\",\"name\":\"Vuositeema - V\u00f6r\u00e5 Rotaryklubb\",\"isPartOf\":{\"@id\":\"https:\/\/rotary.fi\/vora\/#website\"},\"primaryImageOfPage\":{\"@id\":\"https:\/\/rotary.fi\/vora\/keita-olemme\/vuositeema\/#primaryimage\"},\"image\":{\"@id\":\"https:\/\/rotary.fi\/vora\/keita-olemme\/vuositeema\/#primaryimage\"},\"thumbnailUrl\":\"https:\/\/rotary.fi\/vora\/wp-content\/uploads\/sites\/201\/2025\/08\/theme2526-300x238.png\",\"datePublished\":\"2018-08-10T11:01:44+00:00\",\"dateModified\":\"2025-08-22T14:18:11+00:00\",\"breadcrumb\":{\"@id\":\"https:\/\/rotary.fi\/vora\/keita-olemme\/vuositeema\/#breadcrumb\"},\"inLanguage\":\"fi\",\"potentialAction\":[{\"@type\":\"ReadAction\",\"target\":[\"https:\/\/rotary.fi\/vora\/keita-olemme\/vuositeema\/\"]}]},{\"@type\":\"ImageObject\",\"inLanguage\":\"fi\",\"@id\":\"https:\/\/rotary.fi\/vora\/keita-olemme\/vuositeema\/#primaryimage\",\"url\":\"https:\/\/rotary.fi\/vora\/wp-content\/uploads\/sites\/201\/2025\/08\/theme2526.png\",\"contentUrl\":\"https:\/\/rotary.fi\/vora\/wp-content\/uploads\/sites\/201\/2025\/08\/theme2526.png\",\"width\":506,\"height\":402},{\"@type\":\"BreadcrumbList\",\"@id\":\"https:\/\/rotary.fi\/vora\/keita-olemme\/vuositeema\/#breadcrumb\",\"itemListElement\":[{\"@type\":\"ListItem\",\"position\":1,\"name\":\"Home\",\"item\":\"https:\/\/rotary.fi\/vora\/\"},{\"@type\":\"ListItem\",\"position\":2,\"name\":\"Keit\u00e4 olemme\",\"item\":\"https:\/\/rotary.fi\/vora\/keita-olemme\/\"},{\"@type\":\"ListItem\",\"position\":3,\"name\":\"Vuositeema\"}]},{\"@type\":\"WebSite\",\"@id\":\"https:\/\/rotary.fi\/vora\/#website\",\"url\":\"https:\/\/rotary.fi\/vora\/\",\"name\":\"V\u00f6r\u00e5 Rotaryklubb\",\"description\":\"Uusi Rotary klubisivusto\",\"potentialAction\":[{\"@type\":\"SearchAction\",\"target\":{\"@type\":\"EntryPoint\",\"urlTemplate\":\"https:\/\/rotary.fi\/vora\/?s={search_term_string}\"},\"query-input\":{\"@type\":\"PropertyValueSpecification\",\"valueRequired\":true,\"valueName\":\"search_term_string\"}}],\"inLanguage\":\"fi\"}]}<\/script>\n<!-- \/ Yoast SEO plugin. -->","yoast_head_json":{"title":"Vuositeema - V\u00f6r\u00e5 Rotaryklubb","robots":{"index":"index","follow":"follow","max-snippet":"max-snippet:-1","max-image-preview":"max-image-preview:large","max-video-preview":"max-video-preview:-1"},"canonical":"https:\/\/rotary.fi\/vora\/keita-olemme\/vuositeema\/","og_locale":"fi_FI","og_type":"article","og_title":"Vuositeema - V\u00f6r\u00e5 Rotaryklubb","og_description":"Vuositeema &nbsp; Rotary Internationalin vuositeema \"Yhdistyk\u00e4\u00e4mme hyv\u00e4n puolesta\" RI President Francesco Arezzo on julkistanut vuoden 2025\u20132026 teemansa \u00a0 Lue lis\u00e4\u00e4 englanniksi: prhttps:\/\/my.rotary.org\/en\/news-media\/office-president\/ri-\u00a0 \u00a0president V\u00f6yrin Rotaryklubin vuositeemaOma klubimme keskittyy j\u00e4senten aktivoimiseen ja klubin julkisuuskuvan kehitt\u00e4miseen. Tahdomme tehd\u00e4 Rotaryn saavutukset n\u00e4kyv\u00e4mmiksi. Pyrkimyksemme on aktivoitua yh\u00e4 voimakkaammin nuorten ja heid\u00e4n perheidens\u00e4 suuntaan tukeaksemme heid\u00e4n kasvuaan kohti toimintakykyist\u00e4 ja [&hellip;]","og_url":"https:\/\/rotary.fi\/vora\/keita-olemme\/vuositeema\/","og_site_name":"V\u00f6r\u00e5 Rotaryklubb","article_modified_time":"2025-08-22T14:18:11+00:00","og_image":[{"width":506,"height":402,"url":"https:\/\/rotary.fi\/vora\/wp-content\/uploads\/sites\/201\/2025\/08\/theme2526.png","type":"image\/png"}],"twitter_card":"summary_large_image","twitter_misc":{"Arvioitu lukuaika":"2 minuuttia"},"schema":{"@context":"https:\/\/schema.org","@graph":[{"@type":"WebPage","@id":"https:\/\/rotary.fi\/vora\/keita-olemme\/vuositeema\/","url":"https:\/\/rotary.fi\/vora\/keita-olemme\/vuositeema\/","name":"Vuositeema - V\u00f6r\u00e5 Rotaryklubb","isPartOf":{"@id":"https:\/\/rotary.fi\/vora\/#website"},"primaryImageOfPage":{"@id":"https:\/\/rotary.fi\/vora\/keita-olemme\/vuositeema\/#primaryimage"},"image":{"@id":"https:\/\/rotary.fi\/vora\/keita-olemme\/vuositeema\/#primaryimage"},"thumbnailUrl":"https:\/\/rotary.fi\/vora\/wp-content\/uploads\/sites\/201\/2025\/08\/theme2526-300x238.png","datePublished":"2018-08-10T11:01:44+00:00","dateModified":"2025-08-22T14:18:11+00:00","breadcrumb":{"@id":"https:\/\/rotary.fi\/vora\/keita-olemme\/vuositeema\/#breadcrumb"},"inLanguage":"fi","potentialAction":[{"@type":"ReadAction","target":["https:\/\/rotary.fi\/vora\/keita-olemme\/vuositeema\/"]}]},{"@type":"ImageObject","inLanguage":"fi","@id":"https:\/\/rotary.fi\/vora\/keita-olemme\/vuositeema\/#primaryimage","url":"https:\/\/rotary.fi\/vora\/wp-content\/uploads\/sites\/201\/2025\/08\/theme2526.png","contentUrl":"https:\/\/rotary.fi\/vora\/wp-content\/uploads\/sites\/201\/2025\/08\/theme2526.png","width":506,"height":402},{"@type":"BreadcrumbList","@id":"https:\/\/rotary.fi\/vora\/keita-olemme\/vuositeema\/#breadcrumb","itemListElement":[{"@type":"ListItem","position":1,"name":"Home","item":"https:\/\/rotary.fi\/vora\/"},{"@type":"ListItem","position":2,"name":"Keit\u00e4 olemme","item":"https:\/\/rotary.fi\/vora\/keita-olemme\/"},{"@type":"ListItem","position":3,"name":"Vuositeema"}]},{"@type":"WebSite","@id":"https:\/\/rotary.fi\/vora\/#website","url":"https:\/\/rotary.fi\/vora\/","name":"V\u00f6r\u00e5 Rotaryklubb","description":"Uusi Rotary klubisivusto","potentialAction":[{"@type":"SearchAction","target":{"@type":"EntryPoint","urlTemplate":"https:\/\/rotary.fi\/vora\/?s={search_term_string}"},"query-input":{"@type":"PropertyValueSpecification","valueRequired":true,"valueName":"search_term_string"}}],"inLanguage":"fi"}]}},"lang":"fi","translations":{"fi":138,"sv":1573},"pll_sync_post":[],"_links":{"self":[{"href":"https:\/\/rotary.fi\/vora\/wp-json\/wp\/v2\/pages\/138","targetHints":{"allow":["GET"]}}],"collection":[{"href":"https:\/\/rotary.fi\/vora\/wp-json\/wp\/v2\/pages"}],"about":[{"href":"https:\/\/rotary.fi\/vora\/wp-json\/wp\/v2\/types\/page"}],"author":[{"embeddable":true,"href":"https:\/\/rotary.fi\/vora\/wp-json\/wp\/v2\/users\/1"}],"replies":[{"embeddable":true,"href":"https:\/\/rotary.fi\/vora\/wp-json\/wp\/v2\/comments?post=138"}],"version-history":[{"count":10,"href":"https:\/\/rotary.fi\/vora\/wp-json\/wp\/v2\/pages\/138\/revisions"}],"predecessor-version":[{"id":2337,"href":"https:\/\/rotary.fi\/vora\/wp-json\/wp\/v2\/pages\/138\/revisions\/2337"}],"up":[{"embeddable":true,"href":"https:\/\/rotary.fi\/vora\/wp-json\/wp\/v2\/pages\/129"}],"wp:attachment":[{"href":"https:\/\/rotary.fi\/vora\/wp-json\/wp\/v2\/media?parent=138"}],"curies":[{"name":"wp","href":"https:\/\/api.w.org\/{rel}","templated":true}]}}