{"id":94,"date":"2018-08-09T15:14:30","date_gmt":"2018-08-09T12:14:30","guid":{"rendered":"https:\/\/rotary.fi\/klubi2\/?page_id=94"},"modified":"2018-11-27T10:46:12","modified_gmt":"2018-11-27T08:46:12","slug":"ajankohtaista","status":"publish","type":"page","link":"https:\/\/rotary.fi\/virrat\/ajankohtaista\/","title":{"rendered":"Ajankohtaista"},"content":{"rendered":"<p>[et_pb_section bb_built=&#8221;1&#8243; _builder_version=&#8221;3.4.1&#8243; background_image=&#8221;https:\/\/rotary.fi\/wp-content\/uploads\/2018\/02\/paakuva-sisasivu1.jpg&#8221; next_background_color=&#8221;#ffffff&#8221; module_class=&#8221;jumbotron-page&#8221;][et_pb_row][et_pb_column type=&#8221;4_4&#8243;][et_pb_text admin_label=&#8221;P\u00e4\u00e4otsikko&#8221; _builder_version=&#8221;3.4.1&#8243; text_orientation=&#8221;center&#8221; background_layout=&#8221;dark&#8221;]<\/p>\n<h1>Ajankohtaista<\/h1>\n<p>[\/et_pb_text][\/et_pb_column][\/et_pb_row][\/et_pb_section][et_pb_section bb_built=&#8221;1&#8243; specialty=&#8221;on&#8221; prev_background_color=&#8221;#000000&#8243; _builder_version=&#8221;3.4.1&#8243; module_class_2=&#8221;sivupalkki&#8221; locked=&#8221;on&#8221;][et_pb_column type=&#8221;2_3&#8243; specialty_columns=&#8221;2&#8243;][et_pb_row_inner admin_label=&#8221;Rivi&#8221; locked=&#8221;on&#8221; parent_locked=&#8221;on&#8221;][et_pb_column_inner type=&#8221;4_4&#8243; saved_specialty_column_type=&#8221;2_3&#8243;][et_pb_text admin_label=&#8221;Otsikko&#8221; _builder_version=&#8221;3.4.1&#8243; text_orientation=&#8221;center&#8221; parent_locked=&#8221;on&#8221;]<\/p>\n<h1>Ajankohtaista<\/h1>\n<p>[\/et_pb_text][et_pb_code admin_label=&#8221;Ajankohtaisten listaus&#8221; _builder_version=&#8221;3.17.6&#8243; module_class=&#8221;kaikki_ajankohtaiset&#8221; parent_locked=&#8221;on&#8221;]<ul class=\"display-posts-listing\"><li class=\"listing-item\"><a class=\"title\" href=\"https:\/\/rotary.fi\/virrat\/ajankohtaiset\/virtain-palveluopas-2026-on-julkaistu\/\">Virtain Palveluopas 2026 on julkaistu<\/a> <span class=\"date\">9.4. 2026<\/span><\/li><li class=\"listing-item\"><a class=\"title\" href=\"https:\/\/rotary.fi\/virrat\/presidentin_uutiset\/presidentin-uutiset\/\">Presidentin uutiset<\/a> <span class=\"date\">27.1. 2026<\/span><\/li><li class=\"listing-item\"><a class=\"title\" href=\"https:\/\/rotary.fi\/virrat\/ajankohtaiset\/dg-tapio-vihersaari-20-08-2025\/\">Rajaniemen Pappila; DG Tapio Vihersaari 20.08.2025<\/a> <span class=\"date\">12.8. 2025<\/span><\/li><li class=\"listing-item\"><a class=\"title\" href=\"https:\/\/rotary.fi\/virrat\/ajankohtaiset\/kauden-avauskokous-06-08-2025\/\">Kauden avauskokous 06.08.2025.<\/a> <span class=\"date\">12.8. 2025<\/span><\/li><li class=\"listing-item\"><a class=\"title\" href=\"https:\/\/rotary.fi\/virrat\/ajankohtaiset\/juhannusaatto-20-06-2025\/\">Juhannusaatto 20.06.2025<\/a> <span class=\"date\">17.6. 2025<\/span><\/li><li class=\"listing-item\"><a class=\"title\" href=\"https:\/\/rotary.fi\/virrat\/ajankohtaiset\/juhlavuoden-kunniaksi-saikkua-kiitos\/\">Juhlavuoden kunniaksi : Saikkua, Kiitos!<\/a> <span class=\"date\">16.5. 2025<\/span><\/li><li class=\"listing-item\"><a class=\"title\" href=\"https:\/\/rotary.fi\/virrat\/ajankohtaiset\/rotarysaatiokoulutuksen-5-3-2025-satoa\/\">Rotarys\u00e4\u00e4ti\u00f6n koulutuksen 5.3.2025 satoa<\/a> <span class=\"date\">7.3. 2025<\/span><\/li><li class=\"listing-item\"><a class=\"title\" href=\"https:\/\/rotary.fi\/virrat\/ajankohtaiset\/virtain-palveluoppaat-2025-jaossa\/\">Virtain Palveluoppaat 2025 jaossa<\/a> <span class=\"date\">10.2. 2025<\/span><\/li><li class=\"listing-item\"><a class=\"title\" href=\"https:\/\/rotary.fi\/virrat\/ajankohtaiset\/vuosikokous-16-10-2024-marttisen-luentosalissa\/\">Vuosikokous 16.10.2024 Marttisen luentosalissa<\/a> <span class=\"date\">20.9. 2024<\/span><\/li><li class=\"listing-item\"><a class=\"title\" href=\"https:\/\/rotary.fi\/virrat\/ajankohtaiset\/viikkokokous-2-10-2024-tarjanne-salissa\/\">Viikkokokous 2.10.2024 Antintalossa, huom. paikka vaihtunut<\/a> <span class=\"date\">20.9. 2024<\/span><\/li><li class=\"listing-item\"><a class=\"title\" href=\"https:\/\/rotary.fi\/virrat\/ajankohtaiset\/kauden-avauskokous-07-08-2024\/\">Kauden avauskokous 07.08.2024<\/a> <span class=\"date\">24.7. 2024<\/span><\/li><li class=\"listing-item\"><a class=\"title\" href=\"https:\/\/rotary.fi\/virrat\/ajankohtaiset\/viikkokokous-20-03-2024\/\">Viikkokokous 20.03.2024<\/a> <span class=\"date\">14.3. 2024<\/span><\/li><li class=\"listing-item\"><a class=\"title\" href=\"https:\/\/rotary.fi\/virrat\/ajankohtaiset\/viikkokokous-06-03-2024\/\">Viikkokokous 06.03.2024<\/a> <span class=\"date\">27.2. 2024<\/span><\/li><li class=\"listing-item\"><a class=\"title\" href=\"https:\/\/rotary.fi\/virrat\/ajankohtaiset\/viikkokokous-21-02-2024\/\">Viikkokokous 21.02.2024<\/a> <span class=\"date\">7.2. 2024<\/span><\/li><li class=\"listing-item\"><a class=\"title\" href=\"https:\/\/rotary.fi\/virrat\/ajankohtaiset\/kokous-07-02-24\/\">Kokous 07.02.24<\/a> <span class=\"date\">25.1. 2024<\/span><\/li><li class=\"listing-item\"><a class=\"title\" href=\"https:\/\/rotary.fi\/virrat\/ajankohtaiset\/viikkokokous-17-02-2023\/\">Viikkokokous 17.01.2023<\/a> <span class=\"date\">12.1. 2024<\/span><\/li><li class=\"listing-item\"><a class=\"title\" href=\"https:\/\/rotary.fi\/virrat\/ajankohtaiset\/vierailu-kirjastoon-3-1-2024-klo-16-15-18\/\">Vierailu kirjastoon 3.1.2024 klo 16.15 -18<\/a> <span class=\"date\">19.12. 2023<\/span><\/li><li class=\"listing-item\"><a class=\"title\" href=\"https:\/\/rotary.fi\/virrat\/ajankohtaiset\/13-12-2023-joulupuuro\/\">13.12.2023 Joulupuuro<\/a> <span class=\"date\">7.12. 2023<\/span><\/li><li class=\"listing-item\"><a class=\"title\" href=\"https:\/\/rotary.fi\/virrat\/ajankohtaiset\/viikkokokous-ja-dg-simo-hautala-29-11-2023\/\">Vieraana DG Simo Hautala 29.11.2023<\/a> <span class=\"date\">28.10. 2023<\/span><\/li><li class=\"listing-item\"><a class=\"title\" href=\"https:\/\/rotary.fi\/virrat\/ajankohtaiset\/viikkokokous-15-11-klo-1715\/\">Viikkokokous 15.11 klo 17:15<\/a> <span class=\"date\">28.10. 2023<\/span><\/li><li class=\"listing-item\"><a class=\"title\" href=\"https:\/\/rotary.fi\/virrat\/ajankohtaiset\/vuosikokous-18-10-2023-klo-1715-marttisessa\/\">Vuosikokous 18.10.2023 klo 17:15 Marttisessa<\/a> <span class=\"date\">11.10. 2023<\/span><\/li><li class=\"listing-item\"><a class=\"title\" href=\"https:\/\/rotary.fi\/virrat\/ajankohtaiset\/seuraava-kokous-04-10-2023\/\">Seuraava kokous 04.10.2023<\/a> <span class=\"date\">26.9. 2023<\/span><\/li><li class=\"listing-item\"><a class=\"title\" href=\"https:\/\/rotary.fi\/virrat\/ajankohtaiset\/kesavaihdon-kuulumisia-vihtasaunalla-23-8-2023\/\">Kes\u00e4vaihdon kuulumisia Vihtasaunalla 23.8.2023<\/a> <span class=\"date\">11.9. 2023<\/span><\/li><li class=\"listing-item\"><a class=\"title\" href=\"https:\/\/rotary.fi\/virrat\/ajankohtaiset\/virkistys-ja-viihtymisilta-vihtasaunalla-23-8-2023-klo-17\/\">Virkistys-ja viihtymisilta Vihtasaunalla 23.8.2023 klo 17<\/a> <span class=\"date\">16.8. 2023<\/span><\/li><li class=\"listing-item\"><a class=\"title\" href=\"https:\/\/rotary.fi\/virrat\/ajankohtaiset\/karhupatsaan-tervaus-7-6-klo-17\/\">Karhupatsaan tervaus 7.6.klo 17<\/a> <span class=\"date\">2.6. 2023<\/span><\/li><li class=\"listing-item\"><a class=\"title\" href=\"https:\/\/rotary.fi\/virrat\/ajankohtaiset\/kesavaihtotoiminta-kaynnistyy-virroilla\/\">Kes\u00e4vaihtotoiminta k\u00e4ynnistyy Virroilla<\/a> <span class=\"date\">19.5. 2023<\/span><\/li><li class=\"listing-item\"><a class=\"title\" href=\"https:\/\/rotary.fi\/virrat\/ajankohtaiset\/postitustalkoot-3-5-2023-klo-12-kaupungintalolla\/\">Postitustalkoot kaupungintalolla 3.5.2023 klo 12<\/a> <span class=\"date\">28.4. 2023<\/span><\/li><\/ul>[\/et_pb_code][\/et_pb_column_inner][\/et_pb_row_inner][\/et_pb_column][et_pb_column type=&#8221;1_3&#8243;][et_pb_sidebar _builder_version=&#8221;3.4.1&#8243; area=&#8221;sidebar-1&#8243; module_class=&#8221;sivupalkki_sisalto&#8221; parent_locked=&#8221;on&#8221; \/][\/et_pb_column][\/et_pb_section]<\/p>\n","protected":false},"excerpt":{"rendered":"<p>[et_pb_section bb_built=&#8221;1&#8243; _builder_version=&#8221;3.4.1&#8243; background_image=&#8221;https:\/\/rotary.fi\/wp-content\/uploads\/2018\/02\/paakuva-sisasivu1.jpg&#8221; next_background_color=&#8221;#ffffff&#8221; module_class=&#8221;jumbotron-page&#8221;][et_pb_row][et_pb_column type=&#8221;4_4&#8243;][et_pb_text admin_label=&#8221;P\u00e4\u00e4otsikko&#8221; _builder_version=&#8221;3.4.1&#8243; text_orientation=&#8221;center&#8221; background_layout=&#8221;dark&#8221;] Ajankohtaista [\/et_pb_text][\/et_pb_column][\/et_pb_row][\/et_pb_section][et_pb_section bb_built=&#8221;1&#8243; specialty=&#8221;on&#8221; prev_background_color=&#8221;#000000&#8243; _builder_version=&#8221;3.4.1&#8243; module_class_2=&#8221;sivupalkki&#8221; locked=&#8221;on&#8221;][et_pb_column type=&#8221;2_3&#8243; specialty_columns=&#8221;2&#8243;][et_pb_row_inner admin_label=&#8221;Rivi&#8221; locked=&#8221;on&#8221; parent_locked=&#8221;on&#8221;][et_pb_column_inner type=&#8221;4_4&#8243; saved_specialty_column_type=&#8221;2_3&#8243;][et_pb_text admin_label=&#8221;Otsikko&#8221; _builder_version=&#8221;3.4.1&#8243; text_orientation=&#8221;center&#8221; parent_locked=&#8221;on&#8221;] Ajankohtaista [\/et_pb_text][et_pb_code admin_label=&#8221;Ajankohtaisten listaus&#8221; _builder_version=&#8221;3.17.6&#8243; module_class=&#8221;kaikki_ajankohtaiset&#8221; parent_locked=&#8221;on&#8221;][\/et_pb_code][\/et_pb_column_inner][\/et_pb_row_inner][\/et_pb_column][et_pb_column type=&#8221;1_3&#8243;][et_pb_sidebar _builder_version=&#8221;3.4.1&#8243; area=&#8221;sidebar-1&#8243; module_class=&#8221;sivupalkki_sisalto&#8221; parent_locked=&#8221;on&#8221; \/][\/et_pb_column][\/et_pb_section]<\/p>\n","protected":false},"author":1,"featured_media":0,"parent":0,"menu_order":0,"comment_status":"closed","ping_status":"closed","template":"","meta":{"_acf_changed":false,"_et_pb_use_builder":"on","_et_pb_old_content":"","_et_gb_content_width":"","footnotes":""},"class_list":["post-94","page","type-page","status-publish","hentry"],"acf":[],"yoast_head":"<!-- This site is optimized with the Yoast SEO plugin v27.4 - https:\/\/yoast.com\/product\/yoast-seo-wordpress\/ -->\n<title>Ajankohtaista - Virtain Rotaryklubi ry<\/title>\n<meta name=\"robots\" content=\"index, follow, max-snippet:-1, max-image-preview:large, max-video-preview:-1\" \/>\n<link rel=\"canonical\" href=\"https:\/\/rotary.fi\/virrat\/ajankohtaista\/\" \/>\n<meta property=\"og:locale\" content=\"fi_FI\" \/>\n<meta property=\"og:type\" content=\"article\" \/>\n<meta property=\"og:title\" content=\"Ajankohtaista - Virtain Rotaryklubi ry\" \/>\n<meta property=\"og:description\" content=\"[et_pb_section bb_built=&#8221;1&#8243; _builder_version=&#8221;3.4.1&#8243; background_image=&#8221;https:\/\/rotary.fi\/wp-content\/uploads\/2018\/02\/paakuva-sisasivu1.jpg&#8221; next_background_color=&#8221;#ffffff&#8221; module_class=&#8221;jumbotron-page&#8221;][et_pb_row][et_pb_column type=&#8221;4_4&#8243;][et_pb_text admin_label=&#8221;P\u00e4\u00e4otsikko&#8221; _builder_version=&#8221;3.4.1&#8243; text_orientation=&#8221;center&#8221; background_layout=&#8221;dark&#8221;] Ajankohtaista [\/et_pb_text][\/et_pb_column][\/et_pb_row][\/et_pb_section][et_pb_section bb_built=&#8221;1&#8243; specialty=&#8221;on&#8221; prev_background_color=&#8221;#000000&#8243; _builder_version=&#8221;3.4.1&#8243; module_class_2=&#8221;sivupalkki&#8221; locked=&#8221;on&#8221;][et_pb_column type=&#8221;2_3&#8243; specialty_columns=&#8221;2&#8243;][et_pb_row_inner admin_label=&#8221;Rivi&#8221; locked=&#8221;on&#8221; parent_locked=&#8221;on&#8221;][et_pb_column_inner type=&#8221;4_4&#8243; saved_specialty_column_type=&#8221;2_3&#8243;][et_pb_text admin_label=&#8221;Otsikko&#8221; _builder_version=&#8221;3.4.1&#8243; text_orientation=&#8221;center&#8221; parent_locked=&#8221;on&#8221;] Ajankohtaista [\/et_pb_text][et_pb_code admin_label=&#8221;Ajankohtaisten listaus&#8221; _builder_version=&#8221;3.17.6&#8243; module_class=&#8221;kaikki_ajankohtaiset&#8221; parent_locked=&#8221;on&#8221;][\/et_pb_code][\/et_pb_column_inner][\/et_pb_row_inner][\/et_pb_column][et_pb_column type=&#8221;1_3&#8243;][et_pb_sidebar _builder_version=&#8221;3.4.1&#8243; area=&#8221;sidebar-1&#8243; module_class=&#8221;sivupalkki_sisalto&#8221; parent_locked=&#8221;on&#8221; \/][\/et_pb_column][\/et_pb_section]\" \/>\n<meta property=\"og:url\" content=\"https:\/\/rotary.fi\/virrat\/ajankohtaista\/\" \/>\n<meta property=\"og:site_name\" content=\"Virtain Rotaryklubi ry\" \/>\n<meta property=\"article:modified_time\" content=\"2018-11-27T08:46:12+00:00\" \/>\n<meta name=\"twitter:card\" content=\"summary_large_image\" \/>\n<meta name=\"twitter:label1\" content=\"Arvioitu lukuaika\" \/>\n\t<meta name=\"twitter:data1\" content=\"1 minuutti\" \/>\n<script type=\"application\/ld+json\" class=\"yoast-schema-graph\">{\"@context\":\"https:\\\/\\\/schema.org\",\"@graph\":[{\"@type\":\"WebPage\",\"@id\":\"https:\\\/\\\/rotary.fi\\\/virrat\\\/ajankohtaista\\\/\",\"url\":\"https:\\\/\\\/rotary.fi\\\/virrat\\\/ajankohtaista\\\/\",\"name\":\"Ajankohtaista - Virtain Rotaryklubi ry\",\"isPartOf\":{\"@id\":\"https:\\\/\\\/rotary.fi\\\/virrat\\\/#website\"},\"datePublished\":\"2018-08-09T12:14:30+00:00\",\"dateModified\":\"2018-11-27T08:46:12+00:00\",\"breadcrumb\":{\"@id\":\"https:\\\/\\\/rotary.fi\\\/virrat\\\/ajankohtaista\\\/#breadcrumb\"},\"inLanguage\":\"fi\",\"potentialAction\":[{\"@type\":\"ReadAction\",\"target\":[\"https:\\\/\\\/rotary.fi\\\/virrat\\\/ajankohtaista\\\/\"]}]},{\"@type\":\"BreadcrumbList\",\"@id\":\"https:\\\/\\\/rotary.fi\\\/virrat\\\/ajankohtaista\\\/#breadcrumb\",\"itemListElement\":[{\"@type\":\"ListItem\",\"position\":1,\"name\":\"Home\",\"item\":\"https:\\\/\\\/rotary.fi\\\/virrat\\\/\"},{\"@type\":\"ListItem\",\"position\":2,\"name\":\"Ajankohtaista\"}]},{\"@type\":\"WebSite\",\"@id\":\"https:\\\/\\\/rotary.fi\\\/virrat\\\/#website\",\"url\":\"https:\\\/\\\/rotary.fi\\\/virrat\\\/\",\"name\":\"Virtain Rotaryklubi ry\",\"description\":\"Uusi Rotary klubisivusto\",\"potentialAction\":[{\"@type\":\"SearchAction\",\"target\":{\"@type\":\"EntryPoint\",\"urlTemplate\":\"https:\\\/\\\/rotary.fi\\\/virrat\\\/?s={search_term_string}\"},\"query-input\":{\"@type\":\"PropertyValueSpecification\",\"valueRequired\":true,\"valueName\":\"search_term_string\"}}],\"inLanguage\":\"fi\"}]}<\/script>\n<!-- \/ Yoast SEO plugin. -->","yoast_head_json":{"title":"Ajankohtaista - Virtain Rotaryklubi ry","robots":{"index":"index","follow":"follow","max-snippet":"max-snippet:-1","max-image-preview":"max-image-preview:large","max-video-preview":"max-video-preview:-1"},"canonical":"https:\/\/rotary.fi\/virrat\/ajankohtaista\/","og_locale":"fi_FI","og_type":"article","og_title":"Ajankohtaista - Virtain Rotaryklubi ry","og_description":"[et_pb_section bb_built=&#8221;1&#8243; _builder_version=&#8221;3.4.1&#8243; background_image=&#8221;https:\/\/rotary.fi\/wp-content\/uploads\/2018\/02\/paakuva-sisasivu1.jpg&#8221; next_background_color=&#8221;#ffffff&#8221; module_class=&#8221;jumbotron-page&#8221;][et_pb_row][et_pb_column type=&#8221;4_4&#8243;][et_pb_text admin_label=&#8221;P\u00e4\u00e4otsikko&#8221; _builder_version=&#8221;3.4.1&#8243; text_orientation=&#8221;center&#8221; background_layout=&#8221;dark&#8221;] Ajankohtaista [\/et_pb_text][\/et_pb_column][\/et_pb_row][\/et_pb_section][et_pb_section bb_built=&#8221;1&#8243; specialty=&#8221;on&#8221; prev_background_color=&#8221;#000000&#8243; _builder_version=&#8221;3.4.1&#8243; module_class_2=&#8221;sivupalkki&#8221; locked=&#8221;on&#8221;][et_pb_column type=&#8221;2_3&#8243; specialty_columns=&#8221;2&#8243;][et_pb_row_inner admin_label=&#8221;Rivi&#8221; locked=&#8221;on&#8221; parent_locked=&#8221;on&#8221;][et_pb_column_inner type=&#8221;4_4&#8243; saved_specialty_column_type=&#8221;2_3&#8243;][et_pb_text admin_label=&#8221;Otsikko&#8221; _builder_version=&#8221;3.4.1&#8243; text_orientation=&#8221;center&#8221; parent_locked=&#8221;on&#8221;] Ajankohtaista [\/et_pb_text][et_pb_code admin_label=&#8221;Ajankohtaisten listaus&#8221; _builder_version=&#8221;3.17.6&#8243; module_class=&#8221;kaikki_ajankohtaiset&#8221; parent_locked=&#8221;on&#8221;][\/et_pb_code][\/et_pb_column_inner][\/et_pb_row_inner][\/et_pb_column][et_pb_column type=&#8221;1_3&#8243;][et_pb_sidebar _builder_version=&#8221;3.4.1&#8243; area=&#8221;sidebar-1&#8243; module_class=&#8221;sivupalkki_sisalto&#8221; parent_locked=&#8221;on&#8221; \/][\/et_pb_column][\/et_pb_section]","og_url":"https:\/\/rotary.fi\/virrat\/ajankohtaista\/","og_site_name":"Virtain Rotaryklubi ry","article_modified_time":"2018-11-27T08:46:12+00:00","twitter_card":"summary_large_image","twitter_misc":{"Arvioitu lukuaika":"1 minuutti"},"schema":{"@context":"https:\/\/schema.org","@graph":[{"@type":"WebPage","@id":"https:\/\/rotary.fi\/virrat\/ajankohtaista\/","url":"https:\/\/rotary.fi\/virrat\/ajankohtaista\/","name":"Ajankohtaista - Virtain Rotaryklubi ry","isPartOf":{"@id":"https:\/\/rotary.fi\/virrat\/#website"},"datePublished":"2018-08-09T12:14:30+00:00","dateModified":"2018-11-27T08:46:12+00:00","breadcrumb":{"@id":"https:\/\/rotary.fi\/virrat\/ajankohtaista\/#breadcrumb"},"inLanguage":"fi","potentialAction":[{"@type":"ReadAction","target":["https:\/\/rotary.fi\/virrat\/ajankohtaista\/"]}]},{"@type":"BreadcrumbList","@id":"https:\/\/rotary.fi\/virrat\/ajankohtaista\/#breadcrumb","itemListElement":[{"@type":"ListItem","position":1,"name":"Home","item":"https:\/\/rotary.fi\/virrat\/"},{"@type":"ListItem","position":2,"name":"Ajankohtaista"}]},{"@type":"WebSite","@id":"https:\/\/rotary.fi\/virrat\/#website","url":"https:\/\/rotary.fi\/virrat\/","name":"Virtain Rotaryklubi ry","description":"Uusi Rotary klubisivusto","potentialAction":[{"@type":"SearchAction","target":{"@type":"EntryPoint","urlTemplate":"https:\/\/rotary.fi\/virrat\/?s={search_term_string}"},"query-input":{"@type":"PropertyValueSpecification","valueRequired":true,"valueName":"search_term_string"}}],"inLanguage":"fi"}]}},"lang":"fi","translations":{"fi":94},"pll_sync_post":[],"_links":{"self":[{"href":"https:\/\/rotary.fi\/virrat\/wp-json\/wp\/v2\/pages\/94","targetHints":{"allow":["GET"]}}],"collection":[{"href":"https:\/\/rotary.fi\/virrat\/wp-json\/wp\/v2\/pages"}],"about":[{"href":"https:\/\/rotary.fi\/virrat\/wp-json\/wp\/v2\/types\/page"}],"author":[{"embeddable":true,"href":"https:\/\/rotary.fi\/virrat\/wp-json\/wp\/v2\/users\/1"}],"replies":[{"embeddable":true,"href":"https:\/\/rotary.fi\/virrat\/wp-json\/wp\/v2\/comments?post=94"}],"version-history":[{"count":6,"href":"https:\/\/rotary.fi\/virrat\/wp-json\/wp\/v2\/pages\/94\/revisions"}],"predecessor-version":[{"id":1332,"href":"https:\/\/rotary.fi\/virrat\/wp-json\/wp\/v2\/pages\/94\/revisions\/1332"}],"wp:attachment":[{"href":"https:\/\/rotary.fi\/virrat\/wp-json\/wp\/v2\/media?parent=94"}],"curies":[{"name":"wp","href":"https:\/\/api.w.org\/{rel}","templated":true}]}}