{"id":1623,"date":"2023-04-11T16:21:52","date_gmt":"2023-04-11T13:21:52","guid":{"rendered":"https:\/\/rotary.fi\/virrat\/?page_id=1623"},"modified":"2026-04-09T12:50:40","modified_gmt":"2026-04-09T09:50:40","slug":"palveluopas","status":"publish","type":"page","link":"https:\/\/rotary.fi\/virrat\/palveluopas\/","title":{"rendered":"Palveluopas"},"content":{"rendered":"<p>Virtain Rotaryklubi julkaisee vuosittain palveluoppaan, josta l\u00f6yd\u00e4t kaikki paikkakunnan t\u00e4rkeimm\u00e4t palvelut k\u00e4tev\u00e4sti yksiss\u00e4 kansissa.<\/p>\n<p><a href=\"https:\/\/rotary.fi\/virrat\/wp-content\/uploads\/sites\/236\/2026\/04\/Palveluopas-2026-NETTI.pdf\"><img loading=\"lazy\" decoding=\"async\" class=\"alignnone wp-image-2079 size-full\" src=\"https:\/\/rotary.fi\/virrat\/wp-content\/uploads\/sites\/236\/2026\/04\/palveluopas-2026.jpg\" alt=\"\" width=\"349\" height=\"737\" srcset=\"https:\/\/rotary.fi\/virrat\/wp-content\/uploads\/sites\/236\/2026\/04\/palveluopas-2026.jpg 349w, https:\/\/rotary.fi\/virrat\/wp-content\/uploads\/sites\/236\/2026\/04\/palveluopas-2026-142x300.jpg 142w\" sizes=\"(max-width: 349px) 100vw, 349px\" \/><\/a><\/p>\n<p><a href=\"https:\/\/rotary.fi\/virrat\/wp-content\/uploads\/sites\/236\/2026\/04\/Palveluopas-2026-NETTI.pdf\">Lataa t\u00e4st\u00e4 uusin palveluopas<\/a><\/p>\n<p class=\"style50\" align=\"left\">Virtain palveluopas on tuotteena Virroilla k\u00e4site. Sit\u00e4 on toimitettu jo yli 30 vuotta. Projekti on perustettu osaksi klubin varainhankintaa nuorisovaihdon ja muun nuorisoty\u00f6n rahoittamiseksi ja jatkuu edelleen.<\/p>\n<p class=\"style50\" align=\"left\">Virtain palveluoppaaseen kootaan vuosittain virtolaisten \u00a0yritysten ja yhteis\u00f6jen tiedot ja opas toimii erinomaisena palveluhakemistona sek\u00e4 kuntalaisille ett\u00e4 erityisesti turisteille ja kes\u00e4m\u00f6kkil\u00e4isille.<\/p>\n<p class=\"style50\" align=\"left\">Palveluopasprojekti alkaa vuosittain syksyll\u00e4. Tietojen ker\u00e4ys\u00a0 tapahtuu syyskuusta vuodenvaihteeseen. Palveluopas kattaa noin 80% virtolaisista yrityksist\u00e4 ja palveluista. Opas jaetaan postilaatikoihin Virroilla.\u00a0 My\u00f6s muualla asuville kes\u00e4virtolaisille toimitetaan palveluopas yhteisty\u00f6ss\u00e4 Virtain kaupungin kanssa.<\/p>\n","protected":false},"excerpt":{"rendered":"<p>Virtain Rotaryklubi julkaisee vuosittain palveluoppaan, josta l\u00f6yd\u00e4t kaikki paikkakunnan t\u00e4rkeimm\u00e4t palvelut k\u00e4tev\u00e4sti yksiss\u00e4 kansissa. Lataa t\u00e4st\u00e4 uusin palveluopas Virtain palveluopas on tuotteena Virroilla k\u00e4site. Sit\u00e4 on toimitettu jo yli 30 vuotta. Projekti on perustettu osaksi klubin varainhankintaa nuorisovaihdon ja muun nuorisoty\u00f6n rahoittamiseksi ja jatkuu edelleen. Virtain palveluoppaaseen kootaan vuosittain virtolaisten \u00a0yritysten ja yhteis\u00f6jen tiedot ja [&hellip;]<\/p>\n","protected":false},"author":622,"featured_media":0,"parent":0,"menu_order":0,"comment_status":"closed","ping_status":"closed","template":"","meta":{"_acf_changed":false,"_et_pb_use_builder":"","_et_pb_old_content":"","_et_gb_content_width":"","footnotes":""},"class_list":["post-1623","page","type-page","status-publish","hentry"],"acf":[],"yoast_head":"<!-- This site is optimized with the Yoast SEO plugin v27.4 - https:\/\/yoast.com\/product\/yoast-seo-wordpress\/ -->\n<title>Palveluopas - Virtain Rotaryklubi ry<\/title>\n<meta name=\"robots\" content=\"index, follow, max-snippet:-1, max-image-preview:large, max-video-preview:-1\" \/>\n<link rel=\"canonical\" href=\"https:\/\/rotary.fi\/virrat\/palveluopas\/\" \/>\n<meta property=\"og:locale\" content=\"fi_FI\" \/>\n<meta property=\"og:type\" content=\"article\" \/>\n<meta property=\"og:title\" content=\"Palveluopas - Virtain Rotaryklubi ry\" \/>\n<meta property=\"og:description\" content=\"Virtain Rotaryklubi julkaisee vuosittain palveluoppaan, josta l\u00f6yd\u00e4t kaikki paikkakunnan t\u00e4rkeimm\u00e4t palvelut k\u00e4tev\u00e4sti yksiss\u00e4 kansissa. Lataa t\u00e4st\u00e4 uusin palveluopas Virtain palveluopas on tuotteena Virroilla k\u00e4site. Sit\u00e4 on toimitettu jo yli 30 vuotta. Projekti on perustettu osaksi klubin varainhankintaa nuorisovaihdon ja muun nuorisoty\u00f6n rahoittamiseksi ja jatkuu edelleen. Virtain palveluoppaaseen kootaan vuosittain virtolaisten \u00a0yritysten ja yhteis\u00f6jen tiedot ja [&hellip;]\" \/>\n<meta property=\"og:url\" content=\"https:\/\/rotary.fi\/virrat\/palveluopas\/\" \/>\n<meta property=\"og:site_name\" content=\"Virtain Rotaryklubi ry\" \/>\n<meta property=\"article:modified_time\" content=\"2026-04-09T09:50:40+00:00\" \/>\n<meta property=\"og:image\" content=\"https:\/\/rotary.fi\/virrat\/wp-content\/uploads\/sites\/236\/2026\/04\/palveluopas-2026.jpg\" \/>\n\t<meta property=\"og:image:width\" content=\"349\" \/>\n\t<meta property=\"og:image:height\" content=\"737\" \/>\n\t<meta property=\"og:image:type\" content=\"image\/jpeg\" \/>\n<meta name=\"twitter:card\" content=\"summary_large_image\" \/>\n<meta name=\"twitter:label1\" content=\"Arvioitu lukuaika\" \/>\n\t<meta name=\"twitter:data1\" content=\"1 minuutti\" \/>\n<script type=\"application\/ld+json\" class=\"yoast-schema-graph\">{\"@context\":\"https:\\\/\\\/schema.org\",\"@graph\":[{\"@type\":\"WebPage\",\"@id\":\"https:\\\/\\\/rotary.fi\\\/virrat\\\/palveluopas\\\/\",\"url\":\"https:\\\/\\\/rotary.fi\\\/virrat\\\/palveluopas\\\/\",\"name\":\"Palveluopas - Virtain Rotaryklubi ry\",\"isPartOf\":{\"@id\":\"https:\\\/\\\/rotary.fi\\\/virrat\\\/#website\"},\"primaryImageOfPage\":{\"@id\":\"https:\\\/\\\/rotary.fi\\\/virrat\\\/palveluopas\\\/#primaryimage\"},\"image\":{\"@id\":\"https:\\\/\\\/rotary.fi\\\/virrat\\\/palveluopas\\\/#primaryimage\"},\"thumbnailUrl\":\"https:\\\/\\\/rotary.fi\\\/virrat\\\/wp-content\\\/uploads\\\/sites\\\/236\\\/2026\\\/04\\\/palveluopas-2026.jpg\",\"datePublished\":\"2023-04-11T13:21:52+00:00\",\"dateModified\":\"2026-04-09T09:50:40+00:00\",\"breadcrumb\":{\"@id\":\"https:\\\/\\\/rotary.fi\\\/virrat\\\/palveluopas\\\/#breadcrumb\"},\"inLanguage\":\"fi\",\"potentialAction\":[{\"@type\":\"ReadAction\",\"target\":[\"https:\\\/\\\/rotary.fi\\\/virrat\\\/palveluopas\\\/\"]}]},{\"@type\":\"ImageObject\",\"inLanguage\":\"fi\",\"@id\":\"https:\\\/\\\/rotary.fi\\\/virrat\\\/palveluopas\\\/#primaryimage\",\"url\":\"https:\\\/\\\/rotary.fi\\\/virrat\\\/wp-content\\\/uploads\\\/sites\\\/236\\\/2026\\\/04\\\/palveluopas-2026.jpg\",\"contentUrl\":\"https:\\\/\\\/rotary.fi\\\/virrat\\\/wp-content\\\/uploads\\\/sites\\\/236\\\/2026\\\/04\\\/palveluopas-2026.jpg\",\"width\":349,\"height\":737},{\"@type\":\"BreadcrumbList\",\"@id\":\"https:\\\/\\\/rotary.fi\\\/virrat\\\/palveluopas\\\/#breadcrumb\",\"itemListElement\":[{\"@type\":\"ListItem\",\"position\":1,\"name\":\"Home\",\"item\":\"https:\\\/\\\/rotary.fi\\\/virrat\\\/\"},{\"@type\":\"ListItem\",\"position\":2,\"name\":\"Palveluopas\"}]},{\"@type\":\"WebSite\",\"@id\":\"https:\\\/\\\/rotary.fi\\\/virrat\\\/#website\",\"url\":\"https:\\\/\\\/rotary.fi\\\/virrat\\\/\",\"name\":\"Virtain Rotaryklubi ry\",\"description\":\"Uusi Rotary klubisivusto\",\"potentialAction\":[{\"@type\":\"SearchAction\",\"target\":{\"@type\":\"EntryPoint\",\"urlTemplate\":\"https:\\\/\\\/rotary.fi\\\/virrat\\\/?s={search_term_string}\"},\"query-input\":{\"@type\":\"PropertyValueSpecification\",\"valueRequired\":true,\"valueName\":\"search_term_string\"}}],\"inLanguage\":\"fi\"}]}<\/script>\n<!-- \/ Yoast SEO plugin. -->","yoast_head_json":{"title":"Palveluopas - Virtain Rotaryklubi ry","robots":{"index":"index","follow":"follow","max-snippet":"max-snippet:-1","max-image-preview":"max-image-preview:large","max-video-preview":"max-video-preview:-1"},"canonical":"https:\/\/rotary.fi\/virrat\/palveluopas\/","og_locale":"fi_FI","og_type":"article","og_title":"Palveluopas - Virtain Rotaryklubi ry","og_description":"Virtain Rotaryklubi julkaisee vuosittain palveluoppaan, josta l\u00f6yd\u00e4t kaikki paikkakunnan t\u00e4rkeimm\u00e4t palvelut k\u00e4tev\u00e4sti yksiss\u00e4 kansissa. Lataa t\u00e4st\u00e4 uusin palveluopas Virtain palveluopas on tuotteena Virroilla k\u00e4site. Sit\u00e4 on toimitettu jo yli 30 vuotta. Projekti on perustettu osaksi klubin varainhankintaa nuorisovaihdon ja muun nuorisoty\u00f6n rahoittamiseksi ja jatkuu edelleen. Virtain palveluoppaaseen kootaan vuosittain virtolaisten \u00a0yritysten ja yhteis\u00f6jen tiedot ja [&hellip;]","og_url":"https:\/\/rotary.fi\/virrat\/palveluopas\/","og_site_name":"Virtain Rotaryklubi ry","article_modified_time":"2026-04-09T09:50:40+00:00","og_image":[{"width":349,"height":737,"url":"https:\/\/rotary.fi\/virrat\/wp-content\/uploads\/sites\/236\/2026\/04\/palveluopas-2026.jpg","type":"image\/jpeg"}],"twitter_card":"summary_large_image","twitter_misc":{"Arvioitu lukuaika":"1 minuutti"},"schema":{"@context":"https:\/\/schema.org","@graph":[{"@type":"WebPage","@id":"https:\/\/rotary.fi\/virrat\/palveluopas\/","url":"https:\/\/rotary.fi\/virrat\/palveluopas\/","name":"Palveluopas - Virtain Rotaryklubi ry","isPartOf":{"@id":"https:\/\/rotary.fi\/virrat\/#website"},"primaryImageOfPage":{"@id":"https:\/\/rotary.fi\/virrat\/palveluopas\/#primaryimage"},"image":{"@id":"https:\/\/rotary.fi\/virrat\/palveluopas\/#primaryimage"},"thumbnailUrl":"https:\/\/rotary.fi\/virrat\/wp-content\/uploads\/sites\/236\/2026\/04\/palveluopas-2026.jpg","datePublished":"2023-04-11T13:21:52+00:00","dateModified":"2026-04-09T09:50:40+00:00","breadcrumb":{"@id":"https:\/\/rotary.fi\/virrat\/palveluopas\/#breadcrumb"},"inLanguage":"fi","potentialAction":[{"@type":"ReadAction","target":["https:\/\/rotary.fi\/virrat\/palveluopas\/"]}]},{"@type":"ImageObject","inLanguage":"fi","@id":"https:\/\/rotary.fi\/virrat\/palveluopas\/#primaryimage","url":"https:\/\/rotary.fi\/virrat\/wp-content\/uploads\/sites\/236\/2026\/04\/palveluopas-2026.jpg","contentUrl":"https:\/\/rotary.fi\/virrat\/wp-content\/uploads\/sites\/236\/2026\/04\/palveluopas-2026.jpg","width":349,"height":737},{"@type":"BreadcrumbList","@id":"https:\/\/rotary.fi\/virrat\/palveluopas\/#breadcrumb","itemListElement":[{"@type":"ListItem","position":1,"name":"Home","item":"https:\/\/rotary.fi\/virrat\/"},{"@type":"ListItem","position":2,"name":"Palveluopas"}]},{"@type":"WebSite","@id":"https:\/\/rotary.fi\/virrat\/#website","url":"https:\/\/rotary.fi\/virrat\/","name":"Virtain Rotaryklubi ry","description":"Uusi Rotary klubisivusto","potentialAction":[{"@type":"SearchAction","target":{"@type":"EntryPoint","urlTemplate":"https:\/\/rotary.fi\/virrat\/?s={search_term_string}"},"query-input":{"@type":"PropertyValueSpecification","valueRequired":true,"valueName":"search_term_string"}}],"inLanguage":"fi"}]}},"lang":"fi","translations":{"fi":1623},"pll_sync_post":[],"_links":{"self":[{"href":"https:\/\/rotary.fi\/virrat\/wp-json\/wp\/v2\/pages\/1623","targetHints":{"allow":["GET"]}}],"collection":[{"href":"https:\/\/rotary.fi\/virrat\/wp-json\/wp\/v2\/pages"}],"about":[{"href":"https:\/\/rotary.fi\/virrat\/wp-json\/wp\/v2\/types\/page"}],"author":[{"embeddable":true,"href":"https:\/\/rotary.fi\/virrat\/wp-json\/wp\/v2\/users\/622"}],"replies":[{"embeddable":true,"href":"https:\/\/rotary.fi\/virrat\/wp-json\/wp\/v2\/comments?post=1623"}],"version-history":[{"count":9,"href":"https:\/\/rotary.fi\/virrat\/wp-json\/wp\/v2\/pages\/1623\/revisions"}],"predecessor-version":[{"id":2081,"href":"https:\/\/rotary.fi\/virrat\/wp-json\/wp\/v2\/pages\/1623\/revisions\/2081"}],"wp:attachment":[{"href":"https:\/\/rotary.fi\/virrat\/wp-json\/wp\/v2\/media?parent=1623"}],"curies":[{"name":"wp","href":"https:\/\/api.w.org\/{rel}","templated":true}]}}