{"id":132,"date":"2018-08-10T13:59:56","date_gmt":"2018-08-10T10:59:56","guid":{"rendered":"https:\/\/rotary.fi\/klubi2\/?page_id=132"},"modified":"2026-01-18T17:55:27","modified_gmt":"2026-01-18T15:55:27","slug":"hallitus-ja-toimihenkilot","status":"publish","type":"page","link":"https:\/\/rotary.fi\/virrat\/keita-olemme\/hallitus-ja-toimihenkilot\/","title":{"rendered":"Hallitus ja toimihenkil\u00f6t"},"content":{"rendered":"<p>[et_pb_section fb_built=&#8221;1&#8243; admin_label=&#8221;Osio&#8221; module_class=&#8221;jumbotron-page&#8221; _builder_version=&#8221;4.16&#8243; background_image=&#8221;https:\/\/rotary.fi\/virrat\/wp-content\/uploads\/sites\/236\/2018\/10\/rotary_klubit_alasivu_paakuva_12.jpg&#8221; collapsed=&#8221;on&#8221; global_colors_info=&#8221;{}&#8221;][et_pb_row _builder_version=&#8221;4.16&#8243; background_size=&#8221;initial&#8221; background_position=&#8221;top_left&#8221; background_repeat=&#8221;repeat&#8221; global_colors_info=&#8221;{}&#8221;][et_pb_column type=&#8221;4_4&#8243; _builder_version=&#8221;4.16&#8243; custom_padding=&#8221;|||&#8221; global_colors_info=&#8221;{}&#8221; custom_padding__hover=&#8221;|||&#8221;][et_pb_text admin_label=&#8221;P\u00e4\u00e4otsikko&#8221; _builder_version=&#8221;4.20.4&#8243; text_orientation=&#8221;center&#8221; background_layout=&#8221;dark&#8221; global_colors_info=&#8221;{}&#8221;]<\/p>\n<h1>Hallitus ja toimihenkil\u00f6t<\/h1>\n<p>[\/et_pb_text][\/et_pb_column][\/et_pb_row][\/et_pb_section][et_pb_section fb_built=&#8221;1&#8243; specialty=&#8221;on&#8221; module_class_2=&#8221;sivupalkki&#8221; _builder_version=&#8221;4.16&#8243; global_colors_info=&#8221;{}&#8221;][et_pb_column type=&#8221;2_3&#8243; specialty_columns=&#8221;2&#8243; _builder_version=&#8221;4.16&#8243; custom_padding=&#8221;|||&#8221; global_colors_info=&#8221;{}&#8221; parallax__hover=&#8221;off&#8221; parallax_method__hover=&#8221;on&#8221; custom_padding__hover=&#8221;|||&#8221;][et_pb_row_inner admin_label=&#8221;Rivi&#8221; _builder_version=&#8221;4.16&#8243; collapsed=&#8221;on&#8221; global_colors_info=&#8221;{}&#8221;][et_pb_column_inner saved_specialty_column_type=&#8221;2_3&#8243; _builder_version=&#8221;4.16&#8243; custom_padding=&#8221;|||&#8221; global_colors_info=&#8221;{}&#8221; parallax__hover=&#8221;off&#8221; parallax_method__hover=&#8221;on&#8221; custom_padding__hover=&#8221;|||&#8221;][et_pb_text admin_label=&#8221;Otsikko&#8221; _builder_version=&#8221;4.16&#8243; text_orientation=&#8221;center&#8221; global_colors_info=&#8221;{}&#8221;]<\/p>\n<h1>Hallitus ja toimihenkil\u00f6t<\/h1>\n<p>[\/et_pb_text][\/et_pb_column_inner][\/et_pb_row_inner][et_pb_row_inner column_structure=&#8221;1_2,1_2&#8243; admin_label=&#8221;Rivi&#8221; _builder_version=&#8221;4.25.2&#8243; global_colors_info=&#8221;{}&#8221;][et_pb_column_inner type=&#8221;1_2&#8243; saved_specialty_column_type=&#8221;2_3&#8243; _builder_version=&#8221;4.16&#8243; custom_padding=&#8221;|||&#8221; global_colors_info=&#8221;{}&#8221; parallax__hover=&#8221;off&#8221; parallax_method__hover=&#8221;on&#8221; custom_padding__hover=&#8221;|||&#8221;][et_pb_team_member name=&#8221;Riitta Mononen&#8221; position=&#8221;Presidentti&#8221; image_url=&#8221;https:\/\/rotary.fi\/klubi2\/wp-content\/uploads\/sites\/236\/2018\/08\/henkilokuva_placeholder.jpg&#8221; admin_label=&#8221;Presidentti&#8221; _builder_version=&#8221;4.21.0&#8243; global_colors_info=&#8221;{}&#8221;]<\/p>\n<p>p. 050-3629762<br \/>S\u00e4hk\u00f6posti: mononen.riitta@phpoint.fi<\/p>\n<p>[\/et_pb_team_member][\/et_pb_column_inner][et_pb_column_inner type=&#8221;1_2&#8243; saved_specialty_column_type=&#8221;2_3&#8243; _builder_version=&#8221;4.16&#8243; custom_padding=&#8221;|||&#8221; global_colors_info=&#8221;{}&#8221; parallax__hover=&#8221;off&#8221; parallax_method__hover=&#8221;on&#8221; custom_padding__hover=&#8221;|||&#8221;][et_pb_text _builder_version=&#8221;4.21.0&#8243; global_colors_info=&#8221;{}&#8221;]<\/p>\n<h2>\u00a0<\/h2>\n<h2>Hallitus 2025 &#8211; 2026<\/h2>\n<p><strong>Presidentti\u00a0<\/strong>Riitta Mononen<strong><br \/><\/strong><strong>Vara presidentti<\/strong> Hannu Tolvanen<br \/><strong>Past presidentti<\/strong> Olli Ylistalo<br \/><strong>Sihteeri<\/strong> Tuula M\u00e4ntysalmi<br \/><strong>Klubimestari<\/strong> Olli Ylistalo<br \/><strong>Rahastonhoitaja<\/strong> Katja Mansikkam\u00e4ki<br \/><strong>IT-vastaava<\/strong> Seppo Varis<br \/><strong>Palveluprojektivastaava<\/strong> Tiina Per\u00e4m\u00e4ki<br \/><strong>Nuorisovaihtoasiamies<\/strong> Katri Rantala<\/p>\n<p>&nbsp;<\/p>\n<p>&nbsp;<\/p>\n<p>[\/et_pb_text][\/et_pb_column_inner][\/et_pb_row_inner][et_pb_row_inner admin_label=&#8221;Rivi&#8221; _builder_version=&#8221;4.16&#8243; collapsed=&#8221;off&#8221; global_colors_info=&#8221;{}&#8221;][et_pb_column_inner saved_specialty_column_type=&#8221;2_3&#8243; _builder_version=&#8221;4.16&#8243; custom_padding=&#8221;|||&#8221; global_colors_info=&#8221;{}&#8221; parallax__hover=&#8221;off&#8221; parallax_method__hover=&#8221;on&#8221; custom_padding__hover=&#8221;|||&#8221;][et_pb_divider _builder_version=&#8221;4.20.4&#8243; _module_preset=&#8221;default&#8221; global_colors_info=&#8221;{}&#8221;][\/et_pb_divider][et_pb_text admin_label=&#8221;Otsikko&#8221; _builder_version=&#8221;4.20.4&#8243; text_orientation=&#8221;center&#8221; global_colors_info=&#8221;{}&#8221;]<\/p>\n<h2>Viikkokokous Marttisessa 03.09.2025<\/h2>\n<p>[\/et_pb_text][et_pb_gallery gallery_ids=&#8221;2008&#8243; fullwidth=&#8221;on&#8221; _builder_version=&#8221;4.27.4&#8243; _module_preset=&#8221;default&#8221; global_colors_info=&#8221;{}&#8221;][\/et_pb_gallery][\/et_pb_column_inner][\/et_pb_row_inner][\/et_pb_column][et_pb_column type=&#8221;1_3&#8243; module_class=&#8221;sivupalkki&#8221; _builder_version=&#8221;4.16&#8243; custom_padding=&#8221;|||&#8221; global_colors_info=&#8221;{}&#8221; parallax__hover=&#8221;off&#8221; parallax_method__hover=&#8221;on&#8221; module_class__hover=&#8221;sivupalkki&#8221; custom_padding__hover=&#8221;|||&#8221;][et_pb_sidebar area=&#8221;sidebar-1&#8243; module_class=&#8221;sivupalkki_sisalto&#8221; _builder_version=&#8221;4.16&#8243; locked=&#8221;on&#8221; global_colors_info=&#8221;{}&#8221;]<\/p>\n<p>[\/et_pb_sidebar][\/et_pb_column][\/et_pb_section]<\/p>\n","protected":false},"excerpt":{"rendered":"<p>Hallitus ja toimihenkil\u00f6tHallitus ja toimihenkil\u00f6t p. 050-3629762S\u00e4hk\u00f6posti: mononen.riitta@phpoint.fi\u00a0 Hallitus 2025 &#8211; 2026 Presidentti\u00a0Riitta MononenVara presidentti Hannu TolvanenPast presidentti Olli YlistaloSihteeri Tuula M\u00e4ntysalmiKlubimestari Olli YlistaloRahastonhoitaja Katja Mansikkam\u00e4kiIT-vastaava Seppo VarisPalveluprojektivastaava Tiina Per\u00e4m\u00e4kiNuorisovaihtoasiamies Katri Rantala &nbsp; &nbsp;Viikkokokous Marttisessa 03.09.2025<\/p>\n","protected":false},"author":1,"featured_media":2008,"parent":129,"menu_order":0,"comment_status":"closed","ping_status":"closed","template":"","meta":{"_acf_changed":false,"_et_pb_use_builder":"on","_et_pb_old_content":"","_et_gb_content_width":"","footnotes":""},"class_list":["post-132","page","type-page","status-publish","has-post-thumbnail","hentry"],"acf":[],"yoast_head":"<!-- This site is optimized with the Yoast SEO plugin v27.4 - https:\/\/yoast.com\/product\/yoast-seo-wordpress\/ -->\n<title>Hallitus ja toimihenkil\u00f6t - Virtain Rotaryklubi ry<\/title>\n<meta name=\"robots\" content=\"index, follow, max-snippet:-1, max-image-preview:large, max-video-preview:-1\" \/>\n<link rel=\"canonical\" href=\"https:\/\/rotary.fi\/virrat\/keita-olemme\/hallitus-ja-toimihenkilot\/\" \/>\n<meta property=\"og:locale\" content=\"fi_FI\" \/>\n<meta property=\"og:type\" content=\"article\" \/>\n<meta property=\"og:title\" content=\"Hallitus ja toimihenkil\u00f6t - Virtain Rotaryklubi ry\" \/>\n<meta property=\"og:description\" content=\"Hallitus ja toimihenkil\u00f6tHallitus ja toimihenkil\u00f6t p. 050-3629762S\u00e4hk\u00f6posti: mononen.riitta@phpoint.fi\u00a0 Hallitus 2025 - 2026 Presidentti\u00a0Riitta MononenVara presidentti Hannu TolvanenPast presidentti Olli YlistaloSihteeri Tuula M\u00e4ntysalmiKlubimestari Olli YlistaloRahastonhoitaja Katja Mansikkam\u00e4kiIT-vastaava Seppo VarisPalveluprojektivastaava Tiina Per\u00e4m\u00e4kiNuorisovaihtoasiamies Katri Rantala &nbsp; &nbsp;Viikkokokous Marttisessa 03.09.2025\" \/>\n<meta property=\"og:url\" content=\"https:\/\/rotary.fi\/virrat\/keita-olemme\/hallitus-ja-toimihenkilot\/\" \/>\n<meta property=\"og:site_name\" content=\"Virtain Rotaryklubi ry\" \/>\n<meta property=\"article:modified_time\" content=\"2026-01-18T15:55:27+00:00\" \/>\n<meta property=\"og:image\" content=\"https:\/\/rotary.fi\/virrat\/wp-content\/uploads\/sites\/236\/2025\/09\/rotaryt.jpg\" \/>\n\t<meta property=\"og:image:width\" content=\"1902\" \/>\n\t<meta property=\"og:image:height\" content=\"992\" \/>\n\t<meta property=\"og:image:type\" content=\"image\/jpeg\" \/>\n<meta name=\"twitter:card\" content=\"summary_large_image\" \/>\n<meta name=\"twitter:label1\" content=\"Arvioitu lukuaika\" \/>\n\t<meta name=\"twitter:data1\" content=\"2 minuuttia\" \/>\n<script type=\"application\/ld+json\" class=\"yoast-schema-graph\">{\"@context\":\"https:\\\/\\\/schema.org\",\"@graph\":[{\"@type\":\"WebPage\",\"@id\":\"https:\\\/\\\/rotary.fi\\\/virrat\\\/keita-olemme\\\/hallitus-ja-toimihenkilot\\\/\",\"url\":\"https:\\\/\\\/rotary.fi\\\/virrat\\\/keita-olemme\\\/hallitus-ja-toimihenkilot\\\/\",\"name\":\"Hallitus ja toimihenkil\u00f6t - Virtain Rotaryklubi ry\",\"isPartOf\":{\"@id\":\"https:\\\/\\\/rotary.fi\\\/virrat\\\/#website\"},\"primaryImageOfPage\":{\"@id\":\"https:\\\/\\\/rotary.fi\\\/virrat\\\/keita-olemme\\\/hallitus-ja-toimihenkilot\\\/#primaryimage\"},\"image\":{\"@id\":\"https:\\\/\\\/rotary.fi\\\/virrat\\\/keita-olemme\\\/hallitus-ja-toimihenkilot\\\/#primaryimage\"},\"thumbnailUrl\":\"https:\\\/\\\/rotary.fi\\\/virrat\\\/wp-content\\\/uploads\\\/sites\\\/236\\\/2025\\\/09\\\/rotaryt.jpg\",\"datePublished\":\"2018-08-10T10:59:56+00:00\",\"dateModified\":\"2026-01-18T15:55:27+00:00\",\"breadcrumb\":{\"@id\":\"https:\\\/\\\/rotary.fi\\\/virrat\\\/keita-olemme\\\/hallitus-ja-toimihenkilot\\\/#breadcrumb\"},\"inLanguage\":\"fi\",\"potentialAction\":[{\"@type\":\"ReadAction\",\"target\":[\"https:\\\/\\\/rotary.fi\\\/virrat\\\/keita-olemme\\\/hallitus-ja-toimihenkilot\\\/\"]}]},{\"@type\":\"ImageObject\",\"inLanguage\":\"fi\",\"@id\":\"https:\\\/\\\/rotary.fi\\\/virrat\\\/keita-olemme\\\/hallitus-ja-toimihenkilot\\\/#primaryimage\",\"url\":\"https:\\\/\\\/rotary.fi\\\/virrat\\\/wp-content\\\/uploads\\\/sites\\\/236\\\/2025\\\/09\\\/rotaryt.jpg\",\"contentUrl\":\"https:\\\/\\\/rotary.fi\\\/virrat\\\/wp-content\\\/uploads\\\/sites\\\/236\\\/2025\\\/09\\\/rotaryt.jpg\",\"width\":1902,\"height\":992},{\"@type\":\"BreadcrumbList\",\"@id\":\"https:\\\/\\\/rotary.fi\\\/virrat\\\/keita-olemme\\\/hallitus-ja-toimihenkilot\\\/#breadcrumb\",\"itemListElement\":[{\"@type\":\"ListItem\",\"position\":1,\"name\":\"Home\",\"item\":\"https:\\\/\\\/rotary.fi\\\/virrat\\\/\"},{\"@type\":\"ListItem\",\"position\":2,\"name\":\"Keit\u00e4 olemme\",\"item\":\"https:\\\/\\\/rotary.fi\\\/virrat\\\/keita-olemme\\\/\"},{\"@type\":\"ListItem\",\"position\":3,\"name\":\"Hallitus ja toimihenkil\u00f6t\"}]},{\"@type\":\"WebSite\",\"@id\":\"https:\\\/\\\/rotary.fi\\\/virrat\\\/#website\",\"url\":\"https:\\\/\\\/rotary.fi\\\/virrat\\\/\",\"name\":\"Virtain Rotaryklubi ry\",\"description\":\"Uusi Rotary klubisivusto\",\"potentialAction\":[{\"@type\":\"SearchAction\",\"target\":{\"@type\":\"EntryPoint\",\"urlTemplate\":\"https:\\\/\\\/rotary.fi\\\/virrat\\\/?s={search_term_string}\"},\"query-input\":{\"@type\":\"PropertyValueSpecification\",\"valueRequired\":true,\"valueName\":\"search_term_string\"}}],\"inLanguage\":\"fi\"}]}<\/script>\n<!-- \/ Yoast SEO plugin. -->","yoast_head_json":{"title":"Hallitus ja toimihenkil\u00f6t - Virtain Rotaryklubi ry","robots":{"index":"index","follow":"follow","max-snippet":"max-snippet:-1","max-image-preview":"max-image-preview:large","max-video-preview":"max-video-preview:-1"},"canonical":"https:\/\/rotary.fi\/virrat\/keita-olemme\/hallitus-ja-toimihenkilot\/","og_locale":"fi_FI","og_type":"article","og_title":"Hallitus ja toimihenkil\u00f6t - Virtain Rotaryklubi ry","og_description":"Hallitus ja toimihenkil\u00f6tHallitus ja toimihenkil\u00f6t p. 050-3629762S\u00e4hk\u00f6posti: mononen.riitta@phpoint.fi\u00a0 Hallitus 2025 - 2026 Presidentti\u00a0Riitta MononenVara presidentti Hannu TolvanenPast presidentti Olli YlistaloSihteeri Tuula M\u00e4ntysalmiKlubimestari Olli YlistaloRahastonhoitaja Katja Mansikkam\u00e4kiIT-vastaava Seppo VarisPalveluprojektivastaava Tiina Per\u00e4m\u00e4kiNuorisovaihtoasiamies Katri Rantala &nbsp; &nbsp;Viikkokokous Marttisessa 03.09.2025","og_url":"https:\/\/rotary.fi\/virrat\/keita-olemme\/hallitus-ja-toimihenkilot\/","og_site_name":"Virtain Rotaryklubi ry","article_modified_time":"2026-01-18T15:55:27+00:00","og_image":[{"width":1902,"height":992,"url":"https:\/\/rotary.fi\/virrat\/wp-content\/uploads\/sites\/236\/2025\/09\/rotaryt.jpg","type":"image\/jpeg"}],"twitter_card":"summary_large_image","twitter_misc":{"Arvioitu lukuaika":"2 minuuttia"},"schema":{"@context":"https:\/\/schema.org","@graph":[{"@type":"WebPage","@id":"https:\/\/rotary.fi\/virrat\/keita-olemme\/hallitus-ja-toimihenkilot\/","url":"https:\/\/rotary.fi\/virrat\/keita-olemme\/hallitus-ja-toimihenkilot\/","name":"Hallitus ja toimihenkil\u00f6t - Virtain Rotaryklubi ry","isPartOf":{"@id":"https:\/\/rotary.fi\/virrat\/#website"},"primaryImageOfPage":{"@id":"https:\/\/rotary.fi\/virrat\/keita-olemme\/hallitus-ja-toimihenkilot\/#primaryimage"},"image":{"@id":"https:\/\/rotary.fi\/virrat\/keita-olemme\/hallitus-ja-toimihenkilot\/#primaryimage"},"thumbnailUrl":"https:\/\/rotary.fi\/virrat\/wp-content\/uploads\/sites\/236\/2025\/09\/rotaryt.jpg","datePublished":"2018-08-10T10:59:56+00:00","dateModified":"2026-01-18T15:55:27+00:00","breadcrumb":{"@id":"https:\/\/rotary.fi\/virrat\/keita-olemme\/hallitus-ja-toimihenkilot\/#breadcrumb"},"inLanguage":"fi","potentialAction":[{"@type":"ReadAction","target":["https:\/\/rotary.fi\/virrat\/keita-olemme\/hallitus-ja-toimihenkilot\/"]}]},{"@type":"ImageObject","inLanguage":"fi","@id":"https:\/\/rotary.fi\/virrat\/keita-olemme\/hallitus-ja-toimihenkilot\/#primaryimage","url":"https:\/\/rotary.fi\/virrat\/wp-content\/uploads\/sites\/236\/2025\/09\/rotaryt.jpg","contentUrl":"https:\/\/rotary.fi\/virrat\/wp-content\/uploads\/sites\/236\/2025\/09\/rotaryt.jpg","width":1902,"height":992},{"@type":"BreadcrumbList","@id":"https:\/\/rotary.fi\/virrat\/keita-olemme\/hallitus-ja-toimihenkilot\/#breadcrumb","itemListElement":[{"@type":"ListItem","position":1,"name":"Home","item":"https:\/\/rotary.fi\/virrat\/"},{"@type":"ListItem","position":2,"name":"Keit\u00e4 olemme","item":"https:\/\/rotary.fi\/virrat\/keita-olemme\/"},{"@type":"ListItem","position":3,"name":"Hallitus ja toimihenkil\u00f6t"}]},{"@type":"WebSite","@id":"https:\/\/rotary.fi\/virrat\/#website","url":"https:\/\/rotary.fi\/virrat\/","name":"Virtain Rotaryklubi ry","description":"Uusi Rotary klubisivusto","potentialAction":[{"@type":"SearchAction","target":{"@type":"EntryPoint","urlTemplate":"https:\/\/rotary.fi\/virrat\/?s={search_term_string}"},"query-input":{"@type":"PropertyValueSpecification","valueRequired":true,"valueName":"search_term_string"}}],"inLanguage":"fi"}]}},"lang":"fi","translations":{"fi":132},"pll_sync_post":[],"_links":{"self":[{"href":"https:\/\/rotary.fi\/virrat\/wp-json\/wp\/v2\/pages\/132","targetHints":{"allow":["GET"]}}],"collection":[{"href":"https:\/\/rotary.fi\/virrat\/wp-json\/wp\/v2\/pages"}],"about":[{"href":"https:\/\/rotary.fi\/virrat\/wp-json\/wp\/v2\/types\/page"}],"author":[{"embeddable":true,"href":"https:\/\/rotary.fi\/virrat\/wp-json\/wp\/v2\/users\/1"}],"replies":[{"embeddable":true,"href":"https:\/\/rotary.fi\/virrat\/wp-json\/wp\/v2\/comments?post=132"}],"version-history":[{"count":11,"href":"https:\/\/rotary.fi\/virrat\/wp-json\/wp\/v2\/pages\/132\/revisions"}],"predecessor-version":[{"id":2050,"href":"https:\/\/rotary.fi\/virrat\/wp-json\/wp\/v2\/pages\/132\/revisions\/2050"}],"up":[{"embeddable":true,"href":"https:\/\/rotary.fi\/virrat\/wp-json\/wp\/v2\/pages\/129"}],"wp:featuredmedia":[{"embeddable":true,"href":"https:\/\/rotary.fi\/virrat\/wp-json\/wp\/v2\/media\/2008"}],"wp:attachment":[{"href":"https:\/\/rotary.fi\/virrat\/wp-json\/wp\/v2\/media?parent=132"}],"curies":[{"name":"wp","href":"https:\/\/api.w.org\/{rel}","templated":true}]}}