{"id":15,"date":"2018-08-08T14:36:36","date_gmt":"2018-08-08T11:36:36","guid":{"rendered":"https:\/\/rotary.fi\/klubi2\/?page_id=15"},"modified":"2026-03-18T19:58:23","modified_gmt":"2026-03-18T17:58:23","slug":"etusivu","status":"publish","type":"page","link":"https:\/\/rotary.fi\/viitasaari\/","title":{"rendered":"Etusivu"},"content":{"rendered":"<p>[et_pb_section fb_built=&#8221;1&#8243; admin_label=&#8221;section&#8221; _builder_version=&#8221;4.16&#8243; global_colors_info=&#8221;{}&#8221;][et_pb_row admin_label=&#8221;row&#8221; _builder_version=&#8221;4.16&#8243; background_size=&#8221;initial&#8221; background_position=&#8221;top_left&#8221; background_repeat=&#8221;repeat&#8221; global_colors_info=&#8221;{}&#8221;][et_pb_column type=&#8221;4_4&#8243; _builder_version=&#8221;4.16&#8243; custom_padding=&#8221;|||&#8221; global_colors_info=&#8221;{}&#8221; custom_padding__hover=&#8221;|||&#8221;][et_pb_text admin_label=&#8221;Text&#8221; _builder_version=&#8221;4.16&#8243; background_size=&#8221;initial&#8221; background_position=&#8221;top_left&#8221; background_repeat=&#8221;repeat&#8221; hover_enabled=&#8221;0&#8243; global_colors_info=&#8221;{}&#8221; sticky_enabled=&#8221;0&#8243;]Syksykausi 2025<\/p>\n<p>Klubikokoukset alkavat taas kes\u00e4tauon j\u00e4lkeen 12.8.2025. Ensimm\u00e4isess\u00e4 kokouksessa syksyn suunnittelua, soutukilpailun pohdintaa ja Joululehtiasiaa.<\/p>\n<p>Linkki vuosiohjelmaan 2025-2026 <a href=\"https:\/\/docs.google.com\/spreadsheets\/d\/1ui7qTgWySZt5g4cSKnYS2ABbQoxaSHaTfGBi5h12l58\/edit?usp=sharing\">T\u00e4st\u00e4<\/a><\/p>\n<p>&nbsp;[\/et_pb_text][et_pb_image _builder_version=&#8221;4.27.4&#8243; _module_preset=&#8221;default&#8221; title_text=&#8221;_DSC3382&#8243; src=&#8221;https:\/\/rotary.fi\/viitasaari\/wp-content\/uploads\/sites\/38\/2019\/01\/dsc3382.jpg&#8221; hover_enabled=&#8221;0&#8243; sticky_enabled=&#8221;0&#8243;][\/et_pb_image][\/et_pb_column][\/et_pb_row][\/et_pb_section]<\/p>\n","protected":false},"excerpt":{"rendered":"<p>Syksykausi 2025 Klubikokoukset alkavat taas kes\u00e4tauon j\u00e4lkeen 12.8.2025. Ensimm\u00e4isess\u00e4 kokouksessa syksyn suunnittelua, soutukilpailun pohdintaa ja Joululehtiasiaa. Linkki vuosiohjelmaan 2025-2026 T\u00e4st\u00e4 &nbsp;<\/p>\n","protected":false},"author":1,"featured_media":0,"parent":0,"menu_order":0,"comment_status":"closed","ping_status":"closed","template":"","meta":{"_acf_changed":false,"_et_pb_use_builder":"on","_et_pb_old_content":"Syksykausi 2025\r\n\r\nKlubikokoukset alkavat taas kes\u00e4tauon j\u00e4lkeen 12.8.2025. Ensimm\u00e4isess\u00e4 kokouksessa syksyn suunnittelua, soutukilpailun pohdintaa ja Joululehtiasiaa.\r\n\r\nLinkki vuosiohjelmaan 2025-2026 <a href=\"https:\/\/docs.google.com\/spreadsheets\/d\/1ui7qTgWySZt5g4cSKnYS2ABbQoxaSHaTfGBi5h12l58\/edit?usp=sharing\">T\u00e4st\u00e4<\/a>\r\n\r\n&nbsp;","_et_gb_content_width":"","footnotes":""},"class_list":["post-15","page","type-page","status-publish","hentry"],"acf":[],"yoast_head":"<!-- This site is optimized with the Yoast SEO plugin v27.0 - https:\/\/yoast.com\/product\/yoast-seo-wordpress\/ -->\n<title>Etusivu - Viitasaaren Rotaryklubi ry<\/title>\n<meta name=\"robots\" content=\"index, follow, max-snippet:-1, max-image-preview:large, max-video-preview:-1\" \/>\n<link rel=\"canonical\" href=\"https:\/\/rotary.fi\/viitasaari\/\" \/>\n<meta property=\"og:locale\" content=\"fi_FI\" \/>\n<meta property=\"og:type\" content=\"article\" \/>\n<meta property=\"og:title\" content=\"Etusivu - Viitasaaren Rotaryklubi ry\" \/>\n<meta property=\"og:description\" content=\"Syksykausi 2025 Klubikokoukset alkavat taas kes\u00e4tauon j\u00e4lkeen 12.8.2025. Ensimm\u00e4isess\u00e4 kokouksessa syksyn suunnittelua, soutukilpailun pohdintaa ja Joululehtiasiaa. Linkki vuosiohjelmaan 2025-2026 T\u00e4st\u00e4 &nbsp;\" \/>\n<meta property=\"og:url\" content=\"https:\/\/rotary.fi\/viitasaari\/\" \/>\n<meta property=\"og:site_name\" content=\"Viitasaaren Rotaryklubi ry\" \/>\n<meta property=\"article:modified_time\" content=\"2026-03-18T17:58:23+00:00\" \/>\n<meta name=\"twitter:card\" content=\"summary_large_image\" \/>\n<meta name=\"twitter:label1\" content=\"Arvioitu lukuaika\" \/>\n\t<meta name=\"twitter:data1\" content=\"1 minuutti\" \/>\n<script type=\"application\/ld+json\" class=\"yoast-schema-graph\">{\"@context\":\"https:\/\/schema.org\",\"@graph\":[{\"@type\":\"WebPage\",\"@id\":\"https:\/\/rotary.fi\/viitasaari\/\",\"url\":\"https:\/\/rotary.fi\/viitasaari\/\",\"name\":\"Etusivu - Viitasaaren Rotaryklubi ry\",\"isPartOf\":{\"@id\":\"https:\/\/rotary.fi\/viitasaari\/#website\"},\"datePublished\":\"2018-08-08T11:36:36+00:00\",\"dateModified\":\"2026-03-18T17:58:23+00:00\",\"breadcrumb\":{\"@id\":\"https:\/\/rotary.fi\/viitasaari\/#breadcrumb\"},\"inLanguage\":\"fi\",\"potentialAction\":[{\"@type\":\"ReadAction\",\"target\":[\"https:\/\/rotary.fi\/viitasaari\/\"]}]},{\"@type\":\"BreadcrumbList\",\"@id\":\"https:\/\/rotary.fi\/viitasaari\/#breadcrumb\",\"itemListElement\":[{\"@type\":\"ListItem\",\"position\":1,\"name\":\"Home\",\"item\":\"https:\/\/rotary.fi\/viitasaari\/\"},{\"@type\":\"ListItem\",\"position\":2,\"name\":\"Etusivu\"}]},{\"@type\":\"WebSite\",\"@id\":\"https:\/\/rotary.fi\/viitasaari\/#website\",\"url\":\"https:\/\/rotary.fi\/viitasaari\/\",\"name\":\"Viitasaaren Rotaryklubi ry\",\"description\":\"Uusi Rotary klubisivusto\",\"potentialAction\":[{\"@type\":\"SearchAction\",\"target\":{\"@type\":\"EntryPoint\",\"urlTemplate\":\"https:\/\/rotary.fi\/viitasaari\/?s={search_term_string}\"},\"query-input\":{\"@type\":\"PropertyValueSpecification\",\"valueRequired\":true,\"valueName\":\"search_term_string\"}}],\"inLanguage\":\"fi\"}]}<\/script>\n<!-- \/ Yoast SEO plugin. -->","yoast_head_json":{"title":"Etusivu - Viitasaaren Rotaryklubi ry","robots":{"index":"index","follow":"follow","max-snippet":"max-snippet:-1","max-image-preview":"max-image-preview:large","max-video-preview":"max-video-preview:-1"},"canonical":"https:\/\/rotary.fi\/viitasaari\/","og_locale":"fi_FI","og_type":"article","og_title":"Etusivu - Viitasaaren Rotaryklubi ry","og_description":"Syksykausi 2025 Klubikokoukset alkavat taas kes\u00e4tauon j\u00e4lkeen 12.8.2025. Ensimm\u00e4isess\u00e4 kokouksessa syksyn suunnittelua, soutukilpailun pohdintaa ja Joululehtiasiaa. Linkki vuosiohjelmaan 2025-2026 T\u00e4st\u00e4 &nbsp;","og_url":"https:\/\/rotary.fi\/viitasaari\/","og_site_name":"Viitasaaren Rotaryklubi ry","article_modified_time":"2026-03-18T17:58:23+00:00","twitter_card":"summary_large_image","twitter_misc":{"Arvioitu lukuaika":"1 minuutti"},"schema":{"@context":"https:\/\/schema.org","@graph":[{"@type":"WebPage","@id":"https:\/\/rotary.fi\/viitasaari\/","url":"https:\/\/rotary.fi\/viitasaari\/","name":"Etusivu - Viitasaaren Rotaryklubi ry","isPartOf":{"@id":"https:\/\/rotary.fi\/viitasaari\/#website"},"datePublished":"2018-08-08T11:36:36+00:00","dateModified":"2026-03-18T17:58:23+00:00","breadcrumb":{"@id":"https:\/\/rotary.fi\/viitasaari\/#breadcrumb"},"inLanguage":"fi","potentialAction":[{"@type":"ReadAction","target":["https:\/\/rotary.fi\/viitasaari\/"]}]},{"@type":"BreadcrumbList","@id":"https:\/\/rotary.fi\/viitasaari\/#breadcrumb","itemListElement":[{"@type":"ListItem","position":1,"name":"Home","item":"https:\/\/rotary.fi\/viitasaari\/"},{"@type":"ListItem","position":2,"name":"Etusivu"}]},{"@type":"WebSite","@id":"https:\/\/rotary.fi\/viitasaari\/#website","url":"https:\/\/rotary.fi\/viitasaari\/","name":"Viitasaaren Rotaryklubi ry","description":"Uusi Rotary klubisivusto","potentialAction":[{"@type":"SearchAction","target":{"@type":"EntryPoint","urlTemplate":"https:\/\/rotary.fi\/viitasaari\/?s={search_term_string}"},"query-input":{"@type":"PropertyValueSpecification","valueRequired":true,"valueName":"search_term_string"}}],"inLanguage":"fi"}]}},"lang":"fi","translations":{"fi":15},"pll_sync_post":[],"_links":{"self":[{"href":"https:\/\/rotary.fi\/viitasaari\/wp-json\/wp\/v2\/pages\/15","targetHints":{"allow":["GET"]}}],"collection":[{"href":"https:\/\/rotary.fi\/viitasaari\/wp-json\/wp\/v2\/pages"}],"about":[{"href":"https:\/\/rotary.fi\/viitasaari\/wp-json\/wp\/v2\/types\/page"}],"author":[{"embeddable":true,"href":"https:\/\/rotary.fi\/viitasaari\/wp-json\/wp\/v2\/users\/1"}],"replies":[{"embeddable":true,"href":"https:\/\/rotary.fi\/viitasaari\/wp-json\/wp\/v2\/comments?post=15"}],"version-history":[{"count":10,"href":"https:\/\/rotary.fi\/viitasaari\/wp-json\/wp\/v2\/pages\/15\/revisions"}],"predecessor-version":[{"id":1996,"href":"https:\/\/rotary.fi\/viitasaari\/wp-json\/wp\/v2\/pages\/15\/revisions\/1996"}],"wp:attachment":[{"href":"https:\/\/rotary.fi\/viitasaari\/wp-json\/wp\/v2\/media?parent=15"}],"curies":[{"name":"wp","href":"https:\/\/api.w.org\/{rel}","templated":true}]}}