{"id":138,"date":"2018-08-10T14:01:44","date_gmt":"2018-08-10T11:01:44","guid":{"rendered":"https:\/\/rotary.fi\/klubi2\/?page_id=138"},"modified":"2025-08-05T16:31:30","modified_gmt":"2025-08-05T13:31:30","slug":"vuositeema","status":"publish","type":"page","link":"https:\/\/rotary.fi\/viitasaari\/keita-olemme\/vuositeema\/","title":{"rendered":"Vuositeema"},"content":{"rendered":"<p>[et_pb_section fb_built=&#8221;1&#8243; module_class=&#8221;jumbotron-page&#8221; _builder_version=&#8221;4.16&#8243; background_image=&#8221;https:\/\/rotary.fi\/viitasaari\/wp-content\/uploads\/sites\/38\/2019\/01\/dsc7782.jpg&#8221; global_colors_info=&#8221;{}&#8221;][et_pb_row _builder_version=&#8221;4.16&#8243; background_size=&#8221;initial&#8221; background_position=&#8221;top_left&#8221; background_repeat=&#8221;repeat&#8221; global_colors_info=&#8221;{}&#8221;][et_pb_column type=&#8221;4_4&#8243; _builder_version=&#8221;4.16&#8243; custom_padding=&#8221;|||&#8221; global_colors_info=&#8221;{}&#8221; custom_padding__hover=&#8221;|||&#8221;][et_pb_text admin_label=&#8221;P\u00e4\u00e4otsikko&#8221; _builder_version=&#8221;4.16&#8243; text_orientation=&#8221;center&#8221; background_layout=&#8221;dark&#8221; global_colors_info=&#8221;{}&#8221;]<\/p>\n<h1>Vuositeema<\/h1>\n<p>&nbsp;<\/p>\n<p>[\/et_pb_text][\/et_pb_column][\/et_pb_row][\/et_pb_section][et_pb_section fb_built=&#8221;1&#8243; specialty=&#8221;on&#8221; module_class_2=&#8221;sivupalkki&#8221; _builder_version=&#8221;4.16&#8243; global_colors_info=&#8221;{}&#8221;][et_pb_column type=&#8221;2_3&#8243; specialty_columns=&#8221;2&#8243; _builder_version=&#8221;4.16&#8243; custom_padding=&#8221;|||&#8221; global_colors_info=&#8221;{}&#8221; parallax__hover=&#8221;off&#8221; parallax_method__hover=&#8221;on&#8221; custom_padding__hover=&#8221;|||&#8221;][et_pb_row_inner column_structure=&#8221;1_4,1_4,1_4,1_4&#8243; admin_label=&#8221;Rivi&#8221; _builder_version=&#8221;4.16&#8243; global_colors_info=&#8221;{}&#8221;][et_pb_column_inner type=&#8221;1_4&#8243; saved_specialty_column_type=&#8221;2_3&#8243; _builder_version=&#8221;4.16&#8243; custom_padding=&#8221;|||&#8221; custom_css_main_element=&#8221;width:24%!important;&#8221; global_colors_info=&#8221;{}&#8221; parallax__hover=&#8221;off&#8221; parallax_method__hover=&#8221;on&#8221; custom_css_main__hover=&#8221;width:24%!important;&#8221; custom_padding__hover=&#8221;|||&#8221;][et_pb_image src=&#8221;https:\/\/rotary.fi\/wp-content\/uploads\/2019\/01\/teema_2019-20_fi_sve_en-768&#215;205.jpg&#8221; align_tablet=&#8221;center&#8221; align_phone=&#8221;&#8221; align_last_edited=&#8221;on|desktop&#8221; _builder_version=&#8221;4.16&#8243; global_colors_info=&#8221;{}&#8221;][\/et_pb_image][\/et_pb_column_inner][et_pb_column_inner type=&#8221;1_4&#8243; saved_specialty_column_type=&#8221;2_3&#8243; _builder_version=&#8221;4.16&#8243; custom_padding=&#8221;|||&#8221; custom_css_main_element=&#8221;width:24%!important;&#8221; global_colors_info=&#8221;{}&#8221; parallax__hover=&#8221;off&#8221; parallax_method__hover=&#8221;on&#8221; custom_css_main__hover=&#8221;width:24%!important;&#8221; custom_padding__hover=&#8221;|||&#8221;][\/et_pb_column_inner][et_pb_column_inner type=&#8221;1_4&#8243; saved_specialty_column_type=&#8221;2_3&#8243; _builder_version=&#8221;4.16&#8243; custom_padding=&#8221;|||&#8221; custom_css_main_element=&#8221;width:24%!important;&#8221; global_colors_info=&#8221;{}&#8221; parallax__hover=&#8221;off&#8221; parallax_method__hover=&#8221;on&#8221; custom_css_main__hover=&#8221;width:24%!important;&#8221; custom_padding__hover=&#8221;|||&#8221;][\/et_pb_column_inner][et_pb_column_inner type=&#8221;1_4&#8243; saved_specialty_column_type=&#8221;2_3&#8243; _builder_version=&#8221;4.16&#8243; custom_padding=&#8221;|||&#8221; custom_css_main_element=&#8221;display:none;||width:0%!important;&#8221; global_colors_info=&#8221;{}&#8221; parallax__hover=&#8221;off&#8221; parallax_method__hover=&#8221;on&#8221; custom_css_main__hover=&#8221;display:none;||width:0%!important;&#8221; custom_padding__hover=&#8221;|||&#8221;][\/et_pb_column_inner][\/et_pb_row_inner][et_pb_row_inner admin_label=&#8221;Rivi&#8221; _builder_version=&#8221;4.16&#8243; global_colors_info=&#8221;{}&#8221;][et_pb_column_inner saved_specialty_column_type=&#8221;2_3&#8243; _builder_version=&#8221;4.16&#8243; custom_padding=&#8221;|||&#8221; global_colors_info=&#8221;{}&#8221; parallax__hover=&#8221;off&#8221; parallax_method__hover=&#8221;on&#8221; custom_padding__hover=&#8221;|||&#8221;][et_pb_text _builder_version=&#8221;4.16&#8243; custom_padding=&#8221;||0px|||&#8221; global_colors_info=&#8221;{}&#8221;]<\/p>\n<h1 style=\"text-align: center\">\u00a0Vuositeema<\/h1>\n<p>\u00a0Unite for goods!<\/p>\n<p>&nbsp;<\/p>\n<div class=\"et_pb_module et_pb_text et_pb_text_1  et_pb_text_align_center et_pb_bg_layout_light\">\n<div class=\"et_pb_text_inner\">\n<h1><\/h1>\n<h1><\/h1>\n<h1>Rakennamme rauhaa<\/h1>\n<\/div>\n<\/div>\n<div class=\"et_pb_module et_pb_text et_pb_text_2  et_pb_text_align_left et_pb_bg_layout_light\">\n<div class=\"et_pb_text_inner\">\n<p>Rotary haluaa edist\u00e4\u00e4 kulttuurien v\u00e4list\u00e4 keskustelua ja ymm\u00e4rryst\u00e4. Koulutamme p\u00e4\u00e4tt\u00e4ji\u00e4 est\u00e4m\u00e4\u00e4n konflikteja ja sovittelemaan niit\u00e4 sek\u00e4 auttamaan pakolaisia, jotka ovat joutuneet l\u00e4htem\u00e4\u00e4n vaarallisiksi muuttuneilta kotiseuduiltaan.<\/p>\n<p>Konfliktit ja v\u00e4kivalta ajavat vuosittain kymmeni\u00e4 miljoonia ihmisi\u00e4 kodeistaan. Konflikteissa kuolleista puolet on lapsia ja 90 % siviilej\u00e4.<\/p>\n<p>Konfliktit eiv\u00e4t kuulu normaaliin el\u00e4m\u00e4\u00e4n. Rotaryn hankkeet tarjoavat koulutusta, joka lis\u00e4\u00e4 keskin\u00e4ist\u00e4 ymm\u00e4rryst\u00e4 ja antaa p\u00e4\u00e4tt\u00e4jille ja yhteis\u00f6ille taitoja ratkaista konflikteja.<\/p>\n<p>Tuemme rauhanrakentamista paikallisesti konflikteihin ajautuneissa yhteis\u00f6iss\u00e4. Selvit\u00e4mme niiden taustalla olevia syit\u00e4, joita ovat k\u00f6yhyys, eriarvoisuus, etniset j\u00e4nnitteet, koulutuksen puute sek\u00e4 ep\u00e4tasaisesti jakautuvat resurssit ja voimavarat.<\/p>\n<p><span style=\"font-size: 16px\">Rahoitamme kansainv\u00e4list\u00e4 rauhan edist\u00e4misen ja konfliktien ratkaisun maisteriohjelmaa sek\u00e4 t\u00e4ydennyskoulutusohjelmaa seitsem\u00e4ss\u00e4 yliopistossa eri puolilla maailmaa, opintoja voi nyt suorittaa my\u00f6s Makerele Universityssa Kampalassa, Ugandassa.\u00a0Tarjoamme mahdollisuuden vuosittain 50 uudelle maisteritutkinnon suorittajalle Yhdysvalloissa, Japanissa, Englannissa, Australiassa ja Ruotsissa. Jo yli 1 300 opiskelijaa on suorittanut vaativan kaksivuotisen ohjelman ja ty\u00f6skentelee rauhan edist\u00e4miseen liittyviss\u00e4 teht\u00e4viss\u00e4.<\/span><\/p>\n<p>Rahoitamme my\u00f6s k\u00e4yt\u00e4nn\u00f6n rauhanty\u00f6ss\u00e4 jo pitemp\u00e4\u00e4n toimineille tarkoitettua t\u00e4ydennyskoulutusohjelmaa. 12 kuukauden t\u00e4ydennyskoulutus annetaan Bangkokissa tai Kampalassa.<\/p>\n<\/div>\n<\/div>\n<p>[\/et_pb_text][\/et_pb_column_inner][\/et_pb_row_inner][et_pb_row_inner admin_label=&#8221;Rivi&#8221; _builder_version=&#8221;4.16&#8243; global_colors_info=&#8221;{}&#8221;][et_pb_column_inner saved_specialty_column_type=&#8221;2_3&#8243; _builder_version=&#8221;4.16&#8243; custom_padding=&#8221;|||&#8221; global_colors_info=&#8221;{}&#8221; parallax__hover=&#8221;off&#8221; parallax_method__hover=&#8221;on&#8221; custom_padding__hover=&#8221;|||&#8221;][et_pb_text admin_label=&#8221;Klubin vuositeema &#8211; Otsikko&#8221; _builder_version=&#8221;4.16&#8243; text_orientation=&#8221;center&#8221; global_colors_info=&#8221;{}&#8221;]<\/p>\n<h4>Viitasaaren Rotaryklubin teema<\/h4>\n<p>[\/et_pb_text][et_pb_text _builder_version=&#8221;4.16&#8243; global_colors_info=&#8221;{}&#8221;]<\/p>\n<p class=\"p1\"><span class=\"s1\">Oma klubimme keskittyy j\u00e4senten aktivoimiseen ja klubin julkisuuskuvan kehitt\u00e4miseen. Nuorisovaihto on p\u00e4\u00e4toimintamuotomme ja sen tukemiseen julkaisemme edelleen Viitasaaren Joulu-lehte\u00e4.<br \/><\/span><\/p>\n<p>[\/et_pb_text][\/et_pb_column_inner][\/et_pb_row_inner][\/et_pb_column][et_pb_column type=&#8221;1_3&#8243; module_class=&#8221;sivupalkki&#8221; _builder_version=&#8221;4.16&#8243; custom_padding=&#8221;|||&#8221; global_colors_info=&#8221;{}&#8221; parallax__hover=&#8221;off&#8221; parallax_method__hover=&#8221;on&#8221; module_class__hover=&#8221;sivupalkki&#8221; custom_padding__hover=&#8221;|||&#8221;][et_pb_sidebar area=&#8221;sidebar-1&#8243; module_class=&#8221;sivupalkki_sisalto&#8221; _builder_version=&#8221;4.16&#8243; locked=&#8221;on&#8221; global_colors_info=&#8221;{}&#8221;][\/et_pb_sidebar][\/et_pb_column][\/et_pb_section]<\/p>\n","protected":false},"excerpt":{"rendered":"<p>Vuositeema &nbsp; \u00a0Vuositeema \u00a0Unite for goods! &nbsp; Rakennamme rauhaa Rotary haluaa edist\u00e4\u00e4 kulttuurien v\u00e4list\u00e4 keskustelua ja ymm\u00e4rryst\u00e4. Koulutamme p\u00e4\u00e4tt\u00e4ji\u00e4 est\u00e4m\u00e4\u00e4n konflikteja ja sovittelemaan niit\u00e4 sek\u00e4 auttamaan pakolaisia, jotka ovat joutuneet l\u00e4htem\u00e4\u00e4n vaarallisiksi muuttuneilta kotiseuduiltaan. Konfliktit ja v\u00e4kivalta ajavat vuosittain kymmeni\u00e4 miljoonia ihmisi\u00e4 kodeistaan. Konflikteissa kuolleista puolet on lapsia ja 90 % siviilej\u00e4. Konfliktit eiv\u00e4t kuulu [&hellip;]<\/p>\n","protected":false},"author":1,"featured_media":0,"parent":129,"menu_order":0,"comment_status":"closed","ping_status":"closed","template":"","meta":{"_acf_changed":false,"_et_pb_use_builder":"on","_et_pb_old_content":"","_et_gb_content_width":"","footnotes":""},"class_list":["post-138","page","type-page","status-publish","hentry"],"acf":[],"yoast_head":"<!-- This site is optimized with the Yoast SEO plugin v27.0 - https:\/\/yoast.com\/product\/yoast-seo-wordpress\/ -->\n<title>Vuositeema - Viitasaaren Rotaryklubi ry<\/title>\n<meta name=\"robots\" content=\"index, follow, max-snippet:-1, max-image-preview:large, max-video-preview:-1\" \/>\n<link rel=\"canonical\" href=\"https:\/\/rotary.fi\/viitasaari\/keita-olemme\/vuositeema\/\" \/>\n<meta property=\"og:locale\" content=\"fi_FI\" \/>\n<meta property=\"og:type\" content=\"article\" \/>\n<meta property=\"og:title\" content=\"Vuositeema - Viitasaaren Rotaryklubi ry\" \/>\n<meta property=\"og:description\" content=\"Vuositeema &nbsp; \u00a0Vuositeema \u00a0Unite for goods! &nbsp; Rakennamme rauhaa Rotary haluaa edist\u00e4\u00e4 kulttuurien v\u00e4list\u00e4 keskustelua ja ymm\u00e4rryst\u00e4. Koulutamme p\u00e4\u00e4tt\u00e4ji\u00e4 est\u00e4m\u00e4\u00e4n konflikteja ja sovittelemaan niit\u00e4 sek\u00e4 auttamaan pakolaisia, jotka ovat joutuneet l\u00e4htem\u00e4\u00e4n vaarallisiksi muuttuneilta kotiseuduiltaan. Konfliktit ja v\u00e4kivalta ajavat vuosittain kymmeni\u00e4 miljoonia ihmisi\u00e4 kodeistaan. Konflikteissa kuolleista puolet on lapsia ja 90 % siviilej\u00e4. Konfliktit eiv\u00e4t kuulu [&hellip;]\" \/>\n<meta property=\"og:url\" content=\"https:\/\/rotary.fi\/viitasaari\/keita-olemme\/vuositeema\/\" \/>\n<meta property=\"og:site_name\" content=\"Viitasaaren Rotaryklubi ry\" \/>\n<meta property=\"article:modified_time\" content=\"2025-08-05T13:31:30+00:00\" \/>\n<meta name=\"twitter:card\" content=\"summary_large_image\" \/>\n<meta name=\"twitter:label1\" content=\"Arvioitu lukuaika\" \/>\n\t<meta name=\"twitter:data1\" content=\"4 minuuttia\" \/>\n<script type=\"application\/ld+json\" class=\"yoast-schema-graph\">{\"@context\":\"https:\/\/schema.org\",\"@graph\":[{\"@type\":\"WebPage\",\"@id\":\"https:\/\/rotary.fi\/viitasaari\/keita-olemme\/vuositeema\/\",\"url\":\"https:\/\/rotary.fi\/viitasaari\/keita-olemme\/vuositeema\/\",\"name\":\"Vuositeema - Viitasaaren Rotaryklubi ry\",\"isPartOf\":{\"@id\":\"https:\/\/rotary.fi\/viitasaari\/#website\"},\"datePublished\":\"2018-08-10T11:01:44+00:00\",\"dateModified\":\"2025-08-05T13:31:30+00:00\",\"breadcrumb\":{\"@id\":\"https:\/\/rotary.fi\/viitasaari\/keita-olemme\/vuositeema\/#breadcrumb\"},\"inLanguage\":\"fi\",\"potentialAction\":[{\"@type\":\"ReadAction\",\"target\":[\"https:\/\/rotary.fi\/viitasaari\/keita-olemme\/vuositeema\/\"]}]},{\"@type\":\"BreadcrumbList\",\"@id\":\"https:\/\/rotary.fi\/viitasaari\/keita-olemme\/vuositeema\/#breadcrumb\",\"itemListElement\":[{\"@type\":\"ListItem\",\"position\":1,\"name\":\"Home\",\"item\":\"https:\/\/rotary.fi\/viitasaari\/\"},{\"@type\":\"ListItem\",\"position\":2,\"name\":\"Keit\u00e4 olemme\",\"item\":\"https:\/\/rotary.fi\/viitasaari\/keita-olemme\/\"},{\"@type\":\"ListItem\",\"position\":3,\"name\":\"Vuositeema\"}]},{\"@type\":\"WebSite\",\"@id\":\"https:\/\/rotary.fi\/viitasaari\/#website\",\"url\":\"https:\/\/rotary.fi\/viitasaari\/\",\"name\":\"Viitasaaren Rotaryklubi ry\",\"description\":\"Uusi Rotary klubisivusto\",\"potentialAction\":[{\"@type\":\"SearchAction\",\"target\":{\"@type\":\"EntryPoint\",\"urlTemplate\":\"https:\/\/rotary.fi\/viitasaari\/?s={search_term_string}\"},\"query-input\":{\"@type\":\"PropertyValueSpecification\",\"valueRequired\":true,\"valueName\":\"search_term_string\"}}],\"inLanguage\":\"fi\"}]}<\/script>\n<!-- \/ Yoast SEO plugin. -->","yoast_head_json":{"title":"Vuositeema - Viitasaaren Rotaryklubi ry","robots":{"index":"index","follow":"follow","max-snippet":"max-snippet:-1","max-image-preview":"max-image-preview:large","max-video-preview":"max-video-preview:-1"},"canonical":"https:\/\/rotary.fi\/viitasaari\/keita-olemme\/vuositeema\/","og_locale":"fi_FI","og_type":"article","og_title":"Vuositeema - Viitasaaren Rotaryklubi ry","og_description":"Vuositeema &nbsp; \u00a0Vuositeema \u00a0Unite for goods! &nbsp; Rakennamme rauhaa Rotary haluaa edist\u00e4\u00e4 kulttuurien v\u00e4list\u00e4 keskustelua ja ymm\u00e4rryst\u00e4. Koulutamme p\u00e4\u00e4tt\u00e4ji\u00e4 est\u00e4m\u00e4\u00e4n konflikteja ja sovittelemaan niit\u00e4 sek\u00e4 auttamaan pakolaisia, jotka ovat joutuneet l\u00e4htem\u00e4\u00e4n vaarallisiksi muuttuneilta kotiseuduiltaan. Konfliktit ja v\u00e4kivalta ajavat vuosittain kymmeni\u00e4 miljoonia ihmisi\u00e4 kodeistaan. Konflikteissa kuolleista puolet on lapsia ja 90 % siviilej\u00e4. Konfliktit eiv\u00e4t kuulu [&hellip;]","og_url":"https:\/\/rotary.fi\/viitasaari\/keita-olemme\/vuositeema\/","og_site_name":"Viitasaaren Rotaryklubi ry","article_modified_time":"2025-08-05T13:31:30+00:00","twitter_card":"summary_large_image","twitter_misc":{"Arvioitu lukuaika":"4 minuuttia"},"schema":{"@context":"https:\/\/schema.org","@graph":[{"@type":"WebPage","@id":"https:\/\/rotary.fi\/viitasaari\/keita-olemme\/vuositeema\/","url":"https:\/\/rotary.fi\/viitasaari\/keita-olemme\/vuositeema\/","name":"Vuositeema - Viitasaaren Rotaryklubi ry","isPartOf":{"@id":"https:\/\/rotary.fi\/viitasaari\/#website"},"datePublished":"2018-08-10T11:01:44+00:00","dateModified":"2025-08-05T13:31:30+00:00","breadcrumb":{"@id":"https:\/\/rotary.fi\/viitasaari\/keita-olemme\/vuositeema\/#breadcrumb"},"inLanguage":"fi","potentialAction":[{"@type":"ReadAction","target":["https:\/\/rotary.fi\/viitasaari\/keita-olemme\/vuositeema\/"]}]},{"@type":"BreadcrumbList","@id":"https:\/\/rotary.fi\/viitasaari\/keita-olemme\/vuositeema\/#breadcrumb","itemListElement":[{"@type":"ListItem","position":1,"name":"Home","item":"https:\/\/rotary.fi\/viitasaari\/"},{"@type":"ListItem","position":2,"name":"Keit\u00e4 olemme","item":"https:\/\/rotary.fi\/viitasaari\/keita-olemme\/"},{"@type":"ListItem","position":3,"name":"Vuositeema"}]},{"@type":"WebSite","@id":"https:\/\/rotary.fi\/viitasaari\/#website","url":"https:\/\/rotary.fi\/viitasaari\/","name":"Viitasaaren Rotaryklubi ry","description":"Uusi Rotary klubisivusto","potentialAction":[{"@type":"SearchAction","target":{"@type":"EntryPoint","urlTemplate":"https:\/\/rotary.fi\/viitasaari\/?s={search_term_string}"},"query-input":{"@type":"PropertyValueSpecification","valueRequired":true,"valueName":"search_term_string"}}],"inLanguage":"fi"}]}},"lang":"fi","translations":{"fi":138},"pll_sync_post":[],"_links":{"self":[{"href":"https:\/\/rotary.fi\/viitasaari\/wp-json\/wp\/v2\/pages\/138","targetHints":{"allow":["GET"]}}],"collection":[{"href":"https:\/\/rotary.fi\/viitasaari\/wp-json\/wp\/v2\/pages"}],"about":[{"href":"https:\/\/rotary.fi\/viitasaari\/wp-json\/wp\/v2\/types\/page"}],"author":[{"embeddable":true,"href":"https:\/\/rotary.fi\/viitasaari\/wp-json\/wp\/v2\/users\/1"}],"replies":[{"embeddable":true,"href":"https:\/\/rotary.fi\/viitasaari\/wp-json\/wp\/v2\/comments?post=138"}],"version-history":[{"count":10,"href":"https:\/\/rotary.fi\/viitasaari\/wp-json\/wp\/v2\/pages\/138\/revisions"}],"predecessor-version":[{"id":1891,"href":"https:\/\/rotary.fi\/viitasaari\/wp-json\/wp\/v2\/pages\/138\/revisions\/1891"}],"up":[{"embeddable":true,"href":"https:\/\/rotary.fi\/viitasaari\/wp-json\/wp\/v2\/pages\/129"}],"wp:attachment":[{"href":"https:\/\/rotary.fi\/viitasaari\/wp-json\/wp\/v2\/media?parent=138"}],"curies":[{"name":"wp","href":"https:\/\/api.w.org\/{rel}","templated":true}]}}