{"id":132,"date":"2020-01-01T13:59:56","date_gmt":"2020-01-01T11:59:56","guid":{"rendered":"https:\/\/rotary.fi\/klubi2\/?page_id=132"},"modified":"2025-09-25T18:10:19","modified_gmt":"2025-09-25T15:10:19","slug":"hallitus-ja-toimihenkilot","status":"publish","type":"page","link":"https:\/\/rotary.fi\/vihtinummela\/keita-olemme\/hallitus-ja-toimihenkilot\/","title":{"rendered":"Hallitus ja toimihenkil\u00f6t"},"content":{"rendered":"<h5><\/h5>\n<h5><strong>Presidentti 2025-2026: <\/strong><\/h5>\n<h5><strong>Pekka Sahari<\/strong><\/h5>\n<p>&nbsp;<\/p>\n<p><img loading=\"lazy\" decoding=\"async\" class=\"alignnone wp-image-2346\" src=\"https:\/\/rotary.fi\/vihtinummela\/wp-content\/uploads\/sites\/179\/2025\/09\/pekka-sahari-239-681x1024.jpg\" alt=\"\" width=\"300\" height=\"451\" \/><\/p>\n<h5><\/h5>\n<p>&nbsp;<\/p>\n<h5><strong>Hallituksen j\u00e4senet 2025-2026:<\/strong><\/h5>\n<p>&nbsp;<\/p>\n<p>Pekka Sahari &#8211; Presidentti<\/p>\n<p>Matti Napari &#8211; Edellinen presidentti<\/p>\n<p>Antti Koskelainen &#8211; 1. Sihteeri<\/p>\n<p>Sanna Rautpalo &#8211; 2. Sihteeri<\/p>\n<p>Kalevi Lehtonen &#8211; 1. Klubimestari<\/p>\n<p>Risto Oksa &#8211; 2. Klubimestari<\/p>\n<p>Hannu H\u00e4kkinen &#8211; Rahastonhoitaja<\/p>\n<p>Esa Tammio &#8211; Nuorisovaihtoasiamies<\/p>\n<p>Aurora J\u00e4\u00e4skinen &#8211; Nuorisovaihdon kummi<\/p>\n<p>Raine Nikander &#8211; S\u00e4\u00e4ti\u00f6asiamies<\/p>\n<p>Pirita Shabastari &#8211; Julkisuuskuvahenkil\u00f6<\/p>\n<p>&nbsp;<\/p>\n<h5><strong>Yhteystiedot: vihtinummelan.rotary@gmail.com<\/strong><\/h5>\n","protected":false},"excerpt":{"rendered":"<p>Presidentti 2025-2026: Pekka Sahari &nbsp; &nbsp; Hallituksen j\u00e4senet 2025-2026: &nbsp; Pekka Sahari &#8211; Presidentti Matti Napari &#8211; Edellinen presidentti Antti Koskelainen &#8211; 1. Sihteeri Sanna Rautpalo &#8211; 2. Sihteeri Kalevi Lehtonen &#8211; 1. Klubimestari Risto Oksa &#8211; 2. Klubimestari Hannu H\u00e4kkinen &#8211; Rahastonhoitaja Esa Tammio &#8211; Nuorisovaihtoasiamies Aurora J\u00e4\u00e4skinen &#8211; Nuorisovaihdon kummi Raine Nikander &#8211; [&hellip;]<\/p>\n","protected":false},"author":1,"featured_media":0,"parent":129,"menu_order":0,"comment_status":"closed","ping_status":"closed","template":"","meta":{"_acf_changed":false,"_et_pb_use_builder":"off","_et_pb_old_content":"","_et_gb_content_width":"","footnotes":""},"class_list":["post-132","page","type-page","status-publish","hentry"],"acf":[],"yoast_head":"<!-- This site is optimized with the Yoast SEO plugin v27.0 - https:\/\/yoast.com\/product\/yoast-seo-wordpress\/ -->\n<title>Hallitus ja toimihenkil\u00f6t - Vihti Nummelan Rotaryklubi<\/title>\n<meta name=\"robots\" content=\"index, follow, max-snippet:-1, max-image-preview:large, max-video-preview:-1\" \/>\n<link rel=\"canonical\" href=\"https:\/\/rotary.fi\/vihtinummela\/keita-olemme\/hallitus-ja-toimihenkilot\/\" \/>\n<meta property=\"og:locale\" content=\"fi_FI\" \/>\n<meta property=\"og:type\" content=\"article\" \/>\n<meta property=\"og:title\" content=\"Hallitus ja toimihenkil\u00f6t - Vihti Nummelan Rotaryklubi\" \/>\n<meta property=\"og:description\" content=\"Presidentti 2025-2026: Pekka Sahari &nbsp; &nbsp; Hallituksen j\u00e4senet 2025-2026: &nbsp; Pekka Sahari &#8211; Presidentti Matti Napari &#8211; Edellinen presidentti Antti Koskelainen &#8211; 1. Sihteeri Sanna Rautpalo &#8211; 2. Sihteeri Kalevi Lehtonen &#8211; 1. Klubimestari Risto Oksa &#8211; 2. Klubimestari Hannu H\u00e4kkinen &#8211; Rahastonhoitaja Esa Tammio &#8211; Nuorisovaihtoasiamies Aurora J\u00e4\u00e4skinen &#8211; Nuorisovaihdon kummi Raine Nikander &#8211; [&hellip;]\" \/>\n<meta property=\"og:url\" content=\"https:\/\/rotary.fi\/vihtinummela\/keita-olemme\/hallitus-ja-toimihenkilot\/\" \/>\n<meta property=\"og:site_name\" content=\"Vihti Nummelan Rotaryklubi\" \/>\n<meta property=\"article:modified_time\" content=\"2025-09-25T15:10:19+00:00\" \/>\n<meta property=\"og:image\" content=\"https:\/\/rotary.fi\/vihtinummela\/wp-content\/uploads\/sites\/179\/2025\/09\/pekka-sahari-239.jpg\" \/>\n\t<meta property=\"og:image:width\" content=\"1362\" \/>\n\t<meta property=\"og:image:height\" content=\"2048\" \/>\n\t<meta property=\"og:image:type\" content=\"image\/jpeg\" \/>\n<meta name=\"twitter:card\" content=\"summary_large_image\" \/>\n<meta name=\"twitter:label1\" content=\"Arvioitu lukuaika\" \/>\n\t<meta name=\"twitter:data1\" content=\"1 minuutti\" \/>\n<script type=\"application\/ld+json\" class=\"yoast-schema-graph\">{\"@context\":\"https:\/\/schema.org\",\"@graph\":[{\"@type\":\"WebPage\",\"@id\":\"https:\/\/rotary.fi\/vihtinummela\/keita-olemme\/hallitus-ja-toimihenkilot\/\",\"url\":\"https:\/\/rotary.fi\/vihtinummela\/keita-olemme\/hallitus-ja-toimihenkilot\/\",\"name\":\"Hallitus ja toimihenkil\u00f6t - Vihti Nummelan Rotaryklubi\",\"isPartOf\":{\"@id\":\"https:\/\/rotary.fi\/vihtinummela\/#website\"},\"primaryImageOfPage\":{\"@id\":\"https:\/\/rotary.fi\/vihtinummela\/keita-olemme\/hallitus-ja-toimihenkilot\/#primaryimage\"},\"image\":{\"@id\":\"https:\/\/rotary.fi\/vihtinummela\/keita-olemme\/hallitus-ja-toimihenkilot\/#primaryimage\"},\"thumbnailUrl\":\"https:\/\/rotary.fi\/vihtinummela\/wp-content\/uploads\/sites\/179\/2025\/09\/pekka-sahari-239-681x1024.jpg\",\"datePublished\":\"2020-01-01T11:59:56+00:00\",\"dateModified\":\"2025-09-25T15:10:19+00:00\",\"breadcrumb\":{\"@id\":\"https:\/\/rotary.fi\/vihtinummela\/keita-olemme\/hallitus-ja-toimihenkilot\/#breadcrumb\"},\"inLanguage\":\"fi\",\"potentialAction\":[{\"@type\":\"ReadAction\",\"target\":[\"https:\/\/rotary.fi\/vihtinummela\/keita-olemme\/hallitus-ja-toimihenkilot\/\"]}]},{\"@type\":\"ImageObject\",\"inLanguage\":\"fi\",\"@id\":\"https:\/\/rotary.fi\/vihtinummela\/keita-olemme\/hallitus-ja-toimihenkilot\/#primaryimage\",\"url\":\"https:\/\/rotary.fi\/vihtinummela\/wp-content\/uploads\/sites\/179\/2025\/09\/pekka-sahari-239.jpg\",\"contentUrl\":\"https:\/\/rotary.fi\/vihtinummela\/wp-content\/uploads\/sites\/179\/2025\/09\/pekka-sahari-239.jpg\",\"width\":1362,\"height\":2048},{\"@type\":\"BreadcrumbList\",\"@id\":\"https:\/\/rotary.fi\/vihtinummela\/keita-olemme\/hallitus-ja-toimihenkilot\/#breadcrumb\",\"itemListElement\":[{\"@type\":\"ListItem\",\"position\":1,\"name\":\"Home\",\"item\":\"https:\/\/rotary.fi\/vihtinummela\/\"},{\"@type\":\"ListItem\",\"position\":2,\"name\":\"Keit\u00e4 olemme\",\"item\":\"https:\/\/rotary.fi\/vihtinummela\/keita-olemme\/\"},{\"@type\":\"ListItem\",\"position\":3,\"name\":\"Hallitus ja toimihenkil\u00f6t\"}]},{\"@type\":\"WebSite\",\"@id\":\"https:\/\/rotary.fi\/vihtinummela\/#website\",\"url\":\"https:\/\/rotary.fi\/vihtinummela\/\",\"name\":\"Vihti Nummelan Rotaryklubi\",\"description\":\"Uusi Rotary klubisivusto\",\"potentialAction\":[{\"@type\":\"SearchAction\",\"target\":{\"@type\":\"EntryPoint\",\"urlTemplate\":\"https:\/\/rotary.fi\/vihtinummela\/?s={search_term_string}\"},\"query-input\":{\"@type\":\"PropertyValueSpecification\",\"valueRequired\":true,\"valueName\":\"search_term_string\"}}],\"inLanguage\":\"fi\"}]}<\/script>\n<!-- \/ Yoast SEO plugin. -->","yoast_head_json":{"title":"Hallitus ja toimihenkil\u00f6t - Vihti Nummelan Rotaryklubi","robots":{"index":"index","follow":"follow","max-snippet":"max-snippet:-1","max-image-preview":"max-image-preview:large","max-video-preview":"max-video-preview:-1"},"canonical":"https:\/\/rotary.fi\/vihtinummela\/keita-olemme\/hallitus-ja-toimihenkilot\/","og_locale":"fi_FI","og_type":"article","og_title":"Hallitus ja toimihenkil\u00f6t - Vihti Nummelan Rotaryklubi","og_description":"Presidentti 2025-2026: Pekka Sahari &nbsp; &nbsp; Hallituksen j\u00e4senet 2025-2026: &nbsp; Pekka Sahari &#8211; Presidentti Matti Napari &#8211; Edellinen presidentti Antti Koskelainen &#8211; 1. Sihteeri Sanna Rautpalo &#8211; 2. Sihteeri Kalevi Lehtonen &#8211; 1. Klubimestari Risto Oksa &#8211; 2. Klubimestari Hannu H\u00e4kkinen &#8211; Rahastonhoitaja Esa Tammio &#8211; Nuorisovaihtoasiamies Aurora J\u00e4\u00e4skinen &#8211; Nuorisovaihdon kummi Raine Nikander &#8211; [&hellip;]","og_url":"https:\/\/rotary.fi\/vihtinummela\/keita-olemme\/hallitus-ja-toimihenkilot\/","og_site_name":"Vihti Nummelan Rotaryklubi","article_modified_time":"2025-09-25T15:10:19+00:00","og_image":[{"width":1362,"height":2048,"url":"https:\/\/rotary.fi\/vihtinummela\/wp-content\/uploads\/sites\/179\/2025\/09\/pekka-sahari-239.jpg","type":"image\/jpeg"}],"twitter_card":"summary_large_image","twitter_misc":{"Arvioitu lukuaika":"1 minuutti"},"schema":{"@context":"https:\/\/schema.org","@graph":[{"@type":"WebPage","@id":"https:\/\/rotary.fi\/vihtinummela\/keita-olemme\/hallitus-ja-toimihenkilot\/","url":"https:\/\/rotary.fi\/vihtinummela\/keita-olemme\/hallitus-ja-toimihenkilot\/","name":"Hallitus ja toimihenkil\u00f6t - Vihti Nummelan Rotaryklubi","isPartOf":{"@id":"https:\/\/rotary.fi\/vihtinummela\/#website"},"primaryImageOfPage":{"@id":"https:\/\/rotary.fi\/vihtinummela\/keita-olemme\/hallitus-ja-toimihenkilot\/#primaryimage"},"image":{"@id":"https:\/\/rotary.fi\/vihtinummela\/keita-olemme\/hallitus-ja-toimihenkilot\/#primaryimage"},"thumbnailUrl":"https:\/\/rotary.fi\/vihtinummela\/wp-content\/uploads\/sites\/179\/2025\/09\/pekka-sahari-239-681x1024.jpg","datePublished":"2020-01-01T11:59:56+00:00","dateModified":"2025-09-25T15:10:19+00:00","breadcrumb":{"@id":"https:\/\/rotary.fi\/vihtinummela\/keita-olemme\/hallitus-ja-toimihenkilot\/#breadcrumb"},"inLanguage":"fi","potentialAction":[{"@type":"ReadAction","target":["https:\/\/rotary.fi\/vihtinummela\/keita-olemme\/hallitus-ja-toimihenkilot\/"]}]},{"@type":"ImageObject","inLanguage":"fi","@id":"https:\/\/rotary.fi\/vihtinummela\/keita-olemme\/hallitus-ja-toimihenkilot\/#primaryimage","url":"https:\/\/rotary.fi\/vihtinummela\/wp-content\/uploads\/sites\/179\/2025\/09\/pekka-sahari-239.jpg","contentUrl":"https:\/\/rotary.fi\/vihtinummela\/wp-content\/uploads\/sites\/179\/2025\/09\/pekka-sahari-239.jpg","width":1362,"height":2048},{"@type":"BreadcrumbList","@id":"https:\/\/rotary.fi\/vihtinummela\/keita-olemme\/hallitus-ja-toimihenkilot\/#breadcrumb","itemListElement":[{"@type":"ListItem","position":1,"name":"Home","item":"https:\/\/rotary.fi\/vihtinummela\/"},{"@type":"ListItem","position":2,"name":"Keit\u00e4 olemme","item":"https:\/\/rotary.fi\/vihtinummela\/keita-olemme\/"},{"@type":"ListItem","position":3,"name":"Hallitus ja toimihenkil\u00f6t"}]},{"@type":"WebSite","@id":"https:\/\/rotary.fi\/vihtinummela\/#website","url":"https:\/\/rotary.fi\/vihtinummela\/","name":"Vihti Nummelan Rotaryklubi","description":"Uusi Rotary klubisivusto","potentialAction":[{"@type":"SearchAction","target":{"@type":"EntryPoint","urlTemplate":"https:\/\/rotary.fi\/vihtinummela\/?s={search_term_string}"},"query-input":{"@type":"PropertyValueSpecification","valueRequired":true,"valueName":"search_term_string"}}],"inLanguage":"fi"}]}},"lang":"fi","translations":{"fi":132},"pll_sync_post":[],"_links":{"self":[{"href":"https:\/\/rotary.fi\/vihtinummela\/wp-json\/wp\/v2\/pages\/132","targetHints":{"allow":["GET"]}}],"collection":[{"href":"https:\/\/rotary.fi\/vihtinummela\/wp-json\/wp\/v2\/pages"}],"about":[{"href":"https:\/\/rotary.fi\/vihtinummela\/wp-json\/wp\/v2\/types\/page"}],"author":[{"embeddable":true,"href":"https:\/\/rotary.fi\/vihtinummela\/wp-json\/wp\/v2\/users\/1"}],"replies":[{"embeddable":true,"href":"https:\/\/rotary.fi\/vihtinummela\/wp-json\/wp\/v2\/comments?post=132"}],"version-history":[{"count":13,"href":"https:\/\/rotary.fi\/vihtinummela\/wp-json\/wp\/v2\/pages\/132\/revisions"}],"predecessor-version":[{"id":2350,"href":"https:\/\/rotary.fi\/vihtinummela\/wp-json\/wp\/v2\/pages\/132\/revisions\/2350"}],"up":[{"embeddable":true,"href":"https:\/\/rotary.fi\/vihtinummela\/wp-json\/wp\/v2\/pages\/129"}],"wp:attachment":[{"href":"https:\/\/rotary.fi\/vihtinummela\/wp-json\/wp\/v2\/media?parent=132"}],"curies":[{"name":"wp","href":"https:\/\/api.w.org\/{rel}","templated":true}]}}