{"id":276,"date":"2018-10-24T11:36:06","date_gmt":"2018-10-24T08:36:06","guid":{"rendered":"https:\/\/rotary.fi\/vihti\/?page_id=276"},"modified":"2025-06-27T11:55:03","modified_gmt":"2025-06-27T08:55:03","slug":"olemme-osa-kansainvalista-rotarya","status":"publish","type":"page","link":"https:\/\/rotary.fi\/vihti\/keita-olemme\/olemme-osa-kansainvalista-rotarya\/","title":{"rendered":"Olemme osa kansainv\u00e4list\u00e4 Rotarya"},"content":{"rendered":"<p>[et_pb_section fb_built=&#8221;1&#8243; specialty=&#8221;on&#8221; module_class_2=&#8221;sivupalkki&#8221; _builder_version=&#8221;4.16&#8243; global_colors_info=&#8221;{}&#8221;][et_pb_column type=&#8221;2_3&#8243; specialty_columns=&#8221;2&#8243; _builder_version=&#8221;4.16&#8243; custom_padding=&#8221;|||&#8221; global_colors_info=&#8221;{}&#8221; custom_padding__hover=&#8221;|||&#8221;][et_pb_row_inner admin_label=&#8221;Rivi&#8221; _builder_version=&#8221;4.16&#8243; global_colors_info=&#8221;{}&#8221;][et_pb_column_inner saved_specialty_column_type=&#8221;2_3&#8243; _builder_version=&#8221;4.16&#8243; custom_padding=&#8221;|||&#8221; global_colors_info=&#8221;{}&#8221; custom_padding__hover=&#8221;|||&#8221;][et_pb_text admin_label=&#8221;Rotary International &#8211; Otsikko&#8221; _builder_version=&#8221;4.16&#8243; text_orientation=&#8221;center&#8221; global_colors_info=&#8221;{}&#8221;]<\/p>\n<h1>Olemme osa kansainv\u00e4list\u00e4 Rotary\u00e4<\/h1>\n<p>[\/et_pb_text][et_pb_text _builder_version=&#8221;4.16&#8243; custom_padding=&#8221;|||0px||&#8221; global_colors_info=&#8221;{}&#8221;]<\/p>\n<p>Rotary International tukee ja ohjaa rotareita ja klubeja Rotaryn tavoitteiden toteuttamisessa. Rotary Internationalin ylin p\u00e4\u00e4tt\u00e4v\u00e4 elin on vuosikokous, jonne jokaisella klubilla on oikeus l\u00e4hett\u00e4\u00e4 virallinen edustaja ja jonne jokaisella rotarilla on oikeus osallistua.<\/p>\n<p>Rotary Internationalin keulahahmo on vuosittain vaihtuva presidentti. Rotaryvuonna 2025-2026 RI:n presidenttin\u00e4 on italialainen <strong>Francesco Arezzo<\/strong>, joka valitsi rotaryvuoden teemaksi <em>Unite for Good<\/em>. Rotaryvuosi alkaa 1.7. ja p\u00e4\u00e4ttyy 30.6.\u00a0<\/p>\n<p>Rotary Internationalin p\u00e4\u00e4konttori on Evanstonissa Illinoisissa l\u00e4hell\u00e4 Chicagoa. P\u00e4\u00e4konttorissa ty\u00f6skentelee p\u00e4\u00e4sihteerin johdolla noin 530 henkil\u00f6\u00e4. P\u00e4\u00e4konttorin lis\u00e4ksi Rotary Internationalilla on seitsem\u00e4n aluetoimistoa eri puolilla maapalloa. Z\u00fcrichiss\u00e4 oleva Euroopan ja Afrikan toimisto (EAO) palvelee suomalaisia rotareita.<\/p>\n<p><strong>Lue tarina Rotaryn synnyst\u00e4<a href=\"https:\/\/rotary.fi\/vihti\/keita-olemme\/olemme-osa-kansainvalista-rotarya\/rotaryn-tarina\/\"> t\u00e4\u00e4lt\u00e4<\/a><\/strong><\/p>\n<p>[\/et_pb_text][et_pb_button button_url=&#8221;https:\/\/www.rotary.org\/&#8221; url_new_window=&#8221;on&#8221; button_text=&#8221;Rotary Internationalin sivuille&#8221; _builder_version=&#8221;4.16&#8243; global_colors_info=&#8221;{}&#8221;][\/et_pb_button][\/et_pb_column_inner][\/et_pb_row_inner][et_pb_row_inner admin_label=&#8221;Rivi&#8221; _builder_version=&#8221;4.16&#8243; global_colors_info=&#8221;{}&#8221;][et_pb_column_inner saved_specialty_column_type=&#8221;2_3&#8243; _builder_version=&#8221;4.16&#8243; custom_padding=&#8221;|||&#8221; global_colors_info=&#8221;{}&#8221; custom_padding__hover=&#8221;|||&#8221;][et_pb_text admin_label=&#8221;Rotarys\u00e4\u00e4ti\u00f6 &#8211; Otsikko&#8221; _builder_version=&#8221;4.16&#8243; text_orientation=&#8221;center&#8221; global_colors_info=&#8221;{}&#8221;]<\/p>\n<h4>Rotarys\u00e4\u00e4ti\u00f6<\/h4>\n<p>[\/et_pb_text][et_pb_text _builder_version=&#8221;4.16&#8243; global_colors_info=&#8221;{}&#8221;]Rotarys\u00e4\u00e4ti\u00f6 on maailman suurimpia yksityisi\u00e4 hyv\u00e4ntekev\u00e4isyystoimijoita, joka aina uudelleen sijoittuu k\u00e4rkisijoille n\u00e4iden toimijoiden l\u00e4pin\u00e4kyvyys- ja luotettavuusvertailussa.<\/p>\n<p>Rotarys\u00e4\u00e4ti\u00f6 koordinoi ja rahoittaa rotarien maailmanlaajuista palvelutoimintaa. S\u00e4\u00e4ti\u00f6n ty\u00f6 perustuu vapaaehtoisiin lahjoituksiin sek\u00e4 p\u00e4\u00e4oman tuottoon, jotka kanavoidaan koulutusprojekteihin ja humanitaariseen avustusty\u00f6h\u00f6n.<\/p>\n<p>T\u00e4rke\u00e4 kannustin on Paul Harris Fellow -tunnustuksen my\u00f6nt\u00e4minen jokaista tuhannen dollarin lahjoitusta kohti. Rotaryn perustajan Paul Harrisin nime\u00e4 kantavia PHF-tunnustuksia on my\u00f6nnetty maailmanlaajuisesti yli miljoona.<br \/>\n[\/et_pb_text][et_pb_button button_url=&#8221;https:\/\/www.rotary.org\/en\/about-rotary\/rotary-foundation&#8221; url_new_window=&#8221;on&#8221; button_text=&#8221;Kansainv\u00e4lisen rotarys\u00e4\u00e4ti\u00f6n sivuille&#8221; _builder_version=&#8221;4.16&#8243; global_colors_info=&#8221;{}&#8221;][\/et_pb_button][\/et_pb_column_inner][\/et_pb_row_inner][\/et_pb_column][et_pb_column type=&#8221;1_3&#8243; _builder_version=&#8221;4.16&#8243; custom_padding=&#8221;|||&#8221; global_colors_info=&#8221;{}&#8221; custom_padding__hover=&#8221;|||&#8221;][et_pb_sidebar area=&#8221;sidebar-1&#8243; module_class=&#8221;sivupalkki_sisalto&#8221; _builder_version=&#8221;4.16&#8243; locked=&#8221;on&#8221; global_colors_info=&#8221;{}&#8221;][\/et_pb_sidebar][\/et_pb_column][\/et_pb_section]<\/p>\n","protected":false},"excerpt":{"rendered":"<p>Olemme osa kansainv\u00e4list\u00e4 Rotary\u00e4 Rotary International tukee ja ohjaa rotareita ja klubeja Rotaryn tavoitteiden toteuttamisessa. Rotary Internationalin ylin p\u00e4\u00e4tt\u00e4v\u00e4 elin on vuosikokous, jonne jokaisella klubilla on oikeus l\u00e4hett\u00e4\u00e4 virallinen edustaja ja jonne jokaisella rotarilla on oikeus osallistua. Rotary Internationalin keulahahmo on vuosittain vaihtuva presidentti. Rotaryvuonna 2025-2026 RI:n presidenttin\u00e4 on italialainen Francesco Arezzo, joka valitsi rotaryvuoden [&hellip;]<\/p>\n","protected":false},"author":1,"featured_media":0,"parent":129,"menu_order":0,"comment_status":"closed","ping_status":"closed","template":"","meta":{"_acf_changed":false,"_et_pb_use_builder":"on","_et_pb_old_content":"","_et_gb_content_width":"","footnotes":""},"class_list":["post-276","page","type-page","status-publish","hentry"],"acf":[],"yoast_head":"<!-- This site is optimized with the Yoast SEO plugin v27.4 - https:\/\/yoast.com\/product\/yoast-seo-wordpress\/ -->\n<title>Olemme osa kansainv\u00e4list\u00e4 Rotarya - Vihdin rotaryklubi<\/title>\n<meta name=\"robots\" content=\"index, follow, max-snippet:-1, max-image-preview:large, max-video-preview:-1\" \/>\n<link rel=\"canonical\" href=\"https:\/\/rotary.fi\/vihti\/keita-olemme\/olemme-osa-kansainvalista-rotarya\/\" \/>\n<meta property=\"og:locale\" content=\"fi_FI\" \/>\n<meta property=\"og:type\" content=\"article\" \/>\n<meta property=\"og:title\" content=\"Olemme osa kansainv\u00e4list\u00e4 Rotarya - Vihdin rotaryklubi\" \/>\n<meta property=\"og:description\" content=\"Olemme osa kansainv\u00e4list\u00e4 Rotary\u00e4 Rotary International tukee ja ohjaa rotareita ja klubeja Rotaryn tavoitteiden toteuttamisessa. Rotary Internationalin ylin p\u00e4\u00e4tt\u00e4v\u00e4 elin on vuosikokous, jonne jokaisella klubilla on oikeus l\u00e4hett\u00e4\u00e4 virallinen edustaja ja jonne jokaisella rotarilla on oikeus osallistua. Rotary Internationalin keulahahmo on vuosittain vaihtuva presidentti. Rotaryvuonna 2025-2026 RI:n presidenttin\u00e4 on italialainen Francesco Arezzo, joka valitsi rotaryvuoden [&hellip;]\" \/>\n<meta property=\"og:url\" content=\"https:\/\/rotary.fi\/vihti\/keita-olemme\/olemme-osa-kansainvalista-rotarya\/\" \/>\n<meta property=\"og:site_name\" content=\"Vihdin rotaryklubi\" \/>\n<meta property=\"article:modified_time\" content=\"2025-06-27T08:55:03+00:00\" \/>\n<meta name=\"twitter:card\" content=\"summary_large_image\" \/>\n<meta name=\"twitter:label1\" content=\"Arvioitu lukuaika\" \/>\n\t<meta name=\"twitter:data1\" content=\"2 minuuttia\" \/>\n<script type=\"application\/ld+json\" class=\"yoast-schema-graph\">{\"@context\":\"https:\\\/\\\/schema.org\",\"@graph\":[{\"@type\":\"WebPage\",\"@id\":\"https:\\\/\\\/rotary.fi\\\/vihti\\\/keita-olemme\\\/olemme-osa-kansainvalista-rotarya\\\/\",\"url\":\"https:\\\/\\\/rotary.fi\\\/vihti\\\/keita-olemme\\\/olemme-osa-kansainvalista-rotarya\\\/\",\"name\":\"Olemme osa kansainv\u00e4list\u00e4 Rotarya - Vihdin rotaryklubi\",\"isPartOf\":{\"@id\":\"https:\\\/\\\/rotary.fi\\\/vihti\\\/#website\"},\"datePublished\":\"2018-10-24T08:36:06+00:00\",\"dateModified\":\"2025-06-27T08:55:03+00:00\",\"breadcrumb\":{\"@id\":\"https:\\\/\\\/rotary.fi\\\/vihti\\\/keita-olemme\\\/olemme-osa-kansainvalista-rotarya\\\/#breadcrumb\"},\"inLanguage\":\"fi\",\"potentialAction\":[{\"@type\":\"ReadAction\",\"target\":[\"https:\\\/\\\/rotary.fi\\\/vihti\\\/keita-olemme\\\/olemme-osa-kansainvalista-rotarya\\\/\"]}]},{\"@type\":\"BreadcrumbList\",\"@id\":\"https:\\\/\\\/rotary.fi\\\/vihti\\\/keita-olemme\\\/olemme-osa-kansainvalista-rotarya\\\/#breadcrumb\",\"itemListElement\":[{\"@type\":\"ListItem\",\"position\":1,\"name\":\"Home\",\"item\":\"https:\\\/\\\/rotary.fi\\\/vihti\\\/\"},{\"@type\":\"ListItem\",\"position\":2,\"name\":\"Keit\u00e4 olemme\",\"item\":\"https:\\\/\\\/rotary.fi\\\/vihti\\\/keita-olemme\\\/\"},{\"@type\":\"ListItem\",\"position\":3,\"name\":\"Olemme osa kansainv\u00e4list\u00e4 Rotarya\"}]},{\"@type\":\"WebSite\",\"@id\":\"https:\\\/\\\/rotary.fi\\\/vihti\\\/#website\",\"url\":\"https:\\\/\\\/rotary.fi\\\/vihti\\\/\",\"name\":\"Vihdin rotaryklubi\",\"description\":\"Uusi Rotary klubisivusto\",\"potentialAction\":[{\"@type\":\"SearchAction\",\"target\":{\"@type\":\"EntryPoint\",\"urlTemplate\":\"https:\\\/\\\/rotary.fi\\\/vihti\\\/?s={search_term_string}\"},\"query-input\":{\"@type\":\"PropertyValueSpecification\",\"valueRequired\":true,\"valueName\":\"search_term_string\"}}],\"inLanguage\":\"fi\"}]}<\/script>\n<!-- \/ Yoast SEO plugin. -->","yoast_head_json":{"title":"Olemme osa kansainv\u00e4list\u00e4 Rotarya - Vihdin rotaryklubi","robots":{"index":"index","follow":"follow","max-snippet":"max-snippet:-1","max-image-preview":"max-image-preview:large","max-video-preview":"max-video-preview:-1"},"canonical":"https:\/\/rotary.fi\/vihti\/keita-olemme\/olemme-osa-kansainvalista-rotarya\/","og_locale":"fi_FI","og_type":"article","og_title":"Olemme osa kansainv\u00e4list\u00e4 Rotarya - Vihdin rotaryklubi","og_description":"Olemme osa kansainv\u00e4list\u00e4 Rotary\u00e4 Rotary International tukee ja ohjaa rotareita ja klubeja Rotaryn tavoitteiden toteuttamisessa. Rotary Internationalin ylin p\u00e4\u00e4tt\u00e4v\u00e4 elin on vuosikokous, jonne jokaisella klubilla on oikeus l\u00e4hett\u00e4\u00e4 virallinen edustaja ja jonne jokaisella rotarilla on oikeus osallistua. Rotary Internationalin keulahahmo on vuosittain vaihtuva presidentti. Rotaryvuonna 2025-2026 RI:n presidenttin\u00e4 on italialainen Francesco Arezzo, joka valitsi rotaryvuoden [&hellip;]","og_url":"https:\/\/rotary.fi\/vihti\/keita-olemme\/olemme-osa-kansainvalista-rotarya\/","og_site_name":"Vihdin rotaryklubi","article_modified_time":"2025-06-27T08:55:03+00:00","twitter_card":"summary_large_image","twitter_misc":{"Arvioitu lukuaika":"2 minuuttia"},"schema":{"@context":"https:\/\/schema.org","@graph":[{"@type":"WebPage","@id":"https:\/\/rotary.fi\/vihti\/keita-olemme\/olemme-osa-kansainvalista-rotarya\/","url":"https:\/\/rotary.fi\/vihti\/keita-olemme\/olemme-osa-kansainvalista-rotarya\/","name":"Olemme osa kansainv\u00e4list\u00e4 Rotarya - Vihdin rotaryklubi","isPartOf":{"@id":"https:\/\/rotary.fi\/vihti\/#website"},"datePublished":"2018-10-24T08:36:06+00:00","dateModified":"2025-06-27T08:55:03+00:00","breadcrumb":{"@id":"https:\/\/rotary.fi\/vihti\/keita-olemme\/olemme-osa-kansainvalista-rotarya\/#breadcrumb"},"inLanguage":"fi","potentialAction":[{"@type":"ReadAction","target":["https:\/\/rotary.fi\/vihti\/keita-olemme\/olemme-osa-kansainvalista-rotarya\/"]}]},{"@type":"BreadcrumbList","@id":"https:\/\/rotary.fi\/vihti\/keita-olemme\/olemme-osa-kansainvalista-rotarya\/#breadcrumb","itemListElement":[{"@type":"ListItem","position":1,"name":"Home","item":"https:\/\/rotary.fi\/vihti\/"},{"@type":"ListItem","position":2,"name":"Keit\u00e4 olemme","item":"https:\/\/rotary.fi\/vihti\/keita-olemme\/"},{"@type":"ListItem","position":3,"name":"Olemme osa kansainv\u00e4list\u00e4 Rotarya"}]},{"@type":"WebSite","@id":"https:\/\/rotary.fi\/vihti\/#website","url":"https:\/\/rotary.fi\/vihti\/","name":"Vihdin rotaryklubi","description":"Uusi Rotary klubisivusto","potentialAction":[{"@type":"SearchAction","target":{"@type":"EntryPoint","urlTemplate":"https:\/\/rotary.fi\/vihti\/?s={search_term_string}"},"query-input":{"@type":"PropertyValueSpecification","valueRequired":true,"valueName":"search_term_string"}}],"inLanguage":"fi"}]}},"lang":"fi","translations":{"fi":276},"pll_sync_post":[],"_links":{"self":[{"href":"https:\/\/rotary.fi\/vihti\/wp-json\/wp\/v2\/pages\/276","targetHints":{"allow":["GET"]}}],"collection":[{"href":"https:\/\/rotary.fi\/vihti\/wp-json\/wp\/v2\/pages"}],"about":[{"href":"https:\/\/rotary.fi\/vihti\/wp-json\/wp\/v2\/types\/page"}],"author":[{"embeddable":true,"href":"https:\/\/rotary.fi\/vihti\/wp-json\/wp\/v2\/users\/1"}],"replies":[{"embeddable":true,"href":"https:\/\/rotary.fi\/vihti\/wp-json\/wp\/v2\/comments?post=276"}],"version-history":[{"count":10,"href":"https:\/\/rotary.fi\/vihti\/wp-json\/wp\/v2\/pages\/276\/revisions"}],"predecessor-version":[{"id":2459,"href":"https:\/\/rotary.fi\/vihti\/wp-json\/wp\/v2\/pages\/276\/revisions\/2459"}],"up":[{"embeddable":true,"href":"https:\/\/rotary.fi\/vihti\/wp-json\/wp\/v2\/pages\/129"}],"wp:attachment":[{"href":"https:\/\/rotary.fi\/vihti\/wp-json\/wp\/v2\/media?parent=276"}],"curies":[{"name":"wp","href":"https:\/\/api.w.org\/{rel}","templated":true}]}}