{"id":1953,"date":"2020-09-06T20:00:12","date_gmt":"2020-09-06T17:00:12","guid":{"rendered":"https:\/\/rotary.fi\/vihti\/?page_id=1953"},"modified":"2020-09-07T13:03:03","modified_gmt":"2020-09-07T10:03:03","slug":"meidan-vihti-valokuvakilpailun-saannot","status":"publish","type":"page","link":"https:\/\/rotary.fi\/vihti\/meidan-vihti-valokuvakilpailun-saannot\/","title":{"rendered":"Meid\u00e4n Vihti -valokuvakilpailun s\u00e4\u00e4nn\u00f6t"},"content":{"rendered":"<p>[et_pb_section fb_built=&#8221;1&#8243; admin_label=&#8221;section&#8221; _builder_version=&#8221;3.22&#8243;][et_pb_row admin_label=&#8221;row&#8221; _builder_version=&#8221;3.25&#8243; background_size=&#8221;initial&#8221; background_position=&#8221;top_left&#8221; background_repeat=&#8221;repeat&#8221;][et_pb_column type=&#8221;4_4&#8243; _builder_version=&#8221;3.25&#8243; custom_padding=&#8221;|||&#8221; custom_padding__hover=&#8221;|||&#8221;][et_pb_text admin_label=&#8221;Text&#8221; _builder_version=&#8221;4.4.8&#8243; background_size=&#8221;initial&#8221; background_position=&#8221;top_left&#8221; background_repeat=&#8221;repeat&#8221;]<\/p>\n<h5><em>Meid\u00e4n Vihti -valokuvakilpailun tavoitteena on kertoa maahanmuuttajien silmin Vihdist\u00e4, ja miten he n\u00e4kev\u00e4t oman arkensa t\u00e4\u00e4ll\u00e4. Kilpailun j\u00e4rjest\u00e4j\u00e4n\u00e4 toimii Vihdin rotaryklubi ry.<\/em><\/h5>\n<p>&nbsp;<\/p>\n<p>&nbsp;<\/p>\n<h4>1. Sarjat<\/h4>\n<p>&nbsp;<\/p>\n<p>Kilpailu on tarkoitettu kaikille Vihdiss\u00e4 asuville maahanmuuttajille.<br \/>Kilpailussa on kolme sarjaa:<\/p>\n<ul>\n<li>sarjassa 1 alle 12-vuotiaat<\/li>\n<li>sarjassa 2 12-18-vuotiaat<\/li>\n<li>sarjassa 3 yli 18-vuotiaat<\/li>\n<\/ul>\n<h4><strong>\u00a0<\/strong><\/h4>\n<h4>2. Kilpailukuvat<\/h4>\n<p>&nbsp;<\/p>\n<ul>\n<li>Kuvan tulee olla osallistujan itsens\u00e4 ottama.<\/li>\n<li>Kuvan voi ottaa k\u00e4nnykk\u00e4- tai digikameralla.<\/li>\n<li>Kuvaajalla on kuvaan t\u00e4ydet oikeudet.<\/li>\n<li>Kuvaajan tulee mainita kuvan nimi.<\/li>\n<li>Kuva tulee olla otettu Vihdiss\u00e4.<\/li>\n<li>Kuva voi olla v\u00e4rillinen tai mustavalkoinen.<\/li>\n<li>Kilpailuun voi osallistua korkeintaan nelj\u00e4ll\u00e4 kuvalla\/osallistuja.<\/li>\n<li>Kuvaajalla on oikeus muokata kuvaa.<\/li>\n<li>Kotirauhan tms. suojan piiriss\u00e4 kuvattavalta henkil\u00f6ilt\u00e4\/toisen omaisuudesta on oltava lupa kuvan ottamiseen sek\u00e4 kuvan julkaisemiseen.<\/li>\n<li>Kilpailukuva ei saa olla aikaisemmin julkaistu printtimediassa tai kaupallisessa tarkoituksessa.<\/li>\n<\/ul>\n<h4>\u00a0<\/h4>\n<h4>3. Kilpailukuvien l\u00e4hett\u00e4minen<\/h4>\n<p>&nbsp;<\/p>\n<p>Kilpailukuvat l\u00e4hetet\u00e4\u00e4n <strong>7.9. &#8211; 15.10.2020<\/strong>:<\/p>\n<ul>\n<li>s\u00e4hk\u00f6postilla osoitteiseen<strong> vihdin.rotary@gmail.com<\/strong> tai <strong>anne-maria.marttila@vihti.fi<\/strong><\/li>\n<li>whatsappilla numeroon<strong> 040 871 0965 <\/strong>tai<strong> 044 042 1730<\/strong><\/li>\n<li>Kuvan mukana tulee olla <strong>kuvaajan nimi<\/strong>, <strong>sarjan numero<\/strong>, <strong>kuvan nimi<\/strong> sek\u00e4 <strong>kuvaajan s\u00e4hk\u00f6postiosoite<\/strong> tai <strong>puhelinnumero<\/strong><\/li>\n<li>Kuvan on oltava<strong> jpg-muotoinen<\/strong><\/li>\n<\/ul>\n<h4>\u00a0\u00a0<\/h4>\n<h4>4. Kilpailun tulokset<\/h4>\n<p>&nbsp;<\/p>\n<ul>\n<li>Palkittavat kuvat sek\u00e4 valokuvan\u00e4yttelyyn tulevat kuvat valitsee raati, jossa on Vihdin rotaryklubin j\u00e4seni\u00e4, maahanmuuttajien edustajat, paikallislehtien edustajat sek\u00e4 Vihdin kunnan edustaja.<\/li>\n<li>Kilpailun tulokset julkistetaan ja kunkin sarjan kolme parasta palkitaan lahjakortilla 2.11.2020 Vihdin p\u00e4\u00e4kirjastossa Nummelassa.<\/li>\n<li>Kilpailussa parhaiten menestyneist\u00e4 kuvista pidet\u00e4\u00e4n valokuvan\u00e4yttely Vihdin p\u00e4\u00e4kirjastossa 2. &#8211; 30.11.2020.<\/li>\n<\/ul>\n<h4>\u00a0\u00a0<\/h4>\n<h4>5<strong>. <\/strong>Kuvien k\u00e4ytt\u00f6oikeus<\/h4>\n<p>&nbsp;<\/p>\n<ul>\n<li><strong>\u00a0<\/strong>J\u00e4rjest\u00e4j\u00e4ll\u00e4 ja Vihdin paikallislehdill\u00e4 on oikeus julkaista kilpailuun osallistuvia kuvia ilman erillist\u00e4 korvausta kilpailuun liittyv\u00e4ss\u00e4 viestinn\u00e4ss\u00e4.<\/li>\n<li>Kilpailuun osallistuvien kuvien tekij\u00e4noikeudet s\u00e4ilyv\u00e4t kuvaajalla.<\/li>\n<li>J\u00e4rjest\u00e4j\u00e4 voi julkaista kilpailuun osallistuneita kuvia muussa k\u00e4ytt\u00f6tarkoituksessa kuvaajan luvalla erikseen sovittavaa korvausta vastaan.<\/li>\n<li>J\u00e4rjest\u00e4j\u00e4 ei saa ilman kuvaajan lupaa muokata tai muuttaa kuvan sis\u00e4lt\u00f6\u00e4 tai rajausta.<\/li>\n<\/ul>\n<p>&nbsp;<\/p>\n<h4>Lis\u00e4tiedot:<\/h4>\n<ul>\n<li>rotary.vihti@gmail.com<\/li>\n<li>040 871 0965<\/li>\n<li>Tapio Karjalainen,<br \/>tapio.karjalainen@mac.com<\/li>\n<\/ul>\n<p>&nbsp;<\/p>\n<p>&nbsp;<\/p>\n<p>&nbsp;<\/p>\n<p>&nbsp;<\/p>\n<p>&nbsp;<\/p>\n<p>&nbsp;<\/p>\n<p>&nbsp;<\/p>\n<p>[\/et_pb_text][\/et_pb_column][\/et_pb_row][\/et_pb_section]<\/p>\n","protected":false},"excerpt":{"rendered":"<p>Meid\u00e4n Vihti -valokuvakilpailun tavoitteena on kertoa maahanmuuttajien silmin Vihdist\u00e4, ja miten he n\u00e4kev\u00e4t oman arkensa t\u00e4\u00e4ll\u00e4. Kilpailun j\u00e4rjest\u00e4j\u00e4n\u00e4 toimii Vihdin rotaryklubi ry. &nbsp; &nbsp; 1. Sarjat &nbsp; Kilpailu on tarkoitettu kaikille Vihdiss\u00e4 asuville maahanmuuttajille.Kilpailussa on kolme sarjaa: sarjassa 1 alle 12-vuotiaat sarjassa 2 12-18-vuotiaat sarjassa 3 yli 18-vuotiaat \u00a0 2. Kilpailukuvat &nbsp; Kuvan tulee olla [&hellip;]<\/p>\n","protected":false},"author":43,"featured_media":0,"parent":0,"menu_order":0,"comment_status":"closed","ping_status":"closed","template":"","meta":{"_acf_changed":false,"_et_pb_use_builder":"on","_et_pb_old_content":"<h5><em>Meid\u00e4n Vihti -valokuvakilpailun tavoitteena on kertoa maahanmuuttajien silmin Vihdist\u00e4 ja miten he n\u00e4kev\u00e4t oman arkensa Vihdiss\u00e4. Kilpailun j\u00e4rjest\u00e4j\u00e4n\u00e4 toimii Vihdin rotaryklubi ry.<\/em><\/h5>\r\n<h4>1. Sarjat<\/h4>\r\nKilpailu on tarkoitettu kaikille Vihdiss\u00e4 asuville maahanmuuttajille.\r\nKilpailussa on kolme sarjaa:\r\n<ul>\r\n \t<li>sarjassa 1 alle 12-vuotiaat<\/li>\r\n \t<li>sarjassa 2 12 - 18-vuotiaat<\/li>\r\n \t<li>sarjassa 3 yli 18-vuotiaat<\/li>\r\n<\/ul>\r\n<h4><strong>\u00a0<\/strong>2. Kilpailukuvat<\/h4>\r\n<ul>\r\n \t<li>Kuvan tulee olla osallistujan itsens\u00e4 ottama.<\/li>\r\n \t<li>Kilpailuun voi l\u00e4hett\u00e4\u00e4 max. nelj\u00e4 kuvaa.<\/li>\r\n \t<li>Kuvan voi ottaa k\u00e4nnykk\u00e4- tai digikameralla<\/li>\r\n \t<li>Kuvaajalla on kuvaan t\u00e4ydet oikeudet<\/li>\r\n \t<li>Kuvaajan tulee mainita kuvan nimi<\/li>\r\n \t<li>Kuva tulee olla otettu Vihdiss\u00e4<\/li>\r\n \t<li>Kuva voi olla v\u00e4rillinen tai mustavalkoinen<\/li>\r\n \t<li>Kilpailuun voi osallistua korkeintaan nelj\u00e4ll\u00e4 kuvalla\/osallistuja.<\/li>\r\n \t<li>Kuvaajalla on oikeus muokata kuvaa<\/li>\r\n \t<li>Kotirauhan tms. suojan piiriss\u00e4 kuvattavalta henkil\u00f6ilt\u00e4\/toisen omaisuudesta on oltava lupa kuvan ottamiseen sek\u00e4 kuvan julkaisemiseen.<\/li>\r\n \t<li>Kilpailukuva ei saa olla aikaisemmin julkaistu printtimediassa tai kaupallisessa tarkoituksessa.<\/li>\r\n<\/ul>\r\n<h4>3. Kilpailukuvien l\u00e4hett\u00e4minen<\/h4>\r\nKilpailukuvat l\u00e4hetet\u00e4\u00e4n <strong>7.9. - 15.10.2020<\/strong>:\r\n<ul>\r\n \t<li>s\u00e4hk\u00f6postilla osoitteiseen<strong> vihdin.rotary@gmail<\/strong>.com tai <strong>anne.maria.marttila@vihti.fi<\/strong><\/li>\r\n \t<li>whatsappilla numeroon<strong> 040 871 0965 tai 044 042 1730<\/strong><\/li>\r\n \t<li>Kuvan mukana tulee olla kuvaajan nimi, sarjan numero, kuvan nimi sek\u00e4 kuvaajan s\u00e4hk\u00f6postiosoite tai puhelinnumero<\/li>\r\n \t<li>Kuvan on oltava jpg-muotoinen<\/li>\r\n<\/ul>\r\n<h4>4. Kilpailun tulokset<\/h4>\r\n<ul>\r\n \t<li>Palkittavat kuvat sek\u00e4 valokuvan\u00e4yttelyyn tulevat kuvat valitsee raati, jossa on Vihdin rotaryklubin j\u00e4seni\u00e4, maahanmuuttajien edustajat, paikallislehtien edustajat sek\u00e4 Vihdin kunnan edustaja<\/li>\r\n \t<li>kilpailun tulokset julkistetaan ja kunkin sarjan kolme parasta palkitaan lahjakortilla 2.11.2020 Vihdin p\u00e4\u00e4kirjastossa Nummelassa<\/li>\r\n \t<li>kilpailussa parhaiten menestyneist\u00e4 kuvista pidet\u00e4\u00e4n valokuvan\u00e4yttely Vihdin p\u00e4\u00e4kirjastossa 2. - 30.11.2020.<\/li>\r\n<\/ul>\r\n<h4>5<strong>. <\/strong>Kuvien k\u00e4ytt\u00f6oikeus<\/h4>\r\n<ul>\r\n \t<li><strong>\u00a0<\/strong>J\u00e4rjest\u00e4j\u00e4ll\u00e4 ja Vihdin paikallislehdill\u00e4 on oikeus julkaista kilpailuun osallistuvia kuvia ilman erillist\u00e4 korvausta kilpailuun liittyv\u00e4ss\u00e4 viestinn\u00e4ss\u00e4<\/li>\r\n \t<li>Kilpailuun osallistuvien kuvien tekij\u00e4noikeudet s\u00e4ilyv\u00e4t kuvaajalla.<\/li>\r\n \t<li>J\u00e4rjest\u00e4j\u00e4 voi julkaista kilpailuun osallistuneita kuvia muussa k\u00e4ytt\u00f6tarkoituksessa kuvaajan luvalla erikseen sovittavaa korvausta vastaan<\/li>\r\n \t<li>J\u00e4rjest\u00e4j\u00e4 ei saa ilman kuvaajan lupaa muokata tai muuttaa kuvan sis\u00e4lt\u00f6\u00e4 tai rajausta<\/li>\r\n<\/ul>\r\n\u00a0\r\n<h4>Lis\u00e4tiedot:<\/h4>\r\n<ul>\r\n \t<li>rotary.vihti@gmail.com<\/li>\r\n \t<li>040 871 0965<\/li>\r\n \t<li>Tapio Karjalainen, karjalainen@mac.com<\/li>\r\n<\/ul>\r\n\u00a0\r\n\r\n\u00a0\r\n\r\n\u00a0\r\n\r\n\u00a0\r\n\r\n\u00a0\r\n\r\n\u00a0\r\n\r\n\u00a0","_et_gb_content_width":"","footnotes":""},"class_list":["post-1953","page","type-page","status-publish","hentry"],"acf":[],"yoast_head":"<!-- This site is optimized with the Yoast SEO plugin v27.0 - https:\/\/yoast.com\/product\/yoast-seo-wordpress\/ -->\n<title>Meid\u00e4n Vihti -valokuvakilpailun s\u00e4\u00e4nn\u00f6t - Vihdin rotaryklubi<\/title>\n<meta name=\"robots\" content=\"index, follow, max-snippet:-1, max-image-preview:large, max-video-preview:-1\" \/>\n<link rel=\"canonical\" href=\"https:\/\/rotary.fi\/vihti\/meidan-vihti-valokuvakilpailun-saannot\/\" \/>\n<meta property=\"og:locale\" content=\"fi_FI\" \/>\n<meta property=\"og:type\" content=\"article\" \/>\n<meta property=\"og:title\" content=\"Meid\u00e4n Vihti -valokuvakilpailun s\u00e4\u00e4nn\u00f6t - Vihdin rotaryklubi\" \/>\n<meta property=\"og:description\" content=\"Meid\u00e4n Vihti -valokuvakilpailun tavoitteena on kertoa maahanmuuttajien silmin Vihdist\u00e4, ja miten he n\u00e4kev\u00e4t oman arkensa t\u00e4\u00e4ll\u00e4. Kilpailun j\u00e4rjest\u00e4j\u00e4n\u00e4 toimii Vihdin rotaryklubi ry. &nbsp; &nbsp; 1. Sarjat &nbsp; Kilpailu on tarkoitettu kaikille Vihdiss\u00e4 asuville maahanmuuttajille.Kilpailussa on kolme sarjaa: sarjassa 1 alle 12-vuotiaat sarjassa 2 12-18-vuotiaat sarjassa 3 yli 18-vuotiaat \u00a0 2. Kilpailukuvat &nbsp; Kuvan tulee olla [&hellip;]\" \/>\n<meta property=\"og:url\" content=\"https:\/\/rotary.fi\/vihti\/meidan-vihti-valokuvakilpailun-saannot\/\" \/>\n<meta property=\"og:site_name\" content=\"Vihdin rotaryklubi\" \/>\n<meta property=\"article:modified_time\" content=\"2020-09-07T10:03:03+00:00\" \/>\n<meta name=\"twitter:card\" content=\"summary_large_image\" \/>\n<meta name=\"twitter:label1\" content=\"Arvioitu lukuaika\" \/>\n\t<meta name=\"twitter:data1\" content=\"2 minuuttia\" \/>\n<script type=\"application\/ld+json\" class=\"yoast-schema-graph\">{\"@context\":\"https:\/\/schema.org\",\"@graph\":[{\"@type\":\"WebPage\",\"@id\":\"https:\/\/rotary.fi\/vihti\/meidan-vihti-valokuvakilpailun-saannot\/\",\"url\":\"https:\/\/rotary.fi\/vihti\/meidan-vihti-valokuvakilpailun-saannot\/\",\"name\":\"Meid\u00e4n Vihti -valokuvakilpailun s\u00e4\u00e4nn\u00f6t - Vihdin rotaryklubi\",\"isPartOf\":{\"@id\":\"https:\/\/rotary.fi\/vihti\/#website\"},\"datePublished\":\"2020-09-06T17:00:12+00:00\",\"dateModified\":\"2020-09-07T10:03:03+00:00\",\"breadcrumb\":{\"@id\":\"https:\/\/rotary.fi\/vihti\/meidan-vihti-valokuvakilpailun-saannot\/#breadcrumb\"},\"inLanguage\":\"fi\",\"potentialAction\":[{\"@type\":\"ReadAction\",\"target\":[\"https:\/\/rotary.fi\/vihti\/meidan-vihti-valokuvakilpailun-saannot\/\"]}]},{\"@type\":\"BreadcrumbList\",\"@id\":\"https:\/\/rotary.fi\/vihti\/meidan-vihti-valokuvakilpailun-saannot\/#breadcrumb\",\"itemListElement\":[{\"@type\":\"ListItem\",\"position\":1,\"name\":\"Home\",\"item\":\"https:\/\/rotary.fi\/vihti\/\"},{\"@type\":\"ListItem\",\"position\":2,\"name\":\"Meid\u00e4n Vihti -valokuvakilpailun s\u00e4\u00e4nn\u00f6t\"}]},{\"@type\":\"WebSite\",\"@id\":\"https:\/\/rotary.fi\/vihti\/#website\",\"url\":\"https:\/\/rotary.fi\/vihti\/\",\"name\":\"Vihdin rotaryklubi\",\"description\":\"Uusi Rotary klubisivusto\",\"potentialAction\":[{\"@type\":\"SearchAction\",\"target\":{\"@type\":\"EntryPoint\",\"urlTemplate\":\"https:\/\/rotary.fi\/vihti\/?s={search_term_string}\"},\"query-input\":{\"@type\":\"PropertyValueSpecification\",\"valueRequired\":true,\"valueName\":\"search_term_string\"}}],\"inLanguage\":\"fi\"}]}<\/script>\n<!-- \/ Yoast SEO plugin. -->","yoast_head_json":{"title":"Meid\u00e4n Vihti -valokuvakilpailun s\u00e4\u00e4nn\u00f6t - Vihdin rotaryklubi","robots":{"index":"index","follow":"follow","max-snippet":"max-snippet:-1","max-image-preview":"max-image-preview:large","max-video-preview":"max-video-preview:-1"},"canonical":"https:\/\/rotary.fi\/vihti\/meidan-vihti-valokuvakilpailun-saannot\/","og_locale":"fi_FI","og_type":"article","og_title":"Meid\u00e4n Vihti -valokuvakilpailun s\u00e4\u00e4nn\u00f6t - Vihdin rotaryklubi","og_description":"Meid\u00e4n Vihti -valokuvakilpailun tavoitteena on kertoa maahanmuuttajien silmin Vihdist\u00e4, ja miten he n\u00e4kev\u00e4t oman arkensa t\u00e4\u00e4ll\u00e4. Kilpailun j\u00e4rjest\u00e4j\u00e4n\u00e4 toimii Vihdin rotaryklubi ry. &nbsp; &nbsp; 1. Sarjat &nbsp; Kilpailu on tarkoitettu kaikille Vihdiss\u00e4 asuville maahanmuuttajille.Kilpailussa on kolme sarjaa: sarjassa 1 alle 12-vuotiaat sarjassa 2 12-18-vuotiaat sarjassa 3 yli 18-vuotiaat \u00a0 2. Kilpailukuvat &nbsp; Kuvan tulee olla [&hellip;]","og_url":"https:\/\/rotary.fi\/vihti\/meidan-vihti-valokuvakilpailun-saannot\/","og_site_name":"Vihdin rotaryklubi","article_modified_time":"2020-09-07T10:03:03+00:00","twitter_card":"summary_large_image","twitter_misc":{"Arvioitu lukuaika":"2 minuuttia"},"schema":{"@context":"https:\/\/schema.org","@graph":[{"@type":"WebPage","@id":"https:\/\/rotary.fi\/vihti\/meidan-vihti-valokuvakilpailun-saannot\/","url":"https:\/\/rotary.fi\/vihti\/meidan-vihti-valokuvakilpailun-saannot\/","name":"Meid\u00e4n Vihti -valokuvakilpailun s\u00e4\u00e4nn\u00f6t - Vihdin rotaryklubi","isPartOf":{"@id":"https:\/\/rotary.fi\/vihti\/#website"},"datePublished":"2020-09-06T17:00:12+00:00","dateModified":"2020-09-07T10:03:03+00:00","breadcrumb":{"@id":"https:\/\/rotary.fi\/vihti\/meidan-vihti-valokuvakilpailun-saannot\/#breadcrumb"},"inLanguage":"fi","potentialAction":[{"@type":"ReadAction","target":["https:\/\/rotary.fi\/vihti\/meidan-vihti-valokuvakilpailun-saannot\/"]}]},{"@type":"BreadcrumbList","@id":"https:\/\/rotary.fi\/vihti\/meidan-vihti-valokuvakilpailun-saannot\/#breadcrumb","itemListElement":[{"@type":"ListItem","position":1,"name":"Home","item":"https:\/\/rotary.fi\/vihti\/"},{"@type":"ListItem","position":2,"name":"Meid\u00e4n Vihti -valokuvakilpailun s\u00e4\u00e4nn\u00f6t"}]},{"@type":"WebSite","@id":"https:\/\/rotary.fi\/vihti\/#website","url":"https:\/\/rotary.fi\/vihti\/","name":"Vihdin rotaryklubi","description":"Uusi Rotary klubisivusto","potentialAction":[{"@type":"SearchAction","target":{"@type":"EntryPoint","urlTemplate":"https:\/\/rotary.fi\/vihti\/?s={search_term_string}"},"query-input":{"@type":"PropertyValueSpecification","valueRequired":true,"valueName":"search_term_string"}}],"inLanguage":"fi"}]}},"lang":"fi","translations":{"fi":1953},"pll_sync_post":[],"_links":{"self":[{"href":"https:\/\/rotary.fi\/vihti\/wp-json\/wp\/v2\/pages\/1953","targetHints":{"allow":["GET"]}}],"collection":[{"href":"https:\/\/rotary.fi\/vihti\/wp-json\/wp\/v2\/pages"}],"about":[{"href":"https:\/\/rotary.fi\/vihti\/wp-json\/wp\/v2\/types\/page"}],"author":[{"embeddable":true,"href":"https:\/\/rotary.fi\/vihti\/wp-json\/wp\/v2\/users\/43"}],"replies":[{"embeddable":true,"href":"https:\/\/rotary.fi\/vihti\/wp-json\/wp\/v2\/comments?post=1953"}],"version-history":[{"count":17,"href":"https:\/\/rotary.fi\/vihti\/wp-json\/wp\/v2\/pages\/1953\/revisions"}],"predecessor-version":[{"id":1989,"href":"https:\/\/rotary.fi\/vihti\/wp-json\/wp\/v2\/pages\/1953\/revisions\/1989"}],"wp:attachment":[{"href":"https:\/\/rotary.fi\/vihti\/wp-json\/wp\/v2\/media?parent=1953"}],"curies":[{"name":"wp","href":"https:\/\/api.w.org\/{rel}","templated":true}]}}