{"id":156,"date":"2018-08-13T09:46:59","date_gmt":"2018-08-13T06:46:59","guid":{"rendered":"https:\/\/rotary.fi\/vihti\/?page_id=156"},"modified":"2019-02-01T10:40:29","modified_gmt":"2019-02-01T08:40:29","slug":"projektit","status":"publish","type":"page","link":"https:\/\/rotary.fi\/vihti\/mita-teemme\/projektit\/","title":{"rendered":"Projektit"},"content":{"rendered":"<p>[et_pb_section bb_built=&#8221;1&#8243; module_class=&#8221;jumbotron-page&#8221; _builder_version=&#8221;3.17.6&#8243; background_image=&#8221;https:\/\/rotary.fi\/vihti\/wp-content\/uploads\/sites\/45\/2019\/01\/lucie.jpg&#8221; next_background_color=&#8221;#ffffff&#8221;][et_pb_row _builder_version=&#8221;3.17.6&#8243; background_size=&#8221;initial&#8221; background_position=&#8221;top_left&#8221; background_repeat=&#8221;repeat&#8221;][et_pb_column type=&#8221;4_4&#8243;][et_pb_text admin_label=&#8221;P\u00e4\u00e4otsikko&#8221; _builder_version=&#8221;3.17.6&#8243; text_orientation=&#8221;center&#8221; background_layout=&#8221;dark&#8221; background_image=&#8221;https:\/\/rotary.fi\/vihti\/wp-content\/uploads\/sites\/45\/2019\/01\/koululaiset.jpg&#8221; \/][\/et_pb_column][\/et_pb_row][\/et_pb_section][et_pb_section bb_built=&#8221;1&#8243; specialty=&#8221;on&#8221; module_class_2=&#8221;sivupalkki&#8221; _builder_version=&#8221;3.4.1&#8243; prev_background_color=&#8221;#000000&#8243;][et_pb_column type=&#8221;2_3&#8243; specialty_columns=&#8221;2&#8243;][et_pb_row_inner admin_label=&#8221;Rivi&#8221; _builder_version=&#8221;3.0.47&#8243;][et_pb_column_inner type=&#8221;4_4&#8243; saved_specialty_column_type=&#8221;2_3&#8243;][et_pb_text admin_label=&#8221;Projektit &#8211; Otsikko&#8221; _builder_version=&#8221;3.17&#8243; text_orientation=&#8221;center&#8221;]<\/p>\n<h1>Projektit<\/h1>\n<p>[\/et_pb_text][et_pb_text _builder_version=&#8221;3.19.5&#8243;]<\/p>\n<p>Rotary on palveluj\u00e4rjest\u00f6 ja toimimme tunnuslauseemme Palvelu itsekkyyden edelle (Service above self) mukaisesti paikallisesti ja maailmanlaajuisesti. Kansainv\u00e4linen humanit\u00e4\u00e4rinen palvelumme toteutuu Rotarys\u00e4\u00e4ti\u00f6mme koordinoimana ja hyv\u00e4ksyttyjen kumppaneiden kanssa.<\/p>\n<h4>\u00a0<\/h4>\n<h4><strong>Vihdin rotaryklubin Varustepankki\u00a0 <br \/>tuki lasten ja nuorten urheiluharrastusta<br \/><\/strong><\/h4>\n<p>\u00a0<\/p>\n<p>Lasten ja nuorten tukeminen on Vihdin rotaryklubissa ykk\u00f6sasioita. Liikuntaharrastuksilla on lasten ja nuorten el\u00e4m\u00e4ss\u00e4 kauaskantoisia, my\u00f6nteisi\u00e4 vaikutuksia, koska se edist\u00e4\u00e4 monella tavoin terveytt\u00e4, kehitt\u00e4\u00e4 motoriikkaa, auttaa oppimaan vuorovaikutustaitoja ja reilun pelin henke\u00e4 sek\u00e4 luomaan sosiaalisia suhteita. Liikuntaa harrastava nuori liikkuu todenn\u00e4k\u00f6isesti my\u00f6s aikuisena.<\/p>\n<p>Vihdin rotaryklubi k\u00e4ynnisti Varustepankki-hankkeensa marraskuussa 2017 Nummelassa. Pankin tavoitteena oli urheiluvarusteita v\u00e4litt\u00e4m\u00e4ll\u00e4 edist\u00e4\u00e4 vihtil\u00e4isten lasten ja nuorten liikuntaharrastusta. Lasten ja nuorten urheiluvarusteita k\u00e4ytet\u00e4\u00e4n yleens\u00e4 vain yhden kauden ajan, koska ne j\u00e4\u00e4v\u00e4t nopeasti pieniksi. Niiden kierr\u00e4tt\u00e4minen on sen vuoksi eritt\u00e4in j\u00e4rkev\u00e4\u00e4. Klubillemme oli my\u00f6s t\u00e4rke\u00e4\u00e4 tukea ja kannustaa varusteita kierr\u00e4tt\u00e4m\u00e4ll\u00e4\u00a0 kiertotalouteen ja kest\u00e4v\u00e4\u00e4n kehitykseen.Varusteita luovutettiin tarvitsijoille maksutta ennalta sovitun pituiseksi ajaksi. Varustepankille l\u00f6ytyi tila paikallisen kirpputorin yhteydest\u00e4.\u00a0<\/p>\n<p>Varustepankki her\u00e4tti runsaasti my\u00f6nteist\u00e4 huomiota paikkakunnalla. Urheiluv\u00e4lineit\u00e4 tuotiin sinne runsaasti eteen p\u00e4in annettaviksi. Toiminta jouduttiin lopettamaan hieman suunniteltua aikaisemmin talvella 2018 kirpputorin toiminnan p\u00e4\u00e4ttymisen vuoksi.<\/p>\n<p>\u00a0<\/p>\n<p>\u00a0<\/p>\n<p>\u00a0<\/p>\n<p>\u00a0<\/p>\n<p>\u00a0<\/p>\n<p>[\/et_pb_text][\/et_pb_column_inner][\/et_pb_row_inner][\/et_pb_column][et_pb_column type=&#8221;1_3&#8243;][et_pb_sidebar area=&#8221;sidebar-1&#8243; module_class=&#8221;sivupalkki_sisalto&#8221; _builder_version=&#8221;3.4.1&#8243; locked=&#8221;on&#8221;]<\/p>\n<p>[\/et_pb_sidebar][\/et_pb_column][\/et_pb_section]<\/p>\n","protected":false},"excerpt":{"rendered":"<p>Projektit Rotary on palveluj\u00e4rjest\u00f6 ja toimimme tunnuslauseemme Palvelu itsekkyyden edelle (Service above self) mukaisesti paikallisesti ja maailmanlaajuisesti. Kansainv\u00e4linen humanit\u00e4\u00e4rinen palvelumme toteutuu Rotarys\u00e4\u00e4ti\u00f6mme koordinoimana ja hyv\u00e4ksyttyjen kumppaneiden kanssa.\u00a0Vihdin rotaryklubin Varustepankki\u00a0 tuki lasten ja nuorten urheiluharrastusta\u00a0Lasten ja nuorten tukeminen on Vihdin rotaryklubissa ykk\u00f6sasioita. Liikuntaharrastuksilla on lasten ja nuorten el\u00e4m\u00e4ss\u00e4 kauaskantoisia, my\u00f6nteisi\u00e4 vaikutuksia, koska se edist\u00e4\u00e4 monella tavoin [&hellip;]<\/p>\n","protected":false},"author":1,"featured_media":0,"parent":77,"menu_order":0,"comment_status":"closed","ping_status":"closed","template":"","meta":{"_acf_changed":false,"_et_pb_use_builder":"on","_et_pb_old_content":"","_et_gb_content_width":"","footnotes":""},"class_list":["post-156","page","type-page","status-publish","hentry"],"acf":[],"yoast_head":"<!-- This site is optimized with the Yoast SEO plugin v27.4 - https:\/\/yoast.com\/product\/yoast-seo-wordpress\/ -->\n<title>Projektit - Vihdin rotaryklubi<\/title>\n<meta name=\"robots\" content=\"index, follow, max-snippet:-1, max-image-preview:large, max-video-preview:-1\" \/>\n<link rel=\"canonical\" href=\"https:\/\/rotary.fi\/vihti\/mita-teemme\/projektit\/\" \/>\n<meta property=\"og:locale\" content=\"fi_FI\" \/>\n<meta property=\"og:type\" content=\"article\" \/>\n<meta property=\"og:title\" content=\"Projektit - Vihdin rotaryklubi\" \/>\n<meta property=\"og:description\" content=\"Projektit Rotary on palveluj\u00e4rjest\u00f6 ja toimimme tunnuslauseemme Palvelu itsekkyyden edelle (Service above self) mukaisesti paikallisesti ja maailmanlaajuisesti. Kansainv\u00e4linen humanit\u00e4\u00e4rinen palvelumme toteutuu Rotarys\u00e4\u00e4ti\u00f6mme koordinoimana ja hyv\u00e4ksyttyjen kumppaneiden kanssa.\u00a0Vihdin rotaryklubin Varustepankki\u00a0 tuki lasten ja nuorten urheiluharrastusta\u00a0Lasten ja nuorten tukeminen on Vihdin rotaryklubissa ykk\u00f6sasioita. Liikuntaharrastuksilla on lasten ja nuorten el\u00e4m\u00e4ss\u00e4 kauaskantoisia, my\u00f6nteisi\u00e4 vaikutuksia, koska se edist\u00e4\u00e4 monella tavoin [&hellip;]\" \/>\n<meta property=\"og:url\" content=\"https:\/\/rotary.fi\/vihti\/mita-teemme\/projektit\/\" \/>\n<meta property=\"og:site_name\" content=\"Vihdin rotaryklubi\" \/>\n<meta property=\"article:modified_time\" content=\"2019-02-01T08:40:29+00:00\" \/>\n<meta name=\"twitter:card\" content=\"summary_large_image\" \/>\n<meta name=\"twitter:label1\" content=\"Arvioitu lukuaika\" \/>\n\t<meta name=\"twitter:data1\" content=\"2 minuuttia\" \/>\n<script type=\"application\/ld+json\" class=\"yoast-schema-graph\">{\"@context\":\"https:\\\/\\\/schema.org\",\"@graph\":[{\"@type\":\"WebPage\",\"@id\":\"https:\\\/\\\/rotary.fi\\\/vihti\\\/mita-teemme\\\/projektit\\\/\",\"url\":\"https:\\\/\\\/rotary.fi\\\/vihti\\\/mita-teemme\\\/projektit\\\/\",\"name\":\"Projektit - Vihdin rotaryklubi\",\"isPartOf\":{\"@id\":\"https:\\\/\\\/rotary.fi\\\/vihti\\\/#website\"},\"datePublished\":\"2018-08-13T06:46:59+00:00\",\"dateModified\":\"2019-02-01T08:40:29+00:00\",\"breadcrumb\":{\"@id\":\"https:\\\/\\\/rotary.fi\\\/vihti\\\/mita-teemme\\\/projektit\\\/#breadcrumb\"},\"inLanguage\":\"fi\",\"potentialAction\":[{\"@type\":\"ReadAction\",\"target\":[\"https:\\\/\\\/rotary.fi\\\/vihti\\\/mita-teemme\\\/projektit\\\/\"]}]},{\"@type\":\"BreadcrumbList\",\"@id\":\"https:\\\/\\\/rotary.fi\\\/vihti\\\/mita-teemme\\\/projektit\\\/#breadcrumb\",\"itemListElement\":[{\"@type\":\"ListItem\",\"position\":1,\"name\":\"Home\",\"item\":\"https:\\\/\\\/rotary.fi\\\/vihti\\\/\"},{\"@type\":\"ListItem\",\"position\":2,\"name\":\"Mit\u00e4 teemme\",\"item\":\"https:\\\/\\\/rotary.fi\\\/vihti\\\/mita-teemme\\\/\"},{\"@type\":\"ListItem\",\"position\":3,\"name\":\"Projektit\"}]},{\"@type\":\"WebSite\",\"@id\":\"https:\\\/\\\/rotary.fi\\\/vihti\\\/#website\",\"url\":\"https:\\\/\\\/rotary.fi\\\/vihti\\\/\",\"name\":\"Vihdin rotaryklubi\",\"description\":\"Uusi Rotary klubisivusto\",\"potentialAction\":[{\"@type\":\"SearchAction\",\"target\":{\"@type\":\"EntryPoint\",\"urlTemplate\":\"https:\\\/\\\/rotary.fi\\\/vihti\\\/?s={search_term_string}\"},\"query-input\":{\"@type\":\"PropertyValueSpecification\",\"valueRequired\":true,\"valueName\":\"search_term_string\"}}],\"inLanguage\":\"fi\"}]}<\/script>\n<!-- \/ Yoast SEO plugin. -->","yoast_head_json":{"title":"Projektit - Vihdin rotaryklubi","robots":{"index":"index","follow":"follow","max-snippet":"max-snippet:-1","max-image-preview":"max-image-preview:large","max-video-preview":"max-video-preview:-1"},"canonical":"https:\/\/rotary.fi\/vihti\/mita-teemme\/projektit\/","og_locale":"fi_FI","og_type":"article","og_title":"Projektit - Vihdin rotaryklubi","og_description":"Projektit Rotary on palveluj\u00e4rjest\u00f6 ja toimimme tunnuslauseemme Palvelu itsekkyyden edelle (Service above self) mukaisesti paikallisesti ja maailmanlaajuisesti. Kansainv\u00e4linen humanit\u00e4\u00e4rinen palvelumme toteutuu Rotarys\u00e4\u00e4ti\u00f6mme koordinoimana ja hyv\u00e4ksyttyjen kumppaneiden kanssa.\u00a0Vihdin rotaryklubin Varustepankki\u00a0 tuki lasten ja nuorten urheiluharrastusta\u00a0Lasten ja nuorten tukeminen on Vihdin rotaryklubissa ykk\u00f6sasioita. Liikuntaharrastuksilla on lasten ja nuorten el\u00e4m\u00e4ss\u00e4 kauaskantoisia, my\u00f6nteisi\u00e4 vaikutuksia, koska se edist\u00e4\u00e4 monella tavoin [&hellip;]","og_url":"https:\/\/rotary.fi\/vihti\/mita-teemme\/projektit\/","og_site_name":"Vihdin rotaryklubi","article_modified_time":"2019-02-01T08:40:29+00:00","twitter_card":"summary_large_image","twitter_misc":{"Arvioitu lukuaika":"2 minuuttia"},"schema":{"@context":"https:\/\/schema.org","@graph":[{"@type":"WebPage","@id":"https:\/\/rotary.fi\/vihti\/mita-teemme\/projektit\/","url":"https:\/\/rotary.fi\/vihti\/mita-teemme\/projektit\/","name":"Projektit - Vihdin rotaryklubi","isPartOf":{"@id":"https:\/\/rotary.fi\/vihti\/#website"},"datePublished":"2018-08-13T06:46:59+00:00","dateModified":"2019-02-01T08:40:29+00:00","breadcrumb":{"@id":"https:\/\/rotary.fi\/vihti\/mita-teemme\/projektit\/#breadcrumb"},"inLanguage":"fi","potentialAction":[{"@type":"ReadAction","target":["https:\/\/rotary.fi\/vihti\/mita-teemme\/projektit\/"]}]},{"@type":"BreadcrumbList","@id":"https:\/\/rotary.fi\/vihti\/mita-teemme\/projektit\/#breadcrumb","itemListElement":[{"@type":"ListItem","position":1,"name":"Home","item":"https:\/\/rotary.fi\/vihti\/"},{"@type":"ListItem","position":2,"name":"Mit\u00e4 teemme","item":"https:\/\/rotary.fi\/vihti\/mita-teemme\/"},{"@type":"ListItem","position":3,"name":"Projektit"}]},{"@type":"WebSite","@id":"https:\/\/rotary.fi\/vihti\/#website","url":"https:\/\/rotary.fi\/vihti\/","name":"Vihdin rotaryklubi","description":"Uusi Rotary klubisivusto","potentialAction":[{"@type":"SearchAction","target":{"@type":"EntryPoint","urlTemplate":"https:\/\/rotary.fi\/vihti\/?s={search_term_string}"},"query-input":{"@type":"PropertyValueSpecification","valueRequired":true,"valueName":"search_term_string"}}],"inLanguage":"fi"}]}},"lang":"fi","translations":{"fi":156},"pll_sync_post":[],"_links":{"self":[{"href":"https:\/\/rotary.fi\/vihti\/wp-json\/wp\/v2\/pages\/156","targetHints":{"allow":["GET"]}}],"collection":[{"href":"https:\/\/rotary.fi\/vihti\/wp-json\/wp\/v2\/pages"}],"about":[{"href":"https:\/\/rotary.fi\/vihti\/wp-json\/wp\/v2\/types\/page"}],"author":[{"embeddable":true,"href":"https:\/\/rotary.fi\/vihti\/wp-json\/wp\/v2\/users\/1"}],"replies":[{"embeddable":true,"href":"https:\/\/rotary.fi\/vihti\/wp-json\/wp\/v2\/comments?post=156"}],"version-history":[{"count":15,"href":"https:\/\/rotary.fi\/vihti\/wp-json\/wp\/v2\/pages\/156\/revisions"}],"predecessor-version":[{"id":1744,"href":"https:\/\/rotary.fi\/vihti\/wp-json\/wp\/v2\/pages\/156\/revisions\/1744"}],"up":[{"embeddable":true,"href":"https:\/\/rotary.fi\/vihti\/wp-json\/wp\/v2\/pages\/77"}],"wp:attachment":[{"href":"https:\/\/rotary.fi\/vihti\/wp-json\/wp\/v2\/media?parent=156"}],"curies":[{"name":"wp","href":"https:\/\/api.w.org\/{rel}","templated":true}]}}