{"id":1557,"date":"2019-01-07T11:20:21","date_gmt":"2019-01-07T09:20:21","guid":{"rendered":"https:\/\/rotary.fi\/vihti\/?page_id=1557"},"modified":"2019-01-08T11:03:08","modified_gmt":"2019-01-08T09:03:08","slug":"rotaryn-tarina","status":"publish","type":"page","link":"https:\/\/rotary.fi\/vihti\/keita-olemme\/olemme-osa-kansainvalista-rotarya\/rotaryn-tarina\/","title":{"rendered":"Rotaryn tarina"},"content":{"rendered":"<blockquote><p><em>\u201dMit\u00e4 Rotary meille sitten merkitseekin, maailma tulee tuntemaan sen tuloksista, joita se ty\u00f6ll\u00e4\u00e4n saavuttaa<\/em>.\u201d<\/p>\n<p><em>Paul Harris<\/em><br \/>\nRotaryn perustaja<\/p><\/blockquote>\n<p><img loading=\"lazy\" decoding=\"async\" class=\"size-medium wp-image-1561 alignright\" src=\"https:\/\/rotary.fi\/vihti\/wp-content\/uploads\/sites\/45\/2019\/01\/paul-harris-202x300.jpg\" alt=\"\" width=\"202\" height=\"300\" srcset=\"https:\/\/rotary.fi\/vihti\/wp-content\/uploads\/sites\/45\/2019\/01\/paul-harris-202x300.jpg 202w, https:\/\/rotary.fi\/vihti\/wp-content\/uploads\/sites\/45\/2019\/01\/paul-harris-768x1142.jpg 768w, https:\/\/rotary.fi\/vihti\/wp-content\/uploads\/sites\/45\/2019\/01\/paul-harris-688x1024.jpg 688w, https:\/\/rotary.fi\/vihti\/wp-content\/uploads\/sites\/45\/2019\/01\/paul-harris.jpg 800w\" sizes=\"(max-width: 202px) 100vw, 202px\" \/><\/p>\n<p style=\"text-align: left\">Kaikki alkoi yhden miehen ajatuksesta. Yksi maailman ensimm\u00e4isist\u00e4 palveluorganisaatioista n\u00e4ki p\u00e4iv\u00e4nvalon 23.2.1905, kun chicagolainen asianajaja <strong>Paul Harris<\/strong> perusti Chicagon rotaryklubin.<\/p>\n<p>Harris halusi luoda paikan, jossa eri alojen ammattilaiset voisivat vaihtaa kesken\u00e4\u00e4n ajatuksia ja luoda merkityksellisi\u00e4, el\u00e4m\u00e4nik\u00e4isi\u00e4 yst\u00e4vyyssuhteita. Nimi Rotary juontaa ensimm\u00e4isen klubin k\u00e4yt\u00e4nn\u00f6st\u00e4 kierr\u00e4tt\u00e4\u00e4 (engl. rotate) kokouksia j\u00e4sentens\u00e4 ty\u00f6paikoilla. Perustajat ottivat ensimm\u00e4iseksi teht\u00e4v\u00e4kseen kotikaupunkinsa liikemoraalin parantamisen, mutta jo 1910 toiminta-ajatus laajentui ymp\u00e4r\u00f6iv\u00e4n yhteiskunnan kehitt\u00e4miseksi, josta edelleen maailmanlaajuiseksi p\u00e4\u00e4m\u00e4\u00e4r\u00e4ksi.<\/p>\n<p>Suomeen Rotary rantautui\u00a0 1926, kun Helsinkiin perustettiin Suomen ensimm\u00e4inen rotaryklubi. Maailmassa on jo 1,2 miljoonaa rotaria ja 34 000 rotaryklubia. Suomessa klubeja on 297 ja j\u00e4seni\u00e4 n. 10 850.<\/p>\n<p>K\u00e4y my\u00f6s katsomassa video: <a href=\"https:\/\/www.youtube.com\/watch?feature=player_embedded&amp;v=mJ2T1G1WWTo\">The Boys of 1905 &#8211; a history of Rotary International<\/a><\/p>\n<p>&nbsp;<\/p>\n<p><iframe loading=\"lazy\" width=\"1080\" height=\"810\" src=\"https:\/\/www.youtube.com\/embed\/mJ2T1G1WWTo?feature=oembed\" frameborder=\"0\" allow=\"accelerometer; autoplay; encrypted-media; gyroscope; picture-in-picture\" allowfullscreen><\/iframe><\/p>\n","protected":false},"excerpt":{"rendered":"<p>\u201dMit\u00e4 Rotary meille sitten merkitseekin, maailma tulee tuntemaan sen tuloksista, joita se ty\u00f6ll\u00e4\u00e4n saavuttaa.\u201d Paul Harris Rotaryn perustaja Kaikki alkoi yhden miehen ajatuksesta. Yksi maailman ensimm\u00e4isist\u00e4 palveluorganisaatioista n\u00e4ki p\u00e4iv\u00e4nvalon 23.2.1905, kun chicagolainen asianajaja Paul Harris perusti Chicagon rotaryklubin. Harris halusi luoda paikan, jossa eri alojen ammattilaiset voisivat vaihtaa kesken\u00e4\u00e4n ajatuksia ja luoda merkityksellisi\u00e4, el\u00e4m\u00e4nik\u00e4isi\u00e4 yst\u00e4vyyssuhteita. [&hellip;]<\/p>\n","protected":false},"author":43,"featured_media":1560,"parent":276,"menu_order":0,"comment_status":"closed","ping_status":"closed","template":"","meta":{"_acf_changed":false,"_et_pb_use_builder":"","_et_pb_old_content":"","_et_gb_content_width":"","footnotes":""},"class_list":["post-1557","page","type-page","status-publish","has-post-thumbnail","hentry"],"acf":[],"yoast_head":"<!-- This site is optimized with the Yoast SEO plugin v27.4 - https:\/\/yoast.com\/product\/yoast-seo-wordpress\/ -->\n<title>Rotaryn tarina - Vihdin rotaryklubi<\/title>\n<meta name=\"robots\" content=\"index, follow, max-snippet:-1, max-image-preview:large, max-video-preview:-1\" \/>\n<link rel=\"canonical\" href=\"https:\/\/rotary.fi\/vihti\/keita-olemme\/olemme-osa-kansainvalista-rotarya\/rotaryn-tarina\/\" \/>\n<meta property=\"og:locale\" content=\"fi_FI\" \/>\n<meta property=\"og:type\" content=\"article\" \/>\n<meta property=\"og:title\" content=\"Rotaryn tarina - Vihdin rotaryklubi\" \/>\n<meta property=\"og:description\" content=\"\u201dMit\u00e4 Rotary meille sitten merkitseekin, maailma tulee tuntemaan sen tuloksista, joita se ty\u00f6ll\u00e4\u00e4n saavuttaa.\u201d Paul Harris Rotaryn perustaja Kaikki alkoi yhden miehen ajatuksesta. Yksi maailman ensimm\u00e4isist\u00e4 palveluorganisaatioista n\u00e4ki p\u00e4iv\u00e4nvalon 23.2.1905, kun chicagolainen asianajaja Paul Harris perusti Chicagon rotaryklubin. Harris halusi luoda paikan, jossa eri alojen ammattilaiset voisivat vaihtaa kesken\u00e4\u00e4n ajatuksia ja luoda merkityksellisi\u00e4, el\u00e4m\u00e4nik\u00e4isi\u00e4 yst\u00e4vyyssuhteita. [&hellip;]\" \/>\n<meta property=\"og:url\" content=\"https:\/\/rotary.fi\/vihti\/keita-olemme\/olemme-osa-kansainvalista-rotarya\/rotaryn-tarina\/\" \/>\n<meta property=\"og:site_name\" content=\"Vihdin rotaryklubi\" \/>\n<meta property=\"article:modified_time\" content=\"2019-01-08T09:03:08+00:00\" \/>\n<meta property=\"og:image\" content=\"https:\/\/rotary.fi\/vihti\/wp-content\/uploads\/sites\/45\/2019\/01\/rotaryn-perustaminen.jpg\" \/>\n\t<meta property=\"og:image:width\" content=\"3775\" \/>\n\t<meta property=\"og:image:height\" content=\"1202\" \/>\n\t<meta property=\"og:image:type\" content=\"image\/jpeg\" \/>\n<meta name=\"twitter:card\" content=\"summary_large_image\" \/>\n<meta name=\"twitter:label1\" content=\"Arvioitu lukuaika\" \/>\n\t<meta name=\"twitter:data1\" content=\"1 minuutti\" \/>\n<script type=\"application\/ld+json\" class=\"yoast-schema-graph\">{\"@context\":\"https:\\\/\\\/schema.org\",\"@graph\":[{\"@type\":\"WebPage\",\"@id\":\"https:\\\/\\\/rotary.fi\\\/vihti\\\/keita-olemme\\\/olemme-osa-kansainvalista-rotarya\\\/rotaryn-tarina\\\/\",\"url\":\"https:\\\/\\\/rotary.fi\\\/vihti\\\/keita-olemme\\\/olemme-osa-kansainvalista-rotarya\\\/rotaryn-tarina\\\/\",\"name\":\"Rotaryn tarina - Vihdin rotaryklubi\",\"isPartOf\":{\"@id\":\"https:\\\/\\\/rotary.fi\\\/vihti\\\/#website\"},\"primaryImageOfPage\":{\"@id\":\"https:\\\/\\\/rotary.fi\\\/vihti\\\/keita-olemme\\\/olemme-osa-kansainvalista-rotarya\\\/rotaryn-tarina\\\/#primaryimage\"},\"image\":{\"@id\":\"https:\\\/\\\/rotary.fi\\\/vihti\\\/keita-olemme\\\/olemme-osa-kansainvalista-rotarya\\\/rotaryn-tarina\\\/#primaryimage\"},\"thumbnailUrl\":\"https:\\\/\\\/rotary.fi\\\/vihti\\\/wp-content\\\/uploads\\\/sites\\\/45\\\/2019\\\/01\\\/rotaryn-perustaminen.jpg\",\"datePublished\":\"2019-01-07T09:20:21+00:00\",\"dateModified\":\"2019-01-08T09:03:08+00:00\",\"breadcrumb\":{\"@id\":\"https:\\\/\\\/rotary.fi\\\/vihti\\\/keita-olemme\\\/olemme-osa-kansainvalista-rotarya\\\/rotaryn-tarina\\\/#breadcrumb\"},\"inLanguage\":\"fi\",\"potentialAction\":[{\"@type\":\"ReadAction\",\"target\":[\"https:\\\/\\\/rotary.fi\\\/vihti\\\/keita-olemme\\\/olemme-osa-kansainvalista-rotarya\\\/rotaryn-tarina\\\/\"]}]},{\"@type\":\"ImageObject\",\"inLanguage\":\"fi\",\"@id\":\"https:\\\/\\\/rotary.fi\\\/vihti\\\/keita-olemme\\\/olemme-osa-kansainvalista-rotarya\\\/rotaryn-tarina\\\/#primaryimage\",\"url\":\"https:\\\/\\\/rotary.fi\\\/vihti\\\/wp-content\\\/uploads\\\/sites\\\/45\\\/2019\\\/01\\\/rotaryn-perustaminen.jpg\",\"contentUrl\":\"https:\\\/\\\/rotary.fi\\\/vihti\\\/wp-content\\\/uploads\\\/sites\\\/45\\\/2019\\\/01\\\/rotaryn-perustaminen.jpg\",\"width\":3775,\"height\":1202,\"caption\":\"The first four Rotarians: (from left) Gustavus Loehr, Silvester Schiele, Hiram Shorey, and Paul P. Harris, circa 1905-1912.\"},{\"@type\":\"BreadcrumbList\",\"@id\":\"https:\\\/\\\/rotary.fi\\\/vihti\\\/keita-olemme\\\/olemme-osa-kansainvalista-rotarya\\\/rotaryn-tarina\\\/#breadcrumb\",\"itemListElement\":[{\"@type\":\"ListItem\",\"position\":1,\"name\":\"Home\",\"item\":\"https:\\\/\\\/rotary.fi\\\/vihti\\\/\"},{\"@type\":\"ListItem\",\"position\":2,\"name\":\"Keit\u00e4 olemme\",\"item\":\"https:\\\/\\\/rotary.fi\\\/vihti\\\/keita-olemme\\\/\"},{\"@type\":\"ListItem\",\"position\":3,\"name\":\"Olemme osa kansainv\u00e4list\u00e4 Rotarya\",\"item\":\"https:\\\/\\\/rotary.fi\\\/vihti\\\/keita-olemme\\\/olemme-osa-kansainvalista-rotarya\\\/\"},{\"@type\":\"ListItem\",\"position\":4,\"name\":\"Rotaryn tarina\"}]},{\"@type\":\"WebSite\",\"@id\":\"https:\\\/\\\/rotary.fi\\\/vihti\\\/#website\",\"url\":\"https:\\\/\\\/rotary.fi\\\/vihti\\\/\",\"name\":\"Vihdin rotaryklubi\",\"description\":\"Uusi Rotary klubisivusto\",\"potentialAction\":[{\"@type\":\"SearchAction\",\"target\":{\"@type\":\"EntryPoint\",\"urlTemplate\":\"https:\\\/\\\/rotary.fi\\\/vihti\\\/?s={search_term_string}\"},\"query-input\":{\"@type\":\"PropertyValueSpecification\",\"valueRequired\":true,\"valueName\":\"search_term_string\"}}],\"inLanguage\":\"fi\"}]}<\/script>\n<!-- \/ Yoast SEO plugin. -->","yoast_head_json":{"title":"Rotaryn tarina - Vihdin rotaryklubi","robots":{"index":"index","follow":"follow","max-snippet":"max-snippet:-1","max-image-preview":"max-image-preview:large","max-video-preview":"max-video-preview:-1"},"canonical":"https:\/\/rotary.fi\/vihti\/keita-olemme\/olemme-osa-kansainvalista-rotarya\/rotaryn-tarina\/","og_locale":"fi_FI","og_type":"article","og_title":"Rotaryn tarina - Vihdin rotaryklubi","og_description":"\u201dMit\u00e4 Rotary meille sitten merkitseekin, maailma tulee tuntemaan sen tuloksista, joita se ty\u00f6ll\u00e4\u00e4n saavuttaa.\u201d Paul Harris Rotaryn perustaja Kaikki alkoi yhden miehen ajatuksesta. Yksi maailman ensimm\u00e4isist\u00e4 palveluorganisaatioista n\u00e4ki p\u00e4iv\u00e4nvalon 23.2.1905, kun chicagolainen asianajaja Paul Harris perusti Chicagon rotaryklubin. Harris halusi luoda paikan, jossa eri alojen ammattilaiset voisivat vaihtaa kesken\u00e4\u00e4n ajatuksia ja luoda merkityksellisi\u00e4, el\u00e4m\u00e4nik\u00e4isi\u00e4 yst\u00e4vyyssuhteita. [&hellip;]","og_url":"https:\/\/rotary.fi\/vihti\/keita-olemme\/olemme-osa-kansainvalista-rotarya\/rotaryn-tarina\/","og_site_name":"Vihdin rotaryklubi","article_modified_time":"2019-01-08T09:03:08+00:00","og_image":[{"width":3775,"height":1202,"url":"https:\/\/rotary.fi\/vihti\/wp-content\/uploads\/sites\/45\/2019\/01\/rotaryn-perustaminen.jpg","type":"image\/jpeg"}],"twitter_card":"summary_large_image","twitter_misc":{"Arvioitu lukuaika":"1 minuutti"},"schema":{"@context":"https:\/\/schema.org","@graph":[{"@type":"WebPage","@id":"https:\/\/rotary.fi\/vihti\/keita-olemme\/olemme-osa-kansainvalista-rotarya\/rotaryn-tarina\/","url":"https:\/\/rotary.fi\/vihti\/keita-olemme\/olemme-osa-kansainvalista-rotarya\/rotaryn-tarina\/","name":"Rotaryn tarina - Vihdin rotaryklubi","isPartOf":{"@id":"https:\/\/rotary.fi\/vihti\/#website"},"primaryImageOfPage":{"@id":"https:\/\/rotary.fi\/vihti\/keita-olemme\/olemme-osa-kansainvalista-rotarya\/rotaryn-tarina\/#primaryimage"},"image":{"@id":"https:\/\/rotary.fi\/vihti\/keita-olemme\/olemme-osa-kansainvalista-rotarya\/rotaryn-tarina\/#primaryimage"},"thumbnailUrl":"https:\/\/rotary.fi\/vihti\/wp-content\/uploads\/sites\/45\/2019\/01\/rotaryn-perustaminen.jpg","datePublished":"2019-01-07T09:20:21+00:00","dateModified":"2019-01-08T09:03:08+00:00","breadcrumb":{"@id":"https:\/\/rotary.fi\/vihti\/keita-olemme\/olemme-osa-kansainvalista-rotarya\/rotaryn-tarina\/#breadcrumb"},"inLanguage":"fi","potentialAction":[{"@type":"ReadAction","target":["https:\/\/rotary.fi\/vihti\/keita-olemme\/olemme-osa-kansainvalista-rotarya\/rotaryn-tarina\/"]}]},{"@type":"ImageObject","inLanguage":"fi","@id":"https:\/\/rotary.fi\/vihti\/keita-olemme\/olemme-osa-kansainvalista-rotarya\/rotaryn-tarina\/#primaryimage","url":"https:\/\/rotary.fi\/vihti\/wp-content\/uploads\/sites\/45\/2019\/01\/rotaryn-perustaminen.jpg","contentUrl":"https:\/\/rotary.fi\/vihti\/wp-content\/uploads\/sites\/45\/2019\/01\/rotaryn-perustaminen.jpg","width":3775,"height":1202,"caption":"The first four Rotarians: (from left) Gustavus Loehr, Silvester Schiele, Hiram Shorey, and Paul P. Harris, circa 1905-1912."},{"@type":"BreadcrumbList","@id":"https:\/\/rotary.fi\/vihti\/keita-olemme\/olemme-osa-kansainvalista-rotarya\/rotaryn-tarina\/#breadcrumb","itemListElement":[{"@type":"ListItem","position":1,"name":"Home","item":"https:\/\/rotary.fi\/vihti\/"},{"@type":"ListItem","position":2,"name":"Keit\u00e4 olemme","item":"https:\/\/rotary.fi\/vihti\/keita-olemme\/"},{"@type":"ListItem","position":3,"name":"Olemme osa kansainv\u00e4list\u00e4 Rotarya","item":"https:\/\/rotary.fi\/vihti\/keita-olemme\/olemme-osa-kansainvalista-rotarya\/"},{"@type":"ListItem","position":4,"name":"Rotaryn tarina"}]},{"@type":"WebSite","@id":"https:\/\/rotary.fi\/vihti\/#website","url":"https:\/\/rotary.fi\/vihti\/","name":"Vihdin rotaryklubi","description":"Uusi Rotary klubisivusto","potentialAction":[{"@type":"SearchAction","target":{"@type":"EntryPoint","urlTemplate":"https:\/\/rotary.fi\/vihti\/?s={search_term_string}"},"query-input":{"@type":"PropertyValueSpecification","valueRequired":true,"valueName":"search_term_string"}}],"inLanguage":"fi"}]}},"lang":"fi","translations":{"fi":1557},"pll_sync_post":[],"_links":{"self":[{"href":"https:\/\/rotary.fi\/vihti\/wp-json\/wp\/v2\/pages\/1557","targetHints":{"allow":["GET"]}}],"collection":[{"href":"https:\/\/rotary.fi\/vihti\/wp-json\/wp\/v2\/pages"}],"about":[{"href":"https:\/\/rotary.fi\/vihti\/wp-json\/wp\/v2\/types\/page"}],"author":[{"embeddable":true,"href":"https:\/\/rotary.fi\/vihti\/wp-json\/wp\/v2\/users\/43"}],"replies":[{"embeddable":true,"href":"https:\/\/rotary.fi\/vihti\/wp-json\/wp\/v2\/comments?post=1557"}],"version-history":[{"count":7,"href":"https:\/\/rotary.fi\/vihti\/wp-json\/wp\/v2\/pages\/1557\/revisions"}],"predecessor-version":[{"id":1603,"href":"https:\/\/rotary.fi\/vihti\/wp-json\/wp\/v2\/pages\/1557\/revisions\/1603"}],"up":[{"embeddable":true,"href":"https:\/\/rotary.fi\/vihti\/wp-json\/wp\/v2\/pages\/276"}],"wp:featuredmedia":[{"embeddable":true,"href":"https:\/\/rotary.fi\/vihti\/wp-json\/wp\/v2\/media\/1560"}],"wp:attachment":[{"href":"https:\/\/rotary.fi\/vihti\/wp-json\/wp\/v2\/media?parent=1557"}],"curies":[{"name":"wp","href":"https:\/\/api.w.org\/{rel}","templated":true}]}}