{"id":142,"date":"2018-08-10T14:04:45","date_gmt":"2018-08-10T11:04:45","guid":{"rendered":"https:\/\/rotary.fi\/klubi2\/?page_id=142"},"modified":"2019-01-09T15:20:30","modified_gmt":"2019-01-09T13:20:30","slug":"ilo-esitella","status":"publish","type":"page","link":"https:\/\/rotary.fi\/vihti\/keita-olemme\/ilo-esitella\/","title":{"rendered":"Ilo esitell\u00e4"},"content":{"rendered":"<p>[et_pb_section bb_built=&#8221;1&#8243; module_class=&#8221;jumbotron-page&#8221; _builder_version=&#8221;3.17.6&#8243; background_image=&#8221;https:\/\/rotary.fi\/vihti\/wp-content\/uploads\/sites\/45\/2018\/08\/rotary_klubit_alasivu_paakuva_4.jpg&#8221; next_background_color=&#8221;#ffffff&#8221;][et_pb_row _builder_version=&#8221;3.17.6&#8243; background_size=&#8221;initial&#8221; background_position=&#8221;top_left&#8221; background_repeat=&#8221;repeat&#8221;][et_pb_column type=&#8221;4_4&#8243;][et_pb_text admin_label=&#8221;P\u00e4\u00e4otsikko&#8221; _builder_version=&#8221;3.17.6&#8243; text_orientation=&#8221;center&#8221; background_layout=&#8221;dark&#8221; \/][\/et_pb_column][\/et_pb_row][\/et_pb_section][et_pb_section bb_built=&#8221;1&#8243; specialty=&#8221;on&#8221; module_class_2=&#8221;sivupalkki&#8221; _builder_version=&#8221;3.4.1&#8243; prev_background_color=&#8221;#000000&#8243;][et_pb_column type=&#8221;2_3&#8243; specialty_columns=&#8221;2&#8243;][et_pb_row_inner admin_label=&#8221;Rivi&#8221; _builder_version=&#8221;3.0.47&#8243;][et_pb_column_inner type=&#8221;4_4&#8243; saved_specialty_column_type=&#8221;2_3&#8243;][et_pb_text admin_label=&#8221;Ilo esitell\u00e4 &#8211; Otsikko&#8221; _builder_version=&#8221;3.17.6&#8243; text_orientation=&#8221;center&#8221;]<\/p>\n<h1 style=\"text-align: left\">Ilo esitell\u00e4<\/h1>\n<p>&nbsp;<\/p>\n<h3>\u00a0<\/h3>\n<p>[\/et_pb_text][et_pb_text _builder_version=&#8221;3.17.6&#8243;]<\/p>\n<h3><strong>Tjorven l\u00f6ysi <br \/>uuden harrastuksen <\/strong><\/h3>\n<p><img loading=\"lazy\" decoding=\"async\" class=\"size-medium wp-image-1628 alignright\" src=\"https:\/\/rotary.fi\/vihti\/wp-content\/uploads\/sites\/45\/2019\/01\/tjorven-142x300.jpg\" alt=\"\" width=\"142\" height=\"300\" srcset=\"https:\/\/rotary.fi\/vihti\/wp-content\/uploads\/sites\/45\/2019\/01\/tjorven-142x300.jpg 142w, https:\/\/rotary.fi\/vihti\/wp-content\/uploads\/sites\/45\/2019\/01\/tjorven-483x1024.jpg 483w, https:\/\/rotary.fi\/vihti\/wp-content\/uploads\/sites\/45\/2019\/01\/tjorven.jpg 604w\" sizes=\"(max-width: 142px) 100vw, 142px\" \/><\/p>\n<p>Saksalainen <em>Tjorven Waltking<\/em> tuli Suomeen vaihto-oppilaaksi Vihdin rotaryklubin kautta elokuussa 2018 osana Rotary Internationalin kansainv\u00e4list\u00e4 vaihto-oppilasohjelmaa. H\u00e4n opiskelee Vihdin lukiossa 1. ja 2. luokan aineita.<\/p>\n<p>Tjorven asuu vaihto-oppilasvuotensa aikana kolmessa vihtil\u00e4isess\u00e4 perheess\u00e4: ensimm\u00e4inen perhe oli Vesikansassa, joulun j\u00e4lkeen h\u00e4n muutti toisen perheens\u00e4 luokse Tervalammelle ja maaliskuussa viel\u00e4 kirkonkyl\u00e4lle.<\/p>\n<p>Suomen kieli Tjorvenilta sujuu jo hienosti:<\/p>\n<p>&#8221;Puhuttua suomea on helpompi ymm\u00e4rt\u00e4\u00e4, kuin mit\u00e4 sen kirjoittaminen on. Opin joka p\u00e4iv\u00e4 uusia sanoja, kun ymp\u00e4rill\u00e4 puhutaan pelkk\u00e4\u00e4 suomea&#8221;, Tjorven kertoo.<\/p>\n<p>Vihdin Taekwondoseura tarjosi Tjorvenille taekwondon alkeiskurssin. Tjorven tarttui haasteeseen ja aloitti uuden harrastuksen suomen kielen, kulttuurin ja lukio-opintojen ohessa. Alkeiskurssi p\u00e4\u00e4ttyi marraskuussa keltaisen vy\u00f6n kokeeseen. Vy\u00f6koe j\u00e4nnitti kovasti, mutta se meni hienosti l\u00e4pi. Alkeiskurssi valmistaa siirtymisen seuraavan tason harjoituksiin. Tjorvenilla on tavoitteena viel\u00e4 vy\u00f6arvon korotus ylemp\u00e4\u00e4n keltaiseen vy\u00f6h\u00f6n ennen vaihto-oppilasvuoden p\u00e4\u00e4ttymist\u00e4 Suomessa, joten treenit jatkuvat aktiivisesti koko kev\u00e4\u00e4n.<\/p>\n<p>&#8221;Siit\u00e4 huolimatta, ett\u00e4 en aluksi ymm\u00e4rt\u00e4nyt kielt\u00e4, ohjaajat neuvoivat, mit\u00e4 pit\u00e4\u00e4 tehd\u00e4, ja niin pysyin muiden mukana ja samalla opin suomen kielt\u00e4kin&#8221;, Tjorven sanoo. &#8221;On mukava harjoitella porukassa, varsinkin kun lapset ja aikuiset harrastavat yht\u00e4 aikaa ja samassa ryhm\u00e4ss\u00e4.\u00a0 Harjoitukset olivat todella monipuolisia, mutta eiv\u00e4t kuitenkaan liian vaikeita, ja harjoituksissa oli perheit\u00e4kin mukana.&#8221;<\/p>\n<p>Tjorvenilla on aikomus jatkaa taekwondoharrastusta vaihto-oppilasvuoden j\u00e4lkeen, ja h\u00e4n toivookin, ett\u00e4 kotikaupungista \u2013 Saksan Detmoldista &#8211; l\u00f6ytyy taekwondoseura.<\/p>\n<p><em>Taekwondo on korealainen kamppailu- ja urheilulaji, joka kehitt\u00e4\u00e4 harrastajan kuntoa, voimaa, nopeutta, notkeutta ja koordinaatiota. Lajiin sis\u00e4ltyy monia tekniikoita, potkuja, ly\u00f6ntej\u00e4, torjuntoja, seisontoja, joista muodostetaan liikesarjoja, poomseja.<\/em><\/p>\n<p><em>Teksti: Tommi Luukkala, Tjorven Waltking<\/em><\/p>\n<p>\u00a0<\/p>\n<p>[\/et_pb_text][\/et_pb_column_inner][\/et_pb_row_inner][\/et_pb_column][et_pb_column type=&#8221;1_3&#8243;][et_pb_sidebar area=&#8221;sidebar-1&#8243; module_class=&#8221;sivupalkki_sisalto&#8221; _builder_version=&#8221;3.4.1&#8243; locked=&#8221;on&#8221;]<\/p>\n<p>[\/et_pb_sidebar][\/et_pb_column][\/et_pb_section]<\/p>\n","protected":false},"excerpt":{"rendered":"<p>Ilo esitell\u00e4 &nbsp; \u00a0 Tjorven l\u00f6ysi uuden harrastuksen Saksalainen Tjorven Waltking tuli Suomeen vaihto-oppilaaksi Vihdin rotaryklubin kautta elokuussa 2018 osana Rotary Internationalin kansainv\u00e4list\u00e4 vaihto-oppilasohjelmaa. H\u00e4n opiskelee Vihdin lukiossa 1. ja 2. luokan aineita.Tjorven asuu vaihto-oppilasvuotensa aikana kolmessa vihtil\u00e4isess\u00e4 perheess\u00e4: ensimm\u00e4inen perhe oli Vesikansassa, joulun j\u00e4lkeen h\u00e4n muutti toisen perheens\u00e4 luokse Tervalammelle ja maaliskuussa viel\u00e4 kirkonkyl\u00e4lle.Suomen [&hellip;]<\/p>\n","protected":false},"author":1,"featured_media":0,"parent":129,"menu_order":0,"comment_status":"closed","ping_status":"closed","template":"","meta":{"_acf_changed":false,"_et_pb_use_builder":"on","_et_pb_old_content":"","_et_gb_content_width":"","footnotes":""},"class_list":["post-142","page","type-page","status-publish","hentry"],"acf":[],"yoast_head":"<!-- This site is optimized with the Yoast SEO plugin v27.4 - https:\/\/yoast.com\/product\/yoast-seo-wordpress\/ -->\n<title>Ilo esitell\u00e4 - Vihdin rotaryklubi<\/title>\n<meta name=\"robots\" content=\"index, follow, max-snippet:-1, max-image-preview:large, max-video-preview:-1\" \/>\n<link rel=\"canonical\" href=\"https:\/\/rotary.fi\/vihti\/keita-olemme\/ilo-esitella\/\" \/>\n<meta property=\"og:locale\" content=\"fi_FI\" \/>\n<meta property=\"og:type\" content=\"article\" \/>\n<meta property=\"og:title\" content=\"Ilo esitell\u00e4 - Vihdin rotaryklubi\" \/>\n<meta property=\"og:description\" content=\"Ilo esitell\u00e4 &nbsp; \u00a0 Tjorven l\u00f6ysi uuden harrastuksen Saksalainen Tjorven Waltking tuli Suomeen vaihto-oppilaaksi Vihdin rotaryklubin kautta elokuussa 2018 osana Rotary Internationalin kansainv\u00e4list\u00e4 vaihto-oppilasohjelmaa. H\u00e4n opiskelee Vihdin lukiossa 1. ja 2. luokan aineita.Tjorven asuu vaihto-oppilasvuotensa aikana kolmessa vihtil\u00e4isess\u00e4 perheess\u00e4: ensimm\u00e4inen perhe oli Vesikansassa, joulun j\u00e4lkeen h\u00e4n muutti toisen perheens\u00e4 luokse Tervalammelle ja maaliskuussa viel\u00e4 kirkonkyl\u00e4lle.Suomen [&hellip;]\" \/>\n<meta property=\"og:url\" content=\"https:\/\/rotary.fi\/vihti\/keita-olemme\/ilo-esitella\/\" \/>\n<meta property=\"og:site_name\" content=\"Vihdin rotaryklubi\" \/>\n<meta property=\"article:modified_time\" content=\"2019-01-09T13:20:30+00:00\" \/>\n<meta property=\"og:image\" content=\"https:\/\/rotary.fi\/vihti\/wp-content\/uploads\/sites\/45\/2019\/01\/tjorven-142x300.jpg\" \/>\n<meta name=\"twitter:card\" content=\"summary_large_image\" \/>\n<meta name=\"twitter:label1\" content=\"Arvioitu lukuaika\" \/>\n\t<meta name=\"twitter:data1\" content=\"2 minuuttia\" \/>\n<script type=\"application\/ld+json\" class=\"yoast-schema-graph\">{\"@context\":\"https:\\\/\\\/schema.org\",\"@graph\":[{\"@type\":\"WebPage\",\"@id\":\"https:\\\/\\\/rotary.fi\\\/vihti\\\/keita-olemme\\\/ilo-esitella\\\/\",\"url\":\"https:\\\/\\\/rotary.fi\\\/vihti\\\/keita-olemme\\\/ilo-esitella\\\/\",\"name\":\"Ilo esitell\u00e4 - Vihdin rotaryklubi\",\"isPartOf\":{\"@id\":\"https:\\\/\\\/rotary.fi\\\/vihti\\\/#website\"},\"primaryImageOfPage\":{\"@id\":\"https:\\\/\\\/rotary.fi\\\/vihti\\\/keita-olemme\\\/ilo-esitella\\\/#primaryimage\"},\"image\":{\"@id\":\"https:\\\/\\\/rotary.fi\\\/vihti\\\/keita-olemme\\\/ilo-esitella\\\/#primaryimage\"},\"thumbnailUrl\":\"https:\\\/\\\/rotary.fi\\\/vihti\\\/wp-content\\\/uploads\\\/sites\\\/45\\\/2019\\\/01\\\/tjorven-142x300.jpg\",\"datePublished\":\"2018-08-10T11:04:45+00:00\",\"dateModified\":\"2019-01-09T13:20:30+00:00\",\"breadcrumb\":{\"@id\":\"https:\\\/\\\/rotary.fi\\\/vihti\\\/keita-olemme\\\/ilo-esitella\\\/#breadcrumb\"},\"inLanguage\":\"fi\",\"potentialAction\":[{\"@type\":\"ReadAction\",\"target\":[\"https:\\\/\\\/rotary.fi\\\/vihti\\\/keita-olemme\\\/ilo-esitella\\\/\"]}]},{\"@type\":\"ImageObject\",\"inLanguage\":\"fi\",\"@id\":\"https:\\\/\\\/rotary.fi\\\/vihti\\\/keita-olemme\\\/ilo-esitella\\\/#primaryimage\",\"url\":\"https:\\\/\\\/rotary.fi\\\/vihti\\\/wp-content\\\/uploads\\\/sites\\\/45\\\/2019\\\/01\\\/tjorven.jpg\",\"contentUrl\":\"https:\\\/\\\/rotary.fi\\\/vihti\\\/wp-content\\\/uploads\\\/sites\\\/45\\\/2019\\\/01\\\/tjorven.jpg\",\"width\":604,\"height\":1280},{\"@type\":\"BreadcrumbList\",\"@id\":\"https:\\\/\\\/rotary.fi\\\/vihti\\\/keita-olemme\\\/ilo-esitella\\\/#breadcrumb\",\"itemListElement\":[{\"@type\":\"ListItem\",\"position\":1,\"name\":\"Home\",\"item\":\"https:\\\/\\\/rotary.fi\\\/vihti\\\/\"},{\"@type\":\"ListItem\",\"position\":2,\"name\":\"Keit\u00e4 olemme\",\"item\":\"https:\\\/\\\/rotary.fi\\\/vihti\\\/keita-olemme\\\/\"},{\"@type\":\"ListItem\",\"position\":3,\"name\":\"Ilo esitell\u00e4\"}]},{\"@type\":\"WebSite\",\"@id\":\"https:\\\/\\\/rotary.fi\\\/vihti\\\/#website\",\"url\":\"https:\\\/\\\/rotary.fi\\\/vihti\\\/\",\"name\":\"Vihdin rotaryklubi\",\"description\":\"Uusi Rotary klubisivusto\",\"potentialAction\":[{\"@type\":\"SearchAction\",\"target\":{\"@type\":\"EntryPoint\",\"urlTemplate\":\"https:\\\/\\\/rotary.fi\\\/vihti\\\/?s={search_term_string}\"},\"query-input\":{\"@type\":\"PropertyValueSpecification\",\"valueRequired\":true,\"valueName\":\"search_term_string\"}}],\"inLanguage\":\"fi\"}]}<\/script>\n<!-- \/ Yoast SEO plugin. -->","yoast_head_json":{"title":"Ilo esitell\u00e4 - Vihdin rotaryklubi","robots":{"index":"index","follow":"follow","max-snippet":"max-snippet:-1","max-image-preview":"max-image-preview:large","max-video-preview":"max-video-preview:-1"},"canonical":"https:\/\/rotary.fi\/vihti\/keita-olemme\/ilo-esitella\/","og_locale":"fi_FI","og_type":"article","og_title":"Ilo esitell\u00e4 - Vihdin rotaryklubi","og_description":"Ilo esitell\u00e4 &nbsp; \u00a0 Tjorven l\u00f6ysi uuden harrastuksen Saksalainen Tjorven Waltking tuli Suomeen vaihto-oppilaaksi Vihdin rotaryklubin kautta elokuussa 2018 osana Rotary Internationalin kansainv\u00e4list\u00e4 vaihto-oppilasohjelmaa. H\u00e4n opiskelee Vihdin lukiossa 1. ja 2. luokan aineita.Tjorven asuu vaihto-oppilasvuotensa aikana kolmessa vihtil\u00e4isess\u00e4 perheess\u00e4: ensimm\u00e4inen perhe oli Vesikansassa, joulun j\u00e4lkeen h\u00e4n muutti toisen perheens\u00e4 luokse Tervalammelle ja maaliskuussa viel\u00e4 kirkonkyl\u00e4lle.Suomen [&hellip;]","og_url":"https:\/\/rotary.fi\/vihti\/keita-olemme\/ilo-esitella\/","og_site_name":"Vihdin rotaryklubi","article_modified_time":"2019-01-09T13:20:30+00:00","og_image":[{"url":"https:\/\/rotary.fi\/vihti\/wp-content\/uploads\/sites\/45\/2019\/01\/tjorven-142x300.jpg","type":"","width":"","height":""}],"twitter_card":"summary_large_image","twitter_misc":{"Arvioitu lukuaika":"2 minuuttia"},"schema":{"@context":"https:\/\/schema.org","@graph":[{"@type":"WebPage","@id":"https:\/\/rotary.fi\/vihti\/keita-olemme\/ilo-esitella\/","url":"https:\/\/rotary.fi\/vihti\/keita-olemme\/ilo-esitella\/","name":"Ilo esitell\u00e4 - Vihdin rotaryklubi","isPartOf":{"@id":"https:\/\/rotary.fi\/vihti\/#website"},"primaryImageOfPage":{"@id":"https:\/\/rotary.fi\/vihti\/keita-olemme\/ilo-esitella\/#primaryimage"},"image":{"@id":"https:\/\/rotary.fi\/vihti\/keita-olemme\/ilo-esitella\/#primaryimage"},"thumbnailUrl":"https:\/\/rotary.fi\/vihti\/wp-content\/uploads\/sites\/45\/2019\/01\/tjorven-142x300.jpg","datePublished":"2018-08-10T11:04:45+00:00","dateModified":"2019-01-09T13:20:30+00:00","breadcrumb":{"@id":"https:\/\/rotary.fi\/vihti\/keita-olemme\/ilo-esitella\/#breadcrumb"},"inLanguage":"fi","potentialAction":[{"@type":"ReadAction","target":["https:\/\/rotary.fi\/vihti\/keita-olemme\/ilo-esitella\/"]}]},{"@type":"ImageObject","inLanguage":"fi","@id":"https:\/\/rotary.fi\/vihti\/keita-olemme\/ilo-esitella\/#primaryimage","url":"https:\/\/rotary.fi\/vihti\/wp-content\/uploads\/sites\/45\/2019\/01\/tjorven.jpg","contentUrl":"https:\/\/rotary.fi\/vihti\/wp-content\/uploads\/sites\/45\/2019\/01\/tjorven.jpg","width":604,"height":1280},{"@type":"BreadcrumbList","@id":"https:\/\/rotary.fi\/vihti\/keita-olemme\/ilo-esitella\/#breadcrumb","itemListElement":[{"@type":"ListItem","position":1,"name":"Home","item":"https:\/\/rotary.fi\/vihti\/"},{"@type":"ListItem","position":2,"name":"Keit\u00e4 olemme","item":"https:\/\/rotary.fi\/vihti\/keita-olemme\/"},{"@type":"ListItem","position":3,"name":"Ilo esitell\u00e4"}]},{"@type":"WebSite","@id":"https:\/\/rotary.fi\/vihti\/#website","url":"https:\/\/rotary.fi\/vihti\/","name":"Vihdin rotaryklubi","description":"Uusi Rotary klubisivusto","potentialAction":[{"@type":"SearchAction","target":{"@type":"EntryPoint","urlTemplate":"https:\/\/rotary.fi\/vihti\/?s={search_term_string}"},"query-input":{"@type":"PropertyValueSpecification","valueRequired":true,"valueName":"search_term_string"}}],"inLanguage":"fi"}]}},"lang":"fi","translations":{"fi":142},"pll_sync_post":[],"_links":{"self":[{"href":"https:\/\/rotary.fi\/vihti\/wp-json\/wp\/v2\/pages\/142","targetHints":{"allow":["GET"]}}],"collection":[{"href":"https:\/\/rotary.fi\/vihti\/wp-json\/wp\/v2\/pages"}],"about":[{"href":"https:\/\/rotary.fi\/vihti\/wp-json\/wp\/v2\/types\/page"}],"author":[{"embeddable":true,"href":"https:\/\/rotary.fi\/vihti\/wp-json\/wp\/v2\/users\/1"}],"replies":[{"embeddable":true,"href":"https:\/\/rotary.fi\/vihti\/wp-json\/wp\/v2\/comments?post=142"}],"version-history":[{"count":18,"href":"https:\/\/rotary.fi\/vihti\/wp-json\/wp\/v2\/pages\/142\/revisions"}],"predecessor-version":[{"id":1632,"href":"https:\/\/rotary.fi\/vihti\/wp-json\/wp\/v2\/pages\/142\/revisions\/1632"}],"up":[{"embeddable":true,"href":"https:\/\/rotary.fi\/vihti\/wp-json\/wp\/v2\/pages\/129"}],"wp:attachment":[{"href":"https:\/\/rotary.fi\/vihti\/wp-json\/wp\/v2\/media?parent=142"}],"curies":[{"name":"wp","href":"https:\/\/api.w.org\/{rel}","templated":true}]}}