{"id":129,"date":"2018-08-10T13:41:39","date_gmt":"2018-08-10T10:41:39","guid":{"rendered":"https:\/\/rotary.fi\/klubi2\/?page_id=129"},"modified":"2019-03-15T10:14:11","modified_gmt":"2019-03-15T08:14:11","slug":"keita-olemme","status":"publish","type":"page","link":"https:\/\/rotary.fi\/vihti\/keita-olemme\/","title":{"rendered":"Keit\u00e4 olemme"},"content":{"rendered":"<p>[et_pb_section bb_built=&#8221;1&#8243; module_class=&#8221;jumbotron-page&#8221; _builder_version=&#8221;3.19.5&#8243; background_image=&#8221;https:\/\/rotary.fi\/vihti\/wp-content\/uploads\/sites\/45\/2019\/03\/muokattu-golfarit.jpg&#8221; next_background_color=&#8221;#ffffff&#8221;][et_pb_row _builder_version=&#8221;3.0.48&#8243; background_size=&#8221;initial&#8221; background_position=&#8221;top_left&#8221; background_repeat=&#8221;repeat&#8221;][et_pb_column type=&#8221;4_4&#8243;][et_pb_text admin_label=&#8221;P\u00e4\u00e4otsikko&#8221; _builder_version=&#8221;3.17.6&#8243; text_orientation=&#8221;center&#8221; background_layout=&#8221;dark&#8221; \/][\/et_pb_column][\/et_pb_row][\/et_pb_section][et_pb_section bb_built=&#8221;1&#8243; specialty=&#8221;on&#8221; module_class_2=&#8221;sivupalkki&#8221; _builder_version=&#8221;3.4.1&#8243; prev_background_color=&#8221;#000000&#8243;][et_pb_column type=&#8221;2_3&#8243; specialty_columns=&#8221;2&#8243;][et_pb_row_inner admin_label=&#8221;Rivi&#8221; _builder_version=&#8221;3.0.47&#8243;][et_pb_column_inner type=&#8221;4_4&#8243; saved_specialty_column_type=&#8221;2_3&#8243;][et_pb_text admin_label=&#8221;Otsikko&#8221; _builder_version=&#8221;3.4.1&#8243; text_orientation=&#8221;center&#8221;]<\/p>\n<h1>Keit\u00e4 olemme<\/h1>\n<p>[\/et_pb_text][et_pb_text _builder_version=&#8221;3.17.6&#8243;]<\/p>\n<p>Rotary on Chicagossa 23.2.1905 perustettu kansainv\u00e4linen palvelu- ja hyv\u00e4ntekev\u00e4isyysorganisaatio. Rotary Internationalin kotipaikka on Evanston, Illinoisissa Yhdysvalloissa. Tunnuslauseemme on <em>Palvelu itsekkyyden edelle (Service Above Self)<\/em>. Vihdin rotaryklubi ry on perustettu 8.7.1955 ja kummiklubimme on Lohjan rotaryklubi.\u00a0<\/p>\n<p>Rotaryyn kuuluu 1,2 miljoona j\u00e4sent\u00e4 35 000 klubissa yli 200 maassa. Suomi on jaettu kuuteen rotarypiiriin, joista meid\u00e4n Etel\u00e4-Suomen piiriimme 1420 kuuluvat my\u00f6s Viron klubit. Suomessa ja Virossa on yhteens\u00e4 300 klubia, joissa on runsaat 10\u00a0000 rotaria.<\/p>\n<h4>\u00a0<\/h4>\n<h4>Toimintaa vanhusten, lasten, <br \/>nuorten ja ymp\u00e4rist\u00f6mme hyv\u00e4ksi<\/h4>\n<p>&nbsp;<\/p>\n<p>Meit\u00e4 rotareita yhdist\u00e4\u00e4 halu edist\u00e4\u00e4 hyv\u00e4\u00e4 niin omalla kotipaikkakunnallaan kuin kansainv\u00e4lisesti. Palvelu ja auttaminen ovat my\u00f6s Vihdin rotaryklubin toiminnan keski\u00f6ss\u00e4 ja teemme ty\u00f6t\u00e4 mm. vanhusten, lasten ja nuorten sek\u00e4 ymp\u00e4rist\u00f6mme hyv\u00e4ksi. J\u00e4seni\u00e4mme palvelemme mielenkiintoisilla viikkotapaamisilla.<\/p>\n<p>Klubimme on aktiivisesti mukana Rotaryn nuorisovaihdossa, joka on mielest\u00e4mme mit\u00e4 parhain tapa tarjota nuorelle mahdollisuus kansainv\u00e4listymiseen ja vieraisiin kulttuureihin tutustumiseen. J\u00e4rjest\u00e4mme my\u00f6s joka kev\u00e4t Vihdin lukiossa RYLA-koulutuksen, jolla kehit\u00e4mme nuorten persoonallisuutta, objektiivista harkintakyky\u00e4 ja p\u00e4\u00e4t\u00f6ksentekokyky\u00e4 sek\u00e4 kasvatamme heid\u00e4n taitojaan esitt\u00e4\u00e4 omia n\u00e4k\u00f6kantojaan. RYLA-koulutuksessa eri aloja edustavat rotaryklubimme j\u00e4senet ev\u00e4st\u00e4v\u00e4t nuoria johtajuuteen liittyvill\u00e4 kokemuksillaan ja n\u00e4kemyksill\u00e4\u00e4n. Lue lis\u00e4\u00e4 RYLA-koulutuksestamme<a href=\"https:\/\/rotary.fi\/vihti\/tule-mukaan\/ryla-johtajuuskoulutus-nuorille\/\"> t\u00e4\u00e4lt\u00e4<\/a>.<\/p>\n<p>Urheiluharrastukset tukevat merkitt\u00e4v\u00e4sti lapsen ja nuorten kehityst\u00e4. Vihdin rotaryklubi yll\u00e4piti 2017-2018 Varustepankkia, jolla tuettiin hyv\u00e4kuntoisia urheiluvarusteita kierr\u00e4tt\u00e4m\u00e4ll\u00e4 tukea vihtil\u00e4isten lasten ja nuorten urheiluharrastusta. Hanke tuki my\u00f6s kest\u00e4v\u00e4\u00e4 kehityst\u00e4 ja kiertotaloutta.<\/p>\n<p>Rotarit kantavat huolta my\u00f6s It\u00e4meren puhtaudesta. Me vihtil\u00e4iset emme asu aivan meren \u00e4\u00e4rell\u00e4, mutta toimillamme on selke\u00e4\u00e4 merkityst\u00e4 It\u00e4meren puhtauteen. Nummelan taajama sijaitsee vedenjakajalla, joka jakaa valuma-alueet Siuntionjoen ja Karjaanjoen kautta It\u00e4mereen. Toivommehan kaikki puhtaamman En\u00e4j\u00e4rven ja Hiidenveden, miksi emme toivoisi puhdasta It\u00e4merta. Molempien ymp\u00e4rill\u00e4mme olevien vesien puhtaus vaikuttaa my\u00f6s It\u00e4mereen. Vihdin rotaryklubi on j\u00e4rjest\u00e4nyt Vihdiss\u00e4 kev\u00e4isin kaikille avoimia Lohigolf-tapahtumia, jonka tuotto on k\u00e4ytetty Hiidenveden puhdistusty\u00f6h\u00f6n.<\/p>\n<p>&nbsp;<\/p>\n<p>[\/et_pb_text][\/et_pb_column_inner][\/et_pb_row_inner][\/et_pb_column][et_pb_column type=&#8221;1_3&#8243;][et_pb_sidebar area=&#8221;sidebar-1&#8243; module_class=&#8221;sivupalkki_sisalto&#8221; _builder_version=&#8221;3.4.1&#8243; locked=&#8221;on&#8221;]<\/p>\n<p>[\/et_pb_sidebar][\/et_pb_column][\/et_pb_section]<\/p>\n","protected":false},"excerpt":{"rendered":"<p>Keit\u00e4 olemme Rotary on Chicagossa 23.2.1905 perustettu kansainv\u00e4linen palvelu- ja hyv\u00e4ntekev\u00e4isyysorganisaatio. Rotary Internationalin kotipaikka on Evanston, Illinoisissa Yhdysvalloissa. Tunnuslauseemme on Palvelu itsekkyyden edelle (Service Above Self). Vihdin rotaryklubi ry on perustettu 8.7.1955 ja kummiklubimme on Lohjan rotaryklubi.\u00a0 Rotaryyn kuuluu 1,2 miljoona j\u00e4sent\u00e4 35 000 klubissa yli 200 maassa. Suomi on jaettu kuuteen rotarypiiriin, joista meid\u00e4n [&hellip;]<\/p>\n","protected":false},"author":1,"featured_media":0,"parent":0,"menu_order":0,"comment_status":"closed","ping_status":"closed","template":"","meta":{"_acf_changed":false,"_et_pb_use_builder":"on","_et_pb_old_content":"","_et_gb_content_width":"","footnotes":""},"class_list":["post-129","page","type-page","status-publish","hentry"],"acf":[],"yoast_head":"<!-- This site is optimized with the Yoast SEO plugin v27.4 - https:\/\/yoast.com\/product\/yoast-seo-wordpress\/ -->\n<title>Keit\u00e4 olemme - Vihdin rotaryklubi<\/title>\n<meta name=\"robots\" content=\"index, follow, max-snippet:-1, max-image-preview:large, max-video-preview:-1\" \/>\n<link rel=\"canonical\" href=\"https:\/\/rotary.fi\/vihti\/keita-olemme\/\" \/>\n<meta property=\"og:locale\" content=\"fi_FI\" \/>\n<meta property=\"og:type\" content=\"article\" \/>\n<meta property=\"og:title\" content=\"Keit\u00e4 olemme - Vihdin rotaryklubi\" \/>\n<meta property=\"og:description\" content=\"Keit\u00e4 olemme Rotary on Chicagossa 23.2.1905 perustettu kansainv\u00e4linen palvelu- ja hyv\u00e4ntekev\u00e4isyysorganisaatio. Rotary Internationalin kotipaikka on Evanston, Illinoisissa Yhdysvalloissa. Tunnuslauseemme on Palvelu itsekkyyden edelle (Service Above Self). Vihdin rotaryklubi ry on perustettu 8.7.1955 ja kummiklubimme on Lohjan rotaryklubi.\u00a0 Rotaryyn kuuluu 1,2 miljoona j\u00e4sent\u00e4 35 000 klubissa yli 200 maassa. Suomi on jaettu kuuteen rotarypiiriin, joista meid\u00e4n [&hellip;]\" \/>\n<meta property=\"og:url\" content=\"https:\/\/rotary.fi\/vihti\/keita-olemme\/\" \/>\n<meta property=\"og:site_name\" content=\"Vihdin rotaryklubi\" \/>\n<meta property=\"article:modified_time\" content=\"2019-03-15T08:14:11+00:00\" \/>\n<meta name=\"twitter:card\" content=\"summary_large_image\" \/>\n<meta name=\"twitter:label1\" content=\"Arvioitu lukuaika\" \/>\n\t<meta name=\"twitter:data1\" content=\"2 minuuttia\" \/>\n<script type=\"application\/ld+json\" class=\"yoast-schema-graph\">{\"@context\":\"https:\\\/\\\/schema.org\",\"@graph\":[{\"@type\":\"WebPage\",\"@id\":\"https:\\\/\\\/rotary.fi\\\/vihti\\\/keita-olemme\\\/\",\"url\":\"https:\\\/\\\/rotary.fi\\\/vihti\\\/keita-olemme\\\/\",\"name\":\"Keit\u00e4 olemme - Vihdin rotaryklubi\",\"isPartOf\":{\"@id\":\"https:\\\/\\\/rotary.fi\\\/vihti\\\/#website\"},\"datePublished\":\"2018-08-10T10:41:39+00:00\",\"dateModified\":\"2019-03-15T08:14:11+00:00\",\"breadcrumb\":{\"@id\":\"https:\\\/\\\/rotary.fi\\\/vihti\\\/keita-olemme\\\/#breadcrumb\"},\"inLanguage\":\"fi\",\"potentialAction\":[{\"@type\":\"ReadAction\",\"target\":[\"https:\\\/\\\/rotary.fi\\\/vihti\\\/keita-olemme\\\/\"]}]},{\"@type\":\"BreadcrumbList\",\"@id\":\"https:\\\/\\\/rotary.fi\\\/vihti\\\/keita-olemme\\\/#breadcrumb\",\"itemListElement\":[{\"@type\":\"ListItem\",\"position\":1,\"name\":\"Home\",\"item\":\"https:\\\/\\\/rotary.fi\\\/vihti\\\/\"},{\"@type\":\"ListItem\",\"position\":2,\"name\":\"Keit\u00e4 olemme\"}]},{\"@type\":\"WebSite\",\"@id\":\"https:\\\/\\\/rotary.fi\\\/vihti\\\/#website\",\"url\":\"https:\\\/\\\/rotary.fi\\\/vihti\\\/\",\"name\":\"Vihdin rotaryklubi\",\"description\":\"Uusi Rotary klubisivusto\",\"potentialAction\":[{\"@type\":\"SearchAction\",\"target\":{\"@type\":\"EntryPoint\",\"urlTemplate\":\"https:\\\/\\\/rotary.fi\\\/vihti\\\/?s={search_term_string}\"},\"query-input\":{\"@type\":\"PropertyValueSpecification\",\"valueRequired\":true,\"valueName\":\"search_term_string\"}}],\"inLanguage\":\"fi\"}]}<\/script>\n<!-- \/ Yoast SEO plugin. -->","yoast_head_json":{"title":"Keit\u00e4 olemme - Vihdin rotaryklubi","robots":{"index":"index","follow":"follow","max-snippet":"max-snippet:-1","max-image-preview":"max-image-preview:large","max-video-preview":"max-video-preview:-1"},"canonical":"https:\/\/rotary.fi\/vihti\/keita-olemme\/","og_locale":"fi_FI","og_type":"article","og_title":"Keit\u00e4 olemme - Vihdin rotaryklubi","og_description":"Keit\u00e4 olemme Rotary on Chicagossa 23.2.1905 perustettu kansainv\u00e4linen palvelu- ja hyv\u00e4ntekev\u00e4isyysorganisaatio. Rotary Internationalin kotipaikka on Evanston, Illinoisissa Yhdysvalloissa. Tunnuslauseemme on Palvelu itsekkyyden edelle (Service Above Self). Vihdin rotaryklubi ry on perustettu 8.7.1955 ja kummiklubimme on Lohjan rotaryklubi.\u00a0 Rotaryyn kuuluu 1,2 miljoona j\u00e4sent\u00e4 35 000 klubissa yli 200 maassa. Suomi on jaettu kuuteen rotarypiiriin, joista meid\u00e4n [&hellip;]","og_url":"https:\/\/rotary.fi\/vihti\/keita-olemme\/","og_site_name":"Vihdin rotaryklubi","article_modified_time":"2019-03-15T08:14:11+00:00","twitter_card":"summary_large_image","twitter_misc":{"Arvioitu lukuaika":"2 minuuttia"},"schema":{"@context":"https:\/\/schema.org","@graph":[{"@type":"WebPage","@id":"https:\/\/rotary.fi\/vihti\/keita-olemme\/","url":"https:\/\/rotary.fi\/vihti\/keita-olemme\/","name":"Keit\u00e4 olemme - Vihdin rotaryklubi","isPartOf":{"@id":"https:\/\/rotary.fi\/vihti\/#website"},"datePublished":"2018-08-10T10:41:39+00:00","dateModified":"2019-03-15T08:14:11+00:00","breadcrumb":{"@id":"https:\/\/rotary.fi\/vihti\/keita-olemme\/#breadcrumb"},"inLanguage":"fi","potentialAction":[{"@type":"ReadAction","target":["https:\/\/rotary.fi\/vihti\/keita-olemme\/"]}]},{"@type":"BreadcrumbList","@id":"https:\/\/rotary.fi\/vihti\/keita-olemme\/#breadcrumb","itemListElement":[{"@type":"ListItem","position":1,"name":"Home","item":"https:\/\/rotary.fi\/vihti\/"},{"@type":"ListItem","position":2,"name":"Keit\u00e4 olemme"}]},{"@type":"WebSite","@id":"https:\/\/rotary.fi\/vihti\/#website","url":"https:\/\/rotary.fi\/vihti\/","name":"Vihdin rotaryklubi","description":"Uusi Rotary klubisivusto","potentialAction":[{"@type":"SearchAction","target":{"@type":"EntryPoint","urlTemplate":"https:\/\/rotary.fi\/vihti\/?s={search_term_string}"},"query-input":{"@type":"PropertyValueSpecification","valueRequired":true,"valueName":"search_term_string"}}],"inLanguage":"fi"}]}},"lang":"fi","translations":{"fi":129},"pll_sync_post":[],"_links":{"self":[{"href":"https:\/\/rotary.fi\/vihti\/wp-json\/wp\/v2\/pages\/129","targetHints":{"allow":["GET"]}}],"collection":[{"href":"https:\/\/rotary.fi\/vihti\/wp-json\/wp\/v2\/pages"}],"about":[{"href":"https:\/\/rotary.fi\/vihti\/wp-json\/wp\/v2\/types\/page"}],"author":[{"embeddable":true,"href":"https:\/\/rotary.fi\/vihti\/wp-json\/wp\/v2\/users\/1"}],"replies":[{"embeddable":true,"href":"https:\/\/rotary.fi\/vihti\/wp-json\/wp\/v2\/comments?post=129"}],"version-history":[{"count":22,"href":"https:\/\/rotary.fi\/vihti\/wp-json\/wp\/v2\/pages\/129\/revisions"}],"predecessor-version":[{"id":1386,"href":"https:\/\/rotary.fi\/vihti\/wp-json\/wp\/v2\/pages\/129\/revisions\/1386"}],"wp:attachment":[{"href":"https:\/\/rotary.fi\/vihti\/wp-json\/wp\/v2\/media?parent=129"}],"curies":[{"name":"wp","href":"https:\/\/api.w.org\/{rel}","templated":true}]}}