{"id":1864,"date":"2025-04-14T19:49:18","date_gmt":"2025-04-14T16:49:18","guid":{"rendered":"https:\/\/rotary.fi\/vantaamyyrmaki\/?page_id=1864"},"modified":"2025-10-27T21:10:27","modified_gmt":"2025-10-27T19:10:27","slug":"viikko-ohjelma-2025-26","status":"publish","type":"page","link":"https:\/\/rotary.fi\/vantaamyyrmaki\/mita-teemme\/viikko-ohjelma-2025-26\/","title":{"rendered":"Viikko-ohjelma 2025-26"},"content":{"rendered":"<p>[et_pb_section fb_built=&#8221;1&#8243; module_class=&#8221;jumbotron-page&#8221; _builder_version=&#8221;4.19.0&#8243; background_image=&#8221;https:\/\/rotary.fi\/vantaamyyrmaki\/wp-content\/uploads\/sites\/227\/2018\/10\/rotary_klubit_etusivu_paakuva_12.jpg&#8221; global_colors_info=&#8221;{}&#8221;][et_pb_row _builder_version=&#8221;4.16&#8243; background_size=&#8221;initial&#8221; background_position=&#8221;top_left&#8221; background_repeat=&#8221;repeat&#8221; global_colors_info=&#8221;{}&#8221;][et_pb_column type=&#8221;4_4&#8243; _builder_version=&#8221;4.16&#8243; custom_padding=&#8221;|||&#8221; global_colors_info=&#8221;{}&#8221; custom_padding__hover=&#8221;|||&#8221;][et_pb_text admin_label=&#8221;P\u00e4\u00e4otsikko&#8221; _builder_version=&#8221;4.16&#8243; text_orientation=&#8221;center&#8221; background_layout=&#8221;dark&#8221; global_colors_info=&#8221;{}&#8221;]<\/p>\n<h1>Viikko-ohjelma<\/h1>\n<p>[\/et_pb_text][\/et_pb_column][\/et_pb_row][\/et_pb_section][et_pb_section fb_built=&#8221;1&#8243; specialty=&#8221;on&#8221; module_class_2=&#8221;sivupalkki&#8221; _builder_version=&#8221;4.16&#8243; global_colors_info=&#8221;{}&#8221;][et_pb_column type=&#8221;2_3&#8243; specialty_columns=&#8221;2&#8243; _builder_version=&#8221;4.16&#8243; custom_padding=&#8221;|||&#8221; global_colors_info=&#8221;{}&#8221; parallax__hover=&#8221;off&#8221; parallax_method__hover=&#8221;on&#8221; custom_padding__hover=&#8221;|||&#8221;][et_pb_row_inner admin_label=&#8221;Rivi&#8221; _builder_version=&#8221;4.16&#8243; global_colors_info=&#8221;{}&#8221;][et_pb_column_inner saved_specialty_column_type=&#8221;2_3&#8243; _builder_version=&#8221;4.16&#8243; custom_padding=&#8221;|||&#8221; global_colors_info=&#8221;{}&#8221; parallax__hover=&#8221;off&#8221; parallax_method__hover=&#8221;on&#8221; custom_padding__hover=&#8221;|||&#8221;][et_pb_text admin_label=&#8221;Otsikko&#8221; _builder_version=&#8221;4.27.4&#8243; text_orientation=&#8221;center&#8221; global_colors_info=&#8221;{}&#8221;]<\/p>\n<h1>Viikko-ohjelma 2025-26<\/h1>\n<p>[\/et_pb_text][et_pb_text _builder_version=&#8221;4.27.4&#8243; global_colors_info=&#8221;{}&#8221;]<\/p>\n<h4>Elokuu 2025<\/h4>\n<p>to 28.8. It\u00e4merip\u00e4iv\u00e4<\/p>\n<h4>Syyskuu 2025<\/h4>\n<p>Ma 1.9. Kauden avaus, j\u00e4senten kes\u00e4kuulumisia &#8211; PERUTTU<\/p>\n<p>Ma 8.9. Piirikuvern\u00f6\u00f6rin vierailu Tikkurilan klubissa, Hotelli Skyline, Elannontie 9<\/p>\n<p>Ma 15.9. Historiantutkija Juhani Vakkuri<\/p>\n<p>Ma 22.9. Vaihto-oppilaan esitt\u00e4ytyminen<\/p>\n<p>Ma 29.9. S\u00e4\u00e4nt\u00f6m\u00e4\u00e4r\u00e4inen vuosikokous<\/p>\n<h4>Lokakuu 2025<\/h4>\n<p>su 5.10. Silakkasoutu (<a href=\"https:\/\/www.silakkasoutu.fi\">linkki tapahtuman sivulle<\/a>)<\/p>\n<p>Ma 6.10. Ei kokousta<\/p>\n<p>Ma 13.10. Eira Kasper: Vaskivuoren lukion musikaalit<\/p>\n<p>Ma 20.10. Emeritusprofessori Aarne Pehkonen<\/p>\n<p>Ma 27.10. Juha Savim\u00e4ki: Rotaryn projekteja<\/p>\n<h4>Marraskuu 2025<\/h4>\n<p>Ma 3.11. 50-vuotisjuhlan suunnittelua<\/p>\n<p>Ma 10.11. Raija Sollamo: muistelmat<\/p>\n<p>Ma 17.11. Pekka Kauhanen: Keskustelu &#8211; Mit\u00e4 hyv\u00e4\u00e4 Suomessa?<\/p>\n<p>Ma 24.11. klo 16:30 yritysvierailu: Tekova Oyj, Tiilipojanlenkki 9<\/p>\n<h4>Joulukuu 2025<\/h4>\n<p>Ma 1.12. Ei kokousta<\/p>\n<p>Pe 6.12. klo 15:00 Itsen\u00e4isyysp\u00e4iv\u00e4n juhla, Martinlaakson koulu<\/p>\n<p>Ma 8.12. Sami Kanerva: Unelmia<\/p>\n<p>Ma 15.12. klo 17:00 joulujuhla, Myyrm\u00e4en kirkko\u00a0<\/p>\n<p>Ti 16.12. klo 19:00 joulukonsertti, Myyrm\u00e4en kirkko<\/p>\n<p>Ma 22.12. Ei kokousta<\/p>\n<h4>Tammikuu 2026<\/h4>\n<p>Ma 5.1. Ei kokousta<\/p>\n<p>Su 11.1. klo 14:00 Vaskivuoren lukion musikaali, Martinus-sali<\/p>\n<p>Ma 12.1. Ei kokousta<\/p>\n<p>Ma 19.1. Paula Luodeslampi: Vesitaskuprojekti<\/p>\n<p>Ma 26.1. Pekka Kauhanen: Median kriisi 2<\/p>\n<h4>Helmikuu 2026<\/h4>\n<p>Ma 2.2.\u00a0<\/p>\n<p>Ma 9.2.\u00a0<\/p>\n<p>Ma 16.2.\u00a0<\/p>\n<p>Ma 23.2. Henri Vanhanen: Suomen turvallisuuspolitiikka<\/p>\n<h4>Maaliskuu 2026<\/h4>\n<p>Ma 2.3.\u00a0<\/p>\n<p>Ma 9.3.\u00a0<\/p>\n<p>Ma 16.3.\u00a0<\/p>\n<p>Ma 23.3.\u00a0<\/p>\n<p>Ma 30.3.<\/p>\n<h4>Huhtikuu 2026<\/h4>\n<p>Ma 6.4.\u00a0<\/p>\n<p>Ma 13.4.\u00a0<\/p>\n<p>Ma 20.4.\u00a0<\/p>\n<p>Ma 27.4.\u00a0<\/p>\n<h4>Toukokuu 2026<\/h4>\n<p>Ma 4.5.\u00a0<\/p>\n<p>Ma 11.5.\u00a0<\/p>\n<p>Ma 18.5.\u00a0<\/p>\n<p>Ma 25.5.\u00a0<\/p>\n<h4>\u00a0<\/h4>\n<p>[\/et_pb_text][\/et_pb_column_inner][\/et_pb_row_inner][\/et_pb_column][et_pb_column type=&#8221;1_3&#8243; module_class=&#8221;sivupalkki&#8221; _builder_version=&#8221;4.16&#8243; custom_padding=&#8221;|||&#8221; global_colors_info=&#8221;{}&#8221; parallax__hover=&#8221;off&#8221; parallax_method__hover=&#8221;on&#8221; module_class__hover=&#8221;sivupalkki&#8221; custom_padding__hover=&#8221;|||&#8221;][et_pb_sidebar area=&#8221;sidebar-1&#8243; module_class=&#8221;sivupalkki_sisalto&#8221; _builder_version=&#8221;4.16&#8243; locked=&#8221;off&#8221; global_colors_info=&#8221;{}&#8221;][\/et_pb_sidebar][\/et_pb_column][\/et_pb_section]<\/p>\n","protected":false},"excerpt":{"rendered":"<p>Viikko-ohjelmaViikko-ohjelma 2025-26Elokuu 2025 to 28.8. It\u00e4merip\u00e4iv\u00e4 Syyskuu 2025 Ma 1.9. Kauden avaus, j\u00e4senten kes\u00e4kuulumisia &#8211; PERUTTU Ma 8.9. Piirikuvern\u00f6\u00f6rin vierailu Tikkurilan klubissa, Hotelli Skyline, Elannontie 9 Ma 15.9. Historiantutkija Juhani Vakkuri Ma 22.9. Vaihto-oppilaan esitt\u00e4ytyminen Ma 29.9. S\u00e4\u00e4nt\u00f6m\u00e4\u00e4r\u00e4inen vuosikokous Lokakuu 2025 su 5.10. Silakkasoutu (linkki tapahtuman sivulle) Ma 6.10. Ei kokousta Ma 13.10. Eira Kasper: [&hellip;]<\/p>\n","protected":false},"author":586,"featured_media":0,"parent":77,"menu_order":0,"comment_status":"closed","ping_status":"closed","template":"","meta":{"_acf_changed":false,"_et_pb_use_builder":"on","_et_pb_old_content":"","_et_gb_content_width":"","footnotes":""},"class_list":["post-1864","page","type-page","status-publish","hentry"],"acf":[],"yoast_head":"<!-- This site is optimized with the Yoast SEO plugin v27.0 - https:\/\/yoast.com\/product\/yoast-seo-wordpress\/ -->\n<title>Viikko-ohjelma 2025-26 - Vantaa Myyrm\u00e4ki Rotaryklubi<\/title>\n<meta name=\"robots\" content=\"index, follow, max-snippet:-1, max-image-preview:large, max-video-preview:-1\" \/>\n<link rel=\"canonical\" href=\"https:\/\/rotary.fi\/vantaamyyrmaki\/mita-teemme\/viikko-ohjelma-2025-26\/\" \/>\n<meta property=\"og:locale\" content=\"fi_FI\" \/>\n<meta property=\"og:type\" content=\"article\" \/>\n<meta property=\"og:title\" content=\"Viikko-ohjelma 2025-26 - Vantaa Myyrm\u00e4ki Rotaryklubi\" \/>\n<meta property=\"og:description\" content=\"Viikko-ohjelmaViikko-ohjelma 2025-26Elokuu 2025 to 28.8. It\u00e4merip\u00e4iv\u00e4 Syyskuu 2025 Ma 1.9. Kauden avaus, j\u00e4senten kes\u00e4kuulumisia - PERUTTU Ma 8.9. Piirikuvern\u00f6\u00f6rin vierailu Tikkurilan klubissa, Hotelli Skyline, Elannontie 9 Ma 15.9. Historiantutkija Juhani Vakkuri Ma 22.9. Vaihto-oppilaan esitt\u00e4ytyminen Ma 29.9. S\u00e4\u00e4nt\u00f6m\u00e4\u00e4r\u00e4inen vuosikokous Lokakuu 2025 su 5.10. Silakkasoutu (linkki tapahtuman sivulle) Ma 6.10. Ei kokousta Ma 13.10. Eira Kasper: [&hellip;]\" \/>\n<meta property=\"og:url\" content=\"https:\/\/rotary.fi\/vantaamyyrmaki\/mita-teemme\/viikko-ohjelma-2025-26\/\" \/>\n<meta property=\"og:site_name\" content=\"Vantaa Myyrm\u00e4ki Rotaryklubi\" \/>\n<meta property=\"article:modified_time\" content=\"2025-10-27T19:10:27+00:00\" \/>\n<meta name=\"twitter:card\" content=\"summary_large_image\" \/>\n<meta name=\"twitter:label1\" content=\"Arvioitu lukuaika\" \/>\n\t<meta name=\"twitter:data1\" content=\"2 minuuttia\" \/>\n<script type=\"application\/ld+json\" class=\"yoast-schema-graph\">{\"@context\":\"https:\/\/schema.org\",\"@graph\":[{\"@type\":\"WebPage\",\"@id\":\"https:\/\/rotary.fi\/vantaamyyrmaki\/mita-teemme\/viikko-ohjelma-2025-26\/\",\"url\":\"https:\/\/rotary.fi\/vantaamyyrmaki\/mita-teemme\/viikko-ohjelma-2025-26\/\",\"name\":\"Viikko-ohjelma 2025-26 - Vantaa Myyrm\u00e4ki Rotaryklubi\",\"isPartOf\":{\"@id\":\"https:\/\/rotary.fi\/vantaamyyrmaki\/#website\"},\"datePublished\":\"2025-04-14T16:49:18+00:00\",\"dateModified\":\"2025-10-27T19:10:27+00:00\",\"breadcrumb\":{\"@id\":\"https:\/\/rotary.fi\/vantaamyyrmaki\/mita-teemme\/viikko-ohjelma-2025-26\/#breadcrumb\"},\"inLanguage\":\"fi\",\"potentialAction\":[{\"@type\":\"ReadAction\",\"target\":[\"https:\/\/rotary.fi\/vantaamyyrmaki\/mita-teemme\/viikko-ohjelma-2025-26\/\"]}]},{\"@type\":\"BreadcrumbList\",\"@id\":\"https:\/\/rotary.fi\/vantaamyyrmaki\/mita-teemme\/viikko-ohjelma-2025-26\/#breadcrumb\",\"itemListElement\":[{\"@type\":\"ListItem\",\"position\":1,\"name\":\"Home\",\"item\":\"https:\/\/rotary.fi\/vantaamyyrmaki\/\"},{\"@type\":\"ListItem\",\"position\":2,\"name\":\"Mit\u00e4 teemme\",\"item\":\"https:\/\/rotary.fi\/vantaamyyrmaki\/mita-teemme\/\"},{\"@type\":\"ListItem\",\"position\":3,\"name\":\"Viikko-ohjelma 2025-26\"}]},{\"@type\":\"WebSite\",\"@id\":\"https:\/\/rotary.fi\/vantaamyyrmaki\/#website\",\"url\":\"https:\/\/rotary.fi\/vantaamyyrmaki\/\",\"name\":\"Vantaa Myyrm\u00e4ki Rotaryklubi\",\"description\":\"Uusi Rotary klubisivusto\",\"potentialAction\":[{\"@type\":\"SearchAction\",\"target\":{\"@type\":\"EntryPoint\",\"urlTemplate\":\"https:\/\/rotary.fi\/vantaamyyrmaki\/?s={search_term_string}\"},\"query-input\":{\"@type\":\"PropertyValueSpecification\",\"valueRequired\":true,\"valueName\":\"search_term_string\"}}],\"inLanguage\":\"fi\"}]}<\/script>\n<!-- \/ Yoast SEO plugin. -->","yoast_head_json":{"title":"Viikko-ohjelma 2025-26 - Vantaa Myyrm\u00e4ki Rotaryklubi","robots":{"index":"index","follow":"follow","max-snippet":"max-snippet:-1","max-image-preview":"max-image-preview:large","max-video-preview":"max-video-preview:-1"},"canonical":"https:\/\/rotary.fi\/vantaamyyrmaki\/mita-teemme\/viikko-ohjelma-2025-26\/","og_locale":"fi_FI","og_type":"article","og_title":"Viikko-ohjelma 2025-26 - Vantaa Myyrm\u00e4ki Rotaryklubi","og_description":"Viikko-ohjelmaViikko-ohjelma 2025-26Elokuu 2025 to 28.8. It\u00e4merip\u00e4iv\u00e4 Syyskuu 2025 Ma 1.9. Kauden avaus, j\u00e4senten kes\u00e4kuulumisia - PERUTTU Ma 8.9. Piirikuvern\u00f6\u00f6rin vierailu Tikkurilan klubissa, Hotelli Skyline, Elannontie 9 Ma 15.9. Historiantutkija Juhani Vakkuri Ma 22.9. Vaihto-oppilaan esitt\u00e4ytyminen Ma 29.9. S\u00e4\u00e4nt\u00f6m\u00e4\u00e4r\u00e4inen vuosikokous Lokakuu 2025 su 5.10. Silakkasoutu (linkki tapahtuman sivulle) Ma 6.10. Ei kokousta Ma 13.10. Eira Kasper: [&hellip;]","og_url":"https:\/\/rotary.fi\/vantaamyyrmaki\/mita-teemme\/viikko-ohjelma-2025-26\/","og_site_name":"Vantaa Myyrm\u00e4ki Rotaryklubi","article_modified_time":"2025-10-27T19:10:27+00:00","twitter_card":"summary_large_image","twitter_misc":{"Arvioitu lukuaika":"2 minuuttia"},"schema":{"@context":"https:\/\/schema.org","@graph":[{"@type":"WebPage","@id":"https:\/\/rotary.fi\/vantaamyyrmaki\/mita-teemme\/viikko-ohjelma-2025-26\/","url":"https:\/\/rotary.fi\/vantaamyyrmaki\/mita-teemme\/viikko-ohjelma-2025-26\/","name":"Viikko-ohjelma 2025-26 - Vantaa Myyrm\u00e4ki Rotaryklubi","isPartOf":{"@id":"https:\/\/rotary.fi\/vantaamyyrmaki\/#website"},"datePublished":"2025-04-14T16:49:18+00:00","dateModified":"2025-10-27T19:10:27+00:00","breadcrumb":{"@id":"https:\/\/rotary.fi\/vantaamyyrmaki\/mita-teemme\/viikko-ohjelma-2025-26\/#breadcrumb"},"inLanguage":"fi","potentialAction":[{"@type":"ReadAction","target":["https:\/\/rotary.fi\/vantaamyyrmaki\/mita-teemme\/viikko-ohjelma-2025-26\/"]}]},{"@type":"BreadcrumbList","@id":"https:\/\/rotary.fi\/vantaamyyrmaki\/mita-teemme\/viikko-ohjelma-2025-26\/#breadcrumb","itemListElement":[{"@type":"ListItem","position":1,"name":"Home","item":"https:\/\/rotary.fi\/vantaamyyrmaki\/"},{"@type":"ListItem","position":2,"name":"Mit\u00e4 teemme","item":"https:\/\/rotary.fi\/vantaamyyrmaki\/mita-teemme\/"},{"@type":"ListItem","position":3,"name":"Viikko-ohjelma 2025-26"}]},{"@type":"WebSite","@id":"https:\/\/rotary.fi\/vantaamyyrmaki\/#website","url":"https:\/\/rotary.fi\/vantaamyyrmaki\/","name":"Vantaa Myyrm\u00e4ki Rotaryklubi","description":"Uusi Rotary klubisivusto","potentialAction":[{"@type":"SearchAction","target":{"@type":"EntryPoint","urlTemplate":"https:\/\/rotary.fi\/vantaamyyrmaki\/?s={search_term_string}"},"query-input":{"@type":"PropertyValueSpecification","valueRequired":true,"valueName":"search_term_string"}}],"inLanguage":"fi"}]}},"lang":"fi","translations":{"fi":1864},"pll_sync_post":[],"_links":{"self":[{"href":"https:\/\/rotary.fi\/vantaamyyrmaki\/wp-json\/wp\/v2\/pages\/1864","targetHints":{"allow":["GET"]}}],"collection":[{"href":"https:\/\/rotary.fi\/vantaamyyrmaki\/wp-json\/wp\/v2\/pages"}],"about":[{"href":"https:\/\/rotary.fi\/vantaamyyrmaki\/wp-json\/wp\/v2\/types\/page"}],"author":[{"embeddable":true,"href":"https:\/\/rotary.fi\/vantaamyyrmaki\/wp-json\/wp\/v2\/users\/586"}],"replies":[{"embeddable":true,"href":"https:\/\/rotary.fi\/vantaamyyrmaki\/wp-json\/wp\/v2\/comments?post=1864"}],"version-history":[{"count":8,"href":"https:\/\/rotary.fi\/vantaamyyrmaki\/wp-json\/wp\/v2\/pages\/1864\/revisions"}],"predecessor-version":[{"id":1904,"href":"https:\/\/rotary.fi\/vantaamyyrmaki\/wp-json\/wp\/v2\/pages\/1864\/revisions\/1904"}],"up":[{"embeddable":true,"href":"https:\/\/rotary.fi\/vantaamyyrmaki\/wp-json\/wp\/v2\/pages\/77"}],"wp:attachment":[{"href":"https:\/\/rotary.fi\/vantaamyyrmaki\/wp-json\/wp\/v2\/media?parent=1864"}],"curies":[{"name":"wp","href":"https:\/\/api.w.org\/{rel}","templated":true}]}}