{"id":165,"date":"2018-08-13T09:52:52","date_gmt":"2018-08-13T06:52:52","guid":{"rendered":"https:\/\/rotary.fi\/vantaamyyrmaki\/?page_id=165"},"modified":"2022-11-06T13:54:02","modified_gmt":"2022-11-06T11:54:02","slug":"yhteistyo","status":"publish","type":"page","link":"https:\/\/rotary.fi\/vantaamyyrmaki\/mita-teemme\/yhteistyo\/","title":{"rendered":"Yhteisty\u00f6"},"content":{"rendered":"<p>[et_pb_section fb_built=&#8221;1&#8243; module_class=&#8221;jumbotron-page&#8221; _builder_version=&#8221;4.16&#8243; background_image=&#8221;https:\/\/rotary.fi\/vantaamyyrmaki\/wp-content\/uploads\/sites\/227\/2018\/08\/rotary_klubit_alasivu_paakuva_6.jpg&#8221; global_colors_info=&#8221;{}&#8221;][et_pb_row _builder_version=&#8221;4.16&#8243; background_size=&#8221;initial&#8221; background_position=&#8221;top_left&#8221; background_repeat=&#8221;repeat&#8221; global_colors_info=&#8221;{}&#8221;][et_pb_column type=&#8221;4_4&#8243; _builder_version=&#8221;4.16&#8243; custom_padding=&#8221;|||&#8221; global_colors_info=&#8221;{}&#8221; custom_padding__hover=&#8221;|||&#8221;][et_pb_text admin_label=&#8221;P\u00e4\u00e4otsikko&#8221; _builder_version=&#8221;4.16&#8243; text_orientation=&#8221;center&#8221; background_layout=&#8221;dark&#8221; global_colors_info=&#8221;{}&#8221;]<\/p>\n<h1>Yhteisty\u00f6<\/h1>\n<p>[\/et_pb_text][\/et_pb_column][\/et_pb_row][\/et_pb_section][et_pb_section fb_built=&#8221;1&#8243; specialty=&#8221;on&#8221; module_class_2=&#8221;sivupalkki&#8221; _builder_version=&#8221;4.16&#8243; global_colors_info=&#8221;{}&#8221;][et_pb_column type=&#8221;2_3&#8243; specialty_columns=&#8221;2&#8243; _builder_version=&#8221;4.16&#8243; custom_padding=&#8221;|||&#8221; global_colors_info=&#8221;{}&#8221; parallax__hover=&#8221;off&#8221; parallax_method__hover=&#8221;on&#8221; custom_padding__hover=&#8221;|||&#8221;][et_pb_row_inner admin_label=&#8221;Rivi&#8221; _builder_version=&#8221;4.16&#8243; global_colors_info=&#8221;{}&#8221;][et_pb_column_inner saved_specialty_column_type=&#8221;2_3&#8243; _builder_version=&#8221;4.16&#8243; custom_padding=&#8221;|||&#8221; global_colors_info=&#8221;{}&#8221; parallax__hover=&#8221;off&#8221; parallax_method__hover=&#8221;on&#8221; custom_padding__hover=&#8221;|||&#8221;][et_pb_text admin_label=&#8221;Otsikko&#8221; _builder_version=&#8221;4.16&#8243; text_orientation=&#8221;center&#8221; global_colors_info=&#8221;{}&#8221;]<\/p>\n<h1>Yhteisty\u00f6<\/h1>\n<p>[\/et_pb_text][et_pb_text _builder_version=&#8221;4.16&#8243; global_colors_info=&#8221;{}&#8221;]<\/p>\n<p>Teemme yhteisty\u00f6t\u00e4 paikallisten oppilaitosten kanssa mm. j\u00e4rjest\u00e4m\u00e4ll\u00e4 nuorisovaihtoa ja osallistumalla tapahtumiin. Tuemme koulujen toimintaa erilaisten projektien kautta.<\/p>\n<p>Tarjoamme paikallisille yrityksille ja yhdistyksille mahdollisuuden tehd\u00e4 hyv\u00e4\u00e4 alueellamme sek\u00e4 kansainv\u00e4lisesti yhteisty\u00f6projektien kautta.<\/p>\n<p>Kun haluat osallistua rotareiden ty\u00f6h\u00f6n lahjoittamalla aikaasi tai varoja, ota yst\u00e4v\u00e4llisesti yhteytt\u00e4 klubimme presidenttiin.<\/p>\n<p><a href=\"https:\/\/rotary.fi\/vantaamyyrmaki\/keita-olemme\/hallitus-ja-toimihenkilot\/\">Yhteystiedot<\/a><\/p>\n<p>&nbsp;<\/p>\n<p>[\/et_pb_text][\/et_pb_column_inner][\/et_pb_row_inner][\/et_pb_column][et_pb_column type=&#8221;1_3&#8243; module_class=&#8221;sivupalkki&#8221; _builder_version=&#8221;4.16&#8243; custom_padding=&#8221;|||&#8221; global_colors_info=&#8221;{}&#8221; parallax__hover=&#8221;off&#8221; parallax_method__hover=&#8221;on&#8221; module_class__hover=&#8221;sivupalkki&#8221; custom_padding__hover=&#8221;|||&#8221;][et_pb_sidebar area=&#8221;sidebar-1&#8243; module_class=&#8221;sivupalkki_sisalto&#8221; _builder_version=&#8221;4.16&#8243; locked=&#8221;off&#8221; global_colors_info=&#8221;{}&#8221;][\/et_pb_sidebar][\/et_pb_column][\/et_pb_section]<\/p>\n","protected":false},"excerpt":{"rendered":"<p>Yhteisty\u00f6 Yhteisty\u00f6 Teemme yhteisty\u00f6t\u00e4 paikallisten oppilaitosten kanssa mm. j\u00e4rjest\u00e4m\u00e4ll\u00e4 nuorisovaihtoa ja osallistumalla tapahtumiin. Tuemme koulujen toimintaa erilaisten projektien kautta. Tarjoamme paikallisille yrityksille ja yhdistyksille mahdollisuuden tehd\u00e4 hyv\u00e4\u00e4 alueellamme sek\u00e4 kansainv\u00e4lisesti yhteisty\u00f6projektien kautta. Kun haluat osallistua rotareiden ty\u00f6h\u00f6n lahjoittamalla aikaasi tai varoja, ota yst\u00e4v\u00e4llisesti yhteytt\u00e4 klubimme presidenttiin. Yhteystiedot &nbsp;<\/p>\n","protected":false},"author":1,"featured_media":0,"parent":77,"menu_order":0,"comment_status":"closed","ping_status":"closed","template":"","meta":{"_acf_changed":false,"_et_pb_use_builder":"on","_et_pb_old_content":"","_et_gb_content_width":"","footnotes":""},"class_list":["post-165","page","type-page","status-publish","hentry"],"acf":[],"yoast_head":"<!-- This site is optimized with the Yoast SEO plugin v27.0 - https:\/\/yoast.com\/product\/yoast-seo-wordpress\/ -->\n<title>Yhteisty\u00f6 - Vantaa Myyrm\u00e4ki Rotaryklubi<\/title>\n<meta name=\"robots\" content=\"index, follow, max-snippet:-1, max-image-preview:large, max-video-preview:-1\" \/>\n<link rel=\"canonical\" href=\"https:\/\/rotary.fi\/vantaamyyrmaki\/mita-teemme\/yhteistyo\/\" \/>\n<meta property=\"og:locale\" content=\"fi_FI\" \/>\n<meta property=\"og:type\" content=\"article\" \/>\n<meta property=\"og:title\" content=\"Yhteisty\u00f6 - Vantaa Myyrm\u00e4ki Rotaryklubi\" \/>\n<meta property=\"og:description\" content=\"Yhteisty\u00f6 Yhteisty\u00f6 Teemme yhteisty\u00f6t\u00e4 paikallisten oppilaitosten kanssa mm. j\u00e4rjest\u00e4m\u00e4ll\u00e4 nuorisovaihtoa ja osallistumalla tapahtumiin. Tuemme koulujen toimintaa erilaisten projektien kautta. Tarjoamme paikallisille yrityksille ja yhdistyksille mahdollisuuden tehd\u00e4 hyv\u00e4\u00e4 alueellamme sek\u00e4 kansainv\u00e4lisesti yhteisty\u00f6projektien kautta. Kun haluat osallistua rotareiden ty\u00f6h\u00f6n lahjoittamalla aikaasi tai varoja, ota yst\u00e4v\u00e4llisesti yhteytt\u00e4 klubimme presidenttiin. Yhteystiedot &nbsp;\" \/>\n<meta property=\"og:url\" content=\"https:\/\/rotary.fi\/vantaamyyrmaki\/mita-teemme\/yhteistyo\/\" \/>\n<meta property=\"og:site_name\" content=\"Vantaa Myyrm\u00e4ki Rotaryklubi\" \/>\n<meta property=\"article:modified_time\" content=\"2022-11-06T11:54:02+00:00\" \/>\n<meta name=\"twitter:card\" content=\"summary_large_image\" \/>\n<meta name=\"twitter:label1\" content=\"Arvioitu lukuaika\" \/>\n\t<meta name=\"twitter:data1\" content=\"2 minuuttia\" \/>\n<script type=\"application\/ld+json\" class=\"yoast-schema-graph\">{\"@context\":\"https:\/\/schema.org\",\"@graph\":[{\"@type\":\"WebPage\",\"@id\":\"https:\/\/rotary.fi\/vantaamyyrmaki\/mita-teemme\/yhteistyo\/\",\"url\":\"https:\/\/rotary.fi\/vantaamyyrmaki\/mita-teemme\/yhteistyo\/\",\"name\":\"Yhteisty\u00f6 - Vantaa Myyrm\u00e4ki Rotaryklubi\",\"isPartOf\":{\"@id\":\"https:\/\/rotary.fi\/vantaamyyrmaki\/#website\"},\"datePublished\":\"2018-08-13T06:52:52+00:00\",\"dateModified\":\"2022-11-06T11:54:02+00:00\",\"breadcrumb\":{\"@id\":\"https:\/\/rotary.fi\/vantaamyyrmaki\/mita-teemme\/yhteistyo\/#breadcrumb\"},\"inLanguage\":\"fi\",\"potentialAction\":[{\"@type\":\"ReadAction\",\"target\":[\"https:\/\/rotary.fi\/vantaamyyrmaki\/mita-teemme\/yhteistyo\/\"]}]},{\"@type\":\"BreadcrumbList\",\"@id\":\"https:\/\/rotary.fi\/vantaamyyrmaki\/mita-teemme\/yhteistyo\/#breadcrumb\",\"itemListElement\":[{\"@type\":\"ListItem\",\"position\":1,\"name\":\"Home\",\"item\":\"https:\/\/rotary.fi\/vantaamyyrmaki\/\"},{\"@type\":\"ListItem\",\"position\":2,\"name\":\"Mit\u00e4 teemme\",\"item\":\"https:\/\/rotary.fi\/vantaamyyrmaki\/mita-teemme\/\"},{\"@type\":\"ListItem\",\"position\":3,\"name\":\"Yhteisty\u00f6\"}]},{\"@type\":\"WebSite\",\"@id\":\"https:\/\/rotary.fi\/vantaamyyrmaki\/#website\",\"url\":\"https:\/\/rotary.fi\/vantaamyyrmaki\/\",\"name\":\"Vantaa Myyrm\u00e4ki Rotaryklubi\",\"description\":\"Uusi Rotary klubisivusto\",\"potentialAction\":[{\"@type\":\"SearchAction\",\"target\":{\"@type\":\"EntryPoint\",\"urlTemplate\":\"https:\/\/rotary.fi\/vantaamyyrmaki\/?s={search_term_string}\"},\"query-input\":{\"@type\":\"PropertyValueSpecification\",\"valueRequired\":true,\"valueName\":\"search_term_string\"}}],\"inLanguage\":\"fi\"}]}<\/script>\n<!-- \/ Yoast SEO plugin. -->","yoast_head_json":{"title":"Yhteisty\u00f6 - Vantaa Myyrm\u00e4ki Rotaryklubi","robots":{"index":"index","follow":"follow","max-snippet":"max-snippet:-1","max-image-preview":"max-image-preview:large","max-video-preview":"max-video-preview:-1"},"canonical":"https:\/\/rotary.fi\/vantaamyyrmaki\/mita-teemme\/yhteistyo\/","og_locale":"fi_FI","og_type":"article","og_title":"Yhteisty\u00f6 - Vantaa Myyrm\u00e4ki Rotaryklubi","og_description":"Yhteisty\u00f6 Yhteisty\u00f6 Teemme yhteisty\u00f6t\u00e4 paikallisten oppilaitosten kanssa mm. j\u00e4rjest\u00e4m\u00e4ll\u00e4 nuorisovaihtoa ja osallistumalla tapahtumiin. Tuemme koulujen toimintaa erilaisten projektien kautta. Tarjoamme paikallisille yrityksille ja yhdistyksille mahdollisuuden tehd\u00e4 hyv\u00e4\u00e4 alueellamme sek\u00e4 kansainv\u00e4lisesti yhteisty\u00f6projektien kautta. Kun haluat osallistua rotareiden ty\u00f6h\u00f6n lahjoittamalla aikaasi tai varoja, ota yst\u00e4v\u00e4llisesti yhteytt\u00e4 klubimme presidenttiin. Yhteystiedot &nbsp;","og_url":"https:\/\/rotary.fi\/vantaamyyrmaki\/mita-teemme\/yhteistyo\/","og_site_name":"Vantaa Myyrm\u00e4ki Rotaryklubi","article_modified_time":"2022-11-06T11:54:02+00:00","twitter_card":"summary_large_image","twitter_misc":{"Arvioitu lukuaika":"2 minuuttia"},"schema":{"@context":"https:\/\/schema.org","@graph":[{"@type":"WebPage","@id":"https:\/\/rotary.fi\/vantaamyyrmaki\/mita-teemme\/yhteistyo\/","url":"https:\/\/rotary.fi\/vantaamyyrmaki\/mita-teemme\/yhteistyo\/","name":"Yhteisty\u00f6 - Vantaa Myyrm\u00e4ki Rotaryklubi","isPartOf":{"@id":"https:\/\/rotary.fi\/vantaamyyrmaki\/#website"},"datePublished":"2018-08-13T06:52:52+00:00","dateModified":"2022-11-06T11:54:02+00:00","breadcrumb":{"@id":"https:\/\/rotary.fi\/vantaamyyrmaki\/mita-teemme\/yhteistyo\/#breadcrumb"},"inLanguage":"fi","potentialAction":[{"@type":"ReadAction","target":["https:\/\/rotary.fi\/vantaamyyrmaki\/mita-teemme\/yhteistyo\/"]}]},{"@type":"BreadcrumbList","@id":"https:\/\/rotary.fi\/vantaamyyrmaki\/mita-teemme\/yhteistyo\/#breadcrumb","itemListElement":[{"@type":"ListItem","position":1,"name":"Home","item":"https:\/\/rotary.fi\/vantaamyyrmaki\/"},{"@type":"ListItem","position":2,"name":"Mit\u00e4 teemme","item":"https:\/\/rotary.fi\/vantaamyyrmaki\/mita-teemme\/"},{"@type":"ListItem","position":3,"name":"Yhteisty\u00f6"}]},{"@type":"WebSite","@id":"https:\/\/rotary.fi\/vantaamyyrmaki\/#website","url":"https:\/\/rotary.fi\/vantaamyyrmaki\/","name":"Vantaa Myyrm\u00e4ki Rotaryklubi","description":"Uusi Rotary klubisivusto","potentialAction":[{"@type":"SearchAction","target":{"@type":"EntryPoint","urlTemplate":"https:\/\/rotary.fi\/vantaamyyrmaki\/?s={search_term_string}"},"query-input":{"@type":"PropertyValueSpecification","valueRequired":true,"valueName":"search_term_string"}}],"inLanguage":"fi"}]}},"lang":"fi","translations":{"fi":165},"pll_sync_post":[],"_links":{"self":[{"href":"https:\/\/rotary.fi\/vantaamyyrmaki\/wp-json\/wp\/v2\/pages\/165","targetHints":{"allow":["GET"]}}],"collection":[{"href":"https:\/\/rotary.fi\/vantaamyyrmaki\/wp-json\/wp\/v2\/pages"}],"about":[{"href":"https:\/\/rotary.fi\/vantaamyyrmaki\/wp-json\/wp\/v2\/types\/page"}],"author":[{"embeddable":true,"href":"https:\/\/rotary.fi\/vantaamyyrmaki\/wp-json\/wp\/v2\/users\/1"}],"replies":[{"embeddable":true,"href":"https:\/\/rotary.fi\/vantaamyyrmaki\/wp-json\/wp\/v2\/comments?post=165"}],"version-history":[{"count":9,"href":"https:\/\/rotary.fi\/vantaamyyrmaki\/wp-json\/wp\/v2\/pages\/165\/revisions"}],"predecessor-version":[{"id":1614,"href":"https:\/\/rotary.fi\/vantaamyyrmaki\/wp-json\/wp\/v2\/pages\/165\/revisions\/1614"}],"up":[{"embeddable":true,"href":"https:\/\/rotary.fi\/vantaamyyrmaki\/wp-json\/wp\/v2\/pages\/77"}],"wp:attachment":[{"href":"https:\/\/rotary.fi\/vantaamyyrmaki\/wp-json\/wp\/v2\/media?parent=165"}],"curies":[{"name":"wp","href":"https:\/\/api.w.org\/{rel}","templated":true}]}}