{"id":1646,"date":"2022-11-09T08:06:55","date_gmt":"2022-11-09T06:06:55","guid":{"rendered":"https:\/\/rotary.fi\/vantaamyyrmaki\/?page_id=1646"},"modified":"2023-09-09T22:19:50","modified_gmt":"2023-09-09T19:19:50","slug":"viikko-ohjelma-2022-23","status":"publish","type":"page","link":"https:\/\/rotary.fi\/vantaamyyrmaki\/mita-teemme\/viikko-ohjelma-2022-23\/","title":{"rendered":"Viikko-ohjelma 2022-23"},"content":{"rendered":"<p>[et_pb_section fb_built=&#8221;1&#8243; module_class=&#8221;jumbotron-page&#8221; _builder_version=&#8221;4.19.0&#8243; background_image=&#8221;https:\/\/rotary.fi\/vantaamyyrmaki\/wp-content\/uploads\/sites\/227\/2018\/10\/rotary_klubit_etusivu_paakuva_12.jpg&#8221; global_colors_info=&#8221;{}&#8221;][et_pb_row _builder_version=&#8221;4.16&#8243; background_size=&#8221;initial&#8221; background_position=&#8221;top_left&#8221; background_repeat=&#8221;repeat&#8221; global_colors_info=&#8221;{}&#8221;][et_pb_column type=&#8221;4_4&#8243; _builder_version=&#8221;4.16&#8243; custom_padding=&#8221;|||&#8221; global_colors_info=&#8221;{}&#8221; custom_padding__hover=&#8221;|||&#8221;][et_pb_text admin_label=&#8221;P\u00e4\u00e4otsikko&#8221; _builder_version=&#8221;4.16&#8243; text_orientation=&#8221;center&#8221; background_layout=&#8221;dark&#8221; global_colors_info=&#8221;{}&#8221;]<\/p>\n<h1>Viikko-ohjelma<\/h1>\n<p>[\/et_pb_text][\/et_pb_column][\/et_pb_row][\/et_pb_section][et_pb_section fb_built=&#8221;1&#8243; specialty=&#8221;on&#8221; module_class_2=&#8221;sivupalkki&#8221; _builder_version=&#8221;4.16&#8243; global_colors_info=&#8221;{}&#8221;][et_pb_column type=&#8221;2_3&#8243; specialty_columns=&#8221;2&#8243; _builder_version=&#8221;4.16&#8243; custom_padding=&#8221;|||&#8221; global_colors_info=&#8221;{}&#8221; parallax__hover=&#8221;off&#8221; parallax_method__hover=&#8221;on&#8221; custom_padding__hover=&#8221;|||&#8221;][et_pb_row_inner admin_label=&#8221;Rivi&#8221; _builder_version=&#8221;4.16&#8243; global_colors_info=&#8221;{}&#8221;][et_pb_column_inner saved_specialty_column_type=&#8221;2_3&#8243; _builder_version=&#8221;4.16&#8243; custom_padding=&#8221;|||&#8221; global_colors_info=&#8221;{}&#8221; parallax__hover=&#8221;off&#8221; parallax_method__hover=&#8221;on&#8221; custom_padding__hover=&#8221;|||&#8221;][et_pb_text admin_label=&#8221;Otsikko&#8221; _builder_version=&#8221;4.16&#8243; text_orientation=&#8221;center&#8221; global_colors_info=&#8221;{}&#8221;]<\/p>\n<h1>Viikko-ohjelma 2022-23<\/h1>\n<p>[\/et_pb_text][et_pb_text _builder_version=&#8221;4.16&#8243; global_colors_info=&#8221;{}&#8221;]<\/p>\n<h4>Elokuu 2022<\/h4>\n<p>ma 15.8. Kauden avaus: kuulumiset, viikko-ohjelma, nettisivujen uudistaminen<\/p>\n<p>ma 22.8. Jorma Ver\u00e4j\u00e4nkorva: Kokemuksia omenapuutarhan uudistamisesta<\/p>\n<p>ma 29.8. Vaihto-oppilas ja is\u00e4nt\u00e4perhe esitt\u00e4ytyv\u00e4t<\/p>\n<h4>Syyskuu 2022<\/h4>\n<p>ma 5.9. Carita Orlando, toimitusjohtaja, Suomen yritt\u00e4j\u00e4naiset: Ajankohtainen katsaus yritt\u00e4jien tilanteeseen<\/p>\n<p>ma 12.9. Martinlaakson lukion opiskelijoiden kokemuksia It\u00e4meri-aiheisesta leirikoulusta<\/p>\n<p>la 17.9. Vierailu Heurekaan alkaen klo 11<\/p>\n<p>ma 19.9. Ei kokousta<\/p>\n<p>ma 26.9. Vaihto-oppilas Sophien viimeisimm\u00e4t kuulumiset. Strategiaty\u00f6n aloitus.<\/p>\n<h4>Lokakuu 2022<\/h4>\n<p>su 2.10. Silakkasoutu (linkki tapahtuman sivulle)<\/p>\n<p>ma 3.10. Ei kokousta<\/p>\n<p>ma 10.10. Raija Sollamo: Uuden testamentin synty<\/p>\n<p>ma 17.10. Yhdistyksen s\u00e4\u00e4nt\u00f6m\u00e4\u00e4r\u00e4inen syyskokous<\/p>\n<p>ma 24.10. Pekka Kauhanen: T\u00e4hdenv\u00e4lej\u00e4<\/p>\n<p>ma 31.10. Kuninkaan Lohien toimitusjohtaja Mika Turunen: Vantaankosken alueen kehitt\u00e4minen<\/p>\n<h4>Marraskuu 2022<\/h4>\n<p>ma 7.11. Ville Rantamaula: Esitelm\u00e4 tietotekniikan alalta<\/p>\n<p>ma 14.11. Samy Mrena: Esitelm\u00e4 silm\u00e4kirurgiasta<\/p>\n<p>ma 21.11. Lauri Syrj\u00e4nen, Jussi Nilsson ja Raija Sollamo: El\u00e4m\u00e4nkokemuksen juhlaa &#8211; 3 kertaa 80 vuotta!<\/p>\n<p>ma 28.11. Ei kokousta<\/p>\n<h4>Joulukuu 2022<\/h4>\n<p>ma 5.12. Ei kokousta<\/p>\n<p>ti 6.12. Suomi 105 vuotta. Seppeleenlasku klo 10 ja itsen\u00e4isyysp\u00e4iv\u00e4n juhla klo 15.<\/p>\n<p>ma 12.12. Piirikuvern\u00f6\u00f6ri Urmas Kaarlep vierailulla<\/p>\n<p>ma 19.12. Joululauluja H\u00e4meenkyl\u00e4n kirkossa<\/p>\n<p>ti 20.12. Vaskivuoren lukion joulukonsertti H\u00e4meenkyl\u00e4n kirkossa klo 19<\/p>\n<p>ke 21.12. Martinlaakson lukion puurojuhla klo 17<\/p>\n<h4>Tammikuu 2023<\/h4>\n<p>ma 9.1. Ismo S\u00e4dekari: Projektinuotit Oy:n 10-vuotinen tarina<\/p>\n<p>su 15.1. Vaskivuoren lukion musikaali Flashdance Vantaan konserttitalo Martinuksessa klo 13<\/p>\n<p>ma 16.1. Ei kokousta<\/p>\n<p>ma 23.1. Niilo Kurikka: Sahti &#8211; valmistus ja maistelu<\/p>\n<p>ma 30.1. Jorma Immonen: Ven\u00e4j\u00e4n pime\u00e4 puoli<\/p>\n<h4>Helmikuu 2023<\/h4>\n<p>ma 6.2. Ei kokousta<\/p>\n<p>ma 13.2. Martinlaakson lukion It\u00e4meri-yhteisty\u00f6<\/p>\n<p>ma 20.2. Aleksi Meldo: Internetin alustatalouden mahdollisuuksia<\/p>\n<p>ma 27.2. Elinkeinoel\u00e4m\u00e4n valtuuskunta, toimitusp\u00e4\u00e4llikk\u00f6 Sami Metelinen: Ajankohtainen esitelm\u00e4<\/p>\n<h4>Maaliskuu 2023<\/h4>\n<p>ma 6.3. Katsaus strategian valmisteluun \/ Luokite-esitelm\u00e4: Marjo Koistinen<\/p>\n<p>ma 13.3. Neste Oyj, Teknologiajohtaja Antti Pohjoranta: Vetytalouden tilannekatsaus<\/p>\n<p>ma 20.3. Ei kokousta<\/p>\n<p>pe 24.3. Vihtorinp\u00e4iv\u00e4: klubin syntym\u00e4p\u00e4iv\u00e4n juhlistaminen<\/p>\n<p>ma 27.3. Ei kokousta<\/p>\n<p>to 30.3. Intercity-kokous: j\u00e4rjest\u00e4j\u00e4n\u00e4 Vantaan klubi<\/p>\n<h4>Huhtikuu 2023<\/h4>\n<p>ma 3.4. Takkailta: Seuraavan kauden suunnittelua tulevan presidentin johdolla<\/p>\n<p>ma 10.4. Ei kokousta (p\u00e4\u00e4si\u00e4inen)<\/p>\n<p>ma 17.4. Perttu Meldo: kalastusaiheinen esitelm\u00e4<\/p>\n<p>ma 24.4. Ei kokousta &#8211; itsen\u00e4inen tutustuminen muiden klubien nettisivuihin<\/p>\n<h4>Toukokuu 2023<\/h4>\n<p>ma 1.5. Ei kokousta (vappu)<\/p>\n<p>ma 8.5. Yhdistyksen s\u00e4\u00e4nt\u00f6m\u00e4\u00e4r\u00e4inen kev\u00e4tkokous, tulevan kauden ohjelma<\/p>\n<p>ma 15.5. L\u00e4htev\u00e4n vaihto-oppilaan ja kes\u00e4vaihtarien esitt\u00e4ytyminen<\/p>\n<p>ma 22.5. Kev\u00e4tretki<\/p>\n<p>ma 29.5. Vaihto-oppilaan vierailu, vitjojen vaihto<\/p>\n<p>[\/et_pb_text][\/et_pb_column_inner][\/et_pb_row_inner][\/et_pb_column][et_pb_column type=&#8221;1_3&#8243; module_class=&#8221;sivupalkki&#8221; _builder_version=&#8221;4.16&#8243; custom_padding=&#8221;|||&#8221; global_colors_info=&#8221;{}&#8221; parallax__hover=&#8221;off&#8221; parallax_method__hover=&#8221;on&#8221; module_class__hover=&#8221;sivupalkki&#8221; custom_padding__hover=&#8221;|||&#8221;][et_pb_sidebar area=&#8221;sidebar-1&#8243; module_class=&#8221;sivupalkki_sisalto&#8221; _builder_version=&#8221;4.16&#8243; locked=&#8221;off&#8221; global_colors_info=&#8221;{}&#8221;][\/et_pb_sidebar][\/et_pb_column][\/et_pb_section]<\/p>\n","protected":false},"excerpt":{"rendered":"<p>Viikko-ohjelmaViikko-ohjelma 2022-23Elokuu 2022 ma 15.8. Kauden avaus: kuulumiset, viikko-ohjelma, nettisivujen uudistaminen ma 22.8. Jorma Ver\u00e4j\u00e4nkorva: Kokemuksia omenapuutarhan uudistamisesta ma 29.8. Vaihto-oppilas ja is\u00e4nt\u00e4perhe esitt\u00e4ytyv\u00e4t Syyskuu 2022 ma 5.9. Carita Orlando, toimitusjohtaja, Suomen yritt\u00e4j\u00e4naiset: Ajankohtainen katsaus yritt\u00e4jien tilanteeseen ma 12.9. Martinlaakson lukion opiskelijoiden kokemuksia It\u00e4meri-aiheisesta leirikoulusta la 17.9. Vierailu Heurekaan alkaen klo 11 ma 19.9. Ei [&hellip;]<\/p>\n","protected":false},"author":586,"featured_media":0,"parent":77,"menu_order":0,"comment_status":"closed","ping_status":"closed","template":"","meta":{"_acf_changed":false,"_et_pb_use_builder":"on","_et_pb_old_content":"","_et_gb_content_width":"","footnotes":""},"class_list":["post-1646","page","type-page","status-publish","hentry"],"acf":[],"yoast_head":"<!-- This site is optimized with the Yoast SEO plugin v27.4 - https:\/\/yoast.com\/product\/yoast-seo-wordpress\/ -->\n<title>Viikko-ohjelma 2022-23 - Vantaa Myyrm\u00e4ki Rotaryklubi<\/title>\n<meta name=\"robots\" content=\"index, follow, max-snippet:-1, max-image-preview:large, max-video-preview:-1\" \/>\n<link rel=\"canonical\" href=\"https:\/\/rotary.fi\/vantaamyyrmaki\/mita-teemme\/viikko-ohjelma-2022-23\/\" \/>\n<meta property=\"og:locale\" content=\"fi_FI\" \/>\n<meta property=\"og:type\" content=\"article\" \/>\n<meta property=\"og:title\" content=\"Viikko-ohjelma 2022-23 - Vantaa Myyrm\u00e4ki Rotaryklubi\" \/>\n<meta property=\"og:description\" content=\"Viikko-ohjelmaViikko-ohjelma 2022-23Elokuu 2022 ma 15.8. Kauden avaus: kuulumiset, viikko-ohjelma, nettisivujen uudistaminen ma 22.8. Jorma Ver\u00e4j\u00e4nkorva: Kokemuksia omenapuutarhan uudistamisesta ma 29.8. Vaihto-oppilas ja is\u00e4nt\u00e4perhe esitt\u00e4ytyv\u00e4t Syyskuu 2022 ma 5.9. Carita Orlando, toimitusjohtaja, Suomen yritt\u00e4j\u00e4naiset: Ajankohtainen katsaus yritt\u00e4jien tilanteeseen ma 12.9. Martinlaakson lukion opiskelijoiden kokemuksia It\u00e4meri-aiheisesta leirikoulusta la 17.9. Vierailu Heurekaan alkaen klo 11 ma 19.9. Ei [&hellip;]\" \/>\n<meta property=\"og:url\" content=\"https:\/\/rotary.fi\/vantaamyyrmaki\/mita-teemme\/viikko-ohjelma-2022-23\/\" \/>\n<meta property=\"og:site_name\" content=\"Vantaa Myyrm\u00e4ki Rotaryklubi\" \/>\n<meta property=\"article:modified_time\" content=\"2023-09-09T19:19:50+00:00\" \/>\n<meta name=\"twitter:card\" content=\"summary_large_image\" \/>\n<meta name=\"twitter:label1\" content=\"Arvioitu lukuaika\" \/>\n\t<meta name=\"twitter:data1\" content=\"3 minuuttia\" \/>\n<script type=\"application\/ld+json\" class=\"yoast-schema-graph\">{\"@context\":\"https:\\\/\\\/schema.org\",\"@graph\":[{\"@type\":\"WebPage\",\"@id\":\"https:\\\/\\\/rotary.fi\\\/vantaamyyrmaki\\\/mita-teemme\\\/viikko-ohjelma-2022-23\\\/\",\"url\":\"https:\\\/\\\/rotary.fi\\\/vantaamyyrmaki\\\/mita-teemme\\\/viikko-ohjelma-2022-23\\\/\",\"name\":\"Viikko-ohjelma 2022-23 - Vantaa Myyrm\u00e4ki Rotaryklubi\",\"isPartOf\":{\"@id\":\"https:\\\/\\\/rotary.fi\\\/vantaamyyrmaki\\\/#website\"},\"datePublished\":\"2022-11-09T06:06:55+00:00\",\"dateModified\":\"2023-09-09T19:19:50+00:00\",\"breadcrumb\":{\"@id\":\"https:\\\/\\\/rotary.fi\\\/vantaamyyrmaki\\\/mita-teemme\\\/viikko-ohjelma-2022-23\\\/#breadcrumb\"},\"inLanguage\":\"fi\",\"potentialAction\":[{\"@type\":\"ReadAction\",\"target\":[\"https:\\\/\\\/rotary.fi\\\/vantaamyyrmaki\\\/mita-teemme\\\/viikko-ohjelma-2022-23\\\/\"]}]},{\"@type\":\"BreadcrumbList\",\"@id\":\"https:\\\/\\\/rotary.fi\\\/vantaamyyrmaki\\\/mita-teemme\\\/viikko-ohjelma-2022-23\\\/#breadcrumb\",\"itemListElement\":[{\"@type\":\"ListItem\",\"position\":1,\"name\":\"Home\",\"item\":\"https:\\\/\\\/rotary.fi\\\/vantaamyyrmaki\\\/\"},{\"@type\":\"ListItem\",\"position\":2,\"name\":\"Mit\u00e4 teemme\",\"item\":\"https:\\\/\\\/rotary.fi\\\/vantaamyyrmaki\\\/mita-teemme\\\/\"},{\"@type\":\"ListItem\",\"position\":3,\"name\":\"Viikko-ohjelma 2022-23\"}]},{\"@type\":\"WebSite\",\"@id\":\"https:\\\/\\\/rotary.fi\\\/vantaamyyrmaki\\\/#website\",\"url\":\"https:\\\/\\\/rotary.fi\\\/vantaamyyrmaki\\\/\",\"name\":\"Vantaa Myyrm\u00e4ki Rotaryklubi\",\"description\":\"Uusi Rotary klubisivusto\",\"potentialAction\":[{\"@type\":\"SearchAction\",\"target\":{\"@type\":\"EntryPoint\",\"urlTemplate\":\"https:\\\/\\\/rotary.fi\\\/vantaamyyrmaki\\\/?s={search_term_string}\"},\"query-input\":{\"@type\":\"PropertyValueSpecification\",\"valueRequired\":true,\"valueName\":\"search_term_string\"}}],\"inLanguage\":\"fi\"}]}<\/script>\n<!-- \/ Yoast SEO plugin. -->","yoast_head_json":{"title":"Viikko-ohjelma 2022-23 - Vantaa Myyrm\u00e4ki Rotaryklubi","robots":{"index":"index","follow":"follow","max-snippet":"max-snippet:-1","max-image-preview":"max-image-preview:large","max-video-preview":"max-video-preview:-1"},"canonical":"https:\/\/rotary.fi\/vantaamyyrmaki\/mita-teemme\/viikko-ohjelma-2022-23\/","og_locale":"fi_FI","og_type":"article","og_title":"Viikko-ohjelma 2022-23 - Vantaa Myyrm\u00e4ki Rotaryklubi","og_description":"Viikko-ohjelmaViikko-ohjelma 2022-23Elokuu 2022 ma 15.8. Kauden avaus: kuulumiset, viikko-ohjelma, nettisivujen uudistaminen ma 22.8. Jorma Ver\u00e4j\u00e4nkorva: Kokemuksia omenapuutarhan uudistamisesta ma 29.8. Vaihto-oppilas ja is\u00e4nt\u00e4perhe esitt\u00e4ytyv\u00e4t Syyskuu 2022 ma 5.9. Carita Orlando, toimitusjohtaja, Suomen yritt\u00e4j\u00e4naiset: Ajankohtainen katsaus yritt\u00e4jien tilanteeseen ma 12.9. Martinlaakson lukion opiskelijoiden kokemuksia It\u00e4meri-aiheisesta leirikoulusta la 17.9. Vierailu Heurekaan alkaen klo 11 ma 19.9. Ei [&hellip;]","og_url":"https:\/\/rotary.fi\/vantaamyyrmaki\/mita-teemme\/viikko-ohjelma-2022-23\/","og_site_name":"Vantaa Myyrm\u00e4ki Rotaryklubi","article_modified_time":"2023-09-09T19:19:50+00:00","twitter_card":"summary_large_image","twitter_misc":{"Arvioitu lukuaika":"3 minuuttia"},"schema":{"@context":"https:\/\/schema.org","@graph":[{"@type":"WebPage","@id":"https:\/\/rotary.fi\/vantaamyyrmaki\/mita-teemme\/viikko-ohjelma-2022-23\/","url":"https:\/\/rotary.fi\/vantaamyyrmaki\/mita-teemme\/viikko-ohjelma-2022-23\/","name":"Viikko-ohjelma 2022-23 - Vantaa Myyrm\u00e4ki Rotaryklubi","isPartOf":{"@id":"https:\/\/rotary.fi\/vantaamyyrmaki\/#website"},"datePublished":"2022-11-09T06:06:55+00:00","dateModified":"2023-09-09T19:19:50+00:00","breadcrumb":{"@id":"https:\/\/rotary.fi\/vantaamyyrmaki\/mita-teemme\/viikko-ohjelma-2022-23\/#breadcrumb"},"inLanguage":"fi","potentialAction":[{"@type":"ReadAction","target":["https:\/\/rotary.fi\/vantaamyyrmaki\/mita-teemme\/viikko-ohjelma-2022-23\/"]}]},{"@type":"BreadcrumbList","@id":"https:\/\/rotary.fi\/vantaamyyrmaki\/mita-teemme\/viikko-ohjelma-2022-23\/#breadcrumb","itemListElement":[{"@type":"ListItem","position":1,"name":"Home","item":"https:\/\/rotary.fi\/vantaamyyrmaki\/"},{"@type":"ListItem","position":2,"name":"Mit\u00e4 teemme","item":"https:\/\/rotary.fi\/vantaamyyrmaki\/mita-teemme\/"},{"@type":"ListItem","position":3,"name":"Viikko-ohjelma 2022-23"}]},{"@type":"WebSite","@id":"https:\/\/rotary.fi\/vantaamyyrmaki\/#website","url":"https:\/\/rotary.fi\/vantaamyyrmaki\/","name":"Vantaa Myyrm\u00e4ki Rotaryklubi","description":"Uusi Rotary klubisivusto","potentialAction":[{"@type":"SearchAction","target":{"@type":"EntryPoint","urlTemplate":"https:\/\/rotary.fi\/vantaamyyrmaki\/?s={search_term_string}"},"query-input":{"@type":"PropertyValueSpecification","valueRequired":true,"valueName":"search_term_string"}}],"inLanguage":"fi"}]}},"lang":"fi","translations":{"fi":1646},"pll_sync_post":[],"_links":{"self":[{"href":"https:\/\/rotary.fi\/vantaamyyrmaki\/wp-json\/wp\/v2\/pages\/1646","targetHints":{"allow":["GET"]}}],"collection":[{"href":"https:\/\/rotary.fi\/vantaamyyrmaki\/wp-json\/wp\/v2\/pages"}],"about":[{"href":"https:\/\/rotary.fi\/vantaamyyrmaki\/wp-json\/wp\/v2\/types\/page"}],"author":[{"embeddable":true,"href":"https:\/\/rotary.fi\/vantaamyyrmaki\/wp-json\/wp\/v2\/users\/586"}],"replies":[{"embeddable":true,"href":"https:\/\/rotary.fi\/vantaamyyrmaki\/wp-json\/wp\/v2\/comments?post=1646"}],"version-history":[{"count":10,"href":"https:\/\/rotary.fi\/vantaamyyrmaki\/wp-json\/wp\/v2\/pages\/1646\/revisions"}],"predecessor-version":[{"id":1705,"href":"https:\/\/rotary.fi\/vantaamyyrmaki\/wp-json\/wp\/v2\/pages\/1646\/revisions\/1705"}],"up":[{"embeddable":true,"href":"https:\/\/rotary.fi\/vantaamyyrmaki\/wp-json\/wp\/v2\/pages\/77"}],"wp:attachment":[{"href":"https:\/\/rotary.fi\/vantaamyyrmaki\/wp-json\/wp\/v2\/media?parent=1646"}],"curies":[{"name":"wp","href":"https:\/\/api.w.org\/{rel}","templated":true}]}}