{"id":129,"date":"2018-08-10T13:41:39","date_gmt":"2018-08-10T10:41:39","guid":{"rendered":"https:\/\/rotary.fi\/klubi2\/?page_id=129"},"modified":"2022-10-10T20:09:51","modified_gmt":"2022-10-10T17:09:51","slug":"keita-olemme","status":"publish","type":"page","link":"https:\/\/rotary.fi\/vantaamyyrmaki\/keita-olemme\/","title":{"rendered":"Keit\u00e4 olemme"},"content":{"rendered":"<p>[et_pb_section fb_built=&#8221;1&#8243; module_class=&#8221;jumbotron-page&#8221; _builder_version=&#8221;4.16&#8243; background_image=&#8221;https:\/\/rotary.fi\/vantaamyyrmaki\/wp-content\/uploads\/sites\/227\/2018\/10\/rotary_klubit_alasivu_paakuva_12.jpg&#8221; global_colors_info=&#8221;{}&#8221;][et_pb_row _builder_version=&#8221;4.16&#8243; background_size=&#8221;initial&#8221; background_position=&#8221;top_left&#8221; background_repeat=&#8221;repeat&#8221; global_colors_info=&#8221;{}&#8221;][et_pb_column type=&#8221;4_4&#8243; _builder_version=&#8221;4.16&#8243; custom_padding=&#8221;|||&#8221; global_colors_info=&#8221;{}&#8221; custom_padding__hover=&#8221;|||&#8221;][et_pb_text admin_label=&#8221;P\u00e4\u00e4otsikko&#8221; _builder_version=&#8221;4.16&#8243; text_orientation=&#8221;center&#8221; background_layout=&#8221;dark&#8221; global_colors_info=&#8221;{}&#8221;]<\/p>\n<h1>Keit\u00e4 olemme<\/h1>\n<p>[\/et_pb_text][\/et_pb_column][\/et_pb_row][\/et_pb_section][et_pb_section fb_built=&#8221;1&#8243; specialty=&#8221;on&#8221; module_class_2=&#8221;sivupalkki&#8221; _builder_version=&#8221;4.16&#8243; global_colors_info=&#8221;{}&#8221;][et_pb_column type=&#8221;2_3&#8243; specialty_columns=&#8221;2&#8243; _builder_version=&#8221;4.16&#8243; custom_padding=&#8221;|||&#8221; global_colors_info=&#8221;{}&#8221; custom_padding__hover=&#8221;|||&#8221;][et_pb_row_inner admin_label=&#8221;Rivi&#8221; _builder_version=&#8221;4.16&#8243; global_colors_info=&#8221;{}&#8221;][et_pb_column_inner saved_specialty_column_type=&#8221;2_3&#8243; _builder_version=&#8221;4.16&#8243; custom_padding=&#8221;|||&#8221; global_colors_info=&#8221;{}&#8221; custom_padding__hover=&#8221;|||&#8221;][et_pb_text admin_label=&#8221;Otsikko&#8221; _builder_version=&#8221;4.16&#8243; text_orientation=&#8221;center&#8221; global_colors_info=&#8221;{}&#8221;]<\/p>\n<h1>Keit\u00e4 olemme<\/h1>\n<p>[\/et_pb_text][et_pb_text _builder_version=&#8221;4.16&#8243; global_colors_info=&#8221;{}&#8221;]<\/p>\n<p><span class=\"s1\">Vantaa Myyrm\u00e4ki Rotaryklubi<\/span><span class=\"s2\"> kokoaa eri alojen osaajia yhteen L\u00e4ntisen Vantaan alueella<\/span><span class=\"s2\">. Kokoonnumme <span class=\"s1\">joka maanantai<\/span>\u00a0<\/span><span class=\"s1\">p\u00e4iv\u00e4lliskokoukseen <\/span>klo 17.00-18.30 Wanda&#8217;s Kitchen &amp; Lounge -ravintolaan tapaamaan toisiamme, kuulemaan kiinnostavia esitelmi\u00e4 ja edist\u00e4m\u00e4\u00e4n hyv\u00e4\u00e4 omalla paikkakunnallamme. K\u00e4ymme my\u00f6s vierailemassa erilaisissa kohteissa. Tuemme kansainv\u00e4lisen Rotaryn humanitaarisia projekteja, osallistumme nuorisovaihtoon ja edist\u00e4mme l\u00e4hiseudun hyvinvointia.<\/p>\n<p>Klubimme on perustettu Vihtorinp\u00e4iv\u00e4n\u00e4 vuonna 1976. Kummiklubimme on Vantaan Rotaryklubi. Olemme osa piiri\u00e4 1420.<\/p>\n<p>&nbsp;<\/p>\n<h4>Harrastus, jolla on tarkoitus<\/h4>\n<p>Olemme keskittyneet nuorisovaihdon tukemiseen. J\u00e4rjest\u00e4mme nuoria Rotaryn kansainv\u00e4liseen nuorisovaihtoon vuosittain. Meid\u00e4n mielest\u00e4mme nuorisovaihto antaa nuorille unohtumattoman el\u00e4myksen lis\u00e4ksi mit\u00e4 parhaimmat l\u00e4ht\u00f6kohdat kansainv\u00e4listymiseen ja ihmisten moninaisuuden arvostamiseen.<\/p>\n<p>Osallistumme It\u00e4meren suojeluun j\u00e4rjest\u00e4m\u00e4ll\u00e4 muiden rotaryklubien kanssa Silakkasoutua, jonka avulla ker\u00e4\u00e4mme varoja It\u00e4meren tutkimukseen sek\u00e4 suojeluty\u00f6h\u00f6n. Silakkasoutu on j\u00e4rjestetty vuodesta 2013 l\u00e4htien ja sen avulla on ker\u00e4tty kymmeni\u00e4 tuhansia euroja It\u00e4meren suojeluun.<\/p>\n<p>Pid\u00e4mme arvossa kansainv\u00e4lisen Rotary Internationalin ponnisteluja ja j\u00e4rjest\u00f6n arvokasta ty\u00f6t\u00e4 muun muassa polion h\u00e4vitt\u00e4miseksi maapallolta. Pelk\u00e4st\u00e4\u00e4n t\u00e4h\u00e4n ty\u00f6h\u00f6n Rotary on suunnannut runsaasti vapaaehtoisvoimaa sek\u00e4 yli 1,2 miljardia US-dollaria.<\/p>\n<p>&nbsp;<\/p>\n<h4>Vaikuttava kansainv\u00e4linen verkosto<\/h4>\n<p>Rotary on Chicagossa 23.2.1905 perustettu kansainv\u00e4linen palvelu- ja hyv\u00e4ntekev\u00e4isyysorganisaatio. Rotary Internationalin kotipaikka on Evanston, USA:n osavaltiossa Illinoisissa. Tunnuslauseemme on Palvelu itsekkyyden edelle (Service Above Self).<\/p>\n<p>[\/et_pb_text][\/et_pb_column_inner][\/et_pb_row_inner][\/et_pb_column][et_pb_column type=&#8221;1_3&#8243; _builder_version=&#8221;4.16&#8243; custom_padding=&#8221;|||&#8221; global_colors_info=&#8221;{}&#8221; custom_padding__hover=&#8221;|||&#8221;][et_pb_sidebar area=&#8221;sidebar-1&#8243; module_class=&#8221;sivupalkki_sisalto&#8221; _builder_version=&#8221;4.16&#8243; locked=&#8221;on&#8221; global_colors_info=&#8221;{}&#8221;]<\/p>\n<p>[\/et_pb_sidebar][\/et_pb_column][\/et_pb_section]<\/p>\n","protected":false},"excerpt":{"rendered":"<p>Keit\u00e4 olemme Keit\u00e4 olemme Vantaa Myyrm\u00e4ki Rotaryklubi kokoaa eri alojen osaajia yhteen L\u00e4ntisen Vantaan alueella. Kokoonnumme joka maanantai\u00a0p\u00e4iv\u00e4lliskokoukseen klo 17.00-18.30 Wanda&#8217;s Kitchen &amp; Lounge -ravintolaan tapaamaan toisiamme, kuulemaan kiinnostavia esitelmi\u00e4 ja edist\u00e4m\u00e4\u00e4n hyv\u00e4\u00e4 omalla paikkakunnallamme. K\u00e4ymme my\u00f6s vierailemassa erilaisissa kohteissa. Tuemme kansainv\u00e4lisen Rotaryn humanitaarisia projekteja, osallistumme nuorisovaihtoon ja edist\u00e4mme l\u00e4hiseudun hyvinvointia. Klubimme on perustettu Vihtorinp\u00e4iv\u00e4n\u00e4 [&hellip;]<\/p>\n","protected":false},"author":1,"featured_media":0,"parent":0,"menu_order":0,"comment_status":"closed","ping_status":"closed","template":"","meta":{"_acf_changed":false,"_et_pb_use_builder":"on","_et_pb_old_content":"","_et_gb_content_width":"","footnotes":""},"class_list":["post-129","page","type-page","status-publish","hentry"],"acf":[],"yoast_head":"<!-- This site is optimized with the Yoast SEO plugin v27.0 - https:\/\/yoast.com\/product\/yoast-seo-wordpress\/ -->\n<title>Keit\u00e4 olemme - Vantaa Myyrm\u00e4ki Rotaryklubi<\/title>\n<meta name=\"robots\" content=\"index, follow, max-snippet:-1, max-image-preview:large, max-video-preview:-1\" \/>\n<link rel=\"canonical\" href=\"https:\/\/rotary.fi\/vantaamyyrmaki\/keita-olemme\/\" \/>\n<meta property=\"og:locale\" content=\"fi_FI\" \/>\n<meta property=\"og:type\" content=\"article\" \/>\n<meta property=\"og:title\" content=\"Keit\u00e4 olemme - Vantaa Myyrm\u00e4ki Rotaryklubi\" \/>\n<meta property=\"og:description\" content=\"Keit\u00e4 olemme Keit\u00e4 olemme Vantaa Myyrm\u00e4ki Rotaryklubi kokoaa eri alojen osaajia yhteen L\u00e4ntisen Vantaan alueella. Kokoonnumme joka maanantai\u00a0p\u00e4iv\u00e4lliskokoukseen klo 17.00-18.30 Wanda&#039;s Kitchen &amp; Lounge -ravintolaan tapaamaan toisiamme, kuulemaan kiinnostavia esitelmi\u00e4 ja edist\u00e4m\u00e4\u00e4n hyv\u00e4\u00e4 omalla paikkakunnallamme. K\u00e4ymme my\u00f6s vierailemassa erilaisissa kohteissa. Tuemme kansainv\u00e4lisen Rotaryn humanitaarisia projekteja, osallistumme nuorisovaihtoon ja edist\u00e4mme l\u00e4hiseudun hyvinvointia. Klubimme on perustettu Vihtorinp\u00e4iv\u00e4n\u00e4 [&hellip;]\" \/>\n<meta property=\"og:url\" content=\"https:\/\/rotary.fi\/vantaamyyrmaki\/keita-olemme\/\" \/>\n<meta property=\"og:site_name\" content=\"Vantaa Myyrm\u00e4ki Rotaryklubi\" \/>\n<meta property=\"article:modified_time\" content=\"2022-10-10T17:09:51+00:00\" \/>\n<meta name=\"twitter:card\" content=\"summary_large_image\" \/>\n<meta name=\"twitter:label1\" content=\"Arvioitu lukuaika\" \/>\n\t<meta name=\"twitter:data1\" content=\"2 minuuttia\" \/>\n<script type=\"application\/ld+json\" class=\"yoast-schema-graph\">{\"@context\":\"https:\/\/schema.org\",\"@graph\":[{\"@type\":\"WebPage\",\"@id\":\"https:\/\/rotary.fi\/vantaamyyrmaki\/keita-olemme\/\",\"url\":\"https:\/\/rotary.fi\/vantaamyyrmaki\/keita-olemme\/\",\"name\":\"Keit\u00e4 olemme - Vantaa Myyrm\u00e4ki Rotaryklubi\",\"isPartOf\":{\"@id\":\"https:\/\/rotary.fi\/vantaamyyrmaki\/#website\"},\"datePublished\":\"2018-08-10T10:41:39+00:00\",\"dateModified\":\"2022-10-10T17:09:51+00:00\",\"breadcrumb\":{\"@id\":\"https:\/\/rotary.fi\/vantaamyyrmaki\/keita-olemme\/#breadcrumb\"},\"inLanguage\":\"fi\",\"potentialAction\":[{\"@type\":\"ReadAction\",\"target\":[\"https:\/\/rotary.fi\/vantaamyyrmaki\/keita-olemme\/\"]}]},{\"@type\":\"BreadcrumbList\",\"@id\":\"https:\/\/rotary.fi\/vantaamyyrmaki\/keita-olemme\/#breadcrumb\",\"itemListElement\":[{\"@type\":\"ListItem\",\"position\":1,\"name\":\"Home\",\"item\":\"https:\/\/rotary.fi\/vantaamyyrmaki\/\"},{\"@type\":\"ListItem\",\"position\":2,\"name\":\"Keit\u00e4 olemme\"}]},{\"@type\":\"WebSite\",\"@id\":\"https:\/\/rotary.fi\/vantaamyyrmaki\/#website\",\"url\":\"https:\/\/rotary.fi\/vantaamyyrmaki\/\",\"name\":\"Vantaa Myyrm\u00e4ki Rotaryklubi\",\"description\":\"Uusi Rotary klubisivusto\",\"potentialAction\":[{\"@type\":\"SearchAction\",\"target\":{\"@type\":\"EntryPoint\",\"urlTemplate\":\"https:\/\/rotary.fi\/vantaamyyrmaki\/?s={search_term_string}\"},\"query-input\":{\"@type\":\"PropertyValueSpecification\",\"valueRequired\":true,\"valueName\":\"search_term_string\"}}],\"inLanguage\":\"fi\"}]}<\/script>\n<!-- \/ Yoast SEO plugin. -->","yoast_head_json":{"title":"Keit\u00e4 olemme - Vantaa Myyrm\u00e4ki Rotaryklubi","robots":{"index":"index","follow":"follow","max-snippet":"max-snippet:-1","max-image-preview":"max-image-preview:large","max-video-preview":"max-video-preview:-1"},"canonical":"https:\/\/rotary.fi\/vantaamyyrmaki\/keita-olemme\/","og_locale":"fi_FI","og_type":"article","og_title":"Keit\u00e4 olemme - Vantaa Myyrm\u00e4ki Rotaryklubi","og_description":"Keit\u00e4 olemme Keit\u00e4 olemme Vantaa Myyrm\u00e4ki Rotaryklubi kokoaa eri alojen osaajia yhteen L\u00e4ntisen Vantaan alueella. Kokoonnumme joka maanantai\u00a0p\u00e4iv\u00e4lliskokoukseen klo 17.00-18.30 Wanda's Kitchen &amp; Lounge -ravintolaan tapaamaan toisiamme, kuulemaan kiinnostavia esitelmi\u00e4 ja edist\u00e4m\u00e4\u00e4n hyv\u00e4\u00e4 omalla paikkakunnallamme. K\u00e4ymme my\u00f6s vierailemassa erilaisissa kohteissa. Tuemme kansainv\u00e4lisen Rotaryn humanitaarisia projekteja, osallistumme nuorisovaihtoon ja edist\u00e4mme l\u00e4hiseudun hyvinvointia. Klubimme on perustettu Vihtorinp\u00e4iv\u00e4n\u00e4 [&hellip;]","og_url":"https:\/\/rotary.fi\/vantaamyyrmaki\/keita-olemme\/","og_site_name":"Vantaa Myyrm\u00e4ki Rotaryklubi","article_modified_time":"2022-10-10T17:09:51+00:00","twitter_card":"summary_large_image","twitter_misc":{"Arvioitu lukuaika":"2 minuuttia"},"schema":{"@context":"https:\/\/schema.org","@graph":[{"@type":"WebPage","@id":"https:\/\/rotary.fi\/vantaamyyrmaki\/keita-olemme\/","url":"https:\/\/rotary.fi\/vantaamyyrmaki\/keita-olemme\/","name":"Keit\u00e4 olemme - Vantaa Myyrm\u00e4ki Rotaryklubi","isPartOf":{"@id":"https:\/\/rotary.fi\/vantaamyyrmaki\/#website"},"datePublished":"2018-08-10T10:41:39+00:00","dateModified":"2022-10-10T17:09:51+00:00","breadcrumb":{"@id":"https:\/\/rotary.fi\/vantaamyyrmaki\/keita-olemme\/#breadcrumb"},"inLanguage":"fi","potentialAction":[{"@type":"ReadAction","target":["https:\/\/rotary.fi\/vantaamyyrmaki\/keita-olemme\/"]}]},{"@type":"BreadcrumbList","@id":"https:\/\/rotary.fi\/vantaamyyrmaki\/keita-olemme\/#breadcrumb","itemListElement":[{"@type":"ListItem","position":1,"name":"Home","item":"https:\/\/rotary.fi\/vantaamyyrmaki\/"},{"@type":"ListItem","position":2,"name":"Keit\u00e4 olemme"}]},{"@type":"WebSite","@id":"https:\/\/rotary.fi\/vantaamyyrmaki\/#website","url":"https:\/\/rotary.fi\/vantaamyyrmaki\/","name":"Vantaa Myyrm\u00e4ki Rotaryklubi","description":"Uusi Rotary klubisivusto","potentialAction":[{"@type":"SearchAction","target":{"@type":"EntryPoint","urlTemplate":"https:\/\/rotary.fi\/vantaamyyrmaki\/?s={search_term_string}"},"query-input":{"@type":"PropertyValueSpecification","valueRequired":true,"valueName":"search_term_string"}}],"inLanguage":"fi"}]}},"lang":"fi","translations":{"fi":129},"pll_sync_post":[],"_links":{"self":[{"href":"https:\/\/rotary.fi\/vantaamyyrmaki\/wp-json\/wp\/v2\/pages\/129","targetHints":{"allow":["GET"]}}],"collection":[{"href":"https:\/\/rotary.fi\/vantaamyyrmaki\/wp-json\/wp\/v2\/pages"}],"about":[{"href":"https:\/\/rotary.fi\/vantaamyyrmaki\/wp-json\/wp\/v2\/types\/page"}],"author":[{"embeddable":true,"href":"https:\/\/rotary.fi\/vantaamyyrmaki\/wp-json\/wp\/v2\/users\/1"}],"replies":[{"embeddable":true,"href":"https:\/\/rotary.fi\/vantaamyyrmaki\/wp-json\/wp\/v2\/comments?post=129"}],"version-history":[{"count":10,"href":"https:\/\/rotary.fi\/vantaamyyrmaki\/wp-json\/wp\/v2\/pages\/129\/revisions"}],"predecessor-version":[{"id":1590,"href":"https:\/\/rotary.fi\/vantaamyyrmaki\/wp-json\/wp\/v2\/pages\/129\/revisions\/1590"}],"wp:attachment":[{"href":"https:\/\/rotary.fi\/vantaamyyrmaki\/wp-json\/wp\/v2\/media?parent=129"}],"curies":[{"name":"wp","href":"https:\/\/api.w.org\/{rel}","templated":true}]}}