{"id":3254,"date":"2025-10-26T19:35:32","date_gmt":"2025-10-26T17:35:32","guid":{"rendered":"https:\/\/rotary.fi\/vanhalinna\/?page_id=3254"},"modified":"2025-10-27T11:01:42","modified_gmt":"2025-10-27T09:01:42","slug":"kansainvaliset-hankkeemme","status":"publish","type":"page","link":"https:\/\/rotary.fi\/vanhalinna\/kansainvaliset-hankkeemme\/","title":{"rendered":"Kansainv\u00e4liset hankkeemme"},"content":{"rendered":"<p>[et_pb_section fb_built=&#8221;1&#8243; _builder_version=&#8221;4.27.4&#8243; _module_preset=&#8221;default&#8221; background_image=&#8221;https:\/\/rotary.fi\/vanhalinna\/wp-content\/uploads\/sites\/98\/2019\/04\/fullsizeoutput_2da3.jpeg&#8221; min_height=&#8221;411.1px&#8221; global_colors_info=&#8221;{}&#8221;][et_pb_row _builder_version=&#8221;4.27.4&#8243; _module_preset=&#8221;default&#8221; global_colors_info=&#8221;{}&#8221;][et_pb_column type=&#8221;4_4&#8243; _builder_version=&#8221;4.27.4&#8243; _module_preset=&#8221;default&#8221; global_colors_info=&#8221;{}&#8221;][et_pb_text _builder_version=&#8221;4.27.4&#8243; _module_preset=&#8221;default&#8221; custom_margin=&#8221;104px|||||&#8221; custom_padding=&#8221;||91px|||&#8221; hover_enabled=&#8221;0&#8243; global_colors_info=&#8221;{}&#8221; sticky_enabled=&#8221;0&#8243;]<\/p>\n<h2 style=\"text-align: center\"><span style=\"color: #ffffff\"><strong>Kansainv\u00e4liset hankkeemme<\/strong><\/span><\/h2>\n<p>[\/et_pb_text][\/et_pb_column][\/et_pb_row][\/et_pb_section][et_pb_section fb_built=&#8221;1&#8243; _builder_version=&#8221;4.27.4&#8243; _module_preset=&#8221;default&#8221; global_colors_info=&#8221;{}&#8221;][et_pb_row _builder_version=&#8221;4.27.4&#8243; _module_preset=&#8221;default&#8221; global_colors_info=&#8221;{}&#8221;][et_pb_column type=&#8221;4_4&#8243; _builder_version=&#8221;4.27.4&#8243; _module_preset=&#8221;default&#8221; global_colors_info=&#8221;{}&#8221;][et_pb_text _builder_version=&#8221;4.27.4&#8243; _module_preset=&#8221;default&#8221; global_colors_info=&#8221;{}&#8221;]<\/p>\n<h3 style=\"text-align: center\"><span style=\"color: #00ccff\"><strong>Keskosten hoidon huippuosaamista &#8211; <\/strong><\/span><\/h3>\n<h3 style=\"text-align: center\"><span style=\"color: #00ccff\"><strong>vahvasti rotareiden yhdess\u00e4 tukemana<\/strong><\/span><\/h3>\n<p>[\/et_pb_text][et_pb_text _builder_version=&#8221;4.27.4&#8243; _module_preset=&#8221;default&#8221; global_colors_info=&#8221;{}&#8221;]<\/p>\n<p style=\"font-weight: 400\">Klubimme on toteuttanut rotareiden palveluteht\u00e4v\u00e4\u00e4 merkitt\u00e4v\u00e4ll\u00e4 tavalla tukemalla perheiden hyvinvointia. Kansainv\u00e4listen hankkeiden keskeinen painopiste on ollut keskosten hoidon tukeminen edesauttamalla Vanhemmat Vahvasti Mukaan (VVM) hoitomenetelm\u00e4n tunnetuksi tekemist\u00e4.<\/p>\n<h4 style=\"font-weight: 400\"><span style=\"font-size: large\"><strong><u>Mik\u00e4 ihmeen VVM?<\/u><\/strong><\/span><\/h4>\n<p style=\"font-weight: 400\">VVM on perhekeskeinen hoitomenetelm\u00e4, jossa Vanhemmat otetaan Vahvasti Mukaan osaksi keskoslasta hoitavaa ammattilaisten joukkoa. Vanhemman syliss\u00e4 hoidon saava pienokainen kehittyy nopeammin kuin keskoskaapissa,\u00a0 ja vanhemmat voivat henkisesti paremmin.\u00a0 Hyvill\u00e4 hoitotuloksilla on positiivinen vaikutus my\u00f6s keskoloiden (NICU = Neonatal Intensive Care Unit) ty\u00f6ilmapiiriin<\/p>\n<p style=\"font-weight: 400\"><div id=\"attachment_1687\" style=\"width: 668px\" class=\"wp-caption alignnone\"><img loading=\"lazy\" decoding=\"async\" aria-describedby=\"caption-attachment-1687\" src=\"https:\/\/rotary.fi\/vanhalinna\/wp-content\/uploads\/sites\/98\/2019\/04\/fullsizeoutput_2da2.jpeg\" width=\"658\" height=\"493\" alt=\"\" class=\"wp-image-1687 size-full\" style=\"margin-left: auto;margin-right: auto\" srcset=\"https:\/\/rotary.fi\/vanhalinna\/wp-content\/uploads\/sites\/98\/2019\/04\/fullsizeoutput_2da2.jpeg 658w, https:\/\/rotary.fi\/vanhalinna\/wp-content\/uploads\/sites\/98\/2019\/04\/fullsizeoutput_2da2-300x225.jpeg 300w, https:\/\/rotary.fi\/vanhalinna\/wp-content\/uploads\/sites\/98\/2019\/04\/fullsizeoutput_2da2-510x382.jpeg 510w\" sizes=\"(max-width: 658px) 100vw, 658px\" \/><p id=\"caption-attachment-1687\" class=\"wp-caption-text\">Pikkukeskosta hoidetaan turvallisesti \u00e4idin syliss\u00e4. Kuva Liisa Lehtosen kokoelmista.<\/p><\/div><\/p>\n<p style=\"font-weight: 400\">VVM-menetelm\u00e4 ja sen koulutusohjelma on kehitetty TYKSin keskolassa professori Liisa Lehtosen ryhm\u00e4ss\u00e4, jossa mukana keskeisin\u00e4 vaikuttajina ovat olleet professori Anna Axelin sek\u00e4 dosentti Sari Ahlqvist-Bj\u00f6rkroth. Turussa tehdyn kehitysty\u00f6n j\u00e4lkeen koulutettiin ensimm\u00e4isen\u00e4 Satakunnan keskussairaalan keskola vuonna 2012. Sek\u00e4 VVM-menetelm\u00e4n kokonaisvaltaiset edut ett\u00e4 hoitotapaan valmentava puolitoistavuotinen koulutusohjelma on tunnustettu laajalti kansainv\u00e4lisesti. TYKSin VVM-koulutustiimi on kouluttanut vuoteen 2026 menness\u00e4 noin nelj\u00e4kymment\u00e4 keskolaa, joukossa Suomen ja Viron kaikki keskolat ja n\u00e4iden lis\u00e4ksi useita keskoloita Euroopassa ja Aasiassa. Latviassa Riiassa (Lieto Vanhalinna)\u00a0 ja Tsekinmaan Pardubicessa (Turku Samppalinna) koulutus tapahtui rotarys\u00e4ti\u00f6n tukemina kansainv\u00e4lisin\u00e4 Global Grant -hankkeina.<\/p>\n<p style=\"font-weight: 400\">T\u00e4h\u00e4n aiheeseen liittyen olemme toteuttaneet seuraavat keskosaiheiset hankkeet:<\/p>\n<ul>\n<li><strong>Close Collaboration with Parents Training Program Information Seminar on June 4-5, 2015 in Turku and Lieto, Finland<\/strong><\/li>\n<\/ul>\n<p style=\"font-weight: 400\">Seminaarin tavoitteena oli tehd\u00e4 VVM koulutusohjelma kansainv\u00e4lisesti tunnetuksi.\u00a0 J\u00e4rjest\u00e4jin\u00e4 olivat TYKSin VVM koulutusryhm\u00e4 ja Lieto Vanhalinnan rotaryklubi.\u00a0 Osallistujia oli seitsem\u00e4st\u00e4 maasta yhdest\u00e4toista NICUsta.<\/p>\n<p style=\"font-weight: 400\"><img loading=\"lazy\" decoding=\"async\" src=\"https:\/\/rotary.fi\/vanhalinna\/wp-content\/uploads\/sites\/98\/2021\/05\/rc-netti-3.jpg\" width=\"1080\" height=\"611\" alt=\"\" class=\"wp-image-2177 alignnone size-full\" srcset=\"https:\/\/rotary.fi\/vanhalinna\/wp-content\/uploads\/sites\/98\/2021\/05\/rc-netti-3.jpg 1080w, https:\/\/rotary.fi\/vanhalinna\/wp-content\/uploads\/sites\/98\/2021\/05\/rc-netti-3-980x554.jpg 980w, https:\/\/rotary.fi\/vanhalinna\/wp-content\/uploads\/sites\/98\/2021\/05\/rc-netti-3-480x272.jpg 480w\" sizes=\"(min-width: 0px) and (max-width: 480px) 480px, (min-width: 481px) and (max-width: 980px) 980px, (min-width: 981px) 1080px, 100vw\" \/><\/p>\n<p style=\"font-weight: 400\">Tyytyv\u00e4isi\u00e4 seminaarilaisia seitsem\u00e4st\u00e4 maasta Liedon Vanhalinnassa kes\u00e4ll\u00e4 2015.<\/p>\n<ul>\n<li><strong>Vastasyntyneiden tehohoidon parantaminen Vanhemman Vahvasti Mukaan koulutusohjelman avulla (<\/strong><strong>GG1873060 Improvement of neonatal intensive Care through Close Collaboration with Parents Training Program)<\/strong><\/li>\n<\/ul>\n<p style=\"font-weight: 400\">Hankkeesta on oma juttu.<\/p>\n<p style=\"font-weight: 400\">VVM koulutushankkeemme Riiassa valittiin piirimme edustajaksi, kun<\/p>\n<p style=\"font-weight: 400\">Rotary 120 vuotta juhlassa Tampereella kev\u00e4\u00e4ll\u00e4 2025 esitettiin piirien k\u00e4rkihankkeita. T\u00e4\u00e4lt\u00e4 voit katsoa videoesityksen.<\/p>\n<p style=\"font-weight: 400\"><a href=\"https:\/\/youtu.be\/iOt3VhUeUGM\">https:\/\/youtu.be\/iOt3VhUeUGM<\/a><\/p>\n<ul>\n<li><strong>Riian Yliopistollisen sairaalan keskolan hoitajille asianmukaiset ty\u00f6asut<\/strong><\/li>\n<\/ul>\n<p style=\"font-weight: 400\">\n<p style=\"font-weight: 400\">Hankkeesta on oma juttu.<\/p>\n<p style=\"font-weight: 400\">\n<ul>\n<li><strong>Keskoloiden hoitajien t\u00e4ydennyskoulutusseminaari \u201dThe First International Conference of the Close Collaboration with Parents\u201d in Kaunas, Lithuania on\u00a0<em>May 15\u201316, 2025<\/em>.<\/strong><\/li>\n<\/ul>\n<p style=\"font-weight: 400\">Hankkeesta on oma juttu. Katso kuvia ja tunnelmia seminaarista <a href=\"https:\/\/www.facebook.com\/share\/p\/1EYPj6NhoA\/\">https:\/\/www.facebook.com\/share\/p\/1EYPj6NhoA\/<\/a><\/p>\n<table style=\"font-weight: 400\">\n<tbody>\n<tr>\n<td width=\"76\">\n<table width=\"100%\">\n<tbody>\n<tr>\n<td>\n<p><span>\u00a0<\/span><\/p>\n<\/td>\n<\/tr>\n<\/tbody>\n<\/table>\n<\/td>\n<\/tr>\n<\/tbody>\n<\/table>\n<p style=\"font-weight: 400\">\n<p style=\"font-weight: 400\">[\/et_pb_text][\/et_pb_column][\/et_pb_row][\/et_pb_section]<\/p>\n","protected":false},"excerpt":{"rendered":"<p>Kansainv\u00e4liset hankkeemmeKeskosten hoidon huippuosaamista &#8211; vahvasti rotareiden yhdess\u00e4 tukemanaKlubimme on toteuttanut rotareiden palveluteht\u00e4v\u00e4\u00e4 merkitt\u00e4v\u00e4ll\u00e4 tavalla tukemalla perheiden hyvinvointia. Kansainv\u00e4listen hankkeiden keskeinen painopiste on ollut keskosten hoidon tukeminen edesauttamalla Vanhemmat Vahvasti Mukaan (VVM) hoitomenetelm\u00e4n tunnetuksi tekemist\u00e4. Mik\u00e4 ihmeen VVM? VVM on perhekeskeinen hoitomenetelm\u00e4, jossa Vanhemmat otetaan Vahvasti Mukaan osaksi keskoslasta hoitavaa ammattilaisten joukkoa. Vanhemman syliss\u00e4 hoidon [&hellip;]<\/p>\n","protected":false},"author":488,"featured_media":0,"parent":0,"menu_order":0,"comment_status":"closed","ping_status":"closed","template":"","meta":{"_acf_changed":false,"_et_pb_use_builder":"on","_et_pb_old_content":"","_et_gb_content_width":"","footnotes":""},"class_list":["post-3254","page","type-page","status-publish","hentry"],"acf":[],"yoast_head":"<!-- This site is optimized with the Yoast SEO plugin v27.0 - https:\/\/yoast.com\/product\/yoast-seo-wordpress\/ -->\n<title>Kansainv\u00e4liset hankkeemme - Lieto Vanhalinnan Rotaryklubi<\/title>\n<meta name=\"robots\" content=\"index, follow, max-snippet:-1, max-image-preview:large, max-video-preview:-1\" \/>\n<link rel=\"canonical\" href=\"https:\/\/rotary.fi\/vanhalinna\/kansainvaliset-hankkeemme\/\" \/>\n<meta property=\"og:locale\" content=\"fi_FI\" \/>\n<meta property=\"og:type\" content=\"article\" \/>\n<meta property=\"og:title\" content=\"Kansainv\u00e4liset hankkeemme - Lieto Vanhalinnan Rotaryklubi\" \/>\n<meta property=\"og:description\" content=\"Kansainv\u00e4liset hankkeemmeKeskosten hoidon huippuosaamista - vahvasti rotareiden yhdess\u00e4 tukemanaKlubimme on toteuttanut rotareiden palveluteht\u00e4v\u00e4\u00e4 merkitt\u00e4v\u00e4ll\u00e4 tavalla tukemalla perheiden hyvinvointia. Kansainv\u00e4listen hankkeiden keskeinen painopiste on ollut keskosten hoidon tukeminen edesauttamalla Vanhemmat Vahvasti Mukaan (VVM) hoitomenetelm\u00e4n tunnetuksi tekemist\u00e4. Mik\u00e4 ihmeen VVM? VVM on perhekeskeinen hoitomenetelm\u00e4, jossa Vanhemmat otetaan Vahvasti Mukaan osaksi keskoslasta hoitavaa ammattilaisten joukkoa. Vanhemman syliss\u00e4 hoidon [&hellip;]\" \/>\n<meta property=\"og:url\" content=\"https:\/\/rotary.fi\/vanhalinna\/kansainvaliset-hankkeemme\/\" \/>\n<meta property=\"og:site_name\" content=\"Lieto Vanhalinnan Rotaryklubi\" \/>\n<meta property=\"article:modified_time\" content=\"2025-10-27T09:01:42+00:00\" \/>\n<meta property=\"og:image\" content=\"https:\/\/rotary.fi\/vanhalinna\/wp-content\/uploads\/sites\/98\/2019\/04\/fullsizeoutput_2da2.jpeg\" \/>\n\t<meta property=\"og:image:width\" content=\"658\" \/>\n\t<meta property=\"og:image:height\" content=\"493\" \/>\n\t<meta property=\"og:image:type\" content=\"image\/jpeg\" \/>\n<meta name=\"twitter:card\" content=\"summary_large_image\" \/>\n<script type=\"application\/ld+json\" class=\"yoast-schema-graph\">{\"@context\":\"https:\/\/schema.org\",\"@graph\":[{\"@type\":\"WebPage\",\"@id\":\"https:\/\/rotary.fi\/vanhalinna\/kansainvaliset-hankkeemme\/\",\"url\":\"https:\/\/rotary.fi\/vanhalinna\/kansainvaliset-hankkeemme\/\",\"name\":\"Kansainv\u00e4liset hankkeemme - Lieto Vanhalinnan Rotaryklubi\",\"isPartOf\":{\"@id\":\"https:\/\/rotary.fi\/vanhalinna\/#website\"},\"primaryImageOfPage\":{\"@id\":\"https:\/\/rotary.fi\/vanhalinna\/kansainvaliset-hankkeemme\/#primaryimage\"},\"image\":{\"@id\":\"https:\/\/rotary.fi\/vanhalinna\/kansainvaliset-hankkeemme\/#primaryimage\"},\"thumbnailUrl\":\"https:\/\/rotary.fi\/vanhalinna\/wp-content\/uploads\/sites\/98\/2019\/04\/fullsizeoutput_2da2.jpeg\",\"datePublished\":\"2025-10-26T17:35:32+00:00\",\"dateModified\":\"2025-10-27T09:01:42+00:00\",\"breadcrumb\":{\"@id\":\"https:\/\/rotary.fi\/vanhalinna\/kansainvaliset-hankkeemme\/#breadcrumb\"},\"inLanguage\":\"fi\",\"potentialAction\":[{\"@type\":\"ReadAction\",\"target\":[\"https:\/\/rotary.fi\/vanhalinna\/kansainvaliset-hankkeemme\/\"]}]},{\"@type\":\"ImageObject\",\"inLanguage\":\"fi\",\"@id\":\"https:\/\/rotary.fi\/vanhalinna\/kansainvaliset-hankkeemme\/#primaryimage\",\"url\":\"https:\/\/rotary.fi\/vanhalinna\/wp-content\/uploads\/sites\/98\/2019\/04\/fullsizeoutput_2da2.jpeg\",\"contentUrl\":\"https:\/\/rotary.fi\/vanhalinna\/wp-content\/uploads\/sites\/98\/2019\/04\/fullsizeoutput_2da2.jpeg\",\"width\":658,\"height\":493,\"caption\":\"Pikkukeskosta hoidetaan turvallisesti \u00e4idin syliss\u00e4. Kuva Liisa Lehtosen kokoelmista.\"},{\"@type\":\"BreadcrumbList\",\"@id\":\"https:\/\/rotary.fi\/vanhalinna\/kansainvaliset-hankkeemme\/#breadcrumb\",\"itemListElement\":[{\"@type\":\"ListItem\",\"position\":1,\"name\":\"Home\",\"item\":\"https:\/\/rotary.fi\/vanhalinna\/\"},{\"@type\":\"ListItem\",\"position\":2,\"name\":\"Kansainv\u00e4liset hankkeemme\"}]},{\"@type\":\"WebSite\",\"@id\":\"https:\/\/rotary.fi\/vanhalinna\/#website\",\"url\":\"https:\/\/rotary.fi\/vanhalinna\/\",\"name\":\"Lieto Vanhalinnan Rotaryklubi\",\"description\":\"Uusi Rotary klubisivusto\",\"potentialAction\":[{\"@type\":\"SearchAction\",\"target\":{\"@type\":\"EntryPoint\",\"urlTemplate\":\"https:\/\/rotary.fi\/vanhalinna\/?s={search_term_string}\"},\"query-input\":{\"@type\":\"PropertyValueSpecification\",\"valueRequired\":true,\"valueName\":\"search_term_string\"}}],\"inLanguage\":\"fi\"}]}<\/script>\n<!-- \/ Yoast SEO plugin. -->","yoast_head_json":{"title":"Kansainv\u00e4liset hankkeemme - Lieto Vanhalinnan Rotaryklubi","robots":{"index":"index","follow":"follow","max-snippet":"max-snippet:-1","max-image-preview":"max-image-preview:large","max-video-preview":"max-video-preview:-1"},"canonical":"https:\/\/rotary.fi\/vanhalinna\/kansainvaliset-hankkeemme\/","og_locale":"fi_FI","og_type":"article","og_title":"Kansainv\u00e4liset hankkeemme - Lieto Vanhalinnan Rotaryklubi","og_description":"Kansainv\u00e4liset hankkeemmeKeskosten hoidon huippuosaamista - vahvasti rotareiden yhdess\u00e4 tukemanaKlubimme on toteuttanut rotareiden palveluteht\u00e4v\u00e4\u00e4 merkitt\u00e4v\u00e4ll\u00e4 tavalla tukemalla perheiden hyvinvointia. Kansainv\u00e4listen hankkeiden keskeinen painopiste on ollut keskosten hoidon tukeminen edesauttamalla Vanhemmat Vahvasti Mukaan (VVM) hoitomenetelm\u00e4n tunnetuksi tekemist\u00e4. Mik\u00e4 ihmeen VVM? VVM on perhekeskeinen hoitomenetelm\u00e4, jossa Vanhemmat otetaan Vahvasti Mukaan osaksi keskoslasta hoitavaa ammattilaisten joukkoa. Vanhemman syliss\u00e4 hoidon [&hellip;]","og_url":"https:\/\/rotary.fi\/vanhalinna\/kansainvaliset-hankkeemme\/","og_site_name":"Lieto Vanhalinnan Rotaryklubi","article_modified_time":"2025-10-27T09:01:42+00:00","og_image":[{"width":658,"height":493,"url":"https:\/\/rotary.fi\/vanhalinna\/wp-content\/uploads\/sites\/98\/2019\/04\/fullsizeoutput_2da2.jpeg","type":"image\/jpeg"}],"twitter_card":"summary_large_image","schema":{"@context":"https:\/\/schema.org","@graph":[{"@type":"WebPage","@id":"https:\/\/rotary.fi\/vanhalinna\/kansainvaliset-hankkeemme\/","url":"https:\/\/rotary.fi\/vanhalinna\/kansainvaliset-hankkeemme\/","name":"Kansainv\u00e4liset hankkeemme - Lieto Vanhalinnan Rotaryklubi","isPartOf":{"@id":"https:\/\/rotary.fi\/vanhalinna\/#website"},"primaryImageOfPage":{"@id":"https:\/\/rotary.fi\/vanhalinna\/kansainvaliset-hankkeemme\/#primaryimage"},"image":{"@id":"https:\/\/rotary.fi\/vanhalinna\/kansainvaliset-hankkeemme\/#primaryimage"},"thumbnailUrl":"https:\/\/rotary.fi\/vanhalinna\/wp-content\/uploads\/sites\/98\/2019\/04\/fullsizeoutput_2da2.jpeg","datePublished":"2025-10-26T17:35:32+00:00","dateModified":"2025-10-27T09:01:42+00:00","breadcrumb":{"@id":"https:\/\/rotary.fi\/vanhalinna\/kansainvaliset-hankkeemme\/#breadcrumb"},"inLanguage":"fi","potentialAction":[{"@type":"ReadAction","target":["https:\/\/rotary.fi\/vanhalinna\/kansainvaliset-hankkeemme\/"]}]},{"@type":"ImageObject","inLanguage":"fi","@id":"https:\/\/rotary.fi\/vanhalinna\/kansainvaliset-hankkeemme\/#primaryimage","url":"https:\/\/rotary.fi\/vanhalinna\/wp-content\/uploads\/sites\/98\/2019\/04\/fullsizeoutput_2da2.jpeg","contentUrl":"https:\/\/rotary.fi\/vanhalinna\/wp-content\/uploads\/sites\/98\/2019\/04\/fullsizeoutput_2da2.jpeg","width":658,"height":493,"caption":"Pikkukeskosta hoidetaan turvallisesti \u00e4idin syliss\u00e4. Kuva Liisa Lehtosen kokoelmista."},{"@type":"BreadcrumbList","@id":"https:\/\/rotary.fi\/vanhalinna\/kansainvaliset-hankkeemme\/#breadcrumb","itemListElement":[{"@type":"ListItem","position":1,"name":"Home","item":"https:\/\/rotary.fi\/vanhalinna\/"},{"@type":"ListItem","position":2,"name":"Kansainv\u00e4liset hankkeemme"}]},{"@type":"WebSite","@id":"https:\/\/rotary.fi\/vanhalinna\/#website","url":"https:\/\/rotary.fi\/vanhalinna\/","name":"Lieto Vanhalinnan Rotaryklubi","description":"Uusi Rotary klubisivusto","potentialAction":[{"@type":"SearchAction","target":{"@type":"EntryPoint","urlTemplate":"https:\/\/rotary.fi\/vanhalinna\/?s={search_term_string}"},"query-input":{"@type":"PropertyValueSpecification","valueRequired":true,"valueName":"search_term_string"}}],"inLanguage":"fi"}]}},"lang":"fi","translations":{"fi":3254},"pll_sync_post":[],"_links":{"self":[{"href":"https:\/\/rotary.fi\/vanhalinna\/wp-json\/wp\/v2\/pages\/3254","targetHints":{"allow":["GET"]}}],"collection":[{"href":"https:\/\/rotary.fi\/vanhalinna\/wp-json\/wp\/v2\/pages"}],"about":[{"href":"https:\/\/rotary.fi\/vanhalinna\/wp-json\/wp\/v2\/types\/page"}],"author":[{"embeddable":true,"href":"https:\/\/rotary.fi\/vanhalinna\/wp-json\/wp\/v2\/users\/488"}],"replies":[{"embeddable":true,"href":"https:\/\/rotary.fi\/vanhalinna\/wp-json\/wp\/v2\/comments?post=3254"}],"version-history":[{"count":9,"href":"https:\/\/rotary.fi\/vanhalinna\/wp-json\/wp\/v2\/pages\/3254\/revisions"}],"predecessor-version":[{"id":3329,"href":"https:\/\/rotary.fi\/vanhalinna\/wp-json\/wp\/v2\/pages\/3254\/revisions\/3329"}],"wp:attachment":[{"href":"https:\/\/rotary.fi\/vanhalinna\/wp-json\/wp\/v2\/media?parent=3254"}],"curies":[{"name":"wp","href":"https:\/\/api.w.org\/{rel}","templated":true}]}}