{"id":2853,"date":"2023-09-30T11:51:45","date_gmt":"2023-09-30T08:51:45","guid":{"rendered":"https:\/\/rotary.fi\/vanhalinna\/?page_id=2853"},"modified":"2025-10-06T13:48:07","modified_gmt":"2025-10-06T10:48:07","slug":"mobiilimajakka-hanke","status":"publish","type":"page","link":"https:\/\/rotary.fi\/vanhalinna\/mobiilimajakka-hanke\/","title":{"rendered":"Mobiilimajakka -hanke"},"content":{"rendered":"<p>[et_pb_section fb_built=&#8221;1&#8243; admin_label=&#8221;section&#8221; _builder_version=&#8221;4.16&#8243; global_colors_info=&#8221;{}&#8221;][et_pb_row admin_label=&#8221;row&#8221; _builder_version=&#8221;4.16&#8243; background_size=&#8221;initial&#8221; background_position=&#8221;top_left&#8221; background_repeat=&#8221;repeat&#8221; custom_padding=&#8221;13px|||||&#8221; global_colors_info=&#8221;{}&#8221;][et_pb_column type=&#8221;4_4&#8243; _builder_version=&#8221;4.16&#8243; custom_padding=&#8221;|||&#8221; global_colors_info=&#8221;{}&#8221; custom_padding__hover=&#8221;|||&#8221;][et_pb_text admin_label=&#8221;Text&#8221; _builder_version=&#8221;4.27.4&#8243; background_size=&#8221;initial&#8221; background_position=&#8221;top_left&#8221; background_repeat=&#8221;repeat&#8221; hover_enabled=&#8221;0&#8243; global_colors_info=&#8221;{}&#8221; sticky_enabled=&#8221;0&#8243;]<\/p>\n<p style=\"text-align: center\"><img loading=\"lazy\" decoding=\"async\" src=\"https:\/\/rotary.fi\/vanhalinna\/wp-content\/uploads\/sites\/98\/2024\/02\/mobiilimajakka-kuva-soveluksesta.jpg\" width=\"580\" height=\"553\" alt=\"\" class=\"wp-image-2913 alignnone size-full\" srcset=\"https:\/\/rotary.fi\/vanhalinna\/wp-content\/uploads\/sites\/98\/2024\/02\/mobiilimajakka-kuva-soveluksesta.jpg 580w, https:\/\/rotary.fi\/vanhalinna\/wp-content\/uploads\/sites\/98\/2024\/02\/mobiilimajakka-kuva-soveluksesta-480x458.jpg 480w\" sizes=\"(min-width: 0px) and (max-width: 480px) 480px, (min-width: 481px) 580px, 100vw\" \/><\/p>\n<h4><strong>MOBIILIMAJAKKA \u2013 ROTAREIDEN TUELLA TEHTY SOVELLUS LASTEN SAIRAALAPELON V\u00c4HENT\u00c4MISEKSI<\/strong><\/h4>\n<p>&nbsp;<\/p>\n<p>Jopa 70 % lapsista k\u00e4rsii sairaalaan liittyvist\u00e4 peloista. Ahdistusoireita aiheuttavat sek\u00e4 hoidot ett\u00e4 tutkimuksiin liittyv\u00e4t toimenpiteet. Ongelmaa helpottamaan luotiin Turun ammattikorkeakoulussa <strong>mobiilimajakaksi<\/strong> nimetty sovellus terveystieteiden tohtori Mirka Toivosen johdolla. Hanke suunniteltiin yhdess\u00e4 Lieto Vanhalinnan rotaryklubin kanssa pilottihankkeeksi, jonka avulla voitaisiin arvioida l\u00e4hestymistavan soveltamismahdollisuuksia sairaalaymp\u00e4rist\u00f6\u00f6n laajemminkin. Pilotin toteutus tuli taloudellisesti mahdolliseksi, kun mukaan rahoittajiksi saatiin Kaarinan, Raision ja Turku Sirkkalan rotaryklubit sek\u00e4 piiri D1410.<\/p>\n<p>Sovellus kehitettiin tukemaan erityisesti TYKSin Majakkasairaalaan kuvantamistutkimukseen menevi\u00e4 lapsia sek\u00e4 kuvantamisyksik\u00f6ss\u00e4 ja lasten p\u00e4iv\u00e4sairaalassa ty\u00f6skentelevi\u00e4 hoitajia, jotka voivat hy\u00f6dynt\u00e4\u00e4 sovellusta ohjatessaan lapsia ja perheit\u00e4. Mobiilimajakan perustana olevat 360-kuvat otettiin kes\u00e4ll\u00e4 2023, jonka j\u00e4lkeen tehtiin sovelluksen ohjelma Turun AMKssa.<\/p>\n<p>Sovelluksen avulla lapsi ja perhe p\u00e4\u00e4sev\u00e4t ottamaan tuntumaa sairaalassa k\u00e4yntiin.<span>\u00a0 <\/span>Matka alkaa parkkipaikalta kulkien sairaalan aulan ja hissin kautta toimenpidehuoneisiin saakka ja takaisin. Matkalla tutuksi tulevat ilmoittautuminen ja toimenpiteet sek\u00e4 niiss\u00e4 k\u00e4ytett\u00e4v\u00e4t laitteet. <span>\u00a0<\/span><\/p>\n<p>Sairaala on lapsille ennest\u00e4\u00e4n tuntematon paikka. Sairaalapelon kokemus merkitsee lapselle turvattomuuden, haavoitetuksi tulemisen ja avuttomuuden tunteita. Pelot heikent\u00e4v\u00e4t hoidon tuloksia. Ne v\u00e4hent\u00e4v\u00e4t hoitomy\u00f6ntyvyytt\u00e4, aiheuttavat ahdistusta sairaalassaolon aikana, ja ne vaikeuttavat toimenpiteiden suorittamista ja lis\u00e4\u00e4v\u00e4t henkil\u00f6kunnan ty\u00f6t\u00e4. Oletuksena on, ett\u00e4 kun lapsi tiet\u00e4\u00e4, mihin h\u00e4n tulee ja mit\u00e4 osastolla tapahtuu, onnistuu tutkimus tai toimenpide helpommin.<\/p>\n<p>Helmikuun 13. p\u00e4iv\u00e4n\u00e4 oli meill\u00e4 hankkeen rahoittaneilla klubeilla hieno tilaisuus tutustua mobiili-majakka-sovellukseen tohtori Mirka Toivosen kutsumana Turun AMKissa. Kolmisen-kymment\u00e4 rotaria, joukossa my\u00f6s kuvern\u00f6\u00f6rimme Aaro S\u00f6derlund, vaikuttuivat sovelluksen selkeydest\u00e4, johdonmukaisuudesta ja k\u00e4yt\u00f6n helppoudesta. Iloksemme kuulimme, ett\u00e4 vuoden vaihteessa valmistunut sovellus on jo hyvin aktiivisesti k\u00e4yt\u00f6ss\u00e4 ja ett\u00e4 sit\u00e4 oli katsottu jo yli 400 kertaa.<\/p>\n<p>Mobiilimajakassa toteutuvat ideaalisen rotaryhankkeen tunnusmerkit. On tunnistettu merkitt\u00e4v\u00e4, suurta joukkoa koskeva avuntarve, johon on tuotettu ratkaisu vahvalla asiantuntemuksella ja rotaryklubien ja rotarypiirin tuella. Hanke on tuottanut hauskaa ja avartavaa sis\u00e4lt\u00f6\u00e4 klubien toimintaan ja vahvistanut klubien yhteisty\u00f6t\u00e4. Onnistunut mobiilimajakka avaa mahdollisuuksia uusiin rotaryhankkeisiin, sill\u00e4 sovellusta on tarkoitus laajentaa my\u00f6hemmin koskemaan Majakkasairaalaa laajemminkin. Sovellus on pienin muutoksin monistettavissa my\u00f6s muihin sairaaloihin.<\/p>\n<p>Mobiilimajakka-sovelluksen voi katsoa osoitteesta <a href=\"https:\/\/www.thinglink.com\/card\/1763230736510354276\">https:\/\/www.thinglink.com\/card\/1763230736510354276<\/a><\/p>\n<p>&nbsp;<\/p>\n<p>&nbsp;<\/p>\n<p>&nbsp;<\/p>\n<p>&nbsp;<\/p>\n<p>&nbsp;<\/p>\n<p>.<\/p>\n<p>[\/et_pb_text][\/et_pb_column][\/et_pb_row][\/et_pb_section][et_pb_section fb_built=&#8221;1&#8243; theme_builder_area=&#8221;post_content&#8221; _builder_version=&#8221;4.27.4&#8243; _module_preset=&#8221;default&#8221;][et_pb_row _builder_version=&#8221;4.27.4&#8243; _module_preset=&#8221;default&#8221; theme_builder_area=&#8221;post_content&#8221;][et_pb_column _builder_version=&#8221;4.27.4&#8243; _module_preset=&#8221;default&#8221; theme_builder_area=&#8221;post_content&#8221; type=&#8221;4_4&#8243;][\/et_pb_column][\/et_pb_row][\/et_pb_section]<\/p>\n","protected":false},"excerpt":{"rendered":"<p>MOBIILIMAJAKKA \u2013 ROTAREIDEN TUELLA TEHTY SOVELLUS LASTEN SAIRAALAPELON V\u00c4HENT\u00c4MISEKSI &nbsp; Jopa 70 % lapsista k\u00e4rsii sairaalaan liittyvist\u00e4 peloista. Ahdistusoireita aiheuttavat sek\u00e4 hoidot ett\u00e4 tutkimuksiin liittyv\u00e4t toimenpiteet. Ongelmaa helpottamaan luotiin Turun ammattikorkeakoulussa mobiilimajakaksi nimetty sovellus terveystieteiden tohtori Mirka Toivosen johdolla. Hanke suunniteltiin yhdess\u00e4 Lieto Vanhalinnan rotaryklubin kanssa pilottihankkeeksi, jonka avulla voitaisiin arvioida l\u00e4hestymistavan soveltamismahdollisuuksia sairaalaymp\u00e4rist\u00f6\u00f6n laajemminkin. [&hellip;]<\/p>\n","protected":false},"author":488,"featured_media":0,"parent":0,"menu_order":0,"comment_status":"closed","ping_status":"closed","template":"","meta":{"_acf_changed":false,"_et_pb_use_builder":"on","_et_pb_old_content":"Kehitteill\u00e4 oleva mobiilisovellus v\u00e4hent\u00e4\u00e4 lapsen sairaalapelkoja\r\n\r\n&nbsp;\r\n\r\nLieto Vanhalinnan rotaryklubi on yhdess\u00e4 kolmen muun klubin kanssa kokoamassa rahoitusta mobiilisovelluksen kehitt\u00e4miseksi Tyksin Majakkasairaalassa teht\u00e4v\u00e4n hoitoty\u00f6n tueksi.\r\n\r\nTerveystieteiden tohtori Mirka Toivonen, joka toimii Turun ammattikorkeakoulussa sairaanhoidon osaamisalan lehtorina, on l\u00e4hestynyt klubiamme tarkoituksenaan kehitt\u00e4\u00e4 mobiililaitteella k\u00e4ytett\u00e4v\u00e4 sovellus lasten sairaalaan liittyvien pelkojen v\u00e4hent\u00e4miseksi.\r\n\r\nLapset kokevat useita sairaalaan liittyvi\u00e4 pelkoja.\u00a0 Selvityksen mukaan jopa 70 prosenttia lapsista k\u00e4rsii pelosta johtuvista ahdistusoireista sairaalahoidon j\u00e4lkeen.\r\n\r\nSairaala on ennest\u00e4\u00e4n tuntematon paikka, eiv\u00e4tk\u00e4 lapset tied\u00e4, mit\u00e4 sairaalassa tapahtuu.\u00a0 Sairaalapelon kokemus merkitsee lapselle turvattomuuden, haavoitetuksi tulemisen ja avuttomuuden tunteita.\r\n\r\nPelot heikent\u00e4v\u00e4t hoidon tuloksia.\u00a0 Ne v\u00e4hent\u00e4v\u00e4t hoitomy\u00f6ntyvyytt\u00e4, aiheuttava ahdistusta sairaalassaolon aikana, ja ne vaikeuttavat toimenpiteiden suorittamista ja lis\u00e4\u00e4v\u00e4t henkil\u00f6kunnan ty\u00f6t\u00e4.\r\n\r\nKehitett\u00e4v\u00e4n sovelluksen avulla lapsi ja perhe p\u00e4\u00e4sev\u00e4t etuk\u00e4teen sek\u00e4 vierailemaan autenttisiin tiloihin sairaalassa ett\u00e4 tutustumaan erilaisiin hoidossa k\u00e4ytett\u00e4viin laitteisiin ja niill\u00e4 teht\u00e4viin toimenpiteisiin.\r\n\r\nSovellus kehitet\u00e4\u00e4n t\u00e4ss\u00e4 vaiheessa tukemaan erityisesti Tyksin Majakkasairaalan kirurgisessa yksik\u00f6ss\u00e4 annettavaa hoitoa.\u00a0 Kun lapsi tiet\u00e4\u00e4, mihin h\u00e4n tulee ja mit\u00e4 siell\u00e4 tapahtuu, onnistuu tutkimus tai toimenpide helpommin.\r\n\r\nSovelluksen perustana on Majakkasairaalassa otetut 360-kuvat. Sovellusta on tarkoitus laajentaa my\u00f6hemmin koskemaan koko Majakkasairaalaa. Se on monistettavissa my\u00f6s muihin sairaaloihin. Mobiilimajakka-sovelluksen kehitt\u00e4miseen on tutkimussuunnitelman mukaan arvioitu kuluvan noin 10 kuukautta. Kehitysty\u00f6n kustannusarvion on 6500 euroa.\r\n\r\nSovelluksen laajentaminen koskemaan muita hoitoyksik\u00f6it\u00e4 on erinomainen mahdollisuus uusiin rotaryvetoisiin avustushankkeisiin.","_et_gb_content_width":"","footnotes":""},"class_list":["post-2853","page","type-page","status-publish","hentry"],"acf":[],"yoast_head":"<!-- This site is optimized with the Yoast SEO plugin v27.4 - https:\/\/yoast.com\/product\/yoast-seo-wordpress\/ -->\n<title>Mobiilimajakka -hanke - Lieto Vanhalinnan Rotaryklubi<\/title>\n<meta name=\"robots\" content=\"index, follow, max-snippet:-1, max-image-preview:large, max-video-preview:-1\" \/>\n<link rel=\"canonical\" href=\"https:\/\/rotary.fi\/vanhalinna\/mobiilimajakka-hanke\/\" \/>\n<meta property=\"og:locale\" content=\"fi_FI\" \/>\n<meta property=\"og:type\" content=\"article\" \/>\n<meta property=\"og:title\" content=\"Mobiilimajakka -hanke - Lieto Vanhalinnan Rotaryklubi\" \/>\n<meta property=\"og:description\" content=\"MOBIILIMAJAKKA \u2013 ROTAREIDEN TUELLA TEHTY SOVELLUS LASTEN SAIRAALAPELON V\u00c4HENT\u00c4MISEKSI &nbsp; Jopa 70 % lapsista k\u00e4rsii sairaalaan liittyvist\u00e4 peloista. Ahdistusoireita aiheuttavat sek\u00e4 hoidot ett\u00e4 tutkimuksiin liittyv\u00e4t toimenpiteet. Ongelmaa helpottamaan luotiin Turun ammattikorkeakoulussa mobiilimajakaksi nimetty sovellus terveystieteiden tohtori Mirka Toivosen johdolla. Hanke suunniteltiin yhdess\u00e4 Lieto Vanhalinnan rotaryklubin kanssa pilottihankkeeksi, jonka avulla voitaisiin arvioida l\u00e4hestymistavan soveltamismahdollisuuksia sairaalaymp\u00e4rist\u00f6\u00f6n laajemminkin. [&hellip;]\" \/>\n<meta property=\"og:url\" content=\"https:\/\/rotary.fi\/vanhalinna\/mobiilimajakka-hanke\/\" \/>\n<meta property=\"og:site_name\" content=\"Lieto Vanhalinnan Rotaryklubi\" \/>\n<meta property=\"article:modified_time\" content=\"2025-10-06T10:48:07+00:00\" \/>\n<meta property=\"og:image\" content=\"https:\/\/rotary.fi\/vanhalinna\/wp-content\/uploads\/sites\/98\/2024\/02\/mobiilimajakka-kuva-soveluksesta.jpg\" \/>\n\t<meta property=\"og:image:width\" content=\"580\" \/>\n\t<meta property=\"og:image:height\" content=\"553\" \/>\n\t<meta property=\"og:image:type\" content=\"image\/jpeg\" \/>\n<meta name=\"twitter:card\" content=\"summary_large_image\" \/>\n<meta name=\"twitter:label1\" content=\"Arvioitu lukuaika\" \/>\n\t<meta name=\"twitter:data1\" content=\"2 minuuttia\" \/>\n<script type=\"application\/ld+json\" class=\"yoast-schema-graph\">{\"@context\":\"https:\\\/\\\/schema.org\",\"@graph\":[{\"@type\":\"WebPage\",\"@id\":\"https:\\\/\\\/rotary.fi\\\/vanhalinna\\\/mobiilimajakka-hanke\\\/\",\"url\":\"https:\\\/\\\/rotary.fi\\\/vanhalinna\\\/mobiilimajakka-hanke\\\/\",\"name\":\"Mobiilimajakka -hanke - Lieto Vanhalinnan Rotaryklubi\",\"isPartOf\":{\"@id\":\"https:\\\/\\\/rotary.fi\\\/vanhalinna\\\/#website\"},\"primaryImageOfPage\":{\"@id\":\"https:\\\/\\\/rotary.fi\\\/vanhalinna\\\/mobiilimajakka-hanke\\\/#primaryimage\"},\"image\":{\"@id\":\"https:\\\/\\\/rotary.fi\\\/vanhalinna\\\/mobiilimajakka-hanke\\\/#primaryimage\"},\"thumbnailUrl\":\"https:\\\/\\\/rotary.fi\\\/vanhalinna\\\/wp-content\\\/uploads\\\/sites\\\/98\\\/2024\\\/02\\\/mobiilimajakka-kuva-soveluksesta.jpg\",\"datePublished\":\"2023-09-30T08:51:45+00:00\",\"dateModified\":\"2025-10-06T10:48:07+00:00\",\"breadcrumb\":{\"@id\":\"https:\\\/\\\/rotary.fi\\\/vanhalinna\\\/mobiilimajakka-hanke\\\/#breadcrumb\"},\"inLanguage\":\"fi\",\"potentialAction\":[{\"@type\":\"ReadAction\",\"target\":[\"https:\\\/\\\/rotary.fi\\\/vanhalinna\\\/mobiilimajakka-hanke\\\/\"]}]},{\"@type\":\"ImageObject\",\"inLanguage\":\"fi\",\"@id\":\"https:\\\/\\\/rotary.fi\\\/vanhalinna\\\/mobiilimajakka-hanke\\\/#primaryimage\",\"url\":\"https:\\\/\\\/rotary.fi\\\/vanhalinna\\\/wp-content\\\/uploads\\\/sites\\\/98\\\/2024\\\/02\\\/mobiilimajakka-kuva-soveluksesta.jpg\",\"contentUrl\":\"https:\\\/\\\/rotary.fi\\\/vanhalinna\\\/wp-content\\\/uploads\\\/sites\\\/98\\\/2024\\\/02\\\/mobiilimajakka-kuva-soveluksesta.jpg\",\"width\":580,\"height\":553},{\"@type\":\"BreadcrumbList\",\"@id\":\"https:\\\/\\\/rotary.fi\\\/vanhalinna\\\/mobiilimajakka-hanke\\\/#breadcrumb\",\"itemListElement\":[{\"@type\":\"ListItem\",\"position\":1,\"name\":\"Home\",\"item\":\"https:\\\/\\\/rotary.fi\\\/vanhalinna\\\/\"},{\"@type\":\"ListItem\",\"position\":2,\"name\":\"Mobiilimajakka -hanke\"}]},{\"@type\":\"WebSite\",\"@id\":\"https:\\\/\\\/rotary.fi\\\/vanhalinna\\\/#website\",\"url\":\"https:\\\/\\\/rotary.fi\\\/vanhalinna\\\/\",\"name\":\"Lieto Vanhalinnan Rotaryklubi\",\"description\":\"Uusi Rotary klubisivusto\",\"potentialAction\":[{\"@type\":\"SearchAction\",\"target\":{\"@type\":\"EntryPoint\",\"urlTemplate\":\"https:\\\/\\\/rotary.fi\\\/vanhalinna\\\/?s={search_term_string}\"},\"query-input\":{\"@type\":\"PropertyValueSpecification\",\"valueRequired\":true,\"valueName\":\"search_term_string\"}}],\"inLanguage\":\"fi\"}]}<\/script>\n<!-- \/ Yoast SEO plugin. -->","yoast_head_json":{"title":"Mobiilimajakka -hanke - Lieto Vanhalinnan Rotaryklubi","robots":{"index":"index","follow":"follow","max-snippet":"max-snippet:-1","max-image-preview":"max-image-preview:large","max-video-preview":"max-video-preview:-1"},"canonical":"https:\/\/rotary.fi\/vanhalinna\/mobiilimajakka-hanke\/","og_locale":"fi_FI","og_type":"article","og_title":"Mobiilimajakka -hanke - Lieto Vanhalinnan Rotaryklubi","og_description":"MOBIILIMAJAKKA \u2013 ROTAREIDEN TUELLA TEHTY SOVELLUS LASTEN SAIRAALAPELON V\u00c4HENT\u00c4MISEKSI &nbsp; Jopa 70 % lapsista k\u00e4rsii sairaalaan liittyvist\u00e4 peloista. Ahdistusoireita aiheuttavat sek\u00e4 hoidot ett\u00e4 tutkimuksiin liittyv\u00e4t toimenpiteet. Ongelmaa helpottamaan luotiin Turun ammattikorkeakoulussa mobiilimajakaksi nimetty sovellus terveystieteiden tohtori Mirka Toivosen johdolla. Hanke suunniteltiin yhdess\u00e4 Lieto Vanhalinnan rotaryklubin kanssa pilottihankkeeksi, jonka avulla voitaisiin arvioida l\u00e4hestymistavan soveltamismahdollisuuksia sairaalaymp\u00e4rist\u00f6\u00f6n laajemminkin. [&hellip;]","og_url":"https:\/\/rotary.fi\/vanhalinna\/mobiilimajakka-hanke\/","og_site_name":"Lieto Vanhalinnan Rotaryklubi","article_modified_time":"2025-10-06T10:48:07+00:00","og_image":[{"width":580,"height":553,"url":"https:\/\/rotary.fi\/vanhalinna\/wp-content\/uploads\/sites\/98\/2024\/02\/mobiilimajakka-kuva-soveluksesta.jpg","type":"image\/jpeg"}],"twitter_card":"summary_large_image","twitter_misc":{"Arvioitu lukuaika":"2 minuuttia"},"schema":{"@context":"https:\/\/schema.org","@graph":[{"@type":"WebPage","@id":"https:\/\/rotary.fi\/vanhalinna\/mobiilimajakka-hanke\/","url":"https:\/\/rotary.fi\/vanhalinna\/mobiilimajakka-hanke\/","name":"Mobiilimajakka -hanke - Lieto Vanhalinnan Rotaryklubi","isPartOf":{"@id":"https:\/\/rotary.fi\/vanhalinna\/#website"},"primaryImageOfPage":{"@id":"https:\/\/rotary.fi\/vanhalinna\/mobiilimajakka-hanke\/#primaryimage"},"image":{"@id":"https:\/\/rotary.fi\/vanhalinna\/mobiilimajakka-hanke\/#primaryimage"},"thumbnailUrl":"https:\/\/rotary.fi\/vanhalinna\/wp-content\/uploads\/sites\/98\/2024\/02\/mobiilimajakka-kuva-soveluksesta.jpg","datePublished":"2023-09-30T08:51:45+00:00","dateModified":"2025-10-06T10:48:07+00:00","breadcrumb":{"@id":"https:\/\/rotary.fi\/vanhalinna\/mobiilimajakka-hanke\/#breadcrumb"},"inLanguage":"fi","potentialAction":[{"@type":"ReadAction","target":["https:\/\/rotary.fi\/vanhalinna\/mobiilimajakka-hanke\/"]}]},{"@type":"ImageObject","inLanguage":"fi","@id":"https:\/\/rotary.fi\/vanhalinna\/mobiilimajakka-hanke\/#primaryimage","url":"https:\/\/rotary.fi\/vanhalinna\/wp-content\/uploads\/sites\/98\/2024\/02\/mobiilimajakka-kuva-soveluksesta.jpg","contentUrl":"https:\/\/rotary.fi\/vanhalinna\/wp-content\/uploads\/sites\/98\/2024\/02\/mobiilimajakka-kuva-soveluksesta.jpg","width":580,"height":553},{"@type":"BreadcrumbList","@id":"https:\/\/rotary.fi\/vanhalinna\/mobiilimajakka-hanke\/#breadcrumb","itemListElement":[{"@type":"ListItem","position":1,"name":"Home","item":"https:\/\/rotary.fi\/vanhalinna\/"},{"@type":"ListItem","position":2,"name":"Mobiilimajakka -hanke"}]},{"@type":"WebSite","@id":"https:\/\/rotary.fi\/vanhalinna\/#website","url":"https:\/\/rotary.fi\/vanhalinna\/","name":"Lieto Vanhalinnan Rotaryklubi","description":"Uusi Rotary klubisivusto","potentialAction":[{"@type":"SearchAction","target":{"@type":"EntryPoint","urlTemplate":"https:\/\/rotary.fi\/vanhalinna\/?s={search_term_string}"},"query-input":{"@type":"PropertyValueSpecification","valueRequired":true,"valueName":"search_term_string"}}],"inLanguage":"fi"}]}},"lang":"fi","translations":{"fi":2853},"pll_sync_post":[],"_links":{"self":[{"href":"https:\/\/rotary.fi\/vanhalinna\/wp-json\/wp\/v2\/pages\/2853","targetHints":{"allow":["GET"]}}],"collection":[{"href":"https:\/\/rotary.fi\/vanhalinna\/wp-json\/wp\/v2\/pages"}],"about":[{"href":"https:\/\/rotary.fi\/vanhalinna\/wp-json\/wp\/v2\/types\/page"}],"author":[{"embeddable":true,"href":"https:\/\/rotary.fi\/vanhalinna\/wp-json\/wp\/v2\/users\/488"}],"replies":[{"embeddable":true,"href":"https:\/\/rotary.fi\/vanhalinna\/wp-json\/wp\/v2\/comments?post=2853"}],"version-history":[{"count":4,"href":"https:\/\/rotary.fi\/vanhalinna\/wp-json\/wp\/v2\/pages\/2853\/revisions"}],"predecessor-version":[{"id":3222,"href":"https:\/\/rotary.fi\/vanhalinna\/wp-json\/wp\/v2\/pages\/2853\/revisions\/3222"}],"wp:attachment":[{"href":"https:\/\/rotary.fi\/vanhalinna\/wp-json\/wp\/v2\/media?parent=2853"}],"curies":[{"name":"wp","href":"https:\/\/api.w.org\/{rel}","templated":true}]}}