{"id":186,"date":"2018-08-13T11:06:59","date_gmt":"2018-08-13T08:06:59","guid":{"rendered":"https:\/\/rotary.fi\/vanhalinna\/?page_id=186"},"modified":"2026-03-08T10:36:16","modified_gmt":"2026-03-08T08:36:16","slug":"tapahtumakalenteri","status":"publish","type":"page","link":"https:\/\/rotary.fi\/vanhalinna\/ajankohtaista\/tapahtumakalenteri\/","title":{"rendered":"Tapahtumakalenteri"},"content":{"rendered":"<p>[et_pb_section fb_built=&#8221;1&#8243; admin_label=&#8221;section&#8221; _builder_version=&#8221;4.17.4&#8243; global_colors_info=&#8221;{}&#8221;][et_pb_row admin_label=&#8221;row&#8221; _builder_version=&#8221;4.17.4&#8243; background_size=&#8221;initial&#8221; background_position=&#8221;top_left&#8221; background_repeat=&#8221;repeat&#8221; global_colors_info=&#8221;{}&#8221;][et_pb_column type=&#8221;4_4&#8243; _builder_version=&#8221;4.16&#8243; custom_padding=&#8221;|||&#8221; global_colors_info=&#8221;{}&#8221; custom_padding__hover=&#8221;|||&#8221;][et_pb_text admin_label=&#8221;Text&#8221; _builder_version=&#8221;4.27.4&#8243; background_size=&#8221;initial&#8221; background_position=&#8221;top_left&#8221; background_repeat=&#8221;repeat&#8221; global_colors_info=&#8221;{}&#8221;]<\/p>\n<h4><span style=\"font-size: 48px\">Klubiohjelma kev\u00e4t 2026<\/span><\/h4>\n<h4>\u00a0<\/h4>\n<p>&nbsp;<\/p>\n<p><strong>TAMMIKUU<\/strong><\/p>\n<p>20.1. \u00a0Kev\u00e4tkauden avaus \/DG Matti Hakoilan vierailu Vanhalinnassa<\/p>\n<p><strong><\/strong><\/p>\n<p><strong>HELMIKUU <\/strong><\/p>\n<p>3.2. \u00a0Sirkku Alarannan luokite, Vanhalinnassa<\/p>\n<p>17.2. \u00a0Gambian lapset ry. \u00a0Tommi Sundqvist, Turku Samppalinnan rk.sta, Vanhalinnassa<\/p>\n<p><strong><\/strong><\/p>\n<p><strong>MAALISKUU<\/strong><\/p>\n<p>3.3. \u00a0Kohtaamispaikka T\u00e4rsky tutustuminen, L\u00e4ntinen Pitk\u00e4katu 33, Turku<\/p>\n<p><strong>7.3. \u00a0PELS Liedon kaupungintalolla klo 9 &#8211; 16<\/strong><\/p>\n<p>17.3. \u00a0Jarkko \u00c5kerberg, Nuorten ty\u00f6tuki ry, Nuorisoty\u00f6, Vanhalinnassa<\/p>\n<p>31.3. \u00a0Pia-Liisa Karlsson, Luokite, Aiheena sijaisperheen arki, \u00a0Vanhalinnassa<\/p>\n<p>&nbsp;<\/p>\n<p><strong>HUHTIKUU<\/strong><\/p>\n<p>14.4. \u00a0Tuula Rahkonen, Luokite<strong><\/strong><\/p>\n<p>\u00a028.4. \u00a0Klubin Kev\u00e4tkokous Vanhalinnassa<\/p>\n<p><strong>TOUKOKUU\u00a0<\/strong><\/p>\n<p>12.5. \u00a0Nuorisovaihtoilta, Vanhalinna<\/p>\n<p>26.5. \u00a0 Hevonkakkatalkoot, Hanna Laineen luona Satavassa, Kev\u00e4tkausi p\u00e4\u00e4ttyy<\/p>\n<p><strong><\/strong><\/p>\n<p><strong>KES\u00c4KUU <\/strong><\/p>\n<p>9.6. \u00a0Toimikauden p\u00e4\u00e4t\u00f6s ja virkailijoiden vaihtokokous Kotimets\u00e4n tila, Lieto<\/p>\n<p><b><\/b><\/p>\n<p><b><\/b><\/p>\n<p><b><\/b><\/p>\n<p>&nbsp;<\/p>\n<p>&nbsp;<\/p>\n<div class=\"entry-content\">\n<div class=\"et-l et-l--post\">\n<div class=\"et_builder_inner_content et_pb_gutters3\">\n<div class=\"et_pb_section et_pb_section_0 et_section_regular\">\n<div class=\"et_pb_row et_pb_row_0\">\n<div class=\"et_pb_column et_pb_column_4_4 et_pb_column_0 et_pb_css_mix_blend_mode_passthrough et-last-child\">\n<div class=\"et_pb_module et_pb_text et_pb_text_0 et_pb_text_align_left et_pb_bg_layout_light\">\n<div class=\"et_pb_text_inner\">\n<p>&nbsp;<\/p>\n<p>&nbsp;<\/p>\n<\/div>\n<\/div>\n<\/div>\n<div class=\"et_pb_column et_pb_column_4_4 et_pb_column_0 et_pb_css_mix_blend_mode_passthrough et-last-child\">\u00a0<\/div>\n<div class=\"et_pb_column et_pb_column_4_4 et_pb_column_0 et_pb_css_mix_blend_mode_passthrough et-last-child\">\u00a0<\/div>\n<div class=\"et_pb_column et_pb_column_4_4 et_pb_column_0 et_pb_css_mix_blend_mode_passthrough et-last-child\">\u00a0<\/div>\n<div class=\"et_pb_column et_pb_column_4_4 et_pb_column_0 et_pb_css_mix_blend_mode_passthrough et-last-child\">\u00a0<\/div>\n<div class=\"et_pb_column et_pb_column_4_4 et_pb_column_0 et_pb_css_mix_blend_mode_passthrough et-last-child\">\u00a0<\/div>\n<div class=\"et_pb_column et_pb_column_4_4 et_pb_column_0 et_pb_css_mix_blend_mode_passthrough et-last-child\">\u00a0<\/div>\n<div class=\"et_pb_column et_pb_column_4_4 et_pb_column_0 et_pb_css_mix_blend_mode_passthrough et-last-child\">\u00a0<\/div>\n<div class=\"et_pb_column et_pb_column_4_4 et_pb_column_0 et_pb_css_mix_blend_mode_passthrough et-last-child\">\u00a0<\/div>\n<div class=\"et_pb_column et_pb_column_4_4 et_pb_column_0 et_pb_css_mix_blend_mode_passthrough et-last-child\">\u00a0<\/div>\n<div class=\"et_pb_column et_pb_column_4_4 et_pb_column_0 et_pb_css_mix_blend_mode_passthrough et-last-child\">\u00a0<\/div>\n<div class=\"et_pb_column et_pb_column_4_4 et_pb_column_0 et_pb_css_mix_blend_mode_passthrough et-last-child\">\u00a0<\/div>\n<\/div>\n<\/div>\n<\/div>\n<\/div>\n<\/div>\n<p>[\/et_pb_text][\/et_pb_column][\/et_pb_row][\/et_pb_section]<\/p>\n","protected":false},"excerpt":{"rendered":"<p>Klubiohjelma kev\u00e4t 2026 \u00a0 &nbsp; TAMMIKUU 20.1. \u00a0Kev\u00e4tkauden avaus \/DG Matti Hakoilan vierailu Vanhalinnassa HELMIKUU 3.2. \u00a0Sirkku Alarannan luokite, Vanhalinnassa 17.2. \u00a0Gambian lapset ry. \u00a0Tommi Sundqvist, Turku Samppalinnan rk.sta, Vanhalinnassa MAALISKUU 3.3. \u00a0Kohtaamispaikka T\u00e4rsky tutustuminen, L\u00e4ntinen Pitk\u00e4katu 33, Turku 7.3. \u00a0PELS Liedon kaupungintalolla klo 9 &#8211; 16 17.3. \u00a0Jarkko \u00c5kerberg, Nuorten ty\u00f6tuki ry, Nuorisoty\u00f6, Vanhalinnassa [&hellip;]<\/p>\n","protected":false},"author":1,"featured_media":0,"parent":94,"menu_order":0,"comment_status":"closed","ping_status":"closed","template":"","meta":{"_acf_changed":false,"_et_pb_use_builder":"on","_et_pb_old_content":"<p><strong><em>Syksy 2020 \/ suunnitelma<\/em><\/strong><\/p><ul><li>11.8. Virkailijainvaihtotilaisuus\/Liisa Haanper\u00e4<\/li><li>25.8. Kev\u00e4tkokous (siirretty kev\u00e4\u00e4lt\u00e4)<\/li><li>1.9. Sieniretki Vanhalinnassa\/ Taina P\u00e4\u00e4talo Liedon 4h kerho<\/li><li>15.9. Nuorisovaihto\/Khabo, Etel\u00e4-Afrikka<\/li><li>29.9. Luokite-esitelm\u00e4\/Hanna Laine<\/li><li>13.10. USAn vaalij\u00e4rjestelm\u00e4 ja muuta kummaa Ameriikasta\/ Eero Joutsikoski<\/li><li>27.10. Syyskokous + Anni Australiassa<\/li><li>10.11. Yhteiskunnalliset tekij\u00e4t asketismin nousun taustalla my\u00f6h\u00e4isantiikissa\/Arttu Alaranta<\/li><li>24.11. Luokite-esitelm\u00e4\/Tom LIndqvist<\/li><li>8.12. Joulupuuro\u00a0 AG:n vierailu, Nautelan kartano\/ Merja Jokila<\/li><\/ul><p><strong><em>Kev\u00e4t 2021 \/ <\/em><\/strong><strong><em>ehdotuksia suunnitelmaan<\/em><\/strong><\/p><ul><li>12.1. DG Anita H\u00e4gblomin (ja AGn) vierailu<\/li><li>26.1. Johan Ludvig Runeberg\/Sanna-Mari Niemi<\/li><li>9.2. Liedon srk:n diakoniatoiminta\/Taru Sahla<\/li><li>9.3. Vanhalinnan museo\/Lauri Viinikkala<\/li><li>23.3. VVM-hankkeen vaikuttavuus\/Mirka Toivonen<\/li><li>8.4. Kev\u00e4tkokous<\/li><li>XX\/X Elintarvikkeet ja mikrobit\/Seppo Salminen<\/li><li>XX\/X Closing seminar of CCP \u2013 Riga\/klubi<\/li><li>XX\/X Yritysvierailu Turun Seurahuone\/Merja Jokila<\/li><li>XX\/X Juhla VVM-hankkeen Tyksin avainhenkil\u00f6iden ja Riian klubin kanssa<\/li><li>XX\/X Hevostelua\/ Hanna Laine<\/li><li>XX\/X Klubin matka Riikaan<\/li><li>XX\/X Piirikonferenssi<\/li><li>XX\/X Palloa reik\u00e4\u00e4n\/Tom Lindqvist<\/li><li>XX\/X Kev\u00e4tkokous<\/li><li>XX\/X Y\u00f6laulajien konsertti\/Sakari Alaranta<\/li><li>XX\/X Virkailijainvaihtokokous<\/li><\/ul>","_et_gb_content_width":"","footnotes":""},"class_list":["post-186","page","type-page","status-publish","hentry"],"acf":[],"yoast_head":"<!-- This site is optimized with the Yoast SEO plugin v27.4 - https:\/\/yoast.com\/product\/yoast-seo-wordpress\/ -->\n<title>Tapahtumakalenteri - Lieto Vanhalinnan Rotaryklubi<\/title>\n<meta name=\"robots\" content=\"index, follow, max-snippet:-1, max-image-preview:large, max-video-preview:-1\" \/>\n<link rel=\"canonical\" href=\"https:\/\/rotary.fi\/vanhalinna\/ajankohtaista\/tapahtumakalenteri\/\" \/>\n<meta property=\"og:locale\" content=\"fi_FI\" \/>\n<meta property=\"og:type\" content=\"article\" \/>\n<meta property=\"og:title\" content=\"Tapahtumakalenteri - Lieto Vanhalinnan Rotaryklubi\" \/>\n<meta property=\"og:description\" content=\"Klubiohjelma kev\u00e4t 2026 \u00a0 &nbsp; TAMMIKUU 20.1. \u00a0Kev\u00e4tkauden avaus \/DG Matti Hakoilan vierailu Vanhalinnassa HELMIKUU 3.2. \u00a0Sirkku Alarannan luokite, Vanhalinnassa 17.2. \u00a0Gambian lapset ry. \u00a0Tommi Sundqvist, Turku Samppalinnan rk.sta, Vanhalinnassa MAALISKUU 3.3. \u00a0Kohtaamispaikka T\u00e4rsky tutustuminen, L\u00e4ntinen Pitk\u00e4katu 33, Turku 7.3. \u00a0PELS Liedon kaupungintalolla klo 9 - 16 17.3. \u00a0Jarkko \u00c5kerberg, Nuorten ty\u00f6tuki ry, Nuorisoty\u00f6, Vanhalinnassa [&hellip;]\" \/>\n<meta property=\"og:url\" content=\"https:\/\/rotary.fi\/vanhalinna\/ajankohtaista\/tapahtumakalenteri\/\" \/>\n<meta property=\"og:site_name\" content=\"Lieto Vanhalinnan Rotaryklubi\" \/>\n<meta property=\"article:modified_time\" content=\"2026-03-08T08:36:16+00:00\" \/>\n<meta name=\"twitter:card\" content=\"summary_large_image\" \/>\n<meta name=\"twitter:label1\" content=\"Arvioitu lukuaika\" \/>\n\t<meta name=\"twitter:data1\" content=\"1 minuutti\" \/>\n<script type=\"application\/ld+json\" class=\"yoast-schema-graph\">{\"@context\":\"https:\\\/\\\/schema.org\",\"@graph\":[{\"@type\":\"WebPage\",\"@id\":\"https:\\\/\\\/rotary.fi\\\/vanhalinna\\\/ajankohtaista\\\/tapahtumakalenteri\\\/\",\"url\":\"https:\\\/\\\/rotary.fi\\\/vanhalinna\\\/ajankohtaista\\\/tapahtumakalenteri\\\/\",\"name\":\"Tapahtumakalenteri - Lieto Vanhalinnan Rotaryklubi\",\"isPartOf\":{\"@id\":\"https:\\\/\\\/rotary.fi\\\/vanhalinna\\\/#website\"},\"datePublished\":\"2018-08-13T08:06:59+00:00\",\"dateModified\":\"2026-03-08T08:36:16+00:00\",\"breadcrumb\":{\"@id\":\"https:\\\/\\\/rotary.fi\\\/vanhalinna\\\/ajankohtaista\\\/tapahtumakalenteri\\\/#breadcrumb\"},\"inLanguage\":\"fi\",\"potentialAction\":[{\"@type\":\"ReadAction\",\"target\":[\"https:\\\/\\\/rotary.fi\\\/vanhalinna\\\/ajankohtaista\\\/tapahtumakalenteri\\\/\"]}]},{\"@type\":\"BreadcrumbList\",\"@id\":\"https:\\\/\\\/rotary.fi\\\/vanhalinna\\\/ajankohtaista\\\/tapahtumakalenteri\\\/#breadcrumb\",\"itemListElement\":[{\"@type\":\"ListItem\",\"position\":1,\"name\":\"Home\",\"item\":\"https:\\\/\\\/rotary.fi\\\/vanhalinna\\\/\"},{\"@type\":\"ListItem\",\"position\":2,\"name\":\"Ajankohtaista\",\"item\":\"https:\\\/\\\/rotary.fi\\\/vanhalinna\\\/ajankohtaista\\\/\"},{\"@type\":\"ListItem\",\"position\":3,\"name\":\"Tapahtumakalenteri\"}]},{\"@type\":\"WebSite\",\"@id\":\"https:\\\/\\\/rotary.fi\\\/vanhalinna\\\/#website\",\"url\":\"https:\\\/\\\/rotary.fi\\\/vanhalinna\\\/\",\"name\":\"Lieto Vanhalinnan Rotaryklubi\",\"description\":\"Uusi Rotary klubisivusto\",\"potentialAction\":[{\"@type\":\"SearchAction\",\"target\":{\"@type\":\"EntryPoint\",\"urlTemplate\":\"https:\\\/\\\/rotary.fi\\\/vanhalinna\\\/?s={search_term_string}\"},\"query-input\":{\"@type\":\"PropertyValueSpecification\",\"valueRequired\":true,\"valueName\":\"search_term_string\"}}],\"inLanguage\":\"fi\"}]}<\/script>\n<!-- \/ Yoast SEO plugin. -->","yoast_head_json":{"title":"Tapahtumakalenteri - Lieto Vanhalinnan Rotaryklubi","robots":{"index":"index","follow":"follow","max-snippet":"max-snippet:-1","max-image-preview":"max-image-preview:large","max-video-preview":"max-video-preview:-1"},"canonical":"https:\/\/rotary.fi\/vanhalinna\/ajankohtaista\/tapahtumakalenteri\/","og_locale":"fi_FI","og_type":"article","og_title":"Tapahtumakalenteri - Lieto Vanhalinnan Rotaryklubi","og_description":"Klubiohjelma kev\u00e4t 2026 \u00a0 &nbsp; TAMMIKUU 20.1. \u00a0Kev\u00e4tkauden avaus \/DG Matti Hakoilan vierailu Vanhalinnassa HELMIKUU 3.2. \u00a0Sirkku Alarannan luokite, Vanhalinnassa 17.2. \u00a0Gambian lapset ry. \u00a0Tommi Sundqvist, Turku Samppalinnan rk.sta, Vanhalinnassa MAALISKUU 3.3. \u00a0Kohtaamispaikka T\u00e4rsky tutustuminen, L\u00e4ntinen Pitk\u00e4katu 33, Turku 7.3. \u00a0PELS Liedon kaupungintalolla klo 9 - 16 17.3. \u00a0Jarkko \u00c5kerberg, Nuorten ty\u00f6tuki ry, Nuorisoty\u00f6, Vanhalinnassa [&hellip;]","og_url":"https:\/\/rotary.fi\/vanhalinna\/ajankohtaista\/tapahtumakalenteri\/","og_site_name":"Lieto Vanhalinnan Rotaryklubi","article_modified_time":"2026-03-08T08:36:16+00:00","twitter_card":"summary_large_image","twitter_misc":{"Arvioitu lukuaika":"1 minuutti"},"schema":{"@context":"https:\/\/schema.org","@graph":[{"@type":"WebPage","@id":"https:\/\/rotary.fi\/vanhalinna\/ajankohtaista\/tapahtumakalenteri\/","url":"https:\/\/rotary.fi\/vanhalinna\/ajankohtaista\/tapahtumakalenteri\/","name":"Tapahtumakalenteri - Lieto Vanhalinnan Rotaryklubi","isPartOf":{"@id":"https:\/\/rotary.fi\/vanhalinna\/#website"},"datePublished":"2018-08-13T08:06:59+00:00","dateModified":"2026-03-08T08:36:16+00:00","breadcrumb":{"@id":"https:\/\/rotary.fi\/vanhalinna\/ajankohtaista\/tapahtumakalenteri\/#breadcrumb"},"inLanguage":"fi","potentialAction":[{"@type":"ReadAction","target":["https:\/\/rotary.fi\/vanhalinna\/ajankohtaista\/tapahtumakalenteri\/"]}]},{"@type":"BreadcrumbList","@id":"https:\/\/rotary.fi\/vanhalinna\/ajankohtaista\/tapahtumakalenteri\/#breadcrumb","itemListElement":[{"@type":"ListItem","position":1,"name":"Home","item":"https:\/\/rotary.fi\/vanhalinna\/"},{"@type":"ListItem","position":2,"name":"Ajankohtaista","item":"https:\/\/rotary.fi\/vanhalinna\/ajankohtaista\/"},{"@type":"ListItem","position":3,"name":"Tapahtumakalenteri"}]},{"@type":"WebSite","@id":"https:\/\/rotary.fi\/vanhalinna\/#website","url":"https:\/\/rotary.fi\/vanhalinna\/","name":"Lieto Vanhalinnan Rotaryklubi","description":"Uusi Rotary klubisivusto","potentialAction":[{"@type":"SearchAction","target":{"@type":"EntryPoint","urlTemplate":"https:\/\/rotary.fi\/vanhalinna\/?s={search_term_string}"},"query-input":{"@type":"PropertyValueSpecification","valueRequired":true,"valueName":"search_term_string"}}],"inLanguage":"fi"}]}},"lang":"fi","translations":{"fi":186,"en":1496},"pll_sync_post":[],"_links":{"self":[{"href":"https:\/\/rotary.fi\/vanhalinna\/wp-json\/wp\/v2\/pages\/186","targetHints":{"allow":["GET"]}}],"collection":[{"href":"https:\/\/rotary.fi\/vanhalinna\/wp-json\/wp\/v2\/pages"}],"about":[{"href":"https:\/\/rotary.fi\/vanhalinna\/wp-json\/wp\/v2\/types\/page"}],"author":[{"embeddable":true,"href":"https:\/\/rotary.fi\/vanhalinna\/wp-json\/wp\/v2\/users\/1"}],"replies":[{"embeddable":true,"href":"https:\/\/rotary.fi\/vanhalinna\/wp-json\/wp\/v2\/comments?post=186"}],"version-history":[{"count":12,"href":"https:\/\/rotary.fi\/vanhalinna\/wp-json\/wp\/v2\/pages\/186\/revisions"}],"predecessor-version":[{"id":3405,"href":"https:\/\/rotary.fi\/vanhalinna\/wp-json\/wp\/v2\/pages\/186\/revisions\/3405"}],"up":[{"embeddable":true,"href":"https:\/\/rotary.fi\/vanhalinna\/wp-json\/wp\/v2\/pages\/94"}],"wp:attachment":[{"href":"https:\/\/rotary.fi\/vanhalinna\/wp-json\/wp\/v2\/media?parent=186"}],"curies":[{"name":"wp","href":"https:\/\/api.w.org\/{rel}","templated":true}]}}