{"id":160,"date":"2018-08-13T09:49:16","date_gmt":"2018-08-13T06:49:16","guid":{"rendered":"https:\/\/rotary.fi\/vanhalinna\/?page_id=160"},"modified":"2023-09-30T12:31:11","modified_gmt":"2023-09-30T09:31:11","slug":"yhteiset-projektit","status":"publish","type":"page","link":"https:\/\/rotary.fi\/vanhalinna\/mita-teemme\/yhteiset-projektit\/","title":{"rendered":"Yhteiset projektit"},"content":{"rendered":"<p>[et_pb_section fb_built=&#8221;1&#8243; _builder_version=&#8221;4.16&#8243; background_image=&#8221;https:\/\/rotary.fi\/vanhalinna\/wp-content\/uploads\/sites\/98\/2019\/09\/malnii8dqgocm7fctb45ow.jpg&#8221; inner_width_tablet=&#8221;50px&#8221; inner_max_width_tablet=&#8221;50px&#8221; z_index_tablet=&#8221;500&#8243; global_colors_info=&#8221;{}&#8221;][et_pb_row _builder_version=&#8221;4.16&#8243; background_size=&#8221;initial&#8221; background_position=&#8221;top_left&#8221; background_repeat=&#8221;repeat&#8221; global_colors_info=&#8221;{}&#8221;][et_pb_column type=&#8221;4_4&#8243; _builder_version=&#8221;4.16&#8243; custom_padding=&#8221;|||&#8221; global_colors_info=&#8221;{}&#8221; custom_padding__hover=&#8221;|||&#8221;][et_pb_text admin_label=&#8221;P\u00e4\u00e4otsikko&#8221; _builder_version=&#8221;4.16&#8243; text_orientation=&#8221;center&#8221; background_layout=&#8221;dark&#8221; global_colors_info=&#8221;{}&#8221;]<\/p>\n<h1>Yhteiset projektit<\/h1>\n<p>[\/et_pb_text][\/et_pb_column][\/et_pb_row][\/et_pb_section][et_pb_section fb_built=&#8221;1&#8243; specialty=&#8221;on&#8221; module_class_2=&#8221;sivupalkki&#8221; _builder_version=&#8221;4.16&#8243; inner_max_width=&#8221;none&#8221; global_colors_info=&#8221;{}&#8221;][et_pb_column type=&#8221;2_3&#8243; specialty_columns=&#8221;2&#8243; _builder_version=&#8221;4.16&#8243; custom_padding=&#8221;|||&#8221; global_colors_info=&#8221;{}&#8221; custom_padding__hover=&#8221;|||&#8221;][et_pb_row_inner admin_label=&#8221;Rivi&#8221; _builder_version=&#8221;4.16&#8243; global_colors_info=&#8221;{}&#8221;][et_pb_column_inner saved_specialty_column_type=&#8221;2_3&#8243; _builder_version=&#8221;4.16&#8243; custom_padding=&#8221;|||&#8221; global_colors_info=&#8221;{}&#8221; custom_padding__hover=&#8221;|||&#8221;][et_pb_text admin_label=&#8221;Otsikko&#8221; _builder_version=&#8221;4.22.1&#8243; text_orientation=&#8221;center&#8221; hover_enabled=&#8221;0&#8243; z_index_tablet=&#8221;500&#8243; global_colors_info=&#8221;{}&#8221; sticky_enabled=&#8221;0&#8243;]<\/p>\n<h1>RYLA &#8211; KOULUTUS SYKSYLL\u00c4 2023<\/h1>\n<p>[\/et_pb_text][et_pb_text _builder_version=&#8221;4.22.1&#8243; custom_padding=&#8221;9px|||0px||&#8221; z_index_tablet=&#8221;500&#8243; global_colors_info=&#8221;{}&#8221;]<\/p>\n<p>&nbsp;<\/p>\n<p>&nbsp;<\/p>\n<p><span style=\"font-size: x-large\"><b>RYLA<\/b><b><span class=\"Apple-converted-space\">\u00a0 <\/span>\u2013 Rotary youth leadership awards,<span class=\"Apple-converted-space\">\u00a0<\/span><\/b><\/span><\/p>\n<p><b>on rotarien j\u00e4rjest\u00e4m\u00e4 koulutusviikonloppu, joka on suunnattu 22\u201330-vuotiaille aktiivisille, opintojensa valmistumisvaiheessa oleville tai jo ty\u00f6el\u00e4m\u00e4\u00e4n siirtyneille nuorille aikuisille.<span class=\"Apple-converted-space\">\u00a0<\/span><\/b><\/p>\n<p><b>RYLA tarjoaa alansa huippuasiantuntijoiden puheenvuoroja, henkil\u00f6kohtaisen kasvun tukemista ja verkostoitumista muiden koulutukseen osallistuvien tulevien suunnann\u00e4ytt\u00e4jien kanssa.<\/b><\/p>\n<p>&nbsp;<\/p>\n<p>Turun, Raision Naantalin, Nousiaisten ja Liedon Vanhalinnan Rotaryklubit j\u00e4rjest\u00e4v\u00e4t syyskausina RYLA-koulutusta.<span class=\"Apple-converted-space\">\u00a0 <\/span>Lieto Vanhalinna on ollut tapahtumassa mukana vuodesta 2022 alkaen.<\/p>\n<div class=\"page\" title=\"Page 1\">\n<div class=\"section\"><\/div>\n<\/div>\n<p><b>RYLA <\/b>on Rotary organisaation j\u00e4rjest\u00e4m\u00e4 maailmanlaajuinen koulutustapahtuma, jonka tavoitteena on lis\u00e4t\u00e4 nuorten aikuisten kommunikaatio- ja johtamistaitoja. Yhteisty\u00f6klubien alueella ohjelma on suunnattu 22\u201330 vuotiaille nuorille, jotka ovat opintonsa jo p\u00e4\u00e4tt\u00e4neet tai ovat niiden loppuvaiheessa.<\/p>\n<p><b>Teemana vuonna 2023 on johtajuus, <\/b>k\u00e4yd\u00e4\u00e4n l\u00e4pi johtajan laajaa ty\u00f6kentt\u00e4\u00e4, ty\u00f6n henkist\u00e4 puolta otsikolla \u201d\u00c4lyk\u00e4s johtaja\u201d, sek\u00e4 k\u00e4yt\u00e4nn\u00f6n esimerkkej\u00e4 ty\u00f6el\u00e4m\u00e4st\u00e4<span>.<span class=\"Apple-converted-space\">\u00a0<\/span><\/span><\/p>\n<p>&nbsp;<\/p>\n<p>Lis\u00e4tietoja<\/p>\n<p>Airi Kapanen<\/p>\n<p>kapanen.airi(at)gmail.com<\/p>\n<p><span style=\"font-size: 16px\">\u00a0<\/span><\/p>\n<div class=\"page\" title=\"Page 1\">\n<div class=\"section\">\n\n<\/div>\n<\/div>\n<p>&nbsp;<\/p>\n<p>&nbsp;<\/p>\n<p>&nbsp;<\/p>\n<p>&nbsp;<\/p>\n<p>&nbsp;<\/p>\n<p>&nbsp;<\/p>\n<p>[\/et_pb_text][\/et_pb_column_inner][\/et_pb_row_inner][\/et_pb_column][et_pb_column type=&#8221;1_3&#8243; _builder_version=&#8221;4.16&#8243; custom_padding=&#8221;|||&#8221; global_colors_info=&#8221;{}&#8221; custom_padding__hover=&#8221;|||&#8221;][et_pb_sidebar area=&#8221;sidebar-1&#8243; module_class=&#8221;sivupalkki_sisalto&#8221; _builder_version=&#8221;4.16&#8243; locked=&#8221;on&#8221; global_colors_info=&#8221;{}&#8221;]<br \/>\n[\/et_pb_sidebar][\/et_pb_column][\/et_pb_section][et_pb_section fb_built=&#8221;1&#8243; _builder_version=&#8221;4.16&#8243; global_colors_info=&#8221;{}&#8221;][et_pb_row _builder_version=&#8221;4.16&#8243; global_colors_info=&#8221;{}&#8221;][et_pb_column type=&#8221;4_4&#8243; _builder_version=&#8221;4.16&#8243; global_colors_info=&#8221;{}&#8221;][\/et_pb_column][\/et_pb_row][\/et_pb_section]<\/p>\n","protected":false},"excerpt":{"rendered":"<p>Yhteiset projektit RYLA &#8211; KOULUTUS SYKSYLL\u00c4 2023&nbsp; &nbsp; RYLA\u00a0 \u2013 Rotary youth leadership awards,\u00a0 on rotarien j\u00e4rjest\u00e4m\u00e4 koulutusviikonloppu, joka on suunnattu 22\u201330-vuotiaille aktiivisille, opintojensa valmistumisvaiheessa oleville tai jo ty\u00f6el\u00e4m\u00e4\u00e4n siirtyneille nuorille aikuisille.\u00a0 RYLA tarjoaa alansa huippuasiantuntijoiden puheenvuoroja, henkil\u00f6kohtaisen kasvun tukemista ja verkostoitumista muiden koulutukseen osallistuvien tulevien suunnann\u00e4ytt\u00e4jien kanssa. &nbsp; Turun, Raision Naantalin, Nousiaisten ja Liedon [&hellip;]<\/p>\n","protected":false},"author":1,"featured_media":0,"parent":77,"menu_order":0,"comment_status":"closed","ping_status":"closed","template":"","meta":{"_acf_changed":false,"_et_pb_use_builder":"on","_et_pb_old_content":"","_et_gb_content_width":"","footnotes":""},"class_list":["post-160","page","type-page","status-publish","hentry"],"acf":[],"yoast_head":"<!-- This site is optimized with the Yoast SEO plugin v27.4 - https:\/\/yoast.com\/product\/yoast-seo-wordpress\/ -->\n<title>Yhteiset projektit - Lieto Vanhalinnan Rotaryklubi<\/title>\n<meta name=\"robots\" content=\"index, follow, max-snippet:-1, max-image-preview:large, max-video-preview:-1\" \/>\n<link rel=\"canonical\" href=\"https:\/\/rotary.fi\/vanhalinna\/mita-teemme\/yhteiset-projektit\/\" \/>\n<meta property=\"og:locale\" content=\"fi_FI\" \/>\n<meta property=\"og:type\" content=\"article\" \/>\n<meta property=\"og:title\" content=\"Yhteiset projektit - Lieto Vanhalinnan Rotaryklubi\" \/>\n<meta property=\"og:description\" content=\"Yhteiset projektit RYLA - KOULUTUS SYKSYLL\u00c4 2023&nbsp; &nbsp; RYLA\u00a0 \u2013 Rotary youth leadership awards,\u00a0 on rotarien j\u00e4rjest\u00e4m\u00e4 koulutusviikonloppu, joka on suunnattu 22\u201330-vuotiaille aktiivisille, opintojensa valmistumisvaiheessa oleville tai jo ty\u00f6el\u00e4m\u00e4\u00e4n siirtyneille nuorille aikuisille.\u00a0 RYLA tarjoaa alansa huippuasiantuntijoiden puheenvuoroja, henkil\u00f6kohtaisen kasvun tukemista ja verkostoitumista muiden koulutukseen osallistuvien tulevien suunnann\u00e4ytt\u00e4jien kanssa. &nbsp; Turun, Raision Naantalin, Nousiaisten ja Liedon [&hellip;]\" \/>\n<meta property=\"og:url\" content=\"https:\/\/rotary.fi\/vanhalinna\/mita-teemme\/yhteiset-projektit\/\" \/>\n<meta property=\"og:site_name\" content=\"Lieto Vanhalinnan Rotaryklubi\" \/>\n<meta property=\"article:modified_time\" content=\"2023-09-30T09:31:11+00:00\" \/>\n<meta name=\"twitter:card\" content=\"summary_large_image\" \/>\n<meta name=\"twitter:label1\" content=\"Arvioitu lukuaika\" \/>\n\t<meta name=\"twitter:data1\" content=\"2 minuuttia\" \/>\n<script type=\"application\/ld+json\" class=\"yoast-schema-graph\">{\"@context\":\"https:\\\/\\\/schema.org\",\"@graph\":[{\"@type\":\"WebPage\",\"@id\":\"https:\\\/\\\/rotary.fi\\\/vanhalinna\\\/mita-teemme\\\/yhteiset-projektit\\\/\",\"url\":\"https:\\\/\\\/rotary.fi\\\/vanhalinna\\\/mita-teemme\\\/yhteiset-projektit\\\/\",\"name\":\"Yhteiset projektit - Lieto Vanhalinnan Rotaryklubi\",\"isPartOf\":{\"@id\":\"https:\\\/\\\/rotary.fi\\\/vanhalinna\\\/#website\"},\"datePublished\":\"2018-08-13T06:49:16+00:00\",\"dateModified\":\"2023-09-30T09:31:11+00:00\",\"breadcrumb\":{\"@id\":\"https:\\\/\\\/rotary.fi\\\/vanhalinna\\\/mita-teemme\\\/yhteiset-projektit\\\/#breadcrumb\"},\"inLanguage\":\"fi\",\"potentialAction\":[{\"@type\":\"ReadAction\",\"target\":[\"https:\\\/\\\/rotary.fi\\\/vanhalinna\\\/mita-teemme\\\/yhteiset-projektit\\\/\"]}]},{\"@type\":\"BreadcrumbList\",\"@id\":\"https:\\\/\\\/rotary.fi\\\/vanhalinna\\\/mita-teemme\\\/yhteiset-projektit\\\/#breadcrumb\",\"itemListElement\":[{\"@type\":\"ListItem\",\"position\":1,\"name\":\"Home\",\"item\":\"https:\\\/\\\/rotary.fi\\\/vanhalinna\\\/\"},{\"@type\":\"ListItem\",\"position\":2,\"name\":\"Mit\u00e4 teemme\",\"item\":\"https:\\\/\\\/rotary.fi\\\/vanhalinna\\\/mita-teemme\\\/\"},{\"@type\":\"ListItem\",\"position\":3,\"name\":\"Yhteiset projektit\"}]},{\"@type\":\"WebSite\",\"@id\":\"https:\\\/\\\/rotary.fi\\\/vanhalinna\\\/#website\",\"url\":\"https:\\\/\\\/rotary.fi\\\/vanhalinna\\\/\",\"name\":\"Lieto Vanhalinnan Rotaryklubi\",\"description\":\"Uusi Rotary klubisivusto\",\"potentialAction\":[{\"@type\":\"SearchAction\",\"target\":{\"@type\":\"EntryPoint\",\"urlTemplate\":\"https:\\\/\\\/rotary.fi\\\/vanhalinna\\\/?s={search_term_string}\"},\"query-input\":{\"@type\":\"PropertyValueSpecification\",\"valueRequired\":true,\"valueName\":\"search_term_string\"}}],\"inLanguage\":\"fi\"}]}<\/script>\n<!-- \/ Yoast SEO plugin. -->","yoast_head_json":{"title":"Yhteiset projektit - Lieto Vanhalinnan Rotaryklubi","robots":{"index":"index","follow":"follow","max-snippet":"max-snippet:-1","max-image-preview":"max-image-preview:large","max-video-preview":"max-video-preview:-1"},"canonical":"https:\/\/rotary.fi\/vanhalinna\/mita-teemme\/yhteiset-projektit\/","og_locale":"fi_FI","og_type":"article","og_title":"Yhteiset projektit - Lieto Vanhalinnan Rotaryklubi","og_description":"Yhteiset projektit RYLA - KOULUTUS SYKSYLL\u00c4 2023&nbsp; &nbsp; RYLA\u00a0 \u2013 Rotary youth leadership awards,\u00a0 on rotarien j\u00e4rjest\u00e4m\u00e4 koulutusviikonloppu, joka on suunnattu 22\u201330-vuotiaille aktiivisille, opintojensa valmistumisvaiheessa oleville tai jo ty\u00f6el\u00e4m\u00e4\u00e4n siirtyneille nuorille aikuisille.\u00a0 RYLA tarjoaa alansa huippuasiantuntijoiden puheenvuoroja, henkil\u00f6kohtaisen kasvun tukemista ja verkostoitumista muiden koulutukseen osallistuvien tulevien suunnann\u00e4ytt\u00e4jien kanssa. &nbsp; Turun, Raision Naantalin, Nousiaisten ja Liedon [&hellip;]","og_url":"https:\/\/rotary.fi\/vanhalinna\/mita-teemme\/yhteiset-projektit\/","og_site_name":"Lieto Vanhalinnan Rotaryklubi","article_modified_time":"2023-09-30T09:31:11+00:00","twitter_card":"summary_large_image","twitter_misc":{"Arvioitu lukuaika":"2 minuuttia"},"schema":{"@context":"https:\/\/schema.org","@graph":[{"@type":"WebPage","@id":"https:\/\/rotary.fi\/vanhalinna\/mita-teemme\/yhteiset-projektit\/","url":"https:\/\/rotary.fi\/vanhalinna\/mita-teemme\/yhteiset-projektit\/","name":"Yhteiset projektit - Lieto Vanhalinnan Rotaryklubi","isPartOf":{"@id":"https:\/\/rotary.fi\/vanhalinna\/#website"},"datePublished":"2018-08-13T06:49:16+00:00","dateModified":"2023-09-30T09:31:11+00:00","breadcrumb":{"@id":"https:\/\/rotary.fi\/vanhalinna\/mita-teemme\/yhteiset-projektit\/#breadcrumb"},"inLanguage":"fi","potentialAction":[{"@type":"ReadAction","target":["https:\/\/rotary.fi\/vanhalinna\/mita-teemme\/yhteiset-projektit\/"]}]},{"@type":"BreadcrumbList","@id":"https:\/\/rotary.fi\/vanhalinna\/mita-teemme\/yhteiset-projektit\/#breadcrumb","itemListElement":[{"@type":"ListItem","position":1,"name":"Home","item":"https:\/\/rotary.fi\/vanhalinna\/"},{"@type":"ListItem","position":2,"name":"Mit\u00e4 teemme","item":"https:\/\/rotary.fi\/vanhalinna\/mita-teemme\/"},{"@type":"ListItem","position":3,"name":"Yhteiset projektit"}]},{"@type":"WebSite","@id":"https:\/\/rotary.fi\/vanhalinna\/#website","url":"https:\/\/rotary.fi\/vanhalinna\/","name":"Lieto Vanhalinnan Rotaryklubi","description":"Uusi Rotary klubisivusto","potentialAction":[{"@type":"SearchAction","target":{"@type":"EntryPoint","urlTemplate":"https:\/\/rotary.fi\/vanhalinna\/?s={search_term_string}"},"query-input":{"@type":"PropertyValueSpecification","valueRequired":true,"valueName":"search_term_string"}}],"inLanguage":"fi"}]}},"lang":"fi","translations":{"fi":160,"en":1455},"pll_sync_post":[],"_links":{"self":[{"href":"https:\/\/rotary.fi\/vanhalinna\/wp-json\/wp\/v2\/pages\/160","targetHints":{"allow":["GET"]}}],"collection":[{"href":"https:\/\/rotary.fi\/vanhalinna\/wp-json\/wp\/v2\/pages"}],"about":[{"href":"https:\/\/rotary.fi\/vanhalinna\/wp-json\/wp\/v2\/types\/page"}],"author":[{"embeddable":true,"href":"https:\/\/rotary.fi\/vanhalinna\/wp-json\/wp\/v2\/users\/1"}],"replies":[{"embeddable":true,"href":"https:\/\/rotary.fi\/vanhalinna\/wp-json\/wp\/v2\/comments?post=160"}],"version-history":[{"count":10,"href":"https:\/\/rotary.fi\/vanhalinna\/wp-json\/wp\/v2\/pages\/160\/revisions"}],"predecessor-version":[{"id":2862,"href":"https:\/\/rotary.fi\/vanhalinna\/wp-json\/wp\/v2\/pages\/160\/revisions\/2862"}],"up":[{"embeddable":true,"href":"https:\/\/rotary.fi\/vanhalinna\/wp-json\/wp\/v2\/pages\/77"}],"wp:attachment":[{"href":"https:\/\/rotary.fi\/vanhalinna\/wp-json\/wp\/v2\/media?parent=160"}],"curies":[{"name":"wp","href":"https:\/\/api.w.org\/{rel}","templated":true}]}}