{"id":156,"date":"2018-08-13T09:46:59","date_gmt":"2018-08-13T06:46:59","guid":{"rendered":"https:\/\/rotary.fi\/vanhalinna\/?page_id=156"},"modified":"2025-10-27T10:22:51","modified_gmt":"2025-10-27T08:22:51","slug":"projektit","status":"publish","type":"page","link":"https:\/\/rotary.fi\/vanhalinna\/mita-teemme\/projektit\/","title":{"rendered":"Projektit"},"content":{"rendered":"<p>[et_pb_section fb_built=&#8221;1&#8243; module_class=&#8221;jumbotron-page&#8221; _builder_version=&#8221;4.16&#8243; background_image=&#8221;https:\/\/rotary.fi\/vanhalinna\/wp-content\/uploads\/sites\/98\/2019\/04\/fullsizeoutput_2da3.jpeg&#8221; global_colors_info=&#8221;{}&#8221;][et_pb_row _builder_version=&#8221;4.16&#8243; background_size=&#8221;initial&#8221; background_position=&#8221;top_left&#8221; background_repeat=&#8221;repeat&#8221; global_colors_info=&#8221;{}&#8221;][et_pb_column type=&#8221;4_4&#8243; _builder_version=&#8221;4.16&#8243; custom_padding=&#8221;|||&#8221; global_colors_info=&#8221;{}&#8221; custom_padding__hover=&#8221;|||&#8221;][et_pb_text admin_label=&#8221;P\u00e4\u00e4otsikko&#8221; _builder_version=&#8221;4.27.4&#8243; text_orientation=&#8221;center&#8221; background_layout=&#8221;dark&#8221; global_colors_info=&#8221;{}&#8221;]<\/p>\n<h1>Kansainv\u00e4liset hankkeemme<\/h1>\n<p>[\/et_pb_text][\/et_pb_column][\/et_pb_row][\/et_pb_section][et_pb_section fb_built=&#8221;1&#8243; specialty=&#8221;on&#8221; module_class_2=&#8221;sivupalkki&#8221; _builder_version=&#8221;4.16&#8243; global_colors_info=&#8221;{}&#8221;][et_pb_column type=&#8221;2_3&#8243; specialty_columns=&#8221;2&#8243; _builder_version=&#8221;4.16&#8243; custom_padding=&#8221;|||&#8221; global_colors_info=&#8221;{}&#8221; custom_padding__hover=&#8221;|||&#8221;][et_pb_row_inner admin_label=&#8221;Rivi&#8221; _builder_version=&#8221;4.16&#8243; custom_margin=&#8221;|||9px||&#8221; global_colors_info=&#8221;{}&#8221;][et_pb_column_inner saved_specialty_column_type=&#8221;2_3&#8243; _builder_version=&#8221;4.16&#8243; custom_padding=&#8221;|||&#8221; global_colors_info=&#8221;{}&#8221; custom_padding__hover=&#8221;|||&#8221;][et_pb_text admin_label=&#8221;Projektit &#8211; Otsikko&#8221; _builder_version=&#8221;4.16&#8243; text_orientation=&#8221;center&#8221; global_colors_info=&#8221;{}&#8221;]<\/p>\n<h2>Keskosten hoidon tukeminen -uraauurtava kansainv\u00e4linen<\/h2>\n<h2>projektimme<\/h2>\n<p>[\/et_pb_text][et_pb_text _builder_version=&#8221;4.27.4&#8243; custom_padding=&#8221;11px||0px|0px||&#8221; global_colors_info=&#8221;{}&#8221;]<\/p>\n<div>\n<p>&nbsp;<\/p>\n<p>&nbsp;<\/p>\n<\/div>\n<div>\n<p><span style=\"font-size: 16px\">Keskosten hoitoty\u00f6n tukeminen rahoittamalla kokonaisen hoitoyksik\u00f6n koulutus on ollut vaikuttavuudeltaan merkitt\u00e4vin klubimme hanke, joka tuli mahdolliseksi hyv\u00e4n yhteisty\u00f6n ansiosta Turun yliopistollisen keskussairaalan keskosten hoitoyksik\u00f6n \u201dKeskolan\u201d kanssa. TYKSin Keskolassa on kehitetty hoitotapa (<\/span><strong style=\"font-size: 16px\">V<\/strong><span style=\"font-size: 16px\">anhemmat\u00a0<\/span><strong style=\"font-size: 16px\">V<\/strong><span style=\"font-size: 16px\">ahvasti\u00a0<\/span><strong style=\"font-size: 16px\">M<\/strong><span style=\"font-size: 16px\">ukaan =\u00a0<\/span><strong style=\"font-size: 16px\">VVM<\/strong><span style=\"font-size: 16px\">), jossa vanhemmat osallistuvat aktiivisesti keskosen p\u00e4ivitt\u00e4iseen hoitoon keskosta hoitavassa yksik\u00f6ss\u00e4 (NICU = neonatal intensive care unit).<\/span><\/p>\n<\/div>\n<div>\n<p><span>\u00a0<\/span><\/p>\n<\/div>\n<div>\n<p><span>K\u00e4yt\u00e4nn\u00f6ss\u00e4 pienokainen nukkuu vanhemman, is\u00e4n tai \u00e4idin, rintakeh\u00e4n p\u00e4\u00e4ll\u00e4, jossa tehd\u00e4\u00e4n my\u00f6s lapselle tarpeelliset hoitotoimenpiteet. Vanhemmat eiv\u00e4t en\u00e4\u00e4 ole hoitoyksik\u00f6n ulkopuolisia vaan toimivat t\u00e4rke\u00e4n\u00e4 osana hoitoryhm\u00e4\u00e4 keskosen voinnin rekister\u00f6ijin\u00e4 ja kertovat huomioistaan ammattilaisille, hoitajille ja l\u00e4\u00e4k\u00e4reille. Hoitomallilla on suuri vaikuttavuus. Se tukee keskosen kehityst\u00e4 ja parantaa perheen selviytymist\u00e4. Se parantaa keskosia hoitavan yksik\u00f6n ty\u00f6ilmapiiri\u00e4, kehitt\u00e4\u00e4 henkil\u00f6kunnan osaamista ja lis\u00e4\u00e4 hoitoalan houkuttavuutta.\u00a0<\/span><\/p>\n<\/div>\n<div>\n<p><span>\u00a0<\/span><\/p>\n<\/div>\n<div>\n<p><span>\u00a0<\/span><img loading=\"lazy\" decoding=\"async\" src=\"https:\/\/rotary.fi\/vanhalinna\/wp-content\/uploads\/sites\/98\/2021\/05\/kuva2-223x300.png\" width=\"223\" height=\"300\" alt=\"\" class=\"wp-image-2159 alignnone size-medium\" \/>\u00a0 \u00a0 \u00a0 \u00a0 \u00a0 \u00a0Kuvia \u00a0Riian NICUsta<img loading=\"lazy\" decoding=\"async\" src=\"https:\/\/rotary.fi\/vanhalinna\/wp-content\/uploads\/sites\/98\/2021\/05\/rc-netti-7-185x300.jpg\" width=\"184\" height=\"298\" alt=\"\" class=\"wp-image-2173 alignnone size-medium\" style=\"float: right\" \/><\/p>\n<\/div>\n<div>\n<p><b><span><\/span><\/b><\/p>\n<p><b><span><\/span><\/b><\/p>\n<p><b><span>Hankkeen pitk\u00e4 mutta tuloksekas rakentaminen <\/span><\/b><\/p>\n<\/div>\n<div>\n<p><b><span>\u00a0<\/span><\/b><\/p>\n<\/div>\n<div>\n<p><span>Hanketta rakennettiin m\u00e4\u00e4r\u00e4tietoisesti \u00a0vuodesta 2014 yhdess\u00e4 Keskolan ylil\u00e4\u00e4k\u00e4rin professori Liisa Lehtosen ja piirimme johtoteht\u00e4viss\u00e4 vaikuttaneen Pentti Aspilan kanssa. Tavoitteenamme on hoidollisten tavoitteiden lis\u00e4ksi ollut rakentaa mallihanke muiden klubien hy\u00f6dynnett\u00e4v\u00e4ksi. <\/span><span style=\"font-size: 16px\">Kes\u00e4ll\u00e4 2018 j\u00e4timme is\u00e4nt\u00e4klubin ominaisuudessa rotarys\u00e4\u00e4ti\u00f6\u00f6n Global Grant \u2013hakemuksen Riian yliopistollisen lastensairaalan NICUssa toteutettavasta VVM-koulutusohjelmasta.<\/span><\/p>\n<p>Hankkeen nimeksi tuli <strong>&#8221;Vastasyntyneiden tehohoidon parantaminen Vanhemmat Vahvasti Mukaan koulutusohjelman avulla&#8221; (GG1873060 Improvement of neonatal intensive Care through Close Collaboration with Parents Training Program).<\/strong><span style=\"font-size: 16px\"><\/span><\/p>\n<p><span style=\"font-size: 16px\"><\/span><\/p>\n<p><span style=\"font-size: 16px\"> Koulutusohjelman kustannus on noin 35 000 \u20ac eli 41 000 $.\u00a0 Kumppaneinamme hankkeessa ovat Riian rotaryklubi sek\u00e4 oman 1410 piirimme lis\u00e4ksi piirit D1390, D2410 ja D2340. Kumppanimme osallistuvat merkitt\u00e4v\u00e4ll\u00e4 osuudella hankkeen rahoitukseen. Hanke hyv\u00e4ksyttiin tammikuussa 2019 ja koulutusohjelma alkoi Latvian Riiassa alkuvuodesta 2019.<\/span><\/p>\n<p><span style=\"font-size: 16px\"><\/span><\/p>\n<p><span style=\"font-size: 16px\"><\/span><\/p>\n<p><span style=\"font-size: 16px\"><\/span><\/p>\n<\/div>\n<div>\n<p><span><\/span><\/p>\n<div id=\"attachment_1686\" style=\"width: 710px\" class=\"wp-caption aligncenter\"><img loading=\"lazy\" decoding=\"async\" aria-describedby=\"caption-attachment-1686\" src=\"https:\/\/rotary.fi\/vanhalinna\/wp-content\/uploads\/sites\/98\/2019\/04\/fullsizeoutput_2da1.jpeg\" width=\"700\" height=\"429\" alt=\"\" class=\"wp-image-1686 size-full\" srcset=\"https:\/\/rotary.fi\/vanhalinna\/wp-content\/uploads\/sites\/98\/2019\/04\/fullsizeoutput_2da1.jpeg 700w, https:\/\/rotary.fi\/vanhalinna\/wp-content\/uploads\/sites\/98\/2019\/04\/fullsizeoutput_2da1-300x184.jpeg 300w\" sizes=\"(max-width: 700px) 100vw, 700px\" \/><p id=\"caption-attachment-1686\" class=\"wp-caption-text\">Ote hankkeen hyv\u00e4ksymisilmoituksesta.<\/p><\/div>\n<p>&nbsp;<\/p>\n<\/div>\n<div>\n<p><span>\u00a0<\/span><\/p>\n<\/div>\n<div>\n<p><span>\u00a0<\/span><\/p>\n<\/div>\n<div>\n<p><strong><span>VVM &#8211; koulutusohjelman toteutus Riiassa<\/span><\/strong><span><\/span><\/p>\n<\/div>\n<div>\n<p><span>\u00a0<\/span><\/p>\n<\/div>\n<div>\n<p><span>Koulutusohjelman ideana on muuttaa\u00a0 koko hoitoyksik\u00f6n hoitokulttuuria vaikuttamalla siihen sis\u00e4lt\u00e4p\u00e4in. Turun NICUssa koulutettiin ensin vuoden 2019 aikana Riian lastensairaalan kolme sairaanhoitajaa ja yksi l\u00e4\u00e4k\u00e4ri mentoreiksi. Mentorit kouluttavat hoitok\u00e4yt\u00e4nteit\u00e4 ty\u00f6tovereilleen yhdess\u00e4 tekem\u00e4ll\u00e4, mihin kuuluu my\u00f6s vanhempien roolin uudelleen ajatteleminen. M\u00e4\u00e4r\u00e4llisen\u00e4 tavoitteena on kouluttaa noin 70% hoitohenkil\u00f6kunnasta, jota on sairaalan NICU ja step down \u2013yksik\u00f6iss\u00e4 yhteens\u00e4 noin 80 hoitajaa ja 10 l\u00e4\u00e4k\u00e4ri\u00e4.<\/span><\/p>\n<\/div>\n<div>\n<p><span>\u00a0<\/span><\/p>\n<\/div>\n<div>\n<p><span>COVID-19 epidemia iski pahasti koulutuksen implementoitumisvaiheeseen Riian NICUssa. T\u00e4st\u00e4 huolimatta vuoden 2020 aikana koulutettiin kaikki NICUn 40 hoitajaa ja l\u00e4\u00e4k\u00e4rien koulutus saatiin k\u00e4yntiin. Loppuvuodesta 2020 saakka on epidemia koskettanut Latviaa eritt\u00e4in voimakkaasti. Koulutus auttoi jo t\u00e4ss\u00e4 vaiheessa \u00a0merkitt\u00e4v\u00e4sti hoitoyksikk\u00f6\u00e4 selvi\u00e4m\u00e4\u00e4n epidemian tuomista lis\u00e4haasteista pienokaisten ja heid\u00e4n perheittens\u00e4 kanssa. Epidemian jatkuessa Turun Keskolan kolutustiimi innovoi Riian yksik\u00f6n kanssa koulutukseen et\u00e4menetelmi\u00e4, mitk\u00e4 mahdollistivat koulutuksen l\u00e4piviennin. \u00a0Kehitettyj\u00e4 et\u00e4koulutusmenetelmi\u00e4 on sittemmin k\u00e4ytetty muissa Keskolan koulutustiimin vet\u00e4miss\u00e4 koulutushankkeissa.<\/span><\/p>\n<\/div>\n<div>\n<p><span><\/span><\/p>\n<p><img loading=\"lazy\" decoding=\"async\" src=\"https:\/\/rotary.fi\/vanhalinna\/wp-content\/uploads\/sites\/98\/2025\/10\/mentorointi.jpg\" width=\"1475\" height=\"1139\" alt=\"\" class=\"wp-image-3315 alignnone size-full\" srcset=\"https:\/\/rotary.fi\/vanhalinna\/wp-content\/uploads\/sites\/98\/2025\/10\/mentorointi.jpg 1475w, https:\/\/rotary.fi\/vanhalinna\/wp-content\/uploads\/sites\/98\/2025\/10\/mentorointi-1280x988.jpg 1280w, https:\/\/rotary.fi\/vanhalinna\/wp-content\/uploads\/sites\/98\/2025\/10\/mentorointi-980x757.jpg 980w, https:\/\/rotary.fi\/vanhalinna\/wp-content\/uploads\/sites\/98\/2025\/10\/mentorointi-480x371.jpg 480w\" sizes=\"(min-width: 0px) and (max-width: 480px) 480px, (min-width: 481px) and (max-width: 980px) 980px, (min-width: 981px) and (max-width: 1280px) 1280px, (min-width: 1281px) 1475px, 100vw\" \/>\u00a0<\/p>\n<p>Mentorointia NICUssa<\/p>\n<\/div>\n<p><span style=\"font-size: x-large\"><\/span><\/p>\n<p><span style=\"font-size: x-large\"><\/span><\/p>\n<p>&nbsp;<\/p>\n<p>&nbsp;<\/p>\n<p style=\"text-align: left\"><img loading=\"lazy\" decoding=\"async\" class=\"aligncenter wp-image-1714 size-large\" src=\"https:\/\/rotary.fi\/vanhalinna\/wp-content\/uploads\/sites\/98\/2019\/04\/fullsizeoutput_2da6-1024x714.jpeg\" alt=\"\" width=\"1024\" height=\"714\" srcset=\"https:\/\/rotary.fi\/vanhalinna\/wp-content\/uploads\/sites\/98\/2019\/04\/fullsizeoutput_2da6-1024x714.jpeg 1024w, https:\/\/rotary.fi\/vanhalinna\/wp-content\/uploads\/sites\/98\/2019\/04\/fullsizeoutput_2da6-300x209.jpeg 300w, https:\/\/rotary.fi\/vanhalinna\/wp-content\/uploads\/sites\/98\/2019\/04\/fullsizeoutput_2da6-768x535.jpeg 768w, https:\/\/rotary.fi\/vanhalinna\/wp-content\/uploads\/sites\/98\/2019\/04\/fullsizeoutput_2da6-1080x753.jpeg 1080w, https:\/\/rotary.fi\/vanhalinna\/wp-content\/uploads\/sites\/98\/2019\/04\/fullsizeoutput_2da6.jpeg 2048w\" sizes=\"(max-width: 1024px) 100vw, 1024px\" \/><\/p>\n<p>&nbsp;<\/p>\n<p>Epidemian hellitt\u00e4ess\u00e4 saatiin koulutus viedyksi loppuun sek\u00e4 sairaalan NICUssa ett\u00e4 step down-yksik\u00f6ss\u00e4, ja koulutuksen p\u00e4\u00e4t\u00f6sseminaariin menness\u00e4 kev\u00e4\u00e4ll\u00e4 2022 oli koulutettu yhteenw\u00e4 80 hoitajaa ja 13 l\u00e4\u00e4k\u00e4ri\u00e4.<\/p>\n<p>Riiassa 20.5.2022 pidetyss\u00e4 seminaarissa kuultiin koosteina sek\u00e4 koulutettujen ett\u00e4 kouluttajien kokemuksia sek\u00e4 tuloksia toteutuneen koulutuksen vaikuttavuudesta.<\/p>\n<h4><\/h4>\n<h4><\/h4>\n<h4>Professori Liisa Lehtosen yhteenveto p\u00e4\u00e4t\u00f6sseminaarista<\/h4>\n<p>&nbsp;<\/p>\n<p><span>Yesterday we had a closing seminar on the Close Collaboration with<\/span><br \/><span>Parents training in the Riga Children&#8217;s Clinical University Hospital.<\/span><br \/><span>Our training team was very touched and proud of all the achievements<\/span><br \/><span>that the units had done during the implementation process. During the<\/span><br \/><span>implementation, they had trained 86 staff members, both doctors, and<\/span><br \/><span>nurses. In the seminar, they described changes in the unit care culture<\/span><br \/><span>at multiple levels. The staff attitudes had become more positive and<\/span><br \/><span>supportive toward parents. Staff communication with the parents had<\/span><br \/><span>increased, e.g. making the care plan for a day together with parents.<\/span><br \/><span>Some care practices had also changed, e.g.now kangaroo care is provided<\/span><br \/><span>for intubated infants. Even some changes in the infrastructure had been<\/span><br \/><span>made. By getting central monitoring to step-down unit single-family<\/span><br \/><span>rooms they are now able to transfer the families earlier to these rooms<\/span><br \/><span>and reduce the separation. These changes were also validated by the pre<\/span><br \/><span>and post auditing that was done by Mirka Toivonen.<\/span><br \/><span>The key persons for the Riga team are mentors Dr. Renate Zarina, nurses<\/span><br \/><span>Ieva Leimane and Anita Puke, and the leader of the unit Dr. Dace<\/span><br \/><span>Sniedze. Once again congratulations to the whole team and the staff of<\/span><br \/><span>the units for such a huge accomplishment<\/span><br \/><span>Finally, thanks to the Rotary clubs from Finland (Sakari Alaranta, Lieto<\/span><br \/><span>Vanhalinna) and Riga together with the international Rotary Foundation<\/span><br \/><span>for their support of this training!<\/span><\/p>\n<p><span><\/span><\/p>\n<p><span><\/span><\/p>\n<h4>Tunnustusta hankkeelle !<span><\/span><\/h4>\n<p>&nbsp;<\/p>\n<p>VVM koulutushankkeemme Riiassa valittiin piirimme edustajaksi, kun Rotary 120 vuotta juhlassa Tampereella kev\u00e4\u00e4ll\u00e4 2025 esitettiin piirien k\u00e4rkihankkeita.<\/p>\n<p>T\u00e4\u00e4lt\u00e4 voit katsoa videoesity<span style=\"font-size: 16px\">ksen \u00a0<a href=\"https:\/\/youtu.be\/iOt3VhUeUGM\">https:\/\/youtu.be\/iOt3VhUeUGM<\/a><\/span><\/p>\n<p><span style=\"font-size: 16px\"><\/span><\/p>\n<p>Klubillemme oli suuri ilonaihe my\u00f6s toinen hankkeen tavoitteen toteutuminen. Toukokuussa 2021 sai hyv\u00e4ksynn\u00e4n Turun Samppalinnan rotaryklubin GG-hanke VVM-koulutusohjelman totetuttamiseksi Turun NICUn ohjauksessa Tsekinmaan Pardupicessa. T\u00e4ss\u00e4 hankkeemme toimi mallina. Onnea Samppalinnan klubille!<span style=\"font-size: 16px\"><\/span><\/p>\n<p><span><\/span><\/p>\n<p>&nbsp;<\/p>\n<p>&nbsp;<\/p>\n<p>&nbsp;<\/p>\n<p>&nbsp;<\/p>\n<p>[\/et_pb_text][\/et_pb_column_inner][\/et_pb_row_inner][\/et_pb_column][et_pb_column type=&#8221;1_3&#8243; _builder_version=&#8221;4.16&#8243; custom_padding=&#8221;|||&#8221; global_colors_info=&#8221;{}&#8221; custom_padding__hover=&#8221;|||&#8221;][et_pb_sidebar area=&#8221;sidebar-1&#8243; module_class=&#8221;sivupalkki_sisalto&#8221; _builder_version=&#8221;4.16&#8243; locked=&#8221;on&#8221; global_colors_info=&#8221;{}&#8221;]<br \/>\n[\/et_pb_sidebar][\/et_pb_column][\/et_pb_section][et_pb_section fb_built=&#8221;1&#8243; _builder_version=&#8221;4.16&#8243; _module_preset=&#8221;default&#8221; global_colors_info=&#8221;{}&#8221;][et_pb_row _builder_version=&#8221;4.16&#8243; _module_preset=&#8221;default&#8221; global_colors_info=&#8221;{}&#8221;][et_pb_column type=&#8221;4_4&#8243; _builder_version=&#8221;4.16&#8243; _module_preset=&#8221;default&#8221; global_colors_info=&#8221;{}&#8221;][\/et_pb_column][\/et_pb_row][\/et_pb_section][et_pb_section fb_built=&#8221;1&#8243; _builder_version=&#8221;4.16&#8243; _module_preset=&#8221;default&#8221; global_colors_info=&#8221;{}&#8221;][et_pb_row _builder_version=&#8221;4.16&#8243; _module_preset=&#8221;default&#8221; global_colors_info=&#8221;{}&#8221;][et_pb_column type=&#8221;4_4&#8243; _builder_version=&#8221;4.16&#8243; _module_preset=&#8221;default&#8221; global_colors_info=&#8221;{}&#8221;][\/et_pb_column][\/et_pb_row][\/et_pb_section][et_pb_section fb_built=&#8221;1&#8243; _builder_version=&#8221;4.17.4&#8243; _module_preset=&#8221;default&#8221; global_colors_info=&#8221;{}&#8221;][\/et_pb_section][et_pb_section fb_built=&#8221;1&#8243; _builder_version=&#8221;4.27.4&#8243; _module_preset=&#8221;default&#8221; global_colors_info=&#8221;{}&#8221;][et_pb_row _builder_version=&#8221;4.27.4&#8243; _module_preset=&#8221;default&#8221; global_colors_info=&#8221;{}&#8221;][et_pb_column type=&#8221;4_4&#8243; _builder_version=&#8221;4.27.4&#8243; _module_preset=&#8221;default&#8221; global_colors_info=&#8221;{}&#8221;][\/et_pb_column][\/et_pb_row][\/et_pb_section]<\/p>\n","protected":false},"excerpt":{"rendered":"<p>Kansainv\u00e4liset hankkeemmeKeskosten hoidon tukeminen -uraauurtava kansainv\u00e4linen projektimme &nbsp; &nbsp; Keskosten hoitoty\u00f6n tukeminen rahoittamalla kokonaisen hoitoyksik\u00f6n koulutus on ollut vaikuttavuudeltaan merkitt\u00e4vin klubimme hanke, joka tuli mahdolliseksi hyv\u00e4n yhteisty\u00f6n ansiosta Turun yliopistollisen keskussairaalan keskosten hoitoyksik\u00f6n \u201dKeskolan\u201d kanssa. TYKSin Keskolassa on kehitetty hoitotapa (Vanhemmat\u00a0Vahvasti\u00a0Mukaan =\u00a0VVM), jossa vanhemmat osallistuvat aktiivisesti keskosen p\u00e4ivitt\u00e4iseen hoitoon keskosta hoitavassa yksik\u00f6ss\u00e4 (NICU = neonatal [&hellip;]<\/p>\n","protected":false},"author":1,"featured_media":0,"parent":77,"menu_order":0,"comment_status":"closed","ping_status":"closed","template":"","meta":{"_acf_changed":false,"_et_pb_use_builder":"on","_et_pb_old_content":"","_et_gb_content_width":"","footnotes":""},"class_list":["post-156","page","type-page","status-publish","hentry"],"acf":[],"yoast_head":"<!-- This site is optimized with the Yoast SEO plugin v27.0 - https:\/\/yoast.com\/product\/yoast-seo-wordpress\/ -->\n<title>Projektit - Lieto Vanhalinnan Rotaryklubi<\/title>\n<meta name=\"robots\" content=\"index, follow, max-snippet:-1, max-image-preview:large, max-video-preview:-1\" \/>\n<link rel=\"canonical\" href=\"https:\/\/rotary.fi\/vanhalinna\/mita-teemme\/projektit\/\" \/>\n<meta property=\"og:locale\" content=\"fi_FI\" \/>\n<meta property=\"og:type\" content=\"article\" \/>\n<meta property=\"og:title\" content=\"Projektit - Lieto Vanhalinnan Rotaryklubi\" \/>\n<meta property=\"og:description\" content=\"Kansainv\u00e4liset hankkeemmeKeskosten hoidon tukeminen -uraauurtava kansainv\u00e4linen projektimme &nbsp; &nbsp; Keskosten hoitoty\u00f6n tukeminen rahoittamalla kokonaisen hoitoyksik\u00f6n koulutus on ollut vaikuttavuudeltaan merkitt\u00e4vin klubimme hanke, joka tuli mahdolliseksi hyv\u00e4n yhteisty\u00f6n ansiosta Turun yliopistollisen keskussairaalan keskosten hoitoyksik\u00f6n \u201dKeskolan\u201d kanssa. TYKSin Keskolassa on kehitetty hoitotapa (Vanhemmat\u00a0Vahvasti\u00a0Mukaan =\u00a0VVM), jossa vanhemmat osallistuvat aktiivisesti keskosen p\u00e4ivitt\u00e4iseen hoitoon keskosta hoitavassa yksik\u00f6ss\u00e4 (NICU = neonatal [&hellip;]\" \/>\n<meta property=\"og:url\" content=\"https:\/\/rotary.fi\/vanhalinna\/mita-teemme\/projektit\/\" \/>\n<meta property=\"og:site_name\" content=\"Lieto Vanhalinnan Rotaryklubi\" \/>\n<meta property=\"article:modified_time\" content=\"2025-10-27T08:22:51+00:00\" \/>\n<meta property=\"og:image\" content=\"https:\/\/rotary.fi\/vanhalinna\/wp-content\/uploads\/sites\/98\/2021\/05\/kuva2.png\" \/>\n\t<meta property=\"og:image:width\" content=\"810\" \/>\n\t<meta property=\"og:image:height\" content=\"1089\" \/>\n\t<meta property=\"og:image:type\" content=\"image\/png\" \/>\n<meta name=\"twitter:card\" content=\"summary_large_image\" \/>\n<meta name=\"twitter:label1\" content=\"Arvioitu lukuaika\" \/>\n\t<meta name=\"twitter:data1\" content=\"8 minuuttia\" \/>\n<script type=\"application\/ld+json\" class=\"yoast-schema-graph\">{\"@context\":\"https:\/\/schema.org\",\"@graph\":[{\"@type\":\"WebPage\",\"@id\":\"https:\/\/rotary.fi\/vanhalinna\/mita-teemme\/projektit\/\",\"url\":\"https:\/\/rotary.fi\/vanhalinna\/mita-teemme\/projektit\/\",\"name\":\"Projektit - Lieto Vanhalinnan Rotaryklubi\",\"isPartOf\":{\"@id\":\"https:\/\/rotary.fi\/vanhalinna\/#website\"},\"primaryImageOfPage\":{\"@id\":\"https:\/\/rotary.fi\/vanhalinna\/mita-teemme\/projektit\/#primaryimage\"},\"image\":{\"@id\":\"https:\/\/rotary.fi\/vanhalinna\/mita-teemme\/projektit\/#primaryimage\"},\"thumbnailUrl\":\"https:\/\/rotary.fi\/vanhalinna\/wp-content\/uploads\/sites\/98\/2021\/05\/kuva2-223x300.png\",\"datePublished\":\"2018-08-13T06:46:59+00:00\",\"dateModified\":\"2025-10-27T08:22:51+00:00\",\"breadcrumb\":{\"@id\":\"https:\/\/rotary.fi\/vanhalinna\/mita-teemme\/projektit\/#breadcrumb\"},\"inLanguage\":\"fi\",\"potentialAction\":[{\"@type\":\"ReadAction\",\"target\":[\"https:\/\/rotary.fi\/vanhalinna\/mita-teemme\/projektit\/\"]}]},{\"@type\":\"ImageObject\",\"inLanguage\":\"fi\",\"@id\":\"https:\/\/rotary.fi\/vanhalinna\/mita-teemme\/projektit\/#primaryimage\",\"url\":\"https:\/\/rotary.fi\/vanhalinna\/wp-content\/uploads\/sites\/98\/2021\/05\/kuva2.png\",\"contentUrl\":\"https:\/\/rotary.fi\/vanhalinna\/wp-content\/uploads\/sites\/98\/2021\/05\/kuva2.png\",\"width\":810,\"height\":1089},{\"@type\":\"BreadcrumbList\",\"@id\":\"https:\/\/rotary.fi\/vanhalinna\/mita-teemme\/projektit\/#breadcrumb\",\"itemListElement\":[{\"@type\":\"ListItem\",\"position\":1,\"name\":\"Home\",\"item\":\"https:\/\/rotary.fi\/vanhalinna\/\"},{\"@type\":\"ListItem\",\"position\":2,\"name\":\"Mit\u00e4 teemme\",\"item\":\"https:\/\/rotary.fi\/vanhalinna\/mita-teemme\/\"},{\"@type\":\"ListItem\",\"position\":3,\"name\":\"Projektit\"}]},{\"@type\":\"WebSite\",\"@id\":\"https:\/\/rotary.fi\/vanhalinna\/#website\",\"url\":\"https:\/\/rotary.fi\/vanhalinna\/\",\"name\":\"Lieto Vanhalinnan Rotaryklubi\",\"description\":\"Uusi Rotary klubisivusto\",\"potentialAction\":[{\"@type\":\"SearchAction\",\"target\":{\"@type\":\"EntryPoint\",\"urlTemplate\":\"https:\/\/rotary.fi\/vanhalinna\/?s={search_term_string}\"},\"query-input\":{\"@type\":\"PropertyValueSpecification\",\"valueRequired\":true,\"valueName\":\"search_term_string\"}}],\"inLanguage\":\"fi\"}]}<\/script>\n<!-- \/ Yoast SEO plugin. -->","yoast_head_json":{"title":"Projektit - Lieto Vanhalinnan Rotaryklubi","robots":{"index":"index","follow":"follow","max-snippet":"max-snippet:-1","max-image-preview":"max-image-preview:large","max-video-preview":"max-video-preview:-1"},"canonical":"https:\/\/rotary.fi\/vanhalinna\/mita-teemme\/projektit\/","og_locale":"fi_FI","og_type":"article","og_title":"Projektit - Lieto Vanhalinnan Rotaryklubi","og_description":"Kansainv\u00e4liset hankkeemmeKeskosten hoidon tukeminen -uraauurtava kansainv\u00e4linen projektimme &nbsp; &nbsp; Keskosten hoitoty\u00f6n tukeminen rahoittamalla kokonaisen hoitoyksik\u00f6n koulutus on ollut vaikuttavuudeltaan merkitt\u00e4vin klubimme hanke, joka tuli mahdolliseksi hyv\u00e4n yhteisty\u00f6n ansiosta Turun yliopistollisen keskussairaalan keskosten hoitoyksik\u00f6n \u201dKeskolan\u201d kanssa. TYKSin Keskolassa on kehitetty hoitotapa (Vanhemmat\u00a0Vahvasti\u00a0Mukaan =\u00a0VVM), jossa vanhemmat osallistuvat aktiivisesti keskosen p\u00e4ivitt\u00e4iseen hoitoon keskosta hoitavassa yksik\u00f6ss\u00e4 (NICU = neonatal [&hellip;]","og_url":"https:\/\/rotary.fi\/vanhalinna\/mita-teemme\/projektit\/","og_site_name":"Lieto Vanhalinnan Rotaryklubi","article_modified_time":"2025-10-27T08:22:51+00:00","og_image":[{"width":810,"height":1089,"url":"https:\/\/rotary.fi\/vanhalinna\/wp-content\/uploads\/sites\/98\/2021\/05\/kuva2.png","type":"image\/png"}],"twitter_card":"summary_large_image","twitter_misc":{"Arvioitu lukuaika":"8 minuuttia"},"schema":{"@context":"https:\/\/schema.org","@graph":[{"@type":"WebPage","@id":"https:\/\/rotary.fi\/vanhalinna\/mita-teemme\/projektit\/","url":"https:\/\/rotary.fi\/vanhalinna\/mita-teemme\/projektit\/","name":"Projektit - Lieto Vanhalinnan Rotaryklubi","isPartOf":{"@id":"https:\/\/rotary.fi\/vanhalinna\/#website"},"primaryImageOfPage":{"@id":"https:\/\/rotary.fi\/vanhalinna\/mita-teemme\/projektit\/#primaryimage"},"image":{"@id":"https:\/\/rotary.fi\/vanhalinna\/mita-teemme\/projektit\/#primaryimage"},"thumbnailUrl":"https:\/\/rotary.fi\/vanhalinna\/wp-content\/uploads\/sites\/98\/2021\/05\/kuva2-223x300.png","datePublished":"2018-08-13T06:46:59+00:00","dateModified":"2025-10-27T08:22:51+00:00","breadcrumb":{"@id":"https:\/\/rotary.fi\/vanhalinna\/mita-teemme\/projektit\/#breadcrumb"},"inLanguage":"fi","potentialAction":[{"@type":"ReadAction","target":["https:\/\/rotary.fi\/vanhalinna\/mita-teemme\/projektit\/"]}]},{"@type":"ImageObject","inLanguage":"fi","@id":"https:\/\/rotary.fi\/vanhalinna\/mita-teemme\/projektit\/#primaryimage","url":"https:\/\/rotary.fi\/vanhalinna\/wp-content\/uploads\/sites\/98\/2021\/05\/kuva2.png","contentUrl":"https:\/\/rotary.fi\/vanhalinna\/wp-content\/uploads\/sites\/98\/2021\/05\/kuva2.png","width":810,"height":1089},{"@type":"BreadcrumbList","@id":"https:\/\/rotary.fi\/vanhalinna\/mita-teemme\/projektit\/#breadcrumb","itemListElement":[{"@type":"ListItem","position":1,"name":"Home","item":"https:\/\/rotary.fi\/vanhalinna\/"},{"@type":"ListItem","position":2,"name":"Mit\u00e4 teemme","item":"https:\/\/rotary.fi\/vanhalinna\/mita-teemme\/"},{"@type":"ListItem","position":3,"name":"Projektit"}]},{"@type":"WebSite","@id":"https:\/\/rotary.fi\/vanhalinna\/#website","url":"https:\/\/rotary.fi\/vanhalinna\/","name":"Lieto Vanhalinnan Rotaryklubi","description":"Uusi Rotary klubisivusto","potentialAction":[{"@type":"SearchAction","target":{"@type":"EntryPoint","urlTemplate":"https:\/\/rotary.fi\/vanhalinna\/?s={search_term_string}"},"query-input":{"@type":"PropertyValueSpecification","valueRequired":true,"valueName":"search_term_string"}}],"inLanguage":"fi"}]}},"lang":"fi","translations":{"fi":156,"en":1451},"pll_sync_post":[],"_links":{"self":[{"href":"https:\/\/rotary.fi\/vanhalinna\/wp-json\/wp\/v2\/pages\/156","targetHints":{"allow":["GET"]}}],"collection":[{"href":"https:\/\/rotary.fi\/vanhalinna\/wp-json\/wp\/v2\/pages"}],"about":[{"href":"https:\/\/rotary.fi\/vanhalinna\/wp-json\/wp\/v2\/types\/page"}],"author":[{"embeddable":true,"href":"https:\/\/rotary.fi\/vanhalinna\/wp-json\/wp\/v2\/users\/1"}],"replies":[{"embeddable":true,"href":"https:\/\/rotary.fi\/vanhalinna\/wp-json\/wp\/v2\/comments?post=156"}],"version-history":[{"count":11,"href":"https:\/\/rotary.fi\/vanhalinna\/wp-json\/wp\/v2\/pages\/156\/revisions"}],"predecessor-version":[{"id":3330,"href":"https:\/\/rotary.fi\/vanhalinna\/wp-json\/wp\/v2\/pages\/156\/revisions\/3330"}],"up":[{"embeddable":true,"href":"https:\/\/rotary.fi\/vanhalinna\/wp-json\/wp\/v2\/pages\/77"}],"wp:attachment":[{"href":"https:\/\/rotary.fi\/vanhalinna\/wp-json\/wp\/v2\/media?parent=156"}],"curies":[{"name":"wp","href":"https:\/\/api.w.org\/{rel}","templated":true}]}}