{"id":154,"date":"2018-08-13T09:35:27","date_gmt":"2018-08-13T06:35:27","guid":{"rendered":"https:\/\/rotary.fi\/vanhalinna\/?page_id=154"},"modified":"2025-10-27T17:57:45","modified_gmt":"2025-10-27T15:57:45","slug":"nuorisovaihto","status":"publish","type":"page","link":"https:\/\/rotary.fi\/vanhalinna\/mita-teemme\/nuorisovaihto\/","title":{"rendered":"Nuorisovaihto"},"content":{"rendered":"<p>[et_pb_section fb_built=&#8221;1&#8243; module_class=&#8221;jumbotron-page&#8221; _builder_version=&#8221;4.16&#8243; background_image=&#8221;https:\/\/rotary.fi\/vanhalinna\/wp-content\/uploads\/sites\/98\/2019\/04\/19397005_10212965784529973_2450576333577033768_n.jpg&#8221; global_colors_info=&#8221;{}&#8221;][et_pb_row _builder_version=&#8221;4.16&#8243; background_size=&#8221;initial&#8221; background_position=&#8221;top_left&#8221; background_repeat=&#8221;repeat&#8221; global_colors_info=&#8221;{}&#8221;][et_pb_column type=&#8221;4_4&#8243; _builder_version=&#8221;4.16&#8243; custom_padding=&#8221;|||&#8221; global_colors_info=&#8221;{}&#8221; custom_padding__hover=&#8221;|||&#8221;][et_pb_text admin_label=&#8221;P\u00e4\u00e4otsikko&#8221; _builder_version=&#8221;4.16&#8243; text_orientation=&#8221;center&#8221; background_layout=&#8221;dark&#8221; global_colors_info=&#8221;{}&#8221;]<\/p>\n<h1>Nuorisovaihto<\/h1>\n<p>[\/et_pb_text][\/et_pb_column][\/et_pb_row][\/et_pb_section][et_pb_section fb_built=&#8221;1&#8243; specialty=&#8221;on&#8221; module_class_2=&#8221;sivupalkki&#8221; _builder_version=&#8221;4.16&#8243; inner_max_width=&#8221;none&#8221; global_colors_info=&#8221;{}&#8221;][et_pb_column type=&#8221;2_3&#8243; specialty_columns=&#8221;2&#8243; _builder_version=&#8221;4.16&#8243; custom_padding=&#8221;|||&#8221; global_colors_info=&#8221;{}&#8221; custom_padding__hover=&#8221;|||&#8221;][et_pb_row_inner column_structure=&#8221;undefined&#8221; admin_label=&#8221;Rivi&#8221; _builder_version=&#8221;4.16&#8243; global_colors_info=&#8221;{}&#8221;][et_pb_column_inner type=&#8221;undefined&#8221; saved_specialty_column_type=&#8221;2_3&#8243; _builder_version=&#8221;4.16&#8243; custom_padding=&#8221;|||&#8221; global_colors_info=&#8221;{}&#8221; custom_padding__hover=&#8221;|||&#8221;][et_pb_text admin_label=&#8221;Nuorisovaihto &#8211; Otsikko&#8221; _builder_version=&#8221;4.16&#8243; text_orientation=&#8221;center&#8221; global_colors_info=&#8221;{}&#8221;]<\/p>\n<h1>Nuorisovaihto<\/h1>\n<p>[\/et_pb_text][et_pb_text admin_label=&#8221;Teksti&#8221; _builder_version=&#8221;4.16&#8243; z_index_tablet=&#8221;500&#8243; global_colors_info=&#8221;{}&#8221;]<\/p>\n<p class=\"p1\"><span class=\"s1\">Rotaryn nuorisovaihto on turvallinen ja usein varsin edullinen tapa l\u00e4hte\u00e4 ulkomaille vaihto-oppilaaksi.<span class=\"Apple-converted-space\">\u00a0 <\/span>Rotaryn nuorisovaihto on sertifioitua ja valvottua. Nuorta sitovat rotareiden ohjeet ja s\u00e4\u00e4nn\u00f6t, se on osa turvallisuutta. Nuori ja h\u00e4nen perheens\u00e4 koulutetaan vaihtovuoden vaatimuksiin ennen nuoren l\u00e4ht\u00f6\u00e4. <\/span><\/p>\n<p class=\"p1\"><span class=\"s1\">Vastaanottava perhe ottaa nuoren perheenj\u00e4senekseen. Vastaanottava rotaryklubi huolehtii mm. saapuvan vaihto-oppilaan koulukustannuksista. Nuori saa my\u00f6s pient\u00e4 kuukausirahaa rotaryklubiltaan. Perhe ei saa rahallista korvausta nuoren yll\u00e4pidosta.<\/span><\/p>\n<p class=\"p1\"><span class=\"s1\">Suomeen saapuville vaihto-oppilaille tarvitaan is\u00e4nt\u00e4perheit\u00e4. Nuori on vaihtovuoden aikana yleens\u00e4 kolmessa perheess\u00e4, noin nelj\u00e4 kuukautta jokaisessa. Kun haluat tarjota turvallisen kodin Suomeen saapuvalle nuorelle, ota yhteytt\u00e4 klubimme nuorisovaihtoasiamieheen.\u00a0<\/span><\/p>\n<p class=\"p1\"><span class=\"s1\">Kun rotaryklubi ottaa vastaan ulkomaisen vaihto-oppilaan, se tarkoittaa samalla, ett\u00e4 meilt\u00e4 vastavuoroisesti p\u00e4\u00e4see nuori ulkomaille. Ulkomailla koulunk\u00e4ynti ei suinkaan aina ole oppilaalle ilmaista, mutta nuoren vastaanottava rotaryklubi vastaa n\u00e4ist\u00e4kin kustannuksista. Nuori saa my\u00f6s samat edut ja huolenpidon kuin maahamme saapuva nuori. <\/span><\/p>\n<p>[\/et_pb_text][\/et_pb_column_inner][\/et_pb_row_inner][et_pb_row_inner column_structure=&#8221;undefined&#8221; admin_label=&#8221;Rivi&#8221; _builder_version=&#8221;4.16&#8243; global_colors_info=&#8221;{}&#8221;][et_pb_column_inner type=&#8221;undefined&#8221; saved_specialty_column_type=&#8221;2_3&#8243; _builder_version=&#8221;4.16&#8243; custom_padding=&#8221;|||&#8221; global_colors_info=&#8221;{}&#8221; custom_padding__hover=&#8221;|||&#8221;][et_pb_text admin_label=&#8221;Kiinnostuitko nuorisovaihdosta? &#8211; Otsikko&#8221; _builder_version=&#8221;4.16&#8243; text_orientation=&#8221;center&#8221; global_colors_info=&#8221;{}&#8221;]<\/p>\n<h4>Kiinnostuitko nuorisovaihdosta?<\/h4>\n<p>[\/et_pb_text][et_pb_text admin_label=&#8221;Teksti&#8221; _builder_version=&#8221;4.27.4&#8243; z_index_tablet=&#8221;500&#8243; text_text_shadow_horizontal_length_tablet=&#8221;0px&#8221; text_text_shadow_vertical_length_tablet=&#8221;0px&#8221; text_text_shadow_blur_strength_tablet=&#8221;1px&#8221; link_text_shadow_horizontal_length_tablet=&#8221;0px&#8221; link_text_shadow_vertical_length_tablet=&#8221;0px&#8221; link_text_shadow_blur_strength_tablet=&#8221;1px&#8221; ul_text_shadow_horizontal_length_tablet=&#8221;0px&#8221; ul_text_shadow_vertical_length_tablet=&#8221;0px&#8221; ul_text_shadow_blur_strength_tablet=&#8221;1px&#8221; ol_text_shadow_horizontal_length_tablet=&#8221;0px&#8221; ol_text_shadow_vertical_length_tablet=&#8221;0px&#8221; ol_text_shadow_blur_strength_tablet=&#8221;1px&#8221; quote_text_shadow_horizontal_length_tablet=&#8221;0px&#8221; quote_text_shadow_vertical_length_tablet=&#8221;0px&#8221; quote_text_shadow_blur_strength_tablet=&#8221;1px&#8221; header_text_shadow_horizontal_length_tablet=&#8221;0px&#8221; header_text_shadow_vertical_length_tablet=&#8221;0px&#8221; header_text_shadow_blur_strength_tablet=&#8221;1px&#8221; header_2_text_shadow_horizontal_length_tablet=&#8221;0px&#8221; header_2_text_shadow_vertical_length_tablet=&#8221;0px&#8221; header_2_text_shadow_blur_strength_tablet=&#8221;1px&#8221; header_3_text_shadow_horizontal_length_tablet=&#8221;0px&#8221; header_3_text_shadow_vertical_length_tablet=&#8221;0px&#8221; header_3_text_shadow_blur_strength_tablet=&#8221;1px&#8221; header_4_text_shadow_horizontal_length_tablet=&#8221;0px&#8221; header_4_text_shadow_vertical_length_tablet=&#8221;0px&#8221; header_4_text_shadow_blur_strength_tablet=&#8221;1px&#8221; header_5_text_shadow_horizontal_length_tablet=&#8221;0px&#8221; header_5_text_shadow_vertical_length_tablet=&#8221;0px&#8221; header_5_text_shadow_blur_strength_tablet=&#8221;1px&#8221; header_6_text_shadow_horizontal_length_tablet=&#8221;0px&#8221; header_6_text_shadow_vertical_length_tablet=&#8221;0px&#8221; header_6_text_shadow_blur_strength_tablet=&#8221;1px&#8221; box_shadow_horizontal_tablet=&#8221;0px&#8221; box_shadow_vertical_tablet=&#8221;0px&#8221; box_shadow_blur_tablet=&#8221;40px&#8221; box_shadow_spread_tablet=&#8221;0px&#8221; global_colors_info=&#8221;{}&#8221;]<\/p>\n<p class=\"p1\"><span class=\"s1\">Rotaryn kautta voit p\u00e4\u00e4st\u00e4 vuosivaihtoon, kes\u00e4vaihtoon tai leirivaihtoon. N\u00e4ist\u00e4 eri vaihtomuodoista voit<span class=\"Apple-converted-space\">\u00a0 <\/span>lukea lis\u00e4\u00e4 Suomen Rotaryn <\/span><a href=\"https:\/\/rotary.fi\/mita-teemme\/nuorisopalvelut\/nuorisovaihto\/\" target=\"_blank\" rel=\"noopener noreferrer\"><span class=\"s2\">nuorisovaihdon<\/span><\/a><span class=\"s1\"> sivuilta.<\/span><span class=\"s3\">\u00a0<\/span><span class=\"s1\">Hakuaika seuraavan vuoden vaihtoihin on hakuvuotta edelt\u00e4v\u00e4n\u00e4 syksyn\u00e4. Jos kiinnostuit, ota yhteytt\u00e4 klubimme nuorisoasiamieheen ja kysy l\u00e4het\u00e4mmek\u00f6 vaihto-oppilaan tulevana vuonna. <\/span><\/p>\n<p class=\"p2\"><strong><span class=\"s4\">Kysy rohkeasti lis\u00e4\u00e4 Rotaryn nuorisovaihdosta!<br \/><\/span><\/strong><span class=\"s1\">Klubimme nuorisovaihtoasiamies on Kati Jokinen, 050 343 3155, katihellevi.jokinen (at) gmail.com<br \/><\/span><\/p>\n<p>Toteutamme nuorisovaihtoa yhteisty\u00f6ss\u00e4 Liedon Rotaryklubin kanssa, jonka nuorisovaihtoasiamies on Kaisa Lahdenkauppi, 044 519 1268, kaisa.lahdenkauppi (at) evl.fi<\/p>\n<p>&nbsp;<\/p>\n<p><span style=\"font-size: 16px\"><div id=\"attachment_3173\" style=\"width: 310px\" class=\"wp-caption alignnone\"><img loading=\"lazy\" decoding=\"async\" aria-describedby=\"caption-attachment-3173\" src=\"https:\/\/rotary.fi\/vanhalinna\/wp-content\/uploads\/sites\/98\/2025\/10\/20250930-184430-300x225.jpg\" width=\"300\" height=\"225\" alt=\"\" class=\"wp-image-3173 size-medium\" \/><p id=\"caption-attachment-3173\" class=\"wp-caption-text\">Frida Fors, Martta Erkkil\u00e4 ja Zenshin Umemura Japanista<\/p><\/div><\/span><\/p>\n<p>&nbsp;<\/p>\n<p>Nuorisovaihtoillassamme Liedon Vanhalinnassa 30.9.2025 \u00a0oli mukana aikaisemmin vaihdossa olleet Martta Erkkil\u00e4 (Argentiina) ja \u00a0Frida Fors (Chile) sek\u00e4 2025-2026 Suomessa ja Liedossa vaihdossa oleva Zenshin Umemura Japanista.<\/p>\n<h1><\/h1>\n<h1><span style=\"font-size: xx-large\"><strong>Klubiemme kautta nuorisovaihdossa ovat olleet<\/strong><\/span><\/h1>\n<h4><span style=\"font-size: large\"><strong>OB-vaihto-oppilaat<\/strong>\u00a0 \u00a0(ulkomaille l\u00e4htev\u00e4t vaihto-oppilaat):<\/span><\/h4>\n<p>2006-2007 \u00a0 \u00a0Tytti Heinonen, Uusi Seelanti<\/p>\n<p>2007-2008 \u00a0 \u00a0Sini Jalonen, Etel\u00e4-Afrikka<\/p>\n<p>2008-2009 \u00a0 \u00a0Linda Palenius, Meksiko<\/p>\n<p>2010-2011 \u00a0 \u00a0Fani Hirvinen, USA<\/p>\n<p>Liedon klubi: Emmi Salo<\/p>\n<p>2012-2013 \u00a0 \u00a0 Lyydia Palenius, Argentiina<\/p>\n<p>Liedon Klubi: Saara Pennala, Vilma Sainio<\/p>\n<p>2013-2014 \u00a0 \u00a0Linnea Virolainen, Taiwan<\/p>\n<p>Jenni Jokinen, Argentiina<\/p>\n<p>2014-2015 \u00a0 \u00a0Tommi Jokinen, Taiwan<\/p>\n<p>2015-2016 \u00a0 \u00a0Ronja Karus, Meksiko<\/p>\n<p>2016-2017 \u00a0 \u00a0\u00a0Juho Jokinen, USA<\/p>\n<p>2017-2018\u00a0 \u00a0 \u00a0Ossi Lehtihuhta, Australia<\/p>\n<p>2019-2020\u00a0 \u00a0 \u00a0Anni Vilo, Australia<\/p>\n<p>2022-2023 \u00a0 Emma-Lina Laaksonen, Argentiina,<\/p>\n<p>Liedon klubi: Alarik Bj\u00f6rkroth, Argentiina<\/p>\n<p>2023 -2024 \u00a0 Martta Erkkil\u00e4, Argentiina<\/p>\n<p>2024-2025 \u00a0Frida Fors, Chile<\/p>\n<p>2025-2026 \u00a0Laura Tuimala, Japani<\/p>\n<p>&nbsp;<\/p>\n<p>&nbsp;<\/p>\n<h4><span style=\"font-size: large\"><strong>IB-vaihto-oppilaat\u00a0<\/strong> \u00a0(Suomeen tulevat vaihto-oppilaat):<\/span><\/h4>\n<p>2006-2007 \u00a0 \u00a0 Natalie Ruus, Australia<\/p>\n<p>2007-2008 \u00a0 \u00a0 Anzel Nortje, Etel\u00e4-Afrikka<\/p>\n<p>2008-2009 \u00a0 \u00a0Marielos Duarte Guarrera, Meksiko<\/p>\n<p>2010-2011 \u00a0 \u00a0 Liedon klubi: Gabriela Vega Stamatis, Meksiko<\/p>\n<p>2011-2012 \u00a0 \u00a0 Francesca Murru, Italia, Maria Alice Fraga, Brasilia<\/p>\n<p>2012-2013 \u00a0 \u00a0 Manuel Lopez, Paraguay<\/p>\n<p>Liedon klubi: Miri Bagder, Australia<\/p>\n<p>2013-2014 \u00a0 \u00a0 Leonardo Cazal, Paraguay<\/p>\n<p>Liedon klubi: Rue-Shan Chang (Sandy), Taiwan<\/p>\n<p>2014-2015 \u00a0 \u00a0Toshihide Kikuchi, Japani<\/p>\n<p>2015-2016 \u00a0 \u00a0Daniel Zambrano, Meksiko<\/p>\n<p>2016-2017\u00a0 \u00a0 \u00a0Jess Franta, USA<\/p>\n<p>2018-2019\u00a0 \u00a0 \u00a0Isaac Awramenko, Australia<\/p>\n<p>2019-2020 \u00a0 \u00a0 Liedon klubi:\u00a0Natsuki Okami, Japani<\/p>\n<p>2020-2021 \u00a0 \u00a0 Khabonina Masanabo, Etel\u00e4-Afrikka<span style=\"font-size: 16px\">\u00a0<\/span><\/p>\n<p>2022-2023 \u00a0 Augustina\u00a0Plaetsier, Argentiina,<\/p>\n<p>Liedon klubi: Fermin Buezas, Argentiina<\/p>\n<p>2023 &#8211; 2024 \u00a0Amanda Roberts, Argentiina<\/p>\n<p>2024-2025 \u00a0Esteban Vald\u00e9s Loa, \u00a0Meksiko<\/p>\n<p>2025 -2026 \u00a0Zenshin Umemura, Japani<\/p>\n<p>&nbsp;<\/p>\n<p>[\/et_pb_text][\/et_pb_column_inner][\/et_pb_row_inner][\/et_pb_column][et_pb_column type=&#8221;1_3&#8243; _builder_version=&#8221;4.16&#8243; custom_padding=&#8221;|||&#8221; global_colors_info=&#8221;{}&#8221; custom_padding__hover=&#8221;|||&#8221;][et_pb_sidebar area=&#8221;sidebar-1&#8243; module_class=&#8221;sivupalkki_sisalto&#8221; _builder_version=&#8221;4.16&#8243; locked=&#8221;on&#8221; global_colors_info=&#8221;{}&#8221;]<br \/>\n[\/et_pb_sidebar][\/et_pb_column][\/et_pb_section][et_pb_section fb_built=&#8221;1&#8243; _builder_version=&#8221;4.16&#8243; global_colors_info=&#8221;{}&#8221;][et_pb_row column_structure=&#8221;1_2,1_2&#8243; _builder_version=&#8221;4.16&#8243; global_colors_info=&#8221;{}&#8221;][et_pb_column type=&#8221;1_2&#8243; _builder_version=&#8221;4.16&#8243; global_colors_info=&#8221;{}&#8221;][\/et_pb_column][et_pb_column type=&#8221;1_2&#8243; _builder_version=&#8221;4.16&#8243; global_colors_info=&#8221;{}&#8221;][\/et_pb_column][\/et_pb_row][\/et_pb_section]<\/p>\n","protected":false},"excerpt":{"rendered":"<p>Nuorisovaihto Nuorisovaihto Rotaryn nuorisovaihto on turvallinen ja usein varsin edullinen tapa l\u00e4hte\u00e4 ulkomaille vaihto-oppilaaksi.\u00a0 Rotaryn nuorisovaihto on sertifioitua ja valvottua. Nuorta sitovat rotareiden ohjeet ja s\u00e4\u00e4nn\u00f6t, se on osa turvallisuutta. Nuori ja h\u00e4nen perheens\u00e4 koulutetaan vaihtovuoden vaatimuksiin ennen nuoren l\u00e4ht\u00f6\u00e4. Vastaanottava perhe ottaa nuoren perheenj\u00e4senekseen. Vastaanottava rotaryklubi huolehtii mm. saapuvan vaihto-oppilaan koulukustannuksista. Nuori saa my\u00f6s [&hellip;]<\/p>\n","protected":false},"author":1,"featured_media":0,"parent":77,"menu_order":0,"comment_status":"closed","ping_status":"closed","template":"","meta":{"_acf_changed":false,"_et_pb_use_builder":"on","_et_pb_old_content":"","_et_gb_content_width":"","footnotes":""},"class_list":["post-154","page","type-page","status-publish","hentry"],"acf":[],"yoast_head":"<!-- This site is optimized with the Yoast SEO plugin v27.4 - https:\/\/yoast.com\/product\/yoast-seo-wordpress\/ -->\n<title>Nuorisovaihto - Lieto Vanhalinnan Rotaryklubi<\/title>\n<meta name=\"robots\" content=\"index, follow, max-snippet:-1, max-image-preview:large, max-video-preview:-1\" \/>\n<link rel=\"canonical\" href=\"https:\/\/rotary.fi\/vanhalinna\/mita-teemme\/nuorisovaihto\/\" \/>\n<meta property=\"og:locale\" content=\"fi_FI\" \/>\n<meta property=\"og:type\" content=\"article\" \/>\n<meta property=\"og:title\" content=\"Nuorisovaihto - Lieto Vanhalinnan Rotaryklubi\" \/>\n<meta property=\"og:description\" content=\"Nuorisovaihto Nuorisovaihto Rotaryn nuorisovaihto on turvallinen ja usein varsin edullinen tapa l\u00e4hte\u00e4 ulkomaille vaihto-oppilaaksi.\u00a0 Rotaryn nuorisovaihto on sertifioitua ja valvottua. Nuorta sitovat rotareiden ohjeet ja s\u00e4\u00e4nn\u00f6t, se on osa turvallisuutta. Nuori ja h\u00e4nen perheens\u00e4 koulutetaan vaihtovuoden vaatimuksiin ennen nuoren l\u00e4ht\u00f6\u00e4. Vastaanottava perhe ottaa nuoren perheenj\u00e4senekseen. Vastaanottava rotaryklubi huolehtii mm. saapuvan vaihto-oppilaan koulukustannuksista. Nuori saa my\u00f6s [&hellip;]\" \/>\n<meta property=\"og:url\" content=\"https:\/\/rotary.fi\/vanhalinna\/mita-teemme\/nuorisovaihto\/\" \/>\n<meta property=\"og:site_name\" content=\"Lieto Vanhalinnan Rotaryklubi\" \/>\n<meta property=\"article:modified_time\" content=\"2025-10-27T15:57:45+00:00\" \/>\n<meta property=\"og:image\" content=\"https:\/\/rotary.fi\/vanhalinna\/wp-content\/uploads\/sites\/98\/2025\/10\/20250930-184430.jpg\" \/>\n\t<meta property=\"og:image:width\" content=\"2048\" \/>\n\t<meta property=\"og:image:height\" content=\"1536\" \/>\n\t<meta property=\"og:image:type\" content=\"image\/jpeg\" \/>\n<meta name=\"twitter:card\" content=\"summary_large_image\" \/>\n<meta name=\"twitter:label1\" content=\"Arvioitu lukuaika\" \/>\n\t<meta name=\"twitter:data1\" content=\"5 minuuttia\" \/>\n<script type=\"application\/ld+json\" class=\"yoast-schema-graph\">{\"@context\":\"https:\\\/\\\/schema.org\",\"@graph\":[{\"@type\":\"WebPage\",\"@id\":\"https:\\\/\\\/rotary.fi\\\/vanhalinna\\\/mita-teemme\\\/nuorisovaihto\\\/\",\"url\":\"https:\\\/\\\/rotary.fi\\\/vanhalinna\\\/mita-teemme\\\/nuorisovaihto\\\/\",\"name\":\"Nuorisovaihto - Lieto Vanhalinnan Rotaryklubi\",\"isPartOf\":{\"@id\":\"https:\\\/\\\/rotary.fi\\\/vanhalinna\\\/#website\"},\"primaryImageOfPage\":{\"@id\":\"https:\\\/\\\/rotary.fi\\\/vanhalinna\\\/mita-teemme\\\/nuorisovaihto\\\/#primaryimage\"},\"image\":{\"@id\":\"https:\\\/\\\/rotary.fi\\\/vanhalinna\\\/mita-teemme\\\/nuorisovaihto\\\/#primaryimage\"},\"thumbnailUrl\":\"https:\\\/\\\/rotary.fi\\\/vanhalinna\\\/wp-content\\\/uploads\\\/sites\\\/98\\\/2025\\\/10\\\/20250930-184430-300x225.jpg\",\"datePublished\":\"2018-08-13T06:35:27+00:00\",\"dateModified\":\"2025-10-27T15:57:45+00:00\",\"breadcrumb\":{\"@id\":\"https:\\\/\\\/rotary.fi\\\/vanhalinna\\\/mita-teemme\\\/nuorisovaihto\\\/#breadcrumb\"},\"inLanguage\":\"fi\",\"potentialAction\":[{\"@type\":\"ReadAction\",\"target\":[\"https:\\\/\\\/rotary.fi\\\/vanhalinna\\\/mita-teemme\\\/nuorisovaihto\\\/\"]}]},{\"@type\":\"ImageObject\",\"inLanguage\":\"fi\",\"@id\":\"https:\\\/\\\/rotary.fi\\\/vanhalinna\\\/mita-teemme\\\/nuorisovaihto\\\/#primaryimage\",\"url\":\"https:\\\/\\\/rotary.fi\\\/vanhalinna\\\/wp-content\\\/uploads\\\/sites\\\/98\\\/2025\\\/10\\\/20250930-184430.jpg\",\"contentUrl\":\"https:\\\/\\\/rotary.fi\\\/vanhalinna\\\/wp-content\\\/uploads\\\/sites\\\/98\\\/2025\\\/10\\\/20250930-184430.jpg\",\"width\":2048,\"height\":1536,\"caption\":\"Frida Fors, Martta Erkkil\u00e4 ja Zenshin Umemura Japanista\"},{\"@type\":\"BreadcrumbList\",\"@id\":\"https:\\\/\\\/rotary.fi\\\/vanhalinna\\\/mita-teemme\\\/nuorisovaihto\\\/#breadcrumb\",\"itemListElement\":[{\"@type\":\"ListItem\",\"position\":1,\"name\":\"Home\",\"item\":\"https:\\\/\\\/rotary.fi\\\/vanhalinna\\\/\"},{\"@type\":\"ListItem\",\"position\":2,\"name\":\"Mit\u00e4 teemme\",\"item\":\"https:\\\/\\\/rotary.fi\\\/vanhalinna\\\/mita-teemme\\\/\"},{\"@type\":\"ListItem\",\"position\":3,\"name\":\"Nuorisovaihto\"}]},{\"@type\":\"WebSite\",\"@id\":\"https:\\\/\\\/rotary.fi\\\/vanhalinna\\\/#website\",\"url\":\"https:\\\/\\\/rotary.fi\\\/vanhalinna\\\/\",\"name\":\"Lieto Vanhalinnan Rotaryklubi\",\"description\":\"Uusi Rotary klubisivusto\",\"potentialAction\":[{\"@type\":\"SearchAction\",\"target\":{\"@type\":\"EntryPoint\",\"urlTemplate\":\"https:\\\/\\\/rotary.fi\\\/vanhalinna\\\/?s={search_term_string}\"},\"query-input\":{\"@type\":\"PropertyValueSpecification\",\"valueRequired\":true,\"valueName\":\"search_term_string\"}}],\"inLanguage\":\"fi\"}]}<\/script>\n<!-- \/ Yoast SEO plugin. -->","yoast_head_json":{"title":"Nuorisovaihto - Lieto Vanhalinnan Rotaryklubi","robots":{"index":"index","follow":"follow","max-snippet":"max-snippet:-1","max-image-preview":"max-image-preview:large","max-video-preview":"max-video-preview:-1"},"canonical":"https:\/\/rotary.fi\/vanhalinna\/mita-teemme\/nuorisovaihto\/","og_locale":"fi_FI","og_type":"article","og_title":"Nuorisovaihto - Lieto Vanhalinnan Rotaryklubi","og_description":"Nuorisovaihto Nuorisovaihto Rotaryn nuorisovaihto on turvallinen ja usein varsin edullinen tapa l\u00e4hte\u00e4 ulkomaille vaihto-oppilaaksi.\u00a0 Rotaryn nuorisovaihto on sertifioitua ja valvottua. Nuorta sitovat rotareiden ohjeet ja s\u00e4\u00e4nn\u00f6t, se on osa turvallisuutta. Nuori ja h\u00e4nen perheens\u00e4 koulutetaan vaihtovuoden vaatimuksiin ennen nuoren l\u00e4ht\u00f6\u00e4. Vastaanottava perhe ottaa nuoren perheenj\u00e4senekseen. Vastaanottava rotaryklubi huolehtii mm. saapuvan vaihto-oppilaan koulukustannuksista. Nuori saa my\u00f6s [&hellip;]","og_url":"https:\/\/rotary.fi\/vanhalinna\/mita-teemme\/nuorisovaihto\/","og_site_name":"Lieto Vanhalinnan Rotaryklubi","article_modified_time":"2025-10-27T15:57:45+00:00","og_image":[{"width":2048,"height":1536,"url":"https:\/\/rotary.fi\/vanhalinna\/wp-content\/uploads\/sites\/98\/2025\/10\/20250930-184430.jpg","type":"image\/jpeg"}],"twitter_card":"summary_large_image","twitter_misc":{"Arvioitu lukuaika":"5 minuuttia"},"schema":{"@context":"https:\/\/schema.org","@graph":[{"@type":"WebPage","@id":"https:\/\/rotary.fi\/vanhalinna\/mita-teemme\/nuorisovaihto\/","url":"https:\/\/rotary.fi\/vanhalinna\/mita-teemme\/nuorisovaihto\/","name":"Nuorisovaihto - Lieto Vanhalinnan Rotaryklubi","isPartOf":{"@id":"https:\/\/rotary.fi\/vanhalinna\/#website"},"primaryImageOfPage":{"@id":"https:\/\/rotary.fi\/vanhalinna\/mita-teemme\/nuorisovaihto\/#primaryimage"},"image":{"@id":"https:\/\/rotary.fi\/vanhalinna\/mita-teemme\/nuorisovaihto\/#primaryimage"},"thumbnailUrl":"https:\/\/rotary.fi\/vanhalinna\/wp-content\/uploads\/sites\/98\/2025\/10\/20250930-184430-300x225.jpg","datePublished":"2018-08-13T06:35:27+00:00","dateModified":"2025-10-27T15:57:45+00:00","breadcrumb":{"@id":"https:\/\/rotary.fi\/vanhalinna\/mita-teemme\/nuorisovaihto\/#breadcrumb"},"inLanguage":"fi","potentialAction":[{"@type":"ReadAction","target":["https:\/\/rotary.fi\/vanhalinna\/mita-teemme\/nuorisovaihto\/"]}]},{"@type":"ImageObject","inLanguage":"fi","@id":"https:\/\/rotary.fi\/vanhalinna\/mita-teemme\/nuorisovaihto\/#primaryimage","url":"https:\/\/rotary.fi\/vanhalinna\/wp-content\/uploads\/sites\/98\/2025\/10\/20250930-184430.jpg","contentUrl":"https:\/\/rotary.fi\/vanhalinna\/wp-content\/uploads\/sites\/98\/2025\/10\/20250930-184430.jpg","width":2048,"height":1536,"caption":"Frida Fors, Martta Erkkil\u00e4 ja Zenshin Umemura Japanista"},{"@type":"BreadcrumbList","@id":"https:\/\/rotary.fi\/vanhalinna\/mita-teemme\/nuorisovaihto\/#breadcrumb","itemListElement":[{"@type":"ListItem","position":1,"name":"Home","item":"https:\/\/rotary.fi\/vanhalinna\/"},{"@type":"ListItem","position":2,"name":"Mit\u00e4 teemme","item":"https:\/\/rotary.fi\/vanhalinna\/mita-teemme\/"},{"@type":"ListItem","position":3,"name":"Nuorisovaihto"}]},{"@type":"WebSite","@id":"https:\/\/rotary.fi\/vanhalinna\/#website","url":"https:\/\/rotary.fi\/vanhalinna\/","name":"Lieto Vanhalinnan Rotaryklubi","description":"Uusi Rotary klubisivusto","potentialAction":[{"@type":"SearchAction","target":{"@type":"EntryPoint","urlTemplate":"https:\/\/rotary.fi\/vanhalinna\/?s={search_term_string}"},"query-input":{"@type":"PropertyValueSpecification","valueRequired":true,"valueName":"search_term_string"}}],"inLanguage":"fi"}]}},"lang":"fi","translations":{"fi":154,"en":1449},"pll_sync_post":[],"_links":{"self":[{"href":"https:\/\/rotary.fi\/vanhalinna\/wp-json\/wp\/v2\/pages\/154","targetHints":{"allow":["GET"]}}],"collection":[{"href":"https:\/\/rotary.fi\/vanhalinna\/wp-json\/wp\/v2\/pages"}],"about":[{"href":"https:\/\/rotary.fi\/vanhalinna\/wp-json\/wp\/v2\/types\/page"}],"author":[{"embeddable":true,"href":"https:\/\/rotary.fi\/vanhalinna\/wp-json\/wp\/v2\/users\/1"}],"replies":[{"embeddable":true,"href":"https:\/\/rotary.fi\/vanhalinna\/wp-json\/wp\/v2\/comments?post=154"}],"version-history":[{"count":10,"href":"https:\/\/rotary.fi\/vanhalinna\/wp-json\/wp\/v2\/pages\/154\/revisions"}],"predecessor-version":[{"id":3357,"href":"https:\/\/rotary.fi\/vanhalinna\/wp-json\/wp\/v2\/pages\/154\/revisions\/3357"}],"up":[{"embeddable":true,"href":"https:\/\/rotary.fi\/vanhalinna\/wp-json\/wp\/v2\/pages\/77"}],"wp:attachment":[{"href":"https:\/\/rotary.fi\/vanhalinna\/wp-json\/wp\/v2\/media?parent=154"}],"curies":[{"name":"wp","href":"https:\/\/api.w.org\/{rel}","templated":true}]}}