{"id":156,"date":"2018-08-13T09:46:59","date_gmt":"2018-08-13T06:46:59","guid":{"rendered":"https:\/\/rotary.fi\/vanajavesi\/?page_id=156"},"modified":"2019-02-06T22:34:15","modified_gmt":"2019-02-06T20:34:15","slug":"projektit","status":"publish","type":"page","link":"https:\/\/rotary.fi\/vanajavesi\/mita-teemme\/projektit\/","title":{"rendered":"Projektit"},"content":{"rendered":"<p>[et_pb_section bb_built=&#8221;1&#8243; module_class=&#8221;jumbotron-page&#8221; _builder_version=&#8221;3.17.2&#8243; background_image=&#8221;https:\/\/rotary.fi\/vanajavesi\/wp-content\/uploads\/sites\/63\/2018\/08\/rotary_klubit_alasivu_paakuva_5.jpg&#8221; next_background_color=&#8221;#ffffff&#8221;][et_pb_row _builder_version=&#8221;3.0.48&#8243; background_size=&#8221;initial&#8221; background_position=&#8221;top_left&#8221; background_repeat=&#8221;repeat&#8221;][et_pb_column type=&#8221;4_4&#8243;][et_pb_text admin_label=&#8221;P\u00e4\u00e4otsikko&#8221; _builder_version=&#8221;3.19.5&#8243; text_orientation=&#8221;center&#8221; background_layout=&#8221;dark&#8221;]<\/p>\n<h1>Projektit<\/h1>\n<p>[\/et_pb_text][\/et_pb_column][\/et_pb_row][\/et_pb_section][et_pb_section bb_built=&#8221;1&#8243; specialty=&#8221;on&#8221; module_class_2=&#8221;sivupalkki&#8221; _builder_version=&#8221;3.4.1&#8243; prev_background_color=&#8221;#000000&#8243;][et_pb_column type=&#8221;2_3&#8243; specialty_columns=&#8221;2&#8243;][et_pb_row_inner admin_label=&#8221;Rivi&#8221; _builder_version=&#8221;3.0.47&#8243;][et_pb_column_inner type=&#8221;4_4&#8243; saved_specialty_column_type=&#8221;2_3&#8243;][et_pb_text admin_label=&#8221;Projektit &#8211; Otsikko&#8221; _builder_version=&#8221;3.19.5&#8243; text_orientation=&#8221;center&#8221;]<\/p>\n<h1>Projektit<\/h1>\n<p>[\/et_pb_text][et_pb_text _builder_version=&#8221;3.19.5&#8243;]<\/p>\n<p>Rotary on palveluj\u00e4rjest\u00f6. Toimimme tunnuslauseemme Palvelu itsekkyyden edelle (Service above self) mukaisesti paikallisesti ja maailmanlaajuisesti. Kansainv\u00e4linen humanit\u00e4\u00e4rinen palvelumme toteutuu Rotarys\u00e4\u00e4ti\u00f6mme koordinoimana ja hyv\u00e4ksyttyjen kumppaneiden kanssa.<\/p>\n<p><b>Aistihuone Saaristen koululle<\/b><\/p>\n<p>H\u00e4meenlinnan seudun rotarit halusivat osaltaan juhlia 100 vuotiasta itsen\u00e4ist\u00e4 Suomea toteuttamalla yhdess\u00e4 suomalaista yhteiskuntaa tukevan palveluprojektin &#8221;Aistihuone 100&#8221;, joka oli yksi itsen\u00e4isyyden juhlavuoden &#8221;Suomi 100&#8221; hankkeista. Projektin tuloksena kunnostettiin ja varustettiin Saaristen koululle H\u00e4meenlinnaan erityisoppilaiden opetusta tukeva aistihuone. Sen rakentaminen ja varustelu oli H\u00e4meenlinnan ja ymp\u00e4rist\u00f6n rotarien yhteinen alueellinen hyv\u00e4ntekev\u00e4isyysprojekti, joka toteutettiin p\u00e4\u00e4osin rotaryvuonna 2016 &#8211; 2017, jatkuen viel\u00e4 vuoden 2018 aikana. Aistihuone valmistui ja luovutettiin koulun k\u00e4ytt\u00f6\u00f6n 15.12.2017 pidetyss\u00e4 avajaistilaisuudessa.\u00a0<\/p>\n<p>Lue lis\u00e4\u00e4 t\u00e4\u00e4lt\u00e4: <a href=\"https:\/\/rotary.fi\/vanajavesi\/aistihuoneprojekti\/\">Aistihuone<\/a><\/p>\n<p>[\/et_pb_text][\/et_pb_column_inner][\/et_pb_row_inner][\/et_pb_column][et_pb_column type=&#8221;1_3&#8243;][et_pb_sidebar area=&#8221;sidebar-1&#8243; module_class=&#8221;sivupalkki_sisalto&#8221; _builder_version=&#8221;3.4.1&#8243; locked=&#8221;on&#8221;]<\/p>\n<p>[\/et_pb_sidebar][\/et_pb_column][\/et_pb_section]<\/p>\n","protected":false},"excerpt":{"rendered":"<p>Projektit Projektit Rotary on palveluj\u00e4rjest\u00f6. Toimimme tunnuslauseemme Palvelu itsekkyyden edelle (Service above self) mukaisesti paikallisesti ja maailmanlaajuisesti. Kansainv\u00e4linen humanit\u00e4\u00e4rinen palvelumme toteutuu Rotarys\u00e4\u00e4ti\u00f6mme koordinoimana ja hyv\u00e4ksyttyjen kumppaneiden kanssa.Aistihuone Saaristen koululleH\u00e4meenlinnan seudun rotarit halusivat osaltaan juhlia 100 vuotiasta itsen\u00e4ist\u00e4 Suomea toteuttamalla yhdess\u00e4 suomalaista yhteiskuntaa tukevan palveluprojektin &#8221;Aistihuone 100&#8221;, joka oli yksi itsen\u00e4isyyden juhlavuoden &#8221;Suomi 100&#8221; hankkeista. Projektin [&hellip;]<\/p>\n","protected":false},"author":1,"featured_media":0,"parent":77,"menu_order":0,"comment_status":"closed","ping_status":"closed","template":"","meta":{"_acf_changed":false,"_et_pb_use_builder":"on","_et_pb_old_content":"","_et_gb_content_width":"","footnotes":""},"class_list":["post-156","page","type-page","status-publish","hentry"],"acf":[],"yoast_head":"<!-- This site is optimized with the Yoast SEO plugin v27.4 - https:\/\/yoast.com\/product\/yoast-seo-wordpress\/ -->\n<title>Projektit - Vanajaveden Rotaryklubi<\/title>\n<meta name=\"robots\" content=\"index, follow, max-snippet:-1, max-image-preview:large, max-video-preview:-1\" \/>\n<link rel=\"canonical\" href=\"https:\/\/rotary.fi\/vanajavesi\/mita-teemme\/projektit\/\" \/>\n<meta property=\"og:locale\" content=\"fi_FI\" \/>\n<meta property=\"og:type\" content=\"article\" \/>\n<meta property=\"og:title\" content=\"Projektit - Vanajaveden Rotaryklubi\" \/>\n<meta property=\"og:description\" content=\"Projektit Projektit Rotary on palveluj\u00e4rjest\u00f6. Toimimme tunnuslauseemme Palvelu itsekkyyden edelle (Service above self) mukaisesti paikallisesti ja maailmanlaajuisesti. Kansainv\u00e4linen humanit\u00e4\u00e4rinen palvelumme toteutuu Rotarys\u00e4\u00e4ti\u00f6mme koordinoimana ja hyv\u00e4ksyttyjen kumppaneiden kanssa.Aistihuone Saaristen koululleH\u00e4meenlinnan seudun rotarit halusivat osaltaan juhlia 100 vuotiasta itsen\u00e4ist\u00e4 Suomea toteuttamalla yhdess\u00e4 suomalaista yhteiskuntaa tukevan palveluprojektin &quot;Aistihuone 100&quot;, joka oli yksi itsen\u00e4isyyden juhlavuoden &quot;Suomi 100&quot; hankkeista. Projektin [&hellip;]\" \/>\n<meta property=\"og:url\" content=\"https:\/\/rotary.fi\/vanajavesi\/mita-teemme\/projektit\/\" \/>\n<meta property=\"og:site_name\" content=\"Vanajaveden Rotaryklubi\" \/>\n<meta property=\"article:modified_time\" content=\"2019-02-06T20:34:15+00:00\" \/>\n<meta name=\"twitter:card\" content=\"summary_large_image\" \/>\n<meta name=\"twitter:label1\" content=\"Arvioitu lukuaika\" \/>\n\t<meta name=\"twitter:data1\" content=\"1 minuutti\" \/>\n<script type=\"application\/ld+json\" class=\"yoast-schema-graph\">{\"@context\":\"https:\\\/\\\/schema.org\",\"@graph\":[{\"@type\":\"WebPage\",\"@id\":\"https:\\\/\\\/rotary.fi\\\/vanajavesi\\\/mita-teemme\\\/projektit\\\/\",\"url\":\"https:\\\/\\\/rotary.fi\\\/vanajavesi\\\/mita-teemme\\\/projektit\\\/\",\"name\":\"Projektit - Vanajaveden Rotaryklubi\",\"isPartOf\":{\"@id\":\"https:\\\/\\\/rotary.fi\\\/vanajavesi\\\/#website\"},\"datePublished\":\"2018-08-13T06:46:59+00:00\",\"dateModified\":\"2019-02-06T20:34:15+00:00\",\"breadcrumb\":{\"@id\":\"https:\\\/\\\/rotary.fi\\\/vanajavesi\\\/mita-teemme\\\/projektit\\\/#breadcrumb\"},\"inLanguage\":\"fi\",\"potentialAction\":[{\"@type\":\"ReadAction\",\"target\":[\"https:\\\/\\\/rotary.fi\\\/vanajavesi\\\/mita-teemme\\\/projektit\\\/\"]}]},{\"@type\":\"BreadcrumbList\",\"@id\":\"https:\\\/\\\/rotary.fi\\\/vanajavesi\\\/mita-teemme\\\/projektit\\\/#breadcrumb\",\"itemListElement\":[{\"@type\":\"ListItem\",\"position\":1,\"name\":\"Home\",\"item\":\"https:\\\/\\\/rotary.fi\\\/vanajavesi\\\/\"},{\"@type\":\"ListItem\",\"position\":2,\"name\":\"Mit\u00e4 teemme\",\"item\":\"https:\\\/\\\/rotary.fi\\\/vanajavesi\\\/mita-teemme\\\/\"},{\"@type\":\"ListItem\",\"position\":3,\"name\":\"Projektit\"}]},{\"@type\":\"WebSite\",\"@id\":\"https:\\\/\\\/rotary.fi\\\/vanajavesi\\\/#website\",\"url\":\"https:\\\/\\\/rotary.fi\\\/vanajavesi\\\/\",\"name\":\"Vanajaveden Rotaryklubi\",\"description\":\"Uusi Rotary klubisivusto\",\"potentialAction\":[{\"@type\":\"SearchAction\",\"target\":{\"@type\":\"EntryPoint\",\"urlTemplate\":\"https:\\\/\\\/rotary.fi\\\/vanajavesi\\\/?s={search_term_string}\"},\"query-input\":{\"@type\":\"PropertyValueSpecification\",\"valueRequired\":true,\"valueName\":\"search_term_string\"}}],\"inLanguage\":\"fi\"}]}<\/script>\n<!-- \/ Yoast SEO plugin. -->","yoast_head_json":{"title":"Projektit - Vanajaveden Rotaryklubi","robots":{"index":"index","follow":"follow","max-snippet":"max-snippet:-1","max-image-preview":"max-image-preview:large","max-video-preview":"max-video-preview:-1"},"canonical":"https:\/\/rotary.fi\/vanajavesi\/mita-teemme\/projektit\/","og_locale":"fi_FI","og_type":"article","og_title":"Projektit - Vanajaveden Rotaryklubi","og_description":"Projektit Projektit Rotary on palveluj\u00e4rjest\u00f6. Toimimme tunnuslauseemme Palvelu itsekkyyden edelle (Service above self) mukaisesti paikallisesti ja maailmanlaajuisesti. Kansainv\u00e4linen humanit\u00e4\u00e4rinen palvelumme toteutuu Rotarys\u00e4\u00e4ti\u00f6mme koordinoimana ja hyv\u00e4ksyttyjen kumppaneiden kanssa.Aistihuone Saaristen koululleH\u00e4meenlinnan seudun rotarit halusivat osaltaan juhlia 100 vuotiasta itsen\u00e4ist\u00e4 Suomea toteuttamalla yhdess\u00e4 suomalaista yhteiskuntaa tukevan palveluprojektin \"Aistihuone 100\", joka oli yksi itsen\u00e4isyyden juhlavuoden \"Suomi 100\" hankkeista. Projektin [&hellip;]","og_url":"https:\/\/rotary.fi\/vanajavesi\/mita-teemme\/projektit\/","og_site_name":"Vanajaveden Rotaryklubi","article_modified_time":"2019-02-06T20:34:15+00:00","twitter_card":"summary_large_image","twitter_misc":{"Arvioitu lukuaika":"1 minuutti"},"schema":{"@context":"https:\/\/schema.org","@graph":[{"@type":"WebPage","@id":"https:\/\/rotary.fi\/vanajavesi\/mita-teemme\/projektit\/","url":"https:\/\/rotary.fi\/vanajavesi\/mita-teemme\/projektit\/","name":"Projektit - Vanajaveden Rotaryklubi","isPartOf":{"@id":"https:\/\/rotary.fi\/vanajavesi\/#website"},"datePublished":"2018-08-13T06:46:59+00:00","dateModified":"2019-02-06T20:34:15+00:00","breadcrumb":{"@id":"https:\/\/rotary.fi\/vanajavesi\/mita-teemme\/projektit\/#breadcrumb"},"inLanguage":"fi","potentialAction":[{"@type":"ReadAction","target":["https:\/\/rotary.fi\/vanajavesi\/mita-teemme\/projektit\/"]}]},{"@type":"BreadcrumbList","@id":"https:\/\/rotary.fi\/vanajavesi\/mita-teemme\/projektit\/#breadcrumb","itemListElement":[{"@type":"ListItem","position":1,"name":"Home","item":"https:\/\/rotary.fi\/vanajavesi\/"},{"@type":"ListItem","position":2,"name":"Mit\u00e4 teemme","item":"https:\/\/rotary.fi\/vanajavesi\/mita-teemme\/"},{"@type":"ListItem","position":3,"name":"Projektit"}]},{"@type":"WebSite","@id":"https:\/\/rotary.fi\/vanajavesi\/#website","url":"https:\/\/rotary.fi\/vanajavesi\/","name":"Vanajaveden Rotaryklubi","description":"Uusi Rotary klubisivusto","potentialAction":[{"@type":"SearchAction","target":{"@type":"EntryPoint","urlTemplate":"https:\/\/rotary.fi\/vanajavesi\/?s={search_term_string}"},"query-input":{"@type":"PropertyValueSpecification","valueRequired":true,"valueName":"search_term_string"}}],"inLanguage":"fi"}]}},"lang":"fi","translations":{"fi":156},"pll_sync_post":[],"_links":{"self":[{"href":"https:\/\/rotary.fi\/vanajavesi\/wp-json\/wp\/v2\/pages\/156","targetHints":{"allow":["GET"]}}],"collection":[{"href":"https:\/\/rotary.fi\/vanajavesi\/wp-json\/wp\/v2\/pages"}],"about":[{"href":"https:\/\/rotary.fi\/vanajavesi\/wp-json\/wp\/v2\/types\/page"}],"author":[{"embeddable":true,"href":"https:\/\/rotary.fi\/vanajavesi\/wp-json\/wp\/v2\/users\/1"}],"replies":[{"embeddable":true,"href":"https:\/\/rotary.fi\/vanajavesi\/wp-json\/wp\/v2\/comments?post=156"}],"version-history":[{"count":9,"href":"https:\/\/rotary.fi\/vanajavesi\/wp-json\/wp\/v2\/pages\/156\/revisions"}],"predecessor-version":[{"id":1468,"href":"https:\/\/rotary.fi\/vanajavesi\/wp-json\/wp\/v2\/pages\/156\/revisions\/1468"}],"up":[{"embeddable":true,"href":"https:\/\/rotary.fi\/vanajavesi\/wp-json\/wp\/v2\/pages\/77"}],"wp:attachment":[{"href":"https:\/\/rotary.fi\/vanajavesi\/wp-json\/wp\/v2\/media?parent=156"}],"curies":[{"name":"wp","href":"https:\/\/api.w.org\/{rel}","templated":true}]}}