{"id":1448,"date":"2019-02-06T22:00:47","date_gmt":"2019-02-06T20:00:47","guid":{"rendered":"https:\/\/rotary.fi\/vanajavesi\/?page_id=1448"},"modified":"2019-02-06T22:17:00","modified_gmt":"2019-02-06T20:17:00","slug":"aistihuoneprojekti","status":"publish","type":"page","link":"https:\/\/rotary.fi\/vanajavesi\/aistihuoneprojekti\/","title":{"rendered":"Aistihuoneprojekti"},"content":{"rendered":"<p>[et_pb_section bb_built=&#8221;1&#8243;][et_pb_row][et_pb_column type=&#8221;4_4&#8243;][et_pb_text _builder_version=&#8221;3.19.5&#8243;]<\/p>\n<p><strong>Vanajaveden Rotaryklubi<\/strong><\/p>\n<p>H\u00e4meenlinna 8.6.2018<\/p>\n<p><strong>&#8221;Aistihuone 100&#8221; Projektin loppuraportti 3<img loading=\"lazy\" decoding=\"async\" class=\"wp-image-1452 alignright\" src=\"https:\/\/rotary.fi\/vanajavesi\/wp-content\/uploads\/sites\/63\/2019\/02\/aistihuone-10-300x189.png\" alt=\"\" width=\"390\" height=\"246\" srcset=\"https:\/\/rotary.fi\/vanajavesi\/wp-content\/uploads\/sites\/63\/2019\/02\/aistihuone-10-300x189.png 300w, https:\/\/rotary.fi\/vanajavesi\/wp-content\/uploads\/sites\/63\/2019\/02\/aistihuone-10-768x483.png 768w, https:\/\/rotary.fi\/vanajavesi\/wp-content\/uploads\/sites\/63\/2019\/02\/aistihuone-10-1024x644.png 1024w, https:\/\/rotary.fi\/vanajavesi\/wp-content\/uploads\/sites\/63\/2019\/02\/aistihuone-10-1080x680.png 1080w, https:\/\/rotary.fi\/vanajavesi\/wp-content\/uploads\/sites\/63\/2019\/02\/aistihuone-10.png 1200w\" sizes=\"(max-width: 390px) 100vw, 390px\" \/><\/strong><\/p>\n<p>Suomi on sivistysmaa, jossa on hyv\u00e4 asua ja el\u00e4\u00e4. Identiteettiimme on aina kuulunut erottamattomana osana niin hyvin\u00e4 kuin huonoinakinaikoina v\u00e4hempiosaisista huolehtiminen, mit\u00e4 voidaan pit\u00e4\u00e4 my\u00f6s kansakunnan moraalin mittarina. H\u00e4meenlinnan seudun rotarit halusivat osaltaan juhlia 100 vuotiasta itsen\u00e4ist\u00e4 Suomea toteuttamalla yhdess\u00e4 suomalaista yhteiskuntaa tukevan palveluprojektin &#8221;Aistihuone 100&#8221;, joka oli yksi itsen\u00e4isyyden juhlavuoden &#8221;Suomi 100&#8221; hankkeista. Projektin tuloksena kunnostettiin ja varustettiin Saaristen koululle H\u00e4meenlinnaan erityisoppilaiden opetusta tukeva aistihuone. Sen rakentaminen ja varustelu oli H\u00e4meenlinnan ja ymp\u00e4rist\u00f6n rotarien yhteinen alueellinen hyv\u00e4ntekev\u00e4isyysprojekti, joka toteutettiin p\u00e4\u00e4osin rotaryvuonna 2016 &#8211; 2017, jatkuen viel\u00e4 vuoden 2018 aikana. Aistihuone valmistui ja luovutettiin koulun k\u00e4ytt\u00f6\u00f6n 15.12.2017 pidetyss\u00e4 avajaistilaisuudessa.<\/p>\n<p>L\u00e4ht\u00f6kohtana oli rehtori Outi Dahlgrenin ja Jukka Stoltin esitelm\u00e4 ja aloite Saaristen koulun erityisopetuksen kehitt\u00e4misest\u00e4, johon aistihuone toisi merkitt\u00e4v\u00e4n lis\u00e4yksen. T\u00e4st\u00e4 projektista muodostui yhteis\u00f6llinen hanke, joka palvelee pitk\u00e4ll\u00e4 aikav\u00e4lill\u00e4 satojen monivammaisten oppilaiden oppimisedellytysten kehitt\u00e4mist\u00e4.<\/p>\n<p><img loading=\"lazy\" decoding=\"async\" class=\"size-full wp-image-1453 alignleft\" src=\"https:\/\/rotary.fi\/vanajavesi\/wp-content\/uploads\/sites\/63\/2019\/02\/aistihuone-11.jpg\" alt=\"\" width=\"200\" height=\"266\" \/>H\u00e4meenlinnassa sijaitseva Saaristen koulu antaa opetusta aistimonivammaisille sek\u00e4 suurta yksil\u00f6llist\u00e4 tukea tarvitseville oppilaille. Koulussa on\u00a024 oppilasta jakautuen nelj\u00e4\u00e4n opetusryhm\u00e4\u00e4n. Opetus tukee oppilaan kokonaisvaltaista kuntoutusta edist\u00e4m\u00e4ll\u00e4 kasvua ja kehityst\u00e4 yksil\u00f6llisesti valittujen opetusmenetelmien avulla. Kokonaisvaltaisessa kuntoutuksessa k\u00e4ytet\u00e4\u00e4n multisensorista menetelm\u00e4\u00e4, jossa eri aistikanavien kautta tulevien miellytt\u00e4vien aistikokemusten ja -el\u00e4mysten avulla saavutetaan aktivoivan toiminnan ja rentoutumisen tasapaino. Menetelm\u00e4ss\u00e4 k\u00e4ytet\u00e4\u00e4n useimmiten tarkoitukseen luotuja el\u00e4mystiloja eli aistihuoneita. T\u00e4llaista opetustilaa ei Saaristen koululla ole aikaisemmin ollut. (Kuvassa iloinen oppilas Jamiel)<\/p>\n<p>Hankkeen p\u00e4\u00e4vastuun sek\u00e4 taloudellisen kokonaisvastuun kantoi Vanajaveden Rotaryklubi ja siihen osallistuivat Aulangon, H\u00e4meenlinnan, Janakkalan, Lammin ja Verkatehtaan klubit. My\u00f6s Rotarypiiri osallistui hankkeen rahoitukseen. \u00a0Projektin \u00a0\u00a0\u00a0\u00a0\u00a0\u00a0\u00a0\u00a0suunnitteluun, johtamiseen, rahoituksen hankintaan sek\u00e4 aistihuoneen talkoot\u00f6ihin osallistui kaikkiaan noin 150 rotaria, joiden ty\u00f6tunteja kertyi yhteens\u00e4 noin 900.<\/p>\n<p>Hanketta ohjaamaan ja koordinoimaan valittiin johtoryhm\u00e4, johon kuuluivat Vanajaveden Rotaryklubin presidentit 2016 Simo Hautala ja 2017 Matti Ronkainen, varapresidentti Unto Lind\u00e9n sek\u00e4 alueen klubien edustajat, Juhani Muilu Aulanko, Anne Ranta-Eskola H\u00e4meenlinna, Markku Lemola Janakkala, Pentti Pikkupeura Lammi sek\u00e4 Kristian R\u00f6berg Verkatehdas. Hankkeen toteuttamisen kannalta ratkaisevassa roolissa olivat Vanajaveden Rotaryklubin varapresidentti Unto Lind\u00e9n ja Saaristen koulun rehtori Outi Dahlgren.<\/p>\n<p>Hankkeen toteutukseen toivat alan erityisosaamisen Saaristen koulun opettajat, rehtori Outi Dahlgren sek\u00e4 erityisopettaja Kaisa Pakkanen. Yhteisty\u00f6 koulun kanssa sujui eritt\u00e4in hyvin ja aina positiivisessa hengess\u00e4. My\u00f6s H\u00e4meenlinnan kaupungin osuus hankkeen toteuttamisessa oli ratkaisevan t\u00e4rke\u00e4. Linnan Tilapalvelujen toimitusjohtaja Raili Salminen antoi tarvittavat valtuudet ja huoneen rakenteiden toteutuksesta vastasi Jarkko Hohenthal ty\u00f6ryhmineen. Tarvittavat rakennusty\u00f6t tehtiin ammattitaitoisesti ja kaikkien erityisvaatimusten mukaisesti.Merkitt\u00e4vi\u00e4 projektin tukijoita olivat Saaristen koulun vanhempainyhdistys, \u201dSuuntana El\u00e4m\u00e4\u201d- hanke sek\u00e4 ymp\u00e4rist\u00f6n yritykset: L\u00e4hiTapiola Loimi-H\u00e4me, Oma S\u00e4\u00e4st\u00f6pankki-s\u00e4\u00e4ti\u00f6, H\u00e4meen liitto Suomi 100, Etel\u00e4-H\u00e4meen Osuuspankki, Dosia Oy, Ilmapojat Oy, Arcare Oy, Kopiotalo H\u00e4meenlinna, H\u00e4meenlinnan Kaupunkiuutiset, Laurell Oy sek\u00e4 Lc H\u00e4meenlinnan Liinut. Lis\u00e4ksi monet rotarit osallistuivat henkil\u00f6kohtaisesti hankkeen rahoitukseen. Varojen ker\u00e4\u00e4miseksi H\u00e4meenlinnan rotaryklubit j\u00e4rjestiv\u00e4t yhdess\u00e4 kirkkokonsertin 10.11.2017 ja Vanajaveden klubi piti vuosijuhlissaan kahdet arpajaiset, joiden kaikkien koko tuotto osoitettiin projektille.<\/p>\n<p>\u00a0<\/p>\n<p>Aistihuoneen kokonaiskustannukset muodostuivat seuraavasti:<\/p>\n<p>\u00a0\u00a0\u00a0\u00a0\u00a0\u00a0\u00a0\u00a0\u00a0\u00a0\u00a0\u00a0\u00a0\u00a0\u00a0\u00a0\u00a0\u00a0\u00a0\u00a0\u00a0\u00a0\u00a0\u00a0\u00a0\u00a0\u00a0\u00a0 Aistihuoneen varustelu kokonaisuudessaan\u00a0\u00a0\u00a0\u00a0 18 380 \u20ac<\/p>\n<p>\u00a0\u00a0\u00a0\u00a0\u00a0\u00a0\u00a0\u00a0\u00a0\u00a0\u00a0\u00a0\u00a0\u00a0\u00a0\u00a0\u00a0\u00a0\u00a0\u00a0\u00a0\u00a0\u00a0\u00a0\u00a0\u00a0\u00a0\u00a0 <u>Muut kustannukset\u00a0 \u00a0 \u00a0 \u00a0 \u00a0 \u00a0 \u00a0 \u00a0 \u00a0 \u00a0 \u00a0 \u00a0 \u00a0 \u00a0 \u00a0 \u00a0 \u00a0 \u00a0 \u00a0 \u00a0 \u00a0 \u00a0 \u00a0 \u00a0 \u00a0 \u00a0800<\/u><\/p>\n<p>\u00a0\u00a0\u00a0\u00a0\u00a0\u00a0\u00a0\u00a0\u00a0\u00a0\u00a0\u00a0\u00a0\u00a0\u00a0\u00a0\u00a0\u00a0\u00a0\u00a0\u00a0\u00a0\u00a0\u00a0\u00a0\u00a0\u00a0\u00a0 Yhteens\u00e4\u00a0 \u00a0 \u00a0 \u00a0 \u00a0 \u00a0 \u00a0 \u00a0 \u00a0 \u00a0 \u00a0 \u00a0 \u00a0 \u00a0 \u00a0 \u00a0 \u00a0 \u00a0 \u00a0 \u00a0 \u00a0 \u00a0 \u00a0 \u00a0 \u00a0 \u00a0 \u00a0 \u00a0 \u00a0 \u00a0 19 180 \u20ac<\/p>\n<p>Kustannuksiin on laskettava viel\u00e4 H\u00e4meenlinnan kaupungin rakenteiden osuus, joka ei ole tiedossa.<\/p>\n<p>\u00a0<\/p>\n<p>Kustannukset katettiin Rotaryklubien sek\u00e4 Rotarypiirin rahoituksella, yksityisill\u00e4, p\u00e4\u00e4osin rotarien henkil\u00f6kohtaisilla lahjoituksilla ja Saaristen koulun vanhempainyhdistyksen sek\u00e4 yritysten tuella:<\/p>\n<p>\u00a0\u00a0\u00a0\u00a0\u00a0\u00a0\u00a0\u00a0\u00a0\u00a0\u00a0\u00a0\u00a0\u00a0\u00a0\u00a0\u00a0\u00a0\u00a0\u00a0\u00a0\u00a0\u00a0\u00a0\u00a0\u00a0\u00a0\u00a0 Rotaryklubit\u00a0 \u00a0 \u00a0 \u00a0 \u00a0 \u00a0 \u00a0 \u00a0 \u00a0 \u00a0 \u00a0 \u00a0 \u00a0 \u00a0 \u00a0 \u00a0 \u00a0 \u00a0 \u00a0 \u00a0 \u00a0 \u00a0 \u00a0 \u00a0 \u00a0 \u00a0 \u00a0 9 100 \u20ac\u00a0\u00a0\u00a0 josta Vanajaveden klubi 6 500 \u20ac<\/p>\n<p>\u00a0\u00a0\u00a0\u00a0\u00a0\u00a0\u00a0\u00a0\u00a0\u00a0\u00a0\u00a0\u00a0\u00a0\u00a0\u00a0\u00a0\u00a0\u00a0\u00a0\u00a0\u00a0\u00a0\u00a0\u00a0\u00a0\u00a0\u00a0 Rotarys\u00e4\u00e4ti\u00f6\u00a0 \u00a0 \u00a0 \u00a0 \u00a0 \u00a0 \u00a0 \u00a0 \u00a0 \u00a0 \u00a0 \u00a0 \u00a0 \u00a0 \u00a0 \u00a0 \u00a0 \u00a0 \u00a0 \u00a0 \u00a0 \u00a0 \u00a0 \u00a0 \u00a0 \u00a0 \u00a0 \u00a0 800<\/p>\n<p>\u00a0\u00a0\u00a0\u00a0\u00a0\u00a0\u00a0\u00a0\u00a0\u00a0\u00a0\u00a0\u00a0\u00a0\u00a0\u00a0\u00a0\u00a0\u00a0\u00a0\u00a0\u00a0\u00a0\u00a0\u00a0\u00a0\u00a0\u00a0 Vanhempainyhdistys\u00a0 \u00a0 \u00a0 \u00a0 \u00a0 \u00a0 \u00a0 \u00a0 \u00a0 \u00a0 \u00a0 \u00a0 \u00a0 \u00a0 \u00a0 \u00a0 \u00a0 \u00a0 \u00a0 \u00a0 1 180<\/p>\n<p>\u00a0\u00a0\u00a0\u00a0\u00a0\u00a0\u00a0\u00a0\u00a0\u00a0\u00a0\u00a0\u00a0\u00a0\u00a0\u00a0\u00a0\u00a0\u00a0\u00a0\u00a0\u00a0\u00a0\u00a0\u00a0\u00a0\u00a0\u00a0 Yksityishenkil\u00f6iden lahjoitukset\u00a0 \u00a0 \u00a0 \u00a0 \u00a0 \u00a0 \u00a0 \u00a0 \u00a0 \u00a0 \u00a0 \u00a0 3 380<\/p>\n<p>\u00a0\u00a0\u00a0\u00a0\u00a0\u00a0\u00a0\u00a0\u00a0\u00a0\u00a0\u00a0\u00a0\u00a0\u00a0\u00a0\u00a0\u00a0\u00a0\u00a0\u00a0\u00a0\u00a0\u00a0\u00a0\u00a0\u00a0\u00a0 Yritysten tuki\u00a0 \u00a0 \u00a0 \u00a0 \u00a0 \u00a0 \u00a0 \u00a0 \u00a0 \u00a0 \u00a0 \u00a0 \u00a0 \u00a0 \u00a0 \u00a0 \u00a0 \u00a0 \u00a0 \u00a0 \u00a0 \u00a0 \u00a0 \u00a0 \u00a0 \u00a0 \u00a02 950<\/p>\n<p>\u00a0\u00a0\u00a0\u00a0\u00a0\u00a0\u00a0\u00a0\u00a0\u00a0\u00a0\u00a0\u00a0\u00a0\u00a0\u00a0\u00a0\u00a0\u00a0\u00a0\u00a0\u00a0\u00a0\u00a0\u00a0\u00a0\u00a0\u00a0 <u>Suomi 100 ja erityislahjoittajat + konsertti\u00a0\u00a0\u00a0\u00a0\u00a0\u00a0\u00a0 1 700<\/u><\/p>\n<p>\u00a0\u00a0\u00a0\u00a0\u00a0\u00a0\u00a0\u00a0\u00a0\u00a0\u00a0\u00a0\u00a0\u00a0\u00a0\u00a0\u00a0\u00a0\u00a0\u00a0\u00a0\u00a0\u00a0\u00a0\u00a0\u00a0\u00a0\u00a0 Yhteens\u00e4\u00a0 \u00a0 \u00a0 \u00a0 \u00a0 \u00a0 \u00a0 \u00a0 \u00a0 \u00a0 \u00a0 \u00a0 \u00a0 \u00a0 \u00a0 \u00a0 \u00a0 \u00a0 \u00a0 \u00a0 \u00a0 \u00a0 \u00a0 \u00a0 \u00a0 \u00a0 \u00a0 \u00a0 19 180 \u20ac<\/p>\n<p>\u00a0<\/p>\n<p>Useat yritykset ottivat viel\u00e4 laskutuksessaan alennuksena huomioon projektin tukiosuuden, joka ei n\u00e4y n\u00e4iss\u00e4 laskelmissa.\u00a0 \u00a0 \u00a0 \u00a0 \u00a0 \u00a0 \u00a0 \u00a0 \u00a0 \u00a0 \u00a0 \u00a0 \u00a0 \u00a0 \u00a0 \u00a0 \u00a0 \u00a0 \u00a0 \u00a0 \u00a0 \u00a0 \u00a0 \u00a0<\/p>\n<p>Projektista muodostui yhteis\u00f6llinen hanke, joka palvelee pitk\u00e4ll\u00e4 aikav\u00e4lill\u00e4 monien monivammaisten oppilaiden oppimisedellytysten kehitt\u00e4mist\u00e4. T\u00e4h\u00e4n yhdess\u00e4 teht\u00e4v\u00e4\u00e4n projektiin osallistui suoraan sek\u00e4 v\u00e4lillisesti useita satoja suomalaisia.<\/p>\n<p>Laitetoimittajaksi valittiin suomalainen Haltija Group Oy, jolla oli tarjota opetustilan tarpeet t\u00e4ytt\u00e4v\u00e4 laitepaketti sek\u00e4 erityisesti k\u00e4yt\u00e4nt\u00f6\u00e4 palveleva ohjausj\u00e4rjestelm\u00e4. Siihen sis\u00e4ltyy muun muassa kaksi v\u00e4r\u00e4htelev\u00e4\u00e4 pehmotuolia, kuva- ja \u00e4\u00e4nimaailma, kuplaputki sek\u00e4 optiset valokuidut, joita kaikkia voidaan ohjata yhdest\u00e4 keskusyksik\u00f6st\u00e4. Ohjaus- ja laitekokonaisuus mahdollistaa sek\u00e4 opettajan ohjaaman ett\u00e4 oppilaan itse aktivoiman toiminnan. Laitetoimittajan edustajana projektissa oli Laura Nurkki.<\/p>\n<p>Projekti sai melkoisen paljon median\u00e4kyvyytt\u00e4. Se oli esill\u00e4 Vanajaveden Rotaryklubin kotisivulla sek\u00e4 &#8221;Suuntana el\u00e4m\u00e4&#8221; verkkosivulla, joita p\u00e4ivitettiin projektin edistymisen mukaan. Facebookissa julkaistiin projektin materiaalia sek\u00e4 konserttiesite ja avustusten pyynt\u00f6. H\u00e4meen Sanomissa oli artikkeli projektin alussa sek\u00e4 artikkeli kuvineen aistihuoneen avajaisista, lis\u00e4ksi oli artikkeli H\u00e4meenlinnan Kaupunkiuutisissa tukikonsertin yhteydess\u00e4. Projekti julkaistiin &#8221;Suomi 100&#8221; ohjelman verkkosivulla.\u00a0 IT lehdess\u00e4 projekti esiteltiin Jukka Stoltin ja Unto Lind\u00e9nin haastattelun yhteydess\u00e4.<\/p>\n<p>Hanke vastasi odotuksia ja toteutui t\u00e4ysin suunnitelman mukaisesti. Toteutuneen uuden oppimisymp\u00e4rist\u00f6n lopputoteuma on enemm\u00e4n kuin siihen yksitt\u00e4in vaikuttavien tekij\u00f6iden osuus. Projektin p\u00e4\u00e4tavoite, eli aistihuoneen rakentaminen toteutui eritt\u00e4in hyvin. Toinen tavoite, verkostoitua ja saada aikaan yhteisty\u00f6t\u00e4 alueen rotaryklubien, H\u00e4meenlinnan kaupungin organisaatioiden, Saaristen koulun ja sen vanhempainyhdistyksen sek\u00e4 ymp\u00e4rist\u00f6n yritysten kesken toteutui hyvin. Kolmantena tavoitteena oli saada my\u00f6nteist\u00e4 julkisuutta rotaryklubien toiminnalle ja t\u00e4m\u00e4kin tavoite saavutettiin.<\/p>\n<p>Nelj\u00e4s tavoite, rotarien ymm\u00e4rryksen ja tiedon lis\u00e4\u00e4minen erityisopetuksen maailmasta ja sen teht\u00e4v\u00e4kent\u00e4st\u00e4 toteutui my\u00f6s hyvin. Hankkeen rahoituksen ja lahjoitusten hankinta yritysmaailmasta ei toteutunut aivan suunnitellulla tavalla mutta sit\u00e4k\u00e4\u00e4n ei voida pit\u00e4\u00e4 pahasti ep\u00e4onnistuneena. Yksityishenkil\u00f6iden osallistuminen sen sijaan oli ilahduttavaa.<\/p>\n<p>Aistihuone luovutettiin l\u00e4mminhenkisess\u00e4 tilaisuudessa Saaristen koululle sen opetusk\u00e4ytt\u00f6\u00f6n 15.12.2017. Koulun rehtori Outi Dahlgren piti tunteita her\u00e4tt\u00e4neen puheen ja julkaisi koulun uudelle opetustilalleen valitseman nimen UNTO, joka johdetaan aistihuoneen toteutumiseen liittyvist\u00e4 sanoista. Aistihuone on otettu sek\u00e4 oppilaiden ett\u00e4 opettajien taholta suurella ilolla vastaan. Monipuolinen laitteisto ja stimuloiva ymp\u00e4rist\u00f6 ovat avanneet lapsille uuden ja ennen kokemattoman el\u00e4mysmaailman. Outi Dahlgrenin mukaan aistihuone voidaan tulevaisuudessa avata my\u00f6s muiden lasten erityisryhmien k\u00e4ytt\u00f6\u00f6n.<\/p>\n<p>Yhteisesti toteutettavat palveluprojektit ovat rotarien ydintoimintaa. T\u00e4m\u00e4 aistihuonehanke on saavuttanut my\u00f6nteist\u00e4 julkisuutta, ja tuonut siten Suomi 100 -juhlavuoden hengess\u00e4 esiin positiivisen kansallisen vastuuntunnon. T\u00e4st\u00e4 projektista voivat kaikki osallistuneet rotaryklubit sek\u00e4 muut siihen osallistuneet olla ylpeit\u00e4.\u00a0\u00a0\u00a0\u00a0<\/p>\n<p><img loading=\"lazy\" decoding=\"async\" class=\"wp-image-1451 aligncenter\" src=\"https:\/\/rotary.fi\/vanajavesi\/wp-content\/uploads\/sites\/63\/2019\/02\/aistihuone-12-300x225.jpg\" alt=\"\" width=\"872\" height=\"654\" srcset=\"https:\/\/rotary.fi\/vanajavesi\/wp-content\/uploads\/sites\/63\/2019\/02\/aistihuone-12-300x225.jpg 300w, https:\/\/rotary.fi\/vanajavesi\/wp-content\/uploads\/sites\/63\/2019\/02\/aistihuone-12-768x577.jpg 768w, https:\/\/rotary.fi\/vanajavesi\/wp-content\/uploads\/sites\/63\/2019\/02\/aistihuone-12-1024x769.jpg 1024w, https:\/\/rotary.fi\/vanajavesi\/wp-content\/uploads\/sites\/63\/2019\/02\/aistihuone-12-510x382.jpg 510w, https:\/\/rotary.fi\/vanajavesi\/wp-content\/uploads\/sites\/63\/2019\/02\/aistihuone-12-1080x811.jpg 1080w, https:\/\/rotary.fi\/vanajavesi\/wp-content\/uploads\/sites\/63\/2019\/02\/aistihuone-12.jpg 1947w\" sizes=\"(max-width: 872px) 100vw, 872px\" \/><\/p>\n<p>Rehtori Outi Dahlgren vastaanottaa aistihuoneen avaimen pastpresidentti Simo Hautalalta. Takana vasemmalta varapresidentti Unto Lind\u00e9n ja presidentti Matti Ronkainen.<\/p>\n<p>[\/et_pb_text][et_pb_image _builder_version=&#8221;3.19.5&#8243; src=&#8221;https:\/\/rotary.fi\/vanajavesi\/wp-content\/uploads\/sites\/63\/2019\/02\/kunniakrja.jpg&#8221; align=&#8221;center&#8221; \/][\/et_pb_column][\/et_pb_row][\/et_pb_section]<\/p>\n","protected":false},"excerpt":{"rendered":"<p><div class=\"et_pb_row et_pb_row_0 et_pb_row_empty\">\n\t\t\t\t\n\t\t\t\t\n\t\t\t\t\n\t\t\t\t\n\t\t\t\t\n\t\t\t<\/div> Vanajaveden RotaryklubiH\u00e4meenlinna 8.6.2018&#8243;Aistihuone 100&#8243; Projektin loppuraportti 3Suomi on sivistysmaa, jossa on hyv\u00e4 asua ja el\u00e4\u00e4. Identiteettiimme on aina kuulunut erottamattomana osana niin hyvin\u00e4 kuin huonoinakinaikoina v\u00e4hempiosaisista huolehtiminen, mit\u00e4 voidaan pit\u00e4\u00e4 my\u00f6s kansakunnan moraalin mittarina. H\u00e4meenlinnan seudun rotarit halusivat osaltaan juhlia 100 vuotiasta itsen\u00e4ist\u00e4 Suomea toteuttamalla yhdess\u00e4 suomalaista yhteiskuntaa tukevan palveluprojektin &#8221;Aistihuone 100&#8221;, joka oli [&hellip;]<\/p>\n","protected":false},"author":61,"featured_media":0,"parent":0,"menu_order":0,"comment_status":"closed","ping_status":"closed","template":"","meta":{"_acf_changed":false,"_et_pb_use_builder":"on","_et_pb_old_content":"","_et_gb_content_width":"","footnotes":""},"class_list":["post-1448","page","type-page","status-publish","hentry"],"acf":[],"yoast_head":"<!-- This site is optimized with the Yoast SEO plugin v27.0 - https:\/\/yoast.com\/product\/yoast-seo-wordpress\/ -->\n<title>Aistihuoneprojekti - Vanajaveden Rotaryklubi<\/title>\n<meta name=\"robots\" content=\"index, follow, max-snippet:-1, max-image-preview:large, max-video-preview:-1\" \/>\n<link rel=\"canonical\" href=\"https:\/\/rotary.fi\/vanajavesi\/aistihuoneprojekti\/\" \/>\n<meta property=\"og:locale\" content=\"fi_FI\" \/>\n<meta property=\"og:type\" content=\"article\" \/>\n<meta property=\"og:title\" content=\"Aistihuoneprojekti - Vanajaveden Rotaryklubi\" \/>\n<meta property=\"og:description\" content=\"Vanajaveden RotaryklubiH\u00e4meenlinna 8.6.2018&quot;Aistihuone 100&quot; Projektin loppuraportti 3Suomi on sivistysmaa, jossa on hyv\u00e4 asua ja el\u00e4\u00e4. Identiteettiimme on aina kuulunut erottamattomana osana niin hyvin\u00e4 kuin huonoinakinaikoina v\u00e4hempiosaisista huolehtiminen, mit\u00e4 voidaan pit\u00e4\u00e4 my\u00f6s kansakunnan moraalin mittarina. H\u00e4meenlinnan seudun rotarit halusivat osaltaan juhlia 100 vuotiasta itsen\u00e4ist\u00e4 Suomea toteuttamalla yhdess\u00e4 suomalaista yhteiskuntaa tukevan palveluprojektin &quot;Aistihuone 100&quot;, joka oli [&hellip;]\" \/>\n<meta property=\"og:url\" content=\"https:\/\/rotary.fi\/vanajavesi\/aistihuoneprojekti\/\" \/>\n<meta property=\"og:site_name\" content=\"Vanajaveden Rotaryklubi\" \/>\n<meta property=\"article:modified_time\" content=\"2019-02-06T20:17:00+00:00\" \/>\n<meta property=\"og:image\" content=\"https:\/\/rotary.fi\/vanajavesi\/wp-content\/uploads\/sites\/63\/2019\/02\/aistihuone-10-300x189.png\" \/>\n<meta name=\"twitter:card\" content=\"summary_large_image\" \/>\n<meta name=\"twitter:label1\" content=\"Arvioitu lukuaika\" \/>\n\t<meta name=\"twitter:data1\" content=\"5 minuuttia\" \/>\n<script type=\"application\/ld+json\" class=\"yoast-schema-graph\">{\"@context\":\"https:\/\/schema.org\",\"@graph\":[{\"@type\":\"WebPage\",\"@id\":\"https:\/\/rotary.fi\/vanajavesi\/aistihuoneprojekti\/\",\"url\":\"https:\/\/rotary.fi\/vanajavesi\/aistihuoneprojekti\/\",\"name\":\"Aistihuoneprojekti - Vanajaveden Rotaryklubi\",\"isPartOf\":{\"@id\":\"https:\/\/rotary.fi\/vanajavesi\/#website\"},\"primaryImageOfPage\":{\"@id\":\"https:\/\/rotary.fi\/vanajavesi\/aistihuoneprojekti\/#primaryimage\"},\"image\":{\"@id\":\"https:\/\/rotary.fi\/vanajavesi\/aistihuoneprojekti\/#primaryimage\"},\"thumbnailUrl\":\"https:\/\/rotary.fi\/vanajavesi\/wp-content\/uploads\/sites\/63\/2019\/02\/aistihuone-10-300x189.png\",\"datePublished\":\"2019-02-06T20:00:47+00:00\",\"dateModified\":\"2019-02-06T20:17:00+00:00\",\"breadcrumb\":{\"@id\":\"https:\/\/rotary.fi\/vanajavesi\/aistihuoneprojekti\/#breadcrumb\"},\"inLanguage\":\"fi\",\"potentialAction\":[{\"@type\":\"ReadAction\",\"target\":[\"https:\/\/rotary.fi\/vanajavesi\/aistihuoneprojekti\/\"]}]},{\"@type\":\"ImageObject\",\"inLanguage\":\"fi\",\"@id\":\"https:\/\/rotary.fi\/vanajavesi\/aistihuoneprojekti\/#primaryimage\",\"url\":\"https:\/\/rotary.fi\/vanajavesi\/wp-content\/uploads\/sites\/63\/2019\/02\/aistihuone-10.png\",\"contentUrl\":\"https:\/\/rotary.fi\/vanajavesi\/wp-content\/uploads\/sites\/63\/2019\/02\/aistihuone-10.png\",\"width\":1200,\"height\":755},{\"@type\":\"BreadcrumbList\",\"@id\":\"https:\/\/rotary.fi\/vanajavesi\/aistihuoneprojekti\/#breadcrumb\",\"itemListElement\":[{\"@type\":\"ListItem\",\"position\":1,\"name\":\"Home\",\"item\":\"https:\/\/rotary.fi\/vanajavesi\/\"},{\"@type\":\"ListItem\",\"position\":2,\"name\":\"Aistihuoneprojekti\"}]},{\"@type\":\"WebSite\",\"@id\":\"https:\/\/rotary.fi\/vanajavesi\/#website\",\"url\":\"https:\/\/rotary.fi\/vanajavesi\/\",\"name\":\"Vanajaveden Rotaryklubi\",\"description\":\"Uusi Rotary klubisivusto\",\"potentialAction\":[{\"@type\":\"SearchAction\",\"target\":{\"@type\":\"EntryPoint\",\"urlTemplate\":\"https:\/\/rotary.fi\/vanajavesi\/?s={search_term_string}\"},\"query-input\":{\"@type\":\"PropertyValueSpecification\",\"valueRequired\":true,\"valueName\":\"search_term_string\"}}],\"inLanguage\":\"fi\"}]}<\/script>\n<!-- \/ Yoast SEO plugin. -->","yoast_head_json":{"title":"Aistihuoneprojekti - Vanajaveden Rotaryklubi","robots":{"index":"index","follow":"follow","max-snippet":"max-snippet:-1","max-image-preview":"max-image-preview:large","max-video-preview":"max-video-preview:-1"},"canonical":"https:\/\/rotary.fi\/vanajavesi\/aistihuoneprojekti\/","og_locale":"fi_FI","og_type":"article","og_title":"Aistihuoneprojekti - Vanajaveden Rotaryklubi","og_description":"Vanajaveden RotaryklubiH\u00e4meenlinna 8.6.2018\"Aistihuone 100\" Projektin loppuraportti 3Suomi on sivistysmaa, jossa on hyv\u00e4 asua ja el\u00e4\u00e4. Identiteettiimme on aina kuulunut erottamattomana osana niin hyvin\u00e4 kuin huonoinakinaikoina v\u00e4hempiosaisista huolehtiminen, mit\u00e4 voidaan pit\u00e4\u00e4 my\u00f6s kansakunnan moraalin mittarina. H\u00e4meenlinnan seudun rotarit halusivat osaltaan juhlia 100 vuotiasta itsen\u00e4ist\u00e4 Suomea toteuttamalla yhdess\u00e4 suomalaista yhteiskuntaa tukevan palveluprojektin \"Aistihuone 100\", joka oli [&hellip;]","og_url":"https:\/\/rotary.fi\/vanajavesi\/aistihuoneprojekti\/","og_site_name":"Vanajaveden Rotaryklubi","article_modified_time":"2019-02-06T20:17:00+00:00","og_image":[{"url":"https:\/\/rotary.fi\/vanajavesi\/wp-content\/uploads\/sites\/63\/2019\/02\/aistihuone-10-300x189.png","type":"","width":"","height":""}],"twitter_card":"summary_large_image","twitter_misc":{"Arvioitu lukuaika":"5 minuuttia"},"schema":{"@context":"https:\/\/schema.org","@graph":[{"@type":"WebPage","@id":"https:\/\/rotary.fi\/vanajavesi\/aistihuoneprojekti\/","url":"https:\/\/rotary.fi\/vanajavesi\/aistihuoneprojekti\/","name":"Aistihuoneprojekti - Vanajaveden Rotaryklubi","isPartOf":{"@id":"https:\/\/rotary.fi\/vanajavesi\/#website"},"primaryImageOfPage":{"@id":"https:\/\/rotary.fi\/vanajavesi\/aistihuoneprojekti\/#primaryimage"},"image":{"@id":"https:\/\/rotary.fi\/vanajavesi\/aistihuoneprojekti\/#primaryimage"},"thumbnailUrl":"https:\/\/rotary.fi\/vanajavesi\/wp-content\/uploads\/sites\/63\/2019\/02\/aistihuone-10-300x189.png","datePublished":"2019-02-06T20:00:47+00:00","dateModified":"2019-02-06T20:17:00+00:00","breadcrumb":{"@id":"https:\/\/rotary.fi\/vanajavesi\/aistihuoneprojekti\/#breadcrumb"},"inLanguage":"fi","potentialAction":[{"@type":"ReadAction","target":["https:\/\/rotary.fi\/vanajavesi\/aistihuoneprojekti\/"]}]},{"@type":"ImageObject","inLanguage":"fi","@id":"https:\/\/rotary.fi\/vanajavesi\/aistihuoneprojekti\/#primaryimage","url":"https:\/\/rotary.fi\/vanajavesi\/wp-content\/uploads\/sites\/63\/2019\/02\/aistihuone-10.png","contentUrl":"https:\/\/rotary.fi\/vanajavesi\/wp-content\/uploads\/sites\/63\/2019\/02\/aistihuone-10.png","width":1200,"height":755},{"@type":"BreadcrumbList","@id":"https:\/\/rotary.fi\/vanajavesi\/aistihuoneprojekti\/#breadcrumb","itemListElement":[{"@type":"ListItem","position":1,"name":"Home","item":"https:\/\/rotary.fi\/vanajavesi\/"},{"@type":"ListItem","position":2,"name":"Aistihuoneprojekti"}]},{"@type":"WebSite","@id":"https:\/\/rotary.fi\/vanajavesi\/#website","url":"https:\/\/rotary.fi\/vanajavesi\/","name":"Vanajaveden Rotaryklubi","description":"Uusi Rotary klubisivusto","potentialAction":[{"@type":"SearchAction","target":{"@type":"EntryPoint","urlTemplate":"https:\/\/rotary.fi\/vanajavesi\/?s={search_term_string}"},"query-input":{"@type":"PropertyValueSpecification","valueRequired":true,"valueName":"search_term_string"}}],"inLanguage":"fi"}]}},"lang":"fi","translations":{"fi":1448},"pll_sync_post":[],"_links":{"self":[{"href":"https:\/\/rotary.fi\/vanajavesi\/wp-json\/wp\/v2\/pages\/1448","targetHints":{"allow":["GET"]}}],"collection":[{"href":"https:\/\/rotary.fi\/vanajavesi\/wp-json\/wp\/v2\/pages"}],"about":[{"href":"https:\/\/rotary.fi\/vanajavesi\/wp-json\/wp\/v2\/types\/page"}],"author":[{"embeddable":true,"href":"https:\/\/rotary.fi\/vanajavesi\/wp-json\/wp\/v2\/users\/61"}],"replies":[{"embeddable":true,"href":"https:\/\/rotary.fi\/vanajavesi\/wp-json\/wp\/v2\/comments?post=1448"}],"version-history":[{"count":7,"href":"https:\/\/rotary.fi\/vanajavesi\/wp-json\/wp\/v2\/pages\/1448\/revisions"}],"predecessor-version":[{"id":1461,"href":"https:\/\/rotary.fi\/vanajavesi\/wp-json\/wp\/v2\/pages\/1448\/revisions\/1461"}],"wp:attachment":[{"href":"https:\/\/rotary.fi\/vanajavesi\/wp-json\/wp\/v2\/media?parent=1448"}],"curies":[{"name":"wp","href":"https:\/\/api.w.org\/{rel}","templated":true}]}}