{"id":138,"date":"2018-08-10T14:01:44","date_gmt":"2018-08-10T11:01:44","guid":{"rendered":"https:\/\/rotary.fi\/klubi2\/?page_id=138"},"modified":"2025-10-07T12:42:04","modified_gmt":"2025-10-07T09:42:04","slug":"vuositeema","status":"publish","type":"page","link":"https:\/\/rotary.fi\/vanajavesi\/keita-olemme\/vuositeema\/","title":{"rendered":"Vuositeema"},"content":{"rendered":"<p>[et_pb_section fb_built=&#8221;1&#8243; module_class=&#8221;jumbotron-page&#8221; _builder_version=&#8221;4.16&#8243; background_image=&#8221;https:\/\/rotary.fi\/vanajavesi\/wp-content\/uploads\/sites\/63\/2018\/08\/rotary_klubit_alasivu_paakuva_7.jpg&#8221; global_colors_info=&#8221;{}&#8221;][et_pb_row _builder_version=&#8221;4.16&#8243; background_size=&#8221;initial&#8221; background_position=&#8221;top_left&#8221; background_repeat=&#8221;repeat&#8221; global_colors_info=&#8221;{}&#8221;][et_pb_column type=&#8221;4_4&#8243; _builder_version=&#8221;4.16&#8243; custom_padding=&#8221;|||&#8221; global_colors_info=&#8221;{}&#8221; custom_padding__hover=&#8221;|||&#8221;][et_pb_text admin_label=&#8221;P\u00e4\u00e4otsikko&#8221; _builder_version=&#8221;4.16&#8243; text_orientation=&#8221;center&#8221; background_layout=&#8221;dark&#8221; global_colors_info=&#8221;{}&#8221;]<\/p>\n<h1>Vuositeema<\/h1>\n<p>&nbsp;<\/p>\n<p>[\/et_pb_text][\/et_pb_column][\/et_pb_row][\/et_pb_section][et_pb_section fb_built=&#8221;1&#8243; specialty=&#8221;on&#8221; module_class_2=&#8221;sivupalkki&#8221; _builder_version=&#8221;4.16&#8243; global_colors_info=&#8221;{}&#8221;][et_pb_column type=&#8221;2_3&#8243; specialty_columns=&#8221;2&#8243; _builder_version=&#8221;4.16&#8243; custom_padding=&#8221;|||&#8221; global_colors_info=&#8221;{}&#8221; custom_padding__hover=&#8221;|||&#8221;][et_pb_row_inner column_structure=&#8221;1_4,1_4,1_4,1_4&#8243; admin_label=&#8221;Rivi&#8221; _builder_version=&#8221;4.16&#8243; global_colors_info=&#8221;{}&#8221;][et_pb_column_inner type=&#8221;1_4&#8243; saved_specialty_column_type=&#8221;2_3&#8243; _builder_version=&#8221;4.16&#8243; custom_padding=&#8221;|||&#8221; custom_css_main_element=&#8221;width:24%!important;&#8221; global_colors_info=&#8221;{}&#8221; custom_padding__hover=&#8221;|||&#8221;][\/et_pb_column_inner][et_pb_column_inner type=&#8221;1_4&#8243; saved_specialty_column_type=&#8221;2_3&#8243; _builder_version=&#8221;4.16&#8243; custom_padding=&#8221;|||&#8221; custom_css_main_element=&#8221;width:24%!important;&#8221; global_colors_info=&#8221;{}&#8221; custom_padding__hover=&#8221;|||&#8221;][et_pb_image src=&#8221;https:\/\/rotary.fi\/vanajavesi\/wp-content\/uploads\/sites\/63\/2025\/10\/unite-for-good-pm2526-bc-social-rotary-azure-1080&#215;1080-en-us-1024&#215;1024.png&#8221; title_text=&#8221;Unite For good_PM2526-BC-SOCIAL-ROTARY-AZURE-1080&#215;1080-EN-US&#8221; force_fullwidth=&#8221;on&#8221; _builder_version=&#8221;4.27.4&#8243; transform_scale=&#8221;174%|174%&#8221; global_colors_info=&#8221;{}&#8221;][\/et_pb_image][\/et_pb_column_inner][et_pb_column_inner type=&#8221;1_4&#8243; saved_specialty_column_type=&#8221;2_3&#8243; _builder_version=&#8221;4.16&#8243; custom_padding=&#8221;|||&#8221; custom_css_main_element=&#8221;width:24%!important;&#8221; global_colors_info=&#8221;{}&#8221; custom_padding__hover=&#8221;|||&#8221;][\/et_pb_column_inner][et_pb_column_inner type=&#8221;1_4&#8243; saved_specialty_column_type=&#8221;2_3&#8243; _builder_version=&#8221;4.16&#8243; custom_padding=&#8221;|||&#8221; custom_css_main_element=&#8221;width:24%!important;&#8221; global_colors_info=&#8221;{}&#8221; custom_padding__hover=&#8221;|||&#8221;][\/et_pb_column_inner][\/et_pb_row_inner][et_pb_row_inner _builder_version=&#8221;4.27.0&#8243; _module_preset=&#8221;default&#8221; global_colors_info=&#8221;{}&#8221;][et_pb_column_inner saved_specialty_column_type=&#8221;2_3&#8243; _builder_version=&#8221;4.27.0&#8243; _module_preset=&#8221;default&#8221; global_colors_info=&#8221;{}&#8221;][\/et_pb_column_inner][\/et_pb_row_inner][et_pb_row_inner admin_label=&#8221;Rivi&#8221; _builder_version=&#8221;4.16&#8243; collapsed=&#8221;off&#8221; global_colors_info=&#8221;{}&#8221;][et_pb_column_inner saved_specialty_column_type=&#8221;2_3&#8243; _builder_version=&#8221;4.16&#8243; custom_padding=&#8221;|||&#8221; global_colors_info=&#8221;{}&#8221; custom_padding__hover=&#8221;|||&#8221;][et_pb_text admin_label=&#8221;Rotary Internationalin vuositeema &#8211; Otsikko&#8221; _builder_version=&#8221;4.27.4&#8243; text_orientation=&#8221;center&#8221; global_colors_info=&#8221;{}&#8221;]<\/p>\n<h1>\u00a0<\/h1>\n<h1>Rotary Internationalin vuositeema<\/h1>\n<p>[\/et_pb_text][et_pb_text admin_label=&#8221;Teksti&#8221; _builder_version=&#8221;4.27.4&#8243; global_colors_info=&#8221;{}&#8221;]<\/p>\n<p>Liittyk\u00e4\u00e4 yhteen hyv\u00e4n puolesta, inspiroikaa j\u00e4seni\u00e4, osallistujia ja yleis\u00f6\u00e4 idealla, joka on linjassa toimintasuunnitelman kanssa, ja joka kehottaa j\u00e4seni\u00e4 ty\u00f6skentelem\u00e4\u00e4n yhdess\u00e4.<\/p>\n<p>Presidentin viestin k\u00e4ytt\u00e4minen klubin ja piirin viestinn\u00e4ss\u00e4 auttaa v\u00e4litt\u00e4m\u00e4\u00e4n Rotaryn globaalia vaikutusta ja luomaan vahvempaa tunnettavuutta Rotary-nimelle yhteis\u00f6iss\u00e4mme ja potentiaalisten palvelukumppaneiden keskuudessa. Se auttaa ihmisi\u00e4 ymm\u00e4rt\u00e4m\u00e4\u00e4n, keit\u00e4 me olemme ja mit\u00e4 teemme, ja se voi jopa inspiroida heit\u00e4 liittym\u00e4\u00e4n joukkoomme.<\/p>\n<p>&nbsp;<\/p>\n<p>[\/et_pb_text][\/et_pb_column_inner][\/et_pb_row_inner][et_pb_row_inner admin_label=&#8221;Rivi&#8221; _builder_version=&#8221;4.16&#8243; global_colors_info=&#8221;{}&#8221;][et_pb_column_inner saved_specialty_column_type=&#8221;2_3&#8243; _builder_version=&#8221;4.16&#8243; custom_padding=&#8221;|||&#8221; global_colors_info=&#8221;{}&#8221; custom_padding__hover=&#8221;|||&#8221;][et_pb_text admin_label=&#8221;Klubin vuositeema &#8211; Otsikko&#8221; _builder_version=&#8221;4.16&#8243; text_orientation=&#8221;center&#8221; global_colors_info=&#8221;{}&#8221;]<\/p>\n<h4>Vanajaveden Rotaryklubin vuositeema\u00a0<\/h4>\n<p>[\/et_pb_text][et_pb_text admin_label=&#8221;Teksti&#8221; _builder_version=&#8221;4.27.0&#8243; global_colors_info=&#8221;{}&#8221;]<\/p>\n<p>RI presidentin vuositeemaan on helppo yhty\u00e4. Oman klubimme vuositeemana on hyv\u00e4n klubikokemuksen vaaliminen ja\u00a0 kokousaktiivisuuden s\u00e4ilytt\u00e4minen. Haluamme kirkastaa julkisuuskuvaamme avoimemmaksi ja houkuttelevaksi monipuolisten\u00a0 esitelmien ja vierailujen avulla.<\/p>\n<p>Nuorisovaihto on toimintamme syd\u00e4n ja t\u00e4rkein hyv\u00e4ntekev\u00e4isyyskohteemme. Vuosia jatkunut vuosi-ja kes\u00e4vaihtotoiminta on ohjelmassamme ja toteutamme n\u00e4in\u00a0 rauhanty\u00f6t\u00e4. Olemme mukana\u00a0 my\u00f6s klubien yhteisess\u00e4 RYLA-projektissa, jossa annetaan lukiolaisille k\u00e4yt\u00e4nn\u00f6n n\u00e4k\u00f6kulmia jatko-opintoja varten.<\/p>\n<p>[\/et_pb_text][et_pb_image src=&#8221;https:\/\/rotary.fi\/vanajavesi\/wp-content\/uploads\/sites\/63\/2025\/10\/unite-for-good-pm2526-bc-webbanner-azure-1600&#215;400-en-us.png&#8221; title_text=&#8221;Unite for good_PM2526-BC-WEBBANNER-AZURE-1600&#215;400-EN-US&#8221; _builder_version=&#8221;4.27.4&#8243; _module_preset=&#8221;default&#8221; transform_scale=&#8221;98%|98%&#8221; max_width=&#8221;80%&#8221; hover_enabled=&#8221;0&#8243; locked=&#8221;off&#8221; global_colors_info=&#8221;{}&#8221; sticky_enabled=&#8221;0&#8243;][\/et_pb_image][\/et_pb_column_inner][\/et_pb_row_inner][\/et_pb_column][et_pb_column type=&#8221;1_3&#8243; _builder_version=&#8221;4.16&#8243; custom_padding=&#8221;|||&#8221; global_colors_info=&#8221;{}&#8221; custom_padding__hover=&#8221;|||&#8221;][et_pb_sidebar area=&#8221;sidebar-1&#8243; module_class=&#8221;sivupalkki_sisalto&#8221; _builder_version=&#8221;4.16&#8243; locked=&#8221;on&#8221; global_colors_info=&#8221;{}&#8221;][\/et_pb_sidebar][\/et_pb_column][\/et_pb_section][et_pb_section fb_built=&#8221;1&#8243; _builder_version=&#8221;4.27.0&#8243; _module_preset=&#8221;default&#8221; global_colors_info=&#8221;{}&#8221;][et_pb_row _builder_version=&#8221;4.27.0&#8243; _module_preset=&#8221;default&#8221; global_colors_info=&#8221;{}&#8221;][et_pb_column type=&#8221;4_4&#8243; _builder_version=&#8221;4.27.0&#8243; _module_preset=&#8221;default&#8221; global_colors_info=&#8221;{}&#8221;][et_pb_image src=&#8221;https:\/\/rotary.fi\/vanajavesi\/wp-content\/uploads\/sites\/63\/2024\/09\/the-magic-of-rotary-1-1024&#215;588-1-1.jpg&#8221; _builder_version=&#8221;4.27.0&#8243; _module_preset=&#8221;default&#8221; transform_scale=&#8221;98%|98%&#8221; max_width=&#8221;80%&#8221; global_colors_info=&#8221;{}&#8221;][\/et_pb_image][\/et_pb_column][\/et_pb_row][\/et_pb_section]<\/p>\n","protected":false},"excerpt":{"rendered":"<p>Vuositeema &nbsp; \u00a0 Rotary Internationalin vuositeemaLiittyk\u00e4\u00e4 yhteen hyv\u00e4n puolesta, inspiroikaa j\u00e4seni\u00e4, osallistujia ja yleis\u00f6\u00e4 idealla, joka on linjassa toimintasuunnitelman kanssa, ja joka kehottaa j\u00e4seni\u00e4 ty\u00f6skentelem\u00e4\u00e4n yhdess\u00e4. Presidentin viestin k\u00e4ytt\u00e4minen klubin ja piirin viestinn\u00e4ss\u00e4 auttaa v\u00e4litt\u00e4m\u00e4\u00e4n Rotaryn globaalia vaikutusta ja luomaan vahvempaa tunnettavuutta Rotary-nimelle yhteis\u00f6iss\u00e4mme ja potentiaalisten palvelukumppaneiden keskuudessa. Se auttaa ihmisi\u00e4 ymm\u00e4rt\u00e4m\u00e4\u00e4n, keit\u00e4 me olemme [&hellip;]<\/p>\n","protected":false},"author":1,"featured_media":0,"parent":129,"menu_order":0,"comment_status":"closed","ping_status":"closed","template":"","meta":{"_acf_changed":false,"_et_pb_use_builder":"on","_et_pb_old_content":"","_et_gb_content_width":"","footnotes":""},"class_list":["post-138","page","type-page","status-publish","hentry"],"acf":[],"yoast_head":"<!-- This site is optimized with the Yoast SEO plugin v27.4 - https:\/\/yoast.com\/product\/yoast-seo-wordpress\/ -->\n<title>Vuositeema - Vanajaveden Rotaryklubi<\/title>\n<meta name=\"robots\" content=\"index, follow, max-snippet:-1, max-image-preview:large, max-video-preview:-1\" \/>\n<link rel=\"canonical\" href=\"https:\/\/rotary.fi\/vanajavesi\/keita-olemme\/vuositeema\/\" \/>\n<meta property=\"og:locale\" content=\"fi_FI\" \/>\n<meta property=\"og:type\" content=\"article\" \/>\n<meta property=\"og:title\" content=\"Vuositeema - Vanajaveden Rotaryklubi\" \/>\n<meta property=\"og:description\" content=\"Vuositeema &nbsp; \u00a0 Rotary Internationalin vuositeemaLiittyk\u00e4\u00e4 yhteen hyv\u00e4n puolesta, inspiroikaa j\u00e4seni\u00e4, osallistujia ja yleis\u00f6\u00e4 idealla, joka on linjassa toimintasuunnitelman kanssa, ja joka kehottaa j\u00e4seni\u00e4 ty\u00f6skentelem\u00e4\u00e4n yhdess\u00e4. Presidentin viestin k\u00e4ytt\u00e4minen klubin ja piirin viestinn\u00e4ss\u00e4 auttaa v\u00e4litt\u00e4m\u00e4\u00e4n Rotaryn globaalia vaikutusta ja luomaan vahvempaa tunnettavuutta Rotary-nimelle yhteis\u00f6iss\u00e4mme ja potentiaalisten palvelukumppaneiden keskuudessa. Se auttaa ihmisi\u00e4 ymm\u00e4rt\u00e4m\u00e4\u00e4n, keit\u00e4 me olemme [&hellip;]\" \/>\n<meta property=\"og:url\" content=\"https:\/\/rotary.fi\/vanajavesi\/keita-olemme\/vuositeema\/\" \/>\n<meta property=\"og:site_name\" content=\"Vanajaveden Rotaryklubi\" \/>\n<meta property=\"article:modified_time\" content=\"2025-10-07T09:42:04+00:00\" \/>\n<meta name=\"twitter:card\" content=\"summary_large_image\" \/>\n<meta name=\"twitter:label1\" content=\"Arvioitu lukuaika\" \/>\n\t<meta name=\"twitter:data1\" content=\"2 minuuttia\" \/>\n<script type=\"application\/ld+json\" class=\"yoast-schema-graph\">{\"@context\":\"https:\\\/\\\/schema.org\",\"@graph\":[{\"@type\":\"WebPage\",\"@id\":\"https:\\\/\\\/rotary.fi\\\/vanajavesi\\\/keita-olemme\\\/vuositeema\\\/\",\"url\":\"https:\\\/\\\/rotary.fi\\\/vanajavesi\\\/keita-olemme\\\/vuositeema\\\/\",\"name\":\"Vuositeema - Vanajaveden Rotaryklubi\",\"isPartOf\":{\"@id\":\"https:\\\/\\\/rotary.fi\\\/vanajavesi\\\/#website\"},\"datePublished\":\"2018-08-10T11:01:44+00:00\",\"dateModified\":\"2025-10-07T09:42:04+00:00\",\"breadcrumb\":{\"@id\":\"https:\\\/\\\/rotary.fi\\\/vanajavesi\\\/keita-olemme\\\/vuositeema\\\/#breadcrumb\"},\"inLanguage\":\"fi\",\"potentialAction\":[{\"@type\":\"ReadAction\",\"target\":[\"https:\\\/\\\/rotary.fi\\\/vanajavesi\\\/keita-olemme\\\/vuositeema\\\/\"]}]},{\"@type\":\"BreadcrumbList\",\"@id\":\"https:\\\/\\\/rotary.fi\\\/vanajavesi\\\/keita-olemme\\\/vuositeema\\\/#breadcrumb\",\"itemListElement\":[{\"@type\":\"ListItem\",\"position\":1,\"name\":\"Home\",\"item\":\"https:\\\/\\\/rotary.fi\\\/vanajavesi\\\/\"},{\"@type\":\"ListItem\",\"position\":2,\"name\":\"Keit\u00e4 olemme\",\"item\":\"https:\\\/\\\/rotary.fi\\\/vanajavesi\\\/keita-olemme\\\/\"},{\"@type\":\"ListItem\",\"position\":3,\"name\":\"Vuositeema\"}]},{\"@type\":\"WebSite\",\"@id\":\"https:\\\/\\\/rotary.fi\\\/vanajavesi\\\/#website\",\"url\":\"https:\\\/\\\/rotary.fi\\\/vanajavesi\\\/\",\"name\":\"Vanajaveden Rotaryklubi\",\"description\":\"Uusi Rotary klubisivusto\",\"potentialAction\":[{\"@type\":\"SearchAction\",\"target\":{\"@type\":\"EntryPoint\",\"urlTemplate\":\"https:\\\/\\\/rotary.fi\\\/vanajavesi\\\/?s={search_term_string}\"},\"query-input\":{\"@type\":\"PropertyValueSpecification\",\"valueRequired\":true,\"valueName\":\"search_term_string\"}}],\"inLanguage\":\"fi\"}]}<\/script>\n<!-- \/ Yoast SEO plugin. -->","yoast_head_json":{"title":"Vuositeema - Vanajaveden Rotaryklubi","robots":{"index":"index","follow":"follow","max-snippet":"max-snippet:-1","max-image-preview":"max-image-preview:large","max-video-preview":"max-video-preview:-1"},"canonical":"https:\/\/rotary.fi\/vanajavesi\/keita-olemme\/vuositeema\/","og_locale":"fi_FI","og_type":"article","og_title":"Vuositeema - Vanajaveden Rotaryklubi","og_description":"Vuositeema &nbsp; \u00a0 Rotary Internationalin vuositeemaLiittyk\u00e4\u00e4 yhteen hyv\u00e4n puolesta, inspiroikaa j\u00e4seni\u00e4, osallistujia ja yleis\u00f6\u00e4 idealla, joka on linjassa toimintasuunnitelman kanssa, ja joka kehottaa j\u00e4seni\u00e4 ty\u00f6skentelem\u00e4\u00e4n yhdess\u00e4. Presidentin viestin k\u00e4ytt\u00e4minen klubin ja piirin viestinn\u00e4ss\u00e4 auttaa v\u00e4litt\u00e4m\u00e4\u00e4n Rotaryn globaalia vaikutusta ja luomaan vahvempaa tunnettavuutta Rotary-nimelle yhteis\u00f6iss\u00e4mme ja potentiaalisten palvelukumppaneiden keskuudessa. Se auttaa ihmisi\u00e4 ymm\u00e4rt\u00e4m\u00e4\u00e4n, keit\u00e4 me olemme [&hellip;]","og_url":"https:\/\/rotary.fi\/vanajavesi\/keita-olemme\/vuositeema\/","og_site_name":"Vanajaveden Rotaryklubi","article_modified_time":"2025-10-07T09:42:04+00:00","twitter_card":"summary_large_image","twitter_misc":{"Arvioitu lukuaika":"2 minuuttia"},"schema":{"@context":"https:\/\/schema.org","@graph":[{"@type":"WebPage","@id":"https:\/\/rotary.fi\/vanajavesi\/keita-olemme\/vuositeema\/","url":"https:\/\/rotary.fi\/vanajavesi\/keita-olemme\/vuositeema\/","name":"Vuositeema - Vanajaveden Rotaryklubi","isPartOf":{"@id":"https:\/\/rotary.fi\/vanajavesi\/#website"},"datePublished":"2018-08-10T11:01:44+00:00","dateModified":"2025-10-07T09:42:04+00:00","breadcrumb":{"@id":"https:\/\/rotary.fi\/vanajavesi\/keita-olemme\/vuositeema\/#breadcrumb"},"inLanguage":"fi","potentialAction":[{"@type":"ReadAction","target":["https:\/\/rotary.fi\/vanajavesi\/keita-olemme\/vuositeema\/"]}]},{"@type":"BreadcrumbList","@id":"https:\/\/rotary.fi\/vanajavesi\/keita-olemme\/vuositeema\/#breadcrumb","itemListElement":[{"@type":"ListItem","position":1,"name":"Home","item":"https:\/\/rotary.fi\/vanajavesi\/"},{"@type":"ListItem","position":2,"name":"Keit\u00e4 olemme","item":"https:\/\/rotary.fi\/vanajavesi\/keita-olemme\/"},{"@type":"ListItem","position":3,"name":"Vuositeema"}]},{"@type":"WebSite","@id":"https:\/\/rotary.fi\/vanajavesi\/#website","url":"https:\/\/rotary.fi\/vanajavesi\/","name":"Vanajaveden Rotaryklubi","description":"Uusi Rotary klubisivusto","potentialAction":[{"@type":"SearchAction","target":{"@type":"EntryPoint","urlTemplate":"https:\/\/rotary.fi\/vanajavesi\/?s={search_term_string}"},"query-input":{"@type":"PropertyValueSpecification","valueRequired":true,"valueName":"search_term_string"}}],"inLanguage":"fi"}]}},"lang":"fi","translations":{"fi":138},"pll_sync_post":[],"_links":{"self":[{"href":"https:\/\/rotary.fi\/vanajavesi\/wp-json\/wp\/v2\/pages\/138","targetHints":{"allow":["GET"]}}],"collection":[{"href":"https:\/\/rotary.fi\/vanajavesi\/wp-json\/wp\/v2\/pages"}],"about":[{"href":"https:\/\/rotary.fi\/vanajavesi\/wp-json\/wp\/v2\/types\/page"}],"author":[{"embeddable":true,"href":"https:\/\/rotary.fi\/vanajavesi\/wp-json\/wp\/v2\/users\/1"}],"replies":[{"embeddable":true,"href":"https:\/\/rotary.fi\/vanajavesi\/wp-json\/wp\/v2\/comments?post=138"}],"version-history":[{"count":11,"href":"https:\/\/rotary.fi\/vanajavesi\/wp-json\/wp\/v2\/pages\/138\/revisions"}],"predecessor-version":[{"id":2424,"href":"https:\/\/rotary.fi\/vanajavesi\/wp-json\/wp\/v2\/pages\/138\/revisions\/2424"}],"up":[{"embeddable":true,"href":"https:\/\/rotary.fi\/vanajavesi\/wp-json\/wp\/v2\/pages\/129"}],"wp:attachment":[{"href":"https:\/\/rotary.fi\/vanajavesi\/wp-json\/wp\/v2\/media?parent=138"}],"curies":[{"name":"wp","href":"https:\/\/api.w.org\/{rel}","templated":true}]}}