{"id":132,"date":"2018-08-10T13:59:56","date_gmt":"2018-08-10T10:59:56","guid":{"rendered":"https:\/\/rotary.fi\/klubi2\/?page_id=132"},"modified":"2025-07-29T15:20:15","modified_gmt":"2025-07-29T12:20:15","slug":"hallitus-ja-toimihenkilot","status":"publish","type":"page","link":"https:\/\/rotary.fi\/vanajavesi\/keita-olemme\/hallitus-ja-toimihenkilot\/","title":{"rendered":"Hallitus ja toimihenkil\u00f6t"},"content":{"rendered":"<p>[et_pb_section fb_built=&#8221;1&#8243; admin_label=&#8221;section&#8221; _builder_version=&#8221;4.16&#8243; global_colors_info=&#8221;{}&#8221;][et_pb_row column_structure=&#8221;2_5,3_5&#8243; _builder_version=&#8221;4.21.0&#8243; _module_preset=&#8221;default&#8221; global_colors_info=&#8221;{}&#8221;][et_pb_column type=&#8221;2_5&#8243; _builder_version=&#8221;4.21.0&#8243; _module_preset=&#8221;default&#8221; global_colors_info=&#8221;{}&#8221;][et_pb_team_member name=&#8221;Eija Hatakka-Peltonen&#8221; position=&#8221;Presidentti 2025-2026&#8243; image_url=&#8221;https:\/\/rotary.fi\/vanajavesi\/wp-content\/uploads\/sites\/63\/2025\/07\/eija-presidentti.jpg&#8221; admin_label=&#8221;Henkil\u00f6&#8221; _builder_version=&#8221;4.27.4&#8243; _module_preset=&#8221;default&#8221; global_colors_info=&#8221;{}&#8221;]<\/p>\n<p>s\u00e4hk\u00f6posti: eija.hatakka.p(at)gmail.com<\/p>\n<p>p. 050-5125557<\/p>\n<p>[\/et_pb_team_member][\/et_pb_column][et_pb_column type=&#8221;3_5&#8243; _builder_version=&#8221;4.21.0&#8243; _module_preset=&#8221;default&#8221; global_colors_info=&#8221;{}&#8221;][et_pb_team_member admin_label=&#8221;Henkil\u00f6&#8221; _builder_version=&#8221;4.27.4&#8243; _module_preset=&#8221;default&#8221; hover_enabled=&#8221;0&#8243; global_colors_info=&#8221;{}&#8221; sticky_enabled=&#8221;0&#8243;]<\/p>\n<h3>Hallitus ja toimihenkil\u00f6t 2025-2026<\/h3>\n<h4>\u00a0<\/h4>\n<h4>Hallitus<\/h4>\n<p><strong>Presidentti\u00a0<\/strong>Eija Hatakka-Peltonen<\/p>\n<p><strong>Varapresidentti\u00a0<\/strong>Past presidentit tarvittaessa<\/p>\n<p><strong>Tuleva presidentti<\/strong> 2026-2027 Avoin<\/p>\n<p><strong>Past presidentti<\/strong> Marita Lisitsin<\/p>\n<p><strong>Sihteeri 1<\/strong> Matti Ronkainen ; s\u00e4hk\u00f6posti matti.ronkainen(at)pp6.inet.fi<\/p>\n<p><strong>Sihteeri 2<\/strong> Marjut Suokanto<\/p>\n<p><strong>Klubimestari<\/strong> Raimo Aho<\/p>\n<p><strong>Rotarys\u00e4\u00e4ti\u00f6asiamies<\/strong> Jouko Pakarinen<\/p>\n<p><strong>Nuorisovaihtoasiamies<\/strong> P\u00e4ivi Lindholm 040-5224329<\/p>\n<h4>\u00a0<\/h4>\n<h4>Muut toimihenkil\u00f6t<\/h4>\n<p><strong>Viestint\u00e4 ja tiedotus<\/strong> Marjut Suokanto 045-2630555<\/p>\n<p><strong>Vuosivaihto-oppilaan kummi<\/strong> Kirsi Vesterinen<\/p>\n<p>&nbsp;<\/p>\n<p>&nbsp;<\/p>\n<p>[\/et_pb_team_member][\/et_pb_column][\/et_pb_row][\/et_pb_section]<\/p>\n","protected":false},"excerpt":{"rendered":"<p>s\u00e4hk\u00f6posti: eija.hatakka.p(at)gmail.com p. 050-5125557Hallitus ja toimihenkil\u00f6t 2025-2026 \u00a0 Hallitus Presidentti\u00a0Eija Hatakka-Peltonen Varapresidentti\u00a0Past presidentit tarvittaessa Tuleva presidentti 2026-2027 Avoin Past presidentti Marita Lisitsin Sihteeri 1 Matti Ronkainen ; s\u00e4hk\u00f6posti matti.ronkainen(at)pp6.inet.fi Sihteeri 2 Marjut Suokanto Klubimestari Raimo Aho Rotarys\u00e4\u00e4ti\u00f6asiamies Jouko Pakarinen Nuorisovaihtoasiamies P\u00e4ivi Lindholm 040-5224329 \u00a0 Muut toimihenkil\u00f6t Viestint\u00e4 ja tiedotus Marjut Suokanto 045-2630555 Vuosivaihto-oppilaan kummi Kirsi [&hellip;]<\/p>\n","protected":false},"author":1,"featured_media":0,"parent":129,"menu_order":0,"comment_status":"closed","ping_status":"closed","template":"","meta":{"_acf_changed":false,"_et_pb_use_builder":"on","_et_pb_old_content":"","_et_gb_content_width":"","footnotes":""},"class_list":["post-132","page","type-page","status-publish","hentry"],"acf":[],"yoast_head":"<!-- This site is optimized with the Yoast SEO plugin v27.0 - https:\/\/yoast.com\/product\/yoast-seo-wordpress\/ -->\n<title>Hallitus ja toimihenkil\u00f6t - Vanajaveden Rotaryklubi<\/title>\n<meta name=\"robots\" content=\"index, follow, max-snippet:-1, max-image-preview:large, max-video-preview:-1\" \/>\n<link rel=\"canonical\" href=\"https:\/\/rotary.fi\/vanajavesi\/keita-olemme\/hallitus-ja-toimihenkilot\/\" \/>\n<meta property=\"og:locale\" content=\"fi_FI\" \/>\n<meta property=\"og:type\" content=\"article\" \/>\n<meta property=\"og:title\" content=\"Hallitus ja toimihenkil\u00f6t - Vanajaveden Rotaryklubi\" \/>\n<meta property=\"og:description\" content=\"s\u00e4hk\u00f6posti: eija.hatakka.p(at)gmail.com p. 050-5125557Hallitus ja toimihenkil\u00f6t 2025-2026 \u00a0 Hallitus Presidentti\u00a0Eija Hatakka-Peltonen Varapresidentti\u00a0Past presidentit tarvittaessa Tuleva presidentti 2026-2027 Avoin Past presidentti Marita Lisitsin Sihteeri 1 Matti Ronkainen ; s\u00e4hk\u00f6posti matti.ronkainen(at)pp6.inet.fi Sihteeri 2 Marjut Suokanto Klubimestari Raimo Aho Rotarys\u00e4\u00e4ti\u00f6asiamies Jouko Pakarinen Nuorisovaihtoasiamies P\u00e4ivi Lindholm 040-5224329 \u00a0 Muut toimihenkil\u00f6t Viestint\u00e4 ja tiedotus Marjut Suokanto 045-2630555 Vuosivaihto-oppilaan kummi Kirsi [&hellip;]\" \/>\n<meta property=\"og:url\" content=\"https:\/\/rotary.fi\/vanajavesi\/keita-olemme\/hallitus-ja-toimihenkilot\/\" \/>\n<meta property=\"og:site_name\" content=\"Vanajaveden Rotaryklubi\" \/>\n<meta property=\"article:modified_time\" content=\"2025-07-29T12:20:15+00:00\" \/>\n<meta name=\"twitter:card\" content=\"summary_large_image\" \/>\n<meta name=\"twitter:label1\" content=\"Arvioitu lukuaika\" \/>\n\t<meta name=\"twitter:data1\" content=\"1 minuutti\" \/>\n<script type=\"application\/ld+json\" class=\"yoast-schema-graph\">{\"@context\":\"https:\/\/schema.org\",\"@graph\":[{\"@type\":\"WebPage\",\"@id\":\"https:\/\/rotary.fi\/vanajavesi\/keita-olemme\/hallitus-ja-toimihenkilot\/\",\"url\":\"https:\/\/rotary.fi\/vanajavesi\/keita-olemme\/hallitus-ja-toimihenkilot\/\",\"name\":\"Hallitus ja toimihenkil\u00f6t - Vanajaveden Rotaryklubi\",\"isPartOf\":{\"@id\":\"https:\/\/rotary.fi\/vanajavesi\/#website\"},\"datePublished\":\"2018-08-10T10:59:56+00:00\",\"dateModified\":\"2025-07-29T12:20:15+00:00\",\"breadcrumb\":{\"@id\":\"https:\/\/rotary.fi\/vanajavesi\/keita-olemme\/hallitus-ja-toimihenkilot\/#breadcrumb\"},\"inLanguage\":\"fi\",\"potentialAction\":[{\"@type\":\"ReadAction\",\"target\":[\"https:\/\/rotary.fi\/vanajavesi\/keita-olemme\/hallitus-ja-toimihenkilot\/\"]}]},{\"@type\":\"BreadcrumbList\",\"@id\":\"https:\/\/rotary.fi\/vanajavesi\/keita-olemme\/hallitus-ja-toimihenkilot\/#breadcrumb\",\"itemListElement\":[{\"@type\":\"ListItem\",\"position\":1,\"name\":\"Home\",\"item\":\"https:\/\/rotary.fi\/vanajavesi\/\"},{\"@type\":\"ListItem\",\"position\":2,\"name\":\"Keit\u00e4 olemme\",\"item\":\"https:\/\/rotary.fi\/vanajavesi\/keita-olemme\/\"},{\"@type\":\"ListItem\",\"position\":3,\"name\":\"Hallitus ja toimihenkil\u00f6t\"}]},{\"@type\":\"WebSite\",\"@id\":\"https:\/\/rotary.fi\/vanajavesi\/#website\",\"url\":\"https:\/\/rotary.fi\/vanajavesi\/\",\"name\":\"Vanajaveden Rotaryklubi\",\"description\":\"Uusi Rotary klubisivusto\",\"potentialAction\":[{\"@type\":\"SearchAction\",\"target\":{\"@type\":\"EntryPoint\",\"urlTemplate\":\"https:\/\/rotary.fi\/vanajavesi\/?s={search_term_string}\"},\"query-input\":{\"@type\":\"PropertyValueSpecification\",\"valueRequired\":true,\"valueName\":\"search_term_string\"}}],\"inLanguage\":\"fi\"}]}<\/script>\n<!-- \/ Yoast SEO plugin. -->","yoast_head_json":{"title":"Hallitus ja toimihenkil\u00f6t - Vanajaveden Rotaryklubi","robots":{"index":"index","follow":"follow","max-snippet":"max-snippet:-1","max-image-preview":"max-image-preview:large","max-video-preview":"max-video-preview:-1"},"canonical":"https:\/\/rotary.fi\/vanajavesi\/keita-olemme\/hallitus-ja-toimihenkilot\/","og_locale":"fi_FI","og_type":"article","og_title":"Hallitus ja toimihenkil\u00f6t - Vanajaveden Rotaryklubi","og_description":"s\u00e4hk\u00f6posti: eija.hatakka.p(at)gmail.com p. 050-5125557Hallitus ja toimihenkil\u00f6t 2025-2026 \u00a0 Hallitus Presidentti\u00a0Eija Hatakka-Peltonen Varapresidentti\u00a0Past presidentit tarvittaessa Tuleva presidentti 2026-2027 Avoin Past presidentti Marita Lisitsin Sihteeri 1 Matti Ronkainen ; s\u00e4hk\u00f6posti matti.ronkainen(at)pp6.inet.fi Sihteeri 2 Marjut Suokanto Klubimestari Raimo Aho Rotarys\u00e4\u00e4ti\u00f6asiamies Jouko Pakarinen Nuorisovaihtoasiamies P\u00e4ivi Lindholm 040-5224329 \u00a0 Muut toimihenkil\u00f6t Viestint\u00e4 ja tiedotus Marjut Suokanto 045-2630555 Vuosivaihto-oppilaan kummi Kirsi [&hellip;]","og_url":"https:\/\/rotary.fi\/vanajavesi\/keita-olemme\/hallitus-ja-toimihenkilot\/","og_site_name":"Vanajaveden Rotaryklubi","article_modified_time":"2025-07-29T12:20:15+00:00","twitter_card":"summary_large_image","twitter_misc":{"Arvioitu lukuaika":"1 minuutti"},"schema":{"@context":"https:\/\/schema.org","@graph":[{"@type":"WebPage","@id":"https:\/\/rotary.fi\/vanajavesi\/keita-olemme\/hallitus-ja-toimihenkilot\/","url":"https:\/\/rotary.fi\/vanajavesi\/keita-olemme\/hallitus-ja-toimihenkilot\/","name":"Hallitus ja toimihenkil\u00f6t - Vanajaveden Rotaryklubi","isPartOf":{"@id":"https:\/\/rotary.fi\/vanajavesi\/#website"},"datePublished":"2018-08-10T10:59:56+00:00","dateModified":"2025-07-29T12:20:15+00:00","breadcrumb":{"@id":"https:\/\/rotary.fi\/vanajavesi\/keita-olemme\/hallitus-ja-toimihenkilot\/#breadcrumb"},"inLanguage":"fi","potentialAction":[{"@type":"ReadAction","target":["https:\/\/rotary.fi\/vanajavesi\/keita-olemme\/hallitus-ja-toimihenkilot\/"]}]},{"@type":"BreadcrumbList","@id":"https:\/\/rotary.fi\/vanajavesi\/keita-olemme\/hallitus-ja-toimihenkilot\/#breadcrumb","itemListElement":[{"@type":"ListItem","position":1,"name":"Home","item":"https:\/\/rotary.fi\/vanajavesi\/"},{"@type":"ListItem","position":2,"name":"Keit\u00e4 olemme","item":"https:\/\/rotary.fi\/vanajavesi\/keita-olemme\/"},{"@type":"ListItem","position":3,"name":"Hallitus ja toimihenkil\u00f6t"}]},{"@type":"WebSite","@id":"https:\/\/rotary.fi\/vanajavesi\/#website","url":"https:\/\/rotary.fi\/vanajavesi\/","name":"Vanajaveden Rotaryklubi","description":"Uusi Rotary klubisivusto","potentialAction":[{"@type":"SearchAction","target":{"@type":"EntryPoint","urlTemplate":"https:\/\/rotary.fi\/vanajavesi\/?s={search_term_string}"},"query-input":{"@type":"PropertyValueSpecification","valueRequired":true,"valueName":"search_term_string"}}],"inLanguage":"fi"}]}},"lang":"fi","translations":{"fi":132},"pll_sync_post":[],"_links":{"self":[{"href":"https:\/\/rotary.fi\/vanajavesi\/wp-json\/wp\/v2\/pages\/132","targetHints":{"allow":["GET"]}}],"collection":[{"href":"https:\/\/rotary.fi\/vanajavesi\/wp-json\/wp\/v2\/pages"}],"about":[{"href":"https:\/\/rotary.fi\/vanajavesi\/wp-json\/wp\/v2\/types\/page"}],"author":[{"embeddable":true,"href":"https:\/\/rotary.fi\/vanajavesi\/wp-json\/wp\/v2\/users\/1"}],"replies":[{"embeddable":true,"href":"https:\/\/rotary.fi\/vanajavesi\/wp-json\/wp\/v2\/comments?post=132"}],"version-history":[{"count":9,"href":"https:\/\/rotary.fi\/vanajavesi\/wp-json\/wp\/v2\/pages\/132\/revisions"}],"predecessor-version":[{"id":2379,"href":"https:\/\/rotary.fi\/vanajavesi\/wp-json\/wp\/v2\/pages\/132\/revisions\/2379"}],"up":[{"embeddable":true,"href":"https:\/\/rotary.fi\/vanajavesi\/wp-json\/wp\/v2\/pages\/129"}],"wp:attachment":[{"href":"https:\/\/rotary.fi\/vanajavesi\/wp-json\/wp\/v2\/media?parent=132"}],"curies":[{"name":"wp","href":"https:\/\/api.w.org\/{rel}","templated":true}]}}